{"id":12887,"date":"2024-07-13T19:17:15","date_gmt":"2024-07-13T16:17:15","guid":{"rendered":"https:\/\/skaitytaknyga.lt\/?post_type=product&#038;p=12887"},"modified":"2024-08-28T19:11:31","modified_gmt":"2024-08-28T16:11:31","slug":"georges-simenon-geltonas-suo-kopija","status":"publish","type":"product","link":"https:\/\/skaitytaknyga.lt\/en\/produktas\/georges-simenon-geltonas-suo-kopija\/","title":{"rendered":"Georges Simenon \u201eGeltonas \u0161uo\u201c"},"content":{"rendered":"<p><em>Penktadienis, lapkri\u010dio septintoji. Konkarno gatv\u0117s tu\u0161\u010dios, kaip i\u0161\u0161luotos. U\u017e pylim\u0173 dunkso senamiestis: \u0161vie\u010diantis jo bok\u0161to laikrodis rodo be penki\u0173 vienuolika. Potvynio pats smarkumas; pietvakari\u0173 viesulo purtomi, uoste vienas \u012f kit\u0105 dau\u017eosi barkai. V\u0117jas, \u012fsisuk\u0119s \u012f gatves, gena pa\u017eeme popiergalius. Egijono krantin\u0117je \u2013 jokio \u017eibur\u0117lio. Langin\u0117s u\u017edarytos. Visi miega. Tiktai \u201eAdmirolo\u201c vie\u0161butyje \u2013 jis stovi aik\u0161t\u0117s ir krantin\u0117s kampe \u2013 \u0161vie\u010dia trys langai.<\/em><\/p>\n<p>Pasaulin\u0119 \u0161lov\u0119 peln\u0119s komisaras Megr\u0117 tiria paini\u0105 byl\u0105 Konkarno mieste, Bretan\u0117je. Jo d\u0117mes\u012f atkreipia \u201eAdmirolo\u201c vie\u0161bu\u010dio kavin\u0117je dirbanti jauna padav\u0117ja ir geltonas \u0161uo, paprastai pasirod\u0105s ten, kur padaromas nusikaltimas.<\/p>\n","protected":false},"excerpt":{"rendered":"<p>Penktadienis, lapkri\u010dio septintoji. Konkarno gatv\u0117s tu\u0161\u010dios, kaip i\u0161\u0161luotos. U\u017e pylim\u0173 dunkso senamiestis: \u0161vie\u010diantis jo bok\u0161to laikrodis rodo be penki\u0173 vienuolika. Potvynio pats smarkumas; pietvakari\u0173 viesulo purtomi, uoste vienas \u012f kit\u0105 dau\u017eosi barkai. V\u0117jas, \u012fsisuk\u0119s \u012f gatves, gena pa\u017eeme popiergalius. Egijono krantin\u0117je \u2013 jokio \u017eibur\u0117lio. Langin\u0117s u\u017edarytos. Visi miega. Tiktai \u201eAdmirolo\u201c vie\u0161butyje \u2013 jis stovi aik\u0161t\u0117s ir krantin\u0117s kampe \u2013 \u0161vie\u010dia trys langai. Pasaulin\u0119 \u0161lov\u0119 peln\u0119s komisaras Megr\u0117 tiria paini\u0105 byl\u0105 Konkarno mieste, Bretan\u0117je. Jo d\u0117mes\u012f atkreipia \u201eAdmirolo\u201c vie\u0161bu\u010dio kavin\u0117je dirbanti jauna padav\u0117ja ir geltonas \u0161uo, paprastai pasirod\u0105s ten, kur padaromas nusikaltimas.<\/p>\n","protected":false},"featured_media":12888,"comment_status":"closed","ping_status":"closed","template":"","meta":{"_acf_changed":false,"site-sidebar-layout":"default","site-content-layout":"","ast-site-content-layout":"default","site-content-style":"default","site-sidebar-style":"default","ast-global-header-display":"","ast-banner-title-visibility":"","ast-main-header-display":"","ast-hfb-above-header-display":"","ast-hfb-below-header-display":"","ast-hfb-mobile-header-display":"","site-post-title":"","ast-breadcrumbs-content":"","ast-featured-img":"","footer-sml-layout":"","ast-disable-related-posts":"","theme-transparent-header-meta":"default","adv-header-id-meta":"","stick-header-meta":"","header-above-stick-meta":"","header-main-stick-meta":"","header-below-stick-meta":"","astra-migrate-meta-layouts":"set","ast-page-background-enabled":"default","ast-page-background-meta":{"desktop":{"background-color":"","background-image":"","background-repeat":"repeat","background-position":"center center","background-size":"auto","background-attachment":"scroll","background-type":"","background-media":"","overlay-type":"","overlay-color":"","overlay-opacity":"","overlay-gradient":""},"tablet":{"background-color":"","background-image":"","background-repeat":"repeat","background-position":"center center","background-size":"auto","background-attachment":"scroll","background-type":"","background-media":"","overlay-type":"","overlay-color":"","overlay-opacity":"","overlay-gradient":""},"mobile":{"background-color":"","background-image":"","background-repeat":"repeat","background-position":"center center","background-size":"auto","background-attachment":"scroll","background-type":"","background-media":"","overlay-type":"","overlay-color":"","overlay-opacity":"","overlay-gradient":""}},"ast-content-background-meta":{"desktop":{"background-color":"var(--ast-global-color-4)","background-image":"","background-repeat":"repeat","background-position":"center center","background-size":"auto","background-attachment":"scroll","background-type":"","background-media":"","overlay-type":"","overlay-color":"","overlay-opacity":"","overlay-gradient":""},"tablet":{"background-color":"var(--ast-global-color-4)","background-image":"","background-repeat":"repeat","background-position":"center center","background-size":"auto","background-attachment":"scroll","background-type":"","background-media":"","overlay-type":"","overlay-color":"","overlay-opacity":"","overlay-gradient":""},"mobile":{"background-color":"var(--ast-global-color-4)","background-image":"","background-repeat":"repeat","background-position":"center center","background-size":"auto","background-attachment":"scroll","background-type":"","background-media":"","overlay-type":"","overlay-color":"","overlay-opacity":"","overlay-gradient":""}}},"product_brand":[],"product_cat":[484],"product_tag":[],"class_list":{"0":"post-12887","1":"product","2":"type-product","3":"status-publish","4":"has-post-thumbnail","6":"product_cat-drasiuju-keliai","7":"desktop-align-left","8":"tablet-align-left","9":"mobile-align-left","11":"first","12":"outofstock","13":"shipping-taxable","14":"purchasable","15":"product-type-simple"},"acf":[],"yoast_head":"<!-- This site is optimized with the Yoast SEO plugin v27.0 - https:\/\/yoast.com\/product\/yoast-seo-wordpress\/ -->\n<title>Georges Simenon \u201eGeltonas \u0161uo\u201c<\/title>\n<meta name=\"description\" content=\"Penktadienis, lapkri\u010dio septintoji. Konkarno gatv\u0117s tu\u0161\u010dios, kaip i\u0161\u0161luotos. U\u017e pylim\u0173 dunkso senamiestis: \u0161vie\u010diantis jo bok\u0161to laikrodis rodo be penki\u0173\" \/>\n<meta name=\"robots\" content=\"index, follow, max-snippet:-1, max-image-preview:large, max-video-preview:-1\" \/>\n<link rel=\"canonical\" href=\"https:\/\/skaitytaknyga.lt\/en\/produktas\/georges-simenon-geltonas-suo-kopija\/\" \/>\n<meta property=\"og:locale\" content=\"en_GB\" \/>\n<meta property=\"og:locale:alternate\" content=\"lt_LT\" \/>\n<meta property=\"og:type\" content=\"article\" \/>\n<meta property=\"og:title\" content=\"Georges Simenon \u201eGeltonas \u0161uo\u201c\" \/>\n<meta property=\"og:description\" content=\"Penktadienis, lapkri\u010dio septintoji. Konkarno gatv\u0117s tu\u0161\u010dios, kaip i\u0161\u0161luotos. U\u017e pylim\u0173 dunkso senamiestis: \u0161vie\u010diantis jo bok\u0161to laikrodis rodo be penki\u0173\" \/>\n<meta property=\"og:url\" content=\"https:\/\/skaitytaknyga.lt\/en\/produktas\/georges-simenon-geltonas-suo-kopija\/\" \/>\n<meta property=\"og:site_name\" content=\"Skaitytaknyga\" \/>\n<meta property=\"article:publisher\" content=\"https:\/\/www.facebook.com\/skaitytaknyga\/\" \/>\n<meta property=\"article:modified_time\" content=\"2024-08-28T16:11:31+00:00\" \/>\n<meta property=\"og:image\" content=\"https:\/\/skaitytaknyga.lt\/wp-content\/uploads\/2024\/07\/1462880111_img0021.webp\" \/>\n\t<meta property=\"og:image:width\" content=\"499\" \/>\n\t<meta property=\"og:image:height\" content=\"800\" \/>\n\t<meta property=\"og:image:type\" content=\"image\/webp\" \/>\n<meta name=\"twitter:card\" content=\"summary_large_image\" \/>\n<meta name=\"twitter:label1\" content=\"Estimated reading time\" \/>\n\t<meta name=\"twitter:data1\" content=\"1 minute\" \/>\n<script type=\"application\/ld+json\" class=\"yoast-schema-graph\">{\"@context\":\"https:\/\/schema.org\",\"@graph\":[{\"@type\":\"WebPage\",\"@id\":\"https:\/\/skaitytaknyga.lt\/produktas\/georges-simenon-geltonas-suo-kopija\/\",\"url\":\"https:\/\/skaitytaknyga.lt\/produktas\/georges-simenon-geltonas-suo-kopija\/\",\"name\":\"Georges Simenon \u201eGeltonas \u0161uo\u201c\",\"isPartOf\":{\"@id\":\"https:\/\/skaitytaknyga.lt\/#website\"},\"primaryImageOfPage\":{\"@id\":\"https:\/\/skaitytaknyga.lt\/produktas\/georges-simenon-geltonas-suo-kopija\/#primaryimage\"},\"image\":{\"@id\":\"https:\/\/skaitytaknyga.lt\/produktas\/georges-simenon-geltonas-suo-kopija\/#primaryimage\"},\"thumbnailUrl\":\"https:\/\/skaitytaknyga.lt\/wp-content\/uploads\/2024\/07\/1462880111_img0021.webp\",\"datePublished\":\"2024-07-13T16:17:15+00:00\",\"dateModified\":\"2024-08-28T16:11:31+00:00\",\"description\":\"Penktadienis, lapkri\u010dio septintoji. Konkarno gatv\u0117s tu\u0161\u010dios, kaip i\u0161\u0161luotos. U\u017e pylim\u0173 dunkso senamiestis: \u0161vie\u010diantis jo bok\u0161to laikrodis rodo be penki\u0173\",\"breadcrumb\":{\"@id\":\"https:\/\/skaitytaknyga.lt\/produktas\/georges-simenon-geltonas-suo-kopija\/#breadcrumb\"},\"inLanguage\":\"en-GB\",\"potentialAction\":[{\"@type\":\"ReadAction\",\"target\":[\"https:\/\/skaitytaknyga.lt\/produktas\/georges-simenon-geltonas-suo-kopija\/\"]}]},{\"@type\":\"ImageObject\",\"inLanguage\":\"en-GB\",\"@id\":\"https:\/\/skaitytaknyga.lt\/produktas\/georges-simenon-geltonas-suo-kopija\/#primaryimage\",\"url\":\"https:\/\/skaitytaknyga.lt\/wp-content\/uploads\/2024\/07\/1462880111_img0021.webp\",\"contentUrl\":\"https:\/\/skaitytaknyga.lt\/wp-content\/uploads\/2024\/07\/1462880111_img0021.webp\",\"width\":499,\"height\":800,\"caption\":\"Geltonas \u0161uo. D\u0117l \u017emogaus Gyvyb\u0117s\"},{\"@type\":\"BreadcrumbList\",\"@id\":\"https:\/\/skaitytaknyga.lt\/produktas\/georges-simenon-geltonas-suo-kopija\/#breadcrumb\",\"itemListElement\":[{\"@type\":\"ListItem\",\"position\":1,\"name\":\"Home\",\"item\":\"https:\/\/skaitytaknyga.lt\/\"},{\"@type\":\"ListItem\",\"position\":2,\"name\":\"Parduotuv\u0117\",\"item\":\"https:\/\/skaitytaknyga.lt\/knygu-parduotuve\/\"},{\"@type\":\"ListItem\",\"position\":3,\"name\":\"Georges Simenon \u201eGeltonas \u0161uo\u201c\"}]},{\"@type\":\"WebSite\",\"@id\":\"https:\/\/skaitytaknyga.lt\/#website\",\"url\":\"https:\/\/skaitytaknyga.lt\/\",\"name\":\"skaitytaknyga.lt\",\"description\":\"Skaitytaknyga.lt \u2013 tai ma\u017eas \u0161eimos verslas, kuris prasid\u0117jo nuo meil\u0117s knygoms ir siekio i\u0161gelb\u0117ti knygas nuo likimo prie konteinerio. Kas vienam nereikalingas daiktas \u2013 kitam lobis, o mes esame tarpininkai, kurie padeda abiems tapti laimingesniems ???? \u017dinome kaip nelengva i\u0161gyventi ma\u017eiems verslams, tad nuo \u0161iol, \u010dia rasite ir kit\u0173, ma\u017e\u0173 \u0161eim\u0173 versl\u0173, rank\u0173 darbo, dovan\u0173 sau ir artimiesiems.\",\"publisher\":{\"@id\":\"https:\/\/skaitytaknyga.lt\/#organization\"},\"potentialAction\":[{\"@type\":\"SearchAction\",\"target\":{\"@type\":\"EntryPoint\",\"urlTemplate\":\"https:\/\/skaitytaknyga.lt\/?s={search_term_string}\"},\"query-input\":{\"@type\":\"PropertyValueSpecification\",\"valueRequired\":true,\"valueName\":\"search_term_string\"}}],\"inLanguage\":\"en-GB\"},{\"@type\":\"Organization\",\"@id\":\"https:\/\/skaitytaknyga.lt\/#organization\",\"name\":\"skaitytaknyga.lt\",\"url\":\"https:\/\/skaitytaknyga.lt\/\",\"logo\":{\"@type\":\"ImageObject\",\"inLanguage\":\"en-GB\",\"@id\":\"https:\/\/skaitytaknyga.lt\/#\/schema\/logo\/image\/\",\"url\":\"https:\/\/skaitytaknyga.lt\/wp-content\/uploads\/2024\/05\/cropped-cropped-cropped-02_00843_jt3bggkj1j3HLc7SyY6rEUpg.jpeg\",\"contentUrl\":\"https:\/\/skaitytaknyga.lt\/wp-content\/uploads\/2024\/05\/cropped-cropped-cropped-02_00843_jt3bggkj1j3HLc7SyY6rEUpg.jpeg\",\"width\":1600,\"height\":1600,\"caption\":\"skaitytaknyga.lt\"},\"image\":{\"@id\":\"https:\/\/skaitytaknyga.lt\/#\/schema\/logo\/image\/\"},\"sameAs\":[\"https:\/\/www.facebook.com\/skaitytaknyga\/\"]}]}<\/script>\n<!-- \/ Yoast SEO plugin. -->","yoast_head_json":{"title":"Georges Simenon \u201eGeltonas \u0161uo\u201c","description":"Penktadienis, lapkri\u010dio septintoji. Konkarno gatv\u0117s tu\u0161\u010dios, kaip i\u0161\u0161luotos. U\u017e pylim\u0173 dunkso senamiestis: \u0161vie\u010diantis jo bok\u0161to laikrodis rodo be penki\u0173","robots":{"index":"index","follow":"follow","max-snippet":"max-snippet:-1","max-image-preview":"max-image-preview:large","max-video-preview":"max-video-preview:-1"},"canonical":"https:\/\/skaitytaknyga.lt\/en\/produktas\/georges-simenon-geltonas-suo-kopija\/","og_locale":"en_GB","og_type":"article","og_title":"[:lt]Georges Simenon \u201eGeltonas \u0161uo\u201c[:] - Skaitytaknyga","og_description":"Penktadienis, lapkri\u010dio septintoji. Konkarno gatv\u0117s tu\u0161\u010dios, kaip i\u0161\u0161luotos. U\u017e pylim\u0173 dunkso senamiestis: \u0161vie\u010diantis jo bok\u0161to laikrodis rodo be penki\u0173","og_url":"https:\/\/skaitytaknyga.lt\/en\/produktas\/georges-simenon-geltonas-suo-kopija\/","og_site_name":"Skaitytaknyga","article_publisher":"https:\/\/www.facebook.com\/skaitytaknyga\/","article_modified_time":"2024-08-28T16:11:31+00:00","og_image":[{"width":499,"height":800,"url":"https:\/\/skaitytaknyga.lt\/wp-content\/uploads\/2024\/07\/1462880111_img0021.webp","type":"image\/webp"}],"twitter_card":"summary_large_image","twitter_misc":{"Estimated reading time":"1 minute"},"schema":{"@context":"https:\/\/schema.org","@graph":[{"@type":"WebPage","@id":"https:\/\/skaitytaknyga.lt\/produktas\/georges-simenon-geltonas-suo-kopija\/","url":"https:\/\/skaitytaknyga.lt\/produktas\/georges-simenon-geltonas-suo-kopija\/","name":"Georges Simenon \u201eGeltonas \u0161uo\u201c","isPartOf":{"@id":"https:\/\/skaitytaknyga.lt\/#website"},"primaryImageOfPage":{"@id":"https:\/\/skaitytaknyga.lt\/produktas\/georges-simenon-geltonas-suo-kopija\/#primaryimage"},"image":{"@id":"https:\/\/skaitytaknyga.lt\/produktas\/georges-simenon-geltonas-suo-kopija\/#primaryimage"},"thumbnailUrl":"https:\/\/skaitytaknyga.lt\/wp-content\/uploads\/2024\/07\/1462880111_img0021.webp","datePublished":"2024-07-13T16:17:15+00:00","dateModified":"2024-08-28T16:11:31+00:00","description":"Penktadienis, lapkri\u010dio septintoji. Konkarno gatv\u0117s tu\u0161\u010dios, kaip i\u0161\u0161luotos. U\u017e pylim\u0173 dunkso senamiestis: \u0161vie\u010diantis jo bok\u0161to laikrodis rodo be penki\u0173","breadcrumb":{"@id":"https:\/\/skaitytaknyga.lt\/produktas\/georges-simenon-geltonas-suo-kopija\/#breadcrumb"},"inLanguage":"en-GB","potentialAction":[{"@type":"ReadAction","target":["https:\/\/skaitytaknyga.lt\/produktas\/georges-simenon-geltonas-suo-kopija\/"]}]},{"@type":"ImageObject","inLanguage":"en-GB","@id":"https:\/\/skaitytaknyga.lt\/produktas\/georges-simenon-geltonas-suo-kopija\/#primaryimage","url":"https:\/\/skaitytaknyga.lt\/wp-content\/uploads\/2024\/07\/1462880111_img0021.webp","contentUrl":"https:\/\/skaitytaknyga.lt\/wp-content\/uploads\/2024\/07\/1462880111_img0021.webp","width":499,"height":800,"caption":"Geltonas \u0161uo. D\u0117l \u017emogaus Gyvyb\u0117s"},{"@type":"BreadcrumbList","@id":"https:\/\/skaitytaknyga.lt\/produktas\/georges-simenon-geltonas-suo-kopija\/#breadcrumb","itemListElement":[{"@type":"ListItem","position":1,"name":"Home","item":"https:\/\/skaitytaknyga.lt\/"},{"@type":"ListItem","position":2,"name":"Parduotuv\u0117","item":"https:\/\/skaitytaknyga.lt\/knygu-parduotuve\/"},{"@type":"ListItem","position":3,"name":"Georges Simenon \u201eGeltonas \u0161uo\u201c"}]},{"@type":"WebSite","@id":"https:\/\/skaitytaknyga.lt\/#website","url":"https:\/\/skaitytaknyga.lt\/","name":"skaitytaknyga.lt","description":"Skaitytaknyga.lt \u2013 tai ma\u017eas \u0161eimos verslas, kuris prasid\u0117jo nuo meil\u0117s knygoms ir siekio i\u0161gelb\u0117ti knygas nuo likimo prie konteinerio. Kas vienam nereikalingas daiktas \u2013 kitam lobis, o mes esame tarpininkai, kurie padeda abiems tapti laimingesniems ???? \u017dinome kaip nelengva i\u0161gyventi ma\u017eiems verslams, tad nuo \u0161iol, \u010dia rasite ir kit\u0173, ma\u017e\u0173 \u0161eim\u0173 versl\u0173, rank\u0173 darbo, dovan\u0173 sau ir artimiesiems.","publisher":{"@id":"https:\/\/skaitytaknyga.lt\/#organization"},"potentialAction":[{"@type":"SearchAction","target":{"@type":"EntryPoint","urlTemplate":"https:\/\/skaitytaknyga.lt\/?s={search_term_string}"},"query-input":{"@type":"PropertyValueSpecification","valueRequired":true,"valueName":"search_term_string"}}],"inLanguage":"en-GB"},{"@type":"Organization","@id":"https:\/\/skaitytaknyga.lt\/#organization","name":"skaitytaknyga.lt","url":"https:\/\/skaitytaknyga.lt\/","logo":{"@type":"ImageObject","inLanguage":"en-GB","@id":"https:\/\/skaitytaknyga.lt\/#\/schema\/logo\/image\/","url":"https:\/\/skaitytaknyga.lt\/wp-content\/uploads\/2024\/05\/cropped-cropped-cropped-02_00843_jt3bggkj1j3HLc7SyY6rEUpg.jpeg","contentUrl":"https:\/\/skaitytaknyga.lt\/wp-content\/uploads\/2024\/05\/cropped-cropped-cropped-02_00843_jt3bggkj1j3HLc7SyY6rEUpg.jpeg","width":1600,"height":1600,"caption":"skaitytaknyga.lt"},"image":{"@id":"https:\/\/skaitytaknyga.lt\/#\/schema\/logo\/image\/"},"sameAs":["https:\/\/www.facebook.com\/skaitytaknyga\/"]}]}},"_links":{"self":[{"href":"https:\/\/skaitytaknyga.lt\/en\/wp-json\/wp\/v2\/product\/12887","targetHints":{"allow":["GET"]}}],"collection":[{"href":"https:\/\/skaitytaknyga.lt\/en\/wp-json\/wp\/v2\/product"}],"about":[{"href":"https:\/\/skaitytaknyga.lt\/en\/wp-json\/wp\/v2\/types\/product"}],"replies":[{"embeddable":true,"href":"https:\/\/skaitytaknyga.lt\/en\/wp-json\/wp\/v2\/comments?post=12887"}],"wp:featuredmedia":[{"embeddable":true,"href":"https:\/\/skaitytaknyga.lt\/en\/wp-json\/wp\/v2\/media\/12888"}],"wp:attachment":[{"href":"https:\/\/skaitytaknyga.lt\/en\/wp-json\/wp\/v2\/media?parent=12887"}],"wp:term":[{"taxonomy":"product_brand","embeddable":true,"href":"https:\/\/skaitytaknyga.lt\/en\/wp-json\/wp\/v2\/product_brand?post=12887"},{"taxonomy":"product_cat","embeddable":true,"href":"https:\/\/skaitytaknyga.lt\/en\/wp-json\/wp\/v2\/product_cat?post=12887"},{"taxonomy":"product_tag","embeddable":true,"href":"https:\/\/skaitytaknyga.lt\/en\/wp-json\/wp\/v2\/product_tag?post=12887"}],"curies":[{"name":"wp","href":"https:\/\/api.w.org\/{rel}","templated":true}]}}