{"id":12885,"date":"2024-07-13T19:14:45","date_gmt":"2024-07-13T16:14:45","guid":{"rendered":"https:\/\/skaitytaknyga.lt\/?post_type=product&#038;p=12885"},"modified":"2024-07-13T19:16:21","modified_gmt":"2024-07-13T16:16:21","slug":"juan-manuel-de-prada-apgaulinga-venecijos-sviesa-su-spaustuves-defektu","status":"publish","type":"product","link":"https:\/\/skaitytaknyga.lt\/en\/produktas\/juan-manuel-de-prada-apgaulinga-venecijos-sviesa-su-spaustuves-defektu\/","title":{"rendered":"Robert Spector ,,Amazon.com svaiginan\u010dios s\u0117km\u0117s istorija\u201d"},"content":{"rendered":"<p>Kurdamas \u201eAmazon.com\u201c D\u017eefas Bezosas pademonstravo tai, ko pasaulis dar nebuvo reg\u0117j\u0119s. Jis \u012fsteig\u0117 vien\u0105 garsiausi\u0173 interneto bendrovi\u0173 ir tapo vienu turtingiausi\u0173 pasaulio \u017emoni\u0173. Neseniai \u201eTime\u201c \u017eurnalas j\u012f i\u0161rinko Met\u0173 \u017emogumi. D\u017eefris Bezosas tituluojamas \u201einternetin\u0117s pekybos karaliumi\u201c.<\/p>\n<p>Ta\u010diau nepaisant \u201eAmazon.com\u201c s\u0117km\u0117s ir vie\u0161umo tikrosios bendrov\u0117s istorijos dar niekas nebuvo atskleid\u0119s. \u017durnalistas\u00a0<strong>Robertas Spekteris<\/strong>\u00a0atvirai pasakoja apie svaiginan\u010di\u0105 \u201eAmazon.com\u201c s\u0117km\u0119, gyvai apra\u0161o bendrov\u0117s k\u016brimo u\u017ekulisius, triuk\u0161ming\u0105 n\u016bdien\u0105 ir nenusp\u0117jam\u0105 ateit\u012f. Knygoje\u00a0<strong>\u201eAmazon.com svaiginan\u010dios s\u0117km\u0117s istorija\u201c<\/strong>\u00a0nurodyti tikri faktai, nepaprastai kruop\u0161\u010diai atskleistos \u012fmon\u0117s k\u016brimo, nauj\u0173 sumanym\u0173, verslo praktikos ir strategijos detal\u0117s, papasakota \u201eAmazon.com\u201c ateities vizija.<\/p>\n","protected":false},"excerpt":{"rendered":"<p>Kurdamas \u201eAmazon.com\u201c D\u017eefas Bezosas pademonstravo tai, ko pasaulis dar nebuvo reg\u0117j\u0119s. Jis \u012fsteig\u0117 vien\u0105 garsiausi\u0173 interneto bendrovi\u0173 ir tapo vienu turtingiausi\u0173 pasaulio \u017emoni\u0173. Neseniai \u201eTime\u201c \u017eurnalas j\u012f i\u0161rinko Met\u0173 \u017emogumi. D\u017eefris Bezosas tituluojamas \u201einternetin\u0117s pekybos karaliumi\u201c. Ta\u010diau nepaisant \u201eAmazon.com\u201c s\u0117km\u0117s ir vie\u0161umo tikrosios bendrov\u0117s istorijos dar niekas nebuvo atskleid\u0119s. \u017durnalistas\u00a0Robertas Spekteris\u00a0atvirai pasakoja apie svaiginan\u010di\u0105 \u201eAmazon.com\u201c s\u0117km\u0119, gyvai apra\u0161o bendrov\u0117s k\u016brimo u\u017ekulisius, triuk\u0161ming\u0105 n\u016bdien\u0105 ir nenusp\u0117jam\u0105 ateit\u012f. Knygoje\u00a0\u201eAmazon.com svaiginan\u010dios s\u0117km\u0117s istorija\u201c\u00a0nurodyti tikri faktai, nepaprastai kruop\u0161\u010diai atskleistos \u012fmon\u0117s k\u016brimo, nauj\u0173 sumanym\u0173, verslo praktikos ir strategijos detal\u0117s, papasakota \u201eAmazon.com\u201c ateities vizija.<\/p>\n","protected":false},"featured_media":12886,"comment_status":"open","ping_status":"closed","template":"","meta":{"_acf_changed":false,"site-sidebar-layout":"default","site-content-layout":"","ast-site-content-layout":"default","site-content-style":"default","site-sidebar-style":"default","ast-global-header-display":"","ast-banner-title-visibility":"","ast-main-header-display":"","ast-hfb-above-header-display":"","ast-hfb-below-header-display":"","ast-hfb-mobile-header-display":"","site-post-title":"","ast-breadcrumbs-content":"","ast-featured-img":"","footer-sml-layout":"","ast-disable-related-posts":"","theme-transparent-header-meta":"default","adv-header-id-meta":"","stick-header-meta":"","header-above-stick-meta":"","header-main-stick-meta":"","header-below-stick-meta":"","astra-migrate-meta-layouts":"set","ast-page-background-enabled":"default","ast-page-background-meta":{"desktop":{"background-color":"","background-image":"","background-repeat":"repeat","background-position":"center center","background-size":"auto","background-attachment":"scroll","background-type":"","background-media":"","overlay-type":"","overlay-color":"","overlay-opacity":"","overlay-gradient":""},"tablet":{"background-color":"","background-image":"","background-repeat":"repeat","background-position":"center center","background-size":"auto","background-attachment":"scroll","background-type":"","background-media":"","overlay-type":"","overlay-color":"","overlay-opacity":"","overlay-gradient":""},"mobile":{"background-color":"","background-image":"","background-repeat":"repeat","background-position":"center center","background-size":"auto","background-attachment":"scroll","background-type":"","background-media":"","overlay-type":"","overlay-color":"","overlay-opacity":"","overlay-gradient":""}},"ast-content-background-meta":{"desktop":{"background-color":"var(--ast-global-color-4)","background-image":"","background-repeat":"repeat","background-position":"center center","background-size":"auto","background-attachment":"scroll","background-type":"","background-media":"","overlay-type":"","overlay-color":"","overlay-opacity":"","overlay-gradient":""},"tablet":{"background-color":"var(--ast-global-color-4)","background-image":"","background-repeat":"repeat","background-position":"center center","background-size":"auto","background-attachment":"scroll","background-type":"","background-media":"","overlay-type":"","overlay-color":"","overlay-opacity":"","overlay-gradient":""},"mobile":{"background-color":"var(--ast-global-color-4)","background-image":"","background-repeat":"repeat","background-position":"center center","background-size":"auto","background-attachment":"scroll","background-type":"","background-media":"","overlay-type":"","overlay-color":"","overlay-opacity":"","overlay-gradient":""}}},"product_brand":[],"product_cat":[15,26],"product_tag":[],"class_list":{"0":"post-12885","1":"product","2":"type-product","3":"status-publish","4":"has-post-thumbnail","6":"product_cat-uncategorized","7":"product_cat-verslas-vadyba-ir-finansai","8":"desktop-align-left","9":"tablet-align-left","10":"mobile-align-left","12":"first","13":"instock","14":"shipping-taxable","15":"purchasable","16":"product-type-simple"},"acf":[],"yoast_head":"<!-- This site is optimized with the Yoast SEO plugin v27.0 - https:\/\/yoast.com\/product\/yoast-seo-wordpress\/ -->\n<title>Robert Spector ,,Amazon.com svaiginan\u010dios s\u0117km\u0117s istorija\u201d<\/title>\n<meta name=\"description\" content=\"Kurdamas \u201eAmazon.com\u201c D\u017eefas Bezosas pademonstravo tai, ko pasaulis dar nebuvo reg\u0117j\u0119s. Jis \u012fsteig\u0117 vien\u0105 garsiausi\u0173 interneto bendrovi\u0173 ir tapo vienu\" \/>\n<meta name=\"robots\" content=\"index, follow, max-snippet:-1, max-image-preview:large, max-video-preview:-1\" \/>\n<link rel=\"canonical\" href=\"https:\/\/skaitytaknyga.lt\/en\/produktas\/juan-manuel-de-prada-apgaulinga-venecijos-sviesa-su-spaustuves-defektu\/\" \/>\n<meta property=\"og:locale\" content=\"en_GB\" \/>\n<meta property=\"og:locale:alternate\" content=\"lt_LT\" \/>\n<meta property=\"og:type\" content=\"article\" \/>\n<meta property=\"og:title\" content=\"Robert Spector ,,Amazon.com svaiginan\u010dios s\u0117km\u0117s istorija\u201d\" \/>\n<meta property=\"og:description\" content=\"Kurdamas \u201eAmazon.com\u201c D\u017eefas Bezosas pademonstravo tai, ko pasaulis dar nebuvo reg\u0117j\u0119s. Jis \u012fsteig\u0117 vien\u0105 garsiausi\u0173 interneto bendrovi\u0173 ir tapo vienu\" \/>\n<meta property=\"og:url\" content=\"https:\/\/skaitytaknyga.lt\/en\/produktas\/juan-manuel-de-prada-apgaulinga-venecijos-sviesa-su-spaustuves-defektu\/\" \/>\n<meta property=\"og:site_name\" content=\"Skaitytaknyga\" \/>\n<meta property=\"article:publisher\" content=\"https:\/\/www.facebook.com\/skaitytaknyga\/\" \/>\n<meta property=\"article:modified_time\" content=\"2024-07-13T16:16:21+00:00\" \/>\n<meta property=\"og:image\" content=\"https:\/\/skaitytaknyga.lt\/wp-content\/uploads\/2024\/07\/scan-15-05-2019-1709.webp\" \/>\n\t<meta property=\"og:image:width\" content=\"552\" \/>\n\t<meta property=\"og:image:height\" content=\"800\" \/>\n\t<meta property=\"og:image:type\" content=\"image\/webp\" \/>\n<meta name=\"twitter:card\" content=\"summary_large_image\" \/>\n<meta name=\"twitter:label1\" content=\"Estimated reading time\" \/>\n\t<meta name=\"twitter:data1\" content=\"1 minute\" \/>\n<script type=\"application\/ld+json\" class=\"yoast-schema-graph\">{\"@context\":\"https:\/\/schema.org\",\"@graph\":[{\"@type\":\"WebPage\",\"@id\":\"https:\/\/skaitytaknyga.lt\/produktas\/juan-manuel-de-prada-apgaulinga-venecijos-sviesa-su-spaustuves-defektu\/\",\"url\":\"https:\/\/skaitytaknyga.lt\/produktas\/juan-manuel-de-prada-apgaulinga-venecijos-sviesa-su-spaustuves-defektu\/\",\"name\":\"Robert Spector ,,Amazon.com svaiginan\u010dios s\u0117km\u0117s istorija\u201d\",\"isPartOf\":{\"@id\":\"https:\/\/skaitytaknyga.lt\/#website\"},\"primaryImageOfPage\":{\"@id\":\"https:\/\/skaitytaknyga.lt\/produktas\/juan-manuel-de-prada-apgaulinga-venecijos-sviesa-su-spaustuves-defektu\/#primaryimage\"},\"image\":{\"@id\":\"https:\/\/skaitytaknyga.lt\/produktas\/juan-manuel-de-prada-apgaulinga-venecijos-sviesa-su-spaustuves-defektu\/#primaryimage\"},\"thumbnailUrl\":\"https:\/\/skaitytaknyga.lt\/wp-content\/uploads\/2024\/07\/scan-15-05-2019-1709.webp\",\"datePublished\":\"2024-07-13T16:14:45+00:00\",\"dateModified\":\"2024-07-13T16:16:21+00:00\",\"description\":\"Kurdamas \u201eAmazon.com\u201c D\u017eefas Bezosas pademonstravo tai, ko pasaulis dar nebuvo reg\u0117j\u0119s. Jis \u012fsteig\u0117 vien\u0105 garsiausi\u0173 interneto bendrovi\u0173 ir tapo vienu\",\"breadcrumb\":{\"@id\":\"https:\/\/skaitytaknyga.lt\/produktas\/juan-manuel-de-prada-apgaulinga-venecijos-sviesa-su-spaustuves-defektu\/#breadcrumb\"},\"inLanguage\":\"en-GB\",\"potentialAction\":[{\"@type\":\"ReadAction\",\"target\":[\"https:\/\/skaitytaknyga.lt\/produktas\/juan-manuel-de-prada-apgaulinga-venecijos-sviesa-su-spaustuves-defektu\/\"]}]},{\"@type\":\"ImageObject\",\"inLanguage\":\"en-GB\",\"@id\":\"https:\/\/skaitytaknyga.lt\/produktas\/juan-manuel-de-prada-apgaulinga-venecijos-sviesa-su-spaustuves-defektu\/#primaryimage\",\"url\":\"https:\/\/skaitytaknyga.lt\/wp-content\/uploads\/2024\/07\/scan-15-05-2019-1709.webp\",\"contentUrl\":\"https:\/\/skaitytaknyga.lt\/wp-content\/uploads\/2024\/07\/scan-15-05-2019-1709.webp\",\"width\":552,\"height\":800,\"caption\":\"Amazon.com svaiginan\u010dios s\u0117km\u0117s istorija\"},{\"@type\":\"BreadcrumbList\",\"@id\":\"https:\/\/skaitytaknyga.lt\/produktas\/juan-manuel-de-prada-apgaulinga-venecijos-sviesa-su-spaustuves-defektu\/#breadcrumb\",\"itemListElement\":[{\"@type\":\"ListItem\",\"position\":1,\"name\":\"Home\",\"item\":\"https:\/\/skaitytaknyga.lt\/\"},{\"@type\":\"ListItem\",\"position\":2,\"name\":\"Parduotuv\u0117\",\"item\":\"https:\/\/skaitytaknyga.lt\/knygu-parduotuve\/\"},{\"@type\":\"ListItem\",\"position\":3,\"name\":\"Robert Spector ,,Amazon.com svaiginan\u010dios s\u0117km\u0117s istorija\u201d\"}]},{\"@type\":\"WebSite\",\"@id\":\"https:\/\/skaitytaknyga.lt\/#website\",\"url\":\"https:\/\/skaitytaknyga.lt\/\",\"name\":\"skaitytaknyga.lt\",\"description\":\"Skaitytaknyga.lt \u2013 tai ma\u017eas \u0161eimos verslas, kuris prasid\u0117jo nuo meil\u0117s knygoms ir siekio i\u0161gelb\u0117ti knygas nuo likimo prie konteinerio. Kas vienam nereikalingas daiktas \u2013 kitam lobis, o mes esame tarpininkai, kurie padeda abiems tapti laimingesniems ???? \u017dinome kaip nelengva i\u0161gyventi ma\u017eiems verslams, tad nuo \u0161iol, \u010dia rasite ir kit\u0173, ma\u017e\u0173 \u0161eim\u0173 versl\u0173, rank\u0173 darbo, dovan\u0173 sau ir artimiesiems.\",\"publisher\":{\"@id\":\"https:\/\/skaitytaknyga.lt\/#organization\"},\"potentialAction\":[{\"@type\":\"SearchAction\",\"target\":{\"@type\":\"EntryPoint\",\"urlTemplate\":\"https:\/\/skaitytaknyga.lt\/?s={search_term_string}\"},\"query-input\":{\"@type\":\"PropertyValueSpecification\",\"valueRequired\":true,\"valueName\":\"search_term_string\"}}],\"inLanguage\":\"en-GB\"},{\"@type\":\"Organization\",\"@id\":\"https:\/\/skaitytaknyga.lt\/#organization\",\"name\":\"skaitytaknyga.lt\",\"url\":\"https:\/\/skaitytaknyga.lt\/\",\"logo\":{\"@type\":\"ImageObject\",\"inLanguage\":\"en-GB\",\"@id\":\"https:\/\/skaitytaknyga.lt\/#\/schema\/logo\/image\/\",\"url\":\"https:\/\/skaitytaknyga.lt\/wp-content\/uploads\/2024\/05\/cropped-cropped-cropped-02_00843_jt3bggkj1j3HLc7SyY6rEUpg.jpeg\",\"contentUrl\":\"https:\/\/skaitytaknyga.lt\/wp-content\/uploads\/2024\/05\/cropped-cropped-cropped-02_00843_jt3bggkj1j3HLc7SyY6rEUpg.jpeg\",\"width\":1600,\"height\":1600,\"caption\":\"skaitytaknyga.lt\"},\"image\":{\"@id\":\"https:\/\/skaitytaknyga.lt\/#\/schema\/logo\/image\/\"},\"sameAs\":[\"https:\/\/www.facebook.com\/skaitytaknyga\/\"]}]}<\/script>\n<!-- \/ Yoast SEO plugin. -->","yoast_head_json":{"title":"Robert Spector ,,Amazon.com svaiginan\u010dios s\u0117km\u0117s istorija\u201d","description":"Kurdamas \u201eAmazon.com\u201c D\u017eefas Bezosas pademonstravo tai, ko pasaulis dar nebuvo reg\u0117j\u0119s. Jis \u012fsteig\u0117 vien\u0105 garsiausi\u0173 interneto bendrovi\u0173 ir tapo vienu","robots":{"index":"index","follow":"follow","max-snippet":"max-snippet:-1","max-image-preview":"max-image-preview:large","max-video-preview":"max-video-preview:-1"},"canonical":"https:\/\/skaitytaknyga.lt\/en\/produktas\/juan-manuel-de-prada-apgaulinga-venecijos-sviesa-su-spaustuves-defektu\/","og_locale":"en_GB","og_type":"article","og_title":"[:lt]Robert Spector ,,Amazon.com svaiginan\u010dios s\u0117km\u0117s istorija\u201d[:] - Skaitytaknyga","og_description":"Kurdamas \u201eAmazon.com\u201c D\u017eefas Bezosas pademonstravo tai, ko pasaulis dar nebuvo reg\u0117j\u0119s. Jis \u012fsteig\u0117 vien\u0105 garsiausi\u0173 interneto bendrovi\u0173 ir tapo vienu","og_url":"https:\/\/skaitytaknyga.lt\/en\/produktas\/juan-manuel-de-prada-apgaulinga-venecijos-sviesa-su-spaustuves-defektu\/","og_site_name":"Skaitytaknyga","article_publisher":"https:\/\/www.facebook.com\/skaitytaknyga\/","article_modified_time":"2024-07-13T16:16:21+00:00","og_image":[{"width":552,"height":800,"url":"https:\/\/skaitytaknyga.lt\/wp-content\/uploads\/2024\/07\/scan-15-05-2019-1709.webp","type":"image\/webp"}],"twitter_card":"summary_large_image","twitter_misc":{"Estimated reading time":"1 minute"},"schema":{"@context":"https:\/\/schema.org","@graph":[{"@type":"WebPage","@id":"https:\/\/skaitytaknyga.lt\/produktas\/juan-manuel-de-prada-apgaulinga-venecijos-sviesa-su-spaustuves-defektu\/","url":"https:\/\/skaitytaknyga.lt\/produktas\/juan-manuel-de-prada-apgaulinga-venecijos-sviesa-su-spaustuves-defektu\/","name":"Robert Spector ,,Amazon.com svaiginan\u010dios s\u0117km\u0117s istorija\u201d","isPartOf":{"@id":"https:\/\/skaitytaknyga.lt\/#website"},"primaryImageOfPage":{"@id":"https:\/\/skaitytaknyga.lt\/produktas\/juan-manuel-de-prada-apgaulinga-venecijos-sviesa-su-spaustuves-defektu\/#primaryimage"},"image":{"@id":"https:\/\/skaitytaknyga.lt\/produktas\/juan-manuel-de-prada-apgaulinga-venecijos-sviesa-su-spaustuves-defektu\/#primaryimage"},"thumbnailUrl":"https:\/\/skaitytaknyga.lt\/wp-content\/uploads\/2024\/07\/scan-15-05-2019-1709.webp","datePublished":"2024-07-13T16:14:45+00:00","dateModified":"2024-07-13T16:16:21+00:00","description":"Kurdamas \u201eAmazon.com\u201c D\u017eefas Bezosas pademonstravo tai, ko pasaulis dar nebuvo reg\u0117j\u0119s. Jis \u012fsteig\u0117 vien\u0105 garsiausi\u0173 interneto bendrovi\u0173 ir tapo vienu","breadcrumb":{"@id":"https:\/\/skaitytaknyga.lt\/produktas\/juan-manuel-de-prada-apgaulinga-venecijos-sviesa-su-spaustuves-defektu\/#breadcrumb"},"inLanguage":"en-GB","potentialAction":[{"@type":"ReadAction","target":["https:\/\/skaitytaknyga.lt\/produktas\/juan-manuel-de-prada-apgaulinga-venecijos-sviesa-su-spaustuves-defektu\/"]}]},{"@type":"ImageObject","inLanguage":"en-GB","@id":"https:\/\/skaitytaknyga.lt\/produktas\/juan-manuel-de-prada-apgaulinga-venecijos-sviesa-su-spaustuves-defektu\/#primaryimage","url":"https:\/\/skaitytaknyga.lt\/wp-content\/uploads\/2024\/07\/scan-15-05-2019-1709.webp","contentUrl":"https:\/\/skaitytaknyga.lt\/wp-content\/uploads\/2024\/07\/scan-15-05-2019-1709.webp","width":552,"height":800,"caption":"Amazon.com svaiginan\u010dios s\u0117km\u0117s istorija"},{"@type":"BreadcrumbList","@id":"https:\/\/skaitytaknyga.lt\/produktas\/juan-manuel-de-prada-apgaulinga-venecijos-sviesa-su-spaustuves-defektu\/#breadcrumb","itemListElement":[{"@type":"ListItem","position":1,"name":"Home","item":"https:\/\/skaitytaknyga.lt\/"},{"@type":"ListItem","position":2,"name":"Parduotuv\u0117","item":"https:\/\/skaitytaknyga.lt\/knygu-parduotuve\/"},{"@type":"ListItem","position":3,"name":"Robert Spector ,,Amazon.com svaiginan\u010dios s\u0117km\u0117s istorija\u201d"}]},{"@type":"WebSite","@id":"https:\/\/skaitytaknyga.lt\/#website","url":"https:\/\/skaitytaknyga.lt\/","name":"skaitytaknyga.lt","description":"Skaitytaknyga.lt \u2013 tai ma\u017eas \u0161eimos verslas, kuris prasid\u0117jo nuo meil\u0117s knygoms ir siekio i\u0161gelb\u0117ti knygas nuo likimo prie konteinerio. Kas vienam nereikalingas daiktas \u2013 kitam lobis, o mes esame tarpininkai, kurie padeda abiems tapti laimingesniems ???? \u017dinome kaip nelengva i\u0161gyventi ma\u017eiems verslams, tad nuo \u0161iol, \u010dia rasite ir kit\u0173, ma\u017e\u0173 \u0161eim\u0173 versl\u0173, rank\u0173 darbo, dovan\u0173 sau ir artimiesiems.","publisher":{"@id":"https:\/\/skaitytaknyga.lt\/#organization"},"potentialAction":[{"@type":"SearchAction","target":{"@type":"EntryPoint","urlTemplate":"https:\/\/skaitytaknyga.lt\/?s={search_term_string}"},"query-input":{"@type":"PropertyValueSpecification","valueRequired":true,"valueName":"search_term_string"}}],"inLanguage":"en-GB"},{"@type":"Organization","@id":"https:\/\/skaitytaknyga.lt\/#organization","name":"skaitytaknyga.lt","url":"https:\/\/skaitytaknyga.lt\/","logo":{"@type":"ImageObject","inLanguage":"en-GB","@id":"https:\/\/skaitytaknyga.lt\/#\/schema\/logo\/image\/","url":"https:\/\/skaitytaknyga.lt\/wp-content\/uploads\/2024\/05\/cropped-cropped-cropped-02_00843_jt3bggkj1j3HLc7SyY6rEUpg.jpeg","contentUrl":"https:\/\/skaitytaknyga.lt\/wp-content\/uploads\/2024\/05\/cropped-cropped-cropped-02_00843_jt3bggkj1j3HLc7SyY6rEUpg.jpeg","width":1600,"height":1600,"caption":"skaitytaknyga.lt"},"image":{"@id":"https:\/\/skaitytaknyga.lt\/#\/schema\/logo\/image\/"},"sameAs":["https:\/\/www.facebook.com\/skaitytaknyga\/"]}]}},"_links":{"self":[{"href":"https:\/\/skaitytaknyga.lt\/en\/wp-json\/wp\/v2\/product\/12885","targetHints":{"allow":["GET"]}}],"collection":[{"href":"https:\/\/skaitytaknyga.lt\/en\/wp-json\/wp\/v2\/product"}],"about":[{"href":"https:\/\/skaitytaknyga.lt\/en\/wp-json\/wp\/v2\/types\/product"}],"replies":[{"embeddable":true,"href":"https:\/\/skaitytaknyga.lt\/en\/wp-json\/wp\/v2\/comments?post=12885"}],"wp:featuredmedia":[{"embeddable":true,"href":"https:\/\/skaitytaknyga.lt\/en\/wp-json\/wp\/v2\/media\/12886"}],"wp:attachment":[{"href":"https:\/\/skaitytaknyga.lt\/en\/wp-json\/wp\/v2\/media?parent=12885"}],"wp:term":[{"taxonomy":"product_brand","embeddable":true,"href":"https:\/\/skaitytaknyga.lt\/en\/wp-json\/wp\/v2\/product_brand?post=12885"},{"taxonomy":"product_cat","embeddable":true,"href":"https:\/\/skaitytaknyga.lt\/en\/wp-json\/wp\/v2\/product_cat?post=12885"},{"taxonomy":"product_tag","embeddable":true,"href":"https:\/\/skaitytaknyga.lt\/en\/wp-json\/wp\/v2\/product_tag?post=12885"}],"curies":[{"name":"wp","href":"https:\/\/api.w.org\/{rel}","templated":true}]}}