{"id":12881,"date":"2024-07-13T19:10:04","date_gmt":"2024-07-13T16:10:04","guid":{"rendered":"https:\/\/skaitytaknyga.lt\/?post_type=product&#038;p=12881"},"modified":"2025-05-28T09:31:16","modified_gmt":"2025-05-28T06:31:16","slug":"beryl-smallet-historians-in-the-middle-ages-nedideli-defektai","status":"publish","type":"product","link":"https:\/\/skaitytaknyga.lt\/en\/produktas\/beryl-smallet-historians-in-the-middle-ages-nedideli-defektai\/","title":{"rendered":"Meil\u0117s tarnait\u0117s"},"content":{"rendered":"<p>Violaine Vanoyeke \u2013 \u017einoma kalbinink\u0117, egiptolog\u0117, helenist\u0117, lotynist\u0117, sen\u0173j\u0173 civilizacij\u0173 ir literat\u016br\u0173 specialist\u0117. ,,Meil\u0117s tarnait\u0117s&#8230;\u201c supa\u017eindina skaitytojus su garsi\u0173 Egipto, Graikijos ir Romos kurtizani\u0173 gyvenimu.<\/p>\n<p>Autor\u0117 pasakoja apie moter\u0173 kasdienyb\u0119, meil\u0119, homoseksualius santykius, \u0161vent\u0105j\u0105 prostitucij\u0105 faraon\u0173, senov\u0117s Graikijos ir Romos laikais, atskleid\u017eia t\u016bkstantmetes gundymo, gro\u017eio, malonaus gyvenimo, diet\u0173 ir sveikatos paslaptis bei gudrybes, kvepal\u0173 ir magijos gali\u0105 bei naudingas augal\u0173 savybes: visas \u0161ias \u012fdomybes Violaine Vanoyeke surado senuose rankra\u0161\u010diuose ir ant Egipto kap\u0173 sien\u0173. Tikr\u0173 tikriausias lobis!<\/p>\n","protected":false},"excerpt":{"rendered":"<p>Violaine Vanoyeke \u2013 \u017einoma kalbinink\u0117, egiptolog\u0117, helenist\u0117, lotynist\u0117, sen\u0173j\u0173 civilizacij\u0173 ir literat\u016br\u0173 specialist\u0117. ,,Meil\u0117s tarnait\u0117s&#8230;\u201c supa\u017eindina skaitytojus su garsi\u0173 Egipto, Graikijos ir Romos kurtizani\u0173 gyvenimu. Autor\u0117 pasakoja apie moter\u0173 kasdienyb\u0119, meil\u0119, homoseksualius santykius, \u0161vent\u0105j\u0105 prostitucij\u0105 faraon\u0173, senov\u0117s Graikijos ir Romos laikais, atskleid\u017eia t\u016bkstantmetes gundymo, gro\u017eio, malonaus gyvenimo, diet\u0173 ir sveikatos paslaptis bei gudrybes, kvepal\u0173 ir magijos gali\u0105 bei naudingas augal\u0173 savybes: visas \u0161ias \u012fdomybes Violaine Vanoyeke surado senuose rankra\u0161\u010diuose ir ant Egipto kap\u0173 sien\u0173. Tikr\u0173 tikriausias lobis!<\/p>\n","protected":false},"featured_media":12882,"comment_status":"open","ping_status":"closed","template":"","meta":{"_acf_changed":false,"site-sidebar-layout":"default","site-content-layout":"","ast-site-content-layout":"default","site-content-style":"default","site-sidebar-style":"default","ast-global-header-display":"","ast-banner-title-visibility":"","ast-main-header-display":"","ast-hfb-above-header-display":"","ast-hfb-below-header-display":"","ast-hfb-mobile-header-display":"","site-post-title":"","ast-breadcrumbs-content":"","ast-featured-img":"","footer-sml-layout":"","ast-disable-related-posts":"","theme-transparent-header-meta":"default","adv-header-id-meta":"","stick-header-meta":"","header-above-stick-meta":"","header-main-stick-meta":"","header-below-stick-meta":"","astra-migrate-meta-layouts":"set","ast-page-background-enabled":"default","ast-page-background-meta":{"desktop":{"background-color":"","background-image":"","background-repeat":"repeat","background-position":"center center","background-size":"auto","background-attachment":"scroll","background-type":"","background-media":"","overlay-type":"","overlay-color":"","overlay-opacity":"","overlay-gradient":""},"tablet":{"background-color":"","background-image":"","background-repeat":"repeat","background-position":"center center","background-size":"auto","background-attachment":"scroll","background-type":"","background-media":"","overlay-type":"","overlay-color":"","overlay-opacity":"","overlay-gradient":""},"mobile":{"background-color":"","background-image":"","background-repeat":"repeat","background-position":"center center","background-size":"auto","background-attachment":"scroll","background-type":"","background-media":"","overlay-type":"","overlay-color":"","overlay-opacity":"","overlay-gradient":""}},"ast-content-background-meta":{"desktop":{"background-color":"var(--ast-global-color-4)","background-image":"","background-repeat":"repeat","background-position":"center center","background-size":"auto","background-attachment":"scroll","background-type":"","background-media":"","overlay-type":"","overlay-color":"","overlay-opacity":"","overlay-gradient":""},"tablet":{"background-color":"var(--ast-global-color-4)","background-image":"","background-repeat":"repeat","background-position":"center center","background-size":"auto","background-attachment":"scroll","background-type":"","background-media":"","overlay-type":"","overlay-color":"","overlay-opacity":"","overlay-gradient":""},"mobile":{"background-color":"var(--ast-global-color-4)","background-image":"","background-repeat":"repeat","background-position":"center center","background-size":"auto","background-attachment":"scroll","background-type":"","background-media":"","overlay-type":"","overlay-color":"","overlay-opacity":"","overlay-gradient":""}}},"product_brand":[],"product_cat":[174,15],"product_tag":[3965,2853,4505,4507,4506,4504,4503],"class_list":{"0":"post-12881","1":"product","2":"type-product","3":"status-publish","4":"has-post-thumbnail","6":"product_cat-istorija-ir-politologija","7":"product_cat-uncategorized","8":"product_tag-egiptas","9":"product_tag-erotika","10":"product_tag-graikija","11":"product_tag-kurtizanes","12":"product_tag-roma","13":"product_tag-senoves-civilizacijos","14":"product_tag-violaine-vanoyeke","15":"desktop-align-left","16":"tablet-align-left","17":"mobile-align-left","19":"first","20":"instock","21":"shipping-taxable","22":"purchasable","23":"product-type-simple"},"acf":[],"yoast_head":"<!-- This site is optimized with the Yoast SEO plugin v27.0 - https:\/\/yoast.com\/product\/yoast-seo-wordpress\/ -->\n<title>Meil\u0117s tarnait\u0117s<\/title>\n<meta name=\"description\" content=\"Violaine Vanoyeke \u2013 \u017einoma kalbinink\u0117, egiptolog\u0117, helenist\u0117, lotynist\u0117, sen\u0173j\u0173 civilizacij\u0173 ir literat\u016br\u0173 specialist\u0117. ,,Meil\u0117s tarnait\u0117s...\u201c supa\u017eindina\" \/>\n<meta name=\"robots\" content=\"index, follow, max-snippet:-1, max-image-preview:large, max-video-preview:-1\" \/>\n<link rel=\"canonical\" href=\"https:\/\/skaitytaknyga.lt\/en\/produktas\/beryl-smallet-historians-in-the-middle-ages-nedideli-defektai\/\" \/>\n<meta property=\"og:locale\" content=\"en_GB\" \/>\n<meta property=\"og:locale:alternate\" content=\"lt_LT\" \/>\n<meta property=\"og:type\" content=\"article\" \/>\n<meta property=\"og:title\" content=\"Meil\u0117s tarnait\u0117s\" \/>\n<meta property=\"og:description\" content=\"Violaine Vanoyeke \u2013 \u017einoma kalbinink\u0117, egiptolog\u0117, helenist\u0117, lotynist\u0117, sen\u0173j\u0173 civilizacij\u0173 ir literat\u016br\u0173 specialist\u0117. ,,Meil\u0117s tarnait\u0117s...\u201c supa\u017eindina\" \/>\n<meta property=\"og:url\" content=\"https:\/\/skaitytaknyga.lt\/en\/produktas\/beryl-smallet-historians-in-the-middle-ages-nedideli-defektai\/\" \/>\n<meta property=\"og:site_name\" content=\"Skaitytaknyga\" \/>\n<meta property=\"article:publisher\" content=\"https:\/\/www.facebook.com\/skaitytaknyga\/\" \/>\n<meta property=\"article:modified_time\" content=\"2025-05-28T06:31:16+00:00\" \/>\n<meta property=\"og:image\" content=\"https:\/\/skaitytaknyga.lt\/wp-content\/uploads\/2024\/07\/1462878499_img0012.webp\" \/>\n\t<meta property=\"og:image:width\" content=\"516\" \/>\n\t<meta property=\"og:image:height\" content=\"800\" \/>\n\t<meta property=\"og:image:type\" content=\"image\/webp\" \/>\n<meta name=\"twitter:card\" content=\"summary_large_image\" \/>\n<meta name=\"twitter:label1\" content=\"Estimated reading time\" \/>\n\t<meta name=\"twitter:data1\" content=\"1 minute\" \/>\n<script type=\"application\/ld+json\" class=\"yoast-schema-graph\">{\"@context\":\"https:\/\/schema.org\",\"@graph\":[{\"@type\":\"WebPage\",\"@id\":\"https:\/\/skaitytaknyga.lt\/produktas\/beryl-smallet-historians-in-the-middle-ages-nedideli-defektai\/\",\"url\":\"https:\/\/skaitytaknyga.lt\/produktas\/beryl-smallet-historians-in-the-middle-ages-nedideli-defektai\/\",\"name\":\"Meil\u0117s tarnait\u0117s\",\"isPartOf\":{\"@id\":\"https:\/\/skaitytaknyga.lt\/#website\"},\"primaryImageOfPage\":{\"@id\":\"https:\/\/skaitytaknyga.lt\/produktas\/beryl-smallet-historians-in-the-middle-ages-nedideli-defektai\/#primaryimage\"},\"image\":{\"@id\":\"https:\/\/skaitytaknyga.lt\/produktas\/beryl-smallet-historians-in-the-middle-ages-nedideli-defektai\/#primaryimage\"},\"thumbnailUrl\":\"https:\/\/skaitytaknyga.lt\/wp-content\/uploads\/2024\/07\/1462878499_img0012.webp\",\"datePublished\":\"2024-07-13T16:10:04+00:00\",\"dateModified\":\"2025-05-28T06:31:16+00:00\",\"description\":\"Violaine Vanoyeke \u2013 \u017einoma kalbinink\u0117, egiptolog\u0117, helenist\u0117, lotynist\u0117, sen\u0173j\u0173 civilizacij\u0173 ir literat\u016br\u0173 specialist\u0117. ,,Meil\u0117s tarnait\u0117s...\u201c supa\u017eindina\",\"breadcrumb\":{\"@id\":\"https:\/\/skaitytaknyga.lt\/produktas\/beryl-smallet-historians-in-the-middle-ages-nedideli-defektai\/#breadcrumb\"},\"inLanguage\":\"en-GB\",\"potentialAction\":[{\"@type\":\"ReadAction\",\"target\":[\"https:\/\/skaitytaknyga.lt\/produktas\/beryl-smallet-historians-in-the-middle-ages-nedideli-defektai\/\"]}]},{\"@type\":\"ImageObject\",\"inLanguage\":\"en-GB\",\"@id\":\"https:\/\/skaitytaknyga.lt\/produktas\/beryl-smallet-historians-in-the-middle-ages-nedideli-defektai\/#primaryimage\",\"url\":\"https:\/\/skaitytaknyga.lt\/wp-content\/uploads\/2024\/07\/1462878499_img0012.webp\",\"contentUrl\":\"https:\/\/skaitytaknyga.lt\/wp-content\/uploads\/2024\/07\/1462878499_img0012.webp\",\"width\":516,\"height\":800,\"caption\":\"Meil\u0117s tarnait\u0117s\"},{\"@type\":\"BreadcrumbList\",\"@id\":\"https:\/\/skaitytaknyga.lt\/produktas\/beryl-smallet-historians-in-the-middle-ages-nedideli-defektai\/#breadcrumb\",\"itemListElement\":[{\"@type\":\"ListItem\",\"position\":1,\"name\":\"Home\",\"item\":\"https:\/\/skaitytaknyga.lt\/\"},{\"@type\":\"ListItem\",\"position\":2,\"name\":\"Parduotuv\u0117\",\"item\":\"https:\/\/skaitytaknyga.lt\/knygu-parduotuve\/\"},{\"@type\":\"ListItem\",\"position\":3,\"name\":\"Meil\u0117s tarnait\u0117s\"}]},{\"@type\":\"WebSite\",\"@id\":\"https:\/\/skaitytaknyga.lt\/#website\",\"url\":\"https:\/\/skaitytaknyga.lt\/\",\"name\":\"skaitytaknyga.lt\",\"description\":\"Skaitytaknyga.lt \u2013 tai ma\u017eas \u0161eimos verslas, kuris prasid\u0117jo nuo meil\u0117s knygoms ir siekio i\u0161gelb\u0117ti knygas nuo likimo prie konteinerio. Kas vienam nereikalingas daiktas \u2013 kitam lobis, o mes esame tarpininkai, kurie padeda abiems tapti laimingesniems ???? \u017dinome kaip nelengva i\u0161gyventi ma\u017eiems verslams, tad nuo \u0161iol, \u010dia rasite ir kit\u0173, ma\u017e\u0173 \u0161eim\u0173 versl\u0173, rank\u0173 darbo, dovan\u0173 sau ir artimiesiems.\",\"publisher\":{\"@id\":\"https:\/\/skaitytaknyga.lt\/#organization\"},\"potentialAction\":[{\"@type\":\"SearchAction\",\"target\":{\"@type\":\"EntryPoint\",\"urlTemplate\":\"https:\/\/skaitytaknyga.lt\/?s={search_term_string}\"},\"query-input\":{\"@type\":\"PropertyValueSpecification\",\"valueRequired\":true,\"valueName\":\"search_term_string\"}}],\"inLanguage\":\"en-GB\"},{\"@type\":\"Organization\",\"@id\":\"https:\/\/skaitytaknyga.lt\/#organization\",\"name\":\"skaitytaknyga.lt\",\"url\":\"https:\/\/skaitytaknyga.lt\/\",\"logo\":{\"@type\":\"ImageObject\",\"inLanguage\":\"en-GB\",\"@id\":\"https:\/\/skaitytaknyga.lt\/#\/schema\/logo\/image\/\",\"url\":\"https:\/\/skaitytaknyga.lt\/wp-content\/uploads\/2024\/05\/cropped-cropped-cropped-02_00843_jt3bggkj1j3HLc7SyY6rEUpg.jpeg\",\"contentUrl\":\"https:\/\/skaitytaknyga.lt\/wp-content\/uploads\/2024\/05\/cropped-cropped-cropped-02_00843_jt3bggkj1j3HLc7SyY6rEUpg.jpeg\",\"width\":1600,\"height\":1600,\"caption\":\"skaitytaknyga.lt\"},\"image\":{\"@id\":\"https:\/\/skaitytaknyga.lt\/#\/schema\/logo\/image\/\"},\"sameAs\":[\"https:\/\/www.facebook.com\/skaitytaknyga\/\"]}]}<\/script>\n<!-- \/ Yoast SEO plugin. -->","yoast_head_json":{"title":"Meil\u0117s tarnait\u0117s","description":"Violaine Vanoyeke \u2013 \u017einoma kalbinink\u0117, egiptolog\u0117, helenist\u0117, lotynist\u0117, sen\u0173j\u0173 civilizacij\u0173 ir literat\u016br\u0173 specialist\u0117. ,,Meil\u0117s tarnait\u0117s...\u201c supa\u017eindina","robots":{"index":"index","follow":"follow","max-snippet":"max-snippet:-1","max-image-preview":"max-image-preview:large","max-video-preview":"max-video-preview:-1"},"canonical":"https:\/\/skaitytaknyga.lt\/en\/produktas\/beryl-smallet-historians-in-the-middle-ages-nedideli-defektai\/","og_locale":"en_GB","og_type":"article","og_title":"[:lt]Meil\u0117s tarnait\u0117s[:] - Skaitytaknyga","og_description":"Violaine Vanoyeke \u2013 \u017einoma kalbinink\u0117, egiptolog\u0117, helenist\u0117, lotynist\u0117, sen\u0173j\u0173 civilizacij\u0173 ir literat\u016br\u0173 specialist\u0117. ,,Meil\u0117s tarnait\u0117s...\u201c supa\u017eindina","og_url":"https:\/\/skaitytaknyga.lt\/en\/produktas\/beryl-smallet-historians-in-the-middle-ages-nedideli-defektai\/","og_site_name":"Skaitytaknyga","article_publisher":"https:\/\/www.facebook.com\/skaitytaknyga\/","article_modified_time":"2025-05-28T06:31:16+00:00","og_image":[{"width":516,"height":800,"url":"https:\/\/skaitytaknyga.lt\/wp-content\/uploads\/2024\/07\/1462878499_img0012.webp","type":"image\/webp"}],"twitter_card":"summary_large_image","twitter_misc":{"Estimated reading time":"1 minute"},"schema":{"@context":"https:\/\/schema.org","@graph":[{"@type":"WebPage","@id":"https:\/\/skaitytaknyga.lt\/produktas\/beryl-smallet-historians-in-the-middle-ages-nedideli-defektai\/","url":"https:\/\/skaitytaknyga.lt\/produktas\/beryl-smallet-historians-in-the-middle-ages-nedideli-defektai\/","name":"Meil\u0117s tarnait\u0117s","isPartOf":{"@id":"https:\/\/skaitytaknyga.lt\/#website"},"primaryImageOfPage":{"@id":"https:\/\/skaitytaknyga.lt\/produktas\/beryl-smallet-historians-in-the-middle-ages-nedideli-defektai\/#primaryimage"},"image":{"@id":"https:\/\/skaitytaknyga.lt\/produktas\/beryl-smallet-historians-in-the-middle-ages-nedideli-defektai\/#primaryimage"},"thumbnailUrl":"https:\/\/skaitytaknyga.lt\/wp-content\/uploads\/2024\/07\/1462878499_img0012.webp","datePublished":"2024-07-13T16:10:04+00:00","dateModified":"2025-05-28T06:31:16+00:00","description":"Violaine Vanoyeke \u2013 \u017einoma kalbinink\u0117, egiptolog\u0117, helenist\u0117, lotynist\u0117, sen\u0173j\u0173 civilizacij\u0173 ir literat\u016br\u0173 specialist\u0117. ,,Meil\u0117s tarnait\u0117s...\u201c supa\u017eindina","breadcrumb":{"@id":"https:\/\/skaitytaknyga.lt\/produktas\/beryl-smallet-historians-in-the-middle-ages-nedideli-defektai\/#breadcrumb"},"inLanguage":"en-GB","potentialAction":[{"@type":"ReadAction","target":["https:\/\/skaitytaknyga.lt\/produktas\/beryl-smallet-historians-in-the-middle-ages-nedideli-defektai\/"]}]},{"@type":"ImageObject","inLanguage":"en-GB","@id":"https:\/\/skaitytaknyga.lt\/produktas\/beryl-smallet-historians-in-the-middle-ages-nedideli-defektai\/#primaryimage","url":"https:\/\/skaitytaknyga.lt\/wp-content\/uploads\/2024\/07\/1462878499_img0012.webp","contentUrl":"https:\/\/skaitytaknyga.lt\/wp-content\/uploads\/2024\/07\/1462878499_img0012.webp","width":516,"height":800,"caption":"Meil\u0117s tarnait\u0117s"},{"@type":"BreadcrumbList","@id":"https:\/\/skaitytaknyga.lt\/produktas\/beryl-smallet-historians-in-the-middle-ages-nedideli-defektai\/#breadcrumb","itemListElement":[{"@type":"ListItem","position":1,"name":"Home","item":"https:\/\/skaitytaknyga.lt\/"},{"@type":"ListItem","position":2,"name":"Parduotuv\u0117","item":"https:\/\/skaitytaknyga.lt\/knygu-parduotuve\/"},{"@type":"ListItem","position":3,"name":"Meil\u0117s tarnait\u0117s"}]},{"@type":"WebSite","@id":"https:\/\/skaitytaknyga.lt\/#website","url":"https:\/\/skaitytaknyga.lt\/","name":"skaitytaknyga.lt","description":"Skaitytaknyga.lt \u2013 tai ma\u017eas \u0161eimos verslas, kuris prasid\u0117jo nuo meil\u0117s knygoms ir siekio i\u0161gelb\u0117ti knygas nuo likimo prie konteinerio. Kas vienam nereikalingas daiktas \u2013 kitam lobis, o mes esame tarpininkai, kurie padeda abiems tapti laimingesniems ???? \u017dinome kaip nelengva i\u0161gyventi ma\u017eiems verslams, tad nuo \u0161iol, \u010dia rasite ir kit\u0173, ma\u017e\u0173 \u0161eim\u0173 versl\u0173, rank\u0173 darbo, dovan\u0173 sau ir artimiesiems.","publisher":{"@id":"https:\/\/skaitytaknyga.lt\/#organization"},"potentialAction":[{"@type":"SearchAction","target":{"@type":"EntryPoint","urlTemplate":"https:\/\/skaitytaknyga.lt\/?s={search_term_string}"},"query-input":{"@type":"PropertyValueSpecification","valueRequired":true,"valueName":"search_term_string"}}],"inLanguage":"en-GB"},{"@type":"Organization","@id":"https:\/\/skaitytaknyga.lt\/#organization","name":"skaitytaknyga.lt","url":"https:\/\/skaitytaknyga.lt\/","logo":{"@type":"ImageObject","inLanguage":"en-GB","@id":"https:\/\/skaitytaknyga.lt\/#\/schema\/logo\/image\/","url":"https:\/\/skaitytaknyga.lt\/wp-content\/uploads\/2024\/05\/cropped-cropped-cropped-02_00843_jt3bggkj1j3HLc7SyY6rEUpg.jpeg","contentUrl":"https:\/\/skaitytaknyga.lt\/wp-content\/uploads\/2024\/05\/cropped-cropped-cropped-02_00843_jt3bggkj1j3HLc7SyY6rEUpg.jpeg","width":1600,"height":1600,"caption":"skaitytaknyga.lt"},"image":{"@id":"https:\/\/skaitytaknyga.lt\/#\/schema\/logo\/image\/"},"sameAs":["https:\/\/www.facebook.com\/skaitytaknyga\/"]}]}},"_links":{"self":[{"href":"https:\/\/skaitytaknyga.lt\/en\/wp-json\/wp\/v2\/product\/12881","targetHints":{"allow":["GET"]}}],"collection":[{"href":"https:\/\/skaitytaknyga.lt\/en\/wp-json\/wp\/v2\/product"}],"about":[{"href":"https:\/\/skaitytaknyga.lt\/en\/wp-json\/wp\/v2\/types\/product"}],"replies":[{"embeddable":true,"href":"https:\/\/skaitytaknyga.lt\/en\/wp-json\/wp\/v2\/comments?post=12881"}],"wp:featuredmedia":[{"embeddable":true,"href":"https:\/\/skaitytaknyga.lt\/en\/wp-json\/wp\/v2\/media\/12882"}],"wp:attachment":[{"href":"https:\/\/skaitytaknyga.lt\/en\/wp-json\/wp\/v2\/media?parent=12881"}],"wp:term":[{"taxonomy":"product_brand","embeddable":true,"href":"https:\/\/skaitytaknyga.lt\/en\/wp-json\/wp\/v2\/product_brand?post=12881"},{"taxonomy":"product_cat","embeddable":true,"href":"https:\/\/skaitytaknyga.lt\/en\/wp-json\/wp\/v2\/product_cat?post=12881"},{"taxonomy":"product_tag","embeddable":true,"href":"https:\/\/skaitytaknyga.lt\/en\/wp-json\/wp\/v2\/product_tag?post=12881"}],"curies":[{"name":"wp","href":"https:\/\/api.w.org\/{rel}","templated":true}]}}