{"id":12878,"date":"2024-07-13T19:06:56","date_gmt":"2024-07-13T16:06:56","guid":{"rendered":"https:\/\/skaitytaknyga.lt\/produktas\/beryl-smallet-historians-in-the-middle-ages\/"},"modified":"2025-05-12T08:26:42","modified_gmt":"2025-05-12T05:26:42","slug":"beryl-smallet-historians-in-the-middle-ages","status":"publish","type":"product","link":"https:\/\/skaitytaknyga.lt\/en\/produktas\/beryl-smallet-historians-in-the-middle-ages\/","title":{"rendered":",Historians in the Middle Ages\u201d"},"content":{"rendered":"<p>What is a fit subject for history? How should it be presented? On what authority, does it rest?<\/p>\n<p>The period from 800 to 1150 saw a significant change in the answers to these questions.<\/p>\n<p>In this book, the first on the subject in English, Beryl Smalley traces the development from Einhard, who saw his Life of Charlemagne as an imperial biography in the tradition of Suetonius, to the recorders of conquest and crusade, who were freed by the novelty and excitement of their story trom dependence on ancient models. Men such as William of Tyre, who was himself adviser to the kings of Jerusalem, and Ville-hardouin, who went on the Fourth Crusade, directly participated in the events about which they wrote. The author also examines the basic ideas which shaped the historians thought-what they inherited from the Roman world, and what they took from the Bible. In the same way, the pictures accompanying the text illustrate not only the histories themselves, but also medieval man&#8217;s view of the world and its impact on his interpretation of events.<\/p>\n<p>Dr Smalley is a distinguished medieval historian and former Vice-Principal of St Hilda&#8217;s College, Oxford. Her other books include The Study of the Bible in the Middle Ages and The Becket Conflict and the Schools: a Study of Intellectuals in Politics in the Twelfth Century.<\/p>\n<p>jacket: Medieval historians found chapter-divisions for world history in the apocalyptic books of the Bible. Here, the statue and the tree seen by Nebuchadnezzar and interpreted by Danic are identified with six ages of the world, from Adam to Christ. From an illustrated encyclopedia, Lambert of St Omer&#8217;s Liber floridus, before 1120. Ghent University Library<\/p>\n","protected":false},"excerpt":{"rendered":"<p>What is a fit subject for history? How should it be presented? On what authority, does it rest? The period from 800 to 1150 saw a significant change in the answers to these questions. In this book, the first on the subject in English, Beryl Smalley traces the development from Einhard, who saw his Life of Charlemagne as an imperial biography in the tradition of Suetonius, to the recorders of conquest and crusade, who were freed by the novelty and excitement of their story trom dependence on ancient models. Men such as William of Tyre, who was himself adviser to the kings of Jerusalem, and Ville-hardouin, who went on the Fourth Crusade, directly participated in the events about which they wrote. The author also examines the basic ideas which shaped the historians thought-what they inherited from the Roman world, and what they took from the Bible. In the same way, the pictures accompanying the text illustrate not only the histories themselves, but also medieval man&#8217;s view of the world and its impact on his interpretation of events. Dr Smalley is a distinguished medieval historian and former Vice-Principal of St Hilda&#8217;s College, Oxford. Her other books include The Study of the Bible in the Middle Ages and The Becket Conflict and the Schools: a Study of Intellectuals in Politics in the Twelfth Century. jacket: Medieval historians found chapter-divisions for world history in the apocalyptic books of the Bible. Here, the statue and the tree seen by Nebuchadnezzar and interpreted by Danic are identified with six ages of the world, from Adam to Christ. From an illustrated encyclopedia, Lambert of St Omer&#8217;s Liber floridus, before 1120. Ghent University Library<\/p>\n","protected":false},"featured_media":12879,"comment_status":"open","ping_status":"closed","template":"","meta":{"_acf_changed":false,"site-sidebar-layout":"default","site-content-layout":"","ast-site-content-layout":"default","site-content-style":"default","site-sidebar-style":"default","ast-global-header-display":"","ast-banner-title-visibility":"","ast-main-header-display":"","ast-hfb-above-header-display":"","ast-hfb-below-header-display":"","ast-hfb-mobile-header-display":"","site-post-title":"","ast-breadcrumbs-content":"","ast-featured-img":"","footer-sml-layout":"","ast-disable-related-posts":"","theme-transparent-header-meta":"default","adv-header-id-meta":"","stick-header-meta":"","header-above-stick-meta":"","header-main-stick-meta":"","header-below-stick-meta":"","astra-migrate-meta-layouts":"set","ast-page-background-enabled":"default","ast-page-background-meta":{"desktop":{"background-color":"","background-image":"","background-repeat":"repeat","background-position":"center center","background-size":"auto","background-attachment":"scroll","background-type":"","background-media":"","overlay-type":"","overlay-color":"","overlay-opacity":"","overlay-gradient":""},"tablet":{"background-color":"","background-image":"","background-repeat":"repeat","background-position":"center center","background-size":"auto","background-attachment":"scroll","background-type":"","background-media":"","overlay-type":"","overlay-color":"","overlay-opacity":"","overlay-gradient":""},"mobile":{"background-color":"","background-image":"","background-repeat":"repeat","background-position":"center center","background-size":"auto","background-attachment":"scroll","background-type":"","background-media":"","overlay-type":"","overlay-color":"","overlay-opacity":"","overlay-gradient":""}},"ast-content-background-meta":{"desktop":{"background-color":"var(--ast-global-color-4)","background-image":"","background-repeat":"repeat","background-position":"center center","background-size":"auto","background-attachment":"scroll","background-type":"","background-media":"","overlay-type":"","overlay-color":"","overlay-opacity":"","overlay-gradient":""},"tablet":{"background-color":"var(--ast-global-color-4)","background-image":"","background-repeat":"repeat","background-position":"center center","background-size":"auto","background-attachment":"scroll","background-type":"","background-media":"","overlay-type":"","overlay-color":"","overlay-opacity":"","overlay-gradient":""},"mobile":{"background-color":"var(--ast-global-color-4)","background-image":"","background-repeat":"repeat","background-position":"center center","background-size":"auto","background-attachment":"scroll","background-type":"","background-media":"","overlay-type":"","overlay-color":"","overlay-opacity":"","overlay-gradient":""}}},"product_brand":[],"product_cat":[174,15,34],"product_tag":[],"class_list":{"0":"post-12878","1":"product","2":"type-product","3":"status-publish","4":"has-post-thumbnail","6":"product_cat-istorija-ir-politologija","7":"product_cat-uncategorized","8":"product_cat-knygos-anglu-kalba","9":"desktop-align-left","10":"tablet-align-left","11":"mobile-align-left","13":"first","14":"outofstock","15":"shipping-taxable","16":"purchasable","17":"product-type-simple"},"acf":[],"yoast_head":"<!-- This site is optimized with the Yoast SEO plugin v27.0 - https:\/\/yoast.com\/product\/yoast-seo-wordpress\/ -->\n<title>,Historians in the Middle Ages\u201d<\/title>\n<meta name=\"description\" content=\"What is a fit subject for history? How should it be presented? On what authority, does it rest? The period from 800 to 1150 saw a significant change in\" \/>\n<meta name=\"robots\" content=\"index, follow, max-snippet:-1, max-image-preview:large, max-video-preview:-1\" \/>\n<link rel=\"canonical\" href=\"https:\/\/skaitytaknyga.lt\/en\/produktas\/beryl-smallet-historians-in-the-middle-ages\/\" \/>\n<meta property=\"og:locale\" content=\"en_GB\" \/>\n<meta property=\"og:locale:alternate\" content=\"lt_LT\" \/>\n<meta property=\"og:type\" content=\"article\" \/>\n<meta property=\"og:title\" content=\",Historians in the Middle Ages\u201d\" \/>\n<meta property=\"og:description\" content=\"What is a fit subject for history? How should it be presented? On what authority, does it rest? The period from 800 to 1150 saw a significant change in\" \/>\n<meta property=\"og:url\" content=\"https:\/\/skaitytaknyga.lt\/en\/produktas\/beryl-smallet-historians-in-the-middle-ages\/\" \/>\n<meta property=\"og:site_name\" content=\"Skaitytaknyga\" \/>\n<meta property=\"article:publisher\" content=\"https:\/\/www.facebook.com\/skaitytaknyga\/\" \/>\n<meta property=\"article:modified_time\" content=\"2025-05-12T05:26:42+00:00\" \/>\n<meta property=\"og:image\" content=\"https:\/\/skaitytaknyga.lt\/wp-content\/uploads\/2024\/07\/91x9Sts2H3L._AC_UF10001000_QL80_-1.jpg\" \/>\n\t<meta property=\"og:image:width\" content=\"757\" \/>\n\t<meta property=\"og:image:height\" content=\"1000\" \/>\n\t<meta property=\"og:image:type\" content=\"image\/jpeg\" \/>\n<meta name=\"twitter:card\" content=\"summary_large_image\" \/>\n<meta name=\"twitter:label1\" content=\"Estimated reading time\" \/>\n\t<meta name=\"twitter:data1\" content=\"2 minutes\" \/>\n<script type=\"application\/ld+json\" class=\"yoast-schema-graph\">{\"@context\":\"https:\/\/schema.org\",\"@graph\":[{\"@type\":\"WebPage\",\"@id\":\"https:\/\/skaitytaknyga.lt\/produktas\/beryl-smallet-historians-in-the-middle-ages\/\",\"url\":\"https:\/\/skaitytaknyga.lt\/produktas\/beryl-smallet-historians-in-the-middle-ages\/\",\"name\":\",Historians in the Middle Ages\u201d\",\"isPartOf\":{\"@id\":\"https:\/\/skaitytaknyga.lt\/#website\"},\"primaryImageOfPage\":{\"@id\":\"https:\/\/skaitytaknyga.lt\/produktas\/beryl-smallet-historians-in-the-middle-ages\/#primaryimage\"},\"image\":{\"@id\":\"https:\/\/skaitytaknyga.lt\/produktas\/beryl-smallet-historians-in-the-middle-ages\/#primaryimage\"},\"thumbnailUrl\":\"https:\/\/skaitytaknyga.lt\/wp-content\/uploads\/2024\/07\/91x9Sts2H3L._AC_UF10001000_QL80_-1.jpg\",\"datePublished\":\"2024-07-13T16:06:56+00:00\",\"dateModified\":\"2025-05-12T05:26:42+00:00\",\"description\":\"What is a fit subject for history? How should it be presented? On what authority, does it rest? The period from 800 to 1150 saw a significant change in\",\"breadcrumb\":{\"@id\":\"https:\/\/skaitytaknyga.lt\/produktas\/beryl-smallet-historians-in-the-middle-ages\/#breadcrumb\"},\"inLanguage\":\"en-GB\",\"potentialAction\":[{\"@type\":\"ReadAction\",\"target\":[\"https:\/\/skaitytaknyga.lt\/produktas\/beryl-smallet-historians-in-the-middle-ages\/\"]}]},{\"@type\":\"ImageObject\",\"inLanguage\":\"en-GB\",\"@id\":\"https:\/\/skaitytaknyga.lt\/produktas\/beryl-smallet-historians-in-the-middle-ages\/#primaryimage\",\"url\":\"https:\/\/skaitytaknyga.lt\/wp-content\/uploads\/2024\/07\/91x9Sts2H3L._AC_UF10001000_QL80_-1.jpg\",\"contentUrl\":\"https:\/\/skaitytaknyga.lt\/wp-content\/uploads\/2024\/07\/91x9Sts2H3L._AC_UF10001000_QL80_-1.jpg\",\"width\":757,\"height\":1000,\"caption\":\"Historians in the Middle Ages\"},{\"@type\":\"BreadcrumbList\",\"@id\":\"https:\/\/skaitytaknyga.lt\/produktas\/beryl-smallet-historians-in-the-middle-ages\/#breadcrumb\",\"itemListElement\":[{\"@type\":\"ListItem\",\"position\":1,\"name\":\"Home\",\"item\":\"https:\/\/skaitytaknyga.lt\/\"},{\"@type\":\"ListItem\",\"position\":2,\"name\":\"Parduotuv\u0117\",\"item\":\"https:\/\/skaitytaknyga.lt\/knygu-parduotuve\/\"},{\"@type\":\"ListItem\",\"position\":3,\"name\":\",Historians in the Middle Ages\u201d\"}]},{\"@type\":\"WebSite\",\"@id\":\"https:\/\/skaitytaknyga.lt\/#website\",\"url\":\"https:\/\/skaitytaknyga.lt\/\",\"name\":\"skaitytaknyga.lt\",\"description\":\"Skaitytaknyga.lt \u2013 tai ma\u017eas \u0161eimos verslas, kuris prasid\u0117jo nuo meil\u0117s knygoms ir siekio i\u0161gelb\u0117ti knygas nuo likimo prie konteinerio. Kas vienam nereikalingas daiktas \u2013 kitam lobis, o mes esame tarpininkai, kurie padeda abiems tapti laimingesniems ???? \u017dinome kaip nelengva i\u0161gyventi ma\u017eiems verslams, tad nuo \u0161iol, \u010dia rasite ir kit\u0173, ma\u017e\u0173 \u0161eim\u0173 versl\u0173, rank\u0173 darbo, dovan\u0173 sau ir artimiesiems.\",\"publisher\":{\"@id\":\"https:\/\/skaitytaknyga.lt\/#organization\"},\"potentialAction\":[{\"@type\":\"SearchAction\",\"target\":{\"@type\":\"EntryPoint\",\"urlTemplate\":\"https:\/\/skaitytaknyga.lt\/?s={search_term_string}\"},\"query-input\":{\"@type\":\"PropertyValueSpecification\",\"valueRequired\":true,\"valueName\":\"search_term_string\"}}],\"inLanguage\":\"en-GB\"},{\"@type\":\"Organization\",\"@id\":\"https:\/\/skaitytaknyga.lt\/#organization\",\"name\":\"skaitytaknyga.lt\",\"url\":\"https:\/\/skaitytaknyga.lt\/\",\"logo\":{\"@type\":\"ImageObject\",\"inLanguage\":\"en-GB\",\"@id\":\"https:\/\/skaitytaknyga.lt\/#\/schema\/logo\/image\/\",\"url\":\"https:\/\/skaitytaknyga.lt\/wp-content\/uploads\/2024\/05\/cropped-cropped-cropped-02_00843_jt3bggkj1j3HLc7SyY6rEUpg.jpeg\",\"contentUrl\":\"https:\/\/skaitytaknyga.lt\/wp-content\/uploads\/2024\/05\/cropped-cropped-cropped-02_00843_jt3bggkj1j3HLc7SyY6rEUpg.jpeg\",\"width\":1600,\"height\":1600,\"caption\":\"skaitytaknyga.lt\"},\"image\":{\"@id\":\"https:\/\/skaitytaknyga.lt\/#\/schema\/logo\/image\/\"},\"sameAs\":[\"https:\/\/www.facebook.com\/skaitytaknyga\/\"]}]}<\/script>\n<!-- \/ Yoast SEO plugin. -->","yoast_head_json":{"title":",Historians in the Middle Ages\u201d","description":"What is a fit subject for history? How should it be presented? On what authority, does it rest? The period from 800 to 1150 saw a significant change in","robots":{"index":"index","follow":"follow","max-snippet":"max-snippet:-1","max-image-preview":"max-image-preview:large","max-video-preview":"max-video-preview:-1"},"canonical":"https:\/\/skaitytaknyga.lt\/en\/produktas\/beryl-smallet-historians-in-the-middle-ages\/","og_locale":"en_GB","og_type":"article","og_title":"[:lt],Historians in the Middle Ages\u201d[:] - Skaitytaknyga","og_description":"What is a fit subject for history? How should it be presented? On what authority, does it rest? The period from 800 to 1150 saw a significant change in","og_url":"https:\/\/skaitytaknyga.lt\/en\/produktas\/beryl-smallet-historians-in-the-middle-ages\/","og_site_name":"Skaitytaknyga","article_publisher":"https:\/\/www.facebook.com\/skaitytaknyga\/","article_modified_time":"2025-05-12T05:26:42+00:00","og_image":[{"width":757,"height":1000,"url":"https:\/\/skaitytaknyga.lt\/wp-content\/uploads\/2024\/07\/91x9Sts2H3L._AC_UF10001000_QL80_-1.jpg","type":"image\/jpeg"}],"twitter_card":"summary_large_image","twitter_misc":{"Estimated reading time":"2 minutes"},"schema":{"@context":"https:\/\/schema.org","@graph":[{"@type":"WebPage","@id":"https:\/\/skaitytaknyga.lt\/produktas\/beryl-smallet-historians-in-the-middle-ages\/","url":"https:\/\/skaitytaknyga.lt\/produktas\/beryl-smallet-historians-in-the-middle-ages\/","name":",Historians in the Middle Ages\u201d","isPartOf":{"@id":"https:\/\/skaitytaknyga.lt\/#website"},"primaryImageOfPage":{"@id":"https:\/\/skaitytaknyga.lt\/produktas\/beryl-smallet-historians-in-the-middle-ages\/#primaryimage"},"image":{"@id":"https:\/\/skaitytaknyga.lt\/produktas\/beryl-smallet-historians-in-the-middle-ages\/#primaryimage"},"thumbnailUrl":"https:\/\/skaitytaknyga.lt\/wp-content\/uploads\/2024\/07\/91x9Sts2H3L._AC_UF10001000_QL80_-1.jpg","datePublished":"2024-07-13T16:06:56+00:00","dateModified":"2025-05-12T05:26:42+00:00","description":"What is a fit subject for history? How should it be presented? On what authority, does it rest? The period from 800 to 1150 saw a significant change in","breadcrumb":{"@id":"https:\/\/skaitytaknyga.lt\/produktas\/beryl-smallet-historians-in-the-middle-ages\/#breadcrumb"},"inLanguage":"en-GB","potentialAction":[{"@type":"ReadAction","target":["https:\/\/skaitytaknyga.lt\/produktas\/beryl-smallet-historians-in-the-middle-ages\/"]}]},{"@type":"ImageObject","inLanguage":"en-GB","@id":"https:\/\/skaitytaknyga.lt\/produktas\/beryl-smallet-historians-in-the-middle-ages\/#primaryimage","url":"https:\/\/skaitytaknyga.lt\/wp-content\/uploads\/2024\/07\/91x9Sts2H3L._AC_UF10001000_QL80_-1.jpg","contentUrl":"https:\/\/skaitytaknyga.lt\/wp-content\/uploads\/2024\/07\/91x9Sts2H3L._AC_UF10001000_QL80_-1.jpg","width":757,"height":1000,"caption":"Historians in the Middle Ages"},{"@type":"BreadcrumbList","@id":"https:\/\/skaitytaknyga.lt\/produktas\/beryl-smallet-historians-in-the-middle-ages\/#breadcrumb","itemListElement":[{"@type":"ListItem","position":1,"name":"Home","item":"https:\/\/skaitytaknyga.lt\/"},{"@type":"ListItem","position":2,"name":"Parduotuv\u0117","item":"https:\/\/skaitytaknyga.lt\/knygu-parduotuve\/"},{"@type":"ListItem","position":3,"name":",Historians in the Middle Ages\u201d"}]},{"@type":"WebSite","@id":"https:\/\/skaitytaknyga.lt\/#website","url":"https:\/\/skaitytaknyga.lt\/","name":"skaitytaknyga.lt","description":"Skaitytaknyga.lt \u2013 tai ma\u017eas \u0161eimos verslas, kuris prasid\u0117jo nuo meil\u0117s knygoms ir siekio i\u0161gelb\u0117ti knygas nuo likimo prie konteinerio. Kas vienam nereikalingas daiktas \u2013 kitam lobis, o mes esame tarpininkai, kurie padeda abiems tapti laimingesniems ???? \u017dinome kaip nelengva i\u0161gyventi ma\u017eiems verslams, tad nuo \u0161iol, \u010dia rasite ir kit\u0173, ma\u017e\u0173 \u0161eim\u0173 versl\u0173, rank\u0173 darbo, dovan\u0173 sau ir artimiesiems.","publisher":{"@id":"https:\/\/skaitytaknyga.lt\/#organization"},"potentialAction":[{"@type":"SearchAction","target":{"@type":"EntryPoint","urlTemplate":"https:\/\/skaitytaknyga.lt\/?s={search_term_string}"},"query-input":{"@type":"PropertyValueSpecification","valueRequired":true,"valueName":"search_term_string"}}],"inLanguage":"en-GB"},{"@type":"Organization","@id":"https:\/\/skaitytaknyga.lt\/#organization","name":"skaitytaknyga.lt","url":"https:\/\/skaitytaknyga.lt\/","logo":{"@type":"ImageObject","inLanguage":"en-GB","@id":"https:\/\/skaitytaknyga.lt\/#\/schema\/logo\/image\/","url":"https:\/\/skaitytaknyga.lt\/wp-content\/uploads\/2024\/05\/cropped-cropped-cropped-02_00843_jt3bggkj1j3HLc7SyY6rEUpg.jpeg","contentUrl":"https:\/\/skaitytaknyga.lt\/wp-content\/uploads\/2024\/05\/cropped-cropped-cropped-02_00843_jt3bggkj1j3HLc7SyY6rEUpg.jpeg","width":1600,"height":1600,"caption":"skaitytaknyga.lt"},"image":{"@id":"https:\/\/skaitytaknyga.lt\/#\/schema\/logo\/image\/"},"sameAs":["https:\/\/www.facebook.com\/skaitytaknyga\/"]}]}},"_links":{"self":[{"href":"https:\/\/skaitytaknyga.lt\/en\/wp-json\/wp\/v2\/product\/12878","targetHints":{"allow":["GET"]}}],"collection":[{"href":"https:\/\/skaitytaknyga.lt\/en\/wp-json\/wp\/v2\/product"}],"about":[{"href":"https:\/\/skaitytaknyga.lt\/en\/wp-json\/wp\/v2\/types\/product"}],"replies":[{"embeddable":true,"href":"https:\/\/skaitytaknyga.lt\/en\/wp-json\/wp\/v2\/comments?post=12878"}],"wp:featuredmedia":[{"embeddable":true,"href":"https:\/\/skaitytaknyga.lt\/en\/wp-json\/wp\/v2\/media\/12879"}],"wp:attachment":[{"href":"https:\/\/skaitytaknyga.lt\/en\/wp-json\/wp\/v2\/media?parent=12878"}],"wp:term":[{"taxonomy":"product_brand","embeddable":true,"href":"https:\/\/skaitytaknyga.lt\/en\/wp-json\/wp\/v2\/product_brand?post=12878"},{"taxonomy":"product_cat","embeddable":true,"href":"https:\/\/skaitytaknyga.lt\/en\/wp-json\/wp\/v2\/product_cat?post=12878"},{"taxonomy":"product_tag","embeddable":true,"href":"https:\/\/skaitytaknyga.lt\/en\/wp-json\/wp\/v2\/product_tag?post=12878"}],"curies":[{"name":"wp","href":"https:\/\/api.w.org\/{rel}","templated":true}]}}