{"id":12876,"date":"2024-04-13T18:58:17","date_gmt":"2024-04-13T15:58:17","guid":{"rendered":"https:\/\/skaitytaknyga.lt\/?post_type=product&#038;p=12876"},"modified":"2026-03-24T19:57:04","modified_gmt":"2026-03-24T17:57:04","slug":"aleksejus-tolstojus-keistuoliai-raisas-ponas-2","status":"publish","type":"product","link":"https:\/\/skaitytaknyga.lt\/en\/produktas\/aleksejus-tolstojus-keistuoliai-raisas-ponas-2\/","title":{"rendered":"T. Manas \u201eU\u017eburtas kalnas I-II tomai\u201c"},"content":{"rendered":"<p><strong>Tomas Manas<\/strong>\u00a0(Thomas Mann) \u2013 vokie\u010di\u0173 ra\u0161ytojas ir kritikas, viena \u017eymiausi\u0173 pirmosios XX-ojo am\u017eiaus prad\u017eios literat\u016brinio gyvenimo asmenybi\u0173. Tomo Mano k\u016briniams b\u016bdingas tikslus tiek \u0161iuolaikinio, tiek senov\u0117s gyvenimo detali\u0173 atvaizdavimas, \u012f\u017evalgi ir subtili intelektualin\u0117 id\u0117j\u0173 ir charakteri\u0173 analiz\u0117, kiek ironi\u0161kas, atsiriboj\u0119s, ta\u010diau persmelktas giliu tragizmo suvokimu \u017evilgsnis \u012f pasaul\u012f. Jo herojai, da\u017enai priklausantys vidurinei miestel\u0117n\u0173 klasei, patenka \u012f dvasinius konfliktus, kylan\u010dius tarp k\u016brybingo menininko, i\u0161skirtinio individo ir j\u012f ribojan\u010dios mies\u010dioni\u0161kos aplinkos.<\/p>\n","protected":false},"excerpt":{"rendered":"<p>Tomas Manas\u00a0(Thomas Mann) \u2013 vokie\u010di\u0173 ra\u0161ytojas ir kritikas, viena \u017eymiausi\u0173 pirmosios XX-ojo am\u017eiaus prad\u017eios literat\u016brinio gyvenimo asmenybi\u0173. Tomo Mano k\u016briniams b\u016bdingas tikslus tiek \u0161iuolaikinio, tiek senov\u0117s gyvenimo detali\u0173 atvaizdavimas, \u012f\u017evalgi ir subtili intelektualin\u0117 id\u0117j\u0173 ir charakteri\u0173 analiz\u0117, kiek ironi\u0161kas, atsiriboj\u0119s, ta\u010diau persmelktas giliu tragizmo suvokimu \u017evilgsnis \u012f pasaul\u012f. Jo herojai, da\u017enai priklausantys vidurinei miestel\u0117n\u0173 klasei, patenka \u012f dvasinius konfliktus, kylan\u010dius tarp k\u016brybingo menininko, i\u0161skirtinio individo ir j\u012f ribojan\u010dios mies\u010dioni\u0161kos aplinkos.<\/p>\n","protected":false},"featured_media":12877,"comment_status":"closed","ping_status":"closed","template":"","meta":{"_acf_changed":false,"site-sidebar-layout":"default","site-content-layout":"","ast-site-content-layout":"default","site-content-style":"default","site-sidebar-style":"default","ast-global-header-display":"","ast-banner-title-visibility":"","ast-main-header-display":"","ast-hfb-above-header-display":"","ast-hfb-below-header-display":"","ast-hfb-mobile-header-display":"","site-post-title":"","ast-breadcrumbs-content":"","ast-featured-img":"","footer-sml-layout":"","ast-disable-related-posts":"","theme-transparent-header-meta":"default","adv-header-id-meta":"","stick-header-meta":"","header-above-stick-meta":"","header-main-stick-meta":"","header-below-stick-meta":"","astra-migrate-meta-layouts":"set","ast-page-background-enabled":"default","ast-page-background-meta":{"desktop":{"background-color":"","background-image":"","background-repeat":"repeat","background-position":"center center","background-size":"auto","background-attachment":"scroll","background-type":"","background-media":"","overlay-type":"","overlay-color":"","overlay-opacity":"","overlay-gradient":""},"tablet":{"background-color":"","background-image":"","background-repeat":"repeat","background-position":"center center","background-size":"auto","background-attachment":"scroll","background-type":"","background-media":"","overlay-type":"","overlay-color":"","overlay-opacity":"","overlay-gradient":""},"mobile":{"background-color":"","background-image":"","background-repeat":"repeat","background-position":"center center","background-size":"auto","background-attachment":"scroll","background-type":"","background-media":"","overlay-type":"","overlay-color":"","overlay-opacity":"","overlay-gradient":""}},"ast-content-background-meta":{"desktop":{"background-color":"var(--ast-global-color-4)","background-image":"","background-repeat":"repeat","background-position":"center center","background-size":"auto","background-attachment":"scroll","background-type":"","background-media":"","overlay-type":"","overlay-color":"","overlay-opacity":"","overlay-gradient":""},"tablet":{"background-color":"var(--ast-global-color-4)","background-image":"","background-repeat":"repeat","background-position":"center center","background-size":"auto","background-attachment":"scroll","background-type":"","background-media":"","overlay-type":"","overlay-color":"","overlay-opacity":"","overlay-gradient":""},"mobile":{"background-color":"var(--ast-global-color-4)","background-image":"","background-repeat":"repeat","background-position":"center center","background-size":"auto","background-attachment":"scroll","background-type":"","background-media":"","overlay-type":"","overlay-color":"","overlay-opacity":"","overlay-gradient":""}}},"product_brand":[],"product_cat":[31,28],"product_tag":[],"class_list":{"0":"post-12876","1":"product","2":"type-product","3":"status-publish","4":"has-post-thumbnail","6":"product_cat-grozine-literatura","7":"product_cat-klasika","8":"pa_leidimo-metai-629","9":"pa_virselis-kietas","10":"desktop-align-left","11":"tablet-align-left","12":"mobile-align-left","14":"first","15":"instock","16":"shipping-taxable","17":"purchasable","18":"product-type-simple"},"acf":[],"yoast_head":"<!-- This site is optimized with the Yoast SEO plugin v27.0 - https:\/\/yoast.com\/product\/yoast-seo-wordpress\/ -->\n<title>T. Manas \u201eU\u017eburtas kalnas I-II tomai\u201c<\/title>\n<meta name=\"description\" content=\"Tomas Manas\u00a0(Thomas Mann) \u2013 vokie\u010di\u0173 ra\u0161ytojas ir kritikas, viena \u017eymiausi\u0173 pirmosios XX-ojo am\u017eiaus prad\u017eios literat\u016brinio gyvenimo asmenybi\u0173. Tomo Mano\" \/>\n<meta name=\"robots\" content=\"index, follow, max-snippet:-1, max-image-preview:large, max-video-preview:-1\" \/>\n<link rel=\"canonical\" href=\"https:\/\/skaitytaknyga.lt\/en\/produktas\/aleksejus-tolstojus-keistuoliai-raisas-ponas-2\/\" \/>\n<meta property=\"og:locale\" content=\"en_GB\" \/>\n<meta property=\"og:locale:alternate\" content=\"lt_LT\" \/>\n<meta property=\"og:type\" content=\"article\" \/>\n<meta property=\"og:title\" content=\"T. Manas \u201eU\u017eburtas kalnas I-II tomai\u201c\" \/>\n<meta property=\"og:description\" content=\"Tomas Manas\u00a0(Thomas Mann) \u2013 vokie\u010di\u0173 ra\u0161ytojas ir kritikas, viena \u017eymiausi\u0173 pirmosios XX-ojo am\u017eiaus prad\u017eios literat\u016brinio gyvenimo asmenybi\u0173. Tomo Mano\" \/>\n<meta property=\"og:url\" content=\"https:\/\/skaitytaknyga.lt\/en\/produktas\/aleksejus-tolstojus-keistuoliai-raisas-ponas-2\/\" \/>\n<meta property=\"og:site_name\" content=\"Skaitytaknyga\" \/>\n<meta property=\"article:publisher\" content=\"https:\/\/www.facebook.com\/skaitytaknyga\/\" \/>\n<meta property=\"article:modified_time\" content=\"2026-03-24T17:57:04+00:00\" \/>\n<meta property=\"og:image\" content=\"https:\/\/skaitytaknyga.lt\/wp-content\/uploads\/2024\/07\/jpg-0011.webp\" \/>\n\t<meta property=\"og:image:width\" content=\"520\" \/>\n\t<meta property=\"og:image:height\" content=\"800\" \/>\n\t<meta property=\"og:image:type\" content=\"image\/webp\" \/>\n<meta name=\"twitter:card\" content=\"summary_large_image\" \/>\n<meta name=\"twitter:label1\" content=\"Estimated reading time\" \/>\n\t<meta name=\"twitter:data1\" content=\"1 minute\" \/>\n<script type=\"application\/ld+json\" class=\"yoast-schema-graph\">{\"@context\":\"https:\/\/schema.org\",\"@graph\":[{\"@type\":\"WebPage\",\"@id\":\"https:\/\/skaitytaknyga.lt\/produktas\/aleksejus-tolstojus-keistuoliai-raisas-ponas-2\/\",\"url\":\"https:\/\/skaitytaknyga.lt\/produktas\/aleksejus-tolstojus-keistuoliai-raisas-ponas-2\/\",\"name\":\"T. Manas \u201eU\u017eburtas kalnas I-II tomai\u201c\",\"isPartOf\":{\"@id\":\"https:\/\/skaitytaknyga.lt\/#website\"},\"primaryImageOfPage\":{\"@id\":\"https:\/\/skaitytaknyga.lt\/produktas\/aleksejus-tolstojus-keistuoliai-raisas-ponas-2\/#primaryimage\"},\"image\":{\"@id\":\"https:\/\/skaitytaknyga.lt\/produktas\/aleksejus-tolstojus-keistuoliai-raisas-ponas-2\/#primaryimage\"},\"thumbnailUrl\":\"https:\/\/skaitytaknyga.lt\/wp-content\/uploads\/2024\/07\/jpg-0011.webp\",\"datePublished\":\"2024-04-13T15:58:17+00:00\",\"dateModified\":\"2026-03-24T17:57:04+00:00\",\"description\":\"Tomas Manas\u00a0(Thomas Mann) \u2013 vokie\u010di\u0173 ra\u0161ytojas ir kritikas, viena \u017eymiausi\u0173 pirmosios XX-ojo am\u017eiaus prad\u017eios literat\u016brinio gyvenimo asmenybi\u0173. Tomo Mano\",\"breadcrumb\":{\"@id\":\"https:\/\/skaitytaknyga.lt\/produktas\/aleksejus-tolstojus-keistuoliai-raisas-ponas-2\/#breadcrumb\"},\"inLanguage\":\"en-GB\",\"potentialAction\":[{\"@type\":\"ReadAction\",\"target\":[\"https:\/\/skaitytaknyga.lt\/produktas\/aleksejus-tolstojus-keistuoliai-raisas-ponas-2\/\"]}]},{\"@type\":\"ImageObject\",\"inLanguage\":\"en-GB\",\"@id\":\"https:\/\/skaitytaknyga.lt\/produktas\/aleksejus-tolstojus-keistuoliai-raisas-ponas-2\/#primaryimage\",\"url\":\"https:\/\/skaitytaknyga.lt\/wp-content\/uploads\/2024\/07\/jpg-0011.webp\",\"contentUrl\":\"https:\/\/skaitytaknyga.lt\/wp-content\/uploads\/2024\/07\/jpg-0011.webp\",\"width\":520,\"height\":800,\"caption\":\"U\u017eburtas kalnas I-II tomai\"},{\"@type\":\"BreadcrumbList\",\"@id\":\"https:\/\/skaitytaknyga.lt\/produktas\/aleksejus-tolstojus-keistuoliai-raisas-ponas-2\/#breadcrumb\",\"itemListElement\":[{\"@type\":\"ListItem\",\"position\":1,\"name\":\"Home\",\"item\":\"https:\/\/skaitytaknyga.lt\/\"},{\"@type\":\"ListItem\",\"position\":2,\"name\":\"Parduotuv\u0117\",\"item\":\"https:\/\/skaitytaknyga.lt\/knygu-parduotuve\/\"},{\"@type\":\"ListItem\",\"position\":3,\"name\":\"T. Manas \u201eU\u017eburtas kalnas I-II tomai\u201c\"}]},{\"@type\":\"WebSite\",\"@id\":\"https:\/\/skaitytaknyga.lt\/#website\",\"url\":\"https:\/\/skaitytaknyga.lt\/\",\"name\":\"skaitytaknyga.lt\",\"description\":\"Skaitytaknyga.lt \u2013 tai ma\u017eas \u0161eimos verslas, kuris prasid\u0117jo nuo meil\u0117s knygoms ir siekio i\u0161gelb\u0117ti knygas nuo likimo prie konteinerio. Kas vienam nereikalingas daiktas \u2013 kitam lobis, o mes esame tarpininkai, kurie padeda abiems tapti laimingesniems ???? \u017dinome kaip nelengva i\u0161gyventi ma\u017eiems verslams, tad nuo \u0161iol, \u010dia rasite ir kit\u0173, ma\u017e\u0173 \u0161eim\u0173 versl\u0173, rank\u0173 darbo, dovan\u0173 sau ir artimiesiems.\",\"publisher\":{\"@id\":\"https:\/\/skaitytaknyga.lt\/#organization\"},\"potentialAction\":[{\"@type\":\"SearchAction\",\"target\":{\"@type\":\"EntryPoint\",\"urlTemplate\":\"https:\/\/skaitytaknyga.lt\/?s={search_term_string}\"},\"query-input\":{\"@type\":\"PropertyValueSpecification\",\"valueRequired\":true,\"valueName\":\"search_term_string\"}}],\"inLanguage\":\"en-GB\"},{\"@type\":\"Organization\",\"@id\":\"https:\/\/skaitytaknyga.lt\/#organization\",\"name\":\"skaitytaknyga.lt\",\"url\":\"https:\/\/skaitytaknyga.lt\/\",\"logo\":{\"@type\":\"ImageObject\",\"inLanguage\":\"en-GB\",\"@id\":\"https:\/\/skaitytaknyga.lt\/#\/schema\/logo\/image\/\",\"url\":\"https:\/\/skaitytaknyga.lt\/wp-content\/uploads\/2024\/05\/cropped-cropped-cropped-02_00843_jt3bggkj1j3HLc7SyY6rEUpg.jpeg\",\"contentUrl\":\"https:\/\/skaitytaknyga.lt\/wp-content\/uploads\/2024\/05\/cropped-cropped-cropped-02_00843_jt3bggkj1j3HLc7SyY6rEUpg.jpeg\",\"width\":1600,\"height\":1600,\"caption\":\"skaitytaknyga.lt\"},\"image\":{\"@id\":\"https:\/\/skaitytaknyga.lt\/#\/schema\/logo\/image\/\"},\"sameAs\":[\"https:\/\/www.facebook.com\/skaitytaknyga\/\"]}]}<\/script>\n<!-- \/ Yoast SEO plugin. -->","yoast_head_json":{"title":"T. Manas \u201eU\u017eburtas kalnas I-II tomai\u201c","description":"Tomas Manas\u00a0(Thomas Mann) \u2013 vokie\u010di\u0173 ra\u0161ytojas ir kritikas, viena \u017eymiausi\u0173 pirmosios XX-ojo am\u017eiaus prad\u017eios literat\u016brinio gyvenimo asmenybi\u0173. Tomo Mano","robots":{"index":"index","follow":"follow","max-snippet":"max-snippet:-1","max-image-preview":"max-image-preview:large","max-video-preview":"max-video-preview:-1"},"canonical":"https:\/\/skaitytaknyga.lt\/en\/produktas\/aleksejus-tolstojus-keistuoliai-raisas-ponas-2\/","og_locale":"en_GB","og_type":"article","og_title":"[:lt]T. Manas \u201eU\u017eburtas kalnas I-II tomai\u201c[:] - Skaitytaknyga","og_description":"Tomas Manas\u00a0(Thomas Mann) \u2013 vokie\u010di\u0173 ra\u0161ytojas ir kritikas, viena \u017eymiausi\u0173 pirmosios XX-ojo am\u017eiaus prad\u017eios literat\u016brinio gyvenimo asmenybi\u0173. Tomo Mano","og_url":"https:\/\/skaitytaknyga.lt\/en\/produktas\/aleksejus-tolstojus-keistuoliai-raisas-ponas-2\/","og_site_name":"Skaitytaknyga","article_publisher":"https:\/\/www.facebook.com\/skaitytaknyga\/","article_modified_time":"2026-03-24T17:57:04+00:00","og_image":[{"width":520,"height":800,"url":"https:\/\/skaitytaknyga.lt\/wp-content\/uploads\/2024\/07\/jpg-0011.webp","type":"image\/webp"}],"twitter_card":"summary_large_image","twitter_misc":{"Estimated reading time":"1 minute"},"schema":{"@context":"https:\/\/schema.org","@graph":[{"@type":"WebPage","@id":"https:\/\/skaitytaknyga.lt\/produktas\/aleksejus-tolstojus-keistuoliai-raisas-ponas-2\/","url":"https:\/\/skaitytaknyga.lt\/produktas\/aleksejus-tolstojus-keistuoliai-raisas-ponas-2\/","name":"T. Manas \u201eU\u017eburtas kalnas I-II tomai\u201c","isPartOf":{"@id":"https:\/\/skaitytaknyga.lt\/#website"},"primaryImageOfPage":{"@id":"https:\/\/skaitytaknyga.lt\/produktas\/aleksejus-tolstojus-keistuoliai-raisas-ponas-2\/#primaryimage"},"image":{"@id":"https:\/\/skaitytaknyga.lt\/produktas\/aleksejus-tolstojus-keistuoliai-raisas-ponas-2\/#primaryimage"},"thumbnailUrl":"https:\/\/skaitytaknyga.lt\/wp-content\/uploads\/2024\/07\/jpg-0011.webp","datePublished":"2024-04-13T15:58:17+00:00","dateModified":"2026-03-24T17:57:04+00:00","description":"Tomas Manas\u00a0(Thomas Mann) \u2013 vokie\u010di\u0173 ra\u0161ytojas ir kritikas, viena \u017eymiausi\u0173 pirmosios XX-ojo am\u017eiaus prad\u017eios literat\u016brinio gyvenimo asmenybi\u0173. Tomo Mano","breadcrumb":{"@id":"https:\/\/skaitytaknyga.lt\/produktas\/aleksejus-tolstojus-keistuoliai-raisas-ponas-2\/#breadcrumb"},"inLanguage":"en-GB","potentialAction":[{"@type":"ReadAction","target":["https:\/\/skaitytaknyga.lt\/produktas\/aleksejus-tolstojus-keistuoliai-raisas-ponas-2\/"]}]},{"@type":"ImageObject","inLanguage":"en-GB","@id":"https:\/\/skaitytaknyga.lt\/produktas\/aleksejus-tolstojus-keistuoliai-raisas-ponas-2\/#primaryimage","url":"https:\/\/skaitytaknyga.lt\/wp-content\/uploads\/2024\/07\/jpg-0011.webp","contentUrl":"https:\/\/skaitytaknyga.lt\/wp-content\/uploads\/2024\/07\/jpg-0011.webp","width":520,"height":800,"caption":"U\u017eburtas kalnas I-II tomai"},{"@type":"BreadcrumbList","@id":"https:\/\/skaitytaknyga.lt\/produktas\/aleksejus-tolstojus-keistuoliai-raisas-ponas-2\/#breadcrumb","itemListElement":[{"@type":"ListItem","position":1,"name":"Home","item":"https:\/\/skaitytaknyga.lt\/"},{"@type":"ListItem","position":2,"name":"Parduotuv\u0117","item":"https:\/\/skaitytaknyga.lt\/knygu-parduotuve\/"},{"@type":"ListItem","position":3,"name":"T. Manas \u201eU\u017eburtas kalnas I-II tomai\u201c"}]},{"@type":"WebSite","@id":"https:\/\/skaitytaknyga.lt\/#website","url":"https:\/\/skaitytaknyga.lt\/","name":"skaitytaknyga.lt","description":"Skaitytaknyga.lt \u2013 tai ma\u017eas \u0161eimos verslas, kuris prasid\u0117jo nuo meil\u0117s knygoms ir siekio i\u0161gelb\u0117ti knygas nuo likimo prie konteinerio. Kas vienam nereikalingas daiktas \u2013 kitam lobis, o mes esame tarpininkai, kurie padeda abiems tapti laimingesniems ???? \u017dinome kaip nelengva i\u0161gyventi ma\u017eiems verslams, tad nuo \u0161iol, \u010dia rasite ir kit\u0173, ma\u017e\u0173 \u0161eim\u0173 versl\u0173, rank\u0173 darbo, dovan\u0173 sau ir artimiesiems.","publisher":{"@id":"https:\/\/skaitytaknyga.lt\/#organization"},"potentialAction":[{"@type":"SearchAction","target":{"@type":"EntryPoint","urlTemplate":"https:\/\/skaitytaknyga.lt\/?s={search_term_string}"},"query-input":{"@type":"PropertyValueSpecification","valueRequired":true,"valueName":"search_term_string"}}],"inLanguage":"en-GB"},{"@type":"Organization","@id":"https:\/\/skaitytaknyga.lt\/#organization","name":"skaitytaknyga.lt","url":"https:\/\/skaitytaknyga.lt\/","logo":{"@type":"ImageObject","inLanguage":"en-GB","@id":"https:\/\/skaitytaknyga.lt\/#\/schema\/logo\/image\/","url":"https:\/\/skaitytaknyga.lt\/wp-content\/uploads\/2024\/05\/cropped-cropped-cropped-02_00843_jt3bggkj1j3HLc7SyY6rEUpg.jpeg","contentUrl":"https:\/\/skaitytaknyga.lt\/wp-content\/uploads\/2024\/05\/cropped-cropped-cropped-02_00843_jt3bggkj1j3HLc7SyY6rEUpg.jpeg","width":1600,"height":1600,"caption":"skaitytaknyga.lt"},"image":{"@id":"https:\/\/skaitytaknyga.lt\/#\/schema\/logo\/image\/"},"sameAs":["https:\/\/www.facebook.com\/skaitytaknyga\/"]}]}},"_links":{"self":[{"href":"https:\/\/skaitytaknyga.lt\/en\/wp-json\/wp\/v2\/product\/12876","targetHints":{"allow":["GET"]}}],"collection":[{"href":"https:\/\/skaitytaknyga.lt\/en\/wp-json\/wp\/v2\/product"}],"about":[{"href":"https:\/\/skaitytaknyga.lt\/en\/wp-json\/wp\/v2\/types\/product"}],"replies":[{"embeddable":true,"href":"https:\/\/skaitytaknyga.lt\/en\/wp-json\/wp\/v2\/comments?post=12876"}],"wp:featuredmedia":[{"embeddable":true,"href":"https:\/\/skaitytaknyga.lt\/en\/wp-json\/wp\/v2\/media\/12877"}],"wp:attachment":[{"href":"https:\/\/skaitytaknyga.lt\/en\/wp-json\/wp\/v2\/media?parent=12876"}],"wp:term":[{"taxonomy":"product_brand","embeddable":true,"href":"https:\/\/skaitytaknyga.lt\/en\/wp-json\/wp\/v2\/product_brand?post=12876"},{"taxonomy":"product_cat","embeddable":true,"href":"https:\/\/skaitytaknyga.lt\/en\/wp-json\/wp\/v2\/product_cat?post=12876"},{"taxonomy":"product_tag","embeddable":true,"href":"https:\/\/skaitytaknyga.lt\/en\/wp-json\/wp\/v2\/product_tag?post=12876"}],"curies":[{"name":"wp","href":"https:\/\/api.w.org\/{rel}","templated":true}]}}