{"id":12873,"date":"2024-04-13T18:55:54","date_gmt":"2024-04-13T15:55:54","guid":{"rendered":"https:\/\/skaitytaknyga.lt\/?post_type=product&#038;p=12873"},"modified":"2024-07-15T10:19:01","modified_gmt":"2024-07-15T07:19:01","slug":"allan-cole-chris-bunch-stenas-pfaf-76","status":"publish","type":"product","link":"https:\/\/skaitytaknyga.lt\/en\/produktas\/allan-cole-chris-bunch-stenas-pfaf-76\/","title":{"rendered":"Isaac Asimov \u201eAm\u017einyb\u0117s pabaiga\u201c (PFAF 51)"},"content":{"rendered":"<p>Temporalinio lauko atradimas s\u0105lygojo galimyb\u0119 sukurti Am\u017einyb\u0119, superorganizacij\u0105, konstroliuojan\u010di\u0105 vis\u0105 pasaulio Istorij\u0105, vis\u0105 Realyb\u0119.<\/p>\n<p>Technikas Harlanas bei jo mylimoji Nois t\u0117ra menki sraigteliai giganti\u0161kame Am\u017einyb\u0117s mechanizme. Ta\u010diau kaip tik jiems lemta atlikti B\u016btin\u0105 Minimal\u0173 Poveik\u012f, kuris sukels stulbinan\u010di\u0105, katastrofi\u0161k\u0105 Maksimali\u0105 Laukiam\u0105 Reakcij\u0105.<\/p>\n","protected":false},"excerpt":{"rendered":"<p>Temporalinio lauko atradimas s\u0105lygojo galimyb\u0119 sukurti Am\u017einyb\u0119, superorganizacij\u0105, konstroliuojan\u010di\u0105 vis\u0105 pasaulio Istorij\u0105, vis\u0105 Realyb\u0119. Technikas Harlanas bei jo mylimoji Nois t\u0117ra menki sraigteliai giganti\u0161kame Am\u017einyb\u0117s mechanizme. Ta\u010diau kaip tik jiems lemta atlikti B\u016btin\u0105 Minimal\u0173 Poveik\u012f, kuris sukels stulbinan\u010di\u0105, katastrofi\u0161k\u0105 Maksimali\u0105 Laukiam\u0105 Reakcij\u0105.<\/p>\n","protected":false},"featured_media":12875,"comment_status":"closed","ping_status":"closed","template":"","meta":{"_acf_changed":false,"site-sidebar-layout":"default","site-content-layout":"","ast-site-content-layout":"default","site-content-style":"default","site-sidebar-style":"default","ast-global-header-display":"","ast-banner-title-visibility":"","ast-main-header-display":"","ast-hfb-above-header-display":"","ast-hfb-below-header-display":"","ast-hfb-mobile-header-display":"","site-post-title":"","ast-breadcrumbs-content":"","ast-featured-img":"","footer-sml-layout":"","ast-disable-related-posts":"","theme-transparent-header-meta":"default","adv-header-id-meta":"","stick-header-meta":"","header-above-stick-meta":"","header-main-stick-meta":"","header-below-stick-meta":"","astra-migrate-meta-layouts":"set","ast-page-background-enabled":"default","ast-page-background-meta":{"desktop":{"background-color":"","background-image":"","background-repeat":"repeat","background-position":"center center","background-size":"auto","background-attachment":"scroll","background-type":"","background-media":"","overlay-type":"","overlay-color":"","overlay-opacity":"","overlay-gradient":""},"tablet":{"background-color":"","background-image":"","background-repeat":"repeat","background-position":"center center","background-size":"auto","background-attachment":"scroll","background-type":"","background-media":"","overlay-type":"","overlay-color":"","overlay-opacity":"","overlay-gradient":""},"mobile":{"background-color":"","background-image":"","background-repeat":"repeat","background-position":"center center","background-size":"auto","background-attachment":"scroll","background-type":"","background-media":"","overlay-type":"","overlay-color":"","overlay-opacity":"","overlay-gradient":""}},"ast-content-background-meta":{"desktop":{"background-color":"var(--ast-global-color-4)","background-image":"","background-repeat":"repeat","background-position":"center center","background-size":"auto","background-attachment":"scroll","background-type":"","background-media":"","overlay-type":"","overlay-color":"","overlay-opacity":"","overlay-gradient":""},"tablet":{"background-color":"var(--ast-global-color-4)","background-image":"","background-repeat":"repeat","background-position":"center center","background-size":"auto","background-attachment":"scroll","background-type":"","background-media":"","overlay-type":"","overlay-color":"","overlay-opacity":"","overlay-gradient":""},"mobile":{"background-color":"var(--ast-global-color-4)","background-image":"","background-repeat":"repeat","background-position":"center center","background-size":"auto","background-attachment":"scroll","background-type":"","background-media":"","overlay-type":"","overlay-color":"","overlay-opacity":"","overlay-gradient":""}}},"product_brand":[],"product_cat":[1059],"product_tag":[458],"class_list":{"0":"post-12873","1":"product","2":"type-product","3":"status-publish","4":"has-post-thumbnail","6":"product_cat-pasaulines-fantastikos-aukso-fondas","7":"product_tag-pasauline-fantastikos-aukso-fondas","8":"desktop-align-left","9":"tablet-align-left","10":"mobile-align-left","12":"first","13":"instock","14":"shipping-taxable","15":"purchasable","16":"product-type-simple"},"acf":[],"yoast_head":"<!-- This site is optimized with the Yoast SEO plugin v27.0 - https:\/\/yoast.com\/product\/yoast-seo-wordpress\/ -->\n<title>Isaac Asimov \u201eAm\u017einyb\u0117s pabaiga\u201c (PFAF 51)<\/title>\n<meta name=\"description\" content=\"Temporalinio lauko atradimas s\u0105lygojo galimyb\u0119 sukurti Am\u017einyb\u0119, superorganizacij\u0105, konstroliuojan\u010di\u0105 vis\u0105 pasaulio Istorij\u0105, vis\u0105 Realyb\u0119. Technikas\" \/>\n<meta name=\"robots\" content=\"index, follow, max-snippet:-1, max-image-preview:large, max-video-preview:-1\" \/>\n<link rel=\"canonical\" href=\"https:\/\/skaitytaknyga.lt\/en\/produktas\/allan-cole-chris-bunch-stenas-pfaf-76\/\" \/>\n<meta property=\"og:locale\" content=\"en_GB\" \/>\n<meta property=\"og:locale:alternate\" content=\"lt_LT\" \/>\n<meta property=\"og:type\" content=\"article\" \/>\n<meta property=\"og:title\" content=\"Isaac Asimov \u201eAm\u017einyb\u0117s pabaiga\u201c (PFAF 51)\" \/>\n<meta property=\"og:description\" content=\"Temporalinio lauko atradimas s\u0105lygojo galimyb\u0119 sukurti Am\u017einyb\u0119, superorganizacij\u0105, konstroliuojan\u010di\u0105 vis\u0105 pasaulio Istorij\u0105, vis\u0105 Realyb\u0119. Technikas\" \/>\n<meta property=\"og:url\" content=\"https:\/\/skaitytaknyga.lt\/en\/produktas\/allan-cole-chris-bunch-stenas-pfaf-76\/\" \/>\n<meta property=\"og:site_name\" content=\"Skaitytaknyga\" \/>\n<meta property=\"article:publisher\" content=\"https:\/\/www.facebook.com\/skaitytaknyga\/\" \/>\n<meta property=\"article:modified_time\" content=\"2024-07-15T07:19:01+00:00\" \/>\n<meta property=\"og:image\" content=\"https:\/\/skaitytaknyga.lt\/wp-content\/uploads\/2024\/07\/1462880280_img0007.webp\" \/>\n\t<meta property=\"og:image:width\" content=\"507\" \/>\n\t<meta property=\"og:image:height\" content=\"800\" \/>\n\t<meta property=\"og:image:type\" content=\"image\/webp\" \/>\n<meta name=\"twitter:card\" content=\"summary_large_image\" \/>\n<meta name=\"twitter:label1\" content=\"Estimated reading time\" \/>\n\t<meta name=\"twitter:data1\" content=\"1 minute\" \/>\n<script type=\"application\/ld+json\" class=\"yoast-schema-graph\">{\"@context\":\"https:\/\/schema.org\",\"@graph\":[{\"@type\":\"WebPage\",\"@id\":\"https:\/\/skaitytaknyga.lt\/produktas\/allan-cole-chris-bunch-stenas-pfaf-76\/\",\"url\":\"https:\/\/skaitytaknyga.lt\/produktas\/allan-cole-chris-bunch-stenas-pfaf-76\/\",\"name\":\"Isaac Asimov \u201eAm\u017einyb\u0117s pabaiga\u201c (PFAF 51)\",\"isPartOf\":{\"@id\":\"https:\/\/skaitytaknyga.lt\/#website\"},\"primaryImageOfPage\":{\"@id\":\"https:\/\/skaitytaknyga.lt\/produktas\/allan-cole-chris-bunch-stenas-pfaf-76\/#primaryimage\"},\"image\":{\"@id\":\"https:\/\/skaitytaknyga.lt\/produktas\/allan-cole-chris-bunch-stenas-pfaf-76\/#primaryimage\"},\"thumbnailUrl\":\"https:\/\/skaitytaknyga.lt\/wp-content\/uploads\/2024\/07\/1462880280_img0007.webp\",\"datePublished\":\"2024-04-13T15:55:54+00:00\",\"dateModified\":\"2024-07-15T07:19:01+00:00\",\"description\":\"Temporalinio lauko atradimas s\u0105lygojo galimyb\u0119 sukurti Am\u017einyb\u0119, superorganizacij\u0105, konstroliuojan\u010di\u0105 vis\u0105 pasaulio Istorij\u0105, vis\u0105 Realyb\u0119. Technikas\",\"breadcrumb\":{\"@id\":\"https:\/\/skaitytaknyga.lt\/produktas\/allan-cole-chris-bunch-stenas-pfaf-76\/#breadcrumb\"},\"inLanguage\":\"en-GB\",\"potentialAction\":[{\"@type\":\"ReadAction\",\"target\":[\"https:\/\/skaitytaknyga.lt\/produktas\/allan-cole-chris-bunch-stenas-pfaf-76\/\"]}]},{\"@type\":\"ImageObject\",\"inLanguage\":\"en-GB\",\"@id\":\"https:\/\/skaitytaknyga.lt\/produktas\/allan-cole-chris-bunch-stenas-pfaf-76\/#primaryimage\",\"url\":\"https:\/\/skaitytaknyga.lt\/wp-content\/uploads\/2024\/07\/1462880280_img0007.webp\",\"contentUrl\":\"https:\/\/skaitytaknyga.lt\/wp-content\/uploads\/2024\/07\/1462880280_img0007.webp\",\"width\":507,\"height\":800,\"caption\":\"Am\u017einyb\u0117s pabaiga\"},{\"@type\":\"BreadcrumbList\",\"@id\":\"https:\/\/skaitytaknyga.lt\/produktas\/allan-cole-chris-bunch-stenas-pfaf-76\/#breadcrumb\",\"itemListElement\":[{\"@type\":\"ListItem\",\"position\":1,\"name\":\"Home\",\"item\":\"https:\/\/skaitytaknyga.lt\/\"},{\"@type\":\"ListItem\",\"position\":2,\"name\":\"Parduotuv\u0117\",\"item\":\"https:\/\/skaitytaknyga.lt\/knygu-parduotuve\/\"},{\"@type\":\"ListItem\",\"position\":3,\"name\":\"Isaac Asimov \u201eAm\u017einyb\u0117s pabaiga\u201c (PFAF 51)\"}]},{\"@type\":\"WebSite\",\"@id\":\"https:\/\/skaitytaknyga.lt\/#website\",\"url\":\"https:\/\/skaitytaknyga.lt\/\",\"name\":\"skaitytaknyga.lt\",\"description\":\"Skaitytaknyga.lt \u2013 tai ma\u017eas \u0161eimos verslas, kuris prasid\u0117jo nuo meil\u0117s knygoms ir siekio i\u0161gelb\u0117ti knygas nuo likimo prie konteinerio. Kas vienam nereikalingas daiktas \u2013 kitam lobis, o mes esame tarpininkai, kurie padeda abiems tapti laimingesniems ???? \u017dinome kaip nelengva i\u0161gyventi ma\u017eiems verslams, tad nuo \u0161iol, \u010dia rasite ir kit\u0173, ma\u017e\u0173 \u0161eim\u0173 versl\u0173, rank\u0173 darbo, dovan\u0173 sau ir artimiesiems.\",\"publisher\":{\"@id\":\"https:\/\/skaitytaknyga.lt\/#organization\"},\"potentialAction\":[{\"@type\":\"SearchAction\",\"target\":{\"@type\":\"EntryPoint\",\"urlTemplate\":\"https:\/\/skaitytaknyga.lt\/?s={search_term_string}\"},\"query-input\":{\"@type\":\"PropertyValueSpecification\",\"valueRequired\":true,\"valueName\":\"search_term_string\"}}],\"inLanguage\":\"en-GB\"},{\"@type\":\"Organization\",\"@id\":\"https:\/\/skaitytaknyga.lt\/#organization\",\"name\":\"skaitytaknyga.lt\",\"url\":\"https:\/\/skaitytaknyga.lt\/\",\"logo\":{\"@type\":\"ImageObject\",\"inLanguage\":\"en-GB\",\"@id\":\"https:\/\/skaitytaknyga.lt\/#\/schema\/logo\/image\/\",\"url\":\"https:\/\/skaitytaknyga.lt\/wp-content\/uploads\/2024\/05\/cropped-cropped-cropped-02_00843_jt3bggkj1j3HLc7SyY6rEUpg.jpeg\",\"contentUrl\":\"https:\/\/skaitytaknyga.lt\/wp-content\/uploads\/2024\/05\/cropped-cropped-cropped-02_00843_jt3bggkj1j3HLc7SyY6rEUpg.jpeg\",\"width\":1600,\"height\":1600,\"caption\":\"skaitytaknyga.lt\"},\"image\":{\"@id\":\"https:\/\/skaitytaknyga.lt\/#\/schema\/logo\/image\/\"},\"sameAs\":[\"https:\/\/www.facebook.com\/skaitytaknyga\/\"]}]}<\/script>\n<!-- \/ Yoast SEO plugin. -->","yoast_head_json":{"title":"Isaac Asimov \u201eAm\u017einyb\u0117s pabaiga\u201c (PFAF 51)","description":"Temporalinio lauko atradimas s\u0105lygojo galimyb\u0119 sukurti Am\u017einyb\u0119, superorganizacij\u0105, konstroliuojan\u010di\u0105 vis\u0105 pasaulio Istorij\u0105, vis\u0105 Realyb\u0119. Technikas","robots":{"index":"index","follow":"follow","max-snippet":"max-snippet:-1","max-image-preview":"max-image-preview:large","max-video-preview":"max-video-preview:-1"},"canonical":"https:\/\/skaitytaknyga.lt\/en\/produktas\/allan-cole-chris-bunch-stenas-pfaf-76\/","og_locale":"en_GB","og_type":"article","og_title":"[:lt]Isaac Asimov \u201eAm\u017einyb\u0117s pabaiga\u201c (PFAF 51)[:] - Skaitytaknyga","og_description":"Temporalinio lauko atradimas s\u0105lygojo galimyb\u0119 sukurti Am\u017einyb\u0119, superorganizacij\u0105, konstroliuojan\u010di\u0105 vis\u0105 pasaulio Istorij\u0105, vis\u0105 Realyb\u0119. Technikas","og_url":"https:\/\/skaitytaknyga.lt\/en\/produktas\/allan-cole-chris-bunch-stenas-pfaf-76\/","og_site_name":"Skaitytaknyga","article_publisher":"https:\/\/www.facebook.com\/skaitytaknyga\/","article_modified_time":"2024-07-15T07:19:01+00:00","og_image":[{"width":507,"height":800,"url":"https:\/\/skaitytaknyga.lt\/wp-content\/uploads\/2024\/07\/1462880280_img0007.webp","type":"image\/webp"}],"twitter_card":"summary_large_image","twitter_misc":{"Estimated reading time":"1 minute"},"schema":{"@context":"https:\/\/schema.org","@graph":[{"@type":"WebPage","@id":"https:\/\/skaitytaknyga.lt\/produktas\/allan-cole-chris-bunch-stenas-pfaf-76\/","url":"https:\/\/skaitytaknyga.lt\/produktas\/allan-cole-chris-bunch-stenas-pfaf-76\/","name":"Isaac Asimov \u201eAm\u017einyb\u0117s pabaiga\u201c (PFAF 51)","isPartOf":{"@id":"https:\/\/skaitytaknyga.lt\/#website"},"primaryImageOfPage":{"@id":"https:\/\/skaitytaknyga.lt\/produktas\/allan-cole-chris-bunch-stenas-pfaf-76\/#primaryimage"},"image":{"@id":"https:\/\/skaitytaknyga.lt\/produktas\/allan-cole-chris-bunch-stenas-pfaf-76\/#primaryimage"},"thumbnailUrl":"https:\/\/skaitytaknyga.lt\/wp-content\/uploads\/2024\/07\/1462880280_img0007.webp","datePublished":"2024-04-13T15:55:54+00:00","dateModified":"2024-07-15T07:19:01+00:00","description":"Temporalinio lauko atradimas s\u0105lygojo galimyb\u0119 sukurti Am\u017einyb\u0119, superorganizacij\u0105, konstroliuojan\u010di\u0105 vis\u0105 pasaulio Istorij\u0105, vis\u0105 Realyb\u0119. Technikas","breadcrumb":{"@id":"https:\/\/skaitytaknyga.lt\/produktas\/allan-cole-chris-bunch-stenas-pfaf-76\/#breadcrumb"},"inLanguage":"en-GB","potentialAction":[{"@type":"ReadAction","target":["https:\/\/skaitytaknyga.lt\/produktas\/allan-cole-chris-bunch-stenas-pfaf-76\/"]}]},{"@type":"ImageObject","inLanguage":"en-GB","@id":"https:\/\/skaitytaknyga.lt\/produktas\/allan-cole-chris-bunch-stenas-pfaf-76\/#primaryimage","url":"https:\/\/skaitytaknyga.lt\/wp-content\/uploads\/2024\/07\/1462880280_img0007.webp","contentUrl":"https:\/\/skaitytaknyga.lt\/wp-content\/uploads\/2024\/07\/1462880280_img0007.webp","width":507,"height":800,"caption":"Am\u017einyb\u0117s pabaiga"},{"@type":"BreadcrumbList","@id":"https:\/\/skaitytaknyga.lt\/produktas\/allan-cole-chris-bunch-stenas-pfaf-76\/#breadcrumb","itemListElement":[{"@type":"ListItem","position":1,"name":"Home","item":"https:\/\/skaitytaknyga.lt\/"},{"@type":"ListItem","position":2,"name":"Parduotuv\u0117","item":"https:\/\/skaitytaknyga.lt\/knygu-parduotuve\/"},{"@type":"ListItem","position":3,"name":"Isaac Asimov \u201eAm\u017einyb\u0117s pabaiga\u201c (PFAF 51)"}]},{"@type":"WebSite","@id":"https:\/\/skaitytaknyga.lt\/#website","url":"https:\/\/skaitytaknyga.lt\/","name":"skaitytaknyga.lt","description":"Skaitytaknyga.lt \u2013 tai ma\u017eas \u0161eimos verslas, kuris prasid\u0117jo nuo meil\u0117s knygoms ir siekio i\u0161gelb\u0117ti knygas nuo likimo prie konteinerio. Kas vienam nereikalingas daiktas \u2013 kitam lobis, o mes esame tarpininkai, kurie padeda abiems tapti laimingesniems ???? \u017dinome kaip nelengva i\u0161gyventi ma\u017eiems verslams, tad nuo \u0161iol, \u010dia rasite ir kit\u0173, ma\u017e\u0173 \u0161eim\u0173 versl\u0173, rank\u0173 darbo, dovan\u0173 sau ir artimiesiems.","publisher":{"@id":"https:\/\/skaitytaknyga.lt\/#organization"},"potentialAction":[{"@type":"SearchAction","target":{"@type":"EntryPoint","urlTemplate":"https:\/\/skaitytaknyga.lt\/?s={search_term_string}"},"query-input":{"@type":"PropertyValueSpecification","valueRequired":true,"valueName":"search_term_string"}}],"inLanguage":"en-GB"},{"@type":"Organization","@id":"https:\/\/skaitytaknyga.lt\/#organization","name":"skaitytaknyga.lt","url":"https:\/\/skaitytaknyga.lt\/","logo":{"@type":"ImageObject","inLanguage":"en-GB","@id":"https:\/\/skaitytaknyga.lt\/#\/schema\/logo\/image\/","url":"https:\/\/skaitytaknyga.lt\/wp-content\/uploads\/2024\/05\/cropped-cropped-cropped-02_00843_jt3bggkj1j3HLc7SyY6rEUpg.jpeg","contentUrl":"https:\/\/skaitytaknyga.lt\/wp-content\/uploads\/2024\/05\/cropped-cropped-cropped-02_00843_jt3bggkj1j3HLc7SyY6rEUpg.jpeg","width":1600,"height":1600,"caption":"skaitytaknyga.lt"},"image":{"@id":"https:\/\/skaitytaknyga.lt\/#\/schema\/logo\/image\/"},"sameAs":["https:\/\/www.facebook.com\/skaitytaknyga\/"]}]}},"_links":{"self":[{"href":"https:\/\/skaitytaknyga.lt\/en\/wp-json\/wp\/v2\/product\/12873","targetHints":{"allow":["GET"]}}],"collection":[{"href":"https:\/\/skaitytaknyga.lt\/en\/wp-json\/wp\/v2\/product"}],"about":[{"href":"https:\/\/skaitytaknyga.lt\/en\/wp-json\/wp\/v2\/types\/product"}],"replies":[{"embeddable":true,"href":"https:\/\/skaitytaknyga.lt\/en\/wp-json\/wp\/v2\/comments?post=12873"}],"wp:featuredmedia":[{"embeddable":true,"href":"https:\/\/skaitytaknyga.lt\/en\/wp-json\/wp\/v2\/media\/12875"}],"wp:attachment":[{"href":"https:\/\/skaitytaknyga.lt\/en\/wp-json\/wp\/v2\/media?parent=12873"}],"wp:term":[{"taxonomy":"product_brand","embeddable":true,"href":"https:\/\/skaitytaknyga.lt\/en\/wp-json\/wp\/v2\/product_brand?post=12873"},{"taxonomy":"product_cat","embeddable":true,"href":"https:\/\/skaitytaknyga.lt\/en\/wp-json\/wp\/v2\/product_cat?post=12873"},{"taxonomy":"product_tag","embeddable":true,"href":"https:\/\/skaitytaknyga.lt\/en\/wp-json\/wp\/v2\/product_tag?post=12873"}],"curies":[{"name":"wp","href":"https:\/\/api.w.org\/{rel}","templated":true}]}}