{"id":12871,"date":"2024-03-13T18:54:01","date_gmt":"2024-03-13T16:54:01","guid":{"rendered":"https:\/\/skaitytaknyga.lt\/?post_type=product&#038;p=12871"},"modified":"2024-07-15T10:18:13","modified_gmt":"2024-07-15T07:18:13","slug":"vilkolakio-principas-pfaf-9-2","status":"publish","type":"product","link":"https:\/\/skaitytaknyga.lt\/en\/produktas\/vilkolakio-principas-pfaf-9-2\/","title":{"rendered":"Allan Cole Chris Bunch \u201eStenas\u201c (PFAF 76)"},"content":{"rendered":"<p>Vulkanas &#8211; tai mil\u017eini\u0161ka kosmin\u0117 stotis, bjauri kaip pati nuod\u0117m\u0117 ir nuo\u017emi kaip tikra mirtis. Specams \u010dia beveik rojus, o migrams &#8211; tikr\u0173 tikriausias pragaras.<\/p>\n<p>Jaunasis Stenas, bevaidindamas kietuol\u012f, anks\u010diau ar v\u0117liau b\u016bt\u0173 sulauk\u0119s gan \u012fprasto galo &#8211; smegen\u0173 i\u0161deginimo. Ta\u010diau likimas jam \u012fteik\u0117 stebukling\u0105 gyvenimo biliet\u0105&#8230;<\/p>\n","protected":false},"excerpt":{"rendered":"<p>Vulkanas &#8211; tai mil\u017eini\u0161ka kosmin\u0117 stotis, bjauri kaip pati nuod\u0117m\u0117 ir nuo\u017emi kaip tikra mirtis. Specams \u010dia beveik rojus, o migrams &#8211; tikr\u0173 tikriausias pragaras. Jaunasis Stenas, bevaidindamas kietuol\u012f, anks\u010diau ar v\u0117liau b\u016bt\u0173 sulauk\u0119s gan \u012fprasto galo &#8211; smegen\u0173 i\u0161deginimo. Ta\u010diau likimas jam \u012fteik\u0117 stebukling\u0105 gyvenimo biliet\u0105&#8230;<\/p>\n","protected":false},"featured_media":12872,"comment_status":"closed","ping_status":"closed","template":"","meta":{"_acf_changed":false,"site-sidebar-layout":"default","site-content-layout":"","ast-site-content-layout":"default","site-content-style":"default","site-sidebar-style":"default","ast-global-header-display":"","ast-banner-title-visibility":"","ast-main-header-display":"","ast-hfb-above-header-display":"","ast-hfb-below-header-display":"","ast-hfb-mobile-header-display":"","site-post-title":"","ast-breadcrumbs-content":"","ast-featured-img":"","footer-sml-layout":"","ast-disable-related-posts":"","theme-transparent-header-meta":"default","adv-header-id-meta":"","stick-header-meta":"","header-above-stick-meta":"","header-main-stick-meta":"","header-below-stick-meta":"","astra-migrate-meta-layouts":"set","ast-page-background-enabled":"default","ast-page-background-meta":{"desktop":{"background-color":"","background-image":"","background-repeat":"repeat","background-position":"center center","background-size":"auto","background-attachment":"scroll","background-type":"","background-media":"","overlay-type":"","overlay-color":"","overlay-opacity":"","overlay-gradient":""},"tablet":{"background-color":"","background-image":"","background-repeat":"repeat","background-position":"center center","background-size":"auto","background-attachment":"scroll","background-type":"","background-media":"","overlay-type":"","overlay-color":"","overlay-opacity":"","overlay-gradient":""},"mobile":{"background-color":"","background-image":"","background-repeat":"repeat","background-position":"center center","background-size":"auto","background-attachment":"scroll","background-type":"","background-media":"","overlay-type":"","overlay-color":"","overlay-opacity":"","overlay-gradient":""}},"ast-content-background-meta":{"desktop":{"background-color":"var(--ast-global-color-4)","background-image":"","background-repeat":"repeat","background-position":"center center","background-size":"auto","background-attachment":"scroll","background-type":"","background-media":"","overlay-type":"","overlay-color":"","overlay-opacity":"","overlay-gradient":""},"tablet":{"background-color":"var(--ast-global-color-4)","background-image":"","background-repeat":"repeat","background-position":"center center","background-size":"auto","background-attachment":"scroll","background-type":"","background-media":"","overlay-type":"","overlay-color":"","overlay-opacity":"","overlay-gradient":""},"mobile":{"background-color":"var(--ast-global-color-4)","background-image":"","background-repeat":"repeat","background-position":"center center","background-size":"auto","background-attachment":"scroll","background-type":"","background-media":"","overlay-type":"","overlay-color":"","overlay-opacity":"","overlay-gradient":""}}},"product_brand":[],"product_cat":[1059],"product_tag":[458],"class_list":{"0":"post-12871","1":"product","2":"type-product","3":"status-publish","4":"has-post-thumbnail","6":"product_cat-pasaulines-fantastikos-aukso-fondas","7":"product_tag-pasauline-fantastikos-aukso-fondas","8":"desktop-align-left","9":"tablet-align-left","10":"mobile-align-left","12":"first","13":"instock","14":"shipping-taxable","15":"purchasable","16":"product-type-simple"},"acf":[],"yoast_head":"<!-- This site is optimized with the Yoast SEO plugin v27.0 - https:\/\/yoast.com\/product\/yoast-seo-wordpress\/ -->\n<title>Allan Cole Chris Bunch \u201eStenas\u201c (PFAF 76)<\/title>\n<meta name=\"description\" content=\"Vulkanas - tai mil\u017eini\u0161ka kosmin\u0117 stotis, bjauri kaip pati nuod\u0117m\u0117 ir nuo\u017emi kaip tikra mirtis. Specams \u010dia beveik rojus, o migrams - tikr\u0173 tikriausias\" \/>\n<meta name=\"robots\" content=\"index, follow, max-snippet:-1, max-image-preview:large, max-video-preview:-1\" \/>\n<link rel=\"canonical\" href=\"https:\/\/skaitytaknyga.lt\/en\/produktas\/vilkolakio-principas-pfaf-9-2\/\" \/>\n<meta property=\"og:locale\" content=\"en_GB\" \/>\n<meta property=\"og:locale:alternate\" content=\"lt_LT\" \/>\n<meta property=\"og:type\" content=\"article\" \/>\n<meta property=\"og:title\" content=\"Allan Cole Chris Bunch \u201eStenas\u201c (PFAF 76)\" \/>\n<meta property=\"og:description\" content=\"Vulkanas - tai mil\u017eini\u0161ka kosmin\u0117 stotis, bjauri kaip pati nuod\u0117m\u0117 ir nuo\u017emi kaip tikra mirtis. Specams \u010dia beveik rojus, o migrams - tikr\u0173 tikriausias\" \/>\n<meta property=\"og:url\" content=\"https:\/\/skaitytaknyga.lt\/en\/produktas\/vilkolakio-principas-pfaf-9-2\/\" \/>\n<meta property=\"og:site_name\" content=\"Skaitytaknyga\" \/>\n<meta property=\"article:publisher\" content=\"https:\/\/www.facebook.com\/skaitytaknyga\/\" \/>\n<meta property=\"article:modified_time\" content=\"2024-07-15T07:18:13+00:00\" \/>\n<meta property=\"og:image\" content=\"https:\/\/skaitytaknyga.lt\/wp-content\/uploads\/2024\/07\/1462880170_img0011.webp\" \/>\n\t<meta property=\"og:image:width\" content=\"502\" \/>\n\t<meta property=\"og:image:height\" content=\"800\" \/>\n\t<meta property=\"og:image:type\" content=\"image\/webp\" \/>\n<meta name=\"twitter:card\" content=\"summary_large_image\" \/>\n<meta name=\"twitter:label1\" content=\"Estimated reading time\" \/>\n\t<meta name=\"twitter:data1\" content=\"1 minute\" \/>\n<script type=\"application\/ld+json\" class=\"yoast-schema-graph\">{\"@context\":\"https:\/\/schema.org\",\"@graph\":[{\"@type\":\"WebPage\",\"@id\":\"https:\/\/skaitytaknyga.lt\/produktas\/vilkolakio-principas-pfaf-9-2\/\",\"url\":\"https:\/\/skaitytaknyga.lt\/produktas\/vilkolakio-principas-pfaf-9-2\/\",\"name\":\"Allan Cole Chris Bunch \u201eStenas\u201c (PFAF 76)\",\"isPartOf\":{\"@id\":\"https:\/\/skaitytaknyga.lt\/#website\"},\"primaryImageOfPage\":{\"@id\":\"https:\/\/skaitytaknyga.lt\/produktas\/vilkolakio-principas-pfaf-9-2\/#primaryimage\"},\"image\":{\"@id\":\"https:\/\/skaitytaknyga.lt\/produktas\/vilkolakio-principas-pfaf-9-2\/#primaryimage\"},\"thumbnailUrl\":\"https:\/\/skaitytaknyga.lt\/wp-content\/uploads\/2024\/07\/1462880170_img0011.webp\",\"datePublished\":\"2024-03-13T16:54:01+00:00\",\"dateModified\":\"2024-07-15T07:18:13+00:00\",\"description\":\"Vulkanas - tai mil\u017eini\u0161ka kosmin\u0117 stotis, bjauri kaip pati nuod\u0117m\u0117 ir nuo\u017emi kaip tikra mirtis. Specams \u010dia beveik rojus, o migrams - tikr\u0173 tikriausias\",\"breadcrumb\":{\"@id\":\"https:\/\/skaitytaknyga.lt\/produktas\/vilkolakio-principas-pfaf-9-2\/#breadcrumb\"},\"inLanguage\":\"en-GB\",\"potentialAction\":[{\"@type\":\"ReadAction\",\"target\":[\"https:\/\/skaitytaknyga.lt\/produktas\/vilkolakio-principas-pfaf-9-2\/\"]}]},{\"@type\":\"ImageObject\",\"inLanguage\":\"en-GB\",\"@id\":\"https:\/\/skaitytaknyga.lt\/produktas\/vilkolakio-principas-pfaf-9-2\/#primaryimage\",\"url\":\"https:\/\/skaitytaknyga.lt\/wp-content\/uploads\/2024\/07\/1462880170_img0011.webp\",\"contentUrl\":\"https:\/\/skaitytaknyga.lt\/wp-content\/uploads\/2024\/07\/1462880170_img0011.webp\",\"width\":502,\"height\":800,\"caption\":\"Stenas\"},{\"@type\":\"BreadcrumbList\",\"@id\":\"https:\/\/skaitytaknyga.lt\/produktas\/vilkolakio-principas-pfaf-9-2\/#breadcrumb\",\"itemListElement\":[{\"@type\":\"ListItem\",\"position\":1,\"name\":\"Home\",\"item\":\"https:\/\/skaitytaknyga.lt\/\"},{\"@type\":\"ListItem\",\"position\":2,\"name\":\"Parduotuv\u0117\",\"item\":\"https:\/\/skaitytaknyga.lt\/knygu-parduotuve\/\"},{\"@type\":\"ListItem\",\"position\":3,\"name\":\"Allan Cole Chris Bunch \u201eStenas\u201c (PFAF 76)\"}]},{\"@type\":\"WebSite\",\"@id\":\"https:\/\/skaitytaknyga.lt\/#website\",\"url\":\"https:\/\/skaitytaknyga.lt\/\",\"name\":\"skaitytaknyga.lt\",\"description\":\"Skaitytaknyga.lt \u2013 tai ma\u017eas \u0161eimos verslas, kuris prasid\u0117jo nuo meil\u0117s knygoms ir siekio i\u0161gelb\u0117ti knygas nuo likimo prie konteinerio. Kas vienam nereikalingas daiktas \u2013 kitam lobis, o mes esame tarpininkai, kurie padeda abiems tapti laimingesniems ???? \u017dinome kaip nelengva i\u0161gyventi ma\u017eiems verslams, tad nuo \u0161iol, \u010dia rasite ir kit\u0173, ma\u017e\u0173 \u0161eim\u0173 versl\u0173, rank\u0173 darbo, dovan\u0173 sau ir artimiesiems.\",\"publisher\":{\"@id\":\"https:\/\/skaitytaknyga.lt\/#organization\"},\"potentialAction\":[{\"@type\":\"SearchAction\",\"target\":{\"@type\":\"EntryPoint\",\"urlTemplate\":\"https:\/\/skaitytaknyga.lt\/?s={search_term_string}\"},\"query-input\":{\"@type\":\"PropertyValueSpecification\",\"valueRequired\":true,\"valueName\":\"search_term_string\"}}],\"inLanguage\":\"en-GB\"},{\"@type\":\"Organization\",\"@id\":\"https:\/\/skaitytaknyga.lt\/#organization\",\"name\":\"skaitytaknyga.lt\",\"url\":\"https:\/\/skaitytaknyga.lt\/\",\"logo\":{\"@type\":\"ImageObject\",\"inLanguage\":\"en-GB\",\"@id\":\"https:\/\/skaitytaknyga.lt\/#\/schema\/logo\/image\/\",\"url\":\"https:\/\/skaitytaknyga.lt\/wp-content\/uploads\/2024\/05\/cropped-cropped-cropped-02_00843_jt3bggkj1j3HLc7SyY6rEUpg.jpeg\",\"contentUrl\":\"https:\/\/skaitytaknyga.lt\/wp-content\/uploads\/2024\/05\/cropped-cropped-cropped-02_00843_jt3bggkj1j3HLc7SyY6rEUpg.jpeg\",\"width\":1600,\"height\":1600,\"caption\":\"skaitytaknyga.lt\"},\"image\":{\"@id\":\"https:\/\/skaitytaknyga.lt\/#\/schema\/logo\/image\/\"},\"sameAs\":[\"https:\/\/www.facebook.com\/skaitytaknyga\/\"]}]}<\/script>\n<!-- \/ Yoast SEO plugin. -->","yoast_head_json":{"title":"Allan Cole Chris Bunch \u201eStenas\u201c (PFAF 76)","description":"Vulkanas - tai mil\u017eini\u0161ka kosmin\u0117 stotis, bjauri kaip pati nuod\u0117m\u0117 ir nuo\u017emi kaip tikra mirtis. Specams \u010dia beveik rojus, o migrams - tikr\u0173 tikriausias","robots":{"index":"index","follow":"follow","max-snippet":"max-snippet:-1","max-image-preview":"max-image-preview:large","max-video-preview":"max-video-preview:-1"},"canonical":"https:\/\/skaitytaknyga.lt\/en\/produktas\/vilkolakio-principas-pfaf-9-2\/","og_locale":"en_GB","og_type":"article","og_title":"[:lt]Allan Cole Chris Bunch \u201eStenas\u201c (PFAF 76)[:] - Skaitytaknyga","og_description":"Vulkanas - tai mil\u017eini\u0161ka kosmin\u0117 stotis, bjauri kaip pati nuod\u0117m\u0117 ir nuo\u017emi kaip tikra mirtis. Specams \u010dia beveik rojus, o migrams - tikr\u0173 tikriausias","og_url":"https:\/\/skaitytaknyga.lt\/en\/produktas\/vilkolakio-principas-pfaf-9-2\/","og_site_name":"Skaitytaknyga","article_publisher":"https:\/\/www.facebook.com\/skaitytaknyga\/","article_modified_time":"2024-07-15T07:18:13+00:00","og_image":[{"width":502,"height":800,"url":"https:\/\/skaitytaknyga.lt\/wp-content\/uploads\/2024\/07\/1462880170_img0011.webp","type":"image\/webp"}],"twitter_card":"summary_large_image","twitter_misc":{"Estimated reading time":"1 minute"},"schema":{"@context":"https:\/\/schema.org","@graph":[{"@type":"WebPage","@id":"https:\/\/skaitytaknyga.lt\/produktas\/vilkolakio-principas-pfaf-9-2\/","url":"https:\/\/skaitytaknyga.lt\/produktas\/vilkolakio-principas-pfaf-9-2\/","name":"Allan Cole Chris Bunch \u201eStenas\u201c (PFAF 76)","isPartOf":{"@id":"https:\/\/skaitytaknyga.lt\/#website"},"primaryImageOfPage":{"@id":"https:\/\/skaitytaknyga.lt\/produktas\/vilkolakio-principas-pfaf-9-2\/#primaryimage"},"image":{"@id":"https:\/\/skaitytaknyga.lt\/produktas\/vilkolakio-principas-pfaf-9-2\/#primaryimage"},"thumbnailUrl":"https:\/\/skaitytaknyga.lt\/wp-content\/uploads\/2024\/07\/1462880170_img0011.webp","datePublished":"2024-03-13T16:54:01+00:00","dateModified":"2024-07-15T07:18:13+00:00","description":"Vulkanas - tai mil\u017eini\u0161ka kosmin\u0117 stotis, bjauri kaip pati nuod\u0117m\u0117 ir nuo\u017emi kaip tikra mirtis. Specams \u010dia beveik rojus, o migrams - tikr\u0173 tikriausias","breadcrumb":{"@id":"https:\/\/skaitytaknyga.lt\/produktas\/vilkolakio-principas-pfaf-9-2\/#breadcrumb"},"inLanguage":"en-GB","potentialAction":[{"@type":"ReadAction","target":["https:\/\/skaitytaknyga.lt\/produktas\/vilkolakio-principas-pfaf-9-2\/"]}]},{"@type":"ImageObject","inLanguage":"en-GB","@id":"https:\/\/skaitytaknyga.lt\/produktas\/vilkolakio-principas-pfaf-9-2\/#primaryimage","url":"https:\/\/skaitytaknyga.lt\/wp-content\/uploads\/2024\/07\/1462880170_img0011.webp","contentUrl":"https:\/\/skaitytaknyga.lt\/wp-content\/uploads\/2024\/07\/1462880170_img0011.webp","width":502,"height":800,"caption":"Stenas"},{"@type":"BreadcrumbList","@id":"https:\/\/skaitytaknyga.lt\/produktas\/vilkolakio-principas-pfaf-9-2\/#breadcrumb","itemListElement":[{"@type":"ListItem","position":1,"name":"Home","item":"https:\/\/skaitytaknyga.lt\/"},{"@type":"ListItem","position":2,"name":"Parduotuv\u0117","item":"https:\/\/skaitytaknyga.lt\/knygu-parduotuve\/"},{"@type":"ListItem","position":3,"name":"Allan Cole Chris Bunch \u201eStenas\u201c (PFAF 76)"}]},{"@type":"WebSite","@id":"https:\/\/skaitytaknyga.lt\/#website","url":"https:\/\/skaitytaknyga.lt\/","name":"skaitytaknyga.lt","description":"Skaitytaknyga.lt \u2013 tai ma\u017eas \u0161eimos verslas, kuris prasid\u0117jo nuo meil\u0117s knygoms ir siekio i\u0161gelb\u0117ti knygas nuo likimo prie konteinerio. Kas vienam nereikalingas daiktas \u2013 kitam lobis, o mes esame tarpininkai, kurie padeda abiems tapti laimingesniems ???? \u017dinome kaip nelengva i\u0161gyventi ma\u017eiems verslams, tad nuo \u0161iol, \u010dia rasite ir kit\u0173, ma\u017e\u0173 \u0161eim\u0173 versl\u0173, rank\u0173 darbo, dovan\u0173 sau ir artimiesiems.","publisher":{"@id":"https:\/\/skaitytaknyga.lt\/#organization"},"potentialAction":[{"@type":"SearchAction","target":{"@type":"EntryPoint","urlTemplate":"https:\/\/skaitytaknyga.lt\/?s={search_term_string}"},"query-input":{"@type":"PropertyValueSpecification","valueRequired":true,"valueName":"search_term_string"}}],"inLanguage":"en-GB"},{"@type":"Organization","@id":"https:\/\/skaitytaknyga.lt\/#organization","name":"skaitytaknyga.lt","url":"https:\/\/skaitytaknyga.lt\/","logo":{"@type":"ImageObject","inLanguage":"en-GB","@id":"https:\/\/skaitytaknyga.lt\/#\/schema\/logo\/image\/","url":"https:\/\/skaitytaknyga.lt\/wp-content\/uploads\/2024\/05\/cropped-cropped-cropped-02_00843_jt3bggkj1j3HLc7SyY6rEUpg.jpeg","contentUrl":"https:\/\/skaitytaknyga.lt\/wp-content\/uploads\/2024\/05\/cropped-cropped-cropped-02_00843_jt3bggkj1j3HLc7SyY6rEUpg.jpeg","width":1600,"height":1600,"caption":"skaitytaknyga.lt"},"image":{"@id":"https:\/\/skaitytaknyga.lt\/#\/schema\/logo\/image\/"},"sameAs":["https:\/\/www.facebook.com\/skaitytaknyga\/"]}]}},"_links":{"self":[{"href":"https:\/\/skaitytaknyga.lt\/en\/wp-json\/wp\/v2\/product\/12871","targetHints":{"allow":["GET"]}}],"collection":[{"href":"https:\/\/skaitytaknyga.lt\/en\/wp-json\/wp\/v2\/product"}],"about":[{"href":"https:\/\/skaitytaknyga.lt\/en\/wp-json\/wp\/v2\/types\/product"}],"replies":[{"embeddable":true,"href":"https:\/\/skaitytaknyga.lt\/en\/wp-json\/wp\/v2\/comments?post=12871"}],"wp:featuredmedia":[{"embeddable":true,"href":"https:\/\/skaitytaknyga.lt\/en\/wp-json\/wp\/v2\/media\/12872"}],"wp:attachment":[{"href":"https:\/\/skaitytaknyga.lt\/en\/wp-json\/wp\/v2\/media?parent=12871"}],"wp:term":[{"taxonomy":"product_brand","embeddable":true,"href":"https:\/\/skaitytaknyga.lt\/en\/wp-json\/wp\/v2\/product_brand?post=12871"},{"taxonomy":"product_cat","embeddable":true,"href":"https:\/\/skaitytaknyga.lt\/en\/wp-json\/wp\/v2\/product_cat?post=12871"},{"taxonomy":"product_tag","embeddable":true,"href":"https:\/\/skaitytaknyga.lt\/en\/wp-json\/wp\/v2\/product_tag?post=12871"}],"curies":[{"name":"wp","href":"https:\/\/api.w.org\/{rel}","templated":true}]}}