{"id":12869,"date":"2024-02-13T18:45:13","date_gmt":"2024-02-13T16:45:13","guid":{"rendered":"https:\/\/skaitytaknyga.lt\/?post_type=product&#038;p=12869"},"modified":"2024-07-13T18:46:13","modified_gmt":"2024-07-13T15:46:13","slug":"aleksejus-tolstojus-keistuoliai-raisas-ponas","status":"publish","type":"product","link":"https:\/\/skaitytaknyga.lt\/en\/produktas\/aleksejus-tolstojus-keistuoliai-raisas-ponas\/","title":{"rendered":"Petras Tarasenka \u201eRambyno burtininkas\u201c"},"content":{"rendered":"<p>Archeologas ir ra\u0161ytojas Petras Tarasenka \u0161ioje istorin\u0117je nuotyki\u0173 apysakoje nukelia mus \u012f tuos laikus, kai beveik visoje Lietuvos terotorijoje o\u0161\u0117 ne\u012f\u017eengiamos girios, pilnos \u017ev\u0117ri\u0173 ir pauk\u0161\u010di\u0173, tyvuliavo skaidr\u016bs e\u017eerai ir tek\u0117jo \u0161varios up\u0117s su gausybe \u017euv\u0173. Tokioje aplinkoje ir gyvena knygos herojai grumdamiesi d\u0117l b\u016bvio, ie\u0161kodami b\u016bd\u0173, kaip \u012fveikti r\u016bs\u010dias gamtos j\u0117gas, palengvinti sau gyvenim\u0105, tik\u0117dami gerosiomis ir piktosiomis dvasiomis, puosel\u0117dami laimingesnio gyvenimo vilt\u012f.<\/p>\n","protected":false},"excerpt":{"rendered":"<p>Archeologas ir ra\u0161ytojas Petras Tarasenka \u0161ioje istorin\u0117je nuotyki\u0173 apysakoje nukelia mus \u012f tuos laikus, kai beveik visoje Lietuvos terotorijoje o\u0161\u0117 ne\u012f\u017eengiamos girios, pilnos \u017ev\u0117ri\u0173 ir pauk\u0161\u010di\u0173, tyvuliavo skaidr\u016bs e\u017eerai ir tek\u0117jo \u0161varios up\u0117s su gausybe \u017euv\u0173. Tokioje aplinkoje ir gyvena knygos herojai grumdamiesi d\u0117l b\u016bvio, ie\u0161kodami b\u016bd\u0173, kaip \u012fveikti r\u016bs\u010dias gamtos j\u0117gas, palengvinti sau gyvenim\u0105, tik\u0117dami gerosiomis ir piktosiomis dvasiomis, puosel\u0117dami laimingesnio gyvenimo vilt\u012f.<\/p>\n","protected":false},"featured_media":12870,"comment_status":"closed","ping_status":"closed","template":"","meta":{"_acf_changed":false,"site-sidebar-layout":"default","site-content-layout":"","ast-site-content-layout":"default","site-content-style":"default","site-sidebar-style":"default","ast-global-header-display":"","ast-banner-title-visibility":"","ast-main-header-display":"","ast-hfb-above-header-display":"","ast-hfb-below-header-display":"","ast-hfb-mobile-header-display":"","site-post-title":"","ast-breadcrumbs-content":"","ast-featured-img":"","footer-sml-layout":"","ast-disable-related-posts":"","theme-transparent-header-meta":"default","adv-header-id-meta":"","stick-header-meta":"","header-above-stick-meta":"","header-main-stick-meta":"","header-below-stick-meta":"","astra-migrate-meta-layouts":"set","ast-page-background-enabled":"default","ast-page-background-meta":{"desktop":{"background-color":"","background-image":"","background-repeat":"repeat","background-position":"center center","background-size":"auto","background-attachment":"scroll","background-type":"","background-media":"","overlay-type":"","overlay-color":"","overlay-opacity":"","overlay-gradient":""},"tablet":{"background-color":"","background-image":"","background-repeat":"repeat","background-position":"center center","background-size":"auto","background-attachment":"scroll","background-type":"","background-media":"","overlay-type":"","overlay-color":"","overlay-opacity":"","overlay-gradient":""},"mobile":{"background-color":"","background-image":"","background-repeat":"repeat","background-position":"center center","background-size":"auto","background-attachment":"scroll","background-type":"","background-media":"","overlay-type":"","overlay-color":"","overlay-opacity":"","overlay-gradient":""}},"ast-content-background-meta":{"desktop":{"background-color":"var(--ast-global-color-4)","background-image":"","background-repeat":"repeat","background-position":"center center","background-size":"auto","background-attachment":"scroll","background-type":"","background-media":"","overlay-type":"","overlay-color":"","overlay-opacity":"","overlay-gradient":""},"tablet":{"background-color":"var(--ast-global-color-4)","background-image":"","background-repeat":"repeat","background-position":"center center","background-size":"auto","background-attachment":"scroll","background-type":"","background-media":"","overlay-type":"","overlay-color":"","overlay-opacity":"","overlay-gradient":""},"mobile":{"background-color":"var(--ast-global-color-4)","background-image":"","background-repeat":"repeat","background-position":"center center","background-size":"auto","background-attachment":"scroll","background-type":"","background-media":"","overlay-type":"","overlay-color":"","overlay-opacity":"","overlay-gradient":""}}},"product_brand":[],"product_cat":[31,28],"product_tag":[],"class_list":{"0":"post-12869","1":"product","2":"type-product","3":"status-publish","4":"has-post-thumbnail","6":"product_cat-grozine-literatura","7":"product_cat-klasika","8":"pa_leidimo-metai-629","9":"pa_virselis-kietas","10":"desktop-align-left","11":"tablet-align-left","12":"mobile-align-left","14":"first","15":"instock","16":"shipping-taxable","17":"purchasable","18":"product-type-simple"},"acf":[],"yoast_head":"<!-- This site is optimized with the Yoast SEO plugin v27.0 - https:\/\/yoast.com\/product\/yoast-seo-wordpress\/ -->\n<title>Petras Tarasenka \u201eRambyno burtininkas\u201c<\/title>\n<meta name=\"description\" content=\"Archeologas ir ra\u0161ytojas Petras Tarasenka \u0161ioje istorin\u0117je nuotyki\u0173 apysakoje nukelia mus \u012f tuos laikus, kai beveik visoje Lietuvos terotorijoje o\u0161\u0117\" \/>\n<meta name=\"robots\" content=\"index, follow, max-snippet:-1, max-image-preview:large, max-video-preview:-1\" \/>\n<link rel=\"canonical\" href=\"https:\/\/skaitytaknyga.lt\/en\/produktas\/aleksejus-tolstojus-keistuoliai-raisas-ponas\/\" \/>\n<meta property=\"og:locale\" content=\"en_GB\" \/>\n<meta property=\"og:locale:alternate\" content=\"lt_LT\" \/>\n<meta property=\"og:type\" content=\"article\" \/>\n<meta property=\"og:title\" content=\"Petras Tarasenka \u201eRambyno burtininkas\u201c\" \/>\n<meta property=\"og:description\" content=\"Archeologas ir ra\u0161ytojas Petras Tarasenka \u0161ioje istorin\u0117je nuotyki\u0173 apysakoje nukelia mus \u012f tuos laikus, kai beveik visoje Lietuvos terotorijoje o\u0161\u0117\" \/>\n<meta property=\"og:url\" content=\"https:\/\/skaitytaknyga.lt\/en\/produktas\/aleksejus-tolstojus-keistuoliai-raisas-ponas\/\" \/>\n<meta property=\"og:site_name\" content=\"Skaitytaknyga\" \/>\n<meta property=\"article:publisher\" content=\"https:\/\/www.facebook.com\/skaitytaknyga\/\" \/>\n<meta property=\"article:modified_time\" content=\"2024-07-13T15:46:13+00:00\" \/>\n<meta property=\"og:image\" content=\"https:\/\/skaitytaknyga.lt\/wp-content\/uploads\/2024\/07\/scan-19-11-2018-1632.webp\" \/>\n\t<meta property=\"og:image:width\" content=\"516\" \/>\n\t<meta property=\"og:image:height\" content=\"800\" \/>\n\t<meta property=\"og:image:type\" content=\"image\/webp\" \/>\n<meta name=\"twitter:card\" content=\"summary_large_image\" \/>\n<meta name=\"twitter:label1\" content=\"Estimated reading time\" \/>\n\t<meta name=\"twitter:data1\" content=\"1 minute\" \/>\n<script type=\"application\/ld+json\" class=\"yoast-schema-graph\">{\"@context\":\"https:\/\/schema.org\",\"@graph\":[{\"@type\":\"WebPage\",\"@id\":\"https:\/\/skaitytaknyga.lt\/produktas\/aleksejus-tolstojus-keistuoliai-raisas-ponas\/\",\"url\":\"https:\/\/skaitytaknyga.lt\/produktas\/aleksejus-tolstojus-keistuoliai-raisas-ponas\/\",\"name\":\"Petras Tarasenka \u201eRambyno burtininkas\u201c\",\"isPartOf\":{\"@id\":\"https:\/\/skaitytaknyga.lt\/#website\"},\"primaryImageOfPage\":{\"@id\":\"https:\/\/skaitytaknyga.lt\/produktas\/aleksejus-tolstojus-keistuoliai-raisas-ponas\/#primaryimage\"},\"image\":{\"@id\":\"https:\/\/skaitytaknyga.lt\/produktas\/aleksejus-tolstojus-keistuoliai-raisas-ponas\/#primaryimage\"},\"thumbnailUrl\":\"https:\/\/skaitytaknyga.lt\/wp-content\/uploads\/2024\/07\/scan-19-11-2018-1632.webp\",\"datePublished\":\"2024-02-13T16:45:13+00:00\",\"dateModified\":\"2024-07-13T15:46:13+00:00\",\"description\":\"Archeologas ir ra\u0161ytojas Petras Tarasenka \u0161ioje istorin\u0117je nuotyki\u0173 apysakoje nukelia mus \u012f tuos laikus, kai beveik visoje Lietuvos terotorijoje o\u0161\u0117\",\"breadcrumb\":{\"@id\":\"https:\/\/skaitytaknyga.lt\/produktas\/aleksejus-tolstojus-keistuoliai-raisas-ponas\/#breadcrumb\"},\"inLanguage\":\"en-GB\",\"potentialAction\":[{\"@type\":\"ReadAction\",\"target\":[\"https:\/\/skaitytaknyga.lt\/produktas\/aleksejus-tolstojus-keistuoliai-raisas-ponas\/\"]}]},{\"@type\":\"ImageObject\",\"inLanguage\":\"en-GB\",\"@id\":\"https:\/\/skaitytaknyga.lt\/produktas\/aleksejus-tolstojus-keistuoliai-raisas-ponas\/#primaryimage\",\"url\":\"https:\/\/skaitytaknyga.lt\/wp-content\/uploads\/2024\/07\/scan-19-11-2018-1632.webp\",\"contentUrl\":\"https:\/\/skaitytaknyga.lt\/wp-content\/uploads\/2024\/07\/scan-19-11-2018-1632.webp\",\"width\":516,\"height\":800,\"caption\":\"Rambyno burtininkas\"},{\"@type\":\"BreadcrumbList\",\"@id\":\"https:\/\/skaitytaknyga.lt\/produktas\/aleksejus-tolstojus-keistuoliai-raisas-ponas\/#breadcrumb\",\"itemListElement\":[{\"@type\":\"ListItem\",\"position\":1,\"name\":\"Home\",\"item\":\"https:\/\/skaitytaknyga.lt\/\"},{\"@type\":\"ListItem\",\"position\":2,\"name\":\"Parduotuv\u0117\",\"item\":\"https:\/\/skaitytaknyga.lt\/knygu-parduotuve\/\"},{\"@type\":\"ListItem\",\"position\":3,\"name\":\"Petras Tarasenka \u201eRambyno burtininkas\u201c\"}]},{\"@type\":\"WebSite\",\"@id\":\"https:\/\/skaitytaknyga.lt\/#website\",\"url\":\"https:\/\/skaitytaknyga.lt\/\",\"name\":\"skaitytaknyga.lt\",\"description\":\"Skaitytaknyga.lt \u2013 tai ma\u017eas \u0161eimos verslas, kuris prasid\u0117jo nuo meil\u0117s knygoms ir siekio i\u0161gelb\u0117ti knygas nuo likimo prie konteinerio. Kas vienam nereikalingas daiktas \u2013 kitam lobis, o mes esame tarpininkai, kurie padeda abiems tapti laimingesniems ???? \u017dinome kaip nelengva i\u0161gyventi ma\u017eiems verslams, tad nuo \u0161iol, \u010dia rasite ir kit\u0173, ma\u017e\u0173 \u0161eim\u0173 versl\u0173, rank\u0173 darbo, dovan\u0173 sau ir artimiesiems.\",\"publisher\":{\"@id\":\"https:\/\/skaitytaknyga.lt\/#organization\"},\"potentialAction\":[{\"@type\":\"SearchAction\",\"target\":{\"@type\":\"EntryPoint\",\"urlTemplate\":\"https:\/\/skaitytaknyga.lt\/?s={search_term_string}\"},\"query-input\":{\"@type\":\"PropertyValueSpecification\",\"valueRequired\":true,\"valueName\":\"search_term_string\"}}],\"inLanguage\":\"en-GB\"},{\"@type\":\"Organization\",\"@id\":\"https:\/\/skaitytaknyga.lt\/#organization\",\"name\":\"skaitytaknyga.lt\",\"url\":\"https:\/\/skaitytaknyga.lt\/\",\"logo\":{\"@type\":\"ImageObject\",\"inLanguage\":\"en-GB\",\"@id\":\"https:\/\/skaitytaknyga.lt\/#\/schema\/logo\/image\/\",\"url\":\"https:\/\/skaitytaknyga.lt\/wp-content\/uploads\/2024\/05\/cropped-cropped-cropped-02_00843_jt3bggkj1j3HLc7SyY6rEUpg.jpeg\",\"contentUrl\":\"https:\/\/skaitytaknyga.lt\/wp-content\/uploads\/2024\/05\/cropped-cropped-cropped-02_00843_jt3bggkj1j3HLc7SyY6rEUpg.jpeg\",\"width\":1600,\"height\":1600,\"caption\":\"skaitytaknyga.lt\"},\"image\":{\"@id\":\"https:\/\/skaitytaknyga.lt\/#\/schema\/logo\/image\/\"},\"sameAs\":[\"https:\/\/www.facebook.com\/skaitytaknyga\/\"]}]}<\/script>\n<!-- \/ Yoast SEO plugin. -->","yoast_head_json":{"title":"Petras Tarasenka \u201eRambyno burtininkas\u201c","description":"Archeologas ir ra\u0161ytojas Petras Tarasenka \u0161ioje istorin\u0117je nuotyki\u0173 apysakoje nukelia mus \u012f tuos laikus, kai beveik visoje Lietuvos terotorijoje o\u0161\u0117","robots":{"index":"index","follow":"follow","max-snippet":"max-snippet:-1","max-image-preview":"max-image-preview:large","max-video-preview":"max-video-preview:-1"},"canonical":"https:\/\/skaitytaknyga.lt\/en\/produktas\/aleksejus-tolstojus-keistuoliai-raisas-ponas\/","og_locale":"en_GB","og_type":"article","og_title":"[:lt]Petras Tarasenka \u201eRambyno burtininkas\u201c[:] - Skaitytaknyga","og_description":"Archeologas ir ra\u0161ytojas Petras Tarasenka \u0161ioje istorin\u0117je nuotyki\u0173 apysakoje nukelia mus \u012f tuos laikus, kai beveik visoje Lietuvos terotorijoje o\u0161\u0117","og_url":"https:\/\/skaitytaknyga.lt\/en\/produktas\/aleksejus-tolstojus-keistuoliai-raisas-ponas\/","og_site_name":"Skaitytaknyga","article_publisher":"https:\/\/www.facebook.com\/skaitytaknyga\/","article_modified_time":"2024-07-13T15:46:13+00:00","og_image":[{"width":516,"height":800,"url":"https:\/\/skaitytaknyga.lt\/wp-content\/uploads\/2024\/07\/scan-19-11-2018-1632.webp","type":"image\/webp"}],"twitter_card":"summary_large_image","twitter_misc":{"Estimated reading time":"1 minute"},"schema":{"@context":"https:\/\/schema.org","@graph":[{"@type":"WebPage","@id":"https:\/\/skaitytaknyga.lt\/produktas\/aleksejus-tolstojus-keistuoliai-raisas-ponas\/","url":"https:\/\/skaitytaknyga.lt\/produktas\/aleksejus-tolstojus-keistuoliai-raisas-ponas\/","name":"Petras Tarasenka \u201eRambyno burtininkas\u201c","isPartOf":{"@id":"https:\/\/skaitytaknyga.lt\/#website"},"primaryImageOfPage":{"@id":"https:\/\/skaitytaknyga.lt\/produktas\/aleksejus-tolstojus-keistuoliai-raisas-ponas\/#primaryimage"},"image":{"@id":"https:\/\/skaitytaknyga.lt\/produktas\/aleksejus-tolstojus-keistuoliai-raisas-ponas\/#primaryimage"},"thumbnailUrl":"https:\/\/skaitytaknyga.lt\/wp-content\/uploads\/2024\/07\/scan-19-11-2018-1632.webp","datePublished":"2024-02-13T16:45:13+00:00","dateModified":"2024-07-13T15:46:13+00:00","description":"Archeologas ir ra\u0161ytojas Petras Tarasenka \u0161ioje istorin\u0117je nuotyki\u0173 apysakoje nukelia mus \u012f tuos laikus, kai beveik visoje Lietuvos terotorijoje o\u0161\u0117","breadcrumb":{"@id":"https:\/\/skaitytaknyga.lt\/produktas\/aleksejus-tolstojus-keistuoliai-raisas-ponas\/#breadcrumb"},"inLanguage":"en-GB","potentialAction":[{"@type":"ReadAction","target":["https:\/\/skaitytaknyga.lt\/produktas\/aleksejus-tolstojus-keistuoliai-raisas-ponas\/"]}]},{"@type":"ImageObject","inLanguage":"en-GB","@id":"https:\/\/skaitytaknyga.lt\/produktas\/aleksejus-tolstojus-keistuoliai-raisas-ponas\/#primaryimage","url":"https:\/\/skaitytaknyga.lt\/wp-content\/uploads\/2024\/07\/scan-19-11-2018-1632.webp","contentUrl":"https:\/\/skaitytaknyga.lt\/wp-content\/uploads\/2024\/07\/scan-19-11-2018-1632.webp","width":516,"height":800,"caption":"Rambyno burtininkas"},{"@type":"BreadcrumbList","@id":"https:\/\/skaitytaknyga.lt\/produktas\/aleksejus-tolstojus-keistuoliai-raisas-ponas\/#breadcrumb","itemListElement":[{"@type":"ListItem","position":1,"name":"Home","item":"https:\/\/skaitytaknyga.lt\/"},{"@type":"ListItem","position":2,"name":"Parduotuv\u0117","item":"https:\/\/skaitytaknyga.lt\/knygu-parduotuve\/"},{"@type":"ListItem","position":3,"name":"Petras Tarasenka \u201eRambyno burtininkas\u201c"}]},{"@type":"WebSite","@id":"https:\/\/skaitytaknyga.lt\/#website","url":"https:\/\/skaitytaknyga.lt\/","name":"skaitytaknyga.lt","description":"Skaitytaknyga.lt \u2013 tai ma\u017eas \u0161eimos verslas, kuris prasid\u0117jo nuo meil\u0117s knygoms ir siekio i\u0161gelb\u0117ti knygas nuo likimo prie konteinerio. Kas vienam nereikalingas daiktas \u2013 kitam lobis, o mes esame tarpininkai, kurie padeda abiems tapti laimingesniems ???? \u017dinome kaip nelengva i\u0161gyventi ma\u017eiems verslams, tad nuo \u0161iol, \u010dia rasite ir kit\u0173, ma\u017e\u0173 \u0161eim\u0173 versl\u0173, rank\u0173 darbo, dovan\u0173 sau ir artimiesiems.","publisher":{"@id":"https:\/\/skaitytaknyga.lt\/#organization"},"potentialAction":[{"@type":"SearchAction","target":{"@type":"EntryPoint","urlTemplate":"https:\/\/skaitytaknyga.lt\/?s={search_term_string}"},"query-input":{"@type":"PropertyValueSpecification","valueRequired":true,"valueName":"search_term_string"}}],"inLanguage":"en-GB"},{"@type":"Organization","@id":"https:\/\/skaitytaknyga.lt\/#organization","name":"skaitytaknyga.lt","url":"https:\/\/skaitytaknyga.lt\/","logo":{"@type":"ImageObject","inLanguage":"en-GB","@id":"https:\/\/skaitytaknyga.lt\/#\/schema\/logo\/image\/","url":"https:\/\/skaitytaknyga.lt\/wp-content\/uploads\/2024\/05\/cropped-cropped-cropped-02_00843_jt3bggkj1j3HLc7SyY6rEUpg.jpeg","contentUrl":"https:\/\/skaitytaknyga.lt\/wp-content\/uploads\/2024\/05\/cropped-cropped-cropped-02_00843_jt3bggkj1j3HLc7SyY6rEUpg.jpeg","width":1600,"height":1600,"caption":"skaitytaknyga.lt"},"image":{"@id":"https:\/\/skaitytaknyga.lt\/#\/schema\/logo\/image\/"},"sameAs":["https:\/\/www.facebook.com\/skaitytaknyga\/"]}]}},"_links":{"self":[{"href":"https:\/\/skaitytaknyga.lt\/en\/wp-json\/wp\/v2\/product\/12869","targetHints":{"allow":["GET"]}}],"collection":[{"href":"https:\/\/skaitytaknyga.lt\/en\/wp-json\/wp\/v2\/product"}],"about":[{"href":"https:\/\/skaitytaknyga.lt\/en\/wp-json\/wp\/v2\/types\/product"}],"replies":[{"embeddable":true,"href":"https:\/\/skaitytaknyga.lt\/en\/wp-json\/wp\/v2\/comments?post=12869"}],"wp:featuredmedia":[{"embeddable":true,"href":"https:\/\/skaitytaknyga.lt\/en\/wp-json\/wp\/v2\/media\/12870"}],"wp:attachment":[{"href":"https:\/\/skaitytaknyga.lt\/en\/wp-json\/wp\/v2\/media?parent=12869"}],"wp:term":[{"taxonomy":"product_brand","embeddable":true,"href":"https:\/\/skaitytaknyga.lt\/en\/wp-json\/wp\/v2\/product_brand?post=12869"},{"taxonomy":"product_cat","embeddable":true,"href":"https:\/\/skaitytaknyga.lt\/en\/wp-json\/wp\/v2\/product_cat?post=12869"},{"taxonomy":"product_tag","embeddable":true,"href":"https:\/\/skaitytaknyga.lt\/en\/wp-json\/wp\/v2\/product_tag?post=12869"}],"curies":[{"name":"wp","href":"https:\/\/api.w.org\/{rel}","templated":true}]}}