{"id":12859,"date":"2024-07-13T18:35:08","date_gmt":"2024-07-13T15:35:08","guid":{"rendered":"https:\/\/skaitytaknyga.lt\/?post_type=product&#038;p=12859"},"modified":"2025-05-28T09:31:16","modified_gmt":"2025-05-28T06:31:16","slug":"elena-vait-patriarchai-ir-pranasai","status":"publish","type":"product","link":"https:\/\/skaitytaknyga.lt\/en\/produktas\/elena-vait-patriarchai-ir-pranasai\/","title":{"rendered":"Prana\u0161ai ir karaliai"},"content":{"rendered":"<p>Senov\u0117s Izraelio tautos istorija mums atveria turtingiausi\u0105 lobyn\u0105.<br \/>\nJame gausu r\u016bpestingos K\u016br\u0117jo meil\u0117s, steb\u0117tino kantrumo ir malon\u0117s perl\u0173.<br \/>\n\u0160i knyga prasideda pasakojimu apie karaliaus Saliamono valdym\u0105 ir baigiama Ezdros bei Nehemijo atsidavusio tarnavimo apra\u0161ymu, kai, izraelitams gr\u012f\u017eus i\u0161<br \/>\nBabilono tremties, buvo atstatoma Jeruzal\u0117.<br \/>\nAtskleid\u017eiama:<br \/>\n\u2022 kad \u201eper am\u017eius turtai ir garb\u0117 k\u0117l\u0117 pavoj\u0173 nusi\u017eeminimui ir dvasingumui. Sunku ne\u0161ti ne tu\u0161\u010di\u0105 taur\u0119, bet i\u0161laikyti pusiausvyr\u0105 ne\u0161ant j\u0105 sklidin\u0105 iki kra\u0161t\u0173\u201c;<br \/>\n\u2022 kad Dievas atleid\u017eia net juod\u017eiausi\u0105 nuod\u0117m\u0119;<br \/>\n\u2022 kad Biblijos tiesos sutaurina kasdien\u012f gyvenim\u0105.<br \/>\nKnygoje parodoma:<br \/>\n\u2022 koki\u0105 ne\u012fkainojam\u0105 reik\u0161m\u0119 tautos dvasinei ir net \u017eemi\u0161kajai gerovei tur\u0117jo prana\u0161ai, kurie pasiaukodami perduodavo nuo blogio saugant\u012f Dievo \u017eod\u012f, stiprino tik\u0117jim\u0105, skatino gyventi dorai, gerbti Diev\u0105, r\u016bpintis vienas kitu bei savo kra\u0161tu ir tuo skleisti Dievo pa\u017einim\u0105 kitoms tautoms;<br \/>\n\u2022 kaip svarbu, kad n\u0117 viena diena nepraeit\u0173 nepadarius ka\u017eko, kas pad\u0117t\u0173 Jo darbo pa\u017eangai \u017eem\u0117je.<\/p>\n","protected":false},"excerpt":{"rendered":"<p>Senov\u0117s Izraelio tautos istorija mums atveria turtingiausi\u0105 lobyn\u0105. Jame gausu r\u016bpestingos K\u016br\u0117jo meil\u0117s, steb\u0117tino kantrumo ir malon\u0117s perl\u0173. \u0160i knyga prasideda pasakojimu apie karaliaus Saliamono valdym\u0105 ir baigiama Ezdros bei Nehemijo atsidavusio tarnavimo apra\u0161ymu, kai, izraelitams gr\u012f\u017eus i\u0161 Babilono tremties, buvo atstatoma Jeruzal\u0117. Atskleid\u017eiama: \u2022 kad \u201eper am\u017eius turtai ir garb\u0117 k\u0117l\u0117 pavoj\u0173 nusi\u017eeminimui ir dvasingumui. Sunku ne\u0161ti ne tu\u0161\u010di\u0105 taur\u0119, bet i\u0161laikyti pusiausvyr\u0105 ne\u0161ant j\u0105 sklidin\u0105 iki kra\u0161t\u0173\u201c; \u2022 kad Dievas atleid\u017eia net juod\u017eiausi\u0105 nuod\u0117m\u0119; \u2022 kad Biblijos tiesos sutaurina kasdien\u012f gyvenim\u0105. Knygoje parodoma: \u2022 koki\u0105 ne\u012fkainojam\u0105 reik\u0161m\u0119 tautos dvasinei ir net \u017eemi\u0161kajai gerovei tur\u0117jo prana\u0161ai, kurie pasiaukodami perduodavo nuo blogio saugant\u012f Dievo \u017eod\u012f, stiprino tik\u0117jim\u0105, skatino gyventi dorai, gerbti Diev\u0105, r\u016bpintis vienas kitu bei savo kra\u0161tu ir tuo skleisti Dievo pa\u017einim\u0105 kitoms tautoms; \u2022 kaip svarbu, kad n\u0117 viena diena nepraeit\u0173 nepadarius ka\u017eko, kas pad\u0117t\u0173 Jo darbo pa\u017eangai \u017eem\u0117je.<\/p>\n","protected":false},"featured_media":12860,"comment_status":"closed","ping_status":"closed","template":"","meta":{"_acf_changed":false,"site-sidebar-layout":"default","site-content-layout":"","ast-site-content-layout":"default","site-content-style":"default","site-sidebar-style":"default","ast-global-header-display":"","ast-banner-title-visibility":"","ast-main-header-display":"","ast-hfb-above-header-display":"","ast-hfb-below-header-display":"","ast-hfb-mobile-header-display":"","site-post-title":"","ast-breadcrumbs-content":"","ast-featured-img":"","footer-sml-layout":"","ast-disable-related-posts":"","theme-transparent-header-meta":"default","adv-header-id-meta":"","stick-header-meta":"","header-above-stick-meta":"","header-main-stick-meta":"","header-below-stick-meta":"","astra-migrate-meta-layouts":"set","ast-page-background-enabled":"default","ast-page-background-meta":{"desktop":{"background-color":"","background-image":"","background-repeat":"repeat","background-position":"center center","background-size":"auto","background-attachment":"scroll","background-type":"","background-media":"","overlay-type":"","overlay-color":"","overlay-opacity":"","overlay-gradient":""},"tablet":{"background-color":"","background-image":"","background-repeat":"repeat","background-position":"center center","background-size":"auto","background-attachment":"scroll","background-type":"","background-media":"","overlay-type":"","overlay-color":"","overlay-opacity":"","overlay-gradient":""},"mobile":{"background-color":"","background-image":"","background-repeat":"repeat","background-position":"center center","background-size":"auto","background-attachment":"scroll","background-type":"","background-media":"","overlay-type":"","overlay-color":"","overlay-opacity":"","overlay-gradient":""}},"ast-content-background-meta":{"desktop":{"background-color":"var(--ast-global-color-4)","background-image":"","background-repeat":"repeat","background-position":"center center","background-size":"auto","background-attachment":"scroll","background-type":"","background-media":"","overlay-type":"","overlay-color":"","overlay-opacity":"","overlay-gradient":""},"tablet":{"background-color":"var(--ast-global-color-4)","background-image":"","background-repeat":"repeat","background-position":"center center","background-size":"auto","background-attachment":"scroll","background-type":"","background-media":"","overlay-type":"","overlay-color":"","overlay-opacity":"","overlay-gradient":""},"mobile":{"background-color":"var(--ast-global-color-4)","background-image":"","background-repeat":"repeat","background-position":"center center","background-size":"auto","background-attachment":"scroll","background-type":"","background-media":"","overlay-type":"","overlay-color":"","overlay-opacity":"","overlay-gradient":""}}},"product_brand":[],"product_cat":[165],"product_tag":[3470,4500,4502,4501,1778,1581],"class_list":{"0":"post-12859","1":"product","2":"type-product","3":"status-publish","4":"has-post-thumbnail","6":"product_cat-religija-filosofija-ir-ezoterika","7":"product_tag-biblija","8":"product_tag-elena-vait","9":"product_tag-karaliai","10":"product_tag-pranasai","11":"product_tag-religine-literatura","12":"product_tag-tikejimas","13":"desktop-align-left","14":"tablet-align-left","15":"mobile-align-left","17":"first","18":"instock","19":"shipping-taxable","20":"purchasable","21":"product-type-simple"},"acf":[],"yoast_head":"<!-- This site is optimized with the Yoast SEO plugin v27.0 - https:\/\/yoast.com\/product\/yoast-seo-wordpress\/ -->\n<title>Prana\u0161ai ir karaliai<\/title>\n<meta name=\"description\" content=\"Senov\u0117s Izraelio tautos istorija mums atveria turtingiausi\u0105 lobyn\u0105. Jame gausu r\u016bpestingos K\u016br\u0117jo meil\u0117s, steb\u0117tino kantrumo ir malon\u0117s perl\u0173. \u0160i knyga\" \/>\n<meta name=\"robots\" content=\"index, follow, max-snippet:-1, max-image-preview:large, max-video-preview:-1\" \/>\n<link rel=\"canonical\" href=\"https:\/\/skaitytaknyga.lt\/en\/produktas\/elena-vait-patriarchai-ir-pranasai\/\" \/>\n<meta property=\"og:locale\" content=\"en_GB\" \/>\n<meta property=\"og:locale:alternate\" content=\"lt_LT\" \/>\n<meta property=\"og:type\" content=\"article\" \/>\n<meta property=\"og:title\" content=\"Prana\u0161ai ir karaliai\" \/>\n<meta property=\"og:description\" content=\"Senov\u0117s Izraelio tautos istorija mums atveria turtingiausi\u0105 lobyn\u0105. Jame gausu r\u016bpestingos K\u016br\u0117jo meil\u0117s, steb\u0117tino kantrumo ir malon\u0117s perl\u0173. \u0160i knyga\" \/>\n<meta property=\"og:url\" content=\"https:\/\/skaitytaknyga.lt\/en\/produktas\/elena-vait-patriarchai-ir-pranasai\/\" \/>\n<meta property=\"og:site_name\" content=\"Skaitytaknyga\" \/>\n<meta property=\"article:publisher\" content=\"https:\/\/www.facebook.com\/skaitytaknyga\/\" \/>\n<meta property=\"article:modified_time\" content=\"2025-05-28T06:31:16+00:00\" \/>\n<meta property=\"og:image\" content=\"https:\/\/skaitytaknyga.lt\/wp-content\/uploads\/2024\/07\/24-71.jpg\" \/>\n\t<meta property=\"og:image:width\" content=\"800\" \/>\n\t<meta property=\"og:image:height\" content=\"1129\" \/>\n\t<meta property=\"og:image:type\" content=\"image\/jpeg\" \/>\n<meta name=\"twitter:card\" content=\"summary_large_image\" \/>\n<meta name=\"twitter:label1\" content=\"Estimated reading time\" \/>\n\t<meta name=\"twitter:data1\" content=\"1 minute\" \/>\n<script type=\"application\/ld+json\" class=\"yoast-schema-graph\">{\"@context\":\"https:\/\/schema.org\",\"@graph\":[{\"@type\":\"WebPage\",\"@id\":\"https:\/\/skaitytaknyga.lt\/produktas\/elena-vait-patriarchai-ir-pranasai\/\",\"url\":\"https:\/\/skaitytaknyga.lt\/produktas\/elena-vait-patriarchai-ir-pranasai\/\",\"name\":\"Prana\u0161ai ir karaliai\",\"isPartOf\":{\"@id\":\"https:\/\/skaitytaknyga.lt\/#website\"},\"primaryImageOfPage\":{\"@id\":\"https:\/\/skaitytaknyga.lt\/produktas\/elena-vait-patriarchai-ir-pranasai\/#primaryimage\"},\"image\":{\"@id\":\"https:\/\/skaitytaknyga.lt\/produktas\/elena-vait-patriarchai-ir-pranasai\/#primaryimage\"},\"thumbnailUrl\":\"https:\/\/skaitytaknyga.lt\/wp-content\/uploads\/2024\/07\/24-71.jpg\",\"datePublished\":\"2024-07-13T15:35:08+00:00\",\"dateModified\":\"2025-05-28T06:31:16+00:00\",\"description\":\"Senov\u0117s Izraelio tautos istorija mums atveria turtingiausi\u0105 lobyn\u0105. Jame gausu r\u016bpestingos K\u016br\u0117jo meil\u0117s, steb\u0117tino kantrumo ir malon\u0117s perl\u0173. \u0160i knyga\",\"breadcrumb\":{\"@id\":\"https:\/\/skaitytaknyga.lt\/produktas\/elena-vait-patriarchai-ir-pranasai\/#breadcrumb\"},\"inLanguage\":\"en-GB\",\"potentialAction\":[{\"@type\":\"ReadAction\",\"target\":[\"https:\/\/skaitytaknyga.lt\/produktas\/elena-vait-patriarchai-ir-pranasai\/\"]}]},{\"@type\":\"ImageObject\",\"inLanguage\":\"en-GB\",\"@id\":\"https:\/\/skaitytaknyga.lt\/produktas\/elena-vait-patriarchai-ir-pranasai\/#primaryimage\",\"url\":\"https:\/\/skaitytaknyga.lt\/wp-content\/uploads\/2024\/07\/24-71.jpg\",\"contentUrl\":\"https:\/\/skaitytaknyga.lt\/wp-content\/uploads\/2024\/07\/24-71.jpg\",\"width\":800,\"height\":1129,\"caption\":\"Prana\u0161ai ir karaliai\"},{\"@type\":\"BreadcrumbList\",\"@id\":\"https:\/\/skaitytaknyga.lt\/produktas\/elena-vait-patriarchai-ir-pranasai\/#breadcrumb\",\"itemListElement\":[{\"@type\":\"ListItem\",\"position\":1,\"name\":\"Home\",\"item\":\"https:\/\/skaitytaknyga.lt\/\"},{\"@type\":\"ListItem\",\"position\":2,\"name\":\"Parduotuv\u0117\",\"item\":\"https:\/\/skaitytaknyga.lt\/knygu-parduotuve\/\"},{\"@type\":\"ListItem\",\"position\":3,\"name\":\"Prana\u0161ai ir karaliai\"}]},{\"@type\":\"WebSite\",\"@id\":\"https:\/\/skaitytaknyga.lt\/#website\",\"url\":\"https:\/\/skaitytaknyga.lt\/\",\"name\":\"skaitytaknyga.lt\",\"description\":\"Skaitytaknyga.lt \u2013 tai ma\u017eas \u0161eimos verslas, kuris prasid\u0117jo nuo meil\u0117s knygoms ir siekio i\u0161gelb\u0117ti knygas nuo likimo prie konteinerio. Kas vienam nereikalingas daiktas \u2013 kitam lobis, o mes esame tarpininkai, kurie padeda abiems tapti laimingesniems ???? \u017dinome kaip nelengva i\u0161gyventi ma\u017eiems verslams, tad nuo \u0161iol, \u010dia rasite ir kit\u0173, ma\u017e\u0173 \u0161eim\u0173 versl\u0173, rank\u0173 darbo, dovan\u0173 sau ir artimiesiems.\",\"publisher\":{\"@id\":\"https:\/\/skaitytaknyga.lt\/#organization\"},\"potentialAction\":[{\"@type\":\"SearchAction\",\"target\":{\"@type\":\"EntryPoint\",\"urlTemplate\":\"https:\/\/skaitytaknyga.lt\/?s={search_term_string}\"},\"query-input\":{\"@type\":\"PropertyValueSpecification\",\"valueRequired\":true,\"valueName\":\"search_term_string\"}}],\"inLanguage\":\"en-GB\"},{\"@type\":\"Organization\",\"@id\":\"https:\/\/skaitytaknyga.lt\/#organization\",\"name\":\"skaitytaknyga.lt\",\"url\":\"https:\/\/skaitytaknyga.lt\/\",\"logo\":{\"@type\":\"ImageObject\",\"inLanguage\":\"en-GB\",\"@id\":\"https:\/\/skaitytaknyga.lt\/#\/schema\/logo\/image\/\",\"url\":\"https:\/\/skaitytaknyga.lt\/wp-content\/uploads\/2024\/05\/cropped-cropped-cropped-02_00843_jt3bggkj1j3HLc7SyY6rEUpg.jpeg\",\"contentUrl\":\"https:\/\/skaitytaknyga.lt\/wp-content\/uploads\/2024\/05\/cropped-cropped-cropped-02_00843_jt3bggkj1j3HLc7SyY6rEUpg.jpeg\",\"width\":1600,\"height\":1600,\"caption\":\"skaitytaknyga.lt\"},\"image\":{\"@id\":\"https:\/\/skaitytaknyga.lt\/#\/schema\/logo\/image\/\"},\"sameAs\":[\"https:\/\/www.facebook.com\/skaitytaknyga\/\"]}]}<\/script>\n<!-- \/ Yoast SEO plugin. -->","yoast_head_json":{"title":"Prana\u0161ai ir karaliai","description":"Senov\u0117s Izraelio tautos istorija mums atveria turtingiausi\u0105 lobyn\u0105. Jame gausu r\u016bpestingos K\u016br\u0117jo meil\u0117s, steb\u0117tino kantrumo ir malon\u0117s perl\u0173. \u0160i knyga","robots":{"index":"index","follow":"follow","max-snippet":"max-snippet:-1","max-image-preview":"max-image-preview:large","max-video-preview":"max-video-preview:-1"},"canonical":"https:\/\/skaitytaknyga.lt\/en\/produktas\/elena-vait-patriarchai-ir-pranasai\/","og_locale":"en_GB","og_type":"article","og_title":"[:lt]Prana\u0161ai ir karaliai[:] - Skaitytaknyga","og_description":"Senov\u0117s Izraelio tautos istorija mums atveria turtingiausi\u0105 lobyn\u0105. Jame gausu r\u016bpestingos K\u016br\u0117jo meil\u0117s, steb\u0117tino kantrumo ir malon\u0117s perl\u0173. \u0160i knyga","og_url":"https:\/\/skaitytaknyga.lt\/en\/produktas\/elena-vait-patriarchai-ir-pranasai\/","og_site_name":"Skaitytaknyga","article_publisher":"https:\/\/www.facebook.com\/skaitytaknyga\/","article_modified_time":"2025-05-28T06:31:16+00:00","og_image":[{"width":800,"height":1129,"url":"https:\/\/skaitytaknyga.lt\/wp-content\/uploads\/2024\/07\/24-71.jpg","type":"image\/jpeg"}],"twitter_card":"summary_large_image","twitter_misc":{"Estimated reading time":"1 minute"},"schema":{"@context":"https:\/\/schema.org","@graph":[{"@type":"WebPage","@id":"https:\/\/skaitytaknyga.lt\/produktas\/elena-vait-patriarchai-ir-pranasai\/","url":"https:\/\/skaitytaknyga.lt\/produktas\/elena-vait-patriarchai-ir-pranasai\/","name":"Prana\u0161ai ir karaliai","isPartOf":{"@id":"https:\/\/skaitytaknyga.lt\/#website"},"primaryImageOfPage":{"@id":"https:\/\/skaitytaknyga.lt\/produktas\/elena-vait-patriarchai-ir-pranasai\/#primaryimage"},"image":{"@id":"https:\/\/skaitytaknyga.lt\/produktas\/elena-vait-patriarchai-ir-pranasai\/#primaryimage"},"thumbnailUrl":"https:\/\/skaitytaknyga.lt\/wp-content\/uploads\/2024\/07\/24-71.jpg","datePublished":"2024-07-13T15:35:08+00:00","dateModified":"2025-05-28T06:31:16+00:00","description":"Senov\u0117s Izraelio tautos istorija mums atveria turtingiausi\u0105 lobyn\u0105. Jame gausu r\u016bpestingos K\u016br\u0117jo meil\u0117s, steb\u0117tino kantrumo ir malon\u0117s perl\u0173. \u0160i knyga","breadcrumb":{"@id":"https:\/\/skaitytaknyga.lt\/produktas\/elena-vait-patriarchai-ir-pranasai\/#breadcrumb"},"inLanguage":"en-GB","potentialAction":[{"@type":"ReadAction","target":["https:\/\/skaitytaknyga.lt\/produktas\/elena-vait-patriarchai-ir-pranasai\/"]}]},{"@type":"ImageObject","inLanguage":"en-GB","@id":"https:\/\/skaitytaknyga.lt\/produktas\/elena-vait-patriarchai-ir-pranasai\/#primaryimage","url":"https:\/\/skaitytaknyga.lt\/wp-content\/uploads\/2024\/07\/24-71.jpg","contentUrl":"https:\/\/skaitytaknyga.lt\/wp-content\/uploads\/2024\/07\/24-71.jpg","width":800,"height":1129,"caption":"Prana\u0161ai ir karaliai"},{"@type":"BreadcrumbList","@id":"https:\/\/skaitytaknyga.lt\/produktas\/elena-vait-patriarchai-ir-pranasai\/#breadcrumb","itemListElement":[{"@type":"ListItem","position":1,"name":"Home","item":"https:\/\/skaitytaknyga.lt\/"},{"@type":"ListItem","position":2,"name":"Parduotuv\u0117","item":"https:\/\/skaitytaknyga.lt\/knygu-parduotuve\/"},{"@type":"ListItem","position":3,"name":"Prana\u0161ai ir karaliai"}]},{"@type":"WebSite","@id":"https:\/\/skaitytaknyga.lt\/#website","url":"https:\/\/skaitytaknyga.lt\/","name":"skaitytaknyga.lt","description":"Skaitytaknyga.lt \u2013 tai ma\u017eas \u0161eimos verslas, kuris prasid\u0117jo nuo meil\u0117s knygoms ir siekio i\u0161gelb\u0117ti knygas nuo likimo prie konteinerio. Kas vienam nereikalingas daiktas \u2013 kitam lobis, o mes esame tarpininkai, kurie padeda abiems tapti laimingesniems ???? \u017dinome kaip nelengva i\u0161gyventi ma\u017eiems verslams, tad nuo \u0161iol, \u010dia rasite ir kit\u0173, ma\u017e\u0173 \u0161eim\u0173 versl\u0173, rank\u0173 darbo, dovan\u0173 sau ir artimiesiems.","publisher":{"@id":"https:\/\/skaitytaknyga.lt\/#organization"},"potentialAction":[{"@type":"SearchAction","target":{"@type":"EntryPoint","urlTemplate":"https:\/\/skaitytaknyga.lt\/?s={search_term_string}"},"query-input":{"@type":"PropertyValueSpecification","valueRequired":true,"valueName":"search_term_string"}}],"inLanguage":"en-GB"},{"@type":"Organization","@id":"https:\/\/skaitytaknyga.lt\/#organization","name":"skaitytaknyga.lt","url":"https:\/\/skaitytaknyga.lt\/","logo":{"@type":"ImageObject","inLanguage":"en-GB","@id":"https:\/\/skaitytaknyga.lt\/#\/schema\/logo\/image\/","url":"https:\/\/skaitytaknyga.lt\/wp-content\/uploads\/2024\/05\/cropped-cropped-cropped-02_00843_jt3bggkj1j3HLc7SyY6rEUpg.jpeg","contentUrl":"https:\/\/skaitytaknyga.lt\/wp-content\/uploads\/2024\/05\/cropped-cropped-cropped-02_00843_jt3bggkj1j3HLc7SyY6rEUpg.jpeg","width":1600,"height":1600,"caption":"skaitytaknyga.lt"},"image":{"@id":"https:\/\/skaitytaknyga.lt\/#\/schema\/logo\/image\/"},"sameAs":["https:\/\/www.facebook.com\/skaitytaknyga\/"]}]}},"_links":{"self":[{"href":"https:\/\/skaitytaknyga.lt\/en\/wp-json\/wp\/v2\/product\/12859","targetHints":{"allow":["GET"]}}],"collection":[{"href":"https:\/\/skaitytaknyga.lt\/en\/wp-json\/wp\/v2\/product"}],"about":[{"href":"https:\/\/skaitytaknyga.lt\/en\/wp-json\/wp\/v2\/types\/product"}],"replies":[{"embeddable":true,"href":"https:\/\/skaitytaknyga.lt\/en\/wp-json\/wp\/v2\/comments?post=12859"}],"wp:featuredmedia":[{"embeddable":true,"href":"https:\/\/skaitytaknyga.lt\/en\/wp-json\/wp\/v2\/media\/12860"}],"wp:attachment":[{"href":"https:\/\/skaitytaknyga.lt\/en\/wp-json\/wp\/v2\/media?parent=12859"}],"wp:term":[{"taxonomy":"product_brand","embeddable":true,"href":"https:\/\/skaitytaknyga.lt\/en\/wp-json\/wp\/v2\/product_brand?post=12859"},{"taxonomy":"product_cat","embeddable":true,"href":"https:\/\/skaitytaknyga.lt\/en\/wp-json\/wp\/v2\/product_cat?post=12859"},{"taxonomy":"product_tag","embeddable":true,"href":"https:\/\/skaitytaknyga.lt\/en\/wp-json\/wp\/v2\/product_tag?post=12859"}],"curies":[{"name":"wp","href":"https:\/\/api.w.org\/{rel}","templated":true}]}}