{"id":12853,"date":"2024-07-13T18:24:29","date_gmt":"2024-07-13T15:24:29","guid":{"rendered":"https:\/\/skaitytaknyga.lt\/?post_type=product&#038;p=12853"},"modified":"2025-04-26T10:48:56","modified_gmt":"2025-04-26T07:48:56","slug":"susanne-hiuhn-kas-mums-suteikia-stiprybes-kopija","status":"publish","type":"product","link":"https:\/\/skaitytaknyga.lt\/en\/produktas\/susanne-hiuhn-kas-mums-suteikia-stiprybes-kopija\/","title":{"rendered":"Elena Vait \u201eDid\u017eioji kova: krik\u0161\u010dionyb\u0117s istorija, kurios pakeisti negalime\u201c"},"content":{"rendered":"<p>Istorija primena did\u017ei\u0173j\u0173 civilizacij\u0173 griuv\u0117sius. Chaosas, karai, stichin\u0117s nelaim\u0117s, \u017emoni\u0173 neapykantos protr\u016bkiai&#8230; Kuo visa tai baigsis? Pasauliui gresia nepaprasta katastrofa, gal net did\u017eiausia per vis\u0105 jo istorij\u0105. Gal net paskutin\u0117. Senosios prana\u0161yst\u0117s pildosi.<\/p>\n<p>\u0160i knyga yra autoritetingas atsakymas \u012f klausimus, kuriuos kelia m\u016bs\u0173 laikotarpio sumai\u0161tis ir neviltis, ji veda \u017emonijos istorijos labirintais, priver\u010dia pasverti sav\u0105sias vertybes, palie\u010dia sielos gelmes ir negali palikti abejing\u0173.<\/p>\n","protected":false},"excerpt":{"rendered":"<p>Istorija primena did\u017ei\u0173j\u0173 civilizacij\u0173 griuv\u0117sius. Chaosas, karai, stichin\u0117s nelaim\u0117s, \u017emoni\u0173 neapykantos protr\u016bkiai&#8230; Kuo visa tai baigsis? Pasauliui gresia nepaprasta katastrofa, gal net did\u017eiausia per vis\u0105 jo istorij\u0105. Gal net paskutin\u0117. Senosios prana\u0161yst\u0117s pildosi. \u0160i knyga yra autoritetingas atsakymas \u012f klausimus, kuriuos kelia m\u016bs\u0173 laikotarpio sumai\u0161tis ir neviltis, ji veda \u017emonijos istorijos labirintais, priver\u010dia pasverti sav\u0105sias vertybes, palie\u010dia sielos gelmes ir negali palikti abejing\u0173.<\/p>\n","protected":false},"featured_media":12854,"comment_status":"closed","ping_status":"closed","template":"","meta":{"_acf_changed":false,"site-sidebar-layout":"default","site-content-layout":"","ast-site-content-layout":"default","site-content-style":"default","site-sidebar-style":"default","ast-global-header-display":"","ast-banner-title-visibility":"","ast-main-header-display":"","ast-hfb-above-header-display":"","ast-hfb-below-header-display":"","ast-hfb-mobile-header-display":"","site-post-title":"","ast-breadcrumbs-content":"","ast-featured-img":"","footer-sml-layout":"","ast-disable-related-posts":"","theme-transparent-header-meta":"default","adv-header-id-meta":"","stick-header-meta":"","header-above-stick-meta":"","header-main-stick-meta":"","header-below-stick-meta":"","astra-migrate-meta-layouts":"set","ast-page-background-enabled":"default","ast-page-background-meta":{"desktop":{"background-color":"","background-image":"","background-repeat":"repeat","background-position":"center center","background-size":"auto","background-attachment":"scroll","background-type":"","background-media":"","overlay-type":"","overlay-color":"","overlay-opacity":"","overlay-gradient":""},"tablet":{"background-color":"","background-image":"","background-repeat":"repeat","background-position":"center center","background-size":"auto","background-attachment":"scroll","background-type":"","background-media":"","overlay-type":"","overlay-color":"","overlay-opacity":"","overlay-gradient":""},"mobile":{"background-color":"","background-image":"","background-repeat":"repeat","background-position":"center center","background-size":"auto","background-attachment":"scroll","background-type":"","background-media":"","overlay-type":"","overlay-color":"","overlay-opacity":"","overlay-gradient":""}},"ast-content-background-meta":{"desktop":{"background-color":"var(--ast-global-color-4)","background-image":"","background-repeat":"repeat","background-position":"center center","background-size":"auto","background-attachment":"scroll","background-type":"","background-media":"","overlay-type":"","overlay-color":"","overlay-opacity":"","overlay-gradient":""},"tablet":{"background-color":"var(--ast-global-color-4)","background-image":"","background-repeat":"repeat","background-position":"center center","background-size":"auto","background-attachment":"scroll","background-type":"","background-media":"","overlay-type":"","overlay-color":"","overlay-opacity":"","overlay-gradient":""},"mobile":{"background-color":"var(--ast-global-color-4)","background-image":"","background-repeat":"repeat","background-position":"center center","background-size":"auto","background-attachment":"scroll","background-type":"","background-media":"","overlay-type":"","overlay-color":"","overlay-opacity":"","overlay-gradient":""}}},"product_brand":[],"product_cat":[165],"product_tag":[],"class_list":{"0":"post-12853","1":"product","2":"type-product","3":"status-publish","4":"has-post-thumbnail","6":"product_cat-religija-filosofija-ir-ezoterika","7":"desktop-align-left","8":"tablet-align-left","9":"mobile-align-left","11":"first","12":"instock","13":"shipping-taxable","14":"purchasable","15":"product-type-simple"},"acf":[],"yoast_head":"<!-- This site is optimized with the Yoast SEO plugin v27.0 - https:\/\/yoast.com\/product\/yoast-seo-wordpress\/ -->\n<title>Elena Vait \u201eDid\u017eioji kova: krik\u0161\u010dionyb\u0117s istorija, kurios pakeisti negalime\u201c<\/title>\n<meta name=\"description\" content=\"Istorija primena did\u017ei\u0173j\u0173 civilizacij\u0173 griuv\u0117sius. Chaosas, karai, stichin\u0117s nelaim\u0117s, \u017emoni\u0173 neapykantos protr\u016bkiai... Kuo visa tai baigsis? Pasauliui\" \/>\n<meta name=\"robots\" content=\"index, follow, max-snippet:-1, max-image-preview:large, max-video-preview:-1\" \/>\n<link rel=\"canonical\" href=\"https:\/\/skaitytaknyga.lt\/en\/produktas\/susanne-hiuhn-kas-mums-suteikia-stiprybes-kopija\/\" \/>\n<meta property=\"og:locale\" content=\"en_GB\" \/>\n<meta property=\"og:locale:alternate\" content=\"lt_LT\" \/>\n<meta property=\"og:type\" content=\"article\" \/>\n<meta property=\"og:title\" content=\"Elena Vait \u201eDid\u017eioji kova: krik\u0161\u010dionyb\u0117s istorija, kurios pakeisti negalime\u201c\" \/>\n<meta property=\"og:description\" content=\"Istorija primena did\u017ei\u0173j\u0173 civilizacij\u0173 griuv\u0117sius. Chaosas, karai, stichin\u0117s nelaim\u0117s, \u017emoni\u0173 neapykantos protr\u016bkiai... Kuo visa tai baigsis? Pasauliui\" \/>\n<meta property=\"og:url\" content=\"https:\/\/skaitytaknyga.lt\/en\/produktas\/susanne-hiuhn-kas-mums-suteikia-stiprybes-kopija\/\" \/>\n<meta property=\"og:site_name\" content=\"Skaitytaknyga\" \/>\n<meta property=\"article:publisher\" content=\"https:\/\/www.facebook.com\/skaitytaknyga\/\" \/>\n<meta property=\"article:modified_time\" content=\"2025-04-26T07:48:56+00:00\" \/>\n<meta property=\"og:image\" content=\"https:\/\/skaitytaknyga.lt\/wp-content\/uploads\/2024\/07\/1617023952_Scan0003.webp\" \/>\n\t<meta property=\"og:image:width\" content=\"549\" \/>\n\t<meta property=\"og:image:height\" content=\"800\" \/>\n\t<meta property=\"og:image:type\" content=\"image\/webp\" \/>\n<meta name=\"twitter:card\" content=\"summary_large_image\" \/>\n<meta name=\"twitter:label1\" content=\"Estimated reading time\" \/>\n\t<meta name=\"twitter:data1\" content=\"1 minute\" \/>\n<script type=\"application\/ld+json\" class=\"yoast-schema-graph\">{\"@context\":\"https:\/\/schema.org\",\"@graph\":[{\"@type\":\"WebPage\",\"@id\":\"https:\/\/skaitytaknyga.lt\/produktas\/susanne-hiuhn-kas-mums-suteikia-stiprybes-kopija\/\",\"url\":\"https:\/\/skaitytaknyga.lt\/produktas\/susanne-hiuhn-kas-mums-suteikia-stiprybes-kopija\/\",\"name\":\"Elena Vait \u201eDid\u017eioji kova: krik\u0161\u010dionyb\u0117s istorija, kurios pakeisti negalime\u201c\",\"isPartOf\":{\"@id\":\"https:\/\/skaitytaknyga.lt\/#website\"},\"primaryImageOfPage\":{\"@id\":\"https:\/\/skaitytaknyga.lt\/produktas\/susanne-hiuhn-kas-mums-suteikia-stiprybes-kopija\/#primaryimage\"},\"image\":{\"@id\":\"https:\/\/skaitytaknyga.lt\/produktas\/susanne-hiuhn-kas-mums-suteikia-stiprybes-kopija\/#primaryimage\"},\"thumbnailUrl\":\"https:\/\/skaitytaknyga.lt\/wp-content\/uploads\/2024\/07\/1617023952_Scan0003.webp\",\"datePublished\":\"2024-07-13T15:24:29+00:00\",\"dateModified\":\"2025-04-26T07:48:56+00:00\",\"description\":\"Istorija primena did\u017ei\u0173j\u0173 civilizacij\u0173 griuv\u0117sius. Chaosas, karai, stichin\u0117s nelaim\u0117s, \u017emoni\u0173 neapykantos protr\u016bkiai... Kuo visa tai baigsis? Pasauliui\",\"breadcrumb\":{\"@id\":\"https:\/\/skaitytaknyga.lt\/produktas\/susanne-hiuhn-kas-mums-suteikia-stiprybes-kopija\/#breadcrumb\"},\"inLanguage\":\"en-GB\",\"potentialAction\":[{\"@type\":\"ReadAction\",\"target\":[\"https:\/\/skaitytaknyga.lt\/produktas\/susanne-hiuhn-kas-mums-suteikia-stiprybes-kopija\/\"]}]},{\"@type\":\"ImageObject\",\"inLanguage\":\"en-GB\",\"@id\":\"https:\/\/skaitytaknyga.lt\/produktas\/susanne-hiuhn-kas-mums-suteikia-stiprybes-kopija\/#primaryimage\",\"url\":\"https:\/\/skaitytaknyga.lt\/wp-content\/uploads\/2024\/07\/1617023952_Scan0003.webp\",\"contentUrl\":\"https:\/\/skaitytaknyga.lt\/wp-content\/uploads\/2024\/07\/1617023952_Scan0003.webp\",\"width\":549,\"height\":800,\"caption\":\"Did\u017eioji kova\"},{\"@type\":\"BreadcrumbList\",\"@id\":\"https:\/\/skaitytaknyga.lt\/produktas\/susanne-hiuhn-kas-mums-suteikia-stiprybes-kopija\/#breadcrumb\",\"itemListElement\":[{\"@type\":\"ListItem\",\"position\":1,\"name\":\"Home\",\"item\":\"https:\/\/skaitytaknyga.lt\/\"},{\"@type\":\"ListItem\",\"position\":2,\"name\":\"Parduotuv\u0117\",\"item\":\"https:\/\/skaitytaknyga.lt\/knygu-parduotuve\/\"},{\"@type\":\"ListItem\",\"position\":3,\"name\":\"Elena Vait \u201eDid\u017eioji kova: krik\u0161\u010dionyb\u0117s istorija, kurios pakeisti negalime\u201c\"}]},{\"@type\":\"WebSite\",\"@id\":\"https:\/\/skaitytaknyga.lt\/#website\",\"url\":\"https:\/\/skaitytaknyga.lt\/\",\"name\":\"skaitytaknyga.lt\",\"description\":\"Skaitytaknyga.lt \u2013 tai ma\u017eas \u0161eimos verslas, kuris prasid\u0117jo nuo meil\u0117s knygoms ir siekio i\u0161gelb\u0117ti knygas nuo likimo prie konteinerio. Kas vienam nereikalingas daiktas \u2013 kitam lobis, o mes esame tarpininkai, kurie padeda abiems tapti laimingesniems ???? \u017dinome kaip nelengva i\u0161gyventi ma\u017eiems verslams, tad nuo \u0161iol, \u010dia rasite ir kit\u0173, ma\u017e\u0173 \u0161eim\u0173 versl\u0173, rank\u0173 darbo, dovan\u0173 sau ir artimiesiems.\",\"publisher\":{\"@id\":\"https:\/\/skaitytaknyga.lt\/#organization\"},\"potentialAction\":[{\"@type\":\"SearchAction\",\"target\":{\"@type\":\"EntryPoint\",\"urlTemplate\":\"https:\/\/skaitytaknyga.lt\/?s={search_term_string}\"},\"query-input\":{\"@type\":\"PropertyValueSpecification\",\"valueRequired\":true,\"valueName\":\"search_term_string\"}}],\"inLanguage\":\"en-GB\"},{\"@type\":\"Organization\",\"@id\":\"https:\/\/skaitytaknyga.lt\/#organization\",\"name\":\"skaitytaknyga.lt\",\"url\":\"https:\/\/skaitytaknyga.lt\/\",\"logo\":{\"@type\":\"ImageObject\",\"inLanguage\":\"en-GB\",\"@id\":\"https:\/\/skaitytaknyga.lt\/#\/schema\/logo\/image\/\",\"url\":\"https:\/\/skaitytaknyga.lt\/wp-content\/uploads\/2024\/05\/cropped-cropped-cropped-02_00843_jt3bggkj1j3HLc7SyY6rEUpg.jpeg\",\"contentUrl\":\"https:\/\/skaitytaknyga.lt\/wp-content\/uploads\/2024\/05\/cropped-cropped-cropped-02_00843_jt3bggkj1j3HLc7SyY6rEUpg.jpeg\",\"width\":1600,\"height\":1600,\"caption\":\"skaitytaknyga.lt\"},\"image\":{\"@id\":\"https:\/\/skaitytaknyga.lt\/#\/schema\/logo\/image\/\"},\"sameAs\":[\"https:\/\/www.facebook.com\/skaitytaknyga\/\"]}]}<\/script>\n<!-- \/ Yoast SEO plugin. -->","yoast_head_json":{"title":"Elena Vait \u201eDid\u017eioji kova: krik\u0161\u010dionyb\u0117s istorija, kurios pakeisti negalime\u201c","description":"Istorija primena did\u017ei\u0173j\u0173 civilizacij\u0173 griuv\u0117sius. Chaosas, karai, stichin\u0117s nelaim\u0117s, \u017emoni\u0173 neapykantos protr\u016bkiai... Kuo visa tai baigsis? Pasauliui","robots":{"index":"index","follow":"follow","max-snippet":"max-snippet:-1","max-image-preview":"max-image-preview:large","max-video-preview":"max-video-preview:-1"},"canonical":"https:\/\/skaitytaknyga.lt\/en\/produktas\/susanne-hiuhn-kas-mums-suteikia-stiprybes-kopija\/","og_locale":"en_GB","og_type":"article","og_title":"[:lt]Elena Vait \u201eDid\u017eioji kova: krik\u0161\u010dionyb\u0117s istorija, kurios pakeisti negalime\u201c[:] - Skaitytaknyga","og_description":"Istorija primena did\u017ei\u0173j\u0173 civilizacij\u0173 griuv\u0117sius. Chaosas, karai, stichin\u0117s nelaim\u0117s, \u017emoni\u0173 neapykantos protr\u016bkiai... Kuo visa tai baigsis? Pasauliui","og_url":"https:\/\/skaitytaknyga.lt\/en\/produktas\/susanne-hiuhn-kas-mums-suteikia-stiprybes-kopija\/","og_site_name":"Skaitytaknyga","article_publisher":"https:\/\/www.facebook.com\/skaitytaknyga\/","article_modified_time":"2025-04-26T07:48:56+00:00","og_image":[{"width":549,"height":800,"url":"https:\/\/skaitytaknyga.lt\/wp-content\/uploads\/2024\/07\/1617023952_Scan0003.webp","type":"image\/webp"}],"twitter_card":"summary_large_image","twitter_misc":{"Estimated reading time":"1 minute"},"schema":{"@context":"https:\/\/schema.org","@graph":[{"@type":"WebPage","@id":"https:\/\/skaitytaknyga.lt\/produktas\/susanne-hiuhn-kas-mums-suteikia-stiprybes-kopija\/","url":"https:\/\/skaitytaknyga.lt\/produktas\/susanne-hiuhn-kas-mums-suteikia-stiprybes-kopija\/","name":"Elena Vait \u201eDid\u017eioji kova: krik\u0161\u010dionyb\u0117s istorija, kurios pakeisti negalime\u201c","isPartOf":{"@id":"https:\/\/skaitytaknyga.lt\/#website"},"primaryImageOfPage":{"@id":"https:\/\/skaitytaknyga.lt\/produktas\/susanne-hiuhn-kas-mums-suteikia-stiprybes-kopija\/#primaryimage"},"image":{"@id":"https:\/\/skaitytaknyga.lt\/produktas\/susanne-hiuhn-kas-mums-suteikia-stiprybes-kopija\/#primaryimage"},"thumbnailUrl":"https:\/\/skaitytaknyga.lt\/wp-content\/uploads\/2024\/07\/1617023952_Scan0003.webp","datePublished":"2024-07-13T15:24:29+00:00","dateModified":"2025-04-26T07:48:56+00:00","description":"Istorija primena did\u017ei\u0173j\u0173 civilizacij\u0173 griuv\u0117sius. Chaosas, karai, stichin\u0117s nelaim\u0117s, \u017emoni\u0173 neapykantos protr\u016bkiai... Kuo visa tai baigsis? Pasauliui","breadcrumb":{"@id":"https:\/\/skaitytaknyga.lt\/produktas\/susanne-hiuhn-kas-mums-suteikia-stiprybes-kopija\/#breadcrumb"},"inLanguage":"en-GB","potentialAction":[{"@type":"ReadAction","target":["https:\/\/skaitytaknyga.lt\/produktas\/susanne-hiuhn-kas-mums-suteikia-stiprybes-kopija\/"]}]},{"@type":"ImageObject","inLanguage":"en-GB","@id":"https:\/\/skaitytaknyga.lt\/produktas\/susanne-hiuhn-kas-mums-suteikia-stiprybes-kopija\/#primaryimage","url":"https:\/\/skaitytaknyga.lt\/wp-content\/uploads\/2024\/07\/1617023952_Scan0003.webp","contentUrl":"https:\/\/skaitytaknyga.lt\/wp-content\/uploads\/2024\/07\/1617023952_Scan0003.webp","width":549,"height":800,"caption":"Did\u017eioji kova"},{"@type":"BreadcrumbList","@id":"https:\/\/skaitytaknyga.lt\/produktas\/susanne-hiuhn-kas-mums-suteikia-stiprybes-kopija\/#breadcrumb","itemListElement":[{"@type":"ListItem","position":1,"name":"Home","item":"https:\/\/skaitytaknyga.lt\/"},{"@type":"ListItem","position":2,"name":"Parduotuv\u0117","item":"https:\/\/skaitytaknyga.lt\/knygu-parduotuve\/"},{"@type":"ListItem","position":3,"name":"Elena Vait \u201eDid\u017eioji kova: krik\u0161\u010dionyb\u0117s istorija, kurios pakeisti negalime\u201c"}]},{"@type":"WebSite","@id":"https:\/\/skaitytaknyga.lt\/#website","url":"https:\/\/skaitytaknyga.lt\/","name":"skaitytaknyga.lt","description":"Skaitytaknyga.lt \u2013 tai ma\u017eas \u0161eimos verslas, kuris prasid\u0117jo nuo meil\u0117s knygoms ir siekio i\u0161gelb\u0117ti knygas nuo likimo prie konteinerio. Kas vienam nereikalingas daiktas \u2013 kitam lobis, o mes esame tarpininkai, kurie padeda abiems tapti laimingesniems ???? \u017dinome kaip nelengva i\u0161gyventi ma\u017eiems verslams, tad nuo \u0161iol, \u010dia rasite ir kit\u0173, ma\u017e\u0173 \u0161eim\u0173 versl\u0173, rank\u0173 darbo, dovan\u0173 sau ir artimiesiems.","publisher":{"@id":"https:\/\/skaitytaknyga.lt\/#organization"},"potentialAction":[{"@type":"SearchAction","target":{"@type":"EntryPoint","urlTemplate":"https:\/\/skaitytaknyga.lt\/?s={search_term_string}"},"query-input":{"@type":"PropertyValueSpecification","valueRequired":true,"valueName":"search_term_string"}}],"inLanguage":"en-GB"},{"@type":"Organization","@id":"https:\/\/skaitytaknyga.lt\/#organization","name":"skaitytaknyga.lt","url":"https:\/\/skaitytaknyga.lt\/","logo":{"@type":"ImageObject","inLanguage":"en-GB","@id":"https:\/\/skaitytaknyga.lt\/#\/schema\/logo\/image\/","url":"https:\/\/skaitytaknyga.lt\/wp-content\/uploads\/2024\/05\/cropped-cropped-cropped-02_00843_jt3bggkj1j3HLc7SyY6rEUpg.jpeg","contentUrl":"https:\/\/skaitytaknyga.lt\/wp-content\/uploads\/2024\/05\/cropped-cropped-cropped-02_00843_jt3bggkj1j3HLc7SyY6rEUpg.jpeg","width":1600,"height":1600,"caption":"skaitytaknyga.lt"},"image":{"@id":"https:\/\/skaitytaknyga.lt\/#\/schema\/logo\/image\/"},"sameAs":["https:\/\/www.facebook.com\/skaitytaknyga\/"]}]}},"_links":{"self":[{"href":"https:\/\/skaitytaknyga.lt\/en\/wp-json\/wp\/v2\/product\/12853","targetHints":{"allow":["GET"]}}],"collection":[{"href":"https:\/\/skaitytaknyga.lt\/en\/wp-json\/wp\/v2\/product"}],"about":[{"href":"https:\/\/skaitytaknyga.lt\/en\/wp-json\/wp\/v2\/types\/product"}],"replies":[{"embeddable":true,"href":"https:\/\/skaitytaknyga.lt\/en\/wp-json\/wp\/v2\/comments?post=12853"}],"wp:featuredmedia":[{"embeddable":true,"href":"https:\/\/skaitytaknyga.lt\/en\/wp-json\/wp\/v2\/media\/12854"}],"wp:attachment":[{"href":"https:\/\/skaitytaknyga.lt\/en\/wp-json\/wp\/v2\/media?parent=12853"}],"wp:term":[{"taxonomy":"product_brand","embeddable":true,"href":"https:\/\/skaitytaknyga.lt\/en\/wp-json\/wp\/v2\/product_brand?post=12853"},{"taxonomy":"product_cat","embeddable":true,"href":"https:\/\/skaitytaknyga.lt\/en\/wp-json\/wp\/v2\/product_cat?post=12853"},{"taxonomy":"product_tag","embeddable":true,"href":"https:\/\/skaitytaknyga.lt\/en\/wp-json\/wp\/v2\/product_tag?post=12853"}],"curies":[{"name":"wp","href":"https:\/\/api.w.org\/{rel}","templated":true}]}}