{"id":12822,"date":"2023-07-13T13:14:08","date_gmt":"2023-07-13T10:14:08","guid":{"rendered":"https:\/\/skaitytaknyga.lt\/?post_type=product&#038;p=12822"},"modified":"2026-02-14T01:46:58","modified_gmt":"2026-02-13T23:46:58","slug":"ivas-andricius-miroslavas-krleza-drinos-tiltas-ant-proto-ribos-111-knyga","status":"publish","type":"product","link":"https:\/\/skaitytaknyga.lt\/en\/produktas\/ivas-andricius-miroslavas-krleza-drinos-tiltas-ant-proto-ribos-111-knyga\/","title":{"rendered":"Nikolajus Aleksejevi\u010dius Nekrasovas, Michailas Saltykovas \u2013 \u0160\u010dedrinas \u201eEil\u0117ra\u0161\u010diai. Poemos. Vieno miesto istorija\u201c (55 knyga)"},"content":{"rendered":"<p>Tome skelbiami \u017eymi\u0173j\u0173 XIX a. Rus\u0173 ra\u0161ytoj\u0173 reik\u0161mingiausi k\u016briniai: N. Nekrasovo poemos \u201eKam Rusioje gyventi gera\u201c, \u201eKunigaik\u0161tien\u0117 Trubeckaja\u201c, \u201eKunigaik\u0161tien\u0117 M. Volkonskaja\u201c ir didelis pluo\u0161tas eil\u0117ra\u0161\u010di\u0173;<\/p>\n<p><strong>M. Saltykovo-\u0160\u010dedrino<\/strong>\u00a0&#8211; satyrin\u0117 epop\u0117ja \u201eVieno miesto istorija\u201c. \u0160iems k\u016briniams b\u016bdinga meil\u0117 liaud\u017eiai, kovos u\u017e jos laisv\u0119 aistra, neapykanta carizmui.<\/p>\n","protected":false},"excerpt":{"rendered":"<p>Tome skelbiami \u017eymi\u0173j\u0173 XIX a. Rus\u0173 ra\u0161ytoj\u0173 reik\u0161mingiausi k\u016briniai: N. Nekrasovo poemos \u201eKam Rusioje gyventi gera\u201c, \u201eKunigaik\u0161tien\u0117 Trubeckaja\u201c, \u201eKunigaik\u0161tien\u0117 M. Volkonskaja\u201c ir didelis pluo\u0161tas eil\u0117ra\u0161\u010di\u0173; M. Saltykovo-\u0160\u010dedrino\u00a0&#8211; satyrin\u0117 epop\u0117ja \u201eVieno miesto istorija\u201c. \u0160iems k\u016briniams b\u016bdinga meil\u0117 liaud\u017eiai, kovos u\u017e jos laisv\u0119 aistra, neapykanta carizmui.<\/p>\n","protected":false},"featured_media":4194,"comment_status":"closed","ping_status":"closed","template":"","meta":{"_acf_changed":false,"site-sidebar-layout":"default","site-content-layout":"","ast-site-content-layout":"default","site-content-style":"default","site-sidebar-style":"default","ast-global-header-display":"","ast-banner-title-visibility":"","ast-main-header-display":"","ast-hfb-above-header-display":"","ast-hfb-below-header-display":"","ast-hfb-mobile-header-display":"","site-post-title":"","ast-breadcrumbs-content":"","ast-featured-img":"","footer-sml-layout":"","ast-disable-related-posts":"","theme-transparent-header-meta":"default","adv-header-id-meta":"","stick-header-meta":"","header-above-stick-meta":"","header-main-stick-meta":"","header-below-stick-meta":"","astra-migrate-meta-layouts":"set","ast-page-background-enabled":"default","ast-page-background-meta":{"desktop":{"background-color":"","background-image":"","background-repeat":"repeat","background-position":"center center","background-size":"auto","background-attachment":"scroll","background-type":"","background-media":"","overlay-type":"","overlay-color":"","overlay-opacity":"","overlay-gradient":""},"tablet":{"background-color":"","background-image":"","background-repeat":"repeat","background-position":"center center","background-size":"auto","background-attachment":"scroll","background-type":"","background-media":"","overlay-type":"","overlay-color":"","overlay-opacity":"","overlay-gradient":""},"mobile":{"background-color":"","background-image":"","background-repeat":"repeat","background-position":"center center","background-size":"auto","background-attachment":"scroll","background-type":"","background-media":"","overlay-type":"","overlay-color":"","overlay-opacity":"","overlay-gradient":""}},"ast-content-background-meta":{"desktop":{"background-color":"var(--ast-global-color-4)","background-image":"","background-repeat":"repeat","background-position":"center center","background-size":"auto","background-attachment":"scroll","background-type":"","background-media":"","overlay-type":"","overlay-color":"","overlay-opacity":"","overlay-gradient":""},"tablet":{"background-color":"var(--ast-global-color-4)","background-image":"","background-repeat":"repeat","background-position":"center center","background-size":"auto","background-attachment":"scroll","background-type":"","background-media":"","overlay-type":"","overlay-color":"","overlay-opacity":"","overlay-gradient":""},"mobile":{"background-color":"var(--ast-global-color-4)","background-image":"","background-repeat":"repeat","background-position":"center center","background-size":"auto","background-attachment":"scroll","background-type":"","background-media":"","overlay-type":"","overlay-color":"","overlay-opacity":"","overlay-gradient":""}}},"product_brand":[],"product_cat":[31,558],"product_tag":[],"class_list":{"0":"post-12822","1":"product","2":"type-product","3":"status-publish","4":"has-post-thumbnail","6":"product_cat-grozine-literatura","7":"product_cat-pasaulines-literaturos-biblioteka","8":"desktop-align-left","9":"tablet-align-left","10":"mobile-align-left","12":"first","13":"outofstock","14":"shipping-taxable","15":"purchasable","16":"product-type-simple"},"acf":[],"yoast_head":"<!-- This site is optimized with the Yoast SEO plugin v27.0 - https:\/\/yoast.com\/product\/yoast-seo-wordpress\/ -->\n<title>Nikolajus Aleksejevi\u010dius Nekrasovas, Michailas Saltykovas \u2013 \u0160\u010dedrinas \u201eEil\u0117ra\u0161\u010diai. Poemos. Vieno miesto istorija\u201c (55 knyga)<\/title>\n<meta name=\"description\" content=\"Tome skelbiami \u017eymi\u0173j\u0173 XIX a. Rus\u0173 ra\u0161ytoj\u0173 reik\u0161mingiausi k\u016briniai: N. Nekrasovo poemos \u201eKam Rusioje gyventi gera\u201c, \u201eKunigaik\u0161tien\u0117 Trubeckaja\u201c,\" \/>\n<meta name=\"robots\" content=\"index, follow, max-snippet:-1, max-image-preview:large, max-video-preview:-1\" \/>\n<link rel=\"canonical\" href=\"https:\/\/skaitytaknyga.lt\/en\/produktas\/ivas-andricius-miroslavas-krleza-drinos-tiltas-ant-proto-ribos-111-knyga\/\" \/>\n<meta property=\"og:locale\" content=\"en_GB\" \/>\n<meta property=\"og:locale:alternate\" content=\"lt_LT\" \/>\n<meta property=\"og:type\" content=\"article\" \/>\n<meta property=\"og:title\" content=\"Nikolajus Aleksejevi\u010dius Nekrasovas, Michailas Saltykovas \u2013 \u0160\u010dedrinas \u201eEil\u0117ra\u0161\u010diai. Poemos. Vieno miesto istorija\u201c (55 knyga)\" \/>\n<meta property=\"og:description\" content=\"Tome skelbiami \u017eymi\u0173j\u0173 XIX a. Rus\u0173 ra\u0161ytoj\u0173 reik\u0161mingiausi k\u016briniai: N. Nekrasovo poemos \u201eKam Rusioje gyventi gera\u201c, \u201eKunigaik\u0161tien\u0117 Trubeckaja\u201c,\" \/>\n<meta property=\"og:url\" content=\"https:\/\/skaitytaknyga.lt\/en\/produktas\/ivas-andricius-miroslavas-krleza-drinos-tiltas-ant-proto-ribos-111-knyga\/\" \/>\n<meta property=\"og:site_name\" content=\"Skaitytaknyga\" \/>\n<meta property=\"article:publisher\" content=\"https:\/\/www.facebook.com\/skaitytaknyga\/\" \/>\n<meta property=\"article:modified_time\" content=\"2026-02-13T23:46:58+00:00\" \/>\n<meta property=\"og:image\" content=\"https:\/\/skaitytaknyga.lt\/wp-content\/uploads\/2024\/04\/klasika.png\" \/>\n\t<meta property=\"og:image:width\" content=\"271\" \/>\n\t<meta property=\"og:image:height\" content=\"411\" \/>\n\t<meta property=\"og:image:type\" content=\"image\/png\" \/>\n<meta name=\"twitter:card\" content=\"summary_large_image\" \/>\n<meta name=\"twitter:label1\" content=\"Estimated reading time\" \/>\n\t<meta name=\"twitter:data1\" content=\"1 minute\" \/>\n<script type=\"application\/ld+json\" class=\"yoast-schema-graph\">{\"@context\":\"https:\/\/schema.org\",\"@graph\":[{\"@type\":\"WebPage\",\"@id\":\"https:\/\/skaitytaknyga.lt\/produktas\/ivas-andricius-miroslavas-krleza-drinos-tiltas-ant-proto-ribos-111-knyga\/\",\"url\":\"https:\/\/skaitytaknyga.lt\/produktas\/ivas-andricius-miroslavas-krleza-drinos-tiltas-ant-proto-ribos-111-knyga\/\",\"name\":\"Nikolajus Aleksejevi\u010dius Nekrasovas, Michailas Saltykovas \u2013 \u0160\u010dedrinas \u201eEil\u0117ra\u0161\u010diai. Poemos. Vieno miesto istorija\u201c (55 knyga)\",\"isPartOf\":{\"@id\":\"https:\/\/skaitytaknyga.lt\/#website\"},\"primaryImageOfPage\":{\"@id\":\"https:\/\/skaitytaknyga.lt\/produktas\/ivas-andricius-miroslavas-krleza-drinos-tiltas-ant-proto-ribos-111-knyga\/#primaryimage\"},\"image\":{\"@id\":\"https:\/\/skaitytaknyga.lt\/produktas\/ivas-andricius-miroslavas-krleza-drinos-tiltas-ant-proto-ribos-111-knyga\/#primaryimage\"},\"thumbnailUrl\":\"https:\/\/skaitytaknyga.lt\/wp-content\/uploads\/2024\/04\/klasika.png\",\"datePublished\":\"2023-07-13T10:14:08+00:00\",\"dateModified\":\"2026-02-13T23:46:58+00:00\",\"description\":\"Tome skelbiami \u017eymi\u0173j\u0173 XIX a. Rus\u0173 ra\u0161ytoj\u0173 reik\u0161mingiausi k\u016briniai: N. Nekrasovo poemos \u201eKam Rusioje gyventi gera\u201c, \u201eKunigaik\u0161tien\u0117 Trubeckaja\u201c,\",\"breadcrumb\":{\"@id\":\"https:\/\/skaitytaknyga.lt\/produktas\/ivas-andricius-miroslavas-krleza-drinos-tiltas-ant-proto-ribos-111-knyga\/#breadcrumb\"},\"inLanguage\":\"en-GB\",\"potentialAction\":[{\"@type\":\"ReadAction\",\"target\":[\"https:\/\/skaitytaknyga.lt\/produktas\/ivas-andricius-miroslavas-krleza-drinos-tiltas-ant-proto-ribos-111-knyga\/\"]}]},{\"@type\":\"ImageObject\",\"inLanguage\":\"en-GB\",\"@id\":\"https:\/\/skaitytaknyga.lt\/produktas\/ivas-andricius-miroslavas-krleza-drinos-tiltas-ant-proto-ribos-111-knyga\/#primaryimage\",\"url\":\"https:\/\/skaitytaknyga.lt\/wp-content\/uploads\/2024\/04\/klasika.png\",\"contentUrl\":\"https:\/\/skaitytaknyga.lt\/wp-content\/uploads\/2024\/04\/klasika.png\",\"width\":271,\"height\":411,\"caption\":\"klasika\"},{\"@type\":\"BreadcrumbList\",\"@id\":\"https:\/\/skaitytaknyga.lt\/produktas\/ivas-andricius-miroslavas-krleza-drinos-tiltas-ant-proto-ribos-111-knyga\/#breadcrumb\",\"itemListElement\":[{\"@type\":\"ListItem\",\"position\":1,\"name\":\"Home\",\"item\":\"https:\/\/skaitytaknyga.lt\/\"},{\"@type\":\"ListItem\",\"position\":2,\"name\":\"Parduotuv\u0117\",\"item\":\"https:\/\/skaitytaknyga.lt\/knygu-parduotuve\/\"},{\"@type\":\"ListItem\",\"position\":3,\"name\":\"Nikolajus Aleksejevi\u010dius Nekrasovas, Michailas Saltykovas \u2013 \u0160\u010dedrinas \u201eEil\u0117ra\u0161\u010diai. Poemos. Vieno miesto istorija\u201c (55 knyga)\"}]},{\"@type\":\"WebSite\",\"@id\":\"https:\/\/skaitytaknyga.lt\/#website\",\"url\":\"https:\/\/skaitytaknyga.lt\/\",\"name\":\"skaitytaknyga.lt\",\"description\":\"Skaitytaknyga.lt \u2013 tai ma\u017eas \u0161eimos verslas, kuris prasid\u0117jo nuo meil\u0117s knygoms ir siekio i\u0161gelb\u0117ti knygas nuo likimo prie konteinerio. Kas vienam nereikalingas daiktas \u2013 kitam lobis, o mes esame tarpininkai, kurie padeda abiems tapti laimingesniems ???? \u017dinome kaip nelengva i\u0161gyventi ma\u017eiems verslams, tad nuo \u0161iol, \u010dia rasite ir kit\u0173, ma\u017e\u0173 \u0161eim\u0173 versl\u0173, rank\u0173 darbo, dovan\u0173 sau ir artimiesiems.\",\"publisher\":{\"@id\":\"https:\/\/skaitytaknyga.lt\/#organization\"},\"potentialAction\":[{\"@type\":\"SearchAction\",\"target\":{\"@type\":\"EntryPoint\",\"urlTemplate\":\"https:\/\/skaitytaknyga.lt\/?s={search_term_string}\"},\"query-input\":{\"@type\":\"PropertyValueSpecification\",\"valueRequired\":true,\"valueName\":\"search_term_string\"}}],\"inLanguage\":\"en-GB\"},{\"@type\":\"Organization\",\"@id\":\"https:\/\/skaitytaknyga.lt\/#organization\",\"name\":\"skaitytaknyga.lt\",\"url\":\"https:\/\/skaitytaknyga.lt\/\",\"logo\":{\"@type\":\"ImageObject\",\"inLanguage\":\"en-GB\",\"@id\":\"https:\/\/skaitytaknyga.lt\/#\/schema\/logo\/image\/\",\"url\":\"https:\/\/skaitytaknyga.lt\/wp-content\/uploads\/2024\/05\/cropped-cropped-cropped-02_00843_jt3bggkj1j3HLc7SyY6rEUpg.jpeg\",\"contentUrl\":\"https:\/\/skaitytaknyga.lt\/wp-content\/uploads\/2024\/05\/cropped-cropped-cropped-02_00843_jt3bggkj1j3HLc7SyY6rEUpg.jpeg\",\"width\":1600,\"height\":1600,\"caption\":\"skaitytaknyga.lt\"},\"image\":{\"@id\":\"https:\/\/skaitytaknyga.lt\/#\/schema\/logo\/image\/\"},\"sameAs\":[\"https:\/\/www.facebook.com\/skaitytaknyga\/\"]}]}<\/script>\n<!-- \/ Yoast SEO plugin. -->","yoast_head_json":{"title":"Nikolajus Aleksejevi\u010dius Nekrasovas, Michailas Saltykovas \u2013 \u0160\u010dedrinas \u201eEil\u0117ra\u0161\u010diai. Poemos. Vieno miesto istorija\u201c (55 knyga)","description":"Tome skelbiami \u017eymi\u0173j\u0173 XIX a. Rus\u0173 ra\u0161ytoj\u0173 reik\u0161mingiausi k\u016briniai: N. Nekrasovo poemos \u201eKam Rusioje gyventi gera\u201c, \u201eKunigaik\u0161tien\u0117 Trubeckaja\u201c,","robots":{"index":"index","follow":"follow","max-snippet":"max-snippet:-1","max-image-preview":"max-image-preview:large","max-video-preview":"max-video-preview:-1"},"canonical":"https:\/\/skaitytaknyga.lt\/en\/produktas\/ivas-andricius-miroslavas-krleza-drinos-tiltas-ant-proto-ribos-111-knyga\/","og_locale":"en_GB","og_type":"article","og_title":"[:lt]Nikolajus Aleksejevi\u010dius Nekrasovas, Michailas Saltykovas \u2013 \u0160\u010dedrinas \u201eEil\u0117ra\u0161\u010diai. Poemos. Vieno miesto istorija\u201c (55 knyga)[:] - Skaitytaknyga","og_description":"Tome skelbiami \u017eymi\u0173j\u0173 XIX a. Rus\u0173 ra\u0161ytoj\u0173 reik\u0161mingiausi k\u016briniai: N. Nekrasovo poemos \u201eKam Rusioje gyventi gera\u201c, \u201eKunigaik\u0161tien\u0117 Trubeckaja\u201c,","og_url":"https:\/\/skaitytaknyga.lt\/en\/produktas\/ivas-andricius-miroslavas-krleza-drinos-tiltas-ant-proto-ribos-111-knyga\/","og_site_name":"Skaitytaknyga","article_publisher":"https:\/\/www.facebook.com\/skaitytaknyga\/","article_modified_time":"2026-02-13T23:46:58+00:00","og_image":[{"width":271,"height":411,"url":"https:\/\/skaitytaknyga.lt\/wp-content\/uploads\/2024\/04\/klasika.png","type":"image\/png"}],"twitter_card":"summary_large_image","twitter_misc":{"Estimated reading time":"1 minute"},"schema":{"@context":"https:\/\/schema.org","@graph":[{"@type":"WebPage","@id":"https:\/\/skaitytaknyga.lt\/produktas\/ivas-andricius-miroslavas-krleza-drinos-tiltas-ant-proto-ribos-111-knyga\/","url":"https:\/\/skaitytaknyga.lt\/produktas\/ivas-andricius-miroslavas-krleza-drinos-tiltas-ant-proto-ribos-111-knyga\/","name":"Nikolajus Aleksejevi\u010dius Nekrasovas, Michailas Saltykovas \u2013 \u0160\u010dedrinas \u201eEil\u0117ra\u0161\u010diai. Poemos. Vieno miesto istorija\u201c (55 knyga)","isPartOf":{"@id":"https:\/\/skaitytaknyga.lt\/#website"},"primaryImageOfPage":{"@id":"https:\/\/skaitytaknyga.lt\/produktas\/ivas-andricius-miroslavas-krleza-drinos-tiltas-ant-proto-ribos-111-knyga\/#primaryimage"},"image":{"@id":"https:\/\/skaitytaknyga.lt\/produktas\/ivas-andricius-miroslavas-krleza-drinos-tiltas-ant-proto-ribos-111-knyga\/#primaryimage"},"thumbnailUrl":"https:\/\/skaitytaknyga.lt\/wp-content\/uploads\/2024\/04\/klasika.png","datePublished":"2023-07-13T10:14:08+00:00","dateModified":"2026-02-13T23:46:58+00:00","description":"Tome skelbiami \u017eymi\u0173j\u0173 XIX a. Rus\u0173 ra\u0161ytoj\u0173 reik\u0161mingiausi k\u016briniai: N. Nekrasovo poemos \u201eKam Rusioje gyventi gera\u201c, \u201eKunigaik\u0161tien\u0117 Trubeckaja\u201c,","breadcrumb":{"@id":"https:\/\/skaitytaknyga.lt\/produktas\/ivas-andricius-miroslavas-krleza-drinos-tiltas-ant-proto-ribos-111-knyga\/#breadcrumb"},"inLanguage":"en-GB","potentialAction":[{"@type":"ReadAction","target":["https:\/\/skaitytaknyga.lt\/produktas\/ivas-andricius-miroslavas-krleza-drinos-tiltas-ant-proto-ribos-111-knyga\/"]}]},{"@type":"ImageObject","inLanguage":"en-GB","@id":"https:\/\/skaitytaknyga.lt\/produktas\/ivas-andricius-miroslavas-krleza-drinos-tiltas-ant-proto-ribos-111-knyga\/#primaryimage","url":"https:\/\/skaitytaknyga.lt\/wp-content\/uploads\/2024\/04\/klasika.png","contentUrl":"https:\/\/skaitytaknyga.lt\/wp-content\/uploads\/2024\/04\/klasika.png","width":271,"height":411,"caption":"klasika"},{"@type":"BreadcrumbList","@id":"https:\/\/skaitytaknyga.lt\/produktas\/ivas-andricius-miroslavas-krleza-drinos-tiltas-ant-proto-ribos-111-knyga\/#breadcrumb","itemListElement":[{"@type":"ListItem","position":1,"name":"Home","item":"https:\/\/skaitytaknyga.lt\/"},{"@type":"ListItem","position":2,"name":"Parduotuv\u0117","item":"https:\/\/skaitytaknyga.lt\/knygu-parduotuve\/"},{"@type":"ListItem","position":3,"name":"Nikolajus Aleksejevi\u010dius Nekrasovas, Michailas Saltykovas \u2013 \u0160\u010dedrinas \u201eEil\u0117ra\u0161\u010diai. Poemos. Vieno miesto istorija\u201c (55 knyga)"}]},{"@type":"WebSite","@id":"https:\/\/skaitytaknyga.lt\/#website","url":"https:\/\/skaitytaknyga.lt\/","name":"skaitytaknyga.lt","description":"Skaitytaknyga.lt \u2013 tai ma\u017eas \u0161eimos verslas, kuris prasid\u0117jo nuo meil\u0117s knygoms ir siekio i\u0161gelb\u0117ti knygas nuo likimo prie konteinerio. Kas vienam nereikalingas daiktas \u2013 kitam lobis, o mes esame tarpininkai, kurie padeda abiems tapti laimingesniems ???? \u017dinome kaip nelengva i\u0161gyventi ma\u017eiems verslams, tad nuo \u0161iol, \u010dia rasite ir kit\u0173, ma\u017e\u0173 \u0161eim\u0173 versl\u0173, rank\u0173 darbo, dovan\u0173 sau ir artimiesiems.","publisher":{"@id":"https:\/\/skaitytaknyga.lt\/#organization"},"potentialAction":[{"@type":"SearchAction","target":{"@type":"EntryPoint","urlTemplate":"https:\/\/skaitytaknyga.lt\/?s={search_term_string}"},"query-input":{"@type":"PropertyValueSpecification","valueRequired":true,"valueName":"search_term_string"}}],"inLanguage":"en-GB"},{"@type":"Organization","@id":"https:\/\/skaitytaknyga.lt\/#organization","name":"skaitytaknyga.lt","url":"https:\/\/skaitytaknyga.lt\/","logo":{"@type":"ImageObject","inLanguage":"en-GB","@id":"https:\/\/skaitytaknyga.lt\/#\/schema\/logo\/image\/","url":"https:\/\/skaitytaknyga.lt\/wp-content\/uploads\/2024\/05\/cropped-cropped-cropped-02_00843_jt3bggkj1j3HLc7SyY6rEUpg.jpeg","contentUrl":"https:\/\/skaitytaknyga.lt\/wp-content\/uploads\/2024\/05\/cropped-cropped-cropped-02_00843_jt3bggkj1j3HLc7SyY6rEUpg.jpeg","width":1600,"height":1600,"caption":"skaitytaknyga.lt"},"image":{"@id":"https:\/\/skaitytaknyga.lt\/#\/schema\/logo\/image\/"},"sameAs":["https:\/\/www.facebook.com\/skaitytaknyga\/"]}]}},"_links":{"self":[{"href":"https:\/\/skaitytaknyga.lt\/en\/wp-json\/wp\/v2\/product\/12822","targetHints":{"allow":["GET"]}}],"collection":[{"href":"https:\/\/skaitytaknyga.lt\/en\/wp-json\/wp\/v2\/product"}],"about":[{"href":"https:\/\/skaitytaknyga.lt\/en\/wp-json\/wp\/v2\/types\/product"}],"replies":[{"embeddable":true,"href":"https:\/\/skaitytaknyga.lt\/en\/wp-json\/wp\/v2\/comments?post=12822"}],"wp:featuredmedia":[{"embeddable":true,"href":"https:\/\/skaitytaknyga.lt\/en\/wp-json\/wp\/v2\/media\/4194"}],"wp:attachment":[{"href":"https:\/\/skaitytaknyga.lt\/en\/wp-json\/wp\/v2\/media?parent=12822"}],"wp:term":[{"taxonomy":"product_brand","embeddable":true,"href":"https:\/\/skaitytaknyga.lt\/en\/wp-json\/wp\/v2\/product_brand?post=12822"},{"taxonomy":"product_cat","embeddable":true,"href":"https:\/\/skaitytaknyga.lt\/en\/wp-json\/wp\/v2\/product_cat?post=12822"},{"taxonomy":"product_tag","embeddable":true,"href":"https:\/\/skaitytaknyga.lt\/en\/wp-json\/wp\/v2\/product_tag?post=12822"}],"curies":[{"name":"wp","href":"https:\/\/api.w.org\/{rel}","templated":true}]}}