{"id":12547,"date":"2024-07-09T19:30:51","date_gmt":"2024-07-09T16:30:51","guid":{"rendered":"https:\/\/skaitytaknyga.lt\/?post_type=product&#038;p=12547"},"modified":"2024-07-09T19:31:47","modified_gmt":"2024-07-09T16:31:47","slug":"eksperimentai-kiekvienai-dienai-vasara-2","status":"publish","type":"product","link":"https:\/\/skaitytaknyga.lt\/en\/produktas\/eksperimentai-kiekvienai-dienai-vasara-2\/","title":{"rendered":"Moksliuk\u0173 enciklopedija"},"content":{"rendered":"<div>\n<p>Atsivert\u0119 \u0161i\u0105 enciklopedij\u0105 panirsite \u012f \u017eini\u0173 pasaul\u012f.<\/p>\n<p>Knygoje pati naujausia informacija, suskirstyta \u012f de\u0161imt skyri\u0173: moksl\u0105 apie \u017dem\u0119, kosmos\u0105 ir \u017evaig\u017edes, gamtos pasaul\u012f, gyv\u016bnij\u0105, moksl\u0105 apie \u017emogaus k\u016bn\u0105, \u017emonijos praeit\u012f, \u017emog\u0173 ir visuomen\u0119, men\u0105 ir pramogas, moksl\u0105 ir technologijas, komunikacij\u0105.<\/p>\n<p>Pagrindin\u0117 informacija yra i\u0161d\u0117styta trumpai ir ai\u0161kiai. Tekstai pa\u017eym\u0117ti tam tikromis spalvomis ir suskirstyti \u012f ma\u017eus, lengvai skaitomus skyrelius.<\/p>\n<p>Knygoje panaudota daugiau kaip 1000 meni\u00acni\u0173 iliustracij\u0173 ir nuotrauk\u0173, kurios pad\u0117s Jums labiau suvokti m\u016bs\u0173 planetos paslaptis.<\/p>\n<\/div>\n","protected":false},"excerpt":{"rendered":"<p>Atsivert\u0119 \u0161i\u0105 enciklopedij\u0105 panirsite \u012f \u017eini\u0173 pasaul\u012f. Knygoje pati naujausia informacija, suskirstyta \u012f de\u0161imt skyri\u0173: moksl\u0105 apie \u017dem\u0119, kosmos\u0105 ir \u017evaig\u017edes, gamtos pasaul\u012f, gyv\u016bnij\u0105, moksl\u0105 apie \u017emogaus k\u016bn\u0105, \u017emonijos praeit\u012f, \u017emog\u0173 ir visuomen\u0119, men\u0105 ir pramogas, moksl\u0105 ir technologijas, komunikacij\u0105. Pagrindin\u0117 informacija yra i\u0161d\u0117styta trumpai ir ai\u0161kiai. Tekstai pa\u017eym\u0117ti tam tikromis spalvomis ir suskirstyti \u012f ma\u017eus, lengvai skaitomus skyrelius. Knygoje panaudota daugiau kaip 1000 meni\u00acni\u0173 iliustracij\u0173 ir nuotrauk\u0173, kurios pad\u0117s Jums labiau suvokti m\u016bs\u0173 planetos paslaptis.<\/p>\n","protected":false},"featured_media":12548,"comment_status":"closed","ping_status":"closed","template":"","meta":{"_acf_changed":false,"site-sidebar-layout":"default","site-content-layout":"","ast-site-content-layout":"default","site-content-style":"default","site-sidebar-style":"default","ast-global-header-display":"","ast-banner-title-visibility":"","ast-main-header-display":"","ast-hfb-above-header-display":"","ast-hfb-below-header-display":"","ast-hfb-mobile-header-display":"","site-post-title":"","ast-breadcrumbs-content":"","ast-featured-img":"","footer-sml-layout":"","ast-disable-related-posts":"","theme-transparent-header-meta":"default","adv-header-id-meta":"","stick-header-meta":"","header-above-stick-meta":"","header-main-stick-meta":"","header-below-stick-meta":"","astra-migrate-meta-layouts":"set","ast-page-background-enabled":"default","ast-page-background-meta":{"desktop":{"background-color":"","background-image":"","background-repeat":"repeat","background-position":"center center","background-size":"auto","background-attachment":"scroll","background-type":"","background-media":"","overlay-type":"","overlay-color":"","overlay-opacity":"","overlay-gradient":""},"tablet":{"background-color":"","background-image":"","background-repeat":"repeat","background-position":"center center","background-size":"auto","background-attachment":"scroll","background-type":"","background-media":"","overlay-type":"","overlay-color":"","overlay-opacity":"","overlay-gradient":""},"mobile":{"background-color":"","background-image":"","background-repeat":"repeat","background-position":"center center","background-size":"auto","background-attachment":"scroll","background-type":"","background-media":"","overlay-type":"","overlay-color":"","overlay-opacity":"","overlay-gradient":""}},"ast-content-background-meta":{"desktop":{"background-color":"var(--ast-global-color-4)","background-image":"","background-repeat":"repeat","background-position":"center center","background-size":"auto","background-attachment":"scroll","background-type":"","background-media":"","overlay-type":"","overlay-color":"","overlay-opacity":"","overlay-gradient":""},"tablet":{"background-color":"var(--ast-global-color-4)","background-image":"","background-repeat":"repeat","background-position":"center center","background-size":"auto","background-attachment":"scroll","background-type":"","background-media":"","overlay-type":"","overlay-color":"","overlay-opacity":"","overlay-gradient":""},"mobile":{"background-color":"var(--ast-global-color-4)","background-image":"","background-repeat":"repeat","background-position":"center center","background-size":"auto","background-attachment":"scroll","background-type":"","background-media":"","overlay-type":"","overlay-color":"","overlay-opacity":"","overlay-gradient":""}}},"product_brand":[],"product_cat":[35],"product_tag":[],"class_list":{"0":"post-12547","1":"product","2":"type-product","3":"status-publish","4":"has-post-thumbnail","6":"product_cat-vaikams-ir-paaugliams","7":"desktop-align-left","8":"tablet-align-left","9":"mobile-align-left","11":"first","12":"instock","13":"shipping-taxable","14":"purchasable","15":"product-type-simple"},"acf":[],"yoast_head":"<!-- This site is optimized with the Yoast SEO plugin v27.0 - https:\/\/yoast.com\/product\/yoast-seo-wordpress\/ -->\n<title>Moksliuk\u0173 enciklopedija<\/title>\n<meta name=\"description\" content=\"Atsivert\u0119 \u0161i\u0105 enciklopedij\u0105 panirsite \u012f \u017eini\u0173 pasaul\u012f. Knygoje pati naujausia informacija, suskirstyta \u012f de\u0161imt skyri\u0173: moksl\u0105 apie \u017dem\u0119, kosmos\u0105 ir\" \/>\n<meta name=\"robots\" content=\"index, follow, max-snippet:-1, max-image-preview:large, max-video-preview:-1\" \/>\n<link rel=\"canonical\" href=\"https:\/\/skaitytaknyga.lt\/en\/produktas\/eksperimentai-kiekvienai-dienai-vasara-2\/\" \/>\n<meta property=\"og:locale\" content=\"en_GB\" \/>\n<meta property=\"og:locale:alternate\" content=\"lt_LT\" \/>\n<meta property=\"og:type\" content=\"article\" \/>\n<meta property=\"og:title\" content=\"Moksliuk\u0173 enciklopedija\" \/>\n<meta property=\"og:description\" content=\"Atsivert\u0119 \u0161i\u0105 enciklopedij\u0105 panirsite \u012f \u017eini\u0173 pasaul\u012f. Knygoje pati naujausia informacija, suskirstyta \u012f de\u0161imt skyri\u0173: moksl\u0105 apie \u017dem\u0119, kosmos\u0105 ir\" \/>\n<meta property=\"og:url\" content=\"https:\/\/skaitytaknyga.lt\/en\/produktas\/eksperimentai-kiekvienai-dienai-vasara-2\/\" \/>\n<meta property=\"og:site_name\" content=\"Skaitytaknyga\" \/>\n<meta property=\"article:publisher\" content=\"https:\/\/www.facebook.com\/skaitytaknyga\/\" \/>\n<meta property=\"article:modified_time\" content=\"2024-07-09T16:31:47+00:00\" \/>\n<meta property=\"og:image\" content=\"https:\/\/skaitytaknyga.lt\/wp-content\/uploads\/2024\/07\/image_1667.jpg\" \/>\n\t<meta property=\"og:image:width\" content=\"600\" \/>\n\t<meta property=\"og:image:height\" content=\"776\" \/>\n\t<meta property=\"og:image:type\" content=\"image\/jpeg\" \/>\n<meta name=\"twitter:card\" content=\"summary_large_image\" \/>\n<meta name=\"twitter:label1\" content=\"Estimated reading time\" \/>\n\t<meta name=\"twitter:data1\" content=\"1 minute\" \/>\n<script type=\"application\/ld+json\" class=\"yoast-schema-graph\">{\"@context\":\"https:\/\/schema.org\",\"@graph\":[{\"@type\":\"WebPage\",\"@id\":\"https:\/\/skaitytaknyga.lt\/produktas\/eksperimentai-kiekvienai-dienai-vasara-2\/\",\"url\":\"https:\/\/skaitytaknyga.lt\/produktas\/eksperimentai-kiekvienai-dienai-vasara-2\/\",\"name\":\"Moksliuk\u0173 enciklopedija\",\"isPartOf\":{\"@id\":\"https:\/\/skaitytaknyga.lt\/#website\"},\"primaryImageOfPage\":{\"@id\":\"https:\/\/skaitytaknyga.lt\/produktas\/eksperimentai-kiekvienai-dienai-vasara-2\/#primaryimage\"},\"image\":{\"@id\":\"https:\/\/skaitytaknyga.lt\/produktas\/eksperimentai-kiekvienai-dienai-vasara-2\/#primaryimage\"},\"thumbnailUrl\":\"https:\/\/skaitytaknyga.lt\/wp-content\/uploads\/2024\/07\/image_1667.jpg\",\"datePublished\":\"2024-07-09T16:30:51+00:00\",\"dateModified\":\"2024-07-09T16:31:47+00:00\",\"description\":\"Atsivert\u0119 \u0161i\u0105 enciklopedij\u0105 panirsite \u012f \u017eini\u0173 pasaul\u012f. Knygoje pati naujausia informacija, suskirstyta \u012f de\u0161imt skyri\u0173: moksl\u0105 apie \u017dem\u0119, kosmos\u0105 ir\",\"breadcrumb\":{\"@id\":\"https:\/\/skaitytaknyga.lt\/produktas\/eksperimentai-kiekvienai-dienai-vasara-2\/#breadcrumb\"},\"inLanguage\":\"en-GB\",\"potentialAction\":[{\"@type\":\"ReadAction\",\"target\":[\"https:\/\/skaitytaknyga.lt\/produktas\/eksperimentai-kiekvienai-dienai-vasara-2\/\"]}]},{\"@type\":\"ImageObject\",\"inLanguage\":\"en-GB\",\"@id\":\"https:\/\/skaitytaknyga.lt\/produktas\/eksperimentai-kiekvienai-dienai-vasara-2\/#primaryimage\",\"url\":\"https:\/\/skaitytaknyga.lt\/wp-content\/uploads\/2024\/07\/image_1667.jpg\",\"contentUrl\":\"https:\/\/skaitytaknyga.lt\/wp-content\/uploads\/2024\/07\/image_1667.jpg\",\"width\":600,\"height\":776,\"caption\":\"Moksliuk\u0173 enciklopedija\"},{\"@type\":\"BreadcrumbList\",\"@id\":\"https:\/\/skaitytaknyga.lt\/produktas\/eksperimentai-kiekvienai-dienai-vasara-2\/#breadcrumb\",\"itemListElement\":[{\"@type\":\"ListItem\",\"position\":1,\"name\":\"Home\",\"item\":\"https:\/\/skaitytaknyga.lt\/\"},{\"@type\":\"ListItem\",\"position\":2,\"name\":\"Parduotuv\u0117\",\"item\":\"https:\/\/skaitytaknyga.lt\/knygu-parduotuve\/\"},{\"@type\":\"ListItem\",\"position\":3,\"name\":\"Moksliuk\u0173 enciklopedija\"}]},{\"@type\":\"WebSite\",\"@id\":\"https:\/\/skaitytaknyga.lt\/#website\",\"url\":\"https:\/\/skaitytaknyga.lt\/\",\"name\":\"skaitytaknyga.lt\",\"description\":\"Skaitytaknyga.lt \u2013 tai ma\u017eas \u0161eimos verslas, kuris prasid\u0117jo nuo meil\u0117s knygoms ir siekio i\u0161gelb\u0117ti knygas nuo likimo prie konteinerio. Kas vienam nereikalingas daiktas \u2013 kitam lobis, o mes esame tarpininkai, kurie padeda abiems tapti laimingesniems ???? \u017dinome kaip nelengva i\u0161gyventi ma\u017eiems verslams, tad nuo \u0161iol, \u010dia rasite ir kit\u0173, ma\u017e\u0173 \u0161eim\u0173 versl\u0173, rank\u0173 darbo, dovan\u0173 sau ir artimiesiems.\",\"publisher\":{\"@id\":\"https:\/\/skaitytaknyga.lt\/#organization\"},\"potentialAction\":[{\"@type\":\"SearchAction\",\"target\":{\"@type\":\"EntryPoint\",\"urlTemplate\":\"https:\/\/skaitytaknyga.lt\/?s={search_term_string}\"},\"query-input\":{\"@type\":\"PropertyValueSpecification\",\"valueRequired\":true,\"valueName\":\"search_term_string\"}}],\"inLanguage\":\"en-GB\"},{\"@type\":\"Organization\",\"@id\":\"https:\/\/skaitytaknyga.lt\/#organization\",\"name\":\"skaitytaknyga.lt\",\"url\":\"https:\/\/skaitytaknyga.lt\/\",\"logo\":{\"@type\":\"ImageObject\",\"inLanguage\":\"en-GB\",\"@id\":\"https:\/\/skaitytaknyga.lt\/#\/schema\/logo\/image\/\",\"url\":\"https:\/\/skaitytaknyga.lt\/wp-content\/uploads\/2024\/05\/cropped-cropped-cropped-02_00843_jt3bggkj1j3HLc7SyY6rEUpg.jpeg\",\"contentUrl\":\"https:\/\/skaitytaknyga.lt\/wp-content\/uploads\/2024\/05\/cropped-cropped-cropped-02_00843_jt3bggkj1j3HLc7SyY6rEUpg.jpeg\",\"width\":1600,\"height\":1600,\"caption\":\"skaitytaknyga.lt\"},\"image\":{\"@id\":\"https:\/\/skaitytaknyga.lt\/#\/schema\/logo\/image\/\"},\"sameAs\":[\"https:\/\/www.facebook.com\/skaitytaknyga\/\"]}]}<\/script>\n<!-- \/ Yoast SEO plugin. -->","yoast_head_json":{"title":"Moksliuk\u0173 enciklopedija","description":"Atsivert\u0119 \u0161i\u0105 enciklopedij\u0105 panirsite \u012f \u017eini\u0173 pasaul\u012f. Knygoje pati naujausia informacija, suskirstyta \u012f de\u0161imt skyri\u0173: moksl\u0105 apie \u017dem\u0119, kosmos\u0105 ir","robots":{"index":"index","follow":"follow","max-snippet":"max-snippet:-1","max-image-preview":"max-image-preview:large","max-video-preview":"max-video-preview:-1"},"canonical":"https:\/\/skaitytaknyga.lt\/en\/produktas\/eksperimentai-kiekvienai-dienai-vasara-2\/","og_locale":"en_GB","og_type":"article","og_title":"[:lt]Moksliuk\u0173 enciklopedija[:] - Skaitytaknyga","og_description":"Atsivert\u0119 \u0161i\u0105 enciklopedij\u0105 panirsite \u012f \u017eini\u0173 pasaul\u012f. Knygoje pati naujausia informacija, suskirstyta \u012f de\u0161imt skyri\u0173: moksl\u0105 apie \u017dem\u0119, kosmos\u0105 ir","og_url":"https:\/\/skaitytaknyga.lt\/en\/produktas\/eksperimentai-kiekvienai-dienai-vasara-2\/","og_site_name":"Skaitytaknyga","article_publisher":"https:\/\/www.facebook.com\/skaitytaknyga\/","article_modified_time":"2024-07-09T16:31:47+00:00","og_image":[{"width":600,"height":776,"url":"https:\/\/skaitytaknyga.lt\/wp-content\/uploads\/2024\/07\/image_1667.jpg","type":"image\/jpeg"}],"twitter_card":"summary_large_image","twitter_misc":{"Estimated reading time":"1 minute"},"schema":{"@context":"https:\/\/schema.org","@graph":[{"@type":"WebPage","@id":"https:\/\/skaitytaknyga.lt\/produktas\/eksperimentai-kiekvienai-dienai-vasara-2\/","url":"https:\/\/skaitytaknyga.lt\/produktas\/eksperimentai-kiekvienai-dienai-vasara-2\/","name":"Moksliuk\u0173 enciklopedija","isPartOf":{"@id":"https:\/\/skaitytaknyga.lt\/#website"},"primaryImageOfPage":{"@id":"https:\/\/skaitytaknyga.lt\/produktas\/eksperimentai-kiekvienai-dienai-vasara-2\/#primaryimage"},"image":{"@id":"https:\/\/skaitytaknyga.lt\/produktas\/eksperimentai-kiekvienai-dienai-vasara-2\/#primaryimage"},"thumbnailUrl":"https:\/\/skaitytaknyga.lt\/wp-content\/uploads\/2024\/07\/image_1667.jpg","datePublished":"2024-07-09T16:30:51+00:00","dateModified":"2024-07-09T16:31:47+00:00","description":"Atsivert\u0119 \u0161i\u0105 enciklopedij\u0105 panirsite \u012f \u017eini\u0173 pasaul\u012f. Knygoje pati naujausia informacija, suskirstyta \u012f de\u0161imt skyri\u0173: moksl\u0105 apie \u017dem\u0119, kosmos\u0105 ir","breadcrumb":{"@id":"https:\/\/skaitytaknyga.lt\/produktas\/eksperimentai-kiekvienai-dienai-vasara-2\/#breadcrumb"},"inLanguage":"en-GB","potentialAction":[{"@type":"ReadAction","target":["https:\/\/skaitytaknyga.lt\/produktas\/eksperimentai-kiekvienai-dienai-vasara-2\/"]}]},{"@type":"ImageObject","inLanguage":"en-GB","@id":"https:\/\/skaitytaknyga.lt\/produktas\/eksperimentai-kiekvienai-dienai-vasara-2\/#primaryimage","url":"https:\/\/skaitytaknyga.lt\/wp-content\/uploads\/2024\/07\/image_1667.jpg","contentUrl":"https:\/\/skaitytaknyga.lt\/wp-content\/uploads\/2024\/07\/image_1667.jpg","width":600,"height":776,"caption":"Moksliuk\u0173 enciklopedija"},{"@type":"BreadcrumbList","@id":"https:\/\/skaitytaknyga.lt\/produktas\/eksperimentai-kiekvienai-dienai-vasara-2\/#breadcrumb","itemListElement":[{"@type":"ListItem","position":1,"name":"Home","item":"https:\/\/skaitytaknyga.lt\/"},{"@type":"ListItem","position":2,"name":"Parduotuv\u0117","item":"https:\/\/skaitytaknyga.lt\/knygu-parduotuve\/"},{"@type":"ListItem","position":3,"name":"Moksliuk\u0173 enciklopedija"}]},{"@type":"WebSite","@id":"https:\/\/skaitytaknyga.lt\/#website","url":"https:\/\/skaitytaknyga.lt\/","name":"skaitytaknyga.lt","description":"Skaitytaknyga.lt \u2013 tai ma\u017eas \u0161eimos verslas, kuris prasid\u0117jo nuo meil\u0117s knygoms ir siekio i\u0161gelb\u0117ti knygas nuo likimo prie konteinerio. Kas vienam nereikalingas daiktas \u2013 kitam lobis, o mes esame tarpininkai, kurie padeda abiems tapti laimingesniems ???? \u017dinome kaip nelengva i\u0161gyventi ma\u017eiems verslams, tad nuo \u0161iol, \u010dia rasite ir kit\u0173, ma\u017e\u0173 \u0161eim\u0173 versl\u0173, rank\u0173 darbo, dovan\u0173 sau ir artimiesiems.","publisher":{"@id":"https:\/\/skaitytaknyga.lt\/#organization"},"potentialAction":[{"@type":"SearchAction","target":{"@type":"EntryPoint","urlTemplate":"https:\/\/skaitytaknyga.lt\/?s={search_term_string}"},"query-input":{"@type":"PropertyValueSpecification","valueRequired":true,"valueName":"search_term_string"}}],"inLanguage":"en-GB"},{"@type":"Organization","@id":"https:\/\/skaitytaknyga.lt\/#organization","name":"skaitytaknyga.lt","url":"https:\/\/skaitytaknyga.lt\/","logo":{"@type":"ImageObject","inLanguage":"en-GB","@id":"https:\/\/skaitytaknyga.lt\/#\/schema\/logo\/image\/","url":"https:\/\/skaitytaknyga.lt\/wp-content\/uploads\/2024\/05\/cropped-cropped-cropped-02_00843_jt3bggkj1j3HLc7SyY6rEUpg.jpeg","contentUrl":"https:\/\/skaitytaknyga.lt\/wp-content\/uploads\/2024\/05\/cropped-cropped-cropped-02_00843_jt3bggkj1j3HLc7SyY6rEUpg.jpeg","width":1600,"height":1600,"caption":"skaitytaknyga.lt"},"image":{"@id":"https:\/\/skaitytaknyga.lt\/#\/schema\/logo\/image\/"},"sameAs":["https:\/\/www.facebook.com\/skaitytaknyga\/"]}]}},"_links":{"self":[{"href":"https:\/\/skaitytaknyga.lt\/en\/wp-json\/wp\/v2\/product\/12547","targetHints":{"allow":["GET"]}}],"collection":[{"href":"https:\/\/skaitytaknyga.lt\/en\/wp-json\/wp\/v2\/product"}],"about":[{"href":"https:\/\/skaitytaknyga.lt\/en\/wp-json\/wp\/v2\/types\/product"}],"replies":[{"embeddable":true,"href":"https:\/\/skaitytaknyga.lt\/en\/wp-json\/wp\/v2\/comments?post=12547"}],"wp:featuredmedia":[{"embeddable":true,"href":"https:\/\/skaitytaknyga.lt\/en\/wp-json\/wp\/v2\/media\/12548"}],"wp:attachment":[{"href":"https:\/\/skaitytaknyga.lt\/en\/wp-json\/wp\/v2\/media?parent=12547"}],"wp:term":[{"taxonomy":"product_brand","embeddable":true,"href":"https:\/\/skaitytaknyga.lt\/en\/wp-json\/wp\/v2\/product_brand?post=12547"},{"taxonomy":"product_cat","embeddable":true,"href":"https:\/\/skaitytaknyga.lt\/en\/wp-json\/wp\/v2\/product_cat?post=12547"},{"taxonomy":"product_tag","embeddable":true,"href":"https:\/\/skaitytaknyga.lt\/en\/wp-json\/wp\/v2\/product_tag?post=12547"}],"curies":[{"name":"wp","href":"https:\/\/api.w.org\/{rel}","templated":true}]}}