{"id":12542,"date":"2024-07-09T19:23:58","date_gmt":"2024-07-09T16:23:58","guid":{"rendered":"https:\/\/skaitytaknyga.lt\/?post_type=product&#038;p=12542"},"modified":"2025-06-10T17:25:34","modified_gmt":"2025-06-10T14:25:34","slug":"eksperimentai-kiekvienai-dienai-vasara","status":"publish","type":"product","link":"https:\/\/skaitytaknyga.lt\/en\/produktas\/eksperimentai-kiekvienai-dienai-vasara\/","title":{"rendered":"Eksperimentai kiekvienai dienai. Vasara"},"content":{"rendered":"<p>Knygoje si\u016blomi elementai<\/p>\n<ul>\n<li>tinka kiekvienam met\u0173 laikui;<\/li>\n<li>labai lengvi, jiems nesud\u0117tinga pasiruo\u0161ti;<\/li>\n<li>atliekami paprastomis, buityje naudojamomis priemon\u0117mis;<\/li>\n<li>lengvai suprantamai paai\u0161kinti;<\/li>\n<li>gausiai iliustruoti vaizdingais paveiksl\u0117liais.<\/li>\n<\/ul>\n<p>\u012edomi pa\u017eintin\u0117 knyga visai \u0161eimai!<\/p>\n","protected":false},"excerpt":{"rendered":"<p>Kaip, kur, kada, kod\u0117l?<\/p>\n<p>\u0160i\u0105 serij\u0105 sudaro 4 eksperiment\u0173 knygos: PAVASARIS, VASARA, RUDUO, \u017dIEMA.<\/p>\n<p>\u012edom\u016bs eksperimentai dideliems ir ma\u017eiems tyrin\u0117tojams suteiks papildom\u0173 \u017eini\u0173 apie daugel\u012f rei\u0161kini\u0173, susijusi\u0173 su gamtos mokslais.<\/p>\n<p>Kaip auga augalai? Kaip citrin\u0173 sultys priver\u010dia \u0161viesti elektros lemput\u0119? Kod\u0117l susidaro v\u0117jas, kru\u0161a, \u017eaibas ir perk\u016bnija? I\u0161 kur sausringose vietov\u0117se gauti geriamojo vandens? Kaip patyr\u0119s detektyvas ima pir\u0161t\u0173 atspaudus? Kaip pasigaminti slapto ra\u0161alo, karamelini\u0173 saldaini\u0173, kristalizuoto cukraus ar led\u0173 be \u0161aldytuvo?<\/p>\n","protected":false},"featured_media":12546,"comment_status":"closed","ping_status":"closed","template":"","meta":{"_acf_changed":false,"site-sidebar-layout":"default","site-content-layout":"","ast-site-content-layout":"default","site-content-style":"default","site-sidebar-style":"default","ast-global-header-display":"","ast-banner-title-visibility":"","ast-main-header-display":"","ast-hfb-above-header-display":"","ast-hfb-below-header-display":"","ast-hfb-mobile-header-display":"","site-post-title":"","ast-breadcrumbs-content":"","ast-featured-img":"","footer-sml-layout":"","ast-disable-related-posts":"","theme-transparent-header-meta":"default","adv-header-id-meta":"","stick-header-meta":"","header-above-stick-meta":"","header-main-stick-meta":"","header-below-stick-meta":"","astra-migrate-meta-layouts":"set","ast-page-background-enabled":"default","ast-page-background-meta":{"desktop":{"background-color":"","background-image":"","background-repeat":"repeat","background-position":"center center","background-size":"auto","background-attachment":"scroll","background-type":"","background-media":"","overlay-type":"","overlay-color":"","overlay-opacity":"","overlay-gradient":""},"tablet":{"background-color":"","background-image":"","background-repeat":"repeat","background-position":"center center","background-size":"auto","background-attachment":"scroll","background-type":"","background-media":"","overlay-type":"","overlay-color":"","overlay-opacity":"","overlay-gradient":""},"mobile":{"background-color":"","background-image":"","background-repeat":"repeat","background-position":"center center","background-size":"auto","background-attachment":"scroll","background-type":"","background-media":"","overlay-type":"","overlay-color":"","overlay-opacity":"","overlay-gradient":""}},"ast-content-background-meta":{"desktop":{"background-color":"var(--ast-global-color-4)","background-image":"","background-repeat":"repeat","background-position":"center center","background-size":"auto","background-attachment":"scroll","background-type":"","background-media":"","overlay-type":"","overlay-color":"","overlay-opacity":"","overlay-gradient":""},"tablet":{"background-color":"var(--ast-global-color-4)","background-image":"","background-repeat":"repeat","background-position":"center center","background-size":"auto","background-attachment":"scroll","background-type":"","background-media":"","overlay-type":"","overlay-color":"","overlay-opacity":"","overlay-gradient":""},"mobile":{"background-color":"var(--ast-global-color-4)","background-image":"","background-repeat":"repeat","background-position":"center center","background-size":"auto","background-attachment":"scroll","background-type":"","background-media":"","overlay-type":"","overlay-color":"","overlay-opacity":"","overlay-gradient":""}}},"product_brand":[],"product_cat":[35],"product_tag":[],"class_list":{"0":"post-12542","1":"product","2":"type-product","3":"status-publish","4":"has-post-thumbnail","6":"product_cat-vaikams-ir-paaugliams","7":"desktop-align-left","8":"tablet-align-left","9":"mobile-align-left","11":"first","12":"outofstock","13":"shipping-taxable","14":"purchasable","15":"product-type-simple"},"acf":[],"yoast_head":"<!-- This site is optimized with the Yoast SEO plugin v27.0 - https:\/\/yoast.com\/product\/yoast-seo-wordpress\/ -->\n<title>Eksperimentai kiekvienai dienai. Vasara<\/title>\n<meta name=\"description\" content=\"Kaip, kur, kada, kod\u0117l?  \u0160i\u0105 serij\u0105 sudaro 4 eksperiment\u0173 knygos: PAVASARIS, VASARA, RUDUO, \u017dIEMA.  \u012edom\u016bs eksperimentai dideliems ir ma\u017eiems tyrin\u0117tojams suteiks papildom\u0173 \u017eini\u0173 apie daugel\u012f rei\u0161kini\u0173, susijusi\u0173 su gamtos mokslais.  Kaip auga augalai? Kaip citrin\u0173 sultys priver\u010dia \u0161viesti elektros lemput\u0119? Kod\u0117l susidaro v\u0117jas, kru\u0161a, \u017eaibas ir perk\u016bnija? I\u0161 kur sausringose vietov\u0117se gauti geriamojo vandens? Kaip patyr\u0119s detektyvas ima pir\u0161t\u0173 atspaudus? Kaip pasigaminti slapto ra\u0161alo, karamelini\u0173 saldaini\u0173, kristalizuoto cukraus ar led\u0173 be \u0161aldytuvo?\" \/>\n<meta name=\"robots\" content=\"index, follow, max-snippet:-1, max-image-preview:large, max-video-preview:-1\" \/>\n<link rel=\"canonical\" href=\"https:\/\/skaitytaknyga.lt\/en\/produktas\/eksperimentai-kiekvienai-dienai-vasara\/\" \/>\n<meta property=\"og:locale\" content=\"en_GB\" \/>\n<meta property=\"og:locale:alternate\" content=\"lt_LT\" \/>\n<meta property=\"og:type\" content=\"article\" \/>\n<meta property=\"og:title\" content=\"Eksperimentai kiekvienai dienai. Vasara\" \/>\n<meta property=\"og:description\" content=\"Kaip, kur, kada, kod\u0117l?  \u0160i\u0105 serij\u0105 sudaro 4 eksperiment\u0173 knygos: PAVASARIS, VASARA, RUDUO, \u017dIEMA.  \u012edom\u016bs eksperimentai dideliems ir ma\u017eiems tyrin\u0117tojams suteiks papildom\u0173 \u017eini\u0173 apie daugel\u012f rei\u0161kini\u0173, susijusi\u0173 su gamtos mokslais.  Kaip auga augalai? Kaip citrin\u0173 sultys priver\u010dia \u0161viesti elektros lemput\u0119? Kod\u0117l susidaro v\u0117jas, kru\u0161a, \u017eaibas ir perk\u016bnija? I\u0161 kur sausringose vietov\u0117se gauti geriamojo vandens? Kaip patyr\u0119s detektyvas ima pir\u0161t\u0173 atspaudus? Kaip pasigaminti slapto ra\u0161alo, karamelini\u0173 saldaini\u0173, kristalizuoto cukraus ar led\u0173 be \u0161aldytuvo?\" \/>\n<meta property=\"og:url\" content=\"https:\/\/skaitytaknyga.lt\/en\/produktas\/eksperimentai-kiekvienai-dienai-vasara\/\" \/>\n<meta property=\"og:site_name\" content=\"Skaitytaknyga\" \/>\n<meta property=\"article:publisher\" content=\"https:\/\/www.facebook.com\/skaitytaknyga\/\" \/>\n<meta property=\"article:modified_time\" content=\"2025-06-10T14:25:34+00:00\" \/>\n<meta property=\"og:image\" content=\"https:\/\/skaitytaknyga.lt\/wp-content\/uploads\/2024\/07\/Be-pavadinimo-2.png\" \/>\n\t<meta property=\"og:image:width\" content=\"370\" \/>\n\t<meta property=\"og:image:height\" content=\"433\" \/>\n\t<meta property=\"og:image:type\" content=\"image\/png\" \/>\n<meta name=\"twitter:card\" content=\"summary_large_image\" \/>\n<meta name=\"twitter:label1\" content=\"Estimated reading time\" \/>\n\t<meta name=\"twitter:data1\" content=\"1 minute\" \/>\n<script type=\"application\/ld+json\" class=\"yoast-schema-graph\">{\"@context\":\"https:\/\/schema.org\",\"@graph\":[{\"@type\":\"WebPage\",\"@id\":\"https:\/\/skaitytaknyga.lt\/produktas\/eksperimentai-kiekvienai-dienai-vasara\/\",\"url\":\"https:\/\/skaitytaknyga.lt\/produktas\/eksperimentai-kiekvienai-dienai-vasara\/\",\"name\":\"Eksperimentai kiekvienai dienai. Vasara\",\"isPartOf\":{\"@id\":\"https:\/\/skaitytaknyga.lt\/#website\"},\"primaryImageOfPage\":{\"@id\":\"https:\/\/skaitytaknyga.lt\/produktas\/eksperimentai-kiekvienai-dienai-vasara\/#primaryimage\"},\"image\":{\"@id\":\"https:\/\/skaitytaknyga.lt\/produktas\/eksperimentai-kiekvienai-dienai-vasara\/#primaryimage\"},\"thumbnailUrl\":\"https:\/\/skaitytaknyga.lt\/wp-content\/uploads\/2024\/07\/Be-pavadinimo-2.png\",\"datePublished\":\"2024-07-09T16:23:58+00:00\",\"dateModified\":\"2025-06-10T14:25:34+00:00\",\"description\":\"Kaip, kur, kada, kod\u0117l? \u0160i\u0105 serij\u0105 sudaro 4 eksperiment\u0173 knygos: PAVASARIS, VASARA, RUDUO, \u017dIEMA. \u012edom\u016bs eksperimentai dideliems ir ma\u017eiems tyrin\u0117tojams suteiks papildom\u0173 \u017eini\u0173 apie daugel\u012f rei\u0161kini\u0173, susijusi\u0173 su gamtos mokslais. Kaip auga augalai? Kaip citrin\u0173 sultys priver\u010dia \u0161viesti elektros lemput\u0119? Kod\u0117l susidaro v\u0117jas, kru\u0161a, \u017eaibas ir perk\u016bnija? I\u0161 kur sausringose vietov\u0117se gauti geriamojo vandens? Kaip patyr\u0119s detektyvas ima pir\u0161t\u0173 atspaudus? Kaip pasigaminti slapto ra\u0161alo, karamelini\u0173 saldaini\u0173, kristalizuoto cukraus ar led\u0173 be \u0161aldytuvo?\",\"breadcrumb\":{\"@id\":\"https:\/\/skaitytaknyga.lt\/produktas\/eksperimentai-kiekvienai-dienai-vasara\/#breadcrumb\"},\"inLanguage\":\"en-GB\",\"potentialAction\":[{\"@type\":\"ReadAction\",\"target\":[\"https:\/\/skaitytaknyga.lt\/produktas\/eksperimentai-kiekvienai-dienai-vasara\/\"]}]},{\"@type\":\"ImageObject\",\"inLanguage\":\"en-GB\",\"@id\":\"https:\/\/skaitytaknyga.lt\/produktas\/eksperimentai-kiekvienai-dienai-vasara\/#primaryimage\",\"url\":\"https:\/\/skaitytaknyga.lt\/wp-content\/uploads\/2024\/07\/Be-pavadinimo-2.png\",\"contentUrl\":\"https:\/\/skaitytaknyga.lt\/wp-content\/uploads\/2024\/07\/Be-pavadinimo-2.png\",\"width\":370,\"height\":433,\"caption\":\"Eksperimentai kiekvienai dienai. Vasara\"},{\"@type\":\"BreadcrumbList\",\"@id\":\"https:\/\/skaitytaknyga.lt\/produktas\/eksperimentai-kiekvienai-dienai-vasara\/#breadcrumb\",\"itemListElement\":[{\"@type\":\"ListItem\",\"position\":1,\"name\":\"Home\",\"item\":\"https:\/\/skaitytaknyga.lt\/\"},{\"@type\":\"ListItem\",\"position\":2,\"name\":\"Parduotuv\u0117\",\"item\":\"https:\/\/skaitytaknyga.lt\/knygu-parduotuve\/\"},{\"@type\":\"ListItem\",\"position\":3,\"name\":\"Eksperimentai kiekvienai dienai. Vasara\"}]},{\"@type\":\"WebSite\",\"@id\":\"https:\/\/skaitytaknyga.lt\/#website\",\"url\":\"https:\/\/skaitytaknyga.lt\/\",\"name\":\"skaitytaknyga.lt\",\"description\":\"Skaitytaknyga.lt \u2013 tai ma\u017eas \u0161eimos verslas, kuris prasid\u0117jo nuo meil\u0117s knygoms ir siekio i\u0161gelb\u0117ti knygas nuo likimo prie konteinerio. Kas vienam nereikalingas daiktas \u2013 kitam lobis, o mes esame tarpininkai, kurie padeda abiems tapti laimingesniems ???? \u017dinome kaip nelengva i\u0161gyventi ma\u017eiems verslams, tad nuo \u0161iol, \u010dia rasite ir kit\u0173, ma\u017e\u0173 \u0161eim\u0173 versl\u0173, rank\u0173 darbo, dovan\u0173 sau ir artimiesiems.\",\"publisher\":{\"@id\":\"https:\/\/skaitytaknyga.lt\/#organization\"},\"potentialAction\":[{\"@type\":\"SearchAction\",\"target\":{\"@type\":\"EntryPoint\",\"urlTemplate\":\"https:\/\/skaitytaknyga.lt\/?s={search_term_string}\"},\"query-input\":{\"@type\":\"PropertyValueSpecification\",\"valueRequired\":true,\"valueName\":\"search_term_string\"}}],\"inLanguage\":\"en-GB\"},{\"@type\":\"Organization\",\"@id\":\"https:\/\/skaitytaknyga.lt\/#organization\",\"name\":\"skaitytaknyga.lt\",\"url\":\"https:\/\/skaitytaknyga.lt\/\",\"logo\":{\"@type\":\"ImageObject\",\"inLanguage\":\"en-GB\",\"@id\":\"https:\/\/skaitytaknyga.lt\/#\/schema\/logo\/image\/\",\"url\":\"https:\/\/skaitytaknyga.lt\/wp-content\/uploads\/2024\/05\/cropped-cropped-cropped-02_00843_jt3bggkj1j3HLc7SyY6rEUpg.jpeg\",\"contentUrl\":\"https:\/\/skaitytaknyga.lt\/wp-content\/uploads\/2024\/05\/cropped-cropped-cropped-02_00843_jt3bggkj1j3HLc7SyY6rEUpg.jpeg\",\"width\":1600,\"height\":1600,\"caption\":\"skaitytaknyga.lt\"},\"image\":{\"@id\":\"https:\/\/skaitytaknyga.lt\/#\/schema\/logo\/image\/\"},\"sameAs\":[\"https:\/\/www.facebook.com\/skaitytaknyga\/\"]}]}<\/script>\n<!-- \/ Yoast SEO plugin. -->","yoast_head_json":{"title":"Eksperimentai kiekvienai dienai. Vasara","description":"Kaip, kur, kada, kod\u0117l?  \u0160i\u0105 serij\u0105 sudaro 4 eksperiment\u0173 knygos: PAVASARIS, VASARA, RUDUO, \u017dIEMA.  \u012edom\u016bs eksperimentai dideliems ir ma\u017eiems tyrin\u0117tojams suteiks papildom\u0173 \u017eini\u0173 apie daugel\u012f rei\u0161kini\u0173, susijusi\u0173 su gamtos mokslais.  Kaip auga augalai? Kaip citrin\u0173 sultys priver\u010dia \u0161viesti elektros lemput\u0119? Kod\u0117l susidaro v\u0117jas, kru\u0161a, \u017eaibas ir perk\u016bnija? I\u0161 kur sausringose vietov\u0117se gauti geriamojo vandens? Kaip patyr\u0119s detektyvas ima pir\u0161t\u0173 atspaudus? Kaip pasigaminti slapto ra\u0161alo, karamelini\u0173 saldaini\u0173, kristalizuoto cukraus ar led\u0173 be \u0161aldytuvo?","robots":{"index":"index","follow":"follow","max-snippet":"max-snippet:-1","max-image-preview":"max-image-preview:large","max-video-preview":"max-video-preview:-1"},"canonical":"https:\/\/skaitytaknyga.lt\/en\/produktas\/eksperimentai-kiekvienai-dienai-vasara\/","og_locale":"en_GB","og_type":"article","og_title":"[:lt]Eksperimentai kiekvienai dienai. Vasara[:] - Skaitytaknyga","og_description":"Kaip, kur, kada, kod\u0117l?  \u0160i\u0105 serij\u0105 sudaro 4 eksperiment\u0173 knygos: PAVASARIS, VASARA, RUDUO, \u017dIEMA.  \u012edom\u016bs eksperimentai dideliems ir ma\u017eiems tyrin\u0117tojams suteiks papildom\u0173 \u017eini\u0173 apie daugel\u012f rei\u0161kini\u0173, susijusi\u0173 su gamtos mokslais.  Kaip auga augalai? Kaip citrin\u0173 sultys priver\u010dia \u0161viesti elektros lemput\u0119? Kod\u0117l susidaro v\u0117jas, kru\u0161a, \u017eaibas ir perk\u016bnija? I\u0161 kur sausringose vietov\u0117se gauti geriamojo vandens? Kaip patyr\u0119s detektyvas ima pir\u0161t\u0173 atspaudus? Kaip pasigaminti slapto ra\u0161alo, karamelini\u0173 saldaini\u0173, kristalizuoto cukraus ar led\u0173 be \u0161aldytuvo?","og_url":"https:\/\/skaitytaknyga.lt\/en\/produktas\/eksperimentai-kiekvienai-dienai-vasara\/","og_site_name":"Skaitytaknyga","article_publisher":"https:\/\/www.facebook.com\/skaitytaknyga\/","article_modified_time":"2025-06-10T14:25:34+00:00","og_image":[{"width":370,"height":433,"url":"https:\/\/skaitytaknyga.lt\/wp-content\/uploads\/2024\/07\/Be-pavadinimo-2.png","type":"image\/png"}],"twitter_card":"summary_large_image","twitter_misc":{"Estimated reading time":"1 minute"},"schema":{"@context":"https:\/\/schema.org","@graph":[{"@type":"WebPage","@id":"https:\/\/skaitytaknyga.lt\/produktas\/eksperimentai-kiekvienai-dienai-vasara\/","url":"https:\/\/skaitytaknyga.lt\/produktas\/eksperimentai-kiekvienai-dienai-vasara\/","name":"Eksperimentai kiekvienai dienai. Vasara","isPartOf":{"@id":"https:\/\/skaitytaknyga.lt\/#website"},"primaryImageOfPage":{"@id":"https:\/\/skaitytaknyga.lt\/produktas\/eksperimentai-kiekvienai-dienai-vasara\/#primaryimage"},"image":{"@id":"https:\/\/skaitytaknyga.lt\/produktas\/eksperimentai-kiekvienai-dienai-vasara\/#primaryimage"},"thumbnailUrl":"https:\/\/skaitytaknyga.lt\/wp-content\/uploads\/2024\/07\/Be-pavadinimo-2.png","datePublished":"2024-07-09T16:23:58+00:00","dateModified":"2025-06-10T14:25:34+00:00","description":"Kaip, kur, kada, kod\u0117l? \u0160i\u0105 serij\u0105 sudaro 4 eksperiment\u0173 knygos: PAVASARIS, VASARA, RUDUO, \u017dIEMA. \u012edom\u016bs eksperimentai dideliems ir ma\u017eiems tyrin\u0117tojams suteiks papildom\u0173 \u017eini\u0173 apie daugel\u012f rei\u0161kini\u0173, susijusi\u0173 su gamtos mokslais. Kaip auga augalai? Kaip citrin\u0173 sultys priver\u010dia \u0161viesti elektros lemput\u0119? Kod\u0117l susidaro v\u0117jas, kru\u0161a, \u017eaibas ir perk\u016bnija? I\u0161 kur sausringose vietov\u0117se gauti geriamojo vandens? Kaip patyr\u0119s detektyvas ima pir\u0161t\u0173 atspaudus? Kaip pasigaminti slapto ra\u0161alo, karamelini\u0173 saldaini\u0173, kristalizuoto cukraus ar led\u0173 be \u0161aldytuvo?","breadcrumb":{"@id":"https:\/\/skaitytaknyga.lt\/produktas\/eksperimentai-kiekvienai-dienai-vasara\/#breadcrumb"},"inLanguage":"en-GB","potentialAction":[{"@type":"ReadAction","target":["https:\/\/skaitytaknyga.lt\/produktas\/eksperimentai-kiekvienai-dienai-vasara\/"]}]},{"@type":"ImageObject","inLanguage":"en-GB","@id":"https:\/\/skaitytaknyga.lt\/produktas\/eksperimentai-kiekvienai-dienai-vasara\/#primaryimage","url":"https:\/\/skaitytaknyga.lt\/wp-content\/uploads\/2024\/07\/Be-pavadinimo-2.png","contentUrl":"https:\/\/skaitytaknyga.lt\/wp-content\/uploads\/2024\/07\/Be-pavadinimo-2.png","width":370,"height":433,"caption":"Eksperimentai kiekvienai dienai. Vasara"},{"@type":"BreadcrumbList","@id":"https:\/\/skaitytaknyga.lt\/produktas\/eksperimentai-kiekvienai-dienai-vasara\/#breadcrumb","itemListElement":[{"@type":"ListItem","position":1,"name":"Home","item":"https:\/\/skaitytaknyga.lt\/"},{"@type":"ListItem","position":2,"name":"Parduotuv\u0117","item":"https:\/\/skaitytaknyga.lt\/knygu-parduotuve\/"},{"@type":"ListItem","position":3,"name":"Eksperimentai kiekvienai dienai. Vasara"}]},{"@type":"WebSite","@id":"https:\/\/skaitytaknyga.lt\/#website","url":"https:\/\/skaitytaknyga.lt\/","name":"skaitytaknyga.lt","description":"Skaitytaknyga.lt \u2013 tai ma\u017eas \u0161eimos verslas, kuris prasid\u0117jo nuo meil\u0117s knygoms ir siekio i\u0161gelb\u0117ti knygas nuo likimo prie konteinerio. Kas vienam nereikalingas daiktas \u2013 kitam lobis, o mes esame tarpininkai, kurie padeda abiems tapti laimingesniems ???? \u017dinome kaip nelengva i\u0161gyventi ma\u017eiems verslams, tad nuo \u0161iol, \u010dia rasite ir kit\u0173, ma\u017e\u0173 \u0161eim\u0173 versl\u0173, rank\u0173 darbo, dovan\u0173 sau ir artimiesiems.","publisher":{"@id":"https:\/\/skaitytaknyga.lt\/#organization"},"potentialAction":[{"@type":"SearchAction","target":{"@type":"EntryPoint","urlTemplate":"https:\/\/skaitytaknyga.lt\/?s={search_term_string}"},"query-input":{"@type":"PropertyValueSpecification","valueRequired":true,"valueName":"search_term_string"}}],"inLanguage":"en-GB"},{"@type":"Organization","@id":"https:\/\/skaitytaknyga.lt\/#organization","name":"skaitytaknyga.lt","url":"https:\/\/skaitytaknyga.lt\/","logo":{"@type":"ImageObject","inLanguage":"en-GB","@id":"https:\/\/skaitytaknyga.lt\/#\/schema\/logo\/image\/","url":"https:\/\/skaitytaknyga.lt\/wp-content\/uploads\/2024\/05\/cropped-cropped-cropped-02_00843_jt3bggkj1j3HLc7SyY6rEUpg.jpeg","contentUrl":"https:\/\/skaitytaknyga.lt\/wp-content\/uploads\/2024\/05\/cropped-cropped-cropped-02_00843_jt3bggkj1j3HLc7SyY6rEUpg.jpeg","width":1600,"height":1600,"caption":"skaitytaknyga.lt"},"image":{"@id":"https:\/\/skaitytaknyga.lt\/#\/schema\/logo\/image\/"},"sameAs":["https:\/\/www.facebook.com\/skaitytaknyga\/"]}]}},"_links":{"self":[{"href":"https:\/\/skaitytaknyga.lt\/en\/wp-json\/wp\/v2\/product\/12542","targetHints":{"allow":["GET"]}}],"collection":[{"href":"https:\/\/skaitytaknyga.lt\/en\/wp-json\/wp\/v2\/product"}],"about":[{"href":"https:\/\/skaitytaknyga.lt\/en\/wp-json\/wp\/v2\/types\/product"}],"replies":[{"embeddable":true,"href":"https:\/\/skaitytaknyga.lt\/en\/wp-json\/wp\/v2\/comments?post=12542"}],"wp:featuredmedia":[{"embeddable":true,"href":"https:\/\/skaitytaknyga.lt\/en\/wp-json\/wp\/v2\/media\/12546"}],"wp:attachment":[{"href":"https:\/\/skaitytaknyga.lt\/en\/wp-json\/wp\/v2\/media?parent=12542"}],"wp:term":[{"taxonomy":"product_brand","embeddable":true,"href":"https:\/\/skaitytaknyga.lt\/en\/wp-json\/wp\/v2\/product_brand?post=12542"},{"taxonomy":"product_cat","embeddable":true,"href":"https:\/\/skaitytaknyga.lt\/en\/wp-json\/wp\/v2\/product_cat?post=12542"},{"taxonomy":"product_tag","embeddable":true,"href":"https:\/\/skaitytaknyga.lt\/en\/wp-json\/wp\/v2\/product_tag?post=12542"}],"curies":[{"name":"wp","href":"https:\/\/api.w.org\/{rel}","templated":true}]}}