{"id":12536,"date":"2024-07-09T19:11:47","date_gmt":"2024-07-09T16:11:47","guid":{"rendered":"https:\/\/skaitytaknyga.lt\/?post_type=product&#038;p=12536"},"modified":"2026-03-18T13:10:34","modified_gmt":"2026-03-18T11:10:34","slug":"jack-london-baltoji-iltis","status":"publish","type":"product","link":"https:\/\/skaitytaknyga.lt\/en\/produktas\/jack-london-baltoji-iltis\/","title":{"rendered":"Sportas vaikams. Nuo mank\u0161tos iki medalio"},"content":{"rendered":"","protected":false},"excerpt":{"rendered":"<div>Knyga \u201eSportas vaikams: nuo mank\u0161tos iki medalio\u201c \u2013 tai pa\u017eintin\u0117 knyga vaikams nuo 7 met\u0173. \u0160iame leidinyje daug d\u0117mesio skiriama aktyviam vaik\u0173 laisvalaikiui ir fiziniam aktyvumui skatinti, pateikiami pratimai, kurie gerina vaik\u0173 laikysen\u0105, j\u0173 fizin\u012f pasirengim\u0105, pristatomos \u012fvairios sporto \u0161akos ir net Olimpin\u0117s \u017eaidyn\u0117s!<\/div>\n<div>Kartu su sporto \u0161ak\u0173 atstovais, sveikatos prie\u017ei\u016bros specialistais, treneriais parengta informacija knygoje pateikiama ai\u0161kiai, k\u016brybi\u0161kai, iliustruojama spalvingomis nuotraukomis i\u0161 Lietuvos ir viso pasaulio. Ir tarsi neju\u010dia vaikui skatinamas noras imtis veiksm\u0173 \u2013 daugiau jud\u0117ti, sportuoti ir tuo m\u0117gautis!<\/div>\n<div><\/div>\n","protected":false},"featured_media":12537,"comment_status":"closed","ping_status":"closed","template":"","meta":{"_acf_changed":false,"site-sidebar-layout":"default","site-content-layout":"","ast-site-content-layout":"default","site-content-style":"default","site-sidebar-style":"default","ast-global-header-display":"","ast-banner-title-visibility":"","ast-main-header-display":"","ast-hfb-above-header-display":"","ast-hfb-below-header-display":"","ast-hfb-mobile-header-display":"","site-post-title":"","ast-breadcrumbs-content":"","ast-featured-img":"","footer-sml-layout":"","ast-disable-related-posts":"","theme-transparent-header-meta":"default","adv-header-id-meta":"","stick-header-meta":"","header-above-stick-meta":"","header-main-stick-meta":"","header-below-stick-meta":"","astra-migrate-meta-layouts":"set","ast-page-background-enabled":"default","ast-page-background-meta":{"desktop":{"background-color":"","background-image":"","background-repeat":"repeat","background-position":"center center","background-size":"auto","background-attachment":"scroll","background-type":"","background-media":"","overlay-type":"","overlay-color":"","overlay-opacity":"","overlay-gradient":""},"tablet":{"background-color":"","background-image":"","background-repeat":"repeat","background-position":"center center","background-size":"auto","background-attachment":"scroll","background-type":"","background-media":"","overlay-type":"","overlay-color":"","overlay-opacity":"","overlay-gradient":""},"mobile":{"background-color":"","background-image":"","background-repeat":"repeat","background-position":"center center","background-size":"auto","background-attachment":"scroll","background-type":"","background-media":"","overlay-type":"","overlay-color":"","overlay-opacity":"","overlay-gradient":""}},"ast-content-background-meta":{"desktop":{"background-color":"var(--ast-global-color-4)","background-image":"","background-repeat":"repeat","background-position":"center center","background-size":"auto","background-attachment":"scroll","background-type":"","background-media":"","overlay-type":"","overlay-color":"","overlay-opacity":"","overlay-gradient":""},"tablet":{"background-color":"var(--ast-global-color-4)","background-image":"","background-repeat":"repeat","background-position":"center center","background-size":"auto","background-attachment":"scroll","background-type":"","background-media":"","overlay-type":"","overlay-color":"","overlay-opacity":"","overlay-gradient":""},"mobile":{"background-color":"var(--ast-global-color-4)","background-image":"","background-repeat":"repeat","background-position":"center center","background-size":"auto","background-attachment":"scroll","background-type":"","background-media":"","overlay-type":"","overlay-color":"","overlay-opacity":"","overlay-gradient":""}}},"product_brand":[],"product_cat":[9856,27,35],"product_tag":[],"class_list":{"0":"post-12536","1":"product","2":"type-product","3":"status-publish","4":"has-post-thumbnail","6":"product_cat-fizine-sveikata-sportas","7":"product_cat-sportas-laisvalaikis-rankdarbiai","8":"product_cat-vaikams-ir-paaugliams","9":"desktop-align-left","10":"tablet-align-left","11":"mobile-align-left","13":"first","14":"instock","15":"shipping-taxable","16":"purchasable","17":"product-type-simple"},"acf":[],"yoast_head":"<!-- This site is optimized with the Yoast SEO plugin v27.4 - https:\/\/yoast.com\/product\/yoast-seo-wordpress\/ -->\n<title>Sportas vaikams. Nuo mank\u0161tos iki medalio<\/title>\n<meta name=\"description\" content=\"Knyga \u201eSportas vaikams: nuo mank\u0161tos iki medalio\u201c \u2013 tai pa\u017eintin\u0117 knyga vaikams nuo 7 met\u0173. \u0160iame leidinyje daug d\u0117mesio skiriama aktyviam vaik\u0173 laisvalaikiui ir fiziniam aktyvumui skatinti, pateikiami pratimai, kurie gerina vaik\u0173 laikysen\u0105, j\u0173 fizin\u012f pasirengim\u0105, pristatomos \u012fvairios sporto \u0161akos ir net Olimpin\u0117s \u017eaidyn\u0117s! Kartu su sporto \u0161ak\u0173 atstovais, sveikatos prie\u017ei\u016bros specialistais, treneriais parengta informacija knygoje pateikiama ai\u0161kiai, k\u016brybi\u0161kai, iliustruojama spalvingomis nuotraukomis i\u0161 Lietuvos ir viso pasaulio. Ir tarsi neju\u010dia vaikui skatinamas noras imtis veiksm\u0173 \u2013 daugiau jud\u0117ti, sportuoti ir tuo m\u0117gautis!\" \/>\n<meta name=\"robots\" content=\"index, follow, max-snippet:-1, max-image-preview:large, max-video-preview:-1\" \/>\n<link rel=\"canonical\" href=\"https:\/\/skaitytaknyga.lt\/en\/produktas\/jack-london-baltoji-iltis\/\" \/>\n<meta property=\"og:locale\" content=\"en_GB\" \/>\n<meta property=\"og:locale:alternate\" content=\"lt_LT\" \/>\n<meta property=\"og:type\" content=\"article\" \/>\n<meta property=\"og:title\" content=\"Sportas vaikams. Nuo mank\u0161tos iki medalio\" \/>\n<meta property=\"og:description\" content=\"Knyga \u201eSportas vaikams: nuo mank\u0161tos iki medalio\u201c \u2013 tai pa\u017eintin\u0117 knyga vaikams nuo 7 met\u0173. \u0160iame leidinyje daug d\u0117mesio skiriama aktyviam vaik\u0173 laisvalaikiui ir fiziniam aktyvumui skatinti, pateikiami pratimai, kurie gerina vaik\u0173 laikysen\u0105, j\u0173 fizin\u012f pasirengim\u0105, pristatomos \u012fvairios sporto \u0161akos ir net Olimpin\u0117s \u017eaidyn\u0117s! Kartu su sporto \u0161ak\u0173 atstovais, sveikatos prie\u017ei\u016bros specialistais, treneriais parengta informacija knygoje pateikiama ai\u0161kiai, k\u016brybi\u0161kai, iliustruojama spalvingomis nuotraukomis i\u0161 Lietuvos ir viso pasaulio. Ir tarsi neju\u010dia vaikui skatinamas noras imtis veiksm\u0173 \u2013 daugiau jud\u0117ti, sportuoti ir tuo m\u0117gautis!\" \/>\n<meta property=\"og:url\" content=\"https:\/\/skaitytaknyga.lt\/en\/produktas\/jack-london-baltoji-iltis\/\" \/>\n<meta property=\"og:site_name\" content=\"Skaitytaknyga\" \/>\n<meta property=\"article:publisher\" content=\"https:\/\/www.facebook.com\/skaitytaknyga\/\" \/>\n<meta property=\"article:modified_time\" content=\"2026-03-18T11:10:34+00:00\" \/>\n<meta property=\"og:image\" content=\"https:\/\/skaitytaknyga.lt\/wp-content\/uploads\/2024\/07\/000000000002175363-f-9-2-c-f92cb1462f06c45351f1f543c10d7db7580fd2f3_9786094730702_sportas_vaikams_nuo_mankstos_iki_medalio.webp\" \/>\n\t<meta property=\"og:image:width\" content=\"500\" \/>\n\t<meta property=\"og:image:height\" content=\"643\" \/>\n\t<meta property=\"og:image:type\" content=\"image\/webp\" \/>\n<meta name=\"twitter:card\" content=\"summary_large_image\" \/>\n<meta name=\"twitter:label1\" content=\"Estimated reading time\" \/>\n\t<meta name=\"twitter:data1\" content=\"1 minute\" \/>\n<script type=\"application\/ld+json\" class=\"yoast-schema-graph\">{\"@context\":\"https:\\\/\\\/schema.org\",\"@graph\":[{\"@type\":\"WebPage\",\"@id\":\"https:\\\/\\\/skaitytaknyga.lt\\\/produktas\\\/jack-london-baltoji-iltis\\\/\",\"url\":\"https:\\\/\\\/skaitytaknyga.lt\\\/produktas\\\/jack-london-baltoji-iltis\\\/\",\"name\":\"Sportas vaikams. Nuo mank\u0161tos iki medalio\",\"isPartOf\":{\"@id\":\"https:\\\/\\\/skaitytaknyga.lt\\\/#website\"},\"primaryImageOfPage\":{\"@id\":\"https:\\\/\\\/skaitytaknyga.lt\\\/produktas\\\/jack-london-baltoji-iltis\\\/#primaryimage\"},\"image\":{\"@id\":\"https:\\\/\\\/skaitytaknyga.lt\\\/produktas\\\/jack-london-baltoji-iltis\\\/#primaryimage\"},\"thumbnailUrl\":\"https:\\\/\\\/skaitytaknyga.lt\\\/wp-content\\\/uploads\\\/2024\\\/07\\\/000000000002175363-f-9-2-c-f92cb1462f06c45351f1f543c10d7db7580fd2f3_9786094730702_sportas_vaikams_nuo_mankstos_iki_medalio.webp\",\"datePublished\":\"2024-07-09T16:11:47+00:00\",\"dateModified\":\"2026-03-18T11:10:34+00:00\",\"description\":\"Knyga \u201eSportas vaikams: nuo mank\u0161tos iki medalio\u201c \u2013 tai pa\u017eintin\u0117 knyga vaikams nuo 7 met\u0173. \u0160iame leidinyje daug d\u0117mesio skiriama aktyviam vaik\u0173 laisvalaikiui ir fiziniam aktyvumui skatinti, pateikiami pratimai, kurie gerina vaik\u0173 laikysen\u0105, j\u0173 fizin\u012f pasirengim\u0105, pristatomos \u012fvairios sporto \u0161akos ir net Olimpin\u0117s \u017eaidyn\u0117s! Kartu su sporto \u0161ak\u0173 atstovais, sveikatos prie\u017ei\u016bros specialistais, treneriais parengta informacija knygoje pateikiama ai\u0161kiai, k\u016brybi\u0161kai, iliustruojama spalvingomis nuotraukomis i\u0161 Lietuvos ir viso pasaulio. Ir tarsi neju\u010dia vaikui skatinamas noras imtis veiksm\u0173 \u2013 daugiau jud\u0117ti, sportuoti ir tuo m\u0117gautis!\",\"breadcrumb\":{\"@id\":\"https:\\\/\\\/skaitytaknyga.lt\\\/produktas\\\/jack-london-baltoji-iltis\\\/#breadcrumb\"},\"inLanguage\":\"en-GB\",\"potentialAction\":[{\"@type\":\"ReadAction\",\"target\":[\"https:\\\/\\\/skaitytaknyga.lt\\\/produktas\\\/jack-london-baltoji-iltis\\\/\"]}]},{\"@type\":\"ImageObject\",\"inLanguage\":\"en-GB\",\"@id\":\"https:\\\/\\\/skaitytaknyga.lt\\\/produktas\\\/jack-london-baltoji-iltis\\\/#primaryimage\",\"url\":\"https:\\\/\\\/skaitytaknyga.lt\\\/wp-content\\\/uploads\\\/2024\\\/07\\\/000000000002175363-f-9-2-c-f92cb1462f06c45351f1f543c10d7db7580fd2f3_9786094730702_sportas_vaikams_nuo_mankstos_iki_medalio.webp\",\"contentUrl\":\"https:\\\/\\\/skaitytaknyga.lt\\\/wp-content\\\/uploads\\\/2024\\\/07\\\/000000000002175363-f-9-2-c-f92cb1462f06c45351f1f543c10d7db7580fd2f3_9786094730702_sportas_vaikams_nuo_mankstos_iki_medalio.webp\",\"width\":500,\"height\":643},{\"@type\":\"BreadcrumbList\",\"@id\":\"https:\\\/\\\/skaitytaknyga.lt\\\/produktas\\\/jack-london-baltoji-iltis\\\/#breadcrumb\",\"itemListElement\":[{\"@type\":\"ListItem\",\"position\":1,\"name\":\"Home\",\"item\":\"https:\\\/\\\/skaitytaknyga.lt\\\/\"},{\"@type\":\"ListItem\",\"position\":2,\"name\":\"Parduotuv\u0117\",\"item\":\"https:\\\/\\\/skaitytaknyga.lt\\\/knygu-parduotuve\\\/\"},{\"@type\":\"ListItem\",\"position\":3,\"name\":\"Sportas vaikams. Nuo mank\u0161tos iki medalio\"}]},{\"@type\":\"WebSite\",\"@id\":\"https:\\\/\\\/skaitytaknyga.lt\\\/#website\",\"url\":\"https:\\\/\\\/skaitytaknyga.lt\\\/\",\"name\":\"skaitytaknyga.lt\",\"description\":\"Skaitytaknyga.lt \u2013 tai ma\u017eas \u0161eimos verslas, kuris prasid\u0117jo nuo meil\u0117s knygoms ir siekio i\u0161gelb\u0117ti knygas nuo likimo prie konteinerio. Kas vienam nereikalingas daiktas \u2013 kitam lobis, o mes esame tarpininkai, kurie padeda abiems tapti laimingesniems ???? \u017dinome kaip nelengva i\u0161gyventi ma\u017eiems verslams, tad nuo \u0161iol, \u010dia rasite ir kit\u0173, ma\u017e\u0173 \u0161eim\u0173 versl\u0173, rank\u0173 darbo, dovan\u0173 sau ir artimiesiems.\",\"publisher\":{\"@id\":\"https:\\\/\\\/skaitytaknyga.lt\\\/#organization\"},\"potentialAction\":[{\"@type\":\"SearchAction\",\"target\":{\"@type\":\"EntryPoint\",\"urlTemplate\":\"https:\\\/\\\/skaitytaknyga.lt\\\/?s={search_term_string}\"},\"query-input\":{\"@type\":\"PropertyValueSpecification\",\"valueRequired\":true,\"valueName\":\"search_term_string\"}}],\"inLanguage\":\"en-GB\"},{\"@type\":\"Organization\",\"@id\":\"https:\\\/\\\/skaitytaknyga.lt\\\/#organization\",\"name\":\"skaitytaknyga.lt\",\"url\":\"https:\\\/\\\/skaitytaknyga.lt\\\/\",\"logo\":{\"@type\":\"ImageObject\",\"inLanguage\":\"en-GB\",\"@id\":\"https:\\\/\\\/skaitytaknyga.lt\\\/#\\\/schema\\\/logo\\\/image\\\/\",\"url\":\"https:\\\/\\\/skaitytaknyga.lt\\\/wp-content\\\/uploads\\\/2024\\\/05\\\/cropped-cropped-cropped-02_00843_jt3bggkj1j3HLc7SyY6rEUpg.jpeg\",\"contentUrl\":\"https:\\\/\\\/skaitytaknyga.lt\\\/wp-content\\\/uploads\\\/2024\\\/05\\\/cropped-cropped-cropped-02_00843_jt3bggkj1j3HLc7SyY6rEUpg.jpeg\",\"width\":1600,\"height\":1600,\"caption\":\"skaitytaknyga.lt\"},\"image\":{\"@id\":\"https:\\\/\\\/skaitytaknyga.lt\\\/#\\\/schema\\\/logo\\\/image\\\/\"},\"sameAs\":[\"https:\\\/\\\/www.facebook.com\\\/skaitytaknyga\\\/\"]}]}<\/script>\n<!-- \/ Yoast SEO plugin. -->","yoast_head_json":{"title":"Sportas vaikams. Nuo mank\u0161tos iki medalio","description":"Knyga \u201eSportas vaikams: nuo mank\u0161tos iki medalio\u201c \u2013 tai pa\u017eintin\u0117 knyga vaikams nuo 7 met\u0173. \u0160iame leidinyje daug d\u0117mesio skiriama aktyviam vaik\u0173 laisvalaikiui ir fiziniam aktyvumui skatinti, pateikiami pratimai, kurie gerina vaik\u0173 laikysen\u0105, j\u0173 fizin\u012f pasirengim\u0105, pristatomos \u012fvairios sporto \u0161akos ir net Olimpin\u0117s \u017eaidyn\u0117s! Kartu su sporto \u0161ak\u0173 atstovais, sveikatos prie\u017ei\u016bros specialistais, treneriais parengta informacija knygoje pateikiama ai\u0161kiai, k\u016brybi\u0161kai, iliustruojama spalvingomis nuotraukomis i\u0161 Lietuvos ir viso pasaulio. Ir tarsi neju\u010dia vaikui skatinamas noras imtis veiksm\u0173 \u2013 daugiau jud\u0117ti, sportuoti ir tuo m\u0117gautis!","robots":{"index":"index","follow":"follow","max-snippet":"max-snippet:-1","max-image-preview":"max-image-preview:large","max-video-preview":"max-video-preview:-1"},"canonical":"https:\/\/skaitytaknyga.lt\/en\/produktas\/jack-london-baltoji-iltis\/","og_locale":"en_GB","og_type":"article","og_title":"[:lt]Sportas vaikams. Nuo mank\u0161tos iki medalio[:] - Skaitytaknyga","og_description":"Knyga \u201eSportas vaikams: nuo mank\u0161tos iki medalio\u201c \u2013 tai pa\u017eintin\u0117 knyga vaikams nuo 7 met\u0173. \u0160iame leidinyje daug d\u0117mesio skiriama aktyviam vaik\u0173 laisvalaikiui ir fiziniam aktyvumui skatinti, pateikiami pratimai, kurie gerina vaik\u0173 laikysen\u0105, j\u0173 fizin\u012f pasirengim\u0105, pristatomos \u012fvairios sporto \u0161akos ir net Olimpin\u0117s \u017eaidyn\u0117s! Kartu su sporto \u0161ak\u0173 atstovais, sveikatos prie\u017ei\u016bros specialistais, treneriais parengta informacija knygoje pateikiama ai\u0161kiai, k\u016brybi\u0161kai, iliustruojama spalvingomis nuotraukomis i\u0161 Lietuvos ir viso pasaulio. Ir tarsi neju\u010dia vaikui skatinamas noras imtis veiksm\u0173 \u2013 daugiau jud\u0117ti, sportuoti ir tuo m\u0117gautis!","og_url":"https:\/\/skaitytaknyga.lt\/en\/produktas\/jack-london-baltoji-iltis\/","og_site_name":"Skaitytaknyga","article_publisher":"https:\/\/www.facebook.com\/skaitytaknyga\/","article_modified_time":"2026-03-18T11:10:34+00:00","og_image":[{"width":500,"height":643,"url":"https:\/\/skaitytaknyga.lt\/wp-content\/uploads\/2024\/07\/000000000002175363-f-9-2-c-f92cb1462f06c45351f1f543c10d7db7580fd2f3_9786094730702_sportas_vaikams_nuo_mankstos_iki_medalio.webp","type":"image\/webp"}],"twitter_card":"summary_large_image","twitter_misc":{"Estimated reading time":"1 minute"},"schema":{"@context":"https:\/\/schema.org","@graph":[{"@type":"WebPage","@id":"https:\/\/skaitytaknyga.lt\/produktas\/jack-london-baltoji-iltis\/","url":"https:\/\/skaitytaknyga.lt\/produktas\/jack-london-baltoji-iltis\/","name":"Sportas vaikams. Nuo mank\u0161tos iki medalio","isPartOf":{"@id":"https:\/\/skaitytaknyga.lt\/#website"},"primaryImageOfPage":{"@id":"https:\/\/skaitytaknyga.lt\/produktas\/jack-london-baltoji-iltis\/#primaryimage"},"image":{"@id":"https:\/\/skaitytaknyga.lt\/produktas\/jack-london-baltoji-iltis\/#primaryimage"},"thumbnailUrl":"https:\/\/skaitytaknyga.lt\/wp-content\/uploads\/2024\/07\/000000000002175363-f-9-2-c-f92cb1462f06c45351f1f543c10d7db7580fd2f3_9786094730702_sportas_vaikams_nuo_mankstos_iki_medalio.webp","datePublished":"2024-07-09T16:11:47+00:00","dateModified":"2026-03-18T11:10:34+00:00","description":"Knyga \u201eSportas vaikams: nuo mank\u0161tos iki medalio\u201c \u2013 tai pa\u017eintin\u0117 knyga vaikams nuo 7 met\u0173. \u0160iame leidinyje daug d\u0117mesio skiriama aktyviam vaik\u0173 laisvalaikiui ir fiziniam aktyvumui skatinti, pateikiami pratimai, kurie gerina vaik\u0173 laikysen\u0105, j\u0173 fizin\u012f pasirengim\u0105, pristatomos \u012fvairios sporto \u0161akos ir net Olimpin\u0117s \u017eaidyn\u0117s! Kartu su sporto \u0161ak\u0173 atstovais, sveikatos prie\u017ei\u016bros specialistais, treneriais parengta informacija knygoje pateikiama ai\u0161kiai, k\u016brybi\u0161kai, iliustruojama spalvingomis nuotraukomis i\u0161 Lietuvos ir viso pasaulio. Ir tarsi neju\u010dia vaikui skatinamas noras imtis veiksm\u0173 \u2013 daugiau jud\u0117ti, sportuoti ir tuo m\u0117gautis!","breadcrumb":{"@id":"https:\/\/skaitytaknyga.lt\/produktas\/jack-london-baltoji-iltis\/#breadcrumb"},"inLanguage":"en-GB","potentialAction":[{"@type":"ReadAction","target":["https:\/\/skaitytaknyga.lt\/produktas\/jack-london-baltoji-iltis\/"]}]},{"@type":"ImageObject","inLanguage":"en-GB","@id":"https:\/\/skaitytaknyga.lt\/produktas\/jack-london-baltoji-iltis\/#primaryimage","url":"https:\/\/skaitytaknyga.lt\/wp-content\/uploads\/2024\/07\/000000000002175363-f-9-2-c-f92cb1462f06c45351f1f543c10d7db7580fd2f3_9786094730702_sportas_vaikams_nuo_mankstos_iki_medalio.webp","contentUrl":"https:\/\/skaitytaknyga.lt\/wp-content\/uploads\/2024\/07\/000000000002175363-f-9-2-c-f92cb1462f06c45351f1f543c10d7db7580fd2f3_9786094730702_sportas_vaikams_nuo_mankstos_iki_medalio.webp","width":500,"height":643},{"@type":"BreadcrumbList","@id":"https:\/\/skaitytaknyga.lt\/produktas\/jack-london-baltoji-iltis\/#breadcrumb","itemListElement":[{"@type":"ListItem","position":1,"name":"Home","item":"https:\/\/skaitytaknyga.lt\/"},{"@type":"ListItem","position":2,"name":"Parduotuv\u0117","item":"https:\/\/skaitytaknyga.lt\/knygu-parduotuve\/"},{"@type":"ListItem","position":3,"name":"Sportas vaikams. Nuo mank\u0161tos iki medalio"}]},{"@type":"WebSite","@id":"https:\/\/skaitytaknyga.lt\/#website","url":"https:\/\/skaitytaknyga.lt\/","name":"skaitytaknyga.lt","description":"Skaitytaknyga.lt \u2013 tai ma\u017eas \u0161eimos verslas, kuris prasid\u0117jo nuo meil\u0117s knygoms ir siekio i\u0161gelb\u0117ti knygas nuo likimo prie konteinerio. Kas vienam nereikalingas daiktas \u2013 kitam lobis, o mes esame tarpininkai, kurie padeda abiems tapti laimingesniems ???? \u017dinome kaip nelengva i\u0161gyventi ma\u017eiems verslams, tad nuo \u0161iol, \u010dia rasite ir kit\u0173, ma\u017e\u0173 \u0161eim\u0173 versl\u0173, rank\u0173 darbo, dovan\u0173 sau ir artimiesiems.","publisher":{"@id":"https:\/\/skaitytaknyga.lt\/#organization"},"potentialAction":[{"@type":"SearchAction","target":{"@type":"EntryPoint","urlTemplate":"https:\/\/skaitytaknyga.lt\/?s={search_term_string}"},"query-input":{"@type":"PropertyValueSpecification","valueRequired":true,"valueName":"search_term_string"}}],"inLanguage":"en-GB"},{"@type":"Organization","@id":"https:\/\/skaitytaknyga.lt\/#organization","name":"skaitytaknyga.lt","url":"https:\/\/skaitytaknyga.lt\/","logo":{"@type":"ImageObject","inLanguage":"en-GB","@id":"https:\/\/skaitytaknyga.lt\/#\/schema\/logo\/image\/","url":"https:\/\/skaitytaknyga.lt\/wp-content\/uploads\/2024\/05\/cropped-cropped-cropped-02_00843_jt3bggkj1j3HLc7SyY6rEUpg.jpeg","contentUrl":"https:\/\/skaitytaknyga.lt\/wp-content\/uploads\/2024\/05\/cropped-cropped-cropped-02_00843_jt3bggkj1j3HLc7SyY6rEUpg.jpeg","width":1600,"height":1600,"caption":"skaitytaknyga.lt"},"image":{"@id":"https:\/\/skaitytaknyga.lt\/#\/schema\/logo\/image\/"},"sameAs":["https:\/\/www.facebook.com\/skaitytaknyga\/"]}]}},"_links":{"self":[{"href":"https:\/\/skaitytaknyga.lt\/en\/wp-json\/wp\/v2\/product\/12536","targetHints":{"allow":["GET"]}}],"collection":[{"href":"https:\/\/skaitytaknyga.lt\/en\/wp-json\/wp\/v2\/product"}],"about":[{"href":"https:\/\/skaitytaknyga.lt\/en\/wp-json\/wp\/v2\/types\/product"}],"replies":[{"embeddable":true,"href":"https:\/\/skaitytaknyga.lt\/en\/wp-json\/wp\/v2\/comments?post=12536"}],"wp:featuredmedia":[{"embeddable":true,"href":"https:\/\/skaitytaknyga.lt\/en\/wp-json\/wp\/v2\/media\/12537"}],"wp:attachment":[{"href":"https:\/\/skaitytaknyga.lt\/en\/wp-json\/wp\/v2\/media?parent=12536"}],"wp:term":[{"taxonomy":"product_brand","embeddable":true,"href":"https:\/\/skaitytaknyga.lt\/en\/wp-json\/wp\/v2\/product_brand?post=12536"},{"taxonomy":"product_cat","embeddable":true,"href":"https:\/\/skaitytaknyga.lt\/en\/wp-json\/wp\/v2\/product_cat?post=12536"},{"taxonomy":"product_tag","embeddable":true,"href":"https:\/\/skaitytaknyga.lt\/en\/wp-json\/wp\/v2\/product_tag?post=12536"}],"curies":[{"name":"wp","href":"https:\/\/api.w.org\/{rel}","templated":true}]}}