{"id":12534,"date":"2024-07-09T19:07:14","date_gmt":"2024-07-09T16:07:14","guid":{"rendered":"https:\/\/skaitytaknyga.lt\/?post_type=product&#038;p=12534"},"modified":"2024-07-09T19:11:31","modified_gmt":"2024-07-09T16:11:31","slug":"jack-london-mazoji-didziojo-namo-seimininke-kopija","status":"publish","type":"product","link":"https:\/\/skaitytaknyga.lt\/en\/produktas\/jack-london-mazoji-didziojo-namo-seimininke-kopija\/","title":{"rendered":"Jack London \u201eBaltoji iltis\u201c"},"content":{"rendered":"<p>storija apie \u017emogaus ir laukinio gyv\u016bno draugyst\u0119 \u2013<b>\u00a0\u201eBaltoji iltis\u201c<\/b>\u00a0paker\u0117jo pasaul\u012f prie\u0161 daugiau nei 100 met\u0173 ir vis dar yra ta, kuri\u0105 mielai skaito viso pasaulio vaikai ir suaugusieji.<\/p>\n<p>U\u017eburianti amerikie\u010di\u0173 ra\u0161ytojo D\u017eeko Londono (Jack London) pasakojama istorija \u012fvyksta aukso kar\u0161tin\u0117s laikotarpiu. Kalnuose gyvenantis vilkas, kuris v\u0117liau ir bus pavadintas Balt\u0105ja iltimi, auga laukiniame, at\u0161iauriame pasaulyje. Jis pa\u017e\u012fsta \u017emones ir kitus gyv\u016bnus pirmiausia kaip savo prie\u0161us, kuri\u0173 reikia saugotis ir kuriais negalima pasitik\u0117ti. Jo kasdienyb\u0117 \u2013 kova d\u0117l i\u0161likimo.<\/p>\n<p>Ta\u010diau netrukus Baltoji iltis patenka \u012f visi\u0161kai kit\u0105 aplink\u0105 ir \u010dia atsiskleid\u017eia geriausios jo savyb\u0117s. Vilkas iki tol buv\u0119s \u0161alia \u017emoni\u0173 ir jiems priklaus\u0119s, ta\u010diau taip ir nepatyr\u0119s tikros \u017emogaus meil\u0117s, dabar susiranda tikr\u0105 draug\u0105, d\u0117l kurio yra pasiry\u017e\u0119s padaryti bet k\u0105.<\/p>\n","protected":false},"excerpt":{"rendered":"<p>Pasakojimo veiksmas vyksta Kanadoje, per aukso kar\u0161tin\u0119 1890-aisiais metais. Tai visa Baltosios ilties kelion\u0117 nuo laukinio \u017ev\u0117ries iki naminio, prijaukinto gyv\u016bno. \u0160i istorija laikoma savoti\u0161ku garsiausio D\u017eeko Londono k\u016brinio \u201eProt\u0117vi\u0173 \u0161auksmas\u201c t\u0119siniu, ta\u010diau abiej\u0173 knyg\u0173 siu\u017eetai atskiri.<\/p>\n<p>Originalus pasakojimo b\u016bdas &#8211; \u201eBaltojoje iltyje\u201c kalbama pagrindinio herojaus \u2013 gyv\u016bno \u2013 balsu, padeda autoriui atskleisti pasaul\u012f ir \u017emones gyv\u016bno akimis. \u010cia ir at\u0161iaurus, kupinas pavoj\u0173 ir gr\u0117sm\u0117s laukinis pasaulis, ir ne k\u0105 ma\u017eiau \u017eiaurus \u0161alia egzistuojantis \u017emoni\u0173 pasaulis. Knygoje analizuojamos moral\u0117s, kalt\u0117s, atpirkimo temos.<\/p>\n<p>\u201eBaltoji Iltis paveld\u0117jo gele\u017ein\u012f k\u016bn\u0105 ir Tyr\u0173 gyvybingum\u0105, ir jis \u2013 jo visuma ir kiekviena dalis skyrium \u2013 savo dvasia ir k\u016bnu kibo \u012f gyvenim\u0105 taip atkakliai, kaip ir dera visoms stiprioms b\u016btyb\u0117ms\u201c<\/p>\n<p>\u201eBaltoji iltis\u201c pirm\u0105 kart\u0105 i\u0161leista 1906. Ji i\u0161versta \u012f 89 kalbas ir perleista daugyb\u0119 kart\u0173. Pagal \u0161i\u0105 knyg\u0105 sukurta net keletas film\u0173, taip pat buvo kuriamas ja paremtas serialas.<\/p>\n","protected":false},"featured_media":12535,"comment_status":"closed","ping_status":"closed","template":"","meta":{"_acf_changed":false,"site-sidebar-layout":"default","site-content-layout":"","ast-site-content-layout":"default","site-content-style":"default","site-sidebar-style":"default","ast-global-header-display":"","ast-banner-title-visibility":"","ast-main-header-display":"","ast-hfb-above-header-display":"","ast-hfb-below-header-display":"","ast-hfb-mobile-header-display":"","site-post-title":"","ast-breadcrumbs-content":"","ast-featured-img":"","footer-sml-layout":"","ast-disable-related-posts":"","theme-transparent-header-meta":"default","adv-header-id-meta":"","stick-header-meta":"","header-above-stick-meta":"","header-main-stick-meta":"","header-below-stick-meta":"","astra-migrate-meta-layouts":"set","ast-page-background-enabled":"default","ast-page-background-meta":{"desktop":{"background-color":"","background-image":"","background-repeat":"repeat","background-position":"center center","background-size":"auto","background-attachment":"scroll","background-type":"","background-media":"","overlay-type":"","overlay-color":"","overlay-opacity":"","overlay-gradient":""},"tablet":{"background-color":"","background-image":"","background-repeat":"repeat","background-position":"center center","background-size":"auto","background-attachment":"scroll","background-type":"","background-media":"","overlay-type":"","overlay-color":"","overlay-opacity":"","overlay-gradient":""},"mobile":{"background-color":"","background-image":"","background-repeat":"repeat","background-position":"center center","background-size":"auto","background-attachment":"scroll","background-type":"","background-media":"","overlay-type":"","overlay-color":"","overlay-opacity":"","overlay-gradient":""}},"ast-content-background-meta":{"desktop":{"background-color":"var(--ast-global-color-4)","background-image":"","background-repeat":"repeat","background-position":"center center","background-size":"auto","background-attachment":"scroll","background-type":"","background-media":"","overlay-type":"","overlay-color":"","overlay-opacity":"","overlay-gradient":""},"tablet":{"background-color":"var(--ast-global-color-4)","background-image":"","background-repeat":"repeat","background-position":"center center","background-size":"auto","background-attachment":"scroll","background-type":"","background-media":"","overlay-type":"","overlay-color":"","overlay-opacity":"","overlay-gradient":""},"mobile":{"background-color":"var(--ast-global-color-4)","background-image":"","background-repeat":"repeat","background-position":"center center","background-size":"auto","background-attachment":"scroll","background-type":"","background-media":"","overlay-type":"","overlay-color":"","overlay-opacity":"","overlay-gradient":""}}},"product_brand":[],"product_cat":[31,28],"product_tag":[],"class_list":{"0":"post-12534","1":"product","2":"type-product","3":"status-publish","4":"has-post-thumbnail","6":"product_cat-grozine-literatura","7":"product_cat-klasika","8":"desktop-align-left","9":"tablet-align-left","10":"mobile-align-left","12":"first","13":"instock","14":"shipping-taxable","15":"purchasable","16":"product-type-simple"},"acf":[],"yoast_head":"<!-- This site is optimized with the Yoast SEO plugin v27.0 - https:\/\/yoast.com\/product\/yoast-seo-wordpress\/ -->\n<title>Jack London \u201eBaltoji iltis\u201c<\/title>\n<meta name=\"description\" content=\"Pasakojimo veiksmas vyksta Kanadoje, per aukso kar\u0161tin\u0119 1890-aisiais metais. Tai visa Baltosios ilties kelion\u0117 nuo laukinio \u017ev\u0117ries iki naminio, prijaukinto gyv\u016bno. \u0160i istorija laikoma savoti\u0161ku garsiausio D\u017eeko Londono k\u016brinio \u201eProt\u0117vi\u0173 \u0161auksmas\u201c t\u0119siniu, ta\u010diau abiej\u0173 knyg\u0173 siu\u017eetai atskiri.  Originalus pasakojimo b\u016bdas - \u201eBaltojoje iltyje\u201c kalbama pagrindinio herojaus \u2013 gyv\u016bno \u2013 balsu, padeda autoriui atskleisti pasaul\u012f ir \u017emones gyv\u016bno akimis. \u010cia ir at\u0161iaurus, kupinas pavoj\u0173 ir gr\u0117sm\u0117s laukinis pasaulis, ir ne k\u0105 ma\u017eiau \u017eiaurus \u0161alia egzistuojantis \u017emoni\u0173 pasaulis. Knygoje analizuojamos moral\u0117s, kalt\u0117s, atpirkimo temos.  \u201eBaltoji Iltis paveld\u0117jo gele\u017ein\u012f k\u016bn\u0105 ir Tyr\u0173 gyvybingum\u0105, ir jis \u2013 jo visuma ir kiekviena dalis skyrium \u2013 savo dvasia ir k\u016bnu kibo \u012f gyvenim\u0105 taip atkakliai, kaip ir dera visoms stiprioms b\u016btyb\u0117ms\u201c  \u201eBaltoji iltis\u201c pirm\u0105 kart\u0105 i\u0161leista 1906. Ji i\u0161versta \u012f 89 kalbas ir perleista daugyb\u0119 kart\u0173. Pagal \u0161i\u0105 knyg\u0105 sukurta net keletas film\u0173, taip pat buvo kuriamas ja paremtas serialas.\" \/>\n<meta name=\"robots\" content=\"index, follow, max-snippet:-1, max-image-preview:large, max-video-preview:-1\" \/>\n<link rel=\"canonical\" href=\"https:\/\/skaitytaknyga.lt\/en\/produktas\/jack-london-mazoji-didziojo-namo-seimininke-kopija\/\" \/>\n<meta property=\"og:locale\" content=\"en_GB\" \/>\n<meta property=\"og:locale:alternate\" content=\"lt_LT\" \/>\n<meta property=\"og:type\" content=\"article\" \/>\n<meta property=\"og:title\" content=\"Jack London \u201eBaltoji iltis\u201c\" \/>\n<meta property=\"og:description\" content=\"Pasakojimo veiksmas vyksta Kanadoje, per aukso kar\u0161tin\u0119 1890-aisiais metais. Tai visa Baltosios ilties kelion\u0117 nuo laukinio \u017ev\u0117ries iki naminio, prijaukinto gyv\u016bno. \u0160i istorija laikoma savoti\u0161ku garsiausio D\u017eeko Londono k\u016brinio \u201eProt\u0117vi\u0173 \u0161auksmas\u201c t\u0119siniu, ta\u010diau abiej\u0173 knyg\u0173 siu\u017eetai atskiri.  Originalus pasakojimo b\u016bdas - \u201eBaltojoje iltyje\u201c kalbama pagrindinio herojaus \u2013 gyv\u016bno \u2013 balsu, padeda autoriui atskleisti pasaul\u012f ir \u017emones gyv\u016bno akimis. \u010cia ir at\u0161iaurus, kupinas pavoj\u0173 ir gr\u0117sm\u0117s laukinis pasaulis, ir ne k\u0105 ma\u017eiau \u017eiaurus \u0161alia egzistuojantis \u017emoni\u0173 pasaulis. Knygoje analizuojamos moral\u0117s, kalt\u0117s, atpirkimo temos.  \u201eBaltoji Iltis paveld\u0117jo gele\u017ein\u012f k\u016bn\u0105 ir Tyr\u0173 gyvybingum\u0105, ir jis \u2013 jo visuma ir kiekviena dalis skyrium \u2013 savo dvasia ir k\u016bnu kibo \u012f gyvenim\u0105 taip atkakliai, kaip ir dera visoms stiprioms b\u016btyb\u0117ms\u201c  \u201eBaltoji iltis\u201c pirm\u0105 kart\u0105 i\u0161leista 1906. Ji i\u0161versta \u012f 89 kalbas ir perleista daugyb\u0119 kart\u0173. Pagal \u0161i\u0105 knyg\u0105 sukurta net keletas film\u0173, taip pat buvo kuriamas ja paremtas serialas.\" \/>\n<meta property=\"og:url\" content=\"https:\/\/skaitytaknyga.lt\/en\/produktas\/jack-london-mazoji-didziojo-namo-seimininke-kopija\/\" \/>\n<meta property=\"og:site_name\" content=\"Skaitytaknyga\" \/>\n<meta property=\"article:publisher\" content=\"https:\/\/www.facebook.com\/skaitytaknyga\/\" \/>\n<meta property=\"article:modified_time\" content=\"2024-07-09T16:11:31+00:00\" \/>\n<meta property=\"og:image\" content=\"https:\/\/skaitytaknyga.lt\/wp-content\/uploads\/2024\/07\/baltoji-iltis-2-1-1-1.jpg\" \/>\n\t<meta property=\"og:image:width\" content=\"411\" \/>\n\t<meta property=\"og:image:height\" content=\"596\" \/>\n\t<meta property=\"og:image:type\" content=\"image\/jpeg\" \/>\n<meta name=\"twitter:card\" content=\"summary_large_image\" \/>\n<meta name=\"twitter:label1\" content=\"Estimated reading time\" \/>\n\t<meta name=\"twitter:data1\" content=\"1 minute\" \/>\n<script type=\"application\/ld+json\" class=\"yoast-schema-graph\">{\"@context\":\"https:\/\/schema.org\",\"@graph\":[{\"@type\":\"WebPage\",\"@id\":\"https:\/\/skaitytaknyga.lt\/produktas\/jack-london-mazoji-didziojo-namo-seimininke-kopija\/\",\"url\":\"https:\/\/skaitytaknyga.lt\/produktas\/jack-london-mazoji-didziojo-namo-seimininke-kopija\/\",\"name\":\"Jack London \u201eBaltoji iltis\u201c\",\"isPartOf\":{\"@id\":\"https:\/\/skaitytaknyga.lt\/#website\"},\"primaryImageOfPage\":{\"@id\":\"https:\/\/skaitytaknyga.lt\/produktas\/jack-london-mazoji-didziojo-namo-seimininke-kopija\/#primaryimage\"},\"image\":{\"@id\":\"https:\/\/skaitytaknyga.lt\/produktas\/jack-london-mazoji-didziojo-namo-seimininke-kopija\/#primaryimage\"},\"thumbnailUrl\":\"https:\/\/skaitytaknyga.lt\/wp-content\/uploads\/2024\/07\/baltoji-iltis-2-1-1-1.jpg\",\"datePublished\":\"2024-07-09T16:07:14+00:00\",\"dateModified\":\"2024-07-09T16:11:31+00:00\",\"description\":\"Pasakojimo veiksmas vyksta Kanadoje, per aukso kar\u0161tin\u0119 1890-aisiais metais. Tai visa Baltosios ilties kelion\u0117 nuo laukinio \u017ev\u0117ries iki naminio, prijaukinto gyv\u016bno. \u0160i istorija laikoma savoti\u0161ku garsiausio D\u017eeko Londono k\u016brinio \u201eProt\u0117vi\u0173 \u0161auksmas\u201c t\u0119siniu, ta\u010diau abiej\u0173 knyg\u0173 siu\u017eetai atskiri. Originalus pasakojimo b\u016bdas - \u201eBaltojoje iltyje\u201c kalbama pagrindinio herojaus \u2013 gyv\u016bno \u2013 balsu, padeda autoriui atskleisti pasaul\u012f ir \u017emones gyv\u016bno akimis. \u010cia ir at\u0161iaurus, kupinas pavoj\u0173 ir gr\u0117sm\u0117s laukinis pasaulis, ir ne k\u0105 ma\u017eiau \u017eiaurus \u0161alia egzistuojantis \u017emoni\u0173 pasaulis. Knygoje analizuojamos moral\u0117s, kalt\u0117s, atpirkimo temos. \u201eBaltoji Iltis paveld\u0117jo gele\u017ein\u012f k\u016bn\u0105 ir Tyr\u0173 gyvybingum\u0105, ir jis \u2013 jo visuma ir kiekviena dalis skyrium \u2013 savo dvasia ir k\u016bnu kibo \u012f gyvenim\u0105 taip atkakliai, kaip ir dera visoms stiprioms b\u016btyb\u0117ms\u201c \u201eBaltoji iltis\u201c pirm\u0105 kart\u0105 i\u0161leista 1906. Ji i\u0161versta \u012f 89 kalbas ir perleista daugyb\u0119 kart\u0173. Pagal \u0161i\u0105 knyg\u0105 sukurta net keletas film\u0173, taip pat buvo kuriamas ja paremtas serialas.\",\"breadcrumb\":{\"@id\":\"https:\/\/skaitytaknyga.lt\/produktas\/jack-london-mazoji-didziojo-namo-seimininke-kopija\/#breadcrumb\"},\"inLanguage\":\"en-GB\",\"potentialAction\":[{\"@type\":\"ReadAction\",\"target\":[\"https:\/\/skaitytaknyga.lt\/produktas\/jack-london-mazoji-didziojo-namo-seimininke-kopija\/\"]}]},{\"@type\":\"ImageObject\",\"inLanguage\":\"en-GB\",\"@id\":\"https:\/\/skaitytaknyga.lt\/produktas\/jack-london-mazoji-didziojo-namo-seimininke-kopija\/#primaryimage\",\"url\":\"https:\/\/skaitytaknyga.lt\/wp-content\/uploads\/2024\/07\/baltoji-iltis-2-1-1-1.jpg\",\"contentUrl\":\"https:\/\/skaitytaknyga.lt\/wp-content\/uploads\/2024\/07\/baltoji-iltis-2-1-1-1.jpg\",\"width\":411,\"height\":596,\"caption\":\"baltoji iltis\"},{\"@type\":\"BreadcrumbList\",\"@id\":\"https:\/\/skaitytaknyga.lt\/produktas\/jack-london-mazoji-didziojo-namo-seimininke-kopija\/#breadcrumb\",\"itemListElement\":[{\"@type\":\"ListItem\",\"position\":1,\"name\":\"Home\",\"item\":\"https:\/\/skaitytaknyga.lt\/\"},{\"@type\":\"ListItem\",\"position\":2,\"name\":\"Parduotuv\u0117\",\"item\":\"https:\/\/skaitytaknyga.lt\/knygu-parduotuve\/\"},{\"@type\":\"ListItem\",\"position\":3,\"name\":\"Jack London \u201eBaltoji iltis\u201c\"}]},{\"@type\":\"WebSite\",\"@id\":\"https:\/\/skaitytaknyga.lt\/#website\",\"url\":\"https:\/\/skaitytaknyga.lt\/\",\"name\":\"skaitytaknyga.lt\",\"description\":\"Skaitytaknyga.lt \u2013 tai ma\u017eas \u0161eimos verslas, kuris prasid\u0117jo nuo meil\u0117s knygoms ir siekio i\u0161gelb\u0117ti knygas nuo likimo prie konteinerio. Kas vienam nereikalingas daiktas \u2013 kitam lobis, o mes esame tarpininkai, kurie padeda abiems tapti laimingesniems ???? \u017dinome kaip nelengva i\u0161gyventi ma\u017eiems verslams, tad nuo \u0161iol, \u010dia rasite ir kit\u0173, ma\u017e\u0173 \u0161eim\u0173 versl\u0173, rank\u0173 darbo, dovan\u0173 sau ir artimiesiems.\",\"publisher\":{\"@id\":\"https:\/\/skaitytaknyga.lt\/#organization\"},\"potentialAction\":[{\"@type\":\"SearchAction\",\"target\":{\"@type\":\"EntryPoint\",\"urlTemplate\":\"https:\/\/skaitytaknyga.lt\/?s={search_term_string}\"},\"query-input\":{\"@type\":\"PropertyValueSpecification\",\"valueRequired\":true,\"valueName\":\"search_term_string\"}}],\"inLanguage\":\"en-GB\"},{\"@type\":\"Organization\",\"@id\":\"https:\/\/skaitytaknyga.lt\/#organization\",\"name\":\"skaitytaknyga.lt\",\"url\":\"https:\/\/skaitytaknyga.lt\/\",\"logo\":{\"@type\":\"ImageObject\",\"inLanguage\":\"en-GB\",\"@id\":\"https:\/\/skaitytaknyga.lt\/#\/schema\/logo\/image\/\",\"url\":\"https:\/\/skaitytaknyga.lt\/wp-content\/uploads\/2024\/05\/cropped-cropped-cropped-02_00843_jt3bggkj1j3HLc7SyY6rEUpg.jpeg\",\"contentUrl\":\"https:\/\/skaitytaknyga.lt\/wp-content\/uploads\/2024\/05\/cropped-cropped-cropped-02_00843_jt3bggkj1j3HLc7SyY6rEUpg.jpeg\",\"width\":1600,\"height\":1600,\"caption\":\"skaitytaknyga.lt\"},\"image\":{\"@id\":\"https:\/\/skaitytaknyga.lt\/#\/schema\/logo\/image\/\"},\"sameAs\":[\"https:\/\/www.facebook.com\/skaitytaknyga\/\"]}]}<\/script>\n<!-- \/ Yoast SEO plugin. -->","yoast_head_json":{"title":"Jack London \u201eBaltoji iltis\u201c","description":"Pasakojimo veiksmas vyksta Kanadoje, per aukso kar\u0161tin\u0119 1890-aisiais metais. Tai visa Baltosios ilties kelion\u0117 nuo laukinio \u017ev\u0117ries iki naminio, prijaukinto gyv\u016bno. \u0160i istorija laikoma savoti\u0161ku garsiausio D\u017eeko Londono k\u016brinio \u201eProt\u0117vi\u0173 \u0161auksmas\u201c t\u0119siniu, ta\u010diau abiej\u0173 knyg\u0173 siu\u017eetai atskiri.  Originalus pasakojimo b\u016bdas - \u201eBaltojoje iltyje\u201c kalbama pagrindinio herojaus \u2013 gyv\u016bno \u2013 balsu, padeda autoriui atskleisti pasaul\u012f ir \u017emones gyv\u016bno akimis. \u010cia ir at\u0161iaurus, kupinas pavoj\u0173 ir gr\u0117sm\u0117s laukinis pasaulis, ir ne k\u0105 ma\u017eiau \u017eiaurus \u0161alia egzistuojantis \u017emoni\u0173 pasaulis. Knygoje analizuojamos moral\u0117s, kalt\u0117s, atpirkimo temos.  \u201eBaltoji Iltis paveld\u0117jo gele\u017ein\u012f k\u016bn\u0105 ir Tyr\u0173 gyvybingum\u0105, ir jis \u2013 jo visuma ir kiekviena dalis skyrium \u2013 savo dvasia ir k\u016bnu kibo \u012f gyvenim\u0105 taip atkakliai, kaip ir dera visoms stiprioms b\u016btyb\u0117ms\u201c  \u201eBaltoji iltis\u201c pirm\u0105 kart\u0105 i\u0161leista 1906. Ji i\u0161versta \u012f 89 kalbas ir perleista daugyb\u0119 kart\u0173. Pagal \u0161i\u0105 knyg\u0105 sukurta net keletas film\u0173, taip pat buvo kuriamas ja paremtas serialas.","robots":{"index":"index","follow":"follow","max-snippet":"max-snippet:-1","max-image-preview":"max-image-preview:large","max-video-preview":"max-video-preview:-1"},"canonical":"https:\/\/skaitytaknyga.lt\/en\/produktas\/jack-london-mazoji-didziojo-namo-seimininke-kopija\/","og_locale":"en_GB","og_type":"article","og_title":"[:lt]Jack London \u201eBaltoji iltis\u201c[:] - Skaitytaknyga","og_description":"Pasakojimo veiksmas vyksta Kanadoje, per aukso kar\u0161tin\u0119 1890-aisiais metais. Tai visa Baltosios ilties kelion\u0117 nuo laukinio \u017ev\u0117ries iki naminio, prijaukinto gyv\u016bno. \u0160i istorija laikoma savoti\u0161ku garsiausio D\u017eeko Londono k\u016brinio \u201eProt\u0117vi\u0173 \u0161auksmas\u201c t\u0119siniu, ta\u010diau abiej\u0173 knyg\u0173 siu\u017eetai atskiri.  Originalus pasakojimo b\u016bdas - \u201eBaltojoje iltyje\u201c kalbama pagrindinio herojaus \u2013 gyv\u016bno \u2013 balsu, padeda autoriui atskleisti pasaul\u012f ir \u017emones gyv\u016bno akimis. \u010cia ir at\u0161iaurus, kupinas pavoj\u0173 ir gr\u0117sm\u0117s laukinis pasaulis, ir ne k\u0105 ma\u017eiau \u017eiaurus \u0161alia egzistuojantis \u017emoni\u0173 pasaulis. Knygoje analizuojamos moral\u0117s, kalt\u0117s, atpirkimo temos.  \u201eBaltoji Iltis paveld\u0117jo gele\u017ein\u012f k\u016bn\u0105 ir Tyr\u0173 gyvybingum\u0105, ir jis \u2013 jo visuma ir kiekviena dalis skyrium \u2013 savo dvasia ir k\u016bnu kibo \u012f gyvenim\u0105 taip atkakliai, kaip ir dera visoms stiprioms b\u016btyb\u0117ms\u201c  \u201eBaltoji iltis\u201c pirm\u0105 kart\u0105 i\u0161leista 1906. Ji i\u0161versta \u012f 89 kalbas ir perleista daugyb\u0119 kart\u0173. Pagal \u0161i\u0105 knyg\u0105 sukurta net keletas film\u0173, taip pat buvo kuriamas ja paremtas serialas.","og_url":"https:\/\/skaitytaknyga.lt\/en\/produktas\/jack-london-mazoji-didziojo-namo-seimininke-kopija\/","og_site_name":"Skaitytaknyga","article_publisher":"https:\/\/www.facebook.com\/skaitytaknyga\/","article_modified_time":"2024-07-09T16:11:31+00:00","og_image":[{"width":411,"height":596,"url":"https:\/\/skaitytaknyga.lt\/wp-content\/uploads\/2024\/07\/baltoji-iltis-2-1-1-1.jpg","type":"image\/jpeg"}],"twitter_card":"summary_large_image","twitter_misc":{"Estimated reading time":"1 minute"},"schema":{"@context":"https:\/\/schema.org","@graph":[{"@type":"WebPage","@id":"https:\/\/skaitytaknyga.lt\/produktas\/jack-london-mazoji-didziojo-namo-seimininke-kopija\/","url":"https:\/\/skaitytaknyga.lt\/produktas\/jack-london-mazoji-didziojo-namo-seimininke-kopija\/","name":"Jack London \u201eBaltoji iltis\u201c","isPartOf":{"@id":"https:\/\/skaitytaknyga.lt\/#website"},"primaryImageOfPage":{"@id":"https:\/\/skaitytaknyga.lt\/produktas\/jack-london-mazoji-didziojo-namo-seimininke-kopija\/#primaryimage"},"image":{"@id":"https:\/\/skaitytaknyga.lt\/produktas\/jack-london-mazoji-didziojo-namo-seimininke-kopija\/#primaryimage"},"thumbnailUrl":"https:\/\/skaitytaknyga.lt\/wp-content\/uploads\/2024\/07\/baltoji-iltis-2-1-1-1.jpg","datePublished":"2024-07-09T16:07:14+00:00","dateModified":"2024-07-09T16:11:31+00:00","description":"Pasakojimo veiksmas vyksta Kanadoje, per aukso kar\u0161tin\u0119 1890-aisiais metais. Tai visa Baltosios ilties kelion\u0117 nuo laukinio \u017ev\u0117ries iki naminio, prijaukinto gyv\u016bno. \u0160i istorija laikoma savoti\u0161ku garsiausio D\u017eeko Londono k\u016brinio \u201eProt\u0117vi\u0173 \u0161auksmas\u201c t\u0119siniu, ta\u010diau abiej\u0173 knyg\u0173 siu\u017eetai atskiri. Originalus pasakojimo b\u016bdas - \u201eBaltojoje iltyje\u201c kalbama pagrindinio herojaus \u2013 gyv\u016bno \u2013 balsu, padeda autoriui atskleisti pasaul\u012f ir \u017emones gyv\u016bno akimis. \u010cia ir at\u0161iaurus, kupinas pavoj\u0173 ir gr\u0117sm\u0117s laukinis pasaulis, ir ne k\u0105 ma\u017eiau \u017eiaurus \u0161alia egzistuojantis \u017emoni\u0173 pasaulis. Knygoje analizuojamos moral\u0117s, kalt\u0117s, atpirkimo temos. \u201eBaltoji Iltis paveld\u0117jo gele\u017ein\u012f k\u016bn\u0105 ir Tyr\u0173 gyvybingum\u0105, ir jis \u2013 jo visuma ir kiekviena dalis skyrium \u2013 savo dvasia ir k\u016bnu kibo \u012f gyvenim\u0105 taip atkakliai, kaip ir dera visoms stiprioms b\u016btyb\u0117ms\u201c \u201eBaltoji iltis\u201c pirm\u0105 kart\u0105 i\u0161leista 1906. Ji i\u0161versta \u012f 89 kalbas ir perleista daugyb\u0119 kart\u0173. Pagal \u0161i\u0105 knyg\u0105 sukurta net keletas film\u0173, taip pat buvo kuriamas ja paremtas serialas.","breadcrumb":{"@id":"https:\/\/skaitytaknyga.lt\/produktas\/jack-london-mazoji-didziojo-namo-seimininke-kopija\/#breadcrumb"},"inLanguage":"en-GB","potentialAction":[{"@type":"ReadAction","target":["https:\/\/skaitytaknyga.lt\/produktas\/jack-london-mazoji-didziojo-namo-seimininke-kopija\/"]}]},{"@type":"ImageObject","inLanguage":"en-GB","@id":"https:\/\/skaitytaknyga.lt\/produktas\/jack-london-mazoji-didziojo-namo-seimininke-kopija\/#primaryimage","url":"https:\/\/skaitytaknyga.lt\/wp-content\/uploads\/2024\/07\/baltoji-iltis-2-1-1-1.jpg","contentUrl":"https:\/\/skaitytaknyga.lt\/wp-content\/uploads\/2024\/07\/baltoji-iltis-2-1-1-1.jpg","width":411,"height":596,"caption":"baltoji iltis"},{"@type":"BreadcrumbList","@id":"https:\/\/skaitytaknyga.lt\/produktas\/jack-london-mazoji-didziojo-namo-seimininke-kopija\/#breadcrumb","itemListElement":[{"@type":"ListItem","position":1,"name":"Home","item":"https:\/\/skaitytaknyga.lt\/"},{"@type":"ListItem","position":2,"name":"Parduotuv\u0117","item":"https:\/\/skaitytaknyga.lt\/knygu-parduotuve\/"},{"@type":"ListItem","position":3,"name":"Jack London \u201eBaltoji iltis\u201c"}]},{"@type":"WebSite","@id":"https:\/\/skaitytaknyga.lt\/#website","url":"https:\/\/skaitytaknyga.lt\/","name":"skaitytaknyga.lt","description":"Skaitytaknyga.lt \u2013 tai ma\u017eas \u0161eimos verslas, kuris prasid\u0117jo nuo meil\u0117s knygoms ir siekio i\u0161gelb\u0117ti knygas nuo likimo prie konteinerio. Kas vienam nereikalingas daiktas \u2013 kitam lobis, o mes esame tarpininkai, kurie padeda abiems tapti laimingesniems ???? \u017dinome kaip nelengva i\u0161gyventi ma\u017eiems verslams, tad nuo \u0161iol, \u010dia rasite ir kit\u0173, ma\u017e\u0173 \u0161eim\u0173 versl\u0173, rank\u0173 darbo, dovan\u0173 sau ir artimiesiems.","publisher":{"@id":"https:\/\/skaitytaknyga.lt\/#organization"},"potentialAction":[{"@type":"SearchAction","target":{"@type":"EntryPoint","urlTemplate":"https:\/\/skaitytaknyga.lt\/?s={search_term_string}"},"query-input":{"@type":"PropertyValueSpecification","valueRequired":true,"valueName":"search_term_string"}}],"inLanguage":"en-GB"},{"@type":"Organization","@id":"https:\/\/skaitytaknyga.lt\/#organization","name":"skaitytaknyga.lt","url":"https:\/\/skaitytaknyga.lt\/","logo":{"@type":"ImageObject","inLanguage":"en-GB","@id":"https:\/\/skaitytaknyga.lt\/#\/schema\/logo\/image\/","url":"https:\/\/skaitytaknyga.lt\/wp-content\/uploads\/2024\/05\/cropped-cropped-cropped-02_00843_jt3bggkj1j3HLc7SyY6rEUpg.jpeg","contentUrl":"https:\/\/skaitytaknyga.lt\/wp-content\/uploads\/2024\/05\/cropped-cropped-cropped-02_00843_jt3bggkj1j3HLc7SyY6rEUpg.jpeg","width":1600,"height":1600,"caption":"skaitytaknyga.lt"},"image":{"@id":"https:\/\/skaitytaknyga.lt\/#\/schema\/logo\/image\/"},"sameAs":["https:\/\/www.facebook.com\/skaitytaknyga\/"]}]}},"_links":{"self":[{"href":"https:\/\/skaitytaknyga.lt\/en\/wp-json\/wp\/v2\/product\/12534","targetHints":{"allow":["GET"]}}],"collection":[{"href":"https:\/\/skaitytaknyga.lt\/en\/wp-json\/wp\/v2\/product"}],"about":[{"href":"https:\/\/skaitytaknyga.lt\/en\/wp-json\/wp\/v2\/types\/product"}],"replies":[{"embeddable":true,"href":"https:\/\/skaitytaknyga.lt\/en\/wp-json\/wp\/v2\/comments?post=12534"}],"wp:featuredmedia":[{"embeddable":true,"href":"https:\/\/skaitytaknyga.lt\/en\/wp-json\/wp\/v2\/media\/12535"}],"wp:attachment":[{"href":"https:\/\/skaitytaknyga.lt\/en\/wp-json\/wp\/v2\/media?parent=12534"}],"wp:term":[{"taxonomy":"product_brand","embeddable":true,"href":"https:\/\/skaitytaknyga.lt\/en\/wp-json\/wp\/v2\/product_brand?post=12534"},{"taxonomy":"product_cat","embeddable":true,"href":"https:\/\/skaitytaknyga.lt\/en\/wp-json\/wp\/v2\/product_cat?post=12534"},{"taxonomy":"product_tag","embeddable":true,"href":"https:\/\/skaitytaknyga.lt\/en\/wp-json\/wp\/v2\/product_tag?post=12534"}],"curies":[{"name":"wp","href":"https:\/\/api.w.org\/{rel}","templated":true}]}}