{"id":12532,"date":"2024-07-09T19:04:38","date_gmt":"2024-07-09T16:04:38","guid":{"rendered":"https:\/\/skaitytaknyga.lt\/?post_type=product&#038;p=12532"},"modified":"2025-06-26T15:39:19","modified_gmt":"2025-06-26T12:39:19","slug":"vilkolakiukas-dolfas-superdolfas","status":"publish","type":"product","link":"https:\/\/skaitytaknyga.lt\/en\/produktas\/vilkolakiukas-dolfas-superdolfas\/","title":{"rendered":"Ulfas ir povandeninis miestas"},"content":{"rendered":"<p><b>\u201eUlfas ir povandeninis miestas\u201c<\/b>\u00a0\u2013 jau antroji knyga apie i\u0161dyk\u0117l\u012f Ulf\u0105, nuolat pakli\u016bnant\u012f \u012f \u012fdomiausi\u0173 nuotyki\u0173 s\u016bkur\u012f. Pirmoji knyga \u201eUlfas ir stebuklingos barzda\u201c 2017-aisiais metais pateko \u012f geriausi\u0173 met\u0173 knyg\u0173 vaikams penketuk\u0105. \u0160\u012fkart Ulfas su draugais atsiduria \u012fsp\u016bdingame povandeniniame mieste.<\/p>\n<p>Knygos autorius Virgis \u0160idlauskas per gana trump\u0105 laik\u0105 sugeb\u0117jo \u012fsitvirtinti vaik\u0173 literat\u016bros pasaulyje ir i\u0161sikovoti jaun\u0173j\u0173 skaitytoj\u0173 simpatijas. Jo knygos ne tik noriai skaitomos, bet ir lavina vaik\u0173 k\u016brybi\u0161kum\u0105, vaizduot\u0119, menin\u012f skon\u012f, o svarbiausia \u2013 skatina kurti patiems.<\/p>\n","protected":false},"excerpt":{"rendered":"<p>Pasibaigus Ulfo Mulfo pergalingiems nuotykiams, pama\u017eu nusl\u016bgsta vis\u0105 miestel\u012f ap\u0117musi euforija, o Ulfopotamijoje, rodos, su vasaros kaitra \u012fsivyrauja ir ramyb\u0117. Bet&#8230; neilgam. Pasirodo, miestelyje gyvena i\u0161davikas ir netrukus \u010dia ima d\u0117tis tokie \u0161iurp\u016bs dalykai, kad net patiems dr\u0105siausiems per nugar\u0105 b\u0117gioja \u0161altukas. \u012edomu, \u012f kur\u012f pasaulio kra\u0161t\u0105 \u0161ios keistenyb\u0117s privers nusibelsti Ulf\u0105 \u0161\u012fkart? Ai\u0161ku tik viena \u2013 \u0161i vieta u\u017egniau\u0161 kvap\u0105 ir jam, ir skaitytojams.<\/p>\n","protected":false},"featured_media":12533,"comment_status":"closed","ping_status":"closed","template":"","meta":{"_acf_changed":false,"site-sidebar-layout":"default","site-content-layout":"","ast-site-content-layout":"default","site-content-style":"default","site-sidebar-style":"default","ast-global-header-display":"","ast-banner-title-visibility":"","ast-main-header-display":"","ast-hfb-above-header-display":"","ast-hfb-below-header-display":"","ast-hfb-mobile-header-display":"","site-post-title":"","ast-breadcrumbs-content":"","ast-featured-img":"","footer-sml-layout":"","ast-disable-related-posts":"","theme-transparent-header-meta":"default","adv-header-id-meta":"","stick-header-meta":"","header-above-stick-meta":"","header-main-stick-meta":"","header-below-stick-meta":"","astra-migrate-meta-layouts":"set","ast-page-background-enabled":"default","ast-page-background-meta":{"desktop":{"background-color":"","background-image":"","background-repeat":"repeat","background-position":"center center","background-size":"auto","background-attachment":"scroll","background-type":"","background-media":"","overlay-type":"","overlay-color":"","overlay-opacity":"","overlay-gradient":""},"tablet":{"background-color":"","background-image":"","background-repeat":"repeat","background-position":"center center","background-size":"auto","background-attachment":"scroll","background-type":"","background-media":"","overlay-type":"","overlay-color":"","overlay-opacity":"","overlay-gradient":""},"mobile":{"background-color":"","background-image":"","background-repeat":"repeat","background-position":"center center","background-size":"auto","background-attachment":"scroll","background-type":"","background-media":"","overlay-type":"","overlay-color":"","overlay-opacity":"","overlay-gradient":""}},"ast-content-background-meta":{"desktop":{"background-color":"var(--ast-global-color-4)","background-image":"","background-repeat":"repeat","background-position":"center center","background-size":"auto","background-attachment":"scroll","background-type":"","background-media":"","overlay-type":"","overlay-color":"","overlay-opacity":"","overlay-gradient":""},"tablet":{"background-color":"var(--ast-global-color-4)","background-image":"","background-repeat":"repeat","background-position":"center center","background-size":"auto","background-attachment":"scroll","background-type":"","background-media":"","overlay-type":"","overlay-color":"","overlay-opacity":"","overlay-gradient":""},"mobile":{"background-color":"var(--ast-global-color-4)","background-image":"","background-repeat":"repeat","background-position":"center center","background-size":"auto","background-attachment":"scroll","background-type":"","background-media":"","overlay-type":"","overlay-color":"","overlay-opacity":"","overlay-gradient":""}}},"product_brand":[],"product_cat":[35],"product_tag":[1560,5838,1451,1645,4577,4576],"class_list":{"0":"post-12532","1":"product","2":"type-product","3":"status-publish","4":"has-post-thumbnail","6":"product_cat-vaikams-ir-paaugliams","7":"product_tag-kurybiskumas","8":"product_tag-meninis-skonis","9":"product_tag-nuotykiai","10":"product_tag-vaiku-literatura","11":"product_tag-vaizduote","12":"product_tag-virgis-sidlauskas","13":"desktop-align-left","14":"tablet-align-left","15":"mobile-align-left","17":"first","18":"instock","19":"shipping-taxable","20":"purchasable","21":"product-type-simple"},"acf":[],"yoast_head":"<!-- This site is optimized with the Yoast SEO plugin v27.0 - https:\/\/yoast.com\/product\/yoast-seo-wordpress\/ -->\n<title>Ulfas ir povandeninis miestas<\/title>\n<meta name=\"description\" content=\"Pasibaigus Ulfo Mulfo pergalingiems nuotykiams, pama\u017eu nusl\u016bgsta vis\u0105 miestel\u012f ap\u0117musi euforija, o Ulfopotamijoje, rodos, su vasaros kaitra \u012fsivyrauja ir ramyb\u0117. Bet... neilgam. Pasirodo, miestelyje gyvena i\u0161davikas ir netrukus \u010dia ima d\u0117tis tokie \u0161iurp\u016bs dalykai, kad net patiems dr\u0105siausiems per nugar\u0105 b\u0117gioja \u0161altukas. \u012edomu, \u012f kur\u012f pasaulio kra\u0161t\u0105 \u0161ios keistenyb\u0117s privers nusibelsti Ulf\u0105 \u0161\u012fkart? Ai\u0161ku tik viena \u2013 \u0161i vieta u\u017egniau\u0161 kvap\u0105 ir jam, ir skaitytojams.\" \/>\n<meta name=\"robots\" content=\"index, follow, max-snippet:-1, max-image-preview:large, max-video-preview:-1\" \/>\n<link rel=\"canonical\" href=\"https:\/\/skaitytaknyga.lt\/en\/produktas\/vilkolakiukas-dolfas-superdolfas\/\" \/>\n<meta property=\"og:locale\" content=\"en_GB\" \/>\n<meta property=\"og:locale:alternate\" content=\"lt_LT\" \/>\n<meta property=\"og:type\" content=\"article\" \/>\n<meta property=\"og:title\" content=\"Ulfas ir povandeninis miestas\" \/>\n<meta property=\"og:description\" content=\"Pasibaigus Ulfo Mulfo pergalingiems nuotykiams, pama\u017eu nusl\u016bgsta vis\u0105 miestel\u012f ap\u0117musi euforija, o Ulfopotamijoje, rodos, su vasaros kaitra \u012fsivyrauja ir ramyb\u0117. Bet... neilgam. Pasirodo, miestelyje gyvena i\u0161davikas ir netrukus \u010dia ima d\u0117tis tokie \u0161iurp\u016bs dalykai, kad net patiems dr\u0105siausiems per nugar\u0105 b\u0117gioja \u0161altukas. \u012edomu, \u012f kur\u012f pasaulio kra\u0161t\u0105 \u0161ios keistenyb\u0117s privers nusibelsti Ulf\u0105 \u0161\u012fkart? Ai\u0161ku tik viena \u2013 \u0161i vieta u\u017egniau\u0161 kvap\u0105 ir jam, ir skaitytojams.\" \/>\n<meta property=\"og:url\" content=\"https:\/\/skaitytaknyga.lt\/en\/produktas\/vilkolakiukas-dolfas-superdolfas\/\" \/>\n<meta property=\"og:site_name\" content=\"Skaitytaknyga\" \/>\n<meta property=\"article:publisher\" content=\"https:\/\/www.facebook.com\/skaitytaknyga\/\" \/>\n<meta property=\"article:modified_time\" content=\"2025-06-26T12:39:19+00:00\" \/>\n<meta property=\"og:image\" content=\"https:\/\/skaitytaknyga.lt\/wp-content\/uploads\/2024\/07\/image_375.jpg\" \/>\n\t<meta property=\"og:image:width\" content=\"600\" \/>\n\t<meta property=\"og:image:height\" content=\"826\" \/>\n\t<meta property=\"og:image:type\" content=\"image\/jpeg\" \/>\n<meta name=\"twitter:card\" content=\"summary_large_image\" \/>\n<meta name=\"twitter:label1\" content=\"Estimated reading time\" \/>\n\t<meta name=\"twitter:data1\" content=\"1 minute\" \/>\n<script type=\"application\/ld+json\" class=\"yoast-schema-graph\">{\"@context\":\"https:\/\/schema.org\",\"@graph\":[{\"@type\":\"WebPage\",\"@id\":\"https:\/\/skaitytaknyga.lt\/produktas\/vilkolakiukas-dolfas-superdolfas\/\",\"url\":\"https:\/\/skaitytaknyga.lt\/produktas\/vilkolakiukas-dolfas-superdolfas\/\",\"name\":\"Ulfas ir povandeninis miestas\",\"isPartOf\":{\"@id\":\"https:\/\/skaitytaknyga.lt\/#website\"},\"primaryImageOfPage\":{\"@id\":\"https:\/\/skaitytaknyga.lt\/produktas\/vilkolakiukas-dolfas-superdolfas\/#primaryimage\"},\"image\":{\"@id\":\"https:\/\/skaitytaknyga.lt\/produktas\/vilkolakiukas-dolfas-superdolfas\/#primaryimage\"},\"thumbnailUrl\":\"https:\/\/skaitytaknyga.lt\/wp-content\/uploads\/2024\/07\/image_375.jpg\",\"datePublished\":\"2024-07-09T16:04:38+00:00\",\"dateModified\":\"2025-06-26T12:39:19+00:00\",\"description\":\"Pasibaigus Ulfo Mulfo pergalingiems nuotykiams, pama\u017eu nusl\u016bgsta vis\u0105 miestel\u012f ap\u0117musi euforija, o Ulfopotamijoje, rodos, su vasaros kaitra \u012fsivyrauja ir ramyb\u0117. Bet... neilgam. Pasirodo, miestelyje gyvena i\u0161davikas ir netrukus \u010dia ima d\u0117tis tokie \u0161iurp\u016bs dalykai, kad net patiems dr\u0105siausiems per nugar\u0105 b\u0117gioja \u0161altukas. \u012edomu, \u012f kur\u012f pasaulio kra\u0161t\u0105 \u0161ios keistenyb\u0117s privers nusibelsti Ulf\u0105 \u0161\u012fkart? Ai\u0161ku tik viena \u2013 \u0161i vieta u\u017egniau\u0161 kvap\u0105 ir jam, ir skaitytojams.\",\"breadcrumb\":{\"@id\":\"https:\/\/skaitytaknyga.lt\/produktas\/vilkolakiukas-dolfas-superdolfas\/#breadcrumb\"},\"inLanguage\":\"en-GB\",\"potentialAction\":[{\"@type\":\"ReadAction\",\"target\":[\"https:\/\/skaitytaknyga.lt\/produktas\/vilkolakiukas-dolfas-superdolfas\/\"]}]},{\"@type\":\"ImageObject\",\"inLanguage\":\"en-GB\",\"@id\":\"https:\/\/skaitytaknyga.lt\/produktas\/vilkolakiukas-dolfas-superdolfas\/#primaryimage\",\"url\":\"https:\/\/skaitytaknyga.lt\/wp-content\/uploads\/2024\/07\/image_375.jpg\",\"contentUrl\":\"https:\/\/skaitytaknyga.lt\/wp-content\/uploads\/2024\/07\/image_375.jpg\",\"width\":600,\"height\":826,\"caption\":\"Ulfas ir povandeninis miestas\"},{\"@type\":\"BreadcrumbList\",\"@id\":\"https:\/\/skaitytaknyga.lt\/produktas\/vilkolakiukas-dolfas-superdolfas\/#breadcrumb\",\"itemListElement\":[{\"@type\":\"ListItem\",\"position\":1,\"name\":\"Home\",\"item\":\"https:\/\/skaitytaknyga.lt\/\"},{\"@type\":\"ListItem\",\"position\":2,\"name\":\"Parduotuv\u0117\",\"item\":\"https:\/\/skaitytaknyga.lt\/knygu-parduotuve\/\"},{\"@type\":\"ListItem\",\"position\":3,\"name\":\"Ulfas ir povandeninis miestas\"}]},{\"@type\":\"WebSite\",\"@id\":\"https:\/\/skaitytaknyga.lt\/#website\",\"url\":\"https:\/\/skaitytaknyga.lt\/\",\"name\":\"skaitytaknyga.lt\",\"description\":\"Skaitytaknyga.lt \u2013 tai ma\u017eas \u0161eimos verslas, kuris prasid\u0117jo nuo meil\u0117s knygoms ir siekio i\u0161gelb\u0117ti knygas nuo likimo prie konteinerio. Kas vienam nereikalingas daiktas \u2013 kitam lobis, o mes esame tarpininkai, kurie padeda abiems tapti laimingesniems ???? \u017dinome kaip nelengva i\u0161gyventi ma\u017eiems verslams, tad nuo \u0161iol, \u010dia rasite ir kit\u0173, ma\u017e\u0173 \u0161eim\u0173 versl\u0173, rank\u0173 darbo, dovan\u0173 sau ir artimiesiems.\",\"publisher\":{\"@id\":\"https:\/\/skaitytaknyga.lt\/#organization\"},\"potentialAction\":[{\"@type\":\"SearchAction\",\"target\":{\"@type\":\"EntryPoint\",\"urlTemplate\":\"https:\/\/skaitytaknyga.lt\/?s={search_term_string}\"},\"query-input\":{\"@type\":\"PropertyValueSpecification\",\"valueRequired\":true,\"valueName\":\"search_term_string\"}}],\"inLanguage\":\"en-GB\"},{\"@type\":\"Organization\",\"@id\":\"https:\/\/skaitytaknyga.lt\/#organization\",\"name\":\"skaitytaknyga.lt\",\"url\":\"https:\/\/skaitytaknyga.lt\/\",\"logo\":{\"@type\":\"ImageObject\",\"inLanguage\":\"en-GB\",\"@id\":\"https:\/\/skaitytaknyga.lt\/#\/schema\/logo\/image\/\",\"url\":\"https:\/\/skaitytaknyga.lt\/wp-content\/uploads\/2024\/05\/cropped-cropped-cropped-02_00843_jt3bggkj1j3HLc7SyY6rEUpg.jpeg\",\"contentUrl\":\"https:\/\/skaitytaknyga.lt\/wp-content\/uploads\/2024\/05\/cropped-cropped-cropped-02_00843_jt3bggkj1j3HLc7SyY6rEUpg.jpeg\",\"width\":1600,\"height\":1600,\"caption\":\"skaitytaknyga.lt\"},\"image\":{\"@id\":\"https:\/\/skaitytaknyga.lt\/#\/schema\/logo\/image\/\"},\"sameAs\":[\"https:\/\/www.facebook.com\/skaitytaknyga\/\"]}]}<\/script>\n<!-- \/ Yoast SEO plugin. -->","yoast_head_json":{"title":"Ulfas ir povandeninis miestas","description":"Pasibaigus Ulfo Mulfo pergalingiems nuotykiams, pama\u017eu nusl\u016bgsta vis\u0105 miestel\u012f ap\u0117musi euforija, o Ulfopotamijoje, rodos, su vasaros kaitra \u012fsivyrauja ir ramyb\u0117. Bet... neilgam. Pasirodo, miestelyje gyvena i\u0161davikas ir netrukus \u010dia ima d\u0117tis tokie \u0161iurp\u016bs dalykai, kad net patiems dr\u0105siausiems per nugar\u0105 b\u0117gioja \u0161altukas. \u012edomu, \u012f kur\u012f pasaulio kra\u0161t\u0105 \u0161ios keistenyb\u0117s privers nusibelsti Ulf\u0105 \u0161\u012fkart? Ai\u0161ku tik viena \u2013 \u0161i vieta u\u017egniau\u0161 kvap\u0105 ir jam, ir skaitytojams.","robots":{"index":"index","follow":"follow","max-snippet":"max-snippet:-1","max-image-preview":"max-image-preview:large","max-video-preview":"max-video-preview:-1"},"canonical":"https:\/\/skaitytaknyga.lt\/en\/produktas\/vilkolakiukas-dolfas-superdolfas\/","og_locale":"en_GB","og_type":"article","og_title":"[:lt]Ulfas ir povandeninis miestas[:] - Skaitytaknyga","og_description":"Pasibaigus Ulfo Mulfo pergalingiems nuotykiams, pama\u017eu nusl\u016bgsta vis\u0105 miestel\u012f ap\u0117musi euforija, o Ulfopotamijoje, rodos, su vasaros kaitra \u012fsivyrauja ir ramyb\u0117. Bet... neilgam. Pasirodo, miestelyje gyvena i\u0161davikas ir netrukus \u010dia ima d\u0117tis tokie \u0161iurp\u016bs dalykai, kad net patiems dr\u0105siausiems per nugar\u0105 b\u0117gioja \u0161altukas. \u012edomu, \u012f kur\u012f pasaulio kra\u0161t\u0105 \u0161ios keistenyb\u0117s privers nusibelsti Ulf\u0105 \u0161\u012fkart? Ai\u0161ku tik viena \u2013 \u0161i vieta u\u017egniau\u0161 kvap\u0105 ir jam, ir skaitytojams.","og_url":"https:\/\/skaitytaknyga.lt\/en\/produktas\/vilkolakiukas-dolfas-superdolfas\/","og_site_name":"Skaitytaknyga","article_publisher":"https:\/\/www.facebook.com\/skaitytaknyga\/","article_modified_time":"2025-06-26T12:39:19+00:00","og_image":[{"width":600,"height":826,"url":"https:\/\/skaitytaknyga.lt\/wp-content\/uploads\/2024\/07\/image_375.jpg","type":"image\/jpeg"}],"twitter_card":"summary_large_image","twitter_misc":{"Estimated reading time":"1 minute"},"schema":{"@context":"https:\/\/schema.org","@graph":[{"@type":"WebPage","@id":"https:\/\/skaitytaknyga.lt\/produktas\/vilkolakiukas-dolfas-superdolfas\/","url":"https:\/\/skaitytaknyga.lt\/produktas\/vilkolakiukas-dolfas-superdolfas\/","name":"Ulfas ir povandeninis miestas","isPartOf":{"@id":"https:\/\/skaitytaknyga.lt\/#website"},"primaryImageOfPage":{"@id":"https:\/\/skaitytaknyga.lt\/produktas\/vilkolakiukas-dolfas-superdolfas\/#primaryimage"},"image":{"@id":"https:\/\/skaitytaknyga.lt\/produktas\/vilkolakiukas-dolfas-superdolfas\/#primaryimage"},"thumbnailUrl":"https:\/\/skaitytaknyga.lt\/wp-content\/uploads\/2024\/07\/image_375.jpg","datePublished":"2024-07-09T16:04:38+00:00","dateModified":"2025-06-26T12:39:19+00:00","description":"Pasibaigus Ulfo Mulfo pergalingiems nuotykiams, pama\u017eu nusl\u016bgsta vis\u0105 miestel\u012f ap\u0117musi euforija, o Ulfopotamijoje, rodos, su vasaros kaitra \u012fsivyrauja ir ramyb\u0117. Bet... neilgam. Pasirodo, miestelyje gyvena i\u0161davikas ir netrukus \u010dia ima d\u0117tis tokie \u0161iurp\u016bs dalykai, kad net patiems dr\u0105siausiems per nugar\u0105 b\u0117gioja \u0161altukas. \u012edomu, \u012f kur\u012f pasaulio kra\u0161t\u0105 \u0161ios keistenyb\u0117s privers nusibelsti Ulf\u0105 \u0161\u012fkart? Ai\u0161ku tik viena \u2013 \u0161i vieta u\u017egniau\u0161 kvap\u0105 ir jam, ir skaitytojams.","breadcrumb":{"@id":"https:\/\/skaitytaknyga.lt\/produktas\/vilkolakiukas-dolfas-superdolfas\/#breadcrumb"},"inLanguage":"en-GB","potentialAction":[{"@type":"ReadAction","target":["https:\/\/skaitytaknyga.lt\/produktas\/vilkolakiukas-dolfas-superdolfas\/"]}]},{"@type":"ImageObject","inLanguage":"en-GB","@id":"https:\/\/skaitytaknyga.lt\/produktas\/vilkolakiukas-dolfas-superdolfas\/#primaryimage","url":"https:\/\/skaitytaknyga.lt\/wp-content\/uploads\/2024\/07\/image_375.jpg","contentUrl":"https:\/\/skaitytaknyga.lt\/wp-content\/uploads\/2024\/07\/image_375.jpg","width":600,"height":826,"caption":"Ulfas ir povandeninis miestas"},{"@type":"BreadcrumbList","@id":"https:\/\/skaitytaknyga.lt\/produktas\/vilkolakiukas-dolfas-superdolfas\/#breadcrumb","itemListElement":[{"@type":"ListItem","position":1,"name":"Home","item":"https:\/\/skaitytaknyga.lt\/"},{"@type":"ListItem","position":2,"name":"Parduotuv\u0117","item":"https:\/\/skaitytaknyga.lt\/knygu-parduotuve\/"},{"@type":"ListItem","position":3,"name":"Ulfas ir povandeninis miestas"}]},{"@type":"WebSite","@id":"https:\/\/skaitytaknyga.lt\/#website","url":"https:\/\/skaitytaknyga.lt\/","name":"skaitytaknyga.lt","description":"Skaitytaknyga.lt \u2013 tai ma\u017eas \u0161eimos verslas, kuris prasid\u0117jo nuo meil\u0117s knygoms ir siekio i\u0161gelb\u0117ti knygas nuo likimo prie konteinerio. Kas vienam nereikalingas daiktas \u2013 kitam lobis, o mes esame tarpininkai, kurie padeda abiems tapti laimingesniems ???? \u017dinome kaip nelengva i\u0161gyventi ma\u017eiems verslams, tad nuo \u0161iol, \u010dia rasite ir kit\u0173, ma\u017e\u0173 \u0161eim\u0173 versl\u0173, rank\u0173 darbo, dovan\u0173 sau ir artimiesiems.","publisher":{"@id":"https:\/\/skaitytaknyga.lt\/#organization"},"potentialAction":[{"@type":"SearchAction","target":{"@type":"EntryPoint","urlTemplate":"https:\/\/skaitytaknyga.lt\/?s={search_term_string}"},"query-input":{"@type":"PropertyValueSpecification","valueRequired":true,"valueName":"search_term_string"}}],"inLanguage":"en-GB"},{"@type":"Organization","@id":"https:\/\/skaitytaknyga.lt\/#organization","name":"skaitytaknyga.lt","url":"https:\/\/skaitytaknyga.lt\/","logo":{"@type":"ImageObject","inLanguage":"en-GB","@id":"https:\/\/skaitytaknyga.lt\/#\/schema\/logo\/image\/","url":"https:\/\/skaitytaknyga.lt\/wp-content\/uploads\/2024\/05\/cropped-cropped-cropped-02_00843_jt3bggkj1j3HLc7SyY6rEUpg.jpeg","contentUrl":"https:\/\/skaitytaknyga.lt\/wp-content\/uploads\/2024\/05\/cropped-cropped-cropped-02_00843_jt3bggkj1j3HLc7SyY6rEUpg.jpeg","width":1600,"height":1600,"caption":"skaitytaknyga.lt"},"image":{"@id":"https:\/\/skaitytaknyga.lt\/#\/schema\/logo\/image\/"},"sameAs":["https:\/\/www.facebook.com\/skaitytaknyga\/"]}]}},"_links":{"self":[{"href":"https:\/\/skaitytaknyga.lt\/en\/wp-json\/wp\/v2\/product\/12532","targetHints":{"allow":["GET"]}}],"collection":[{"href":"https:\/\/skaitytaknyga.lt\/en\/wp-json\/wp\/v2\/product"}],"about":[{"href":"https:\/\/skaitytaknyga.lt\/en\/wp-json\/wp\/v2\/types\/product"}],"replies":[{"embeddable":true,"href":"https:\/\/skaitytaknyga.lt\/en\/wp-json\/wp\/v2\/comments?post=12532"}],"wp:featuredmedia":[{"embeddable":true,"href":"https:\/\/skaitytaknyga.lt\/en\/wp-json\/wp\/v2\/media\/12533"}],"wp:attachment":[{"href":"https:\/\/skaitytaknyga.lt\/en\/wp-json\/wp\/v2\/media?parent=12532"}],"wp:term":[{"taxonomy":"product_brand","embeddable":true,"href":"https:\/\/skaitytaknyga.lt\/en\/wp-json\/wp\/v2\/product_brand?post=12532"},{"taxonomy":"product_cat","embeddable":true,"href":"https:\/\/skaitytaknyga.lt\/en\/wp-json\/wp\/v2\/product_cat?post=12532"},{"taxonomy":"product_tag","embeddable":true,"href":"https:\/\/skaitytaknyga.lt\/en\/wp-json\/wp\/v2\/product_tag?post=12532"}],"curies":[{"name":"wp","href":"https:\/\/api.w.org\/{rel}","templated":true}]}}