{"id":12530,"date":"2024-07-09T19:01:41","date_gmt":"2024-07-09T16:01:41","guid":{"rendered":"https:\/\/skaitytaknyga.lt\/?post_type=product&#038;p=12530"},"modified":"2024-07-09T19:03:55","modified_gmt":"2024-07-09T16:03:55","slug":"vilkolakiukas-dolfas-sidabrine-iltis-kopija","status":"publish","type":"product","link":"https:\/\/skaitytaknyga.lt\/en\/produktas\/vilkolakiukas-dolfas-sidabrine-iltis-kopija\/","title":{"rendered":"Vilkolakiukas Dolfas. Superdolfas"},"content":{"rendered":"","protected":false},"excerpt":{"rendered":"<p>Sunku b\u016bti kitokiam. Ypa\u010d kai tave d\u0117l to smerkia ir nenori draugauti. O jei dar visi klas\u0117je taip elgiasi, nes i\u0161 niekur i\u0161dyg\u0119s naujokas taip liepia? \u010cia jau reikia b\u016bti ne \u0161iaip kitokiam. \u010cia reikia SUPERDOLFO pagalbos!?<\/p>\n","protected":false},"featured_media":12531,"comment_status":"closed","ping_status":"closed","template":"","meta":{"_acf_changed":false,"site-sidebar-layout":"default","site-content-layout":"","ast-site-content-layout":"default","site-content-style":"default","site-sidebar-style":"default","ast-global-header-display":"","ast-banner-title-visibility":"","ast-main-header-display":"","ast-hfb-above-header-display":"","ast-hfb-below-header-display":"","ast-hfb-mobile-header-display":"","site-post-title":"","ast-breadcrumbs-content":"","ast-featured-img":"","footer-sml-layout":"","ast-disable-related-posts":"","theme-transparent-header-meta":"default","adv-header-id-meta":"","stick-header-meta":"","header-above-stick-meta":"","header-main-stick-meta":"","header-below-stick-meta":"","astra-migrate-meta-layouts":"set","ast-page-background-enabled":"default","ast-page-background-meta":{"desktop":{"background-color":"","background-image":"","background-repeat":"repeat","background-position":"center center","background-size":"auto","background-attachment":"scroll","background-type":"","background-media":"","overlay-type":"","overlay-color":"","overlay-opacity":"","overlay-gradient":""},"tablet":{"background-color":"","background-image":"","background-repeat":"repeat","background-position":"center center","background-size":"auto","background-attachment":"scroll","background-type":"","background-media":"","overlay-type":"","overlay-color":"","overlay-opacity":"","overlay-gradient":""},"mobile":{"background-color":"","background-image":"","background-repeat":"repeat","background-position":"center center","background-size":"auto","background-attachment":"scroll","background-type":"","background-media":"","overlay-type":"","overlay-color":"","overlay-opacity":"","overlay-gradient":""}},"ast-content-background-meta":{"desktop":{"background-color":"var(--ast-global-color-4)","background-image":"","background-repeat":"repeat","background-position":"center center","background-size":"auto","background-attachment":"scroll","background-type":"","background-media":"","overlay-type":"","overlay-color":"","overlay-opacity":"","overlay-gradient":""},"tablet":{"background-color":"var(--ast-global-color-4)","background-image":"","background-repeat":"repeat","background-position":"center center","background-size":"auto","background-attachment":"scroll","background-type":"","background-media":"","overlay-type":"","overlay-color":"","overlay-opacity":"","overlay-gradient":""},"mobile":{"background-color":"var(--ast-global-color-4)","background-image":"","background-repeat":"repeat","background-position":"center center","background-size":"auto","background-attachment":"scroll","background-type":"","background-media":"","overlay-type":"","overlay-color":"","overlay-opacity":"","overlay-gradient":""}}},"product_brand":[],"product_cat":[35],"product_tag":[],"class_list":{"0":"post-12530","1":"product","2":"type-product","3":"status-publish","4":"has-post-thumbnail","6":"product_cat-vaikams-ir-paaugliams","7":"desktop-align-left","8":"tablet-align-left","9":"mobile-align-left","11":"first","12":"instock","13":"shipping-taxable","14":"purchasable","15":"product-type-simple"},"acf":[],"yoast_head":"<!-- This site is optimized with the Yoast SEO plugin v27.0 - https:\/\/yoast.com\/product\/yoast-seo-wordpress\/ -->\n<title>Vilkolakiukas Dolfas. Superdolfas<\/title>\n<meta name=\"description\" content=\"Sunku b\u016bti kitokiam. Ypa\u010d kai tave d\u0117l to smerkia ir nenori draugauti. O jei dar visi klas\u0117je taip elgiasi, nes i\u0161 niekur i\u0161dyg\u0119s naujokas taip liepia? \u010cia jau reikia b\u016bti ne \u0161iaip kitokiam. \u010cia reikia SUPERDOLFO pagalbos!?\" \/>\n<meta name=\"robots\" content=\"index, follow, max-snippet:-1, max-image-preview:large, max-video-preview:-1\" \/>\n<link rel=\"canonical\" href=\"https:\/\/skaitytaknyga.lt\/en\/produktas\/vilkolakiukas-dolfas-sidabrine-iltis-kopija\/\" \/>\n<meta property=\"og:locale\" content=\"en_GB\" \/>\n<meta property=\"og:locale:alternate\" content=\"lt_LT\" \/>\n<meta property=\"og:type\" content=\"article\" \/>\n<meta property=\"og:title\" content=\"Vilkolakiukas Dolfas. Superdolfas\" \/>\n<meta property=\"og:description\" content=\"Sunku b\u016bti kitokiam. Ypa\u010d kai tave d\u0117l to smerkia ir nenori draugauti. O jei dar visi klas\u0117je taip elgiasi, nes i\u0161 niekur i\u0161dyg\u0119s naujokas taip liepia? \u010cia jau reikia b\u016bti ne \u0161iaip kitokiam. \u010cia reikia SUPERDOLFO pagalbos!?\" \/>\n<meta property=\"og:url\" content=\"https:\/\/skaitytaknyga.lt\/en\/produktas\/vilkolakiukas-dolfas-sidabrine-iltis-kopija\/\" \/>\n<meta property=\"og:site_name\" content=\"Skaitytaknyga\" \/>\n<meta property=\"article:publisher\" content=\"https:\/\/www.facebook.com\/skaitytaknyga\/\" \/>\n<meta property=\"article:modified_time\" content=\"2024-07-09T16:03:55+00:00\" \/>\n<meta property=\"og:image\" content=\"https:\/\/skaitytaknyga.lt\/wp-content\/uploads\/2024\/07\/superdolfas.jpg\" \/>\n\t<meta property=\"og:image:width\" content=\"355\" \/>\n\t<meta property=\"og:image:height\" content=\"488\" \/>\n\t<meta property=\"og:image:type\" content=\"image\/jpeg\" \/>\n<meta name=\"twitter:card\" content=\"summary_large_image\" \/>\n<meta name=\"twitter:label1\" content=\"Estimated reading time\" \/>\n\t<meta name=\"twitter:data1\" content=\"1 minute\" \/>\n<script type=\"application\/ld+json\" class=\"yoast-schema-graph\">{\"@context\":\"https:\/\/schema.org\",\"@graph\":[{\"@type\":\"WebPage\",\"@id\":\"https:\/\/skaitytaknyga.lt\/produktas\/vilkolakiukas-dolfas-sidabrine-iltis-kopija\/\",\"url\":\"https:\/\/skaitytaknyga.lt\/produktas\/vilkolakiukas-dolfas-sidabrine-iltis-kopija\/\",\"name\":\"Vilkolakiukas Dolfas. Superdolfas\",\"isPartOf\":{\"@id\":\"https:\/\/skaitytaknyga.lt\/#website\"},\"primaryImageOfPage\":{\"@id\":\"https:\/\/skaitytaknyga.lt\/produktas\/vilkolakiukas-dolfas-sidabrine-iltis-kopija\/#primaryimage\"},\"image\":{\"@id\":\"https:\/\/skaitytaknyga.lt\/produktas\/vilkolakiukas-dolfas-sidabrine-iltis-kopija\/#primaryimage\"},\"thumbnailUrl\":\"https:\/\/skaitytaknyga.lt\/wp-content\/uploads\/2024\/07\/superdolfas.jpg\",\"datePublished\":\"2024-07-09T16:01:41+00:00\",\"dateModified\":\"2024-07-09T16:03:55+00:00\",\"description\":\"Sunku b\u016bti kitokiam. Ypa\u010d kai tave d\u0117l to smerkia ir nenori draugauti. O jei dar visi klas\u0117je taip elgiasi, nes i\u0161 niekur i\u0161dyg\u0119s naujokas taip liepia? \u010cia jau reikia b\u016bti ne \u0161iaip kitokiam. \u010cia reikia SUPERDOLFO pagalbos!?\",\"breadcrumb\":{\"@id\":\"https:\/\/skaitytaknyga.lt\/produktas\/vilkolakiukas-dolfas-sidabrine-iltis-kopija\/#breadcrumb\"},\"inLanguage\":\"en-GB\",\"potentialAction\":[{\"@type\":\"ReadAction\",\"target\":[\"https:\/\/skaitytaknyga.lt\/produktas\/vilkolakiukas-dolfas-sidabrine-iltis-kopija\/\"]}]},{\"@type\":\"ImageObject\",\"inLanguage\":\"en-GB\",\"@id\":\"https:\/\/skaitytaknyga.lt\/produktas\/vilkolakiukas-dolfas-sidabrine-iltis-kopija\/#primaryimage\",\"url\":\"https:\/\/skaitytaknyga.lt\/wp-content\/uploads\/2024\/07\/superdolfas.jpg\",\"contentUrl\":\"https:\/\/skaitytaknyga.lt\/wp-content\/uploads\/2024\/07\/superdolfas.jpg\",\"width\":355,\"height\":488,\"caption\":\"Vilkolakiukas Dolfas 9. Superdolfas\"},{\"@type\":\"BreadcrumbList\",\"@id\":\"https:\/\/skaitytaknyga.lt\/produktas\/vilkolakiukas-dolfas-sidabrine-iltis-kopija\/#breadcrumb\",\"itemListElement\":[{\"@type\":\"ListItem\",\"position\":1,\"name\":\"Home\",\"item\":\"https:\/\/skaitytaknyga.lt\/\"},{\"@type\":\"ListItem\",\"position\":2,\"name\":\"Parduotuv\u0117\",\"item\":\"https:\/\/skaitytaknyga.lt\/knygu-parduotuve\/\"},{\"@type\":\"ListItem\",\"position\":3,\"name\":\"Vilkolakiukas Dolfas. Superdolfas\"}]},{\"@type\":\"WebSite\",\"@id\":\"https:\/\/skaitytaknyga.lt\/#website\",\"url\":\"https:\/\/skaitytaknyga.lt\/\",\"name\":\"skaitytaknyga.lt\",\"description\":\"Skaitytaknyga.lt \u2013 tai ma\u017eas \u0161eimos verslas, kuris prasid\u0117jo nuo meil\u0117s knygoms ir siekio i\u0161gelb\u0117ti knygas nuo likimo prie konteinerio. Kas vienam nereikalingas daiktas \u2013 kitam lobis, o mes esame tarpininkai, kurie padeda abiems tapti laimingesniems ???? \u017dinome kaip nelengva i\u0161gyventi ma\u017eiems verslams, tad nuo \u0161iol, \u010dia rasite ir kit\u0173, ma\u017e\u0173 \u0161eim\u0173 versl\u0173, rank\u0173 darbo, dovan\u0173 sau ir artimiesiems.\",\"publisher\":{\"@id\":\"https:\/\/skaitytaknyga.lt\/#organization\"},\"potentialAction\":[{\"@type\":\"SearchAction\",\"target\":{\"@type\":\"EntryPoint\",\"urlTemplate\":\"https:\/\/skaitytaknyga.lt\/?s={search_term_string}\"},\"query-input\":{\"@type\":\"PropertyValueSpecification\",\"valueRequired\":true,\"valueName\":\"search_term_string\"}}],\"inLanguage\":\"en-GB\"},{\"@type\":\"Organization\",\"@id\":\"https:\/\/skaitytaknyga.lt\/#organization\",\"name\":\"skaitytaknyga.lt\",\"url\":\"https:\/\/skaitytaknyga.lt\/\",\"logo\":{\"@type\":\"ImageObject\",\"inLanguage\":\"en-GB\",\"@id\":\"https:\/\/skaitytaknyga.lt\/#\/schema\/logo\/image\/\",\"url\":\"https:\/\/skaitytaknyga.lt\/wp-content\/uploads\/2024\/05\/cropped-cropped-cropped-02_00843_jt3bggkj1j3HLc7SyY6rEUpg.jpeg\",\"contentUrl\":\"https:\/\/skaitytaknyga.lt\/wp-content\/uploads\/2024\/05\/cropped-cropped-cropped-02_00843_jt3bggkj1j3HLc7SyY6rEUpg.jpeg\",\"width\":1600,\"height\":1600,\"caption\":\"skaitytaknyga.lt\"},\"image\":{\"@id\":\"https:\/\/skaitytaknyga.lt\/#\/schema\/logo\/image\/\"},\"sameAs\":[\"https:\/\/www.facebook.com\/skaitytaknyga\/\"]}]}<\/script>\n<!-- \/ Yoast SEO plugin. -->","yoast_head_json":{"title":"Vilkolakiukas Dolfas. Superdolfas","description":"Sunku b\u016bti kitokiam. Ypa\u010d kai tave d\u0117l to smerkia ir nenori draugauti. O jei dar visi klas\u0117je taip elgiasi, nes i\u0161 niekur i\u0161dyg\u0119s naujokas taip liepia? \u010cia jau reikia b\u016bti ne \u0161iaip kitokiam. \u010cia reikia SUPERDOLFO pagalbos!?","robots":{"index":"index","follow":"follow","max-snippet":"max-snippet:-1","max-image-preview":"max-image-preview:large","max-video-preview":"max-video-preview:-1"},"canonical":"https:\/\/skaitytaknyga.lt\/en\/produktas\/vilkolakiukas-dolfas-sidabrine-iltis-kopija\/","og_locale":"en_GB","og_type":"article","og_title":"[:lt]Vilkolakiukas Dolfas. Superdolfas[:] - Skaitytaknyga","og_description":"Sunku b\u016bti kitokiam. Ypa\u010d kai tave d\u0117l to smerkia ir nenori draugauti. O jei dar visi klas\u0117je taip elgiasi, nes i\u0161 niekur i\u0161dyg\u0119s naujokas taip liepia? \u010cia jau reikia b\u016bti ne \u0161iaip kitokiam. \u010cia reikia SUPERDOLFO pagalbos!?","og_url":"https:\/\/skaitytaknyga.lt\/en\/produktas\/vilkolakiukas-dolfas-sidabrine-iltis-kopija\/","og_site_name":"Skaitytaknyga","article_publisher":"https:\/\/www.facebook.com\/skaitytaknyga\/","article_modified_time":"2024-07-09T16:03:55+00:00","og_image":[{"width":355,"height":488,"url":"https:\/\/skaitytaknyga.lt\/wp-content\/uploads\/2024\/07\/superdolfas.jpg","type":"image\/jpeg"}],"twitter_card":"summary_large_image","twitter_misc":{"Estimated reading time":"1 minute"},"schema":{"@context":"https:\/\/schema.org","@graph":[{"@type":"WebPage","@id":"https:\/\/skaitytaknyga.lt\/produktas\/vilkolakiukas-dolfas-sidabrine-iltis-kopija\/","url":"https:\/\/skaitytaknyga.lt\/produktas\/vilkolakiukas-dolfas-sidabrine-iltis-kopija\/","name":"Vilkolakiukas Dolfas. Superdolfas","isPartOf":{"@id":"https:\/\/skaitytaknyga.lt\/#website"},"primaryImageOfPage":{"@id":"https:\/\/skaitytaknyga.lt\/produktas\/vilkolakiukas-dolfas-sidabrine-iltis-kopija\/#primaryimage"},"image":{"@id":"https:\/\/skaitytaknyga.lt\/produktas\/vilkolakiukas-dolfas-sidabrine-iltis-kopija\/#primaryimage"},"thumbnailUrl":"https:\/\/skaitytaknyga.lt\/wp-content\/uploads\/2024\/07\/superdolfas.jpg","datePublished":"2024-07-09T16:01:41+00:00","dateModified":"2024-07-09T16:03:55+00:00","description":"Sunku b\u016bti kitokiam. Ypa\u010d kai tave d\u0117l to smerkia ir nenori draugauti. O jei dar visi klas\u0117je taip elgiasi, nes i\u0161 niekur i\u0161dyg\u0119s naujokas taip liepia? \u010cia jau reikia b\u016bti ne \u0161iaip kitokiam. \u010cia reikia SUPERDOLFO pagalbos!?","breadcrumb":{"@id":"https:\/\/skaitytaknyga.lt\/produktas\/vilkolakiukas-dolfas-sidabrine-iltis-kopija\/#breadcrumb"},"inLanguage":"en-GB","potentialAction":[{"@type":"ReadAction","target":["https:\/\/skaitytaknyga.lt\/produktas\/vilkolakiukas-dolfas-sidabrine-iltis-kopija\/"]}]},{"@type":"ImageObject","inLanguage":"en-GB","@id":"https:\/\/skaitytaknyga.lt\/produktas\/vilkolakiukas-dolfas-sidabrine-iltis-kopija\/#primaryimage","url":"https:\/\/skaitytaknyga.lt\/wp-content\/uploads\/2024\/07\/superdolfas.jpg","contentUrl":"https:\/\/skaitytaknyga.lt\/wp-content\/uploads\/2024\/07\/superdolfas.jpg","width":355,"height":488,"caption":"Vilkolakiukas Dolfas 9. Superdolfas"},{"@type":"BreadcrumbList","@id":"https:\/\/skaitytaknyga.lt\/produktas\/vilkolakiukas-dolfas-sidabrine-iltis-kopija\/#breadcrumb","itemListElement":[{"@type":"ListItem","position":1,"name":"Home","item":"https:\/\/skaitytaknyga.lt\/"},{"@type":"ListItem","position":2,"name":"Parduotuv\u0117","item":"https:\/\/skaitytaknyga.lt\/knygu-parduotuve\/"},{"@type":"ListItem","position":3,"name":"Vilkolakiukas Dolfas. Superdolfas"}]},{"@type":"WebSite","@id":"https:\/\/skaitytaknyga.lt\/#website","url":"https:\/\/skaitytaknyga.lt\/","name":"skaitytaknyga.lt","description":"Skaitytaknyga.lt \u2013 tai ma\u017eas \u0161eimos verslas, kuris prasid\u0117jo nuo meil\u0117s knygoms ir siekio i\u0161gelb\u0117ti knygas nuo likimo prie konteinerio. Kas vienam nereikalingas daiktas \u2013 kitam lobis, o mes esame tarpininkai, kurie padeda abiems tapti laimingesniems ???? \u017dinome kaip nelengva i\u0161gyventi ma\u017eiems verslams, tad nuo \u0161iol, \u010dia rasite ir kit\u0173, ma\u017e\u0173 \u0161eim\u0173 versl\u0173, rank\u0173 darbo, dovan\u0173 sau ir artimiesiems.","publisher":{"@id":"https:\/\/skaitytaknyga.lt\/#organization"},"potentialAction":[{"@type":"SearchAction","target":{"@type":"EntryPoint","urlTemplate":"https:\/\/skaitytaknyga.lt\/?s={search_term_string}"},"query-input":{"@type":"PropertyValueSpecification","valueRequired":true,"valueName":"search_term_string"}}],"inLanguage":"en-GB"},{"@type":"Organization","@id":"https:\/\/skaitytaknyga.lt\/#organization","name":"skaitytaknyga.lt","url":"https:\/\/skaitytaknyga.lt\/","logo":{"@type":"ImageObject","inLanguage":"en-GB","@id":"https:\/\/skaitytaknyga.lt\/#\/schema\/logo\/image\/","url":"https:\/\/skaitytaknyga.lt\/wp-content\/uploads\/2024\/05\/cropped-cropped-cropped-02_00843_jt3bggkj1j3HLc7SyY6rEUpg.jpeg","contentUrl":"https:\/\/skaitytaknyga.lt\/wp-content\/uploads\/2024\/05\/cropped-cropped-cropped-02_00843_jt3bggkj1j3HLc7SyY6rEUpg.jpeg","width":1600,"height":1600,"caption":"skaitytaknyga.lt"},"image":{"@id":"https:\/\/skaitytaknyga.lt\/#\/schema\/logo\/image\/"},"sameAs":["https:\/\/www.facebook.com\/skaitytaknyga\/"]}]}},"_links":{"self":[{"href":"https:\/\/skaitytaknyga.lt\/en\/wp-json\/wp\/v2\/product\/12530","targetHints":{"allow":["GET"]}}],"collection":[{"href":"https:\/\/skaitytaknyga.lt\/en\/wp-json\/wp\/v2\/product"}],"about":[{"href":"https:\/\/skaitytaknyga.lt\/en\/wp-json\/wp\/v2\/types\/product"}],"replies":[{"embeddable":true,"href":"https:\/\/skaitytaknyga.lt\/en\/wp-json\/wp\/v2\/comments?post=12530"}],"wp:featuredmedia":[{"embeddable":true,"href":"https:\/\/skaitytaknyga.lt\/en\/wp-json\/wp\/v2\/media\/12531"}],"wp:attachment":[{"href":"https:\/\/skaitytaknyga.lt\/en\/wp-json\/wp\/v2\/media?parent=12530"}],"wp:term":[{"taxonomy":"product_brand","embeddable":true,"href":"https:\/\/skaitytaknyga.lt\/en\/wp-json\/wp\/v2\/product_brand?post=12530"},{"taxonomy":"product_cat","embeddable":true,"href":"https:\/\/skaitytaknyga.lt\/en\/wp-json\/wp\/v2\/product_cat?post=12530"},{"taxonomy":"product_tag","embeddable":true,"href":"https:\/\/skaitytaknyga.lt\/en\/wp-json\/wp\/v2\/product_tag?post=12530"}],"curies":[{"name":"wp","href":"https:\/\/api.w.org\/{rel}","templated":true}]}}