{"id":12528,"date":"2024-07-09T18:58:27","date_gmt":"2024-07-09T15:58:27","guid":{"rendered":"https:\/\/skaitytaknyga.lt\/?post_type=product&#038;p=12528"},"modified":"2024-07-09T19:00:06","modified_gmt":"2024-07-09T16:00:06","slug":"astrid-lindgren-pepe-ilgakojine-2","status":"publish","type":"product","link":"https:\/\/skaitytaknyga.lt\/en\/produktas\/astrid-lindgren-pepe-ilgakojine-2\/","title":{"rendered":"Lois Lowry \u201e\u017diniane\u0161ys\u201c"},"content":{"rendered":"","protected":false},"excerpt":{"rendered":"<p>Miestelio ramyb\u0117 sudrumsta. Utopin\u0117 jo bendruomen\u0117 anks\u010diau mielai \u012fsileisdavo kiekvien\u0105 atvyk\u0117l\u012f, o \u0161tai netrukus kelias \u012f Miestel\u012f svetim\u0161aliams bus atkirstas. Nedaug kas, be Matijo, gali pereiti gr\u0117sming\u0105j\u012f Mi\u0161k\u0105, tod\u0117l jam ir tenka i\u0161ne\u0161ioti prane\u0161imus, kad Miestelis bus u\u017edarytas, ir pasistengti \u012fkalb\u0117ti Ai\u0161kiaregio dukr\u0105 Kir\u0105, kol dar nev\u0117lu, gr\u012f\u017eti kartu su juo. Bet \u0161\u012fkart ir Matijui Mi\u0161kas labai prie\u0161i\u0161kas, skindamasis per j\u012f keli\u0105, vaikinas stato savo gyvenim\u0105 ant kortos.<\/p>\n","protected":false},"featured_media":12529,"comment_status":"closed","ping_status":"closed","template":"","meta":{"_acf_changed":false,"site-sidebar-layout":"default","site-content-layout":"","ast-site-content-layout":"default","site-content-style":"default","site-sidebar-style":"default","ast-global-header-display":"","ast-banner-title-visibility":"","ast-main-header-display":"","ast-hfb-above-header-display":"","ast-hfb-below-header-display":"","ast-hfb-mobile-header-display":"","site-post-title":"","ast-breadcrumbs-content":"","ast-featured-img":"","footer-sml-layout":"","ast-disable-related-posts":"","theme-transparent-header-meta":"default","adv-header-id-meta":"","stick-header-meta":"","header-above-stick-meta":"","header-main-stick-meta":"","header-below-stick-meta":"","astra-migrate-meta-layouts":"set","ast-page-background-enabled":"default","ast-page-background-meta":{"desktop":{"background-color":"","background-image":"","background-repeat":"repeat","background-position":"center center","background-size":"auto","background-attachment":"scroll","background-type":"","background-media":"","overlay-type":"","overlay-color":"","overlay-opacity":"","overlay-gradient":""},"tablet":{"background-color":"","background-image":"","background-repeat":"repeat","background-position":"center center","background-size":"auto","background-attachment":"scroll","background-type":"","background-media":"","overlay-type":"","overlay-color":"","overlay-opacity":"","overlay-gradient":""},"mobile":{"background-color":"","background-image":"","background-repeat":"repeat","background-position":"center center","background-size":"auto","background-attachment":"scroll","background-type":"","background-media":"","overlay-type":"","overlay-color":"","overlay-opacity":"","overlay-gradient":""}},"ast-content-background-meta":{"desktop":{"background-color":"var(--ast-global-color-4)","background-image":"","background-repeat":"repeat","background-position":"center center","background-size":"auto","background-attachment":"scroll","background-type":"","background-media":"","overlay-type":"","overlay-color":"","overlay-opacity":"","overlay-gradient":""},"tablet":{"background-color":"var(--ast-global-color-4)","background-image":"","background-repeat":"repeat","background-position":"center center","background-size":"auto","background-attachment":"scroll","background-type":"","background-media":"","overlay-type":"","overlay-color":"","overlay-opacity":"","overlay-gradient":""},"mobile":{"background-color":"var(--ast-global-color-4)","background-image":"","background-repeat":"repeat","background-position":"center center","background-size":"auto","background-attachment":"scroll","background-type":"","background-media":"","overlay-type":"","overlay-color":"","overlay-opacity":"","overlay-gradient":""}}},"product_brand":[],"product_cat":[35],"product_tag":[],"class_list":{"0":"post-12528","1":"product","2":"type-product","3":"status-publish","4":"has-post-thumbnail","6":"product_cat-vaikams-ir-paaugliams","7":"desktop-align-left","8":"tablet-align-left","9":"mobile-align-left","11":"first","12":"instock","13":"shipping-taxable","14":"purchasable","15":"product-type-simple"},"acf":[],"yoast_head":"<!-- This site is optimized with the Yoast SEO plugin v27.0 - https:\/\/yoast.com\/product\/yoast-seo-wordpress\/ -->\n<title>Lois Lowry \u201e\u017diniane\u0161ys\u201c<\/title>\n<meta name=\"description\" content=\"Miestelio ramyb\u0117 sudrumsta. Utopin\u0117 jo bendruomen\u0117 anks\u010diau mielai \u012fsileisdavo kiekvien\u0105 atvyk\u0117l\u012f, o \u0161tai netrukus kelias \u012f Miestel\u012f svetim\u0161aliams bus atkirstas. Nedaug kas, be Matijo, gali pereiti gr\u0117sming\u0105j\u012f Mi\u0161k\u0105, tod\u0117l jam ir tenka i\u0161ne\u0161ioti prane\u0161imus, kad Miestelis bus u\u017edarytas, ir pasistengti \u012fkalb\u0117ti Ai\u0161kiaregio dukr\u0105 Kir\u0105, kol dar nev\u0117lu, gr\u012f\u017eti kartu su juo. Bet \u0161\u012fkart ir Matijui Mi\u0161kas labai prie\u0161i\u0161kas, skindamasis per j\u012f keli\u0105, vaikinas stato savo gyvenim\u0105 ant kortos.\" \/>\n<meta name=\"robots\" content=\"index, follow, max-snippet:-1, max-image-preview:large, max-video-preview:-1\" \/>\n<link rel=\"canonical\" href=\"https:\/\/skaitytaknyga.lt\/en\/produktas\/astrid-lindgren-pepe-ilgakojine-2\/\" \/>\n<meta property=\"og:locale\" content=\"en_GB\" \/>\n<meta property=\"og:locale:alternate\" content=\"lt_LT\" \/>\n<meta property=\"og:type\" content=\"article\" \/>\n<meta property=\"og:title\" content=\"Lois Lowry \u201e\u017diniane\u0161ys\u201c\" \/>\n<meta property=\"og:description\" content=\"Miestelio ramyb\u0117 sudrumsta. Utopin\u0117 jo bendruomen\u0117 anks\u010diau mielai \u012fsileisdavo kiekvien\u0105 atvyk\u0117l\u012f, o \u0161tai netrukus kelias \u012f Miestel\u012f svetim\u0161aliams bus atkirstas. Nedaug kas, be Matijo, gali pereiti gr\u0117sming\u0105j\u012f Mi\u0161k\u0105, tod\u0117l jam ir tenka i\u0161ne\u0161ioti prane\u0161imus, kad Miestelis bus u\u017edarytas, ir pasistengti \u012fkalb\u0117ti Ai\u0161kiaregio dukr\u0105 Kir\u0105, kol dar nev\u0117lu, gr\u012f\u017eti kartu su juo. Bet \u0161\u012fkart ir Matijui Mi\u0161kas labai prie\u0161i\u0161kas, skindamasis per j\u012f keli\u0105, vaikinas stato savo gyvenim\u0105 ant kortos.\" \/>\n<meta property=\"og:url\" content=\"https:\/\/skaitytaknyga.lt\/en\/produktas\/astrid-lindgren-pepe-ilgakojine-2\/\" \/>\n<meta property=\"og:site_name\" content=\"Skaitytaknyga\" \/>\n<meta property=\"article:publisher\" content=\"https:\/\/www.facebook.com\/skaitytaknyga\/\" \/>\n<meta property=\"article:modified_time\" content=\"2024-07-09T16:00:06+00:00\" \/>\n<meta property=\"og:image\" content=\"https:\/\/skaitytaknyga.lt\/wp-content\/uploads\/2024\/07\/image_1382-1.jpg\" \/>\n\t<meta property=\"og:image:width\" content=\"432\" \/>\n\t<meta property=\"og:image:height\" content=\"600\" \/>\n\t<meta property=\"og:image:type\" content=\"image\/jpeg\" \/>\n<meta name=\"twitter:card\" content=\"summary_large_image\" \/>\n<meta name=\"twitter:label1\" content=\"Estimated reading time\" \/>\n\t<meta name=\"twitter:data1\" content=\"1 minute\" \/>\n<script type=\"application\/ld+json\" class=\"yoast-schema-graph\">{\"@context\":\"https:\/\/schema.org\",\"@graph\":[{\"@type\":\"WebPage\",\"@id\":\"https:\/\/skaitytaknyga.lt\/produktas\/astrid-lindgren-pepe-ilgakojine-2\/\",\"url\":\"https:\/\/skaitytaknyga.lt\/produktas\/astrid-lindgren-pepe-ilgakojine-2\/\",\"name\":\"Lois Lowry \u201e\u017diniane\u0161ys\u201c\",\"isPartOf\":{\"@id\":\"https:\/\/skaitytaknyga.lt\/#website\"},\"primaryImageOfPage\":{\"@id\":\"https:\/\/skaitytaknyga.lt\/produktas\/astrid-lindgren-pepe-ilgakojine-2\/#primaryimage\"},\"image\":{\"@id\":\"https:\/\/skaitytaknyga.lt\/produktas\/astrid-lindgren-pepe-ilgakojine-2\/#primaryimage\"},\"thumbnailUrl\":\"https:\/\/skaitytaknyga.lt\/wp-content\/uploads\/2024\/07\/image_1382-1.jpg\",\"datePublished\":\"2024-07-09T15:58:27+00:00\",\"dateModified\":\"2024-07-09T16:00:06+00:00\",\"description\":\"Miestelio ramyb\u0117 sudrumsta. Utopin\u0117 jo bendruomen\u0117 anks\u010diau mielai \u012fsileisdavo kiekvien\u0105 atvyk\u0117l\u012f, o \u0161tai netrukus kelias \u012f Miestel\u012f svetim\u0161aliams bus atkirstas. Nedaug kas, be Matijo, gali pereiti gr\u0117sming\u0105j\u012f Mi\u0161k\u0105, tod\u0117l jam ir tenka i\u0161ne\u0161ioti prane\u0161imus, kad Miestelis bus u\u017edarytas, ir pasistengti \u012fkalb\u0117ti Ai\u0161kiaregio dukr\u0105 Kir\u0105, kol dar nev\u0117lu, gr\u012f\u017eti kartu su juo. Bet \u0161\u012fkart ir Matijui Mi\u0161kas labai prie\u0161i\u0161kas, skindamasis per j\u012f keli\u0105, vaikinas stato savo gyvenim\u0105 ant kortos.\",\"breadcrumb\":{\"@id\":\"https:\/\/skaitytaknyga.lt\/produktas\/astrid-lindgren-pepe-ilgakojine-2\/#breadcrumb\"},\"inLanguage\":\"en-GB\",\"potentialAction\":[{\"@type\":\"ReadAction\",\"target\":[\"https:\/\/skaitytaknyga.lt\/produktas\/astrid-lindgren-pepe-ilgakojine-2\/\"]}]},{\"@type\":\"ImageObject\",\"inLanguage\":\"en-GB\",\"@id\":\"https:\/\/skaitytaknyga.lt\/produktas\/astrid-lindgren-pepe-ilgakojine-2\/#primaryimage\",\"url\":\"https:\/\/skaitytaknyga.lt\/wp-content\/uploads\/2024\/07\/image_1382-1.jpg\",\"contentUrl\":\"https:\/\/skaitytaknyga.lt\/wp-content\/uploads\/2024\/07\/image_1382-1.jpg\",\"width\":432,\"height\":600,\"caption\":\"\u017diniane\u0161ys\"},{\"@type\":\"BreadcrumbList\",\"@id\":\"https:\/\/skaitytaknyga.lt\/produktas\/astrid-lindgren-pepe-ilgakojine-2\/#breadcrumb\",\"itemListElement\":[{\"@type\":\"ListItem\",\"position\":1,\"name\":\"Home\",\"item\":\"https:\/\/skaitytaknyga.lt\/\"},{\"@type\":\"ListItem\",\"position\":2,\"name\":\"Parduotuv\u0117\",\"item\":\"https:\/\/skaitytaknyga.lt\/knygu-parduotuve\/\"},{\"@type\":\"ListItem\",\"position\":3,\"name\":\"Lois Lowry \u201e\u017diniane\u0161ys\u201c\"}]},{\"@type\":\"WebSite\",\"@id\":\"https:\/\/skaitytaknyga.lt\/#website\",\"url\":\"https:\/\/skaitytaknyga.lt\/\",\"name\":\"skaitytaknyga.lt\",\"description\":\"Skaitytaknyga.lt \u2013 tai ma\u017eas \u0161eimos verslas, kuris prasid\u0117jo nuo meil\u0117s knygoms ir siekio i\u0161gelb\u0117ti knygas nuo likimo prie konteinerio. Kas vienam nereikalingas daiktas \u2013 kitam lobis, o mes esame tarpininkai, kurie padeda abiems tapti laimingesniems ???? \u017dinome kaip nelengva i\u0161gyventi ma\u017eiems verslams, tad nuo \u0161iol, \u010dia rasite ir kit\u0173, ma\u017e\u0173 \u0161eim\u0173 versl\u0173, rank\u0173 darbo, dovan\u0173 sau ir artimiesiems.\",\"publisher\":{\"@id\":\"https:\/\/skaitytaknyga.lt\/#organization\"},\"potentialAction\":[{\"@type\":\"SearchAction\",\"target\":{\"@type\":\"EntryPoint\",\"urlTemplate\":\"https:\/\/skaitytaknyga.lt\/?s={search_term_string}\"},\"query-input\":{\"@type\":\"PropertyValueSpecification\",\"valueRequired\":true,\"valueName\":\"search_term_string\"}}],\"inLanguage\":\"en-GB\"},{\"@type\":\"Organization\",\"@id\":\"https:\/\/skaitytaknyga.lt\/#organization\",\"name\":\"skaitytaknyga.lt\",\"url\":\"https:\/\/skaitytaknyga.lt\/\",\"logo\":{\"@type\":\"ImageObject\",\"inLanguage\":\"en-GB\",\"@id\":\"https:\/\/skaitytaknyga.lt\/#\/schema\/logo\/image\/\",\"url\":\"https:\/\/skaitytaknyga.lt\/wp-content\/uploads\/2024\/05\/cropped-cropped-cropped-02_00843_jt3bggkj1j3HLc7SyY6rEUpg.jpeg\",\"contentUrl\":\"https:\/\/skaitytaknyga.lt\/wp-content\/uploads\/2024\/05\/cropped-cropped-cropped-02_00843_jt3bggkj1j3HLc7SyY6rEUpg.jpeg\",\"width\":1600,\"height\":1600,\"caption\":\"skaitytaknyga.lt\"},\"image\":{\"@id\":\"https:\/\/skaitytaknyga.lt\/#\/schema\/logo\/image\/\"},\"sameAs\":[\"https:\/\/www.facebook.com\/skaitytaknyga\/\"]}]}<\/script>\n<!-- \/ Yoast SEO plugin. -->","yoast_head_json":{"title":"Lois Lowry \u201e\u017diniane\u0161ys\u201c","description":"Miestelio ramyb\u0117 sudrumsta. Utopin\u0117 jo bendruomen\u0117 anks\u010diau mielai \u012fsileisdavo kiekvien\u0105 atvyk\u0117l\u012f, o \u0161tai netrukus kelias \u012f Miestel\u012f svetim\u0161aliams bus atkirstas. Nedaug kas, be Matijo, gali pereiti gr\u0117sming\u0105j\u012f Mi\u0161k\u0105, tod\u0117l jam ir tenka i\u0161ne\u0161ioti prane\u0161imus, kad Miestelis bus u\u017edarytas, ir pasistengti \u012fkalb\u0117ti Ai\u0161kiaregio dukr\u0105 Kir\u0105, kol dar nev\u0117lu, gr\u012f\u017eti kartu su juo. Bet \u0161\u012fkart ir Matijui Mi\u0161kas labai prie\u0161i\u0161kas, skindamasis per j\u012f keli\u0105, vaikinas stato savo gyvenim\u0105 ant kortos.","robots":{"index":"index","follow":"follow","max-snippet":"max-snippet:-1","max-image-preview":"max-image-preview:large","max-video-preview":"max-video-preview:-1"},"canonical":"https:\/\/skaitytaknyga.lt\/en\/produktas\/astrid-lindgren-pepe-ilgakojine-2\/","og_locale":"en_GB","og_type":"article","og_title":"[:lt]Lois Lowry \u201e\u017diniane\u0161ys\u201c[:] - Skaitytaknyga","og_description":"Miestelio ramyb\u0117 sudrumsta. Utopin\u0117 jo bendruomen\u0117 anks\u010diau mielai \u012fsileisdavo kiekvien\u0105 atvyk\u0117l\u012f, o \u0161tai netrukus kelias \u012f Miestel\u012f svetim\u0161aliams bus atkirstas. Nedaug kas, be Matijo, gali pereiti gr\u0117sming\u0105j\u012f Mi\u0161k\u0105, tod\u0117l jam ir tenka i\u0161ne\u0161ioti prane\u0161imus, kad Miestelis bus u\u017edarytas, ir pasistengti \u012fkalb\u0117ti Ai\u0161kiaregio dukr\u0105 Kir\u0105, kol dar nev\u0117lu, gr\u012f\u017eti kartu su juo. Bet \u0161\u012fkart ir Matijui Mi\u0161kas labai prie\u0161i\u0161kas, skindamasis per j\u012f keli\u0105, vaikinas stato savo gyvenim\u0105 ant kortos.","og_url":"https:\/\/skaitytaknyga.lt\/en\/produktas\/astrid-lindgren-pepe-ilgakojine-2\/","og_site_name":"Skaitytaknyga","article_publisher":"https:\/\/www.facebook.com\/skaitytaknyga\/","article_modified_time":"2024-07-09T16:00:06+00:00","og_image":[{"width":432,"height":600,"url":"https:\/\/skaitytaknyga.lt\/wp-content\/uploads\/2024\/07\/image_1382-1.jpg","type":"image\/jpeg"}],"twitter_card":"summary_large_image","twitter_misc":{"Estimated reading time":"1 minute"},"schema":{"@context":"https:\/\/schema.org","@graph":[{"@type":"WebPage","@id":"https:\/\/skaitytaknyga.lt\/produktas\/astrid-lindgren-pepe-ilgakojine-2\/","url":"https:\/\/skaitytaknyga.lt\/produktas\/astrid-lindgren-pepe-ilgakojine-2\/","name":"Lois Lowry \u201e\u017diniane\u0161ys\u201c","isPartOf":{"@id":"https:\/\/skaitytaknyga.lt\/#website"},"primaryImageOfPage":{"@id":"https:\/\/skaitytaknyga.lt\/produktas\/astrid-lindgren-pepe-ilgakojine-2\/#primaryimage"},"image":{"@id":"https:\/\/skaitytaknyga.lt\/produktas\/astrid-lindgren-pepe-ilgakojine-2\/#primaryimage"},"thumbnailUrl":"https:\/\/skaitytaknyga.lt\/wp-content\/uploads\/2024\/07\/image_1382-1.jpg","datePublished":"2024-07-09T15:58:27+00:00","dateModified":"2024-07-09T16:00:06+00:00","description":"Miestelio ramyb\u0117 sudrumsta. Utopin\u0117 jo bendruomen\u0117 anks\u010diau mielai \u012fsileisdavo kiekvien\u0105 atvyk\u0117l\u012f, o \u0161tai netrukus kelias \u012f Miestel\u012f svetim\u0161aliams bus atkirstas. Nedaug kas, be Matijo, gali pereiti gr\u0117sming\u0105j\u012f Mi\u0161k\u0105, tod\u0117l jam ir tenka i\u0161ne\u0161ioti prane\u0161imus, kad Miestelis bus u\u017edarytas, ir pasistengti \u012fkalb\u0117ti Ai\u0161kiaregio dukr\u0105 Kir\u0105, kol dar nev\u0117lu, gr\u012f\u017eti kartu su juo. Bet \u0161\u012fkart ir Matijui Mi\u0161kas labai prie\u0161i\u0161kas, skindamasis per j\u012f keli\u0105, vaikinas stato savo gyvenim\u0105 ant kortos.","breadcrumb":{"@id":"https:\/\/skaitytaknyga.lt\/produktas\/astrid-lindgren-pepe-ilgakojine-2\/#breadcrumb"},"inLanguage":"en-GB","potentialAction":[{"@type":"ReadAction","target":["https:\/\/skaitytaknyga.lt\/produktas\/astrid-lindgren-pepe-ilgakojine-2\/"]}]},{"@type":"ImageObject","inLanguage":"en-GB","@id":"https:\/\/skaitytaknyga.lt\/produktas\/astrid-lindgren-pepe-ilgakojine-2\/#primaryimage","url":"https:\/\/skaitytaknyga.lt\/wp-content\/uploads\/2024\/07\/image_1382-1.jpg","contentUrl":"https:\/\/skaitytaknyga.lt\/wp-content\/uploads\/2024\/07\/image_1382-1.jpg","width":432,"height":600,"caption":"\u017diniane\u0161ys"},{"@type":"BreadcrumbList","@id":"https:\/\/skaitytaknyga.lt\/produktas\/astrid-lindgren-pepe-ilgakojine-2\/#breadcrumb","itemListElement":[{"@type":"ListItem","position":1,"name":"Home","item":"https:\/\/skaitytaknyga.lt\/"},{"@type":"ListItem","position":2,"name":"Parduotuv\u0117","item":"https:\/\/skaitytaknyga.lt\/knygu-parduotuve\/"},{"@type":"ListItem","position":3,"name":"Lois Lowry \u201e\u017diniane\u0161ys\u201c"}]},{"@type":"WebSite","@id":"https:\/\/skaitytaknyga.lt\/#website","url":"https:\/\/skaitytaknyga.lt\/","name":"skaitytaknyga.lt","description":"Skaitytaknyga.lt \u2013 tai ma\u017eas \u0161eimos verslas, kuris prasid\u0117jo nuo meil\u0117s knygoms ir siekio i\u0161gelb\u0117ti knygas nuo likimo prie konteinerio. Kas vienam nereikalingas daiktas \u2013 kitam lobis, o mes esame tarpininkai, kurie padeda abiems tapti laimingesniems ???? \u017dinome kaip nelengva i\u0161gyventi ma\u017eiems verslams, tad nuo \u0161iol, \u010dia rasite ir kit\u0173, ma\u017e\u0173 \u0161eim\u0173 versl\u0173, rank\u0173 darbo, dovan\u0173 sau ir artimiesiems.","publisher":{"@id":"https:\/\/skaitytaknyga.lt\/#organization"},"potentialAction":[{"@type":"SearchAction","target":{"@type":"EntryPoint","urlTemplate":"https:\/\/skaitytaknyga.lt\/?s={search_term_string}"},"query-input":{"@type":"PropertyValueSpecification","valueRequired":true,"valueName":"search_term_string"}}],"inLanguage":"en-GB"},{"@type":"Organization","@id":"https:\/\/skaitytaknyga.lt\/#organization","name":"skaitytaknyga.lt","url":"https:\/\/skaitytaknyga.lt\/","logo":{"@type":"ImageObject","inLanguage":"en-GB","@id":"https:\/\/skaitytaknyga.lt\/#\/schema\/logo\/image\/","url":"https:\/\/skaitytaknyga.lt\/wp-content\/uploads\/2024\/05\/cropped-cropped-cropped-02_00843_jt3bggkj1j3HLc7SyY6rEUpg.jpeg","contentUrl":"https:\/\/skaitytaknyga.lt\/wp-content\/uploads\/2024\/05\/cropped-cropped-cropped-02_00843_jt3bggkj1j3HLc7SyY6rEUpg.jpeg","width":1600,"height":1600,"caption":"skaitytaknyga.lt"},"image":{"@id":"https:\/\/skaitytaknyga.lt\/#\/schema\/logo\/image\/"},"sameAs":["https:\/\/www.facebook.com\/skaitytaknyga\/"]}]}},"_links":{"self":[{"href":"https:\/\/skaitytaknyga.lt\/en\/wp-json\/wp\/v2\/product\/12528","targetHints":{"allow":["GET"]}}],"collection":[{"href":"https:\/\/skaitytaknyga.lt\/en\/wp-json\/wp\/v2\/product"}],"about":[{"href":"https:\/\/skaitytaknyga.lt\/en\/wp-json\/wp\/v2\/types\/product"}],"replies":[{"embeddable":true,"href":"https:\/\/skaitytaknyga.lt\/en\/wp-json\/wp\/v2\/comments?post=12528"}],"wp:featuredmedia":[{"embeddable":true,"href":"https:\/\/skaitytaknyga.lt\/en\/wp-json\/wp\/v2\/media\/12529"}],"wp:attachment":[{"href":"https:\/\/skaitytaknyga.lt\/en\/wp-json\/wp\/v2\/media?parent=12528"}],"wp:term":[{"taxonomy":"product_brand","embeddable":true,"href":"https:\/\/skaitytaknyga.lt\/en\/wp-json\/wp\/v2\/product_brand?post=12528"},{"taxonomy":"product_cat","embeddable":true,"href":"https:\/\/skaitytaknyga.lt\/en\/wp-json\/wp\/v2\/product_cat?post=12528"},{"taxonomy":"product_tag","embeddable":true,"href":"https:\/\/skaitytaknyga.lt\/en\/wp-json\/wp\/v2\/product_tag?post=12528"}],"curies":[{"name":"wp","href":"https:\/\/api.w.org\/{rel}","templated":true}]}}