{"id":12523,"date":"2024-07-08T17:39:42","date_gmt":"2024-07-08T14:39:42","guid":{"rendered":"https:\/\/skaitytaknyga.lt\/?post_type=product&#038;p=12523"},"modified":"2024-07-08T17:42:44","modified_gmt":"2024-07-08T14:42:44","slug":"sniege-pilypiene-isskirtiniai-horoskopai-kopija","status":"publish","type":"product","link":"https:\/\/skaitytaknyga.lt\/en\/produktas\/sniege-pilypiene-isskirtiniai-horoskopai-kopija\/","title":{"rendered":"Dr. Susan Nolen &#8211; Hoeksema \u201eMoterys, kurios galvoja per daug\u201c (i\u0161tepta)"},"content":{"rendered":"","protected":false},"excerpt":{"rendered":"<p>B\u016bna, kad neu\u017emiegate naktimis, sukate galv\u0105 apie tai, ko reikia j\u016bs\u0173 vaikams, arba kaip tinkamai pasir\u016bpinti senstan\u010diais t\u0117vais?<\/p>\n<p>V\u0117l ir v\u0117l analizuojate savo karjeros pos\u016bkius, galvojate, kaip ir kok\u012f darb\u0105 dirbsite ateityje?<\/p>\n<p>Jums sunku atsigauti ko nors netekus arba patyrus nes\u0117km\u0119?<\/p>\n<p>Jei bent \u012f vien\u0105 \u012f \u0161i\u0173 klausim\u0173 atsak\u0117te taip, gali b\u016bti, kad j\u016bs galvojate per daug.<\/p>\n<p>Jeilio universiteto psichologijos profesor\u0117<strong>\u00a0Susana Nolen &#8211; Hoeksema<\/strong>\u00a0knygoje\u00a0<strong>\u201eMoterys, kurios galvoja per daug\u201c<\/strong>\u00a0pristato savo atlikto tyrimo apie moter\u0173 polink\u012f \u012f besaik\u012f analizavim\u0105 i\u0161vadas: ai\u0161kina, kaip moterims itin b\u016bdingas besaikis analizavimas kenkia pilnaver\u010diam ir d\u017eiugiam gyvenimui, koki\u0173 negatyvi\u0173 ir destruktyvi\u0173 pasekmi\u0173 jis gali tur\u0117ti. Autor\u0117 pateikia praktini\u0173 patarim\u0173, kuriuos kiekviena moteris gali panaudoti savo gyvenime ir taip i\u0161silaisvinti i\u0161 u\u017eburto neigiam\u0173 min\u010di\u0173, jausm\u0173 bei patyrim\u0173 rato.<\/p>\n<p><strong>\u201eMoterys, kurios galvoja per daug\u201c<\/strong>\u00a0\u2013 tai dvide\u0161imt devynios jau pasiteisinusios, paprastai ir suprantamai i\u0161d\u0117stytos strategijos, kurios pad\u0117s i\u0161mokti u\u017ekirsti keli\u0105 nesibaigian\u010diai slegian\u010di\u0173 min\u010di\u0173 lavinai ir tiesiog gyventi produktyvesn\u012f bei laimingesn\u012f gyvenim\u0105.<\/p>\n","protected":false},"featured_media":12524,"comment_status":"closed","ping_status":"closed","template":"","meta":{"_acf_changed":false,"site-sidebar-layout":"default","site-content-layout":"","ast-site-content-layout":"default","site-content-style":"default","site-sidebar-style":"default","ast-global-header-display":"","ast-banner-title-visibility":"","ast-main-header-display":"","ast-hfb-above-header-display":"","ast-hfb-below-header-display":"","ast-hfb-mobile-header-display":"","site-post-title":"","ast-breadcrumbs-content":"","ast-featured-img":"","footer-sml-layout":"","ast-disable-related-posts":"","theme-transparent-header-meta":"default","adv-header-id-meta":"","stick-header-meta":"","header-above-stick-meta":"","header-main-stick-meta":"","header-below-stick-meta":"","astra-migrate-meta-layouts":"set","ast-page-background-enabled":"default","ast-page-background-meta":{"desktop":{"background-color":"","background-image":"","background-repeat":"repeat","background-position":"center center","background-size":"auto","background-attachment":"scroll","background-type":"","background-media":"","overlay-type":"","overlay-color":"","overlay-opacity":"","overlay-gradient":""},"tablet":{"background-color":"","background-image":"","background-repeat":"repeat","background-position":"center center","background-size":"auto","background-attachment":"scroll","background-type":"","background-media":"","overlay-type":"","overlay-color":"","overlay-opacity":"","overlay-gradient":""},"mobile":{"background-color":"","background-image":"","background-repeat":"repeat","background-position":"center center","background-size":"auto","background-attachment":"scroll","background-type":"","background-media":"","overlay-type":"","overlay-color":"","overlay-opacity":"","overlay-gradient":""}},"ast-content-background-meta":{"desktop":{"background-color":"var(--ast-global-color-4)","background-image":"","background-repeat":"repeat","background-position":"center center","background-size":"auto","background-attachment":"scroll","background-type":"","background-media":"","overlay-type":"","overlay-color":"","overlay-opacity":"","overlay-gradient":""},"tablet":{"background-color":"var(--ast-global-color-4)","background-image":"","background-repeat":"repeat","background-position":"center center","background-size":"auto","background-attachment":"scroll","background-type":"","background-media":"","overlay-type":"","overlay-color":"","overlay-opacity":"","overlay-gradient":""},"mobile":{"background-color":"var(--ast-global-color-4)","background-image":"","background-repeat":"repeat","background-position":"center center","background-size":"auto","background-attachment":"scroll","background-type":"","background-media":"","overlay-type":"","overlay-color":"","overlay-opacity":"","overlay-gradient":""}}},"product_brand":[],"product_cat":[30],"product_tag":[],"class_list":{"0":"post-12523","1":"product","2":"type-product","3":"status-publish","4":"has-post-thumbnail","6":"product_cat-psichologija-ir-saviugda","7":"desktop-align-left","8":"tablet-align-left","9":"mobile-align-left","11":"first","12":"instock","13":"shipping-taxable","14":"purchasable","15":"product-type-simple"},"acf":[],"yoast_head":"<!-- This site is optimized with the Yoast SEO plugin v27.0 - https:\/\/yoast.com\/product\/yoast-seo-wordpress\/ -->\n<title>Dr. Susan Nolen - Hoeksema \u201eMoterys, kurios galvoja per daug\u201c (i\u0161tepta)<\/title>\n<meta name=\"description\" content=\"B\u016bna, kad neu\u017emiegate naktimis, sukate galv\u0105 apie tai, ko reikia j\u016bs\u0173 vaikams, arba kaip tinkamai pasir\u016bpinti senstan\u010diais t\u0117vais?  V\u0117l ir v\u0117l analizuojate savo karjeros pos\u016bkius, galvojate, kaip ir kok\u012f darb\u0105 dirbsite ateityje?  Jums sunku atsigauti ko nors netekus arba patyrus nes\u0117km\u0119?  Jei bent \u012f vien\u0105 \u012f \u0161i\u0173 klausim\u0173 atsak\u0117te taip, gali b\u016bti, kad j\u016bs galvojate per daug.  Jeilio universiteto psichologijos profesor\u0117\u00a0Susana Nolen - Hoeksema\u00a0knygoje\u00a0\u201eMoterys, kurios galvoja per daug\u201c\u00a0pristato savo atlikto tyrimo apie moter\u0173 polink\u012f \u012f besaik\u012f analizavim\u0105 i\u0161vadas: ai\u0161kina, kaip moterims itin b\u016bdingas besaikis analizavimas kenkia pilnaver\u010diam ir d\u017eiugiam gyvenimui, koki\u0173 negatyvi\u0173 ir destruktyvi\u0173 pasekmi\u0173 jis gali tur\u0117ti. Autor\u0117 pateikia praktini\u0173 patarim\u0173, kuriuos kiekviena moteris gali panaudoti savo gyvenime ir taip i\u0161silaisvinti i\u0161 u\u017eburto neigiam\u0173 min\u010di\u0173, jausm\u0173 bei patyrim\u0173 rato.  \u201eMoterys, kurios galvoja per daug\u201c\u00a0\u2013 tai dvide\u0161imt devynios jau pasiteisinusios, paprastai ir suprantamai i\u0161d\u0117stytos strategijos, kurios pad\u0117s i\u0161mokti u\u017ekirsti keli\u0105 nesibaigian\u010diai slegian\u010di\u0173 min\u010di\u0173 lavinai ir tiesiog gyventi produktyvesn\u012f bei laimingesn\u012f gyvenim\u0105.\" \/>\n<meta name=\"robots\" content=\"index, follow, max-snippet:-1, max-image-preview:large, max-video-preview:-1\" \/>\n<link rel=\"canonical\" href=\"https:\/\/skaitytaknyga.lt\/en\/produktas\/sniege-pilypiene-isskirtiniai-horoskopai-kopija\/\" \/>\n<meta property=\"og:locale\" content=\"en_GB\" \/>\n<meta property=\"og:locale:alternate\" content=\"lt_LT\" \/>\n<meta property=\"og:type\" content=\"article\" \/>\n<meta property=\"og:title\" content=\"Dr. Susan Nolen - Hoeksema \u201eMoterys, kurios galvoja per daug\u201c (i\u0161tepta)\" \/>\n<meta property=\"og:description\" content=\"B\u016bna, kad neu\u017emiegate naktimis, sukate galv\u0105 apie tai, ko reikia j\u016bs\u0173 vaikams, arba kaip tinkamai pasir\u016bpinti senstan\u010diais t\u0117vais?  V\u0117l ir v\u0117l analizuojate savo karjeros pos\u016bkius, galvojate, kaip ir kok\u012f darb\u0105 dirbsite ateityje?  Jums sunku atsigauti ko nors netekus arba patyrus nes\u0117km\u0119?  Jei bent \u012f vien\u0105 \u012f \u0161i\u0173 klausim\u0173 atsak\u0117te taip, gali b\u016bti, kad j\u016bs galvojate per daug.  Jeilio universiteto psichologijos profesor\u0117\u00a0Susana Nolen - Hoeksema\u00a0knygoje\u00a0\u201eMoterys, kurios galvoja per daug\u201c\u00a0pristato savo atlikto tyrimo apie moter\u0173 polink\u012f \u012f besaik\u012f analizavim\u0105 i\u0161vadas: ai\u0161kina, kaip moterims itin b\u016bdingas besaikis analizavimas kenkia pilnaver\u010diam ir d\u017eiugiam gyvenimui, koki\u0173 negatyvi\u0173 ir destruktyvi\u0173 pasekmi\u0173 jis gali tur\u0117ti. Autor\u0117 pateikia praktini\u0173 patarim\u0173, kuriuos kiekviena moteris gali panaudoti savo gyvenime ir taip i\u0161silaisvinti i\u0161 u\u017eburto neigiam\u0173 min\u010di\u0173, jausm\u0173 bei patyrim\u0173 rato.  \u201eMoterys, kurios galvoja per daug\u201c\u00a0\u2013 tai dvide\u0161imt devynios jau pasiteisinusios, paprastai ir suprantamai i\u0161d\u0117stytos strategijos, kurios pad\u0117s i\u0161mokti u\u017ekirsti keli\u0105 nesibaigian\u010diai slegian\u010di\u0173 min\u010di\u0173 lavinai ir tiesiog gyventi produktyvesn\u012f bei laimingesn\u012f gyvenim\u0105.\" \/>\n<meta property=\"og:url\" content=\"https:\/\/skaitytaknyga.lt\/en\/produktas\/sniege-pilypiene-isskirtiniai-horoskopai-kopija\/\" \/>\n<meta property=\"og:site_name\" content=\"Skaitytaknyga\" \/>\n<meta property=\"article:publisher\" content=\"https:\/\/www.facebook.com\/skaitytaknyga\/\" \/>\n<meta property=\"article:modified_time\" content=\"2024-07-08T14:42:44+00:00\" \/>\n<meta property=\"og:image\" content=\"https:\/\/skaitytaknyga.lt\/wp-content\/uploads\/2024\/07\/Moterys-kurios-galvoja-per-daug.png\" \/>\n\t<meta property=\"og:image:width\" content=\"331\" \/>\n\t<meta property=\"og:image:height\" content=\"545\" \/>\n\t<meta property=\"og:image:type\" content=\"image\/png\" \/>\n<meta name=\"twitter:card\" content=\"summary_large_image\" \/>\n<meta name=\"twitter:label1\" content=\"Estimated reading time\" \/>\n\t<meta name=\"twitter:data1\" content=\"1 minute\" \/>\n<script type=\"application\/ld+json\" class=\"yoast-schema-graph\">{\"@context\":\"https:\/\/schema.org\",\"@graph\":[{\"@type\":\"WebPage\",\"@id\":\"https:\/\/skaitytaknyga.lt\/produktas\/sniege-pilypiene-isskirtiniai-horoskopai-kopija\/\",\"url\":\"https:\/\/skaitytaknyga.lt\/produktas\/sniege-pilypiene-isskirtiniai-horoskopai-kopija\/\",\"name\":\"Dr. Susan Nolen - Hoeksema \u201eMoterys, kurios galvoja per daug\u201c (i\u0161tepta)\",\"isPartOf\":{\"@id\":\"https:\/\/skaitytaknyga.lt\/#website\"},\"primaryImageOfPage\":{\"@id\":\"https:\/\/skaitytaknyga.lt\/produktas\/sniege-pilypiene-isskirtiniai-horoskopai-kopija\/#primaryimage\"},\"image\":{\"@id\":\"https:\/\/skaitytaknyga.lt\/produktas\/sniege-pilypiene-isskirtiniai-horoskopai-kopija\/#primaryimage\"},\"thumbnailUrl\":\"https:\/\/skaitytaknyga.lt\/wp-content\/uploads\/2024\/07\/Moterys-kurios-galvoja-per-daug.png\",\"datePublished\":\"2024-07-08T14:39:42+00:00\",\"dateModified\":\"2024-07-08T14:42:44+00:00\",\"description\":\"B\u016bna, kad neu\u017emiegate naktimis, sukate galv\u0105 apie tai, ko reikia j\u016bs\u0173 vaikams, arba kaip tinkamai pasir\u016bpinti senstan\u010diais t\u0117vais? V\u0117l ir v\u0117l analizuojate savo karjeros pos\u016bkius, galvojate, kaip ir kok\u012f darb\u0105 dirbsite ateityje? Jums sunku atsigauti ko nors netekus arba patyrus nes\u0117km\u0119? Jei bent \u012f vien\u0105 \u012f \u0161i\u0173 klausim\u0173 atsak\u0117te taip, gali b\u016bti, kad j\u016bs galvojate per daug. Jeilio universiteto psichologijos profesor\u0117\u00a0Susana Nolen - Hoeksema\u00a0knygoje\u00a0\u201eMoterys, kurios galvoja per daug\u201c\u00a0pristato savo atlikto tyrimo apie moter\u0173 polink\u012f \u012f besaik\u012f analizavim\u0105 i\u0161vadas: ai\u0161kina, kaip moterims itin b\u016bdingas besaikis analizavimas kenkia pilnaver\u010diam ir d\u017eiugiam gyvenimui, koki\u0173 negatyvi\u0173 ir destruktyvi\u0173 pasekmi\u0173 jis gali tur\u0117ti. Autor\u0117 pateikia praktini\u0173 patarim\u0173, kuriuos kiekviena moteris gali panaudoti savo gyvenime ir taip i\u0161silaisvinti i\u0161 u\u017eburto neigiam\u0173 min\u010di\u0173, jausm\u0173 bei patyrim\u0173 rato. \u201eMoterys, kurios galvoja per daug\u201c\u00a0\u2013 tai dvide\u0161imt devynios jau pasiteisinusios, paprastai ir suprantamai i\u0161d\u0117stytos strategijos, kurios pad\u0117s i\u0161mokti u\u017ekirsti keli\u0105 nesibaigian\u010diai slegian\u010di\u0173 min\u010di\u0173 lavinai ir tiesiog gyventi produktyvesn\u012f bei laimingesn\u012f gyvenim\u0105.\",\"breadcrumb\":{\"@id\":\"https:\/\/skaitytaknyga.lt\/produktas\/sniege-pilypiene-isskirtiniai-horoskopai-kopija\/#breadcrumb\"},\"inLanguage\":\"en-GB\",\"potentialAction\":[{\"@type\":\"ReadAction\",\"target\":[\"https:\/\/skaitytaknyga.lt\/produktas\/sniege-pilypiene-isskirtiniai-horoskopai-kopija\/\"]}]},{\"@type\":\"ImageObject\",\"inLanguage\":\"en-GB\",\"@id\":\"https:\/\/skaitytaknyga.lt\/produktas\/sniege-pilypiene-isskirtiniai-horoskopai-kopija\/#primaryimage\",\"url\":\"https:\/\/skaitytaknyga.lt\/wp-content\/uploads\/2024\/07\/Moterys-kurios-galvoja-per-daug.png\",\"contentUrl\":\"https:\/\/skaitytaknyga.lt\/wp-content\/uploads\/2024\/07\/Moterys-kurios-galvoja-per-daug.png\",\"width\":331,\"height\":545,\"caption\":\"Moterys, kurios galvoja per daug\"},{\"@type\":\"BreadcrumbList\",\"@id\":\"https:\/\/skaitytaknyga.lt\/produktas\/sniege-pilypiene-isskirtiniai-horoskopai-kopija\/#breadcrumb\",\"itemListElement\":[{\"@type\":\"ListItem\",\"position\":1,\"name\":\"Home\",\"item\":\"https:\/\/skaitytaknyga.lt\/\"},{\"@type\":\"ListItem\",\"position\":2,\"name\":\"Parduotuv\u0117\",\"item\":\"https:\/\/skaitytaknyga.lt\/knygu-parduotuve\/\"},{\"@type\":\"ListItem\",\"position\":3,\"name\":\"Dr. Susan Nolen &#8211; Hoeksema \u201eMoterys, kurios galvoja per daug\u201c (i\u0161tepta)\"}]},{\"@type\":\"WebSite\",\"@id\":\"https:\/\/skaitytaknyga.lt\/#website\",\"url\":\"https:\/\/skaitytaknyga.lt\/\",\"name\":\"skaitytaknyga.lt\",\"description\":\"Skaitytaknyga.lt \u2013 tai ma\u017eas \u0161eimos verslas, kuris prasid\u0117jo nuo meil\u0117s knygoms ir siekio i\u0161gelb\u0117ti knygas nuo likimo prie konteinerio. Kas vienam nereikalingas daiktas \u2013 kitam lobis, o mes esame tarpininkai, kurie padeda abiems tapti laimingesniems ???? \u017dinome kaip nelengva i\u0161gyventi ma\u017eiems verslams, tad nuo \u0161iol, \u010dia rasite ir kit\u0173, ma\u017e\u0173 \u0161eim\u0173 versl\u0173, rank\u0173 darbo, dovan\u0173 sau ir artimiesiems.\",\"publisher\":{\"@id\":\"https:\/\/skaitytaknyga.lt\/#organization\"},\"potentialAction\":[{\"@type\":\"SearchAction\",\"target\":{\"@type\":\"EntryPoint\",\"urlTemplate\":\"https:\/\/skaitytaknyga.lt\/?s={search_term_string}\"},\"query-input\":{\"@type\":\"PropertyValueSpecification\",\"valueRequired\":true,\"valueName\":\"search_term_string\"}}],\"inLanguage\":\"en-GB\"},{\"@type\":\"Organization\",\"@id\":\"https:\/\/skaitytaknyga.lt\/#organization\",\"name\":\"skaitytaknyga.lt\",\"url\":\"https:\/\/skaitytaknyga.lt\/\",\"logo\":{\"@type\":\"ImageObject\",\"inLanguage\":\"en-GB\",\"@id\":\"https:\/\/skaitytaknyga.lt\/#\/schema\/logo\/image\/\",\"url\":\"https:\/\/skaitytaknyga.lt\/wp-content\/uploads\/2024\/05\/cropped-cropped-cropped-02_00843_jt3bggkj1j3HLc7SyY6rEUpg.jpeg\",\"contentUrl\":\"https:\/\/skaitytaknyga.lt\/wp-content\/uploads\/2024\/05\/cropped-cropped-cropped-02_00843_jt3bggkj1j3HLc7SyY6rEUpg.jpeg\",\"width\":1600,\"height\":1600,\"caption\":\"skaitytaknyga.lt\"},\"image\":{\"@id\":\"https:\/\/skaitytaknyga.lt\/#\/schema\/logo\/image\/\"},\"sameAs\":[\"https:\/\/www.facebook.com\/skaitytaknyga\/\"]}]}<\/script>\n<!-- \/ Yoast SEO plugin. -->","yoast_head_json":{"title":"Dr. Susan Nolen - Hoeksema \u201eMoterys, kurios galvoja per daug\u201c (i\u0161tepta)","description":"B\u016bna, kad neu\u017emiegate naktimis, sukate galv\u0105 apie tai, ko reikia j\u016bs\u0173 vaikams, arba kaip tinkamai pasir\u016bpinti senstan\u010diais t\u0117vais?  V\u0117l ir v\u0117l analizuojate savo karjeros pos\u016bkius, galvojate, kaip ir kok\u012f darb\u0105 dirbsite ateityje?  Jums sunku atsigauti ko nors netekus arba patyrus nes\u0117km\u0119?  Jei bent \u012f vien\u0105 \u012f \u0161i\u0173 klausim\u0173 atsak\u0117te taip, gali b\u016bti, kad j\u016bs galvojate per daug.  Jeilio universiteto psichologijos profesor\u0117\u00a0Susana Nolen - Hoeksema\u00a0knygoje\u00a0\u201eMoterys, kurios galvoja per daug\u201c\u00a0pristato savo atlikto tyrimo apie moter\u0173 polink\u012f \u012f besaik\u012f analizavim\u0105 i\u0161vadas: ai\u0161kina, kaip moterims itin b\u016bdingas besaikis analizavimas kenkia pilnaver\u010diam ir d\u017eiugiam gyvenimui, koki\u0173 negatyvi\u0173 ir destruktyvi\u0173 pasekmi\u0173 jis gali tur\u0117ti. Autor\u0117 pateikia praktini\u0173 patarim\u0173, kuriuos kiekviena moteris gali panaudoti savo gyvenime ir taip i\u0161silaisvinti i\u0161 u\u017eburto neigiam\u0173 min\u010di\u0173, jausm\u0173 bei patyrim\u0173 rato.  \u201eMoterys, kurios galvoja per daug\u201c\u00a0\u2013 tai dvide\u0161imt devynios jau pasiteisinusios, paprastai ir suprantamai i\u0161d\u0117stytos strategijos, kurios pad\u0117s i\u0161mokti u\u017ekirsti keli\u0105 nesibaigian\u010diai slegian\u010di\u0173 min\u010di\u0173 lavinai ir tiesiog gyventi produktyvesn\u012f bei laimingesn\u012f gyvenim\u0105.","robots":{"index":"index","follow":"follow","max-snippet":"max-snippet:-1","max-image-preview":"max-image-preview:large","max-video-preview":"max-video-preview:-1"},"canonical":"https:\/\/skaitytaknyga.lt\/en\/produktas\/sniege-pilypiene-isskirtiniai-horoskopai-kopija\/","og_locale":"en_GB","og_type":"article","og_title":"[:lt]Dr. Susan Nolen - Hoeksema \u201eMoterys, kurios galvoja per daug\u201c (i\u0161tepta)[:] - Skaitytaknyga","og_description":"B\u016bna, kad neu\u017emiegate naktimis, sukate galv\u0105 apie tai, ko reikia j\u016bs\u0173 vaikams, arba kaip tinkamai pasir\u016bpinti senstan\u010diais t\u0117vais?  V\u0117l ir v\u0117l analizuojate savo karjeros pos\u016bkius, galvojate, kaip ir kok\u012f darb\u0105 dirbsite ateityje?  Jums sunku atsigauti ko nors netekus arba patyrus nes\u0117km\u0119?  Jei bent \u012f vien\u0105 \u012f \u0161i\u0173 klausim\u0173 atsak\u0117te taip, gali b\u016bti, kad j\u016bs galvojate per daug.  Jeilio universiteto psichologijos profesor\u0117\u00a0Susana Nolen - Hoeksema\u00a0knygoje\u00a0\u201eMoterys, kurios galvoja per daug\u201c\u00a0pristato savo atlikto tyrimo apie moter\u0173 polink\u012f \u012f besaik\u012f analizavim\u0105 i\u0161vadas: ai\u0161kina, kaip moterims itin b\u016bdingas besaikis analizavimas kenkia pilnaver\u010diam ir d\u017eiugiam gyvenimui, koki\u0173 negatyvi\u0173 ir destruktyvi\u0173 pasekmi\u0173 jis gali tur\u0117ti. Autor\u0117 pateikia praktini\u0173 patarim\u0173, kuriuos kiekviena moteris gali panaudoti savo gyvenime ir taip i\u0161silaisvinti i\u0161 u\u017eburto neigiam\u0173 min\u010di\u0173, jausm\u0173 bei patyrim\u0173 rato.  \u201eMoterys, kurios galvoja per daug\u201c\u00a0\u2013 tai dvide\u0161imt devynios jau pasiteisinusios, paprastai ir suprantamai i\u0161d\u0117stytos strategijos, kurios pad\u0117s i\u0161mokti u\u017ekirsti keli\u0105 nesibaigian\u010diai slegian\u010di\u0173 min\u010di\u0173 lavinai ir tiesiog gyventi produktyvesn\u012f bei laimingesn\u012f gyvenim\u0105.","og_url":"https:\/\/skaitytaknyga.lt\/en\/produktas\/sniege-pilypiene-isskirtiniai-horoskopai-kopija\/","og_site_name":"Skaitytaknyga","article_publisher":"https:\/\/www.facebook.com\/skaitytaknyga\/","article_modified_time":"2024-07-08T14:42:44+00:00","og_image":[{"width":331,"height":545,"url":"https:\/\/skaitytaknyga.lt\/wp-content\/uploads\/2024\/07\/Moterys-kurios-galvoja-per-daug.png","type":"image\/png"}],"twitter_card":"summary_large_image","twitter_misc":{"Estimated reading time":"1 minute"},"schema":{"@context":"https:\/\/schema.org","@graph":[{"@type":"WebPage","@id":"https:\/\/skaitytaknyga.lt\/produktas\/sniege-pilypiene-isskirtiniai-horoskopai-kopija\/","url":"https:\/\/skaitytaknyga.lt\/produktas\/sniege-pilypiene-isskirtiniai-horoskopai-kopija\/","name":"Dr. Susan Nolen - Hoeksema \u201eMoterys, kurios galvoja per daug\u201c (i\u0161tepta)","isPartOf":{"@id":"https:\/\/skaitytaknyga.lt\/#website"},"primaryImageOfPage":{"@id":"https:\/\/skaitytaknyga.lt\/produktas\/sniege-pilypiene-isskirtiniai-horoskopai-kopija\/#primaryimage"},"image":{"@id":"https:\/\/skaitytaknyga.lt\/produktas\/sniege-pilypiene-isskirtiniai-horoskopai-kopija\/#primaryimage"},"thumbnailUrl":"https:\/\/skaitytaknyga.lt\/wp-content\/uploads\/2024\/07\/Moterys-kurios-galvoja-per-daug.png","datePublished":"2024-07-08T14:39:42+00:00","dateModified":"2024-07-08T14:42:44+00:00","description":"B\u016bna, kad neu\u017emiegate naktimis, sukate galv\u0105 apie tai, ko reikia j\u016bs\u0173 vaikams, arba kaip tinkamai pasir\u016bpinti senstan\u010diais t\u0117vais? V\u0117l ir v\u0117l analizuojate savo karjeros pos\u016bkius, galvojate, kaip ir kok\u012f darb\u0105 dirbsite ateityje? Jums sunku atsigauti ko nors netekus arba patyrus nes\u0117km\u0119? Jei bent \u012f vien\u0105 \u012f \u0161i\u0173 klausim\u0173 atsak\u0117te taip, gali b\u016bti, kad j\u016bs galvojate per daug. Jeilio universiteto psichologijos profesor\u0117\u00a0Susana Nolen - Hoeksema\u00a0knygoje\u00a0\u201eMoterys, kurios galvoja per daug\u201c\u00a0pristato savo atlikto tyrimo apie moter\u0173 polink\u012f \u012f besaik\u012f analizavim\u0105 i\u0161vadas: ai\u0161kina, kaip moterims itin b\u016bdingas besaikis analizavimas kenkia pilnaver\u010diam ir d\u017eiugiam gyvenimui, koki\u0173 negatyvi\u0173 ir destruktyvi\u0173 pasekmi\u0173 jis gali tur\u0117ti. Autor\u0117 pateikia praktini\u0173 patarim\u0173, kuriuos kiekviena moteris gali panaudoti savo gyvenime ir taip i\u0161silaisvinti i\u0161 u\u017eburto neigiam\u0173 min\u010di\u0173, jausm\u0173 bei patyrim\u0173 rato. \u201eMoterys, kurios galvoja per daug\u201c\u00a0\u2013 tai dvide\u0161imt devynios jau pasiteisinusios, paprastai ir suprantamai i\u0161d\u0117stytos strategijos, kurios pad\u0117s i\u0161mokti u\u017ekirsti keli\u0105 nesibaigian\u010diai slegian\u010di\u0173 min\u010di\u0173 lavinai ir tiesiog gyventi produktyvesn\u012f bei laimingesn\u012f gyvenim\u0105.","breadcrumb":{"@id":"https:\/\/skaitytaknyga.lt\/produktas\/sniege-pilypiene-isskirtiniai-horoskopai-kopija\/#breadcrumb"},"inLanguage":"en-GB","potentialAction":[{"@type":"ReadAction","target":["https:\/\/skaitytaknyga.lt\/produktas\/sniege-pilypiene-isskirtiniai-horoskopai-kopija\/"]}]},{"@type":"ImageObject","inLanguage":"en-GB","@id":"https:\/\/skaitytaknyga.lt\/produktas\/sniege-pilypiene-isskirtiniai-horoskopai-kopija\/#primaryimage","url":"https:\/\/skaitytaknyga.lt\/wp-content\/uploads\/2024\/07\/Moterys-kurios-galvoja-per-daug.png","contentUrl":"https:\/\/skaitytaknyga.lt\/wp-content\/uploads\/2024\/07\/Moterys-kurios-galvoja-per-daug.png","width":331,"height":545,"caption":"Moterys, kurios galvoja per daug"},{"@type":"BreadcrumbList","@id":"https:\/\/skaitytaknyga.lt\/produktas\/sniege-pilypiene-isskirtiniai-horoskopai-kopija\/#breadcrumb","itemListElement":[{"@type":"ListItem","position":1,"name":"Home","item":"https:\/\/skaitytaknyga.lt\/"},{"@type":"ListItem","position":2,"name":"Parduotuv\u0117","item":"https:\/\/skaitytaknyga.lt\/knygu-parduotuve\/"},{"@type":"ListItem","position":3,"name":"Dr. Susan Nolen &#8211; Hoeksema \u201eMoterys, kurios galvoja per daug\u201c (i\u0161tepta)"}]},{"@type":"WebSite","@id":"https:\/\/skaitytaknyga.lt\/#website","url":"https:\/\/skaitytaknyga.lt\/","name":"skaitytaknyga.lt","description":"Skaitytaknyga.lt \u2013 tai ma\u017eas \u0161eimos verslas, kuris prasid\u0117jo nuo meil\u0117s knygoms ir siekio i\u0161gelb\u0117ti knygas nuo likimo prie konteinerio. Kas vienam nereikalingas daiktas \u2013 kitam lobis, o mes esame tarpininkai, kurie padeda abiems tapti laimingesniems ???? \u017dinome kaip nelengva i\u0161gyventi ma\u017eiems verslams, tad nuo \u0161iol, \u010dia rasite ir kit\u0173, ma\u017e\u0173 \u0161eim\u0173 versl\u0173, rank\u0173 darbo, dovan\u0173 sau ir artimiesiems.","publisher":{"@id":"https:\/\/skaitytaknyga.lt\/#organization"},"potentialAction":[{"@type":"SearchAction","target":{"@type":"EntryPoint","urlTemplate":"https:\/\/skaitytaknyga.lt\/?s={search_term_string}"},"query-input":{"@type":"PropertyValueSpecification","valueRequired":true,"valueName":"search_term_string"}}],"inLanguage":"en-GB"},{"@type":"Organization","@id":"https:\/\/skaitytaknyga.lt\/#organization","name":"skaitytaknyga.lt","url":"https:\/\/skaitytaknyga.lt\/","logo":{"@type":"ImageObject","inLanguage":"en-GB","@id":"https:\/\/skaitytaknyga.lt\/#\/schema\/logo\/image\/","url":"https:\/\/skaitytaknyga.lt\/wp-content\/uploads\/2024\/05\/cropped-cropped-cropped-02_00843_jt3bggkj1j3HLc7SyY6rEUpg.jpeg","contentUrl":"https:\/\/skaitytaknyga.lt\/wp-content\/uploads\/2024\/05\/cropped-cropped-cropped-02_00843_jt3bggkj1j3HLc7SyY6rEUpg.jpeg","width":1600,"height":1600,"caption":"skaitytaknyga.lt"},"image":{"@id":"https:\/\/skaitytaknyga.lt\/#\/schema\/logo\/image\/"},"sameAs":["https:\/\/www.facebook.com\/skaitytaknyga\/"]}]}},"_links":{"self":[{"href":"https:\/\/skaitytaknyga.lt\/en\/wp-json\/wp\/v2\/product\/12523","targetHints":{"allow":["GET"]}}],"collection":[{"href":"https:\/\/skaitytaknyga.lt\/en\/wp-json\/wp\/v2\/product"}],"about":[{"href":"https:\/\/skaitytaknyga.lt\/en\/wp-json\/wp\/v2\/types\/product"}],"replies":[{"embeddable":true,"href":"https:\/\/skaitytaknyga.lt\/en\/wp-json\/wp\/v2\/comments?post=12523"}],"wp:featuredmedia":[{"embeddable":true,"href":"https:\/\/skaitytaknyga.lt\/en\/wp-json\/wp\/v2\/media\/12524"}],"wp:attachment":[{"href":"https:\/\/skaitytaknyga.lt\/en\/wp-json\/wp\/v2\/media?parent=12523"}],"wp:term":[{"taxonomy":"product_brand","embeddable":true,"href":"https:\/\/skaitytaknyga.lt\/en\/wp-json\/wp\/v2\/product_brand?post=12523"},{"taxonomy":"product_cat","embeddable":true,"href":"https:\/\/skaitytaknyga.lt\/en\/wp-json\/wp\/v2\/product_cat?post=12523"},{"taxonomy":"product_tag","embeddable":true,"href":"https:\/\/skaitytaknyga.lt\/en\/wp-json\/wp\/v2\/product_tag?post=12523"}],"curies":[{"name":"wp","href":"https:\/\/api.w.org\/{rel}","templated":true}]}}