{"id":12462,"date":"2023-07-01T15:15:41","date_gmt":"2023-07-01T12:15:41","guid":{"rendered":"https:\/\/skaitytaknyga.lt\/?post_type=product&#038;p=12462"},"modified":"2026-03-05T10:36:25","modified_gmt":"2026-03-05T08:36:25","slug":"nemezide","status":"publish","type":"product","link":"https:\/\/skaitytaknyga.lt\/en\/produktas\/nemezide\/","title":{"rendered":"T-shirt with embroider"},"content":{"rendered":"<div dir=\"ltr\">\n<div dir=\"ltr\"><\/div>\n<div dir=\"ltr\">\n<div dir=\"ltr\">\n<div dir=\"ltr\">SUVIO &#8211; comfortable, distinctive, natural and cosy urban style clothing. It is handmade from the first to the last seam.<\/div>\n<div>The T-shirt is decorated with a drawing by young artist Emilia.<\/div>\n<div dir=\"ltr\"><\/div>\n<div dir=\"ltr\">The SUVIO Unisex T-shirt for men and women is made from a high quality blend of 94% cotton and 6% elastane for quality and comfort.<\/div>\n<div dir=\"ltr\"><\/div>\n<div dir=\"ltr\">Weight: 200 g\/m\u00b2<\/div>\n<div dir=\"ltr\">Single work<\/div>\n<\/div>\n<div dir=\"ltr\"><\/div>\n<div dir=\"ltr\">\n<h3><strong>Production time:<\/strong><\/h3>\n<p>up to 10 working days (each order is made individually, so the embroidered image may have slight variations in each case due to human factors).<\/p>\n<\/div>\n<h3><strong>Available sizes:<\/strong><\/h3>\n<p>S, M, L, XL, XXL<\/p>\n<\/div>\n<div dir=\"ltr\">\n<h3 dir=\"ltr\"><strong>Care instructions:<\/strong><\/h3>\n<div dir=\"ltr\">&#8211; Machine washable at 40 degrees C;<\/div>\n<div dir=\"ltr\">&#8211; wash with similar coloured clothes;<\/div>\n<div dir=\"ltr\">&#8211; recommended to be washed upside down;<\/div>\n<div dir=\"ltr\">&#8211; not bleached;<\/div>\n<div dir=\"ltr\">&#8211; not tumble-dried;<\/div>\n<div dir=\"ltr\">&#8211; wash at a slower spin speed (approx. 600-800 rpm);<\/div>\n<div dir=\"ltr\">&#8211; iron at a temperature suitable for cotton, on the wrong side of the T-shirt.<\/div>\n<div dir=\"ltr\"><\/div>\n<div dir=\"ltr\">Model in the photo is 170 cm tall, wearing unisex sweatshirt size M<\/div>\n<\/div>\n<div dir=\"ltr\"><\/div>\n<div dir=\"ltr\">Other colour combinations can be made by coordinating the details.<\/div>\n<\/div>\n","protected":false},"excerpt":{"rendered":"<div dir=\"ltr\">\n<div dir=\"ltr\">\n<p>SUVIO &#8211; comfortable, distinctive, natural and cosy urban style clothing. It is handmade from the first to the last seam.<\/p>\n<\/div>\n<div dir=\"ltr\">One of SUVIO&#8217;s main creative directions is the unique embroidery of clothing reflecting a personal hero, a beloved pet, a child&#8217;s favourite toy, or even a note or a quotation, which is how this <strong>book-lovers&#8217; T-shirt<\/strong> was born.<\/div>\n<div dir=\"ltr\"><\/div>\n<div dir=\"ltr\"><\/div>\n<\/div>\n","protected":false},"featured_media":12474,"comment_status":"open","ping_status":"closed","template":"","meta":{"_acf_changed":false,"site-sidebar-layout":"default","site-content-layout":"","ast-site-content-layout":"default","site-content-style":"default","site-sidebar-style":"default","ast-global-header-display":"","ast-banner-title-visibility":"","ast-main-header-display":"","ast-hfb-above-header-display":"","ast-hfb-below-header-display":"","ast-hfb-mobile-header-display":"","site-post-title":"","ast-breadcrumbs-content":"","ast-featured-img":"","footer-sml-layout":"","ast-disable-related-posts":"","theme-transparent-header-meta":"default","adv-header-id-meta":"","stick-header-meta":"","header-above-stick-meta":"","header-main-stick-meta":"","header-below-stick-meta":"","astra-migrate-meta-layouts":"set","ast-page-background-enabled":"default","ast-page-background-meta":{"desktop":{"background-color":"","background-image":"","background-repeat":"repeat","background-position":"center center","background-size":"auto","background-attachment":"scroll","background-type":"","background-media":"","overlay-type":"","overlay-color":"","overlay-opacity":"","overlay-gradient":""},"tablet":{"background-color":"","background-image":"","background-repeat":"repeat","background-position":"center center","background-size":"auto","background-attachment":"scroll","background-type":"","background-media":"","overlay-type":"","overlay-color":"","overlay-opacity":"","overlay-gradient":""},"mobile":{"background-color":"","background-image":"","background-repeat":"repeat","background-position":"center center","background-size":"auto","background-attachment":"scroll","background-type":"","background-media":"","overlay-type":"","overlay-color":"","overlay-opacity":"","overlay-gradient":""}},"ast-content-background-meta":{"desktop":{"background-color":"var(--ast-global-color-4)","background-image":"","background-repeat":"repeat","background-position":"center center","background-size":"auto","background-attachment":"scroll","background-type":"","background-media":"","overlay-type":"","overlay-color":"","overlay-opacity":"","overlay-gradient":""},"tablet":{"background-color":"var(--ast-global-color-4)","background-image":"","background-repeat":"repeat","background-position":"center center","background-size":"auto","background-attachment":"scroll","background-type":"","background-media":"","overlay-type":"","overlay-color":"","overlay-opacity":"","overlay-gradient":""},"mobile":{"background-color":"var(--ast-global-color-4)","background-image":"","background-repeat":"repeat","background-position":"center center","background-size":"auto","background-attachment":"scroll","background-type":"","background-media":"","overlay-type":"","overlay-color":"","overlay-opacity":"","overlay-gradient":""}}},"product_brand":[],"product_cat":[9581],"product_tag":[1476,1605,2030],"class_list":{"0":"post-12462","1":"product","2":"type-product","3":"status-publish","4":"has-post-thumbnail","6":"product_cat-kriminaliniai-romanai","7":"product_tag-detektyvas","8":"product_tag-haris-hule","9":"product_tag-skandinavija","10":"desktop-align-left","11":"tablet-align-left","12":"mobile-align-left","14":"first","15":"instock","16":"shipping-taxable","17":"purchasable","18":"product-type-simple"},"acf":[],"yoast_head":"<!-- This site is optimized with the Yoast SEO plugin v27.4 - https:\/\/yoast.com\/product\/yoast-seo-wordpress\/ -->\n<title>T-shirt with embroider<\/title>\n<meta name=\"description\" content=\"The SUVIO Unisex T-shirt for men and women is made from a high quality blend of 94% cotton and 6% elastane for quality and comfort.\" \/>\n<meta name=\"robots\" content=\"index, follow, max-snippet:-1, max-image-preview:large, max-video-preview:-1\" \/>\n<link rel=\"canonical\" href=\"https:\/\/skaitytaknyga.lt\/en\/produktas\/nemezide\/\" \/>\n<meta property=\"og:locale\" content=\"en_GB\" \/>\n<meta property=\"og:locale:alternate\" content=\"lt_LT\" \/>\n<meta property=\"og:type\" content=\"article\" \/>\n<meta property=\"og:title\" content=\"T-shirt with embroider\" \/>\n<meta property=\"og:description\" content=\"SUVIO - comfortable, distinctive, natural and cosy urban style clothing. It is handmade from the first to the last seam.   One of SUVIO&#039;s main creative directions is the unique embroidery of clothing reflecting a personal hero, a beloved pet, a child&#039;s favourite toy, or even a note or a quotation, which is how this book-lovers&#039; T-shirt was born.     SUVIO - patogi, savita, nat\u016brali ir jauki urban stiliaus apranga. Tai rank\u0173 darbas nuo pirmos iki paskutin\u0117s si\u016bl\u0117s.   Viena i\u0161 svarbi\u0173 SUVIO k\u016brybos kryp\u010di\u0173 \u2013 unikalus r\u016bbo siuvin\u0117jimas, atspindintis asmenin\u012f heroj\u0173, mylim\u0105 augintin\u012f, m\u0117gstamiausi\u0105 vaiko \u017eaisl\u0105 ar netgi u\u017era\u0161\u0105, citat\u0105, - taip gim\u0117 ir \u0161ie, knyg\u0173 myl\u0117tojams, dedikuoti mar\u0161kin\u0117liai.\" \/>\n<meta property=\"og:url\" content=\"https:\/\/skaitytaknyga.lt\/en\/produktas\/nemezide\/\" \/>\n<meta property=\"og:site_name\" content=\"Skaitytaknyga\" \/>\n<meta property=\"article:publisher\" content=\"https:\/\/www.facebook.com\/skaitytaknyga\/\" \/>\n<meta property=\"article:modified_time\" content=\"2026-03-05T08:36:25+00:00\" \/>\n<meta property=\"og:image\" content=\"https:\/\/skaitytaknyga.lt\/wp-content\/uploads\/2025\/05\/Nemezide.webp\" \/>\n\t<meta property=\"og:image:width\" content=\"295\" \/>\n\t<meta property=\"og:image:height\" content=\"405\" \/>\n\t<meta property=\"og:image:type\" content=\"image\/webp\" \/>\n<meta name=\"twitter:card\" content=\"summary_large_image\" \/>\n<meta name=\"twitter:label1\" content=\"Estimated reading time\" \/>\n\t<meta name=\"twitter:data1\" content=\"2 minutes\" \/>\n<script type=\"application\/ld+json\" class=\"yoast-schema-graph\">{\"@context\":\"https:\\\/\\\/schema.org\",\"@graph\":[{\"@type\":\"WebPage\",\"@id\":\"https:\\\/\\\/skaitytaknyga.lt\\\/produktas\\\/nemezide\\\/\",\"url\":\"https:\\\/\\\/skaitytaknyga.lt\\\/produktas\\\/nemezide\\\/\",\"name\":\"T-shirt with embroider\",\"isPartOf\":{\"@id\":\"https:\\\/\\\/skaitytaknyga.lt\\\/#website\"},\"primaryImageOfPage\":{\"@id\":\"https:\\\/\\\/skaitytaknyga.lt\\\/produktas\\\/nemezide\\\/#primaryimage\"},\"image\":{\"@id\":\"https:\\\/\\\/skaitytaknyga.lt\\\/produktas\\\/nemezide\\\/#primaryimage\"},\"thumbnailUrl\":\"https:\\\/\\\/skaitytaknyga.lt\\\/wp-content\\\/uploads\\\/2024\\\/07\\\/IMG_9434-scaled.jpg\",\"datePublished\":\"2023-07-01T12:15:41+00:00\",\"dateModified\":\"2026-03-05T08:36:25+00:00\",\"description\":\"SUVIO - comfortable, distinctive, natural and cosy urban style clothing. It is handmade from the first to the last seam. One of SUVIO's main creative directions is the unique embroidery of clothing reflecting a personal hero, a beloved pet, a child's favourite toy, or even a note or a quotation, which is how this book-lovers' T-shirt was born. SUVIO - patogi, savita, nat\u016brali ir jauki urban stiliaus apranga. Tai rank\u0173 darbas nuo pirmos iki paskutin\u0117s si\u016bl\u0117s. Viena i\u0161 svarbi\u0173 SUVIO k\u016brybos kryp\u010di\u0173 \u2013 unikalus r\u016bbo siuvin\u0117jimas, atspindintis asmenin\u012f heroj\u0173, mylim\u0105 augintin\u012f, m\u0117gstamiausi\u0105 vaiko \u017eaisl\u0105 ar netgi u\u017era\u0161\u0105, citat\u0105, - taip gim\u0117 ir \u0161ie, knyg\u0173 myl\u0117tojams, dedikuoti mar\u0161kin\u0117liai.\",\"breadcrumb\":{\"@id\":\"https:\\\/\\\/skaitytaknyga.lt\\\/produktas\\\/nemezide\\\/#breadcrumb\"},\"inLanguage\":\"en-GB\",\"potentialAction\":[{\"@type\":\"ReadAction\",\"target\":[\"https:\\\/\\\/skaitytaknyga.lt\\\/produktas\\\/nemezide\\\/\"]}]},{\"@type\":\"ImageObject\",\"inLanguage\":\"en-GB\",\"@id\":\"https:\\\/\\\/skaitytaknyga.lt\\\/produktas\\\/nemezide\\\/#primaryimage\",\"url\":\"https:\\\/\\\/skaitytaknyga.lt\\\/wp-content\\\/uploads\\\/2024\\\/07\\\/IMG_9434-scaled.jpg\",\"contentUrl\":\"https:\\\/\\\/skaitytaknyga.lt\\\/wp-content\\\/uploads\\\/2024\\\/07\\\/IMG_9434-scaled.jpg\",\"width\":2560,\"height\":1707,\"caption\":\"mar\u0161kin\u0117liai su siuviniu\"},{\"@type\":\"BreadcrumbList\",\"@id\":\"https:\\\/\\\/skaitytaknyga.lt\\\/produktas\\\/nemezide\\\/#breadcrumb\",\"itemListElement\":[{\"@type\":\"ListItem\",\"position\":1,\"name\":\"Home\",\"item\":\"https:\\\/\\\/skaitytaknyga.lt\\\/\"},{\"@type\":\"ListItem\",\"position\":2,\"name\":\"Parduotuv\u0117\",\"item\":\"https:\\\/\\\/skaitytaknyga.lt\\\/knygu-parduotuve\\\/\"},{\"@type\":\"ListItem\",\"position\":3,\"name\":\"Nemezid\u0117\"}]},{\"@type\":\"WebSite\",\"@id\":\"https:\\\/\\\/skaitytaknyga.lt\\\/#website\",\"url\":\"https:\\\/\\\/skaitytaknyga.lt\\\/\",\"name\":\"skaitytaknyga.lt\",\"description\":\"Skaitytaknyga.lt \u2013 tai ma\u017eas \u0161eimos verslas, kuris prasid\u0117jo nuo meil\u0117s knygoms ir siekio i\u0161gelb\u0117ti knygas nuo likimo prie konteinerio. Kas vienam nereikalingas daiktas \u2013 kitam lobis, o mes esame tarpininkai, kurie padeda abiems tapti laimingesniems ???? \u017dinome kaip nelengva i\u0161gyventi ma\u017eiems verslams, tad nuo \u0161iol, \u010dia rasite ir kit\u0173, ma\u017e\u0173 \u0161eim\u0173 versl\u0173, rank\u0173 darbo, dovan\u0173 sau ir artimiesiems.\",\"publisher\":{\"@id\":\"https:\\\/\\\/skaitytaknyga.lt\\\/#organization\"},\"potentialAction\":[{\"@type\":\"SearchAction\",\"target\":{\"@type\":\"EntryPoint\",\"urlTemplate\":\"https:\\\/\\\/skaitytaknyga.lt\\\/?s={search_term_string}\"},\"query-input\":{\"@type\":\"PropertyValueSpecification\",\"valueRequired\":true,\"valueName\":\"search_term_string\"}}],\"inLanguage\":\"en-GB\"},{\"@type\":\"Organization\",\"@id\":\"https:\\\/\\\/skaitytaknyga.lt\\\/#organization\",\"name\":\"skaitytaknyga.lt\",\"url\":\"https:\\\/\\\/skaitytaknyga.lt\\\/\",\"logo\":{\"@type\":\"ImageObject\",\"inLanguage\":\"en-GB\",\"@id\":\"https:\\\/\\\/skaitytaknyga.lt\\\/#\\\/schema\\\/logo\\\/image\\\/\",\"url\":\"https:\\\/\\\/skaitytaknyga.lt\\\/wp-content\\\/uploads\\\/2024\\\/05\\\/cropped-cropped-cropped-02_00843_jt3bggkj1j3HLc7SyY6rEUpg.jpeg\",\"contentUrl\":\"https:\\\/\\\/skaitytaknyga.lt\\\/wp-content\\\/uploads\\\/2024\\\/05\\\/cropped-cropped-cropped-02_00843_jt3bggkj1j3HLc7SyY6rEUpg.jpeg\",\"width\":1600,\"height\":1600,\"caption\":\"skaitytaknyga.lt\"},\"image\":{\"@id\":\"https:\\\/\\\/skaitytaknyga.lt\\\/#\\\/schema\\\/logo\\\/image\\\/\"},\"sameAs\":[\"https:\\\/\\\/www.facebook.com\\\/skaitytaknyga\\\/\"]}]}<\/script>\n<!-- \/ Yoast SEO plugin. -->","yoast_head_json":{"title":"T-shirt with embroider","description":"The SUVIO Unisex T-shirt for men and women is made from a high quality blend of 94% cotton and 6% elastane for quality and comfort.","robots":{"index":"index","follow":"follow","max-snippet":"max-snippet:-1","max-image-preview":"max-image-preview:large","max-video-preview":"max-video-preview:-1"},"canonical":"https:\/\/skaitytaknyga.lt\/en\/produktas\/nemezide\/","og_locale":"en_GB","og_type":"article","og_title":"[:en]T-shirt with embroider[:lt]Nemezid\u0117[:] - Skaitytaknyga","og_description":"SUVIO - comfortable, distinctive, natural and cosy urban style clothing. It is handmade from the first to the last seam.   One of SUVIO's main creative directions is the unique embroidery of clothing reflecting a personal hero, a beloved pet, a child's favourite toy, or even a note or a quotation, which is how this book-lovers' T-shirt was born.     SUVIO - patogi, savita, nat\u016brali ir jauki urban stiliaus apranga. Tai rank\u0173 darbas nuo pirmos iki paskutin\u0117s si\u016bl\u0117s.   Viena i\u0161 svarbi\u0173 SUVIO k\u016brybos kryp\u010di\u0173 \u2013 unikalus r\u016bbo siuvin\u0117jimas, atspindintis asmenin\u012f heroj\u0173, mylim\u0105 augintin\u012f, m\u0117gstamiausi\u0105 vaiko \u017eaisl\u0105 ar netgi u\u017era\u0161\u0105, citat\u0105, - taip gim\u0117 ir \u0161ie, knyg\u0173 myl\u0117tojams, dedikuoti mar\u0161kin\u0117liai.","og_url":"https:\/\/skaitytaknyga.lt\/en\/produktas\/nemezide\/","og_site_name":"Skaitytaknyga","article_publisher":"https:\/\/www.facebook.com\/skaitytaknyga\/","article_modified_time":"2026-03-05T08:36:25+00:00","og_image":[{"width":295,"height":405,"url":"https:\/\/skaitytaknyga.lt\/wp-content\/uploads\/2025\/05\/Nemezide.webp","type":"image\/webp"}],"twitter_card":"summary_large_image","twitter_misc":{"Estimated reading time":"2 minutes"},"schema":{"@context":"https:\/\/schema.org","@graph":[{"@type":"WebPage","@id":"https:\/\/skaitytaknyga.lt\/produktas\/nemezide\/","url":"https:\/\/skaitytaknyga.lt\/produktas\/nemezide\/","name":"T-shirt with embroider","isPartOf":{"@id":"https:\/\/skaitytaknyga.lt\/#website"},"primaryImageOfPage":{"@id":"https:\/\/skaitytaknyga.lt\/produktas\/nemezide\/#primaryimage"},"image":{"@id":"https:\/\/skaitytaknyga.lt\/produktas\/nemezide\/#primaryimage"},"thumbnailUrl":"https:\/\/skaitytaknyga.lt\/wp-content\/uploads\/2024\/07\/IMG_9434-scaled.jpg","datePublished":"2023-07-01T12:15:41+00:00","dateModified":"2026-03-05T08:36:25+00:00","description":"SUVIO - comfortable, distinctive, natural and cosy urban style clothing. It is handmade from the first to the last seam. One of SUVIO's main creative directions is the unique embroidery of clothing reflecting a personal hero, a beloved pet, a child's favourite toy, or even a note or a quotation, which is how this book-lovers' T-shirt was born. SUVIO - patogi, savita, nat\u016brali ir jauki urban stiliaus apranga. Tai rank\u0173 darbas nuo pirmos iki paskutin\u0117s si\u016bl\u0117s. Viena i\u0161 svarbi\u0173 SUVIO k\u016brybos kryp\u010di\u0173 \u2013 unikalus r\u016bbo siuvin\u0117jimas, atspindintis asmenin\u012f heroj\u0173, mylim\u0105 augintin\u012f, m\u0117gstamiausi\u0105 vaiko \u017eaisl\u0105 ar netgi u\u017era\u0161\u0105, citat\u0105, - taip gim\u0117 ir \u0161ie, knyg\u0173 myl\u0117tojams, dedikuoti mar\u0161kin\u0117liai.","breadcrumb":{"@id":"https:\/\/skaitytaknyga.lt\/produktas\/nemezide\/#breadcrumb"},"inLanguage":"en-GB","potentialAction":[{"@type":"ReadAction","target":["https:\/\/skaitytaknyga.lt\/produktas\/nemezide\/"]}]},{"@type":"ImageObject","inLanguage":"en-GB","@id":"https:\/\/skaitytaknyga.lt\/produktas\/nemezide\/#primaryimage","url":"https:\/\/skaitytaknyga.lt\/wp-content\/uploads\/2024\/07\/IMG_9434-scaled.jpg","contentUrl":"https:\/\/skaitytaknyga.lt\/wp-content\/uploads\/2024\/07\/IMG_9434-scaled.jpg","width":2560,"height":1707,"caption":"mar\u0161kin\u0117liai su siuviniu"},{"@type":"BreadcrumbList","@id":"https:\/\/skaitytaknyga.lt\/produktas\/nemezide\/#breadcrumb","itemListElement":[{"@type":"ListItem","position":1,"name":"Home","item":"https:\/\/skaitytaknyga.lt\/"},{"@type":"ListItem","position":2,"name":"Parduotuv\u0117","item":"https:\/\/skaitytaknyga.lt\/knygu-parduotuve\/"},{"@type":"ListItem","position":3,"name":"Nemezid\u0117"}]},{"@type":"WebSite","@id":"https:\/\/skaitytaknyga.lt\/#website","url":"https:\/\/skaitytaknyga.lt\/","name":"skaitytaknyga.lt","description":"Skaitytaknyga.lt \u2013 tai ma\u017eas \u0161eimos verslas, kuris prasid\u0117jo nuo meil\u0117s knygoms ir siekio i\u0161gelb\u0117ti knygas nuo likimo prie konteinerio. Kas vienam nereikalingas daiktas \u2013 kitam lobis, o mes esame tarpininkai, kurie padeda abiems tapti laimingesniems ???? \u017dinome kaip nelengva i\u0161gyventi ma\u017eiems verslams, tad nuo \u0161iol, \u010dia rasite ir kit\u0173, ma\u017e\u0173 \u0161eim\u0173 versl\u0173, rank\u0173 darbo, dovan\u0173 sau ir artimiesiems.","publisher":{"@id":"https:\/\/skaitytaknyga.lt\/#organization"},"potentialAction":[{"@type":"SearchAction","target":{"@type":"EntryPoint","urlTemplate":"https:\/\/skaitytaknyga.lt\/?s={search_term_string}"},"query-input":{"@type":"PropertyValueSpecification","valueRequired":true,"valueName":"search_term_string"}}],"inLanguage":"en-GB"},{"@type":"Organization","@id":"https:\/\/skaitytaknyga.lt\/#organization","name":"skaitytaknyga.lt","url":"https:\/\/skaitytaknyga.lt\/","logo":{"@type":"ImageObject","inLanguage":"en-GB","@id":"https:\/\/skaitytaknyga.lt\/#\/schema\/logo\/image\/","url":"https:\/\/skaitytaknyga.lt\/wp-content\/uploads\/2024\/05\/cropped-cropped-cropped-02_00843_jt3bggkj1j3HLc7SyY6rEUpg.jpeg","contentUrl":"https:\/\/skaitytaknyga.lt\/wp-content\/uploads\/2024\/05\/cropped-cropped-cropped-02_00843_jt3bggkj1j3HLc7SyY6rEUpg.jpeg","width":1600,"height":1600,"caption":"skaitytaknyga.lt"},"image":{"@id":"https:\/\/skaitytaknyga.lt\/#\/schema\/logo\/image\/"},"sameAs":["https:\/\/www.facebook.com\/skaitytaknyga\/"]}]}},"_links":{"self":[{"href":"https:\/\/skaitytaknyga.lt\/en\/wp-json\/wp\/v2\/product\/12462","targetHints":{"allow":["GET"]}}],"collection":[{"href":"https:\/\/skaitytaknyga.lt\/en\/wp-json\/wp\/v2\/product"}],"about":[{"href":"https:\/\/skaitytaknyga.lt\/en\/wp-json\/wp\/v2\/types\/product"}],"replies":[{"embeddable":true,"href":"https:\/\/skaitytaknyga.lt\/en\/wp-json\/wp\/v2\/comments?post=12462"}],"wp:featuredmedia":[{"embeddable":true,"href":"https:\/\/skaitytaknyga.lt\/en\/wp-json\/wp\/v2\/media\/12474"}],"wp:attachment":[{"href":"https:\/\/skaitytaknyga.lt\/en\/wp-json\/wp\/v2\/media?parent=12462"}],"wp:term":[{"taxonomy":"product_brand","embeddable":true,"href":"https:\/\/skaitytaknyga.lt\/en\/wp-json\/wp\/v2\/product_brand?post=12462"},{"taxonomy":"product_cat","embeddable":true,"href":"https:\/\/skaitytaknyga.lt\/en\/wp-json\/wp\/v2\/product_cat?post=12462"},{"taxonomy":"product_tag","embeddable":true,"href":"https:\/\/skaitytaknyga.lt\/en\/wp-json\/wp\/v2\/product_tag?post=12462"}],"curies":[{"name":"wp","href":"https:\/\/api.w.org\/{rel}","templated":true}]}}