{"id":12357,"date":"2024-06-28T21:55:48","date_gmt":"2024-06-28T18:55:48","guid":{"rendered":"https:\/\/skaitytaknyga.lt\/?post_type=product&#038;p=12357"},"modified":"2024-09-18T22:01:57","modified_gmt":"2024-09-18T19:01:57","slug":"gyvenimas-meile-juokas","status":"publish","type":"product","link":"https:\/\/skaitytaknyga.lt\/en\/produktas\/gyvenimas-meile-juokas\/","title":{"rendered":"Osho \u201eGyvenimas, meil\u0117, juokas\u201c"},"content":{"rendered":"","protected":false},"excerpt":{"rendered":"<p>Knygoje\u00a0<strong>\u201eGyvenimas, meil\u0117, juokas\u201c<\/strong>\u00a0vienas did\u017eiausi\u0173 XX am\u017eiaus filosof\u0173\u00a0<strong>Osho<\/strong>\u00a0kalba apie dalykus, kuri\u0173 tr\u016bksta dabartiniam \u017emogui, kad jis nekent\u0117t\u0173 ir jaust\u0173si i\u0161 tikr\u0173j\u0173 gyvas. Knyga pasi\u017eymi originaliu stiliumi ir a\u0161triu humoru, knygoje daug m\u016bs\u0173 \u0161iuolaikin\u0117s visuomen\u0117s kritikos.<\/p>\n<p>***<\/p>\n<p>Gyvenimas pats savaime n\u0117ra prasmingas. B\u016bt\u0173 prasmingas, jeigu gal\u0117tume dainuoti am\u017einyb\u0117s dain\u0105. B\u016bt\u0173 prasmingas, jeigu gal\u0117tume skleisti dievi\u0161kumo aromat\u0105. B\u016bt\u0173 prasmingas, jeigu gal\u0117tume tapti nemirtingu ir am\u017einu lotoso \u017eiedu. Jei taptume gryn\u0105ja meile, jeigu pagausintume b\u016bties gro\u017e\u012f, jeigu imtume laiminti b\u016bt\u012f \u2013 \u0161tai tada gyvenimas \u012fgaut\u0173 prasm\u0119, antraip jis bus visi\u0161kai nereik\u0161mingas. Gyvenimas bus tarsi tu\u0161\u010dia drob\u0117. Ji gali tokia likti vis\u0105 j\u016bs\u0173 gyvenim\u0105, j\u016bs galite numirti tur\u0117dami \u0161i\u0105 tu\u0161\u010di\u0105 drob\u0119, bet gal geriau k\u0105 nors joje nutapykite!<\/p>\n<p>Gyvenimo prasm\u0119 turime sukurti mes patys. Gyvenimo prasm\u0117 n\u0117ra duodama. Bet duodama laisv\u0117, duodamas k\u016brybi\u0161kumas, duodamas pats gyvenimas, taigi turite visk\u0105, ko reikia, kad gal\u0117tum\u0117te sukurti gyvenimo prasm\u0119. Turite visas b\u016btinas sudedam\u0105sias dalis. Jos yra mums duotos, o prasm\u0117 n\u0117ra duota. Prasm\u0119 turime patys susikurti. Patys turime tapti k\u016br\u0117jais. Kai patys tapsime k\u016br\u0117jais, kai imsime bendradarbiauti su Dievu, drauge tapsime Jo dalimi<\/p>\n","protected":false},"featured_media":12358,"comment_status":"closed","ping_status":"closed","template":"","meta":{"_acf_changed":false,"site-sidebar-layout":"default","site-content-layout":"","ast-site-content-layout":"default","site-content-style":"default","site-sidebar-style":"default","ast-global-header-display":"","ast-banner-title-visibility":"","ast-main-header-display":"","ast-hfb-above-header-display":"","ast-hfb-below-header-display":"","ast-hfb-mobile-header-display":"","site-post-title":"","ast-breadcrumbs-content":"","ast-featured-img":"","footer-sml-layout":"","ast-disable-related-posts":"","theme-transparent-header-meta":"default","adv-header-id-meta":"","stick-header-meta":"","header-above-stick-meta":"","header-main-stick-meta":"","header-below-stick-meta":"","astra-migrate-meta-layouts":"set","ast-page-background-enabled":"default","ast-page-background-meta":{"desktop":{"background-color":"","background-image":"","background-repeat":"repeat","background-position":"center center","background-size":"auto","background-attachment":"scroll","background-type":"","background-media":"","overlay-type":"","overlay-color":"","overlay-opacity":"","overlay-gradient":""},"tablet":{"background-color":"","background-image":"","background-repeat":"repeat","background-position":"center center","background-size":"auto","background-attachment":"scroll","background-type":"","background-media":"","overlay-type":"","overlay-color":"","overlay-opacity":"","overlay-gradient":""},"mobile":{"background-color":"","background-image":"","background-repeat":"repeat","background-position":"center center","background-size":"auto","background-attachment":"scroll","background-type":"","background-media":"","overlay-type":"","overlay-color":"","overlay-opacity":"","overlay-gradient":""}},"ast-content-background-meta":{"desktop":{"background-color":"var(--ast-global-color-4)","background-image":"","background-repeat":"repeat","background-position":"center center","background-size":"auto","background-attachment":"scroll","background-type":"","background-media":"","overlay-type":"","overlay-color":"","overlay-opacity":"","overlay-gradient":""},"tablet":{"background-color":"var(--ast-global-color-4)","background-image":"","background-repeat":"repeat","background-position":"center center","background-size":"auto","background-attachment":"scroll","background-type":"","background-media":"","overlay-type":"","overlay-color":"","overlay-opacity":"","overlay-gradient":""},"mobile":{"background-color":"var(--ast-global-color-4)","background-image":"","background-repeat":"repeat","background-position":"center center","background-size":"auto","background-attachment":"scroll","background-type":"","background-media":"","overlay-type":"","overlay-color":"","overlay-opacity":"","overlay-gradient":""}}},"product_brand":[],"product_cat":[30],"product_tag":[],"class_list":{"0":"post-12357","1":"product","2":"type-product","3":"status-publish","4":"has-post-thumbnail","6":"product_cat-psichologija-ir-saviugda","7":"desktop-align-left","8":"tablet-align-left","9":"mobile-align-left","11":"first","12":"outofstock","13":"shipping-taxable","14":"purchasable","15":"product-type-simple"},"acf":[],"yoast_head":"<!-- This site is optimized with the Yoast SEO plugin v27.0 - https:\/\/yoast.com\/product\/yoast-seo-wordpress\/ -->\n<title>Osho \u201eGyvenimas, meil\u0117, juokas\u201c<\/title>\n<meta name=\"description\" content=\"Knygoje\u00a0\u201eGyvenimas, meil\u0117, juokas\u201c\u00a0vienas did\u017eiausi\u0173 XX am\u017eiaus filosof\u0173\u00a0Osho\u00a0kalba apie dalykus, kuri\u0173 tr\u016bksta dabartiniam \u017emogui, kad jis nekent\u0117t\u0173 ir jaust\u0173si i\u0161 tikr\u0173j\u0173 gyvas. Knyga pasi\u017eymi originaliu stiliumi ir a\u0161triu humoru, knygoje daug m\u016bs\u0173 \u0161iuolaikin\u0117s visuomen\u0117s kritikos.\" \/>\n<meta name=\"robots\" content=\"index, follow, max-snippet:-1, max-image-preview:large, max-video-preview:-1\" \/>\n<link rel=\"canonical\" href=\"https:\/\/skaitytaknyga.lt\/en\/produktas\/gyvenimas-meile-juokas\/\" \/>\n<meta property=\"og:locale\" content=\"en_GB\" \/>\n<meta property=\"og:locale:alternate\" content=\"lt_LT\" \/>\n<meta property=\"og:type\" content=\"article\" \/>\n<meta property=\"og:title\" content=\"Osho \u201eGyvenimas, meil\u0117, juokas\u201c\" \/>\n<meta property=\"og:description\" content=\"Knygoje\u00a0\u201eGyvenimas, meil\u0117, juokas\u201c\u00a0vienas did\u017eiausi\u0173 XX am\u017eiaus filosof\u0173\u00a0Osho\u00a0kalba apie dalykus, kuri\u0173 tr\u016bksta dabartiniam \u017emogui, kad jis nekent\u0117t\u0173 ir jaust\u0173si i\u0161 tikr\u0173j\u0173 gyvas. Knyga pasi\u017eymi originaliu stiliumi ir a\u0161triu humoru, knygoje daug m\u016bs\u0173 \u0161iuolaikin\u0117s visuomen\u0117s kritikos.\" \/>\n<meta property=\"og:url\" content=\"https:\/\/skaitytaknyga.lt\/en\/produktas\/gyvenimas-meile-juokas\/\" \/>\n<meta property=\"og:site_name\" content=\"Skaitytaknyga\" \/>\n<meta property=\"article:publisher\" content=\"https:\/\/www.facebook.com\/skaitytaknyga\/\" \/>\n<meta property=\"article:modified_time\" content=\"2024-09-18T19:01:57+00:00\" \/>\n<meta property=\"og:image\" content=\"https:\/\/skaitytaknyga.lt\/wp-content\/uploads\/2024\/06\/Be-pavadinimo-24.webp\" \/>\n\t<meta property=\"og:image:width\" content=\"342\" \/>\n\t<meta property=\"og:image:height\" content=\"547\" \/>\n\t<meta property=\"og:image:type\" content=\"image\/webp\" \/>\n<meta name=\"twitter:card\" content=\"summary_large_image\" \/>\n<meta name=\"twitter:label1\" content=\"Estimated reading time\" \/>\n\t<meta name=\"twitter:data1\" content=\"1 minute\" \/>\n<script type=\"application\/ld+json\" class=\"yoast-schema-graph\">{\"@context\":\"https:\/\/schema.org\",\"@graph\":[{\"@type\":\"WebPage\",\"@id\":\"https:\/\/skaitytaknyga.lt\/produktas\/gyvenimas-meile-juokas\/\",\"url\":\"https:\/\/skaitytaknyga.lt\/produktas\/gyvenimas-meile-juokas\/\",\"name\":\"Osho \u201eGyvenimas, meil\u0117, juokas\u201c\",\"isPartOf\":{\"@id\":\"https:\/\/skaitytaknyga.lt\/#website\"},\"primaryImageOfPage\":{\"@id\":\"https:\/\/skaitytaknyga.lt\/produktas\/gyvenimas-meile-juokas\/#primaryimage\"},\"image\":{\"@id\":\"https:\/\/skaitytaknyga.lt\/produktas\/gyvenimas-meile-juokas\/#primaryimage\"},\"thumbnailUrl\":\"https:\/\/skaitytaknyga.lt\/wp-content\/uploads\/2024\/06\/Be-pavadinimo-24.webp\",\"datePublished\":\"2024-06-28T18:55:48+00:00\",\"dateModified\":\"2024-09-18T19:01:57+00:00\",\"description\":\"Knygoje\u00a0\u201eGyvenimas, meil\u0117, juokas\u201c\u00a0vienas did\u017eiausi\u0173 XX am\u017eiaus filosof\u0173\u00a0Osho\u00a0kalba apie dalykus, kuri\u0173 tr\u016bksta dabartiniam \u017emogui, kad jis nekent\u0117t\u0173 ir jaust\u0173si i\u0161 tikr\u0173j\u0173 gyvas. Knyga pasi\u017eymi originaliu stiliumi ir a\u0161triu humoru, knygoje daug m\u016bs\u0173 \u0161iuolaikin\u0117s visuomen\u0117s kritikos.\",\"breadcrumb\":{\"@id\":\"https:\/\/skaitytaknyga.lt\/produktas\/gyvenimas-meile-juokas\/#breadcrumb\"},\"inLanguage\":\"en-GB\",\"potentialAction\":[{\"@type\":\"ReadAction\",\"target\":[\"https:\/\/skaitytaknyga.lt\/produktas\/gyvenimas-meile-juokas\/\"]}]},{\"@type\":\"ImageObject\",\"inLanguage\":\"en-GB\",\"@id\":\"https:\/\/skaitytaknyga.lt\/produktas\/gyvenimas-meile-juokas\/#primaryimage\",\"url\":\"https:\/\/skaitytaknyga.lt\/wp-content\/uploads\/2024\/06\/Be-pavadinimo-24.webp\",\"contentUrl\":\"https:\/\/skaitytaknyga.lt\/wp-content\/uploads\/2024\/06\/Be-pavadinimo-24.webp\",\"width\":342,\"height\":547,\"caption\":\"Gyvenimas, meil\u0117, juokas\"},{\"@type\":\"BreadcrumbList\",\"@id\":\"https:\/\/skaitytaknyga.lt\/produktas\/gyvenimas-meile-juokas\/#breadcrumb\",\"itemListElement\":[{\"@type\":\"ListItem\",\"position\":1,\"name\":\"Home\",\"item\":\"https:\/\/skaitytaknyga.lt\/\"},{\"@type\":\"ListItem\",\"position\":2,\"name\":\"Parduotuv\u0117\",\"item\":\"https:\/\/skaitytaknyga.lt\/knygu-parduotuve\/\"},{\"@type\":\"ListItem\",\"position\":3,\"name\":\"Osho \u201eGyvenimas, meil\u0117, juokas\u201c\"}]},{\"@type\":\"WebSite\",\"@id\":\"https:\/\/skaitytaknyga.lt\/#website\",\"url\":\"https:\/\/skaitytaknyga.lt\/\",\"name\":\"skaitytaknyga.lt\",\"description\":\"Skaitytaknyga.lt \u2013 tai ma\u017eas \u0161eimos verslas, kuris prasid\u0117jo nuo meil\u0117s knygoms ir siekio i\u0161gelb\u0117ti knygas nuo likimo prie konteinerio. Kas vienam nereikalingas daiktas \u2013 kitam lobis, o mes esame tarpininkai, kurie padeda abiems tapti laimingesniems ???? \u017dinome kaip nelengva i\u0161gyventi ma\u017eiems verslams, tad nuo \u0161iol, \u010dia rasite ir kit\u0173, ma\u017e\u0173 \u0161eim\u0173 versl\u0173, rank\u0173 darbo, dovan\u0173 sau ir artimiesiems.\",\"publisher\":{\"@id\":\"https:\/\/skaitytaknyga.lt\/#organization\"},\"potentialAction\":[{\"@type\":\"SearchAction\",\"target\":{\"@type\":\"EntryPoint\",\"urlTemplate\":\"https:\/\/skaitytaknyga.lt\/?s={search_term_string}\"},\"query-input\":{\"@type\":\"PropertyValueSpecification\",\"valueRequired\":true,\"valueName\":\"search_term_string\"}}],\"inLanguage\":\"en-GB\"},{\"@type\":\"Organization\",\"@id\":\"https:\/\/skaitytaknyga.lt\/#organization\",\"name\":\"skaitytaknyga.lt\",\"url\":\"https:\/\/skaitytaknyga.lt\/\",\"logo\":{\"@type\":\"ImageObject\",\"inLanguage\":\"en-GB\",\"@id\":\"https:\/\/skaitytaknyga.lt\/#\/schema\/logo\/image\/\",\"url\":\"https:\/\/skaitytaknyga.lt\/wp-content\/uploads\/2024\/05\/cropped-cropped-cropped-02_00843_jt3bggkj1j3HLc7SyY6rEUpg.jpeg\",\"contentUrl\":\"https:\/\/skaitytaknyga.lt\/wp-content\/uploads\/2024\/05\/cropped-cropped-cropped-02_00843_jt3bggkj1j3HLc7SyY6rEUpg.jpeg\",\"width\":1600,\"height\":1600,\"caption\":\"skaitytaknyga.lt\"},\"image\":{\"@id\":\"https:\/\/skaitytaknyga.lt\/#\/schema\/logo\/image\/\"},\"sameAs\":[\"https:\/\/www.facebook.com\/skaitytaknyga\/\"]}]}<\/script>\n<!-- \/ Yoast SEO plugin. -->","yoast_head_json":{"title":"Osho \u201eGyvenimas, meil\u0117, juokas\u201c","description":"Knygoje\u00a0\u201eGyvenimas, meil\u0117, juokas\u201c\u00a0vienas did\u017eiausi\u0173 XX am\u017eiaus filosof\u0173\u00a0Osho\u00a0kalba apie dalykus, kuri\u0173 tr\u016bksta dabartiniam \u017emogui, kad jis nekent\u0117t\u0173 ir jaust\u0173si i\u0161 tikr\u0173j\u0173 gyvas. Knyga pasi\u017eymi originaliu stiliumi ir a\u0161triu humoru, knygoje daug m\u016bs\u0173 \u0161iuolaikin\u0117s visuomen\u0117s kritikos.","robots":{"index":"index","follow":"follow","max-snippet":"max-snippet:-1","max-image-preview":"max-image-preview:large","max-video-preview":"max-video-preview:-1"},"canonical":"https:\/\/skaitytaknyga.lt\/en\/produktas\/gyvenimas-meile-juokas\/","og_locale":"en_GB","og_type":"article","og_title":"[:lt]Osho \u201eGyvenimas, meil\u0117, juokas\u201c[:] - Skaitytaknyga","og_description":"Knygoje\u00a0\u201eGyvenimas, meil\u0117, juokas\u201c\u00a0vienas did\u017eiausi\u0173 XX am\u017eiaus filosof\u0173\u00a0Osho\u00a0kalba apie dalykus, kuri\u0173 tr\u016bksta dabartiniam \u017emogui, kad jis nekent\u0117t\u0173 ir jaust\u0173si i\u0161 tikr\u0173j\u0173 gyvas. Knyga pasi\u017eymi originaliu stiliumi ir a\u0161triu humoru, knygoje daug m\u016bs\u0173 \u0161iuolaikin\u0117s visuomen\u0117s kritikos.","og_url":"https:\/\/skaitytaknyga.lt\/en\/produktas\/gyvenimas-meile-juokas\/","og_site_name":"Skaitytaknyga","article_publisher":"https:\/\/www.facebook.com\/skaitytaknyga\/","article_modified_time":"2024-09-18T19:01:57+00:00","og_image":[{"width":342,"height":547,"url":"https:\/\/skaitytaknyga.lt\/wp-content\/uploads\/2024\/06\/Be-pavadinimo-24.webp","type":"image\/webp"}],"twitter_card":"summary_large_image","twitter_misc":{"Estimated reading time":"1 minute"},"schema":{"@context":"https:\/\/schema.org","@graph":[{"@type":"WebPage","@id":"https:\/\/skaitytaknyga.lt\/produktas\/gyvenimas-meile-juokas\/","url":"https:\/\/skaitytaknyga.lt\/produktas\/gyvenimas-meile-juokas\/","name":"Osho \u201eGyvenimas, meil\u0117, juokas\u201c","isPartOf":{"@id":"https:\/\/skaitytaknyga.lt\/#website"},"primaryImageOfPage":{"@id":"https:\/\/skaitytaknyga.lt\/produktas\/gyvenimas-meile-juokas\/#primaryimage"},"image":{"@id":"https:\/\/skaitytaknyga.lt\/produktas\/gyvenimas-meile-juokas\/#primaryimage"},"thumbnailUrl":"https:\/\/skaitytaknyga.lt\/wp-content\/uploads\/2024\/06\/Be-pavadinimo-24.webp","datePublished":"2024-06-28T18:55:48+00:00","dateModified":"2024-09-18T19:01:57+00:00","description":"Knygoje\u00a0\u201eGyvenimas, meil\u0117, juokas\u201c\u00a0vienas did\u017eiausi\u0173 XX am\u017eiaus filosof\u0173\u00a0Osho\u00a0kalba apie dalykus, kuri\u0173 tr\u016bksta dabartiniam \u017emogui, kad jis nekent\u0117t\u0173 ir jaust\u0173si i\u0161 tikr\u0173j\u0173 gyvas. Knyga pasi\u017eymi originaliu stiliumi ir a\u0161triu humoru, knygoje daug m\u016bs\u0173 \u0161iuolaikin\u0117s visuomen\u0117s kritikos.","breadcrumb":{"@id":"https:\/\/skaitytaknyga.lt\/produktas\/gyvenimas-meile-juokas\/#breadcrumb"},"inLanguage":"en-GB","potentialAction":[{"@type":"ReadAction","target":["https:\/\/skaitytaknyga.lt\/produktas\/gyvenimas-meile-juokas\/"]}]},{"@type":"ImageObject","inLanguage":"en-GB","@id":"https:\/\/skaitytaknyga.lt\/produktas\/gyvenimas-meile-juokas\/#primaryimage","url":"https:\/\/skaitytaknyga.lt\/wp-content\/uploads\/2024\/06\/Be-pavadinimo-24.webp","contentUrl":"https:\/\/skaitytaknyga.lt\/wp-content\/uploads\/2024\/06\/Be-pavadinimo-24.webp","width":342,"height":547,"caption":"Gyvenimas, meil\u0117, juokas"},{"@type":"BreadcrumbList","@id":"https:\/\/skaitytaknyga.lt\/produktas\/gyvenimas-meile-juokas\/#breadcrumb","itemListElement":[{"@type":"ListItem","position":1,"name":"Home","item":"https:\/\/skaitytaknyga.lt\/"},{"@type":"ListItem","position":2,"name":"Parduotuv\u0117","item":"https:\/\/skaitytaknyga.lt\/knygu-parduotuve\/"},{"@type":"ListItem","position":3,"name":"Osho \u201eGyvenimas, meil\u0117, juokas\u201c"}]},{"@type":"WebSite","@id":"https:\/\/skaitytaknyga.lt\/#website","url":"https:\/\/skaitytaknyga.lt\/","name":"skaitytaknyga.lt","description":"Skaitytaknyga.lt \u2013 tai ma\u017eas \u0161eimos verslas, kuris prasid\u0117jo nuo meil\u0117s knygoms ir siekio i\u0161gelb\u0117ti knygas nuo likimo prie konteinerio. Kas vienam nereikalingas daiktas \u2013 kitam lobis, o mes esame tarpininkai, kurie padeda abiems tapti laimingesniems ???? \u017dinome kaip nelengva i\u0161gyventi ma\u017eiems verslams, tad nuo \u0161iol, \u010dia rasite ir kit\u0173, ma\u017e\u0173 \u0161eim\u0173 versl\u0173, rank\u0173 darbo, dovan\u0173 sau ir artimiesiems.","publisher":{"@id":"https:\/\/skaitytaknyga.lt\/#organization"},"potentialAction":[{"@type":"SearchAction","target":{"@type":"EntryPoint","urlTemplate":"https:\/\/skaitytaknyga.lt\/?s={search_term_string}"},"query-input":{"@type":"PropertyValueSpecification","valueRequired":true,"valueName":"search_term_string"}}],"inLanguage":"en-GB"},{"@type":"Organization","@id":"https:\/\/skaitytaknyga.lt\/#organization","name":"skaitytaknyga.lt","url":"https:\/\/skaitytaknyga.lt\/","logo":{"@type":"ImageObject","inLanguage":"en-GB","@id":"https:\/\/skaitytaknyga.lt\/#\/schema\/logo\/image\/","url":"https:\/\/skaitytaknyga.lt\/wp-content\/uploads\/2024\/05\/cropped-cropped-cropped-02_00843_jt3bggkj1j3HLc7SyY6rEUpg.jpeg","contentUrl":"https:\/\/skaitytaknyga.lt\/wp-content\/uploads\/2024\/05\/cropped-cropped-cropped-02_00843_jt3bggkj1j3HLc7SyY6rEUpg.jpeg","width":1600,"height":1600,"caption":"skaitytaknyga.lt"},"image":{"@id":"https:\/\/skaitytaknyga.lt\/#\/schema\/logo\/image\/"},"sameAs":["https:\/\/www.facebook.com\/skaitytaknyga\/"]}]}},"_links":{"self":[{"href":"https:\/\/skaitytaknyga.lt\/en\/wp-json\/wp\/v2\/product\/12357","targetHints":{"allow":["GET"]}}],"collection":[{"href":"https:\/\/skaitytaknyga.lt\/en\/wp-json\/wp\/v2\/product"}],"about":[{"href":"https:\/\/skaitytaknyga.lt\/en\/wp-json\/wp\/v2\/types\/product"}],"replies":[{"embeddable":true,"href":"https:\/\/skaitytaknyga.lt\/en\/wp-json\/wp\/v2\/comments?post=12357"}],"wp:featuredmedia":[{"embeddable":true,"href":"https:\/\/skaitytaknyga.lt\/en\/wp-json\/wp\/v2\/media\/12358"}],"wp:attachment":[{"href":"https:\/\/skaitytaknyga.lt\/en\/wp-json\/wp\/v2\/media?parent=12357"}],"wp:term":[{"taxonomy":"product_brand","embeddable":true,"href":"https:\/\/skaitytaknyga.lt\/en\/wp-json\/wp\/v2\/product_brand?post=12357"},{"taxonomy":"product_cat","embeddable":true,"href":"https:\/\/skaitytaknyga.lt\/en\/wp-json\/wp\/v2\/product_cat?post=12357"},{"taxonomy":"product_tag","embeddable":true,"href":"https:\/\/skaitytaknyga.lt\/en\/wp-json\/wp\/v2\/product_tag?post=12357"}],"curies":[{"name":"wp","href":"https:\/\/api.w.org\/{rel}","templated":true}]}}