{"id":12354,"date":"2024-06-28T21:50:01","date_gmt":"2024-06-28T18:50:01","guid":{"rendered":"https:\/\/skaitytaknyga.lt\/?post_type=product&#038;p=12354"},"modified":"2025-07-12T11:57:58","modified_gmt":"2025-07-12T08:57:58","slug":"https-skaitytaknyga-lt-product-jean-shinoda-bolen-psichologijos-dao-kaip-suprasti-akimirkas-palieciancias-ir-keiciancias-musu-gyvenimus-kopija","status":"publish","type":"product","link":"https:\/\/skaitytaknyga.lt\/en\/produktas\/https-skaitytaknyga-lt-product-jean-shinoda-bolen-psichologijos-dao-kaip-suprasti-akimirkas-palieciancias-ir-keiciancias-musu-gyvenimus-kopija\/","title":{"rendered":"Gyvenimo paslaptys kiekvienai moteriai"},"content":{"rendered":"","protected":false},"excerpt":{"rendered":"<p><strong>Barbara de Angelis<\/strong> knygoje \u201eGyvenimo paslaptys kiekvienai moteriai\u201c atskleid\u017eia paslaptis, kurios gali pakeisti j\u016bs\u0173 gyvenim\u0105:<\/p>\n<ul>\n<li>Visa, ko reikia laimei, yra jumyse<\/li>\n<li>J\u016bs\u0173 gyvenimo tikslas \u2013 i\u0161siygdyti tobul\u0105 asmenyb\u0119<\/li>\n<li>Permaina yra nei\u0161vengiama, taigi liaukit\u0117s prie\u0161intis ir pasiduokite gyvenimo t\u0117kmei<\/li>\n<li>Visi kliuviniai yra u\u017esl\u0117ptos pamokos \u2013 gerbkite juos ir mokykit\u0117s i\u0161 j\u0173<\/li>\n<li>J\u016bs\u0173 protas kuria j\u016bs\u0173 tikrov\u0117s potyr\u012f, taigi i\u0161mokite pajungti prot\u0105 sau<\/li>\n<li>Baim\u0117 pasiglem\u0161 j\u016bs\u0173 aktyvum\u0105 \u2013 ugdykite dr\u0105s\u0105, nepasiduokite baimei<\/li>\n<li>Pirmiausia privalote myl\u0117ti save, tuomet gal\u0117site myl\u0117ti kitus ir tik\u0117tis meil\u0117s i\u0161 j\u0173.<\/li>\n<\/ul>\n","protected":false},"featured_media":12355,"comment_status":"closed","ping_status":"closed","template":"","meta":{"_acf_changed":false,"site-sidebar-layout":"default","site-content-layout":"","ast-site-content-layout":"default","site-content-style":"default","site-sidebar-style":"default","ast-global-header-display":"","ast-banner-title-visibility":"","ast-main-header-display":"","ast-hfb-above-header-display":"","ast-hfb-below-header-display":"","ast-hfb-mobile-header-display":"","site-post-title":"","ast-breadcrumbs-content":"","ast-featured-img":"","footer-sml-layout":"","ast-disable-related-posts":"","theme-transparent-header-meta":"default","adv-header-id-meta":"","stick-header-meta":"","header-above-stick-meta":"","header-main-stick-meta":"","header-below-stick-meta":"","astra-migrate-meta-layouts":"set","ast-page-background-enabled":"default","ast-page-background-meta":{"desktop":{"background-color":"","background-image":"","background-repeat":"repeat","background-position":"center center","background-size":"auto","background-attachment":"scroll","background-type":"","background-media":"","overlay-type":"","overlay-color":"","overlay-opacity":"","overlay-gradient":""},"tablet":{"background-color":"","background-image":"","background-repeat":"repeat","background-position":"center center","background-size":"auto","background-attachment":"scroll","background-type":"","background-media":"","overlay-type":"","overlay-color":"","overlay-opacity":"","overlay-gradient":""},"mobile":{"background-color":"","background-image":"","background-repeat":"repeat","background-position":"center center","background-size":"auto","background-attachment":"scroll","background-type":"","background-media":"","overlay-type":"","overlay-color":"","overlay-opacity":"","overlay-gradient":""}},"ast-content-background-meta":{"desktop":{"background-color":"var(--ast-global-color-4)","background-image":"","background-repeat":"repeat","background-position":"center center","background-size":"auto","background-attachment":"scroll","background-type":"","background-media":"","overlay-type":"","overlay-color":"","overlay-opacity":"","overlay-gradient":""},"tablet":{"background-color":"var(--ast-global-color-4)","background-image":"","background-repeat":"repeat","background-position":"center center","background-size":"auto","background-attachment":"scroll","background-type":"","background-media":"","overlay-type":"","overlay-color":"","overlay-opacity":"","overlay-gradient":""},"mobile":{"background-color":"var(--ast-global-color-4)","background-image":"","background-repeat":"repeat","background-position":"center center","background-size":"auto","background-attachment":"scroll","background-type":"","background-media":"","overlay-type":"","overlay-color":"","overlay-opacity":"","overlay-gradient":""}}},"product_brand":[],"product_cat":[30],"product_tag":[],"class_list":{"0":"post-12354","1":"product","2":"type-product","3":"status-publish","4":"has-post-thumbnail","6":"product_cat-psichologija-ir-saviugda","7":"desktop-align-left","8":"tablet-align-left","9":"mobile-align-left","11":"first","12":"instock","13":"shipping-taxable","14":"purchasable","15":"product-type-simple"},"acf":[],"yoast_head":"<!-- This site is optimized with the Yoast SEO plugin v27.0 - https:\/\/yoast.com\/product\/yoast-seo-wordpress\/ -->\n<title>Gyvenimo paslaptys kiekvienai moteriai<\/title>\n<meta name=\"description\" content=\"Barbara de Angelis knygoje \u201eGyvenimo paslaptys kiekvienai moteriai\u201c atskleid\u017eia paslaptis, kurios gali pakeisti j\u016bs\u0173 gyvenim\u0105:   Visa, ko reikia laimei, yra jumyse  J\u016bs\u0173 gyvenimo tikslas \u2013 i\u0161siygdyti tobul\u0105 asmenyb\u0119  Permaina yra nei\u0161vengiama, taigi liaukit\u0117s prie\u0161intis ir pasiduokite gyvenimo t\u0117kmei  Visi kliuviniai yra u\u017esl\u0117ptos pamokos \u2013 gerbkite juos ir mokykit\u0117s i\u0161 j\u0173  J\u016bs\u0173 protas kuria j\u016bs\u0173 tikrov\u0117s potyr\u012f, taigi i\u0161mokite pajungti prot\u0105 sau  Baim\u0117 pasiglem\u0161 j\u016bs\u0173 aktyvum\u0105 \u2013 ugdykite dr\u0105s\u0105, nepasiduokite baimei  Pirmiausia privalote myl\u0117ti save, tuomet gal\u0117site myl\u0117ti kitus ir tik\u0117tis meil\u0117s i\u0161 j\u0173.\" \/>\n<meta name=\"robots\" content=\"index, follow, max-snippet:-1, max-image-preview:large, max-video-preview:-1\" \/>\n<link rel=\"canonical\" href=\"https:\/\/skaitytaknyga.lt\/en\/produktas\/https-skaitytaknyga-lt-product-jean-shinoda-bolen-psichologijos-dao-kaip-suprasti-akimirkas-palieciancias-ir-keiciancias-musu-gyvenimus-kopija\/\" \/>\n<meta property=\"og:locale\" content=\"en_GB\" \/>\n<meta property=\"og:locale:alternate\" content=\"lt_LT\" \/>\n<meta property=\"og:type\" content=\"article\" \/>\n<meta property=\"og:title\" content=\"Gyvenimo paslaptys kiekvienai moteriai\" \/>\n<meta property=\"og:description\" content=\"Barbara de Angelis knygoje \u201eGyvenimo paslaptys kiekvienai moteriai\u201c atskleid\u017eia paslaptis, kurios gali pakeisti j\u016bs\u0173 gyvenim\u0105:   Visa, ko reikia laimei, yra jumyse  J\u016bs\u0173 gyvenimo tikslas \u2013 i\u0161siygdyti tobul\u0105 asmenyb\u0119  Permaina yra nei\u0161vengiama, taigi liaukit\u0117s prie\u0161intis ir pasiduokite gyvenimo t\u0117kmei  Visi kliuviniai yra u\u017esl\u0117ptos pamokos \u2013 gerbkite juos ir mokykit\u0117s i\u0161 j\u0173  J\u016bs\u0173 protas kuria j\u016bs\u0173 tikrov\u0117s potyr\u012f, taigi i\u0161mokite pajungti prot\u0105 sau  Baim\u0117 pasiglem\u0161 j\u016bs\u0173 aktyvum\u0105 \u2013 ugdykite dr\u0105s\u0105, nepasiduokite baimei  Pirmiausia privalote myl\u0117ti save, tuomet gal\u0117site myl\u0117ti kitus ir tik\u0117tis meil\u0117s i\u0161 j\u0173.\" \/>\n<meta property=\"og:url\" content=\"https:\/\/skaitytaknyga.lt\/en\/produktas\/https-skaitytaknyga-lt-product-jean-shinoda-bolen-psichologijos-dao-kaip-suprasti-akimirkas-palieciancias-ir-keiciancias-musu-gyvenimus-kopija\/\" \/>\n<meta property=\"og:site_name\" content=\"Skaitytaknyga\" \/>\n<meta property=\"article:publisher\" content=\"https:\/\/www.facebook.com\/skaitytaknyga\/\" \/>\n<meta property=\"article:modified_time\" content=\"2025-07-12T08:57:58+00:00\" \/>\n<meta property=\"og:image\" content=\"https:\/\/skaitytaknyga.lt\/wp-content\/uploads\/2024\/06\/img-main.webp\" \/>\n\t<meta property=\"og:image:width\" content=\"242\" \/>\n\t<meta property=\"og:image:height\" content=\"405\" \/>\n\t<meta property=\"og:image:type\" content=\"image\/webp\" \/>\n<meta name=\"twitter:card\" content=\"summary_large_image\" \/>\n<meta name=\"twitter:label1\" content=\"Estimated reading time\" \/>\n\t<meta name=\"twitter:data1\" content=\"1 minute\" \/>\n<script type=\"application\/ld+json\" class=\"yoast-schema-graph\">{\"@context\":\"https:\/\/schema.org\",\"@graph\":[{\"@type\":\"WebPage\",\"@id\":\"https:\/\/skaitytaknyga.lt\/produktas\/https-skaitytaknyga-lt-product-jean-shinoda-bolen-psichologijos-dao-kaip-suprasti-akimirkas-palieciancias-ir-keiciancias-musu-gyvenimus-kopija\/\",\"url\":\"https:\/\/skaitytaknyga.lt\/produktas\/https-skaitytaknyga-lt-product-jean-shinoda-bolen-psichologijos-dao-kaip-suprasti-akimirkas-palieciancias-ir-keiciancias-musu-gyvenimus-kopija\/\",\"name\":\"Gyvenimo paslaptys kiekvienai moteriai\",\"isPartOf\":{\"@id\":\"https:\/\/skaitytaknyga.lt\/#website\"},\"primaryImageOfPage\":{\"@id\":\"https:\/\/skaitytaknyga.lt\/produktas\/https-skaitytaknyga-lt-product-jean-shinoda-bolen-psichologijos-dao-kaip-suprasti-akimirkas-palieciancias-ir-keiciancias-musu-gyvenimus-kopija\/#primaryimage\"},\"image\":{\"@id\":\"https:\/\/skaitytaknyga.lt\/produktas\/https-skaitytaknyga-lt-product-jean-shinoda-bolen-psichologijos-dao-kaip-suprasti-akimirkas-palieciancias-ir-keiciancias-musu-gyvenimus-kopija\/#primaryimage\"},\"thumbnailUrl\":\"https:\/\/skaitytaknyga.lt\/wp-content\/uploads\/2024\/06\/img-main.webp\",\"datePublished\":\"2024-06-28T18:50:01+00:00\",\"dateModified\":\"2025-07-12T08:57:58+00:00\",\"description\":\"Barbara de Angelis knygoje \u201eGyvenimo paslaptys kiekvienai moteriai\u201c atskleid\u017eia paslaptis, kurios gali pakeisti j\u016bs\u0173 gyvenim\u0105: Visa, ko reikia laimei, yra jumyse J\u016bs\u0173 gyvenimo tikslas \u2013 i\u0161siygdyti tobul\u0105 asmenyb\u0119 Permaina yra nei\u0161vengiama, taigi liaukit\u0117s prie\u0161intis ir pasiduokite gyvenimo t\u0117kmei Visi kliuviniai yra u\u017esl\u0117ptos pamokos \u2013 gerbkite juos ir mokykit\u0117s i\u0161 j\u0173 J\u016bs\u0173 protas kuria j\u016bs\u0173 tikrov\u0117s potyr\u012f, taigi i\u0161mokite pajungti prot\u0105 sau Baim\u0117 pasiglem\u0161 j\u016bs\u0173 aktyvum\u0105 \u2013 ugdykite dr\u0105s\u0105, nepasiduokite baimei Pirmiausia privalote myl\u0117ti save, tuomet gal\u0117site myl\u0117ti kitus ir tik\u0117tis meil\u0117s i\u0161 j\u0173.\",\"breadcrumb\":{\"@id\":\"https:\/\/skaitytaknyga.lt\/produktas\/https-skaitytaknyga-lt-product-jean-shinoda-bolen-psichologijos-dao-kaip-suprasti-akimirkas-palieciancias-ir-keiciancias-musu-gyvenimus-kopija\/#breadcrumb\"},\"inLanguage\":\"en-GB\",\"potentialAction\":[{\"@type\":\"ReadAction\",\"target\":[\"https:\/\/skaitytaknyga.lt\/produktas\/https-skaitytaknyga-lt-product-jean-shinoda-bolen-psichologijos-dao-kaip-suprasti-akimirkas-palieciancias-ir-keiciancias-musu-gyvenimus-kopija\/\"]}]},{\"@type\":\"ImageObject\",\"inLanguage\":\"en-GB\",\"@id\":\"https:\/\/skaitytaknyga.lt\/produktas\/https-skaitytaknyga-lt-product-jean-shinoda-bolen-psichologijos-dao-kaip-suprasti-akimirkas-palieciancias-ir-keiciancias-musu-gyvenimus-kopija\/#primaryimage\",\"url\":\"https:\/\/skaitytaknyga.lt\/wp-content\/uploads\/2024\/06\/img-main.webp\",\"contentUrl\":\"https:\/\/skaitytaknyga.lt\/wp-content\/uploads\/2024\/06\/img-main.webp\",\"width\":242,\"height\":405},{\"@type\":\"BreadcrumbList\",\"@id\":\"https:\/\/skaitytaknyga.lt\/produktas\/https-skaitytaknyga-lt-product-jean-shinoda-bolen-psichologijos-dao-kaip-suprasti-akimirkas-palieciancias-ir-keiciancias-musu-gyvenimus-kopija\/#breadcrumb\",\"itemListElement\":[{\"@type\":\"ListItem\",\"position\":1,\"name\":\"Home\",\"item\":\"https:\/\/skaitytaknyga.lt\/\"},{\"@type\":\"ListItem\",\"position\":2,\"name\":\"Parduotuv\u0117\",\"item\":\"https:\/\/skaitytaknyga.lt\/knygu-parduotuve\/\"},{\"@type\":\"ListItem\",\"position\":3,\"name\":\"Gyvenimo paslaptys kiekvienai moteriai\"}]},{\"@type\":\"WebSite\",\"@id\":\"https:\/\/skaitytaknyga.lt\/#website\",\"url\":\"https:\/\/skaitytaknyga.lt\/\",\"name\":\"skaitytaknyga.lt\",\"description\":\"Skaitytaknyga.lt \u2013 tai ma\u017eas \u0161eimos verslas, kuris prasid\u0117jo nuo meil\u0117s knygoms ir siekio i\u0161gelb\u0117ti knygas nuo likimo prie konteinerio. Kas vienam nereikalingas daiktas \u2013 kitam lobis, o mes esame tarpininkai, kurie padeda abiems tapti laimingesniems ???? \u017dinome kaip nelengva i\u0161gyventi ma\u017eiems verslams, tad nuo \u0161iol, \u010dia rasite ir kit\u0173, ma\u017e\u0173 \u0161eim\u0173 versl\u0173, rank\u0173 darbo, dovan\u0173 sau ir artimiesiems.\",\"publisher\":{\"@id\":\"https:\/\/skaitytaknyga.lt\/#organization\"},\"potentialAction\":[{\"@type\":\"SearchAction\",\"target\":{\"@type\":\"EntryPoint\",\"urlTemplate\":\"https:\/\/skaitytaknyga.lt\/?s={search_term_string}\"},\"query-input\":{\"@type\":\"PropertyValueSpecification\",\"valueRequired\":true,\"valueName\":\"search_term_string\"}}],\"inLanguage\":\"en-GB\"},{\"@type\":\"Organization\",\"@id\":\"https:\/\/skaitytaknyga.lt\/#organization\",\"name\":\"skaitytaknyga.lt\",\"url\":\"https:\/\/skaitytaknyga.lt\/\",\"logo\":{\"@type\":\"ImageObject\",\"inLanguage\":\"en-GB\",\"@id\":\"https:\/\/skaitytaknyga.lt\/#\/schema\/logo\/image\/\",\"url\":\"https:\/\/skaitytaknyga.lt\/wp-content\/uploads\/2024\/05\/cropped-cropped-cropped-02_00843_jt3bggkj1j3HLc7SyY6rEUpg.jpeg\",\"contentUrl\":\"https:\/\/skaitytaknyga.lt\/wp-content\/uploads\/2024\/05\/cropped-cropped-cropped-02_00843_jt3bggkj1j3HLc7SyY6rEUpg.jpeg\",\"width\":1600,\"height\":1600,\"caption\":\"skaitytaknyga.lt\"},\"image\":{\"@id\":\"https:\/\/skaitytaknyga.lt\/#\/schema\/logo\/image\/\"},\"sameAs\":[\"https:\/\/www.facebook.com\/skaitytaknyga\/\"]}]}<\/script>\n<!-- \/ Yoast SEO plugin. -->","yoast_head_json":{"title":"Gyvenimo paslaptys kiekvienai moteriai","description":"Barbara de Angelis knygoje \u201eGyvenimo paslaptys kiekvienai moteriai\u201c atskleid\u017eia paslaptis, kurios gali pakeisti j\u016bs\u0173 gyvenim\u0105:   Visa, ko reikia laimei, yra jumyse  J\u016bs\u0173 gyvenimo tikslas \u2013 i\u0161siygdyti tobul\u0105 asmenyb\u0119  Permaina yra nei\u0161vengiama, taigi liaukit\u0117s prie\u0161intis ir pasiduokite gyvenimo t\u0117kmei  Visi kliuviniai yra u\u017esl\u0117ptos pamokos \u2013 gerbkite juos ir mokykit\u0117s i\u0161 j\u0173  J\u016bs\u0173 protas kuria j\u016bs\u0173 tikrov\u0117s potyr\u012f, taigi i\u0161mokite pajungti prot\u0105 sau  Baim\u0117 pasiglem\u0161 j\u016bs\u0173 aktyvum\u0105 \u2013 ugdykite dr\u0105s\u0105, nepasiduokite baimei  Pirmiausia privalote myl\u0117ti save, tuomet gal\u0117site myl\u0117ti kitus ir tik\u0117tis meil\u0117s i\u0161 j\u0173.","robots":{"index":"index","follow":"follow","max-snippet":"max-snippet:-1","max-image-preview":"max-image-preview:large","max-video-preview":"max-video-preview:-1"},"canonical":"https:\/\/skaitytaknyga.lt\/en\/produktas\/https-skaitytaknyga-lt-product-jean-shinoda-bolen-psichologijos-dao-kaip-suprasti-akimirkas-palieciancias-ir-keiciancias-musu-gyvenimus-kopija\/","og_locale":"en_GB","og_type":"article","og_title":"[:lt]Gyvenimo paslaptys kiekvienai moteriai[:] - Skaitytaknyga","og_description":"Barbara de Angelis knygoje \u201eGyvenimo paslaptys kiekvienai moteriai\u201c atskleid\u017eia paslaptis, kurios gali pakeisti j\u016bs\u0173 gyvenim\u0105:   Visa, ko reikia laimei, yra jumyse  J\u016bs\u0173 gyvenimo tikslas \u2013 i\u0161siygdyti tobul\u0105 asmenyb\u0119  Permaina yra nei\u0161vengiama, taigi liaukit\u0117s prie\u0161intis ir pasiduokite gyvenimo t\u0117kmei  Visi kliuviniai yra u\u017esl\u0117ptos pamokos \u2013 gerbkite juos ir mokykit\u0117s i\u0161 j\u0173  J\u016bs\u0173 protas kuria j\u016bs\u0173 tikrov\u0117s potyr\u012f, taigi i\u0161mokite pajungti prot\u0105 sau  Baim\u0117 pasiglem\u0161 j\u016bs\u0173 aktyvum\u0105 \u2013 ugdykite dr\u0105s\u0105, nepasiduokite baimei  Pirmiausia privalote myl\u0117ti save, tuomet gal\u0117site myl\u0117ti kitus ir tik\u0117tis meil\u0117s i\u0161 j\u0173.","og_url":"https:\/\/skaitytaknyga.lt\/en\/produktas\/https-skaitytaknyga-lt-product-jean-shinoda-bolen-psichologijos-dao-kaip-suprasti-akimirkas-palieciancias-ir-keiciancias-musu-gyvenimus-kopija\/","og_site_name":"Skaitytaknyga","article_publisher":"https:\/\/www.facebook.com\/skaitytaknyga\/","article_modified_time":"2025-07-12T08:57:58+00:00","og_image":[{"width":242,"height":405,"url":"https:\/\/skaitytaknyga.lt\/wp-content\/uploads\/2024\/06\/img-main.webp","type":"image\/webp"}],"twitter_card":"summary_large_image","twitter_misc":{"Estimated reading time":"1 minute"},"schema":{"@context":"https:\/\/schema.org","@graph":[{"@type":"WebPage","@id":"https:\/\/skaitytaknyga.lt\/produktas\/https-skaitytaknyga-lt-product-jean-shinoda-bolen-psichologijos-dao-kaip-suprasti-akimirkas-palieciancias-ir-keiciancias-musu-gyvenimus-kopija\/","url":"https:\/\/skaitytaknyga.lt\/produktas\/https-skaitytaknyga-lt-product-jean-shinoda-bolen-psichologijos-dao-kaip-suprasti-akimirkas-palieciancias-ir-keiciancias-musu-gyvenimus-kopija\/","name":"Gyvenimo paslaptys kiekvienai moteriai","isPartOf":{"@id":"https:\/\/skaitytaknyga.lt\/#website"},"primaryImageOfPage":{"@id":"https:\/\/skaitytaknyga.lt\/produktas\/https-skaitytaknyga-lt-product-jean-shinoda-bolen-psichologijos-dao-kaip-suprasti-akimirkas-palieciancias-ir-keiciancias-musu-gyvenimus-kopija\/#primaryimage"},"image":{"@id":"https:\/\/skaitytaknyga.lt\/produktas\/https-skaitytaknyga-lt-product-jean-shinoda-bolen-psichologijos-dao-kaip-suprasti-akimirkas-palieciancias-ir-keiciancias-musu-gyvenimus-kopija\/#primaryimage"},"thumbnailUrl":"https:\/\/skaitytaknyga.lt\/wp-content\/uploads\/2024\/06\/img-main.webp","datePublished":"2024-06-28T18:50:01+00:00","dateModified":"2025-07-12T08:57:58+00:00","description":"Barbara de Angelis knygoje \u201eGyvenimo paslaptys kiekvienai moteriai\u201c atskleid\u017eia paslaptis, kurios gali pakeisti j\u016bs\u0173 gyvenim\u0105: Visa, ko reikia laimei, yra jumyse J\u016bs\u0173 gyvenimo tikslas \u2013 i\u0161siygdyti tobul\u0105 asmenyb\u0119 Permaina yra nei\u0161vengiama, taigi liaukit\u0117s prie\u0161intis ir pasiduokite gyvenimo t\u0117kmei Visi kliuviniai yra u\u017esl\u0117ptos pamokos \u2013 gerbkite juos ir mokykit\u0117s i\u0161 j\u0173 J\u016bs\u0173 protas kuria j\u016bs\u0173 tikrov\u0117s potyr\u012f, taigi i\u0161mokite pajungti prot\u0105 sau Baim\u0117 pasiglem\u0161 j\u016bs\u0173 aktyvum\u0105 \u2013 ugdykite dr\u0105s\u0105, nepasiduokite baimei Pirmiausia privalote myl\u0117ti save, tuomet gal\u0117site myl\u0117ti kitus ir tik\u0117tis meil\u0117s i\u0161 j\u0173.","breadcrumb":{"@id":"https:\/\/skaitytaknyga.lt\/produktas\/https-skaitytaknyga-lt-product-jean-shinoda-bolen-psichologijos-dao-kaip-suprasti-akimirkas-palieciancias-ir-keiciancias-musu-gyvenimus-kopija\/#breadcrumb"},"inLanguage":"en-GB","potentialAction":[{"@type":"ReadAction","target":["https:\/\/skaitytaknyga.lt\/produktas\/https-skaitytaknyga-lt-product-jean-shinoda-bolen-psichologijos-dao-kaip-suprasti-akimirkas-palieciancias-ir-keiciancias-musu-gyvenimus-kopija\/"]}]},{"@type":"ImageObject","inLanguage":"en-GB","@id":"https:\/\/skaitytaknyga.lt\/produktas\/https-skaitytaknyga-lt-product-jean-shinoda-bolen-psichologijos-dao-kaip-suprasti-akimirkas-palieciancias-ir-keiciancias-musu-gyvenimus-kopija\/#primaryimage","url":"https:\/\/skaitytaknyga.lt\/wp-content\/uploads\/2024\/06\/img-main.webp","contentUrl":"https:\/\/skaitytaknyga.lt\/wp-content\/uploads\/2024\/06\/img-main.webp","width":242,"height":405},{"@type":"BreadcrumbList","@id":"https:\/\/skaitytaknyga.lt\/produktas\/https-skaitytaknyga-lt-product-jean-shinoda-bolen-psichologijos-dao-kaip-suprasti-akimirkas-palieciancias-ir-keiciancias-musu-gyvenimus-kopija\/#breadcrumb","itemListElement":[{"@type":"ListItem","position":1,"name":"Home","item":"https:\/\/skaitytaknyga.lt\/"},{"@type":"ListItem","position":2,"name":"Parduotuv\u0117","item":"https:\/\/skaitytaknyga.lt\/knygu-parduotuve\/"},{"@type":"ListItem","position":3,"name":"Gyvenimo paslaptys kiekvienai moteriai"}]},{"@type":"WebSite","@id":"https:\/\/skaitytaknyga.lt\/#website","url":"https:\/\/skaitytaknyga.lt\/","name":"skaitytaknyga.lt","description":"Skaitytaknyga.lt \u2013 tai ma\u017eas \u0161eimos verslas, kuris prasid\u0117jo nuo meil\u0117s knygoms ir siekio i\u0161gelb\u0117ti knygas nuo likimo prie konteinerio. Kas vienam nereikalingas daiktas \u2013 kitam lobis, o mes esame tarpininkai, kurie padeda abiems tapti laimingesniems ???? \u017dinome kaip nelengva i\u0161gyventi ma\u017eiems verslams, tad nuo \u0161iol, \u010dia rasite ir kit\u0173, ma\u017e\u0173 \u0161eim\u0173 versl\u0173, rank\u0173 darbo, dovan\u0173 sau ir artimiesiems.","publisher":{"@id":"https:\/\/skaitytaknyga.lt\/#organization"},"potentialAction":[{"@type":"SearchAction","target":{"@type":"EntryPoint","urlTemplate":"https:\/\/skaitytaknyga.lt\/?s={search_term_string}"},"query-input":{"@type":"PropertyValueSpecification","valueRequired":true,"valueName":"search_term_string"}}],"inLanguage":"en-GB"},{"@type":"Organization","@id":"https:\/\/skaitytaknyga.lt\/#organization","name":"skaitytaknyga.lt","url":"https:\/\/skaitytaknyga.lt\/","logo":{"@type":"ImageObject","inLanguage":"en-GB","@id":"https:\/\/skaitytaknyga.lt\/#\/schema\/logo\/image\/","url":"https:\/\/skaitytaknyga.lt\/wp-content\/uploads\/2024\/05\/cropped-cropped-cropped-02_00843_jt3bggkj1j3HLc7SyY6rEUpg.jpeg","contentUrl":"https:\/\/skaitytaknyga.lt\/wp-content\/uploads\/2024\/05\/cropped-cropped-cropped-02_00843_jt3bggkj1j3HLc7SyY6rEUpg.jpeg","width":1600,"height":1600,"caption":"skaitytaknyga.lt"},"image":{"@id":"https:\/\/skaitytaknyga.lt\/#\/schema\/logo\/image\/"},"sameAs":["https:\/\/www.facebook.com\/skaitytaknyga\/"]}]}},"_links":{"self":[{"href":"https:\/\/skaitytaknyga.lt\/en\/wp-json\/wp\/v2\/product\/12354","targetHints":{"allow":["GET"]}}],"collection":[{"href":"https:\/\/skaitytaknyga.lt\/en\/wp-json\/wp\/v2\/product"}],"about":[{"href":"https:\/\/skaitytaknyga.lt\/en\/wp-json\/wp\/v2\/types\/product"}],"replies":[{"embeddable":true,"href":"https:\/\/skaitytaknyga.lt\/en\/wp-json\/wp\/v2\/comments?post=12354"}],"wp:featuredmedia":[{"embeddable":true,"href":"https:\/\/skaitytaknyga.lt\/en\/wp-json\/wp\/v2\/media\/12355"}],"wp:attachment":[{"href":"https:\/\/skaitytaknyga.lt\/en\/wp-json\/wp\/v2\/media?parent=12354"}],"wp:term":[{"taxonomy":"product_brand","embeddable":true,"href":"https:\/\/skaitytaknyga.lt\/en\/wp-json\/wp\/v2\/product_brand?post=12354"},{"taxonomy":"product_cat","embeddable":true,"href":"https:\/\/skaitytaknyga.lt\/en\/wp-json\/wp\/v2\/product_cat?post=12354"},{"taxonomy":"product_tag","embeddable":true,"href":"https:\/\/skaitytaknyga.lt\/en\/wp-json\/wp\/v2\/product_tag?post=12354"}],"curies":[{"name":"wp","href":"https:\/\/api.w.org\/{rel}","templated":true}]}}