{"id":12291,"date":"2024-06-27T19:37:06","date_gmt":"2024-06-27T16:37:06","guid":{"rendered":"https:\/\/skaitytaknyga.lt\/?post_type=product&#038;p=12291"},"modified":"2026-03-18T19:35:14","modified_gmt":"2026-03-18T17:35:14","slug":"j-kinney-nevykelio-dienorastis-13-sniego-tvirtoves","status":"publish","type":"product","link":"https:\/\/skaitytaknyga.lt\/en\/produktas\/j-kinney-nevykelio-dienorastis-13-sniego-tvirtoves\/","title":{"rendered":"Nevyk\u0117lio dienora\u0161tis 13. Sniego tvirtov\u0117s"},"content":{"rendered":"<p>Kai gausiai prisnigus vaikams nereikia eiti \u012f mokykl\u0105, visas kvartalas virsta \u017eiemos kautyni\u0173 lauku. Vaikai, susib\u016br\u0119 \u012f grupeles, kovoja d\u0117l teritorijos, stato did\u017eiules sniego tvirtoves ir rengia sniego gni\u016b\u017e\u010di\u0173 m\u016b\u0161ius. Ypa\u010d ar\u0161i kova vyksta Grego ir jo i\u0161tikimo draugo Raulio D\u017eefersono gatv\u0117je, o jiedu kaip visada atsiduria pa\u010diame \u012fvyki\u0173 s\u016bkuryje.<\/p>\n<p>Kovojant u\u017e b\u016bv\u012f tenka sudaryti s\u0105jungas, patirti i\u0161davystes, susidurti su \u012fsiutusiomis gretimo kvartalo gaujomis. Ar Gregas su Rauliu pasibaigus m\u016b\u0161iams gal\u0117s vadintis didvyriais? O gal jie kris nelygioje kovoje?<\/p>\n<p>APIE AUTORI\u0172<\/p>\n<p>Jeffas Kinney&#8217;us dienra\u0161\u010dio \u201eNew York Times&#8221; yra paskelbtas perkamiausi\u0173 knyg\u0173 autoriumi. Jis \u0161e\u0161is kartus peln\u0117 \u201eNickelodeon Kids&#8217; Choice&#8221; \u012fsteigt\u0105 M\u0117gstamiausios knygos apdovanojim\u0105. \u201eTime&#8221; \u017eurnalas ra\u0161ytoj\u0105 paskelb\u0117 vienu i\u0161 100 \u012ftakingiausi\u0173 pasaulio \u017emoni\u0173. Jeffas Kinney&#8217;us yra ir svetain\u0117s \u201ePoptropica.com&#8221;, \u201eTime&#8221; \u017eurnalo pripa\u017eintos viena i\u0161 50 geriausi\u0173, autorius. Ra\u0161ytojo vaikyst\u0117 prab\u0117go Va\u0161ingtone, o 1995 metais \u0161eima persik\u0117l\u0117 \u012f Nauj\u0105j\u0105 Anglij\u0105. Dabar su \u017emona ir dviem s\u016bnumis autorius gyvena Masa\u010dusetso valstijoje, \u010dia turi knygyn\u0105 \u201eAn Unlikely Story&#8221; (\u201eNe\u012ftik\u0117tina istorija&#8221;).<\/p>\n","protected":false},"excerpt":{"rendered":"<p>Daugyb\u0117s pasaulio vaik\u0173 laukiama 13-oji \u201eNevyk\u0117lio dienora\u0161\u010dio\u201c dalis \u2013\u00a0<strong>\u201eNevyk\u0117lio dienora\u0161tis 13. Sniego tvirtov\u0117s\u201c<\/strong>\u00a0pasakoja apie tikr\u0105 \u017eiem\u0105. Kas nutinka, kai d\u0117l did\u017eiulio snygio ir \u0161al\u010dio u\u017edaroma mokykla?<\/p>\n<p>Nors i\u0161 prad\u017ei\u0173 atrodo, kad \u0161i \u017eiema tiesiog ty\u010diojasi i\u0161 \u017eiemos pavadinimo ir pasaulinis at\u0161ilimas paveik\u0117 net Grego Heflio kaimynyst\u0119, vis d\u0117lto \u0161altis tik lauk\u0117 u\u017e kampo. Kai d\u0117l sniego u\u017edaroma Grego Heflio mokykla, viskas aplink tampa \u017eiemos m\u016b\u0161io lauku. Prie\u0161ininkai kovoja d\u0117l teritorij\u0173, stato mil\u017eini\u0161kas sniego tvirtoves ir organizuoja nepamir\u0161tamas sniego gni\u016b\u017e\u010di\u0173 karus. O Gregas ir jo patikimas geriausias draugas Raulis D\u017eefersonas atsiduria kry\u017emin\u0117je ugnyje.<\/p>\n<p>Gregas ir Raulis laviruoja tarp s\u0105jung\u0173, i\u0161davys\u010di\u0173 ir kariaujan\u010di\u0173 gauj\u0173. Ir tai \u2013 tikra kova d\u0117l i\u0161gyvenimo. Kai sniegas galiausiai nutirps, ka\u017ekas bus didvyriai, o ka\u017ekas liks nevyk\u0117liais. Ar Gregui su Rauliu pavyks pasirodyti kaip herojams? Ar jie apskritai i\u0161gyvens bent iki kitos dienos?<\/p>\n","protected":false},"featured_media":12292,"comment_status":"closed","ping_status":"closed","template":"","meta":{"_acf_changed":false,"site-sidebar-layout":"default","site-content-layout":"","ast-site-content-layout":"default","site-content-style":"default","site-sidebar-style":"default","ast-global-header-display":"","ast-banner-title-visibility":"","ast-main-header-display":"","ast-hfb-above-header-display":"","ast-hfb-below-header-display":"","ast-hfb-mobile-header-display":"","site-post-title":"","ast-breadcrumbs-content":"","ast-featured-img":"","footer-sml-layout":"","ast-disable-related-posts":"","theme-transparent-header-meta":"default","adv-header-id-meta":"","stick-header-meta":"","header-above-stick-meta":"","header-main-stick-meta":"","header-below-stick-meta":"","astra-migrate-meta-layouts":"set","ast-page-background-enabled":"default","ast-page-background-meta":{"desktop":{"background-color":"","background-image":"","background-repeat":"repeat","background-position":"center center","background-size":"auto","background-attachment":"scroll","background-type":"","background-media":"","overlay-type":"","overlay-color":"","overlay-opacity":"","overlay-gradient":""},"tablet":{"background-color":"","background-image":"","background-repeat":"repeat","background-position":"center center","background-size":"auto","background-attachment":"scroll","background-type":"","background-media":"","overlay-type":"","overlay-color":"","overlay-opacity":"","overlay-gradient":""},"mobile":{"background-color":"","background-image":"","background-repeat":"repeat","background-position":"center center","background-size":"auto","background-attachment":"scroll","background-type":"","background-media":"","overlay-type":"","overlay-color":"","overlay-opacity":"","overlay-gradient":""}},"ast-content-background-meta":{"desktop":{"background-color":"var(--ast-global-color-4)","background-image":"","background-repeat":"repeat","background-position":"center center","background-size":"auto","background-attachment":"scroll","background-type":"","background-media":"","overlay-type":"","overlay-color":"","overlay-opacity":"","overlay-gradient":""},"tablet":{"background-color":"var(--ast-global-color-4)","background-image":"","background-repeat":"repeat","background-position":"center center","background-size":"auto","background-attachment":"scroll","background-type":"","background-media":"","overlay-type":"","overlay-color":"","overlay-opacity":"","overlay-gradient":""},"mobile":{"background-color":"var(--ast-global-color-4)","background-image":"","background-repeat":"repeat","background-position":"center center","background-size":"auto","background-attachment":"scroll","background-type":"","background-media":"","overlay-type":"","overlay-color":"","overlay-opacity":"","overlay-gradient":""}}},"product_brand":[],"product_cat":[9674],"product_tag":[1229],"class_list":{"0":"post-12291","1":"product","2":"type-product","3":"status-publish","4":"has-post-thumbnail","6":"product_cat-pradinukams","7":"product_tag-j-kinney","8":"desktop-align-left","9":"tablet-align-left","10":"mobile-align-left","12":"first","13":"instock","14":"featured","15":"shipping-taxable","16":"purchasable","17":"product-type-simple"},"acf":[],"yoast_head":"<!-- This site is optimized with the Yoast SEO plugin v27.0 - https:\/\/yoast.com\/product\/yoast-seo-wordpress\/ -->\n<title>Nevyk\u0117lio dienora\u0161tis 13. Sniego tvirtov\u0117s<\/title>\n<meta name=\"description\" content=\"Daugyb\u0117s pasaulio vaik\u0173 laukiama 13-oji \u201eNevyk\u0117lio dienora\u0161\u010dio\u201c dalis \u2013\u00a0\u201eNevyk\u0117lio dienora\u0161tis 13. Sniego tvirtov\u0117s\u201c\u00a0pasakoja apie tikr\u0105 \u017eiem\u0105. Kas nutinka, kai d\u0117l did\u017eiulio snygio ir \u0161al\u010dio u\u017edaroma mokykla?  Nors i\u0161 prad\u017ei\u0173 atrodo, kad \u0161i \u017eiema tiesiog ty\u010diojasi i\u0161 \u017eiemos pavadinimo ir pasaulinis at\u0161ilimas paveik\u0117 net Grego Heflio kaimynyst\u0119, vis d\u0117lto \u0161altis tik lauk\u0117 u\u017e kampo. Kai d\u0117l sniego u\u017edaroma Grego Heflio mokykla, viskas aplink tampa \u017eiemos m\u016b\u0161io lauku. Prie\u0161ininkai kovoja d\u0117l teritorij\u0173, stato mil\u017eini\u0161kas sniego tvirtoves ir organizuoja nepamir\u0161tamas sniego gni\u016b\u017e\u010di\u0173 karus. O Gregas ir jo patikimas geriausias draugas Raulis D\u017eefersonas atsiduria kry\u017emin\u0117je ugnyje.  Gregas ir Raulis laviruoja tarp s\u0105jung\u0173, i\u0161davys\u010di\u0173 ir kariaujan\u010di\u0173 gauj\u0173. Ir tai \u2013 tikra kova d\u0117l i\u0161gyvenimo. Kai sniegas galiausiai nutirps, ka\u017ekas bus didvyriai, o ka\u017ekas liks nevyk\u0117liais. Ar Gregui su Rauliu pavyks pasirodyti kaip herojams? Ar jie apskritai i\u0161gyvens bent iki kitos dienos?\" \/>\n<meta name=\"robots\" content=\"index, follow, max-snippet:-1, max-image-preview:large, max-video-preview:-1\" \/>\n<link rel=\"canonical\" href=\"https:\/\/skaitytaknyga.lt\/en\/produktas\/j-kinney-nevykelio-dienorastis-13-sniego-tvirtoves\/\" \/>\n<meta property=\"og:locale\" content=\"en_GB\" \/>\n<meta property=\"og:locale:alternate\" content=\"lt_LT\" \/>\n<meta property=\"og:type\" content=\"article\" \/>\n<meta property=\"og:title\" content=\"Nevyk\u0117lio dienora\u0161tis 13. Sniego tvirtov\u0117s\" \/>\n<meta property=\"og:description\" content=\"Daugyb\u0117s pasaulio vaik\u0173 laukiama 13-oji \u201eNevyk\u0117lio dienora\u0161\u010dio\u201c dalis \u2013\u00a0\u201eNevyk\u0117lio dienora\u0161tis 13. Sniego tvirtov\u0117s\u201c\u00a0pasakoja apie tikr\u0105 \u017eiem\u0105. Kas nutinka, kai d\u0117l did\u017eiulio snygio ir \u0161al\u010dio u\u017edaroma mokykla?  Nors i\u0161 prad\u017ei\u0173 atrodo, kad \u0161i \u017eiema tiesiog ty\u010diojasi i\u0161 \u017eiemos pavadinimo ir pasaulinis at\u0161ilimas paveik\u0117 net Grego Heflio kaimynyst\u0119, vis d\u0117lto \u0161altis tik lauk\u0117 u\u017e kampo. Kai d\u0117l sniego u\u017edaroma Grego Heflio mokykla, viskas aplink tampa \u017eiemos m\u016b\u0161io lauku. Prie\u0161ininkai kovoja d\u0117l teritorij\u0173, stato mil\u017eini\u0161kas sniego tvirtoves ir organizuoja nepamir\u0161tamas sniego gni\u016b\u017e\u010di\u0173 karus. O Gregas ir jo patikimas geriausias draugas Raulis D\u017eefersonas atsiduria kry\u017emin\u0117je ugnyje.  Gregas ir Raulis laviruoja tarp s\u0105jung\u0173, i\u0161davys\u010di\u0173 ir kariaujan\u010di\u0173 gauj\u0173. Ir tai \u2013 tikra kova d\u0117l i\u0161gyvenimo. Kai sniegas galiausiai nutirps, ka\u017ekas bus didvyriai, o ka\u017ekas liks nevyk\u0117liais. Ar Gregui su Rauliu pavyks pasirodyti kaip herojams? Ar jie apskritai i\u0161gyvens bent iki kitos dienos?\" \/>\n<meta property=\"og:url\" content=\"https:\/\/skaitytaknyga.lt\/en\/produktas\/j-kinney-nevykelio-dienorastis-13-sniego-tvirtoves\/\" \/>\n<meta property=\"og:site_name\" content=\"Skaitytaknyga\" \/>\n<meta property=\"article:publisher\" content=\"https:\/\/www.facebook.com\/skaitytaknyga\/\" \/>\n<meta property=\"article:modified_time\" content=\"2026-03-18T17:35:14+00:00\" \/>\n<meta property=\"og:image\" content=\"https:\/\/skaitytaknyga.lt\/wp-content\/uploads\/2024\/06\/image_38.webp\" \/>\n\t<meta property=\"og:image:width\" content=\"645\" \/>\n\t<meta property=\"og:image:height\" content=\"1015\" \/>\n\t<meta property=\"og:image:type\" content=\"image\/webp\" \/>\n<meta name=\"twitter:card\" content=\"summary_large_image\" \/>\n<meta name=\"twitter:label1\" content=\"Estimated reading time\" \/>\n\t<meta name=\"twitter:data1\" content=\"1 minute\" \/>\n<script type=\"application\/ld+json\" class=\"yoast-schema-graph\">{\"@context\":\"https:\/\/schema.org\",\"@graph\":[{\"@type\":\"WebPage\",\"@id\":\"https:\/\/skaitytaknyga.lt\/produktas\/j-kinney-nevykelio-dienorastis-13-sniego-tvirtoves\/\",\"url\":\"https:\/\/skaitytaknyga.lt\/produktas\/j-kinney-nevykelio-dienorastis-13-sniego-tvirtoves\/\",\"name\":\"Nevyk\u0117lio dienora\u0161tis 13. Sniego tvirtov\u0117s\",\"isPartOf\":{\"@id\":\"https:\/\/skaitytaknyga.lt\/#website\"},\"primaryImageOfPage\":{\"@id\":\"https:\/\/skaitytaknyga.lt\/produktas\/j-kinney-nevykelio-dienorastis-13-sniego-tvirtoves\/#primaryimage\"},\"image\":{\"@id\":\"https:\/\/skaitytaknyga.lt\/produktas\/j-kinney-nevykelio-dienorastis-13-sniego-tvirtoves\/#primaryimage\"},\"thumbnailUrl\":\"https:\/\/skaitytaknyga.lt\/wp-content\/uploads\/2024\/06\/image_38.webp\",\"datePublished\":\"2024-06-27T16:37:06+00:00\",\"dateModified\":\"2026-03-18T17:35:14+00:00\",\"description\":\"Daugyb\u0117s pasaulio vaik\u0173 laukiama 13-oji \u201eNevyk\u0117lio dienora\u0161\u010dio\u201c dalis \u2013\u00a0\u201eNevyk\u0117lio dienora\u0161tis 13. Sniego tvirtov\u0117s\u201c\u00a0pasakoja apie tikr\u0105 \u017eiem\u0105. Kas nutinka, kai d\u0117l did\u017eiulio snygio ir \u0161al\u010dio u\u017edaroma mokykla? Nors i\u0161 prad\u017ei\u0173 atrodo, kad \u0161i \u017eiema tiesiog ty\u010diojasi i\u0161 \u017eiemos pavadinimo ir pasaulinis at\u0161ilimas paveik\u0117 net Grego Heflio kaimynyst\u0119, vis d\u0117lto \u0161altis tik lauk\u0117 u\u017e kampo. Kai d\u0117l sniego u\u017edaroma Grego Heflio mokykla, viskas aplink tampa \u017eiemos m\u016b\u0161io lauku. Prie\u0161ininkai kovoja d\u0117l teritorij\u0173, stato mil\u017eini\u0161kas sniego tvirtoves ir organizuoja nepamir\u0161tamas sniego gni\u016b\u017e\u010di\u0173 karus. O Gregas ir jo patikimas geriausias draugas Raulis D\u017eefersonas atsiduria kry\u017emin\u0117je ugnyje. Gregas ir Raulis laviruoja tarp s\u0105jung\u0173, i\u0161davys\u010di\u0173 ir kariaujan\u010di\u0173 gauj\u0173. Ir tai \u2013 tikra kova d\u0117l i\u0161gyvenimo. Kai sniegas galiausiai nutirps, ka\u017ekas bus didvyriai, o ka\u017ekas liks nevyk\u0117liais. Ar Gregui su Rauliu pavyks pasirodyti kaip herojams? Ar jie apskritai i\u0161gyvens bent iki kitos dienos?\",\"breadcrumb\":{\"@id\":\"https:\/\/skaitytaknyga.lt\/produktas\/j-kinney-nevykelio-dienorastis-13-sniego-tvirtoves\/#breadcrumb\"},\"inLanguage\":\"en-GB\",\"potentialAction\":[{\"@type\":\"ReadAction\",\"target\":[\"https:\/\/skaitytaknyga.lt\/produktas\/j-kinney-nevykelio-dienorastis-13-sniego-tvirtoves\/\"]}]},{\"@type\":\"ImageObject\",\"inLanguage\":\"en-GB\",\"@id\":\"https:\/\/skaitytaknyga.lt\/produktas\/j-kinney-nevykelio-dienorastis-13-sniego-tvirtoves\/#primaryimage\",\"url\":\"https:\/\/skaitytaknyga.lt\/wp-content\/uploads\/2024\/06\/image_38.webp\",\"contentUrl\":\"https:\/\/skaitytaknyga.lt\/wp-content\/uploads\/2024\/06\/image_38.webp\",\"width\":645,\"height\":1015},{\"@type\":\"BreadcrumbList\",\"@id\":\"https:\/\/skaitytaknyga.lt\/produktas\/j-kinney-nevykelio-dienorastis-13-sniego-tvirtoves\/#breadcrumb\",\"itemListElement\":[{\"@type\":\"ListItem\",\"position\":1,\"name\":\"Home\",\"item\":\"https:\/\/skaitytaknyga.lt\/\"},{\"@type\":\"ListItem\",\"position\":2,\"name\":\"Parduotuv\u0117\",\"item\":\"https:\/\/skaitytaknyga.lt\/knygu-parduotuve\/\"},{\"@type\":\"ListItem\",\"position\":3,\"name\":\"Nevyk\u0117lio dienora\u0161tis 13. Sniego tvirtov\u0117s\"}]},{\"@type\":\"WebSite\",\"@id\":\"https:\/\/skaitytaknyga.lt\/#website\",\"url\":\"https:\/\/skaitytaknyga.lt\/\",\"name\":\"skaitytaknyga.lt\",\"description\":\"Skaitytaknyga.lt \u2013 tai ma\u017eas \u0161eimos verslas, kuris prasid\u0117jo nuo meil\u0117s knygoms ir siekio i\u0161gelb\u0117ti knygas nuo likimo prie konteinerio. Kas vienam nereikalingas daiktas \u2013 kitam lobis, o mes esame tarpininkai, kurie padeda abiems tapti laimingesniems ???? \u017dinome kaip nelengva i\u0161gyventi ma\u017eiems verslams, tad nuo \u0161iol, \u010dia rasite ir kit\u0173, ma\u017e\u0173 \u0161eim\u0173 versl\u0173, rank\u0173 darbo, dovan\u0173 sau ir artimiesiems.\",\"publisher\":{\"@id\":\"https:\/\/skaitytaknyga.lt\/#organization\"},\"potentialAction\":[{\"@type\":\"SearchAction\",\"target\":{\"@type\":\"EntryPoint\",\"urlTemplate\":\"https:\/\/skaitytaknyga.lt\/?s={search_term_string}\"},\"query-input\":{\"@type\":\"PropertyValueSpecification\",\"valueRequired\":true,\"valueName\":\"search_term_string\"}}],\"inLanguage\":\"en-GB\"},{\"@type\":\"Organization\",\"@id\":\"https:\/\/skaitytaknyga.lt\/#organization\",\"name\":\"skaitytaknyga.lt\",\"url\":\"https:\/\/skaitytaknyga.lt\/\",\"logo\":{\"@type\":\"ImageObject\",\"inLanguage\":\"en-GB\",\"@id\":\"https:\/\/skaitytaknyga.lt\/#\/schema\/logo\/image\/\",\"url\":\"https:\/\/skaitytaknyga.lt\/wp-content\/uploads\/2024\/05\/cropped-cropped-cropped-02_00843_jt3bggkj1j3HLc7SyY6rEUpg.jpeg\",\"contentUrl\":\"https:\/\/skaitytaknyga.lt\/wp-content\/uploads\/2024\/05\/cropped-cropped-cropped-02_00843_jt3bggkj1j3HLc7SyY6rEUpg.jpeg\",\"width\":1600,\"height\":1600,\"caption\":\"skaitytaknyga.lt\"},\"image\":{\"@id\":\"https:\/\/skaitytaknyga.lt\/#\/schema\/logo\/image\/\"},\"sameAs\":[\"https:\/\/www.facebook.com\/skaitytaknyga\/\"]}]}<\/script>\n<!-- \/ Yoast SEO plugin. -->","yoast_head_json":{"title":"Nevyk\u0117lio dienora\u0161tis 13. Sniego tvirtov\u0117s","description":"Daugyb\u0117s pasaulio vaik\u0173 laukiama 13-oji \u201eNevyk\u0117lio dienora\u0161\u010dio\u201c dalis \u2013\u00a0\u201eNevyk\u0117lio dienora\u0161tis 13. Sniego tvirtov\u0117s\u201c\u00a0pasakoja apie tikr\u0105 \u017eiem\u0105. Kas nutinka, kai d\u0117l did\u017eiulio snygio ir \u0161al\u010dio u\u017edaroma mokykla?  Nors i\u0161 prad\u017ei\u0173 atrodo, kad \u0161i \u017eiema tiesiog ty\u010diojasi i\u0161 \u017eiemos pavadinimo ir pasaulinis at\u0161ilimas paveik\u0117 net Grego Heflio kaimynyst\u0119, vis d\u0117lto \u0161altis tik lauk\u0117 u\u017e kampo. Kai d\u0117l sniego u\u017edaroma Grego Heflio mokykla, viskas aplink tampa \u017eiemos m\u016b\u0161io lauku. Prie\u0161ininkai kovoja d\u0117l teritorij\u0173, stato mil\u017eini\u0161kas sniego tvirtoves ir organizuoja nepamir\u0161tamas sniego gni\u016b\u017e\u010di\u0173 karus. O Gregas ir jo patikimas geriausias draugas Raulis D\u017eefersonas atsiduria kry\u017emin\u0117je ugnyje.  Gregas ir Raulis laviruoja tarp s\u0105jung\u0173, i\u0161davys\u010di\u0173 ir kariaujan\u010di\u0173 gauj\u0173. Ir tai \u2013 tikra kova d\u0117l i\u0161gyvenimo. Kai sniegas galiausiai nutirps, ka\u017ekas bus didvyriai, o ka\u017ekas liks nevyk\u0117liais. Ar Gregui su Rauliu pavyks pasirodyti kaip herojams? Ar jie apskritai i\u0161gyvens bent iki kitos dienos?","robots":{"index":"index","follow":"follow","max-snippet":"max-snippet:-1","max-image-preview":"max-image-preview:large","max-video-preview":"max-video-preview:-1"},"canonical":"https:\/\/skaitytaknyga.lt\/en\/produktas\/j-kinney-nevykelio-dienorastis-13-sniego-tvirtoves\/","og_locale":"en_GB","og_type":"article","og_title":"[:lt]Nevyk\u0117lio dienora\u0161tis 13. Sniego tvirtov\u0117s[:] - Skaitytaknyga","og_description":"Daugyb\u0117s pasaulio vaik\u0173 laukiama 13-oji \u201eNevyk\u0117lio dienora\u0161\u010dio\u201c dalis \u2013\u00a0\u201eNevyk\u0117lio dienora\u0161tis 13. Sniego tvirtov\u0117s\u201c\u00a0pasakoja apie tikr\u0105 \u017eiem\u0105. Kas nutinka, kai d\u0117l did\u017eiulio snygio ir \u0161al\u010dio u\u017edaroma mokykla?  Nors i\u0161 prad\u017ei\u0173 atrodo, kad \u0161i \u017eiema tiesiog ty\u010diojasi i\u0161 \u017eiemos pavadinimo ir pasaulinis at\u0161ilimas paveik\u0117 net Grego Heflio kaimynyst\u0119, vis d\u0117lto \u0161altis tik lauk\u0117 u\u017e kampo. Kai d\u0117l sniego u\u017edaroma Grego Heflio mokykla, viskas aplink tampa \u017eiemos m\u016b\u0161io lauku. Prie\u0161ininkai kovoja d\u0117l teritorij\u0173, stato mil\u017eini\u0161kas sniego tvirtoves ir organizuoja nepamir\u0161tamas sniego gni\u016b\u017e\u010di\u0173 karus. O Gregas ir jo patikimas geriausias draugas Raulis D\u017eefersonas atsiduria kry\u017emin\u0117je ugnyje.  Gregas ir Raulis laviruoja tarp s\u0105jung\u0173, i\u0161davys\u010di\u0173 ir kariaujan\u010di\u0173 gauj\u0173. Ir tai \u2013 tikra kova d\u0117l i\u0161gyvenimo. Kai sniegas galiausiai nutirps, ka\u017ekas bus didvyriai, o ka\u017ekas liks nevyk\u0117liais. Ar Gregui su Rauliu pavyks pasirodyti kaip herojams? Ar jie apskritai i\u0161gyvens bent iki kitos dienos?","og_url":"https:\/\/skaitytaknyga.lt\/en\/produktas\/j-kinney-nevykelio-dienorastis-13-sniego-tvirtoves\/","og_site_name":"Skaitytaknyga","article_publisher":"https:\/\/www.facebook.com\/skaitytaknyga\/","article_modified_time":"2026-03-18T17:35:14+00:00","og_image":[{"width":645,"height":1015,"url":"https:\/\/skaitytaknyga.lt\/wp-content\/uploads\/2024\/06\/image_38.webp","type":"image\/webp"}],"twitter_card":"summary_large_image","twitter_misc":{"Estimated reading time":"1 minute"},"schema":{"@context":"https:\/\/schema.org","@graph":[{"@type":"WebPage","@id":"https:\/\/skaitytaknyga.lt\/produktas\/j-kinney-nevykelio-dienorastis-13-sniego-tvirtoves\/","url":"https:\/\/skaitytaknyga.lt\/produktas\/j-kinney-nevykelio-dienorastis-13-sniego-tvirtoves\/","name":"Nevyk\u0117lio dienora\u0161tis 13. Sniego tvirtov\u0117s","isPartOf":{"@id":"https:\/\/skaitytaknyga.lt\/#website"},"primaryImageOfPage":{"@id":"https:\/\/skaitytaknyga.lt\/produktas\/j-kinney-nevykelio-dienorastis-13-sniego-tvirtoves\/#primaryimage"},"image":{"@id":"https:\/\/skaitytaknyga.lt\/produktas\/j-kinney-nevykelio-dienorastis-13-sniego-tvirtoves\/#primaryimage"},"thumbnailUrl":"https:\/\/skaitytaknyga.lt\/wp-content\/uploads\/2024\/06\/image_38.webp","datePublished":"2024-06-27T16:37:06+00:00","dateModified":"2026-03-18T17:35:14+00:00","description":"Daugyb\u0117s pasaulio vaik\u0173 laukiama 13-oji \u201eNevyk\u0117lio dienora\u0161\u010dio\u201c dalis \u2013\u00a0\u201eNevyk\u0117lio dienora\u0161tis 13. Sniego tvirtov\u0117s\u201c\u00a0pasakoja apie tikr\u0105 \u017eiem\u0105. Kas nutinka, kai d\u0117l did\u017eiulio snygio ir \u0161al\u010dio u\u017edaroma mokykla? Nors i\u0161 prad\u017ei\u0173 atrodo, kad \u0161i \u017eiema tiesiog ty\u010diojasi i\u0161 \u017eiemos pavadinimo ir pasaulinis at\u0161ilimas paveik\u0117 net Grego Heflio kaimynyst\u0119, vis d\u0117lto \u0161altis tik lauk\u0117 u\u017e kampo. Kai d\u0117l sniego u\u017edaroma Grego Heflio mokykla, viskas aplink tampa \u017eiemos m\u016b\u0161io lauku. Prie\u0161ininkai kovoja d\u0117l teritorij\u0173, stato mil\u017eini\u0161kas sniego tvirtoves ir organizuoja nepamir\u0161tamas sniego gni\u016b\u017e\u010di\u0173 karus. O Gregas ir jo patikimas geriausias draugas Raulis D\u017eefersonas atsiduria kry\u017emin\u0117je ugnyje. Gregas ir Raulis laviruoja tarp s\u0105jung\u0173, i\u0161davys\u010di\u0173 ir kariaujan\u010di\u0173 gauj\u0173. Ir tai \u2013 tikra kova d\u0117l i\u0161gyvenimo. Kai sniegas galiausiai nutirps, ka\u017ekas bus didvyriai, o ka\u017ekas liks nevyk\u0117liais. Ar Gregui su Rauliu pavyks pasirodyti kaip herojams? Ar jie apskritai i\u0161gyvens bent iki kitos dienos?","breadcrumb":{"@id":"https:\/\/skaitytaknyga.lt\/produktas\/j-kinney-nevykelio-dienorastis-13-sniego-tvirtoves\/#breadcrumb"},"inLanguage":"en-GB","potentialAction":[{"@type":"ReadAction","target":["https:\/\/skaitytaknyga.lt\/produktas\/j-kinney-nevykelio-dienorastis-13-sniego-tvirtoves\/"]}]},{"@type":"ImageObject","inLanguage":"en-GB","@id":"https:\/\/skaitytaknyga.lt\/produktas\/j-kinney-nevykelio-dienorastis-13-sniego-tvirtoves\/#primaryimage","url":"https:\/\/skaitytaknyga.lt\/wp-content\/uploads\/2024\/06\/image_38.webp","contentUrl":"https:\/\/skaitytaknyga.lt\/wp-content\/uploads\/2024\/06\/image_38.webp","width":645,"height":1015},{"@type":"BreadcrumbList","@id":"https:\/\/skaitytaknyga.lt\/produktas\/j-kinney-nevykelio-dienorastis-13-sniego-tvirtoves\/#breadcrumb","itemListElement":[{"@type":"ListItem","position":1,"name":"Home","item":"https:\/\/skaitytaknyga.lt\/"},{"@type":"ListItem","position":2,"name":"Parduotuv\u0117","item":"https:\/\/skaitytaknyga.lt\/knygu-parduotuve\/"},{"@type":"ListItem","position":3,"name":"Nevyk\u0117lio dienora\u0161tis 13. Sniego tvirtov\u0117s"}]},{"@type":"WebSite","@id":"https:\/\/skaitytaknyga.lt\/#website","url":"https:\/\/skaitytaknyga.lt\/","name":"skaitytaknyga.lt","description":"Skaitytaknyga.lt \u2013 tai ma\u017eas \u0161eimos verslas, kuris prasid\u0117jo nuo meil\u0117s knygoms ir siekio i\u0161gelb\u0117ti knygas nuo likimo prie konteinerio. Kas vienam nereikalingas daiktas \u2013 kitam lobis, o mes esame tarpininkai, kurie padeda abiems tapti laimingesniems ???? \u017dinome kaip nelengva i\u0161gyventi ma\u017eiems verslams, tad nuo \u0161iol, \u010dia rasite ir kit\u0173, ma\u017e\u0173 \u0161eim\u0173 versl\u0173, rank\u0173 darbo, dovan\u0173 sau ir artimiesiems.","publisher":{"@id":"https:\/\/skaitytaknyga.lt\/#organization"},"potentialAction":[{"@type":"SearchAction","target":{"@type":"EntryPoint","urlTemplate":"https:\/\/skaitytaknyga.lt\/?s={search_term_string}"},"query-input":{"@type":"PropertyValueSpecification","valueRequired":true,"valueName":"search_term_string"}}],"inLanguage":"en-GB"},{"@type":"Organization","@id":"https:\/\/skaitytaknyga.lt\/#organization","name":"skaitytaknyga.lt","url":"https:\/\/skaitytaknyga.lt\/","logo":{"@type":"ImageObject","inLanguage":"en-GB","@id":"https:\/\/skaitytaknyga.lt\/#\/schema\/logo\/image\/","url":"https:\/\/skaitytaknyga.lt\/wp-content\/uploads\/2024\/05\/cropped-cropped-cropped-02_00843_jt3bggkj1j3HLc7SyY6rEUpg.jpeg","contentUrl":"https:\/\/skaitytaknyga.lt\/wp-content\/uploads\/2024\/05\/cropped-cropped-cropped-02_00843_jt3bggkj1j3HLc7SyY6rEUpg.jpeg","width":1600,"height":1600,"caption":"skaitytaknyga.lt"},"image":{"@id":"https:\/\/skaitytaknyga.lt\/#\/schema\/logo\/image\/"},"sameAs":["https:\/\/www.facebook.com\/skaitytaknyga\/"]}]}},"_links":{"self":[{"href":"https:\/\/skaitytaknyga.lt\/en\/wp-json\/wp\/v2\/product\/12291","targetHints":{"allow":["GET"]}}],"collection":[{"href":"https:\/\/skaitytaknyga.lt\/en\/wp-json\/wp\/v2\/product"}],"about":[{"href":"https:\/\/skaitytaknyga.lt\/en\/wp-json\/wp\/v2\/types\/product"}],"replies":[{"embeddable":true,"href":"https:\/\/skaitytaknyga.lt\/en\/wp-json\/wp\/v2\/comments?post=12291"}],"wp:featuredmedia":[{"embeddable":true,"href":"https:\/\/skaitytaknyga.lt\/en\/wp-json\/wp\/v2\/media\/12292"}],"wp:attachment":[{"href":"https:\/\/skaitytaknyga.lt\/en\/wp-json\/wp\/v2\/media?parent=12291"}],"wp:term":[{"taxonomy":"product_brand","embeddable":true,"href":"https:\/\/skaitytaknyga.lt\/en\/wp-json\/wp\/v2\/product_brand?post=12291"},{"taxonomy":"product_cat","embeddable":true,"href":"https:\/\/skaitytaknyga.lt\/en\/wp-json\/wp\/v2\/product_cat?post=12291"},{"taxonomy":"product_tag","embeddable":true,"href":"https:\/\/skaitytaknyga.lt\/en\/wp-json\/wp\/v2\/product_tag?post=12291"}],"curies":[{"name":"wp","href":"https:\/\/api.w.org\/{rel}","templated":true}]}}