{"id":12289,"date":"2024-06-27T19:35:35","date_gmt":"2024-06-27T16:35:35","guid":{"rendered":"https:\/\/skaitytaknyga.lt\/?post_type=product&#038;p=12289"},"modified":"2026-03-18T19:35:14","modified_gmt":"2026-03-18T17:35:14","slug":"j-kinney-nevykelio-dienorastis-11-rizikingas-sumanymas-pagelte-lapai","status":"publish","type":"product","link":"https:\/\/skaitytaknyga.lt\/en\/produktas\/j-kinney-nevykelio-dienorastis-11-rizikingas-sumanymas-pagelte-lapai\/","title":{"rendered":"Nevyk\u0117lio dienora\u0161tis 11. Rizikingas sumanymas"},"content":{"rendered":"<p>Grego mama vis nerimsta. Ji mano, kad nuo vaizdo \u017eaidim\u0173 s\u016bnui ty\u017eta smegenys, tod\u0117l nori, kad jis mest\u0173 \u012f \u0161al\u012f valdikl\u012f ir ver\u010diau ugdyt\u0173 savo k\u016brybines galias.<\/p>\n<p>Kai Gregas u\u017etinka kelet\u0105 mai\u0161eli\u0173 guminuk\u0173, gimsta sumanymas. Jei Gregui pavykt\u0173 sukurti film\u0105, gal mama tada nurimt\u0173, o jis tapt\u0173 turtingas ir garsus? Bet ar neprisi\u0161auks Gregas b\u0117dos?<\/p>\n","protected":false},"excerpt":{"rendered":"<p>\u0160\u012f kart\u0105 Gregas bando b\u016bti k\u016bribingu.<\/p>\n<p>Grego mama vis nerimsta. Ji mano, kad nuo vaizdo \u017eaidim\u0173 s\u016bnui ty\u017eta smegenys, tod\u0117l nori, kad jis mest\u0173 \u012f \u0161al\u012f valdikl\u012f ir ver\u010diau ugdyt\u0173 savo k\u016brybines galias.<\/p>\n<p>Kai Gregas u\u017etinka kelet\u0105 mai\u0161eli\u0173 guminuk\u0173, gimsta sumanymas. Jei Gregui pavykt\u0173 sukurti film\u0105, gal mama tada nurimt\u0173, o jis tapt\u0173 turtingas ir garsus? Bet ar neprisi\u0161auks Gregas b\u0117dos?<\/p>\n","protected":false},"featured_media":12290,"comment_status":"closed","ping_status":"closed","template":"","meta":{"_acf_changed":false,"site-sidebar-layout":"default","site-content-layout":"","ast-site-content-layout":"default","site-content-style":"default","site-sidebar-style":"default","ast-global-header-display":"","ast-banner-title-visibility":"","ast-main-header-display":"","ast-hfb-above-header-display":"","ast-hfb-below-header-display":"","ast-hfb-mobile-header-display":"","site-post-title":"","ast-breadcrumbs-content":"","ast-featured-img":"","footer-sml-layout":"","ast-disable-related-posts":"","theme-transparent-header-meta":"default","adv-header-id-meta":"","stick-header-meta":"","header-above-stick-meta":"","header-main-stick-meta":"","header-below-stick-meta":"","astra-migrate-meta-layouts":"set","ast-page-background-enabled":"default","ast-page-background-meta":{"desktop":{"background-color":"","background-image":"","background-repeat":"repeat","background-position":"center center","background-size":"auto","background-attachment":"scroll","background-type":"","background-media":"","overlay-type":"","overlay-color":"","overlay-opacity":"","overlay-gradient":""},"tablet":{"background-color":"","background-image":"","background-repeat":"repeat","background-position":"center center","background-size":"auto","background-attachment":"scroll","background-type":"","background-media":"","overlay-type":"","overlay-color":"","overlay-opacity":"","overlay-gradient":""},"mobile":{"background-color":"","background-image":"","background-repeat":"repeat","background-position":"center center","background-size":"auto","background-attachment":"scroll","background-type":"","background-media":"","overlay-type":"","overlay-color":"","overlay-opacity":"","overlay-gradient":""}},"ast-content-background-meta":{"desktop":{"background-color":"var(--ast-global-color-4)","background-image":"","background-repeat":"repeat","background-position":"center center","background-size":"auto","background-attachment":"scroll","background-type":"","background-media":"","overlay-type":"","overlay-color":"","overlay-opacity":"","overlay-gradient":""},"tablet":{"background-color":"var(--ast-global-color-4)","background-image":"","background-repeat":"repeat","background-position":"center center","background-size":"auto","background-attachment":"scroll","background-type":"","background-media":"","overlay-type":"","overlay-color":"","overlay-opacity":"","overlay-gradient":""},"mobile":{"background-color":"var(--ast-global-color-4)","background-image":"","background-repeat":"repeat","background-position":"center center","background-size":"auto","background-attachment":"scroll","background-type":"","background-media":"","overlay-type":"","overlay-color":"","overlay-opacity":"","overlay-gradient":""}}},"product_brand":[],"product_cat":[9674],"product_tag":[1229],"class_list":{"0":"post-12289","1":"product","2":"type-product","3":"status-publish","4":"has-post-thumbnail","6":"product_cat-pradinukams","7":"product_tag-j-kinney","8":"desktop-align-left","9":"tablet-align-left","10":"mobile-align-left","12":"first","13":"instock","14":"featured","15":"shipping-taxable","16":"purchasable","17":"product-type-simple"},"acf":[],"yoast_head":"<!-- This site is optimized with the Yoast SEO plugin v27.0 - https:\/\/yoast.com\/product\/yoast-seo-wordpress\/ -->\n<title>Nevyk\u0117lio dienora\u0161tis 11. Rizikingas sumanymas<\/title>\n<meta name=\"description\" content=\"\u0160\u012f kart\u0105 Gregas bando b\u016bti k\u016bribingu.   Grego mama vis nerimsta. Ji mano, kad nuo vaizdo \u017eaidim\u0173 s\u016bnui ty\u017eta smegenys, tod\u0117l nori, kad jis mest\u0173 \u012f \u0161al\u012f valdikl\u012f ir ver\u010diau ugdyt\u0173 savo k\u016brybines galias.   Kai Gregas u\u017etinka kelet\u0105 mai\u0161eli\u0173 guminuk\u0173, gimsta sumanymas. Jei Gregui pavykt\u0173 sukurti film\u0105, gal mama tada nurimt\u0173, o jis tapt\u0173 turtingas ir garsus? Bet ar neprisi\u0161auks Gregas b\u0117dos?\" \/>\n<meta name=\"robots\" content=\"index, follow, max-snippet:-1, max-image-preview:large, max-video-preview:-1\" \/>\n<link rel=\"canonical\" href=\"https:\/\/skaitytaknyga.lt\/en\/produktas\/j-kinney-nevykelio-dienorastis-11-rizikingas-sumanymas-pagelte-lapai\/\" \/>\n<meta property=\"og:locale\" content=\"en_GB\" \/>\n<meta property=\"og:locale:alternate\" content=\"lt_LT\" \/>\n<meta property=\"og:type\" content=\"article\" \/>\n<meta property=\"og:title\" content=\"Nevyk\u0117lio dienora\u0161tis 11. Rizikingas sumanymas\" \/>\n<meta property=\"og:description\" content=\"\u0160\u012f kart\u0105 Gregas bando b\u016bti k\u016bribingu.   Grego mama vis nerimsta. Ji mano, kad nuo vaizdo \u017eaidim\u0173 s\u016bnui ty\u017eta smegenys, tod\u0117l nori, kad jis mest\u0173 \u012f \u0161al\u012f valdikl\u012f ir ver\u010diau ugdyt\u0173 savo k\u016brybines galias.   Kai Gregas u\u017etinka kelet\u0105 mai\u0161eli\u0173 guminuk\u0173, gimsta sumanymas. Jei Gregui pavykt\u0173 sukurti film\u0105, gal mama tada nurimt\u0173, o jis tapt\u0173 turtingas ir garsus? Bet ar neprisi\u0161auks Gregas b\u0117dos?\" \/>\n<meta property=\"og:url\" content=\"https:\/\/skaitytaknyga.lt\/en\/produktas\/j-kinney-nevykelio-dienorastis-11-rizikingas-sumanymas-pagelte-lapai\/\" \/>\n<meta property=\"og:site_name\" content=\"Skaitytaknyga\" \/>\n<meta property=\"article:publisher\" content=\"https:\/\/www.facebook.com\/skaitytaknyga\/\" \/>\n<meta property=\"article:modified_time\" content=\"2026-03-18T17:35:14+00:00\" \/>\n<meta property=\"og:image\" content=\"https:\/\/skaitytaknyga.lt\/wp-content\/uploads\/2024\/06\/nevykelio-dienorastis-11-rizikingas-sumanymas-1-geras.webp\" \/>\n\t<meta property=\"og:image:width\" content=\"295\" \/>\n\t<meta property=\"og:image:height\" content=\"450\" \/>\n\t<meta property=\"og:image:type\" content=\"image\/webp\" \/>\n<meta name=\"twitter:card\" content=\"summary_large_image\" \/>\n<meta name=\"twitter:label1\" content=\"Estimated reading time\" \/>\n\t<meta name=\"twitter:data1\" content=\"1 minute\" \/>\n<script type=\"application\/ld+json\" class=\"yoast-schema-graph\">{\"@context\":\"https:\/\/schema.org\",\"@graph\":[{\"@type\":\"WebPage\",\"@id\":\"https:\/\/skaitytaknyga.lt\/produktas\/j-kinney-nevykelio-dienorastis-11-rizikingas-sumanymas-pagelte-lapai\/\",\"url\":\"https:\/\/skaitytaknyga.lt\/produktas\/j-kinney-nevykelio-dienorastis-11-rizikingas-sumanymas-pagelte-lapai\/\",\"name\":\"Nevyk\u0117lio dienora\u0161tis 11. Rizikingas sumanymas\",\"isPartOf\":{\"@id\":\"https:\/\/skaitytaknyga.lt\/#website\"},\"primaryImageOfPage\":{\"@id\":\"https:\/\/skaitytaknyga.lt\/produktas\/j-kinney-nevykelio-dienorastis-11-rizikingas-sumanymas-pagelte-lapai\/#primaryimage\"},\"image\":{\"@id\":\"https:\/\/skaitytaknyga.lt\/produktas\/j-kinney-nevykelio-dienorastis-11-rizikingas-sumanymas-pagelte-lapai\/#primaryimage\"},\"thumbnailUrl\":\"https:\/\/skaitytaknyga.lt\/wp-content\/uploads\/2024\/06\/nevykelio-dienorastis-11-rizikingas-sumanymas-1-geras.webp\",\"datePublished\":\"2024-06-27T16:35:35+00:00\",\"dateModified\":\"2026-03-18T17:35:14+00:00\",\"description\":\"\u0160\u012f kart\u0105 Gregas bando b\u016bti k\u016bribingu. Grego mama vis nerimsta. Ji mano, kad nuo vaizdo \u017eaidim\u0173 s\u016bnui ty\u017eta smegenys, tod\u0117l nori, kad jis mest\u0173 \u012f \u0161al\u012f valdikl\u012f ir ver\u010diau ugdyt\u0173 savo k\u016brybines galias. Kai Gregas u\u017etinka kelet\u0105 mai\u0161eli\u0173 guminuk\u0173, gimsta sumanymas. Jei Gregui pavykt\u0173 sukurti film\u0105, gal mama tada nurimt\u0173, o jis tapt\u0173 turtingas ir garsus? Bet ar neprisi\u0161auks Gregas b\u0117dos?\",\"breadcrumb\":{\"@id\":\"https:\/\/skaitytaknyga.lt\/produktas\/j-kinney-nevykelio-dienorastis-11-rizikingas-sumanymas-pagelte-lapai\/#breadcrumb\"},\"inLanguage\":\"en-GB\",\"potentialAction\":[{\"@type\":\"ReadAction\",\"target\":[\"https:\/\/skaitytaknyga.lt\/produktas\/j-kinney-nevykelio-dienorastis-11-rizikingas-sumanymas-pagelte-lapai\/\"]}]},{\"@type\":\"ImageObject\",\"inLanguage\":\"en-GB\",\"@id\":\"https:\/\/skaitytaknyga.lt\/produktas\/j-kinney-nevykelio-dienorastis-11-rizikingas-sumanymas-pagelte-lapai\/#primaryimage\",\"url\":\"https:\/\/skaitytaknyga.lt\/wp-content\/uploads\/2024\/06\/nevykelio-dienorastis-11-rizikingas-sumanymas-1-geras.webp\",\"contentUrl\":\"https:\/\/skaitytaknyga.lt\/wp-content\/uploads\/2024\/06\/nevykelio-dienorastis-11-rizikingas-sumanymas-1-geras.webp\",\"width\":295,\"height\":450},{\"@type\":\"BreadcrumbList\",\"@id\":\"https:\/\/skaitytaknyga.lt\/produktas\/j-kinney-nevykelio-dienorastis-11-rizikingas-sumanymas-pagelte-lapai\/#breadcrumb\",\"itemListElement\":[{\"@type\":\"ListItem\",\"position\":1,\"name\":\"Home\",\"item\":\"https:\/\/skaitytaknyga.lt\/\"},{\"@type\":\"ListItem\",\"position\":2,\"name\":\"Parduotuv\u0117\",\"item\":\"https:\/\/skaitytaknyga.lt\/knygu-parduotuve\/\"},{\"@type\":\"ListItem\",\"position\":3,\"name\":\"Nevyk\u0117lio dienora\u0161tis 11. Rizikingas sumanymas\"}]},{\"@type\":\"WebSite\",\"@id\":\"https:\/\/skaitytaknyga.lt\/#website\",\"url\":\"https:\/\/skaitytaknyga.lt\/\",\"name\":\"skaitytaknyga.lt\",\"description\":\"Skaitytaknyga.lt \u2013 tai ma\u017eas \u0161eimos verslas, kuris prasid\u0117jo nuo meil\u0117s knygoms ir siekio i\u0161gelb\u0117ti knygas nuo likimo prie konteinerio. Kas vienam nereikalingas daiktas \u2013 kitam lobis, o mes esame tarpininkai, kurie padeda abiems tapti laimingesniems ???? \u017dinome kaip nelengva i\u0161gyventi ma\u017eiems verslams, tad nuo \u0161iol, \u010dia rasite ir kit\u0173, ma\u017e\u0173 \u0161eim\u0173 versl\u0173, rank\u0173 darbo, dovan\u0173 sau ir artimiesiems.\",\"publisher\":{\"@id\":\"https:\/\/skaitytaknyga.lt\/#organization\"},\"potentialAction\":[{\"@type\":\"SearchAction\",\"target\":{\"@type\":\"EntryPoint\",\"urlTemplate\":\"https:\/\/skaitytaknyga.lt\/?s={search_term_string}\"},\"query-input\":{\"@type\":\"PropertyValueSpecification\",\"valueRequired\":true,\"valueName\":\"search_term_string\"}}],\"inLanguage\":\"en-GB\"},{\"@type\":\"Organization\",\"@id\":\"https:\/\/skaitytaknyga.lt\/#organization\",\"name\":\"skaitytaknyga.lt\",\"url\":\"https:\/\/skaitytaknyga.lt\/\",\"logo\":{\"@type\":\"ImageObject\",\"inLanguage\":\"en-GB\",\"@id\":\"https:\/\/skaitytaknyga.lt\/#\/schema\/logo\/image\/\",\"url\":\"https:\/\/skaitytaknyga.lt\/wp-content\/uploads\/2024\/05\/cropped-cropped-cropped-02_00843_jt3bggkj1j3HLc7SyY6rEUpg.jpeg\",\"contentUrl\":\"https:\/\/skaitytaknyga.lt\/wp-content\/uploads\/2024\/05\/cropped-cropped-cropped-02_00843_jt3bggkj1j3HLc7SyY6rEUpg.jpeg\",\"width\":1600,\"height\":1600,\"caption\":\"skaitytaknyga.lt\"},\"image\":{\"@id\":\"https:\/\/skaitytaknyga.lt\/#\/schema\/logo\/image\/\"},\"sameAs\":[\"https:\/\/www.facebook.com\/skaitytaknyga\/\"]}]}<\/script>\n<!-- \/ Yoast SEO plugin. -->","yoast_head_json":{"title":"Nevyk\u0117lio dienora\u0161tis 11. Rizikingas sumanymas","description":"\u0160\u012f kart\u0105 Gregas bando b\u016bti k\u016bribingu.   Grego mama vis nerimsta. Ji mano, kad nuo vaizdo \u017eaidim\u0173 s\u016bnui ty\u017eta smegenys, tod\u0117l nori, kad jis mest\u0173 \u012f \u0161al\u012f valdikl\u012f ir ver\u010diau ugdyt\u0173 savo k\u016brybines galias.   Kai Gregas u\u017etinka kelet\u0105 mai\u0161eli\u0173 guminuk\u0173, gimsta sumanymas. Jei Gregui pavykt\u0173 sukurti film\u0105, gal mama tada nurimt\u0173, o jis tapt\u0173 turtingas ir garsus? Bet ar neprisi\u0161auks Gregas b\u0117dos?","robots":{"index":"index","follow":"follow","max-snippet":"max-snippet:-1","max-image-preview":"max-image-preview:large","max-video-preview":"max-video-preview:-1"},"canonical":"https:\/\/skaitytaknyga.lt\/en\/produktas\/j-kinney-nevykelio-dienorastis-11-rizikingas-sumanymas-pagelte-lapai\/","og_locale":"en_GB","og_type":"article","og_title":"[:lt]Nevyk\u0117lio dienora\u0161tis 11. Rizikingas sumanymas[:] - Skaitytaknyga","og_description":"\u0160\u012f kart\u0105 Gregas bando b\u016bti k\u016bribingu.   Grego mama vis nerimsta. Ji mano, kad nuo vaizdo \u017eaidim\u0173 s\u016bnui ty\u017eta smegenys, tod\u0117l nori, kad jis mest\u0173 \u012f \u0161al\u012f valdikl\u012f ir ver\u010diau ugdyt\u0173 savo k\u016brybines galias.   Kai Gregas u\u017etinka kelet\u0105 mai\u0161eli\u0173 guminuk\u0173, gimsta sumanymas. Jei Gregui pavykt\u0173 sukurti film\u0105, gal mama tada nurimt\u0173, o jis tapt\u0173 turtingas ir garsus? Bet ar neprisi\u0161auks Gregas b\u0117dos?","og_url":"https:\/\/skaitytaknyga.lt\/en\/produktas\/j-kinney-nevykelio-dienorastis-11-rizikingas-sumanymas-pagelte-lapai\/","og_site_name":"Skaitytaknyga","article_publisher":"https:\/\/www.facebook.com\/skaitytaknyga\/","article_modified_time":"2026-03-18T17:35:14+00:00","og_image":[{"width":295,"height":450,"url":"https:\/\/skaitytaknyga.lt\/wp-content\/uploads\/2024\/06\/nevykelio-dienorastis-11-rizikingas-sumanymas-1-geras.webp","type":"image\/webp"}],"twitter_card":"summary_large_image","twitter_misc":{"Estimated reading time":"1 minute"},"schema":{"@context":"https:\/\/schema.org","@graph":[{"@type":"WebPage","@id":"https:\/\/skaitytaknyga.lt\/produktas\/j-kinney-nevykelio-dienorastis-11-rizikingas-sumanymas-pagelte-lapai\/","url":"https:\/\/skaitytaknyga.lt\/produktas\/j-kinney-nevykelio-dienorastis-11-rizikingas-sumanymas-pagelte-lapai\/","name":"Nevyk\u0117lio dienora\u0161tis 11. Rizikingas sumanymas","isPartOf":{"@id":"https:\/\/skaitytaknyga.lt\/#website"},"primaryImageOfPage":{"@id":"https:\/\/skaitytaknyga.lt\/produktas\/j-kinney-nevykelio-dienorastis-11-rizikingas-sumanymas-pagelte-lapai\/#primaryimage"},"image":{"@id":"https:\/\/skaitytaknyga.lt\/produktas\/j-kinney-nevykelio-dienorastis-11-rizikingas-sumanymas-pagelte-lapai\/#primaryimage"},"thumbnailUrl":"https:\/\/skaitytaknyga.lt\/wp-content\/uploads\/2024\/06\/nevykelio-dienorastis-11-rizikingas-sumanymas-1-geras.webp","datePublished":"2024-06-27T16:35:35+00:00","dateModified":"2026-03-18T17:35:14+00:00","description":"\u0160\u012f kart\u0105 Gregas bando b\u016bti k\u016bribingu. Grego mama vis nerimsta. Ji mano, kad nuo vaizdo \u017eaidim\u0173 s\u016bnui ty\u017eta smegenys, tod\u0117l nori, kad jis mest\u0173 \u012f \u0161al\u012f valdikl\u012f ir ver\u010diau ugdyt\u0173 savo k\u016brybines galias. Kai Gregas u\u017etinka kelet\u0105 mai\u0161eli\u0173 guminuk\u0173, gimsta sumanymas. Jei Gregui pavykt\u0173 sukurti film\u0105, gal mama tada nurimt\u0173, o jis tapt\u0173 turtingas ir garsus? Bet ar neprisi\u0161auks Gregas b\u0117dos?","breadcrumb":{"@id":"https:\/\/skaitytaknyga.lt\/produktas\/j-kinney-nevykelio-dienorastis-11-rizikingas-sumanymas-pagelte-lapai\/#breadcrumb"},"inLanguage":"en-GB","potentialAction":[{"@type":"ReadAction","target":["https:\/\/skaitytaknyga.lt\/produktas\/j-kinney-nevykelio-dienorastis-11-rizikingas-sumanymas-pagelte-lapai\/"]}]},{"@type":"ImageObject","inLanguage":"en-GB","@id":"https:\/\/skaitytaknyga.lt\/produktas\/j-kinney-nevykelio-dienorastis-11-rizikingas-sumanymas-pagelte-lapai\/#primaryimage","url":"https:\/\/skaitytaknyga.lt\/wp-content\/uploads\/2024\/06\/nevykelio-dienorastis-11-rizikingas-sumanymas-1-geras.webp","contentUrl":"https:\/\/skaitytaknyga.lt\/wp-content\/uploads\/2024\/06\/nevykelio-dienorastis-11-rizikingas-sumanymas-1-geras.webp","width":295,"height":450},{"@type":"BreadcrumbList","@id":"https:\/\/skaitytaknyga.lt\/produktas\/j-kinney-nevykelio-dienorastis-11-rizikingas-sumanymas-pagelte-lapai\/#breadcrumb","itemListElement":[{"@type":"ListItem","position":1,"name":"Home","item":"https:\/\/skaitytaknyga.lt\/"},{"@type":"ListItem","position":2,"name":"Parduotuv\u0117","item":"https:\/\/skaitytaknyga.lt\/knygu-parduotuve\/"},{"@type":"ListItem","position":3,"name":"Nevyk\u0117lio dienora\u0161tis 11. Rizikingas sumanymas"}]},{"@type":"WebSite","@id":"https:\/\/skaitytaknyga.lt\/#website","url":"https:\/\/skaitytaknyga.lt\/","name":"skaitytaknyga.lt","description":"Skaitytaknyga.lt \u2013 tai ma\u017eas \u0161eimos verslas, kuris prasid\u0117jo nuo meil\u0117s knygoms ir siekio i\u0161gelb\u0117ti knygas nuo likimo prie konteinerio. Kas vienam nereikalingas daiktas \u2013 kitam lobis, o mes esame tarpininkai, kurie padeda abiems tapti laimingesniems ???? \u017dinome kaip nelengva i\u0161gyventi ma\u017eiems verslams, tad nuo \u0161iol, \u010dia rasite ir kit\u0173, ma\u017e\u0173 \u0161eim\u0173 versl\u0173, rank\u0173 darbo, dovan\u0173 sau ir artimiesiems.","publisher":{"@id":"https:\/\/skaitytaknyga.lt\/#organization"},"potentialAction":[{"@type":"SearchAction","target":{"@type":"EntryPoint","urlTemplate":"https:\/\/skaitytaknyga.lt\/?s={search_term_string}"},"query-input":{"@type":"PropertyValueSpecification","valueRequired":true,"valueName":"search_term_string"}}],"inLanguage":"en-GB"},{"@type":"Organization","@id":"https:\/\/skaitytaknyga.lt\/#organization","name":"skaitytaknyga.lt","url":"https:\/\/skaitytaknyga.lt\/","logo":{"@type":"ImageObject","inLanguage":"en-GB","@id":"https:\/\/skaitytaknyga.lt\/#\/schema\/logo\/image\/","url":"https:\/\/skaitytaknyga.lt\/wp-content\/uploads\/2024\/05\/cropped-cropped-cropped-02_00843_jt3bggkj1j3HLc7SyY6rEUpg.jpeg","contentUrl":"https:\/\/skaitytaknyga.lt\/wp-content\/uploads\/2024\/05\/cropped-cropped-cropped-02_00843_jt3bggkj1j3HLc7SyY6rEUpg.jpeg","width":1600,"height":1600,"caption":"skaitytaknyga.lt"},"image":{"@id":"https:\/\/skaitytaknyga.lt\/#\/schema\/logo\/image\/"},"sameAs":["https:\/\/www.facebook.com\/skaitytaknyga\/"]}]}},"_links":{"self":[{"href":"https:\/\/skaitytaknyga.lt\/en\/wp-json\/wp\/v2\/product\/12289","targetHints":{"allow":["GET"]}}],"collection":[{"href":"https:\/\/skaitytaknyga.lt\/en\/wp-json\/wp\/v2\/product"}],"about":[{"href":"https:\/\/skaitytaknyga.lt\/en\/wp-json\/wp\/v2\/types\/product"}],"replies":[{"embeddable":true,"href":"https:\/\/skaitytaknyga.lt\/en\/wp-json\/wp\/v2\/comments?post=12289"}],"wp:featuredmedia":[{"embeddable":true,"href":"https:\/\/skaitytaknyga.lt\/en\/wp-json\/wp\/v2\/media\/12290"}],"wp:attachment":[{"href":"https:\/\/skaitytaknyga.lt\/en\/wp-json\/wp\/v2\/media?parent=12289"}],"wp:term":[{"taxonomy":"product_brand","embeddable":true,"href":"https:\/\/skaitytaknyga.lt\/en\/wp-json\/wp\/v2\/product_brand?post=12289"},{"taxonomy":"product_cat","embeddable":true,"href":"https:\/\/skaitytaknyga.lt\/en\/wp-json\/wp\/v2\/product_cat?post=12289"},{"taxonomy":"product_tag","embeddable":true,"href":"https:\/\/skaitytaknyga.lt\/en\/wp-json\/wp\/v2\/product_tag?post=12289"}],"curies":[{"name":"wp","href":"https:\/\/api.w.org\/{rel}","templated":true}]}}