{"id":12287,"date":"2024-06-27T19:34:32","date_gmt":"2024-06-27T16:34:32","guid":{"rendered":"https:\/\/skaitytaknyga.lt\/?post_type=product&#038;p=12287"},"modified":"2026-03-18T19:35:14","modified_gmt":"2026-03-18T17:35:14","slug":"j-kinney-nevykelio-dienorastis-6-ziemos-spastai","status":"publish","type":"product","link":"https:\/\/skaitytaknyga.lt\/en\/produktas\/j-kinney-nevykelio-dienorastis-6-ziemos-spastai\/","title":{"rendered":"Nevyk\u0117lio dienora\u0161tis 6. \u017diemos sp\u0105stai"},"content":{"rendered":"<p>Gregas Heflis pateko \u012f rimt\u0105 b\u0117d\u0105. I\u0161terliota mokyklos siena, ir Gregas yra pagrindinis \u012ftariamasis. Ta\u010diau kvailiausia tai, kad joki\u0173 pikt\u0173 k\u0117sl\u0173 jis netur\u0117jo. arba beveik netur\u0117jo.<\/p>\n<p>Policija jau lipa ant kuln\u0173, bet netik\u0117tai u\u017eklupusi p\u016bga Hefli\u0173 \u0161eim\u0105 \u012fkalina namie. Gregas \u017eino, kad nutirpus sniegui jo laukia nemalonumai, ta\u010diau ar yra kas baisiau, kaip per \u0161ventes b\u016bti u\u017edarytam namuose su \u0161eima?<\/p>\n","protected":false},"excerpt":{"rendered":"<p>Jaun\u0173j\u0173 skaitytoj\u0173 v\u0117l laukia smagus susitikimas su Gregu Hefliu ir jo \u0161eima.<\/p>\n<p>Art\u0117ja Kal\u0117dos. Tai ypa\u010d sunkus metas, nes Kal\u0117d\u0173 Senelio patik\u0117tinis budria akimi stebi Grego elges\u012f ir visk\u0105 perduoda \u012f \u0160iaur\u0119. Grego nuotaika dar labiau sugenda, kai jis patenka \u012f rimt\u0105 b\u0117d\u0105 \u2013 nieko blogo nenor\u0117damas i\u0161terlioja mokyklos sien\u0105 ir dabar policija lipa jam ant kuln\u0173.<\/p>\n<p>Be to, netik\u0117tai u\u017eklupusi p\u016bga Hefli\u0173 \u0161eim\u0105 \u012fkalina \u0161altuose namuose. Kas nutiko p\u016bgos metu ir kuo viskas baig\u0117si, su\u017einosite perskait\u0119 6-\u0105j\u0105 \u201eNevyk\u0117lio dienora\u0161\u010dio\u201c dal\u012f \u201e\u017diemos sp\u0105stai\u201c.<\/p>\n","protected":false},"featured_media":12288,"comment_status":"closed","ping_status":"closed","template":"","meta":{"_acf_changed":false,"site-sidebar-layout":"default","site-content-layout":"","ast-site-content-layout":"default","site-content-style":"default","site-sidebar-style":"default","ast-global-header-display":"","ast-banner-title-visibility":"","ast-main-header-display":"","ast-hfb-above-header-display":"","ast-hfb-below-header-display":"","ast-hfb-mobile-header-display":"","site-post-title":"","ast-breadcrumbs-content":"","ast-featured-img":"","footer-sml-layout":"","ast-disable-related-posts":"","theme-transparent-header-meta":"default","adv-header-id-meta":"","stick-header-meta":"","header-above-stick-meta":"","header-main-stick-meta":"","header-below-stick-meta":"","astra-migrate-meta-layouts":"set","ast-page-background-enabled":"default","ast-page-background-meta":{"desktop":{"background-color":"","background-image":"","background-repeat":"repeat","background-position":"center center","background-size":"auto","background-attachment":"scroll","background-type":"","background-media":"","overlay-type":"","overlay-color":"","overlay-opacity":"","overlay-gradient":""},"tablet":{"background-color":"","background-image":"","background-repeat":"repeat","background-position":"center center","background-size":"auto","background-attachment":"scroll","background-type":"","background-media":"","overlay-type":"","overlay-color":"","overlay-opacity":"","overlay-gradient":""},"mobile":{"background-color":"","background-image":"","background-repeat":"repeat","background-position":"center center","background-size":"auto","background-attachment":"scroll","background-type":"","background-media":"","overlay-type":"","overlay-color":"","overlay-opacity":"","overlay-gradient":""}},"ast-content-background-meta":{"desktop":{"background-color":"var(--ast-global-color-4)","background-image":"","background-repeat":"repeat","background-position":"center center","background-size":"auto","background-attachment":"scroll","background-type":"","background-media":"","overlay-type":"","overlay-color":"","overlay-opacity":"","overlay-gradient":""},"tablet":{"background-color":"var(--ast-global-color-4)","background-image":"","background-repeat":"repeat","background-position":"center center","background-size":"auto","background-attachment":"scroll","background-type":"","background-media":"","overlay-type":"","overlay-color":"","overlay-opacity":"","overlay-gradient":""},"mobile":{"background-color":"var(--ast-global-color-4)","background-image":"","background-repeat":"repeat","background-position":"center center","background-size":"auto","background-attachment":"scroll","background-type":"","background-media":"","overlay-type":"","overlay-color":"","overlay-opacity":"","overlay-gradient":""}}},"product_brand":[],"product_cat":[9674],"product_tag":[3879,1980,1229,1645],"class_list":{"0":"post-12287","1":"product","2":"type-product","3":"status-publish","4":"has-post-thumbnail","6":"product_cat-pradinukams","7":"product_tag-dienorasciai","8":"product_tag-humoras","9":"product_tag-j-kinney","10":"product_tag-vaiku-literatura","11":"desktop-align-left","12":"tablet-align-left","13":"mobile-align-left","15":"first","16":"instock","17":"featured","18":"shipping-taxable","19":"purchasable","20":"product-type-simple"},"acf":[],"yoast_head":"<!-- This site is optimized with the Yoast SEO plugin v27.0 - https:\/\/yoast.com\/product\/yoast-seo-wordpress\/ -->\n<title>Nevyk\u0117lio dienora\u0161tis 6. \u017diemos sp\u0105stai<\/title>\n<meta name=\"description\" content=\"Jaun\u0173j\u0173 skaitytoj\u0173 v\u0117l laukia smagus susitikimas su Gregu Hefliu ir jo \u0161eima.  Art\u0117ja Kal\u0117dos. Tai ypa\u010d sunkus metas, nes Kal\u0117d\u0173 Senelio patik\u0117tinis budria akimi stebi Grego elges\u012f ir visk\u0105 perduoda \u012f \u0160iaur\u0119. Grego nuotaika dar labiau sugenda, kai jis patenka \u012f rimt\u0105 b\u0117d\u0105 \u2013 nieko blogo nenor\u0117damas i\u0161terlioja mokyklos sien\u0105 ir dabar policija lipa jam ant kuln\u0173.  Be to, netik\u0117tai u\u017eklupusi p\u016bga Hefli\u0173 \u0161eim\u0105 \u012fkalina \u0161altuose namuose. Kas nutiko p\u016bgos metu ir kuo viskas baig\u0117si, su\u017einosite perskait\u0119 6-\u0105j\u0105 \u201eNevyk\u0117lio dienora\u0161\u010dio\u201c dal\u012f \u201e\u017diemos sp\u0105stai\u201c.\" \/>\n<meta name=\"robots\" content=\"index, follow, max-snippet:-1, max-image-preview:large, max-video-preview:-1\" \/>\n<link rel=\"canonical\" href=\"https:\/\/skaitytaknyga.lt\/en\/produktas\/j-kinney-nevykelio-dienorastis-6-ziemos-spastai\/\" \/>\n<meta property=\"og:locale\" content=\"en_GB\" \/>\n<meta property=\"og:locale:alternate\" content=\"lt_LT\" \/>\n<meta property=\"og:type\" content=\"article\" \/>\n<meta property=\"og:title\" content=\"Nevyk\u0117lio dienora\u0161tis 6. \u017diemos sp\u0105stai\" \/>\n<meta property=\"og:description\" content=\"Jaun\u0173j\u0173 skaitytoj\u0173 v\u0117l laukia smagus susitikimas su Gregu Hefliu ir jo \u0161eima.  Art\u0117ja Kal\u0117dos. Tai ypa\u010d sunkus metas, nes Kal\u0117d\u0173 Senelio patik\u0117tinis budria akimi stebi Grego elges\u012f ir visk\u0105 perduoda \u012f \u0160iaur\u0119. Grego nuotaika dar labiau sugenda, kai jis patenka \u012f rimt\u0105 b\u0117d\u0105 \u2013 nieko blogo nenor\u0117damas i\u0161terlioja mokyklos sien\u0105 ir dabar policija lipa jam ant kuln\u0173.  Be to, netik\u0117tai u\u017eklupusi p\u016bga Hefli\u0173 \u0161eim\u0105 \u012fkalina \u0161altuose namuose. Kas nutiko p\u016bgos metu ir kuo viskas baig\u0117si, su\u017einosite perskait\u0119 6-\u0105j\u0105 \u201eNevyk\u0117lio dienora\u0161\u010dio\u201c dal\u012f \u201e\u017diemos sp\u0105stai\u201c.\" \/>\n<meta property=\"og:url\" content=\"https:\/\/skaitytaknyga.lt\/en\/produktas\/j-kinney-nevykelio-dienorastis-6-ziemos-spastai\/\" \/>\n<meta property=\"og:site_name\" content=\"Skaitytaknyga\" \/>\n<meta property=\"article:publisher\" content=\"https:\/\/www.facebook.com\/skaitytaknyga\/\" \/>\n<meta property=\"article:modified_time\" content=\"2026-03-18T17:35:14+00:00\" \/>\n<meta property=\"og:image\" content=\"https:\/\/skaitytaknyga.lt\/wp-content\/uploads\/2024\/06\/nevykeliodienorastis6.jpg\" \/>\n\t<meta property=\"og:image:width\" content=\"298\" \/>\n\t<meta property=\"og:image:height\" content=\"430\" \/>\n\t<meta property=\"og:image:type\" content=\"image\/jpeg\" \/>\n<meta name=\"twitter:card\" content=\"summary_large_image\" \/>\n<meta name=\"twitter:label1\" content=\"Estimated reading time\" \/>\n\t<meta name=\"twitter:data1\" content=\"1 minute\" \/>\n<script type=\"application\/ld+json\" class=\"yoast-schema-graph\">{\"@context\":\"https:\/\/schema.org\",\"@graph\":[{\"@type\":\"WebPage\",\"@id\":\"https:\/\/skaitytaknyga.lt\/produktas\/j-kinney-nevykelio-dienorastis-6-ziemos-spastai\/\",\"url\":\"https:\/\/skaitytaknyga.lt\/produktas\/j-kinney-nevykelio-dienorastis-6-ziemos-spastai\/\",\"name\":\"Nevyk\u0117lio dienora\u0161tis 6. \u017diemos sp\u0105stai\",\"isPartOf\":{\"@id\":\"https:\/\/skaitytaknyga.lt\/#website\"},\"primaryImageOfPage\":{\"@id\":\"https:\/\/skaitytaknyga.lt\/produktas\/j-kinney-nevykelio-dienorastis-6-ziemos-spastai\/#primaryimage\"},\"image\":{\"@id\":\"https:\/\/skaitytaknyga.lt\/produktas\/j-kinney-nevykelio-dienorastis-6-ziemos-spastai\/#primaryimage\"},\"thumbnailUrl\":\"https:\/\/skaitytaknyga.lt\/wp-content\/uploads\/2024\/06\/nevykeliodienorastis6.jpg\",\"datePublished\":\"2024-06-27T16:34:32+00:00\",\"dateModified\":\"2026-03-18T17:35:14+00:00\",\"description\":\"Jaun\u0173j\u0173 skaitytoj\u0173 v\u0117l laukia smagus susitikimas su Gregu Hefliu ir jo \u0161eima. Art\u0117ja Kal\u0117dos. Tai ypa\u010d sunkus metas, nes Kal\u0117d\u0173 Senelio patik\u0117tinis budria akimi stebi Grego elges\u012f ir visk\u0105 perduoda \u012f \u0160iaur\u0119. Grego nuotaika dar labiau sugenda, kai jis patenka \u012f rimt\u0105 b\u0117d\u0105 \u2013 nieko blogo nenor\u0117damas i\u0161terlioja mokyklos sien\u0105 ir dabar policija lipa jam ant kuln\u0173. Be to, netik\u0117tai u\u017eklupusi p\u016bga Hefli\u0173 \u0161eim\u0105 \u012fkalina \u0161altuose namuose. Kas nutiko p\u016bgos metu ir kuo viskas baig\u0117si, su\u017einosite perskait\u0119 6-\u0105j\u0105 \u201eNevyk\u0117lio dienora\u0161\u010dio\u201c dal\u012f \u201e\u017diemos sp\u0105stai\u201c.\",\"breadcrumb\":{\"@id\":\"https:\/\/skaitytaknyga.lt\/produktas\/j-kinney-nevykelio-dienorastis-6-ziemos-spastai\/#breadcrumb\"},\"inLanguage\":\"en-GB\",\"potentialAction\":[{\"@type\":\"ReadAction\",\"target\":[\"https:\/\/skaitytaknyga.lt\/produktas\/j-kinney-nevykelio-dienorastis-6-ziemos-spastai\/\"]}]},{\"@type\":\"ImageObject\",\"inLanguage\":\"en-GB\",\"@id\":\"https:\/\/skaitytaknyga.lt\/produktas\/j-kinney-nevykelio-dienorastis-6-ziemos-spastai\/#primaryimage\",\"url\":\"https:\/\/skaitytaknyga.lt\/wp-content\/uploads\/2024\/06\/nevykeliodienorastis6.jpg\",\"contentUrl\":\"https:\/\/skaitytaknyga.lt\/wp-content\/uploads\/2024\/06\/nevykeliodienorastis6.jpg\",\"width\":298,\"height\":430,\"caption\":\"nevykelio dienorastis 6\"},{\"@type\":\"BreadcrumbList\",\"@id\":\"https:\/\/skaitytaknyga.lt\/produktas\/j-kinney-nevykelio-dienorastis-6-ziemos-spastai\/#breadcrumb\",\"itemListElement\":[{\"@type\":\"ListItem\",\"position\":1,\"name\":\"Home\",\"item\":\"https:\/\/skaitytaknyga.lt\/\"},{\"@type\":\"ListItem\",\"position\":2,\"name\":\"Parduotuv\u0117\",\"item\":\"https:\/\/skaitytaknyga.lt\/knygu-parduotuve\/\"},{\"@type\":\"ListItem\",\"position\":3,\"name\":\"Nevyk\u0117lio dienora\u0161tis 6. \u017diemos sp\u0105stai\"}]},{\"@type\":\"WebSite\",\"@id\":\"https:\/\/skaitytaknyga.lt\/#website\",\"url\":\"https:\/\/skaitytaknyga.lt\/\",\"name\":\"skaitytaknyga.lt\",\"description\":\"Skaitytaknyga.lt \u2013 tai ma\u017eas \u0161eimos verslas, kuris prasid\u0117jo nuo meil\u0117s knygoms ir siekio i\u0161gelb\u0117ti knygas nuo likimo prie konteinerio. Kas vienam nereikalingas daiktas \u2013 kitam lobis, o mes esame tarpininkai, kurie padeda abiems tapti laimingesniems ???? \u017dinome kaip nelengva i\u0161gyventi ma\u017eiems verslams, tad nuo \u0161iol, \u010dia rasite ir kit\u0173, ma\u017e\u0173 \u0161eim\u0173 versl\u0173, rank\u0173 darbo, dovan\u0173 sau ir artimiesiems.\",\"publisher\":{\"@id\":\"https:\/\/skaitytaknyga.lt\/#organization\"},\"potentialAction\":[{\"@type\":\"SearchAction\",\"target\":{\"@type\":\"EntryPoint\",\"urlTemplate\":\"https:\/\/skaitytaknyga.lt\/?s={search_term_string}\"},\"query-input\":{\"@type\":\"PropertyValueSpecification\",\"valueRequired\":true,\"valueName\":\"search_term_string\"}}],\"inLanguage\":\"en-GB\"},{\"@type\":\"Organization\",\"@id\":\"https:\/\/skaitytaknyga.lt\/#organization\",\"name\":\"skaitytaknyga.lt\",\"url\":\"https:\/\/skaitytaknyga.lt\/\",\"logo\":{\"@type\":\"ImageObject\",\"inLanguage\":\"en-GB\",\"@id\":\"https:\/\/skaitytaknyga.lt\/#\/schema\/logo\/image\/\",\"url\":\"https:\/\/skaitytaknyga.lt\/wp-content\/uploads\/2024\/05\/cropped-cropped-cropped-02_00843_jt3bggkj1j3HLc7SyY6rEUpg.jpeg\",\"contentUrl\":\"https:\/\/skaitytaknyga.lt\/wp-content\/uploads\/2024\/05\/cropped-cropped-cropped-02_00843_jt3bggkj1j3HLc7SyY6rEUpg.jpeg\",\"width\":1600,\"height\":1600,\"caption\":\"skaitytaknyga.lt\"},\"image\":{\"@id\":\"https:\/\/skaitytaknyga.lt\/#\/schema\/logo\/image\/\"},\"sameAs\":[\"https:\/\/www.facebook.com\/skaitytaknyga\/\"]}]}<\/script>\n<!-- \/ Yoast SEO plugin. -->","yoast_head_json":{"title":"Nevyk\u0117lio dienora\u0161tis 6. \u017diemos sp\u0105stai","description":"Jaun\u0173j\u0173 skaitytoj\u0173 v\u0117l laukia smagus susitikimas su Gregu Hefliu ir jo \u0161eima.  Art\u0117ja Kal\u0117dos. Tai ypa\u010d sunkus metas, nes Kal\u0117d\u0173 Senelio patik\u0117tinis budria akimi stebi Grego elges\u012f ir visk\u0105 perduoda \u012f \u0160iaur\u0119. Grego nuotaika dar labiau sugenda, kai jis patenka \u012f rimt\u0105 b\u0117d\u0105 \u2013 nieko blogo nenor\u0117damas i\u0161terlioja mokyklos sien\u0105 ir dabar policija lipa jam ant kuln\u0173.  Be to, netik\u0117tai u\u017eklupusi p\u016bga Hefli\u0173 \u0161eim\u0105 \u012fkalina \u0161altuose namuose. Kas nutiko p\u016bgos metu ir kuo viskas baig\u0117si, su\u017einosite perskait\u0119 6-\u0105j\u0105 \u201eNevyk\u0117lio dienora\u0161\u010dio\u201c dal\u012f \u201e\u017diemos sp\u0105stai\u201c.","robots":{"index":"index","follow":"follow","max-snippet":"max-snippet:-1","max-image-preview":"max-image-preview:large","max-video-preview":"max-video-preview:-1"},"canonical":"https:\/\/skaitytaknyga.lt\/en\/produktas\/j-kinney-nevykelio-dienorastis-6-ziemos-spastai\/","og_locale":"en_GB","og_type":"article","og_title":"[:lt]Nevyk\u0117lio dienora\u0161tis 6. \u017diemos sp\u0105stai[:] - Skaitytaknyga","og_description":"Jaun\u0173j\u0173 skaitytoj\u0173 v\u0117l laukia smagus susitikimas su Gregu Hefliu ir jo \u0161eima.  Art\u0117ja Kal\u0117dos. Tai ypa\u010d sunkus metas, nes Kal\u0117d\u0173 Senelio patik\u0117tinis budria akimi stebi Grego elges\u012f ir visk\u0105 perduoda \u012f \u0160iaur\u0119. Grego nuotaika dar labiau sugenda, kai jis patenka \u012f rimt\u0105 b\u0117d\u0105 \u2013 nieko blogo nenor\u0117damas i\u0161terlioja mokyklos sien\u0105 ir dabar policija lipa jam ant kuln\u0173.  Be to, netik\u0117tai u\u017eklupusi p\u016bga Hefli\u0173 \u0161eim\u0105 \u012fkalina \u0161altuose namuose. Kas nutiko p\u016bgos metu ir kuo viskas baig\u0117si, su\u017einosite perskait\u0119 6-\u0105j\u0105 \u201eNevyk\u0117lio dienora\u0161\u010dio\u201c dal\u012f \u201e\u017diemos sp\u0105stai\u201c.","og_url":"https:\/\/skaitytaknyga.lt\/en\/produktas\/j-kinney-nevykelio-dienorastis-6-ziemos-spastai\/","og_site_name":"Skaitytaknyga","article_publisher":"https:\/\/www.facebook.com\/skaitytaknyga\/","article_modified_time":"2026-03-18T17:35:14+00:00","og_image":[{"width":298,"height":430,"url":"https:\/\/skaitytaknyga.lt\/wp-content\/uploads\/2024\/06\/nevykeliodienorastis6.jpg","type":"image\/jpeg"}],"twitter_card":"summary_large_image","twitter_misc":{"Estimated reading time":"1 minute"},"schema":{"@context":"https:\/\/schema.org","@graph":[{"@type":"WebPage","@id":"https:\/\/skaitytaknyga.lt\/produktas\/j-kinney-nevykelio-dienorastis-6-ziemos-spastai\/","url":"https:\/\/skaitytaknyga.lt\/produktas\/j-kinney-nevykelio-dienorastis-6-ziemos-spastai\/","name":"Nevyk\u0117lio dienora\u0161tis 6. \u017diemos sp\u0105stai","isPartOf":{"@id":"https:\/\/skaitytaknyga.lt\/#website"},"primaryImageOfPage":{"@id":"https:\/\/skaitytaknyga.lt\/produktas\/j-kinney-nevykelio-dienorastis-6-ziemos-spastai\/#primaryimage"},"image":{"@id":"https:\/\/skaitytaknyga.lt\/produktas\/j-kinney-nevykelio-dienorastis-6-ziemos-spastai\/#primaryimage"},"thumbnailUrl":"https:\/\/skaitytaknyga.lt\/wp-content\/uploads\/2024\/06\/nevykeliodienorastis6.jpg","datePublished":"2024-06-27T16:34:32+00:00","dateModified":"2026-03-18T17:35:14+00:00","description":"Jaun\u0173j\u0173 skaitytoj\u0173 v\u0117l laukia smagus susitikimas su Gregu Hefliu ir jo \u0161eima. Art\u0117ja Kal\u0117dos. Tai ypa\u010d sunkus metas, nes Kal\u0117d\u0173 Senelio patik\u0117tinis budria akimi stebi Grego elges\u012f ir visk\u0105 perduoda \u012f \u0160iaur\u0119. Grego nuotaika dar labiau sugenda, kai jis patenka \u012f rimt\u0105 b\u0117d\u0105 \u2013 nieko blogo nenor\u0117damas i\u0161terlioja mokyklos sien\u0105 ir dabar policija lipa jam ant kuln\u0173. Be to, netik\u0117tai u\u017eklupusi p\u016bga Hefli\u0173 \u0161eim\u0105 \u012fkalina \u0161altuose namuose. Kas nutiko p\u016bgos metu ir kuo viskas baig\u0117si, su\u017einosite perskait\u0119 6-\u0105j\u0105 \u201eNevyk\u0117lio dienora\u0161\u010dio\u201c dal\u012f \u201e\u017diemos sp\u0105stai\u201c.","breadcrumb":{"@id":"https:\/\/skaitytaknyga.lt\/produktas\/j-kinney-nevykelio-dienorastis-6-ziemos-spastai\/#breadcrumb"},"inLanguage":"en-GB","potentialAction":[{"@type":"ReadAction","target":["https:\/\/skaitytaknyga.lt\/produktas\/j-kinney-nevykelio-dienorastis-6-ziemos-spastai\/"]}]},{"@type":"ImageObject","inLanguage":"en-GB","@id":"https:\/\/skaitytaknyga.lt\/produktas\/j-kinney-nevykelio-dienorastis-6-ziemos-spastai\/#primaryimage","url":"https:\/\/skaitytaknyga.lt\/wp-content\/uploads\/2024\/06\/nevykeliodienorastis6.jpg","contentUrl":"https:\/\/skaitytaknyga.lt\/wp-content\/uploads\/2024\/06\/nevykeliodienorastis6.jpg","width":298,"height":430,"caption":"nevykelio dienorastis 6"},{"@type":"BreadcrumbList","@id":"https:\/\/skaitytaknyga.lt\/produktas\/j-kinney-nevykelio-dienorastis-6-ziemos-spastai\/#breadcrumb","itemListElement":[{"@type":"ListItem","position":1,"name":"Home","item":"https:\/\/skaitytaknyga.lt\/"},{"@type":"ListItem","position":2,"name":"Parduotuv\u0117","item":"https:\/\/skaitytaknyga.lt\/knygu-parduotuve\/"},{"@type":"ListItem","position":3,"name":"Nevyk\u0117lio dienora\u0161tis 6. \u017diemos sp\u0105stai"}]},{"@type":"WebSite","@id":"https:\/\/skaitytaknyga.lt\/#website","url":"https:\/\/skaitytaknyga.lt\/","name":"skaitytaknyga.lt","description":"Skaitytaknyga.lt \u2013 tai ma\u017eas \u0161eimos verslas, kuris prasid\u0117jo nuo meil\u0117s knygoms ir siekio i\u0161gelb\u0117ti knygas nuo likimo prie konteinerio. Kas vienam nereikalingas daiktas \u2013 kitam lobis, o mes esame tarpininkai, kurie padeda abiems tapti laimingesniems ???? \u017dinome kaip nelengva i\u0161gyventi ma\u017eiems verslams, tad nuo \u0161iol, \u010dia rasite ir kit\u0173, ma\u017e\u0173 \u0161eim\u0173 versl\u0173, rank\u0173 darbo, dovan\u0173 sau ir artimiesiems.","publisher":{"@id":"https:\/\/skaitytaknyga.lt\/#organization"},"potentialAction":[{"@type":"SearchAction","target":{"@type":"EntryPoint","urlTemplate":"https:\/\/skaitytaknyga.lt\/?s={search_term_string}"},"query-input":{"@type":"PropertyValueSpecification","valueRequired":true,"valueName":"search_term_string"}}],"inLanguage":"en-GB"},{"@type":"Organization","@id":"https:\/\/skaitytaknyga.lt\/#organization","name":"skaitytaknyga.lt","url":"https:\/\/skaitytaknyga.lt\/","logo":{"@type":"ImageObject","inLanguage":"en-GB","@id":"https:\/\/skaitytaknyga.lt\/#\/schema\/logo\/image\/","url":"https:\/\/skaitytaknyga.lt\/wp-content\/uploads\/2024\/05\/cropped-cropped-cropped-02_00843_jt3bggkj1j3HLc7SyY6rEUpg.jpeg","contentUrl":"https:\/\/skaitytaknyga.lt\/wp-content\/uploads\/2024\/05\/cropped-cropped-cropped-02_00843_jt3bggkj1j3HLc7SyY6rEUpg.jpeg","width":1600,"height":1600,"caption":"skaitytaknyga.lt"},"image":{"@id":"https:\/\/skaitytaknyga.lt\/#\/schema\/logo\/image\/"},"sameAs":["https:\/\/www.facebook.com\/skaitytaknyga\/"]}]}},"_links":{"self":[{"href":"https:\/\/skaitytaknyga.lt\/en\/wp-json\/wp\/v2\/product\/12287","targetHints":{"allow":["GET"]}}],"collection":[{"href":"https:\/\/skaitytaknyga.lt\/en\/wp-json\/wp\/v2\/product"}],"about":[{"href":"https:\/\/skaitytaknyga.lt\/en\/wp-json\/wp\/v2\/types\/product"}],"replies":[{"embeddable":true,"href":"https:\/\/skaitytaknyga.lt\/en\/wp-json\/wp\/v2\/comments?post=12287"}],"wp:featuredmedia":[{"embeddable":true,"href":"https:\/\/skaitytaknyga.lt\/en\/wp-json\/wp\/v2\/media\/12288"}],"wp:attachment":[{"href":"https:\/\/skaitytaknyga.lt\/en\/wp-json\/wp\/v2\/media?parent=12287"}],"wp:term":[{"taxonomy":"product_brand","embeddable":true,"href":"https:\/\/skaitytaknyga.lt\/en\/wp-json\/wp\/v2\/product_brand?post=12287"},{"taxonomy":"product_cat","embeddable":true,"href":"https:\/\/skaitytaknyga.lt\/en\/wp-json\/wp\/v2\/product_cat?post=12287"},{"taxonomy":"product_tag","embeddable":true,"href":"https:\/\/skaitytaknyga.lt\/en\/wp-json\/wp\/v2\/product_tag?post=12287"}],"curies":[{"name":"wp","href":"https:\/\/api.w.org\/{rel}","templated":true}]}}