{"id":12277,"date":"2024-06-27T19:24:00","date_gmt":"2024-06-27T16:24:00","guid":{"rendered":"https:\/\/skaitytaknyga.lt\/?post_type=product&#038;p=12277"},"modified":"2026-03-18T19:36:23","modified_gmt":"2026-03-18T17:36:23","slug":"j-kinney-nevykelio-dienorastis-3-paskutinis-lasas","status":"publish","type":"product","link":"https:\/\/skaitytaknyga.lt\/en\/produktas\/j-kinney-nevykelio-dienorastis-3-paskutinis-lasas\/","title":{"rendered":"Nevyk\u0117lio dienora\u0161tis 3. Paskutinis la\u0161as"},"content":{"rendered":"<p>Pa\u017evelkime teisybei \u012f akis: Gregas Heflis taip ir liks nevyk\u0117lis! Kas nors tur\u0117t\u0173 tai pasakyti Grego t\u0117vui.<\/p>\n<p>Frenkas Heflis vis dar mano, kad gali priversti s\u016bn\u0173 surimt\u0117ti, tod\u0117l skatina Greg\u0105 sportuoti ir u\u017esiimti kitokia \u201evyri\u0161ka\u201c veikla.<\/p>\n<p>\u017dinoma, Gregas nesunkiai su\u017elugdo t\u0117vo pastangas j\u012f pakeisti. Ta\u010diau kai t\u0117tis sugalvoja i\u0161si\u0173sti s\u016bn\u0173 \u012f karo akademij\u0105, Gregas ima suprasti, kad arba turi pasitempti, arba i\u0161 tikr\u0173j\u0173 ten atsidurs.<\/p>\n","protected":false},"excerpt":{"rendered":"<p>Tai tre\u010diasis linksmas ir paties autoriaus smagiais pie\u0161iniais iliustruotas pasakojimas apie visoki\u0173 pok\u0161t\u0173 prasimanant\u012f nenuoram\u0105 \u0161e\u0161tok\u0105 Greg\u0105 Hefl\u012f. \u0160ioje dalyje vaikai perskaitys, kaip Grego t\u0117tis m\u0117gins priversti s\u016bn\u0173 surimt\u0117ti. \u017dinoma, Gregas nesunkiai su\u017elugdys t\u0117\u010dio pastangas, ta\u010diau kai jis sugalvos i\u0161si\u0173sti s\u016bn\u0173 \u012f karo akademij\u0105, Gregas supras, kad i\u0161 tikr\u0173j\u0173 gali ten atsidurti.<\/p>\n","protected":false},"featured_media":12278,"comment_status":"closed","ping_status":"closed","template":"","meta":{"_acf_changed":false,"site-sidebar-layout":"default","site-content-layout":"","ast-site-content-layout":"default","site-content-style":"default","site-sidebar-style":"default","ast-global-header-display":"","ast-banner-title-visibility":"","ast-main-header-display":"","ast-hfb-above-header-display":"","ast-hfb-below-header-display":"","ast-hfb-mobile-header-display":"","site-post-title":"","ast-breadcrumbs-content":"","ast-featured-img":"","footer-sml-layout":"","ast-disable-related-posts":"","theme-transparent-header-meta":"default","adv-header-id-meta":"","stick-header-meta":"","header-above-stick-meta":"","header-main-stick-meta":"","header-below-stick-meta":"","astra-migrate-meta-layouts":"set","ast-page-background-enabled":"default","ast-page-background-meta":{"desktop":{"background-color":"","background-image":"","background-repeat":"repeat","background-position":"center center","background-size":"auto","background-attachment":"scroll","background-type":"","background-media":"","overlay-type":"","overlay-color":"","overlay-opacity":"","overlay-gradient":""},"tablet":{"background-color":"","background-image":"","background-repeat":"repeat","background-position":"center center","background-size":"auto","background-attachment":"scroll","background-type":"","background-media":"","overlay-type":"","overlay-color":"","overlay-opacity":"","overlay-gradient":""},"mobile":{"background-color":"","background-image":"","background-repeat":"repeat","background-position":"center center","background-size":"auto","background-attachment":"scroll","background-type":"","background-media":"","overlay-type":"","overlay-color":"","overlay-opacity":"","overlay-gradient":""}},"ast-content-background-meta":{"desktop":{"background-color":"var(--ast-global-color-4)","background-image":"","background-repeat":"repeat","background-position":"center center","background-size":"auto","background-attachment":"scroll","background-type":"","background-media":"","overlay-type":"","overlay-color":"","overlay-opacity":"","overlay-gradient":""},"tablet":{"background-color":"var(--ast-global-color-4)","background-image":"","background-repeat":"repeat","background-position":"center center","background-size":"auto","background-attachment":"scroll","background-type":"","background-media":"","overlay-type":"","overlay-color":"","overlay-opacity":"","overlay-gradient":""},"mobile":{"background-color":"var(--ast-global-color-4)","background-image":"","background-repeat":"repeat","background-position":"center center","background-size":"auto","background-attachment":"scroll","background-type":"","background-media":"","overlay-type":"","overlay-color":"","overlay-opacity":"","overlay-gradient":""}}},"product_brand":[],"product_cat":[9674],"product_tag":[1229],"class_list":{"0":"post-12277","1":"product","2":"type-product","3":"status-publish","4":"has-post-thumbnail","6":"product_cat-pradinukams","7":"product_tag-j-kinney","8":"desktop-align-left","9":"tablet-align-left","10":"mobile-align-left","12":"first","13":"instock","14":"featured","15":"shipping-taxable","16":"purchasable","17":"product-type-simple"},"acf":[],"yoast_head":"<!-- This site is optimized with the Yoast SEO plugin v27.0 - https:\/\/yoast.com\/product\/yoast-seo-wordpress\/ -->\n<title>Nevyk\u0117lio dienora\u0161tis 3. Paskutinis la\u0161as<\/title>\n<meta name=\"description\" content=\"Tai tre\u010diasis linksmas ir paties autoriaus smagiais pie\u0161iniais iliustruotas pasakojimas apie visoki\u0173 pok\u0161t\u0173 prasimanant\u012f nenuoram\u0105 \u0161e\u0161tok\u0105 Greg\u0105 Hefl\u012f. \u0160ioje dalyje vaikai perskaitys, kaip Grego t\u0117tis m\u0117gins priversti s\u016bn\u0173 surimt\u0117ti. \u017dinoma, Gregas nesunkiai su\u017elugdys t\u0117\u010dio pastangas, ta\u010diau kai jis sugalvos i\u0161si\u0173sti s\u016bn\u0173 \u012f karo akademij\u0105, Gregas supras, kad i\u0161 tikr\u0173j\u0173 gali ten atsidurti.\" \/>\n<meta name=\"robots\" content=\"index, follow, max-snippet:-1, max-image-preview:large, max-video-preview:-1\" \/>\n<link rel=\"canonical\" href=\"https:\/\/skaitytaknyga.lt\/en\/produktas\/j-kinney-nevykelio-dienorastis-3-paskutinis-lasas\/\" \/>\n<meta property=\"og:locale\" content=\"en_GB\" \/>\n<meta property=\"og:locale:alternate\" content=\"lt_LT\" \/>\n<meta property=\"og:type\" content=\"article\" \/>\n<meta property=\"og:title\" content=\"Nevyk\u0117lio dienora\u0161tis 3. Paskutinis la\u0161as\" \/>\n<meta property=\"og:description\" content=\"Tai tre\u010diasis linksmas ir paties autoriaus smagiais pie\u0161iniais iliustruotas pasakojimas apie visoki\u0173 pok\u0161t\u0173 prasimanant\u012f nenuoram\u0105 \u0161e\u0161tok\u0105 Greg\u0105 Hefl\u012f. \u0160ioje dalyje vaikai perskaitys, kaip Grego t\u0117tis m\u0117gins priversti s\u016bn\u0173 surimt\u0117ti. \u017dinoma, Gregas nesunkiai su\u017elugdys t\u0117\u010dio pastangas, ta\u010diau kai jis sugalvos i\u0161si\u0173sti s\u016bn\u0173 \u012f karo akademij\u0105, Gregas supras, kad i\u0161 tikr\u0173j\u0173 gali ten atsidurti.\" \/>\n<meta property=\"og:url\" content=\"https:\/\/skaitytaknyga.lt\/en\/produktas\/j-kinney-nevykelio-dienorastis-3-paskutinis-lasas\/\" \/>\n<meta property=\"og:site_name\" content=\"Skaitytaknyga\" \/>\n<meta property=\"article:publisher\" content=\"https:\/\/www.facebook.com\/skaitytaknyga\/\" \/>\n<meta property=\"article:modified_time\" content=\"2026-03-18T17:36:23+00:00\" \/>\n<meta property=\"og:image\" content=\"https:\/\/skaitytaknyga.lt\/wp-content\/uploads\/2024\/06\/nevykelio-dienorastis-3.webp\" \/>\n\t<meta property=\"og:image:width\" content=\"293\" \/>\n\t<meta property=\"og:image:height\" content=\"430\" \/>\n\t<meta property=\"og:image:type\" content=\"image\/webp\" \/>\n<meta name=\"twitter:card\" content=\"summary_large_image\" \/>\n<meta name=\"twitter:label1\" content=\"Estimated reading time\" \/>\n\t<meta name=\"twitter:data1\" content=\"1 minute\" \/>\n<script type=\"application\/ld+json\" class=\"yoast-schema-graph\">{\"@context\":\"https:\/\/schema.org\",\"@graph\":[{\"@type\":\"WebPage\",\"@id\":\"https:\/\/skaitytaknyga.lt\/produktas\/j-kinney-nevykelio-dienorastis-3-paskutinis-lasas\/\",\"url\":\"https:\/\/skaitytaknyga.lt\/produktas\/j-kinney-nevykelio-dienorastis-3-paskutinis-lasas\/\",\"name\":\"Nevyk\u0117lio dienora\u0161tis 3. Paskutinis la\u0161as\",\"isPartOf\":{\"@id\":\"https:\/\/skaitytaknyga.lt\/#website\"},\"primaryImageOfPage\":{\"@id\":\"https:\/\/skaitytaknyga.lt\/produktas\/j-kinney-nevykelio-dienorastis-3-paskutinis-lasas\/#primaryimage\"},\"image\":{\"@id\":\"https:\/\/skaitytaknyga.lt\/produktas\/j-kinney-nevykelio-dienorastis-3-paskutinis-lasas\/#primaryimage\"},\"thumbnailUrl\":\"https:\/\/skaitytaknyga.lt\/wp-content\/uploads\/2024\/06\/nevykelio-dienorastis-3.webp\",\"datePublished\":\"2024-06-27T16:24:00+00:00\",\"dateModified\":\"2026-03-18T17:36:23+00:00\",\"description\":\"Tai tre\u010diasis linksmas ir paties autoriaus smagiais pie\u0161iniais iliustruotas pasakojimas apie visoki\u0173 pok\u0161t\u0173 prasimanant\u012f nenuoram\u0105 \u0161e\u0161tok\u0105 Greg\u0105 Hefl\u012f. \u0160ioje dalyje vaikai perskaitys, kaip Grego t\u0117tis m\u0117gins priversti s\u016bn\u0173 surimt\u0117ti. \u017dinoma, Gregas nesunkiai su\u017elugdys t\u0117\u010dio pastangas, ta\u010diau kai jis sugalvos i\u0161si\u0173sti s\u016bn\u0173 \u012f karo akademij\u0105, Gregas supras, kad i\u0161 tikr\u0173j\u0173 gali ten atsidurti.\",\"breadcrumb\":{\"@id\":\"https:\/\/skaitytaknyga.lt\/produktas\/j-kinney-nevykelio-dienorastis-3-paskutinis-lasas\/#breadcrumb\"},\"inLanguage\":\"en-GB\",\"potentialAction\":[{\"@type\":\"ReadAction\",\"target\":[\"https:\/\/skaitytaknyga.lt\/produktas\/j-kinney-nevykelio-dienorastis-3-paskutinis-lasas\/\"]}]},{\"@type\":\"ImageObject\",\"inLanguage\":\"en-GB\",\"@id\":\"https:\/\/skaitytaknyga.lt\/produktas\/j-kinney-nevykelio-dienorastis-3-paskutinis-lasas\/#primaryimage\",\"url\":\"https:\/\/skaitytaknyga.lt\/wp-content\/uploads\/2024\/06\/nevykelio-dienorastis-3.webp\",\"contentUrl\":\"https:\/\/skaitytaknyga.lt\/wp-content\/uploads\/2024\/06\/nevykelio-dienorastis-3.webp\",\"width\":293,\"height\":430},{\"@type\":\"BreadcrumbList\",\"@id\":\"https:\/\/skaitytaknyga.lt\/produktas\/j-kinney-nevykelio-dienorastis-3-paskutinis-lasas\/#breadcrumb\",\"itemListElement\":[{\"@type\":\"ListItem\",\"position\":1,\"name\":\"Home\",\"item\":\"https:\/\/skaitytaknyga.lt\/\"},{\"@type\":\"ListItem\",\"position\":2,\"name\":\"Parduotuv\u0117\",\"item\":\"https:\/\/skaitytaknyga.lt\/knygu-parduotuve\/\"},{\"@type\":\"ListItem\",\"position\":3,\"name\":\"Nevyk\u0117lio dienora\u0161tis 3. Paskutinis la\u0161as\"}]},{\"@type\":\"WebSite\",\"@id\":\"https:\/\/skaitytaknyga.lt\/#website\",\"url\":\"https:\/\/skaitytaknyga.lt\/\",\"name\":\"skaitytaknyga.lt\",\"description\":\"Skaitytaknyga.lt \u2013 tai ma\u017eas \u0161eimos verslas, kuris prasid\u0117jo nuo meil\u0117s knygoms ir siekio i\u0161gelb\u0117ti knygas nuo likimo prie konteinerio. Kas vienam nereikalingas daiktas \u2013 kitam lobis, o mes esame tarpininkai, kurie padeda abiems tapti laimingesniems ???? \u017dinome kaip nelengva i\u0161gyventi ma\u017eiems verslams, tad nuo \u0161iol, \u010dia rasite ir kit\u0173, ma\u017e\u0173 \u0161eim\u0173 versl\u0173, rank\u0173 darbo, dovan\u0173 sau ir artimiesiems.\",\"publisher\":{\"@id\":\"https:\/\/skaitytaknyga.lt\/#organization\"},\"potentialAction\":[{\"@type\":\"SearchAction\",\"target\":{\"@type\":\"EntryPoint\",\"urlTemplate\":\"https:\/\/skaitytaknyga.lt\/?s={search_term_string}\"},\"query-input\":{\"@type\":\"PropertyValueSpecification\",\"valueRequired\":true,\"valueName\":\"search_term_string\"}}],\"inLanguage\":\"en-GB\"},{\"@type\":\"Organization\",\"@id\":\"https:\/\/skaitytaknyga.lt\/#organization\",\"name\":\"skaitytaknyga.lt\",\"url\":\"https:\/\/skaitytaknyga.lt\/\",\"logo\":{\"@type\":\"ImageObject\",\"inLanguage\":\"en-GB\",\"@id\":\"https:\/\/skaitytaknyga.lt\/#\/schema\/logo\/image\/\",\"url\":\"https:\/\/skaitytaknyga.lt\/wp-content\/uploads\/2024\/05\/cropped-cropped-cropped-02_00843_jt3bggkj1j3HLc7SyY6rEUpg.jpeg\",\"contentUrl\":\"https:\/\/skaitytaknyga.lt\/wp-content\/uploads\/2024\/05\/cropped-cropped-cropped-02_00843_jt3bggkj1j3HLc7SyY6rEUpg.jpeg\",\"width\":1600,\"height\":1600,\"caption\":\"skaitytaknyga.lt\"},\"image\":{\"@id\":\"https:\/\/skaitytaknyga.lt\/#\/schema\/logo\/image\/\"},\"sameAs\":[\"https:\/\/www.facebook.com\/skaitytaknyga\/\"]}]}<\/script>\n<!-- \/ Yoast SEO plugin. -->","yoast_head_json":{"title":"Nevyk\u0117lio dienora\u0161tis 3. Paskutinis la\u0161as","description":"Tai tre\u010diasis linksmas ir paties autoriaus smagiais pie\u0161iniais iliustruotas pasakojimas apie visoki\u0173 pok\u0161t\u0173 prasimanant\u012f nenuoram\u0105 \u0161e\u0161tok\u0105 Greg\u0105 Hefl\u012f. \u0160ioje dalyje vaikai perskaitys, kaip Grego t\u0117tis m\u0117gins priversti s\u016bn\u0173 surimt\u0117ti. \u017dinoma, Gregas nesunkiai su\u017elugdys t\u0117\u010dio pastangas, ta\u010diau kai jis sugalvos i\u0161si\u0173sti s\u016bn\u0173 \u012f karo akademij\u0105, Gregas supras, kad i\u0161 tikr\u0173j\u0173 gali ten atsidurti.","robots":{"index":"index","follow":"follow","max-snippet":"max-snippet:-1","max-image-preview":"max-image-preview:large","max-video-preview":"max-video-preview:-1"},"canonical":"https:\/\/skaitytaknyga.lt\/en\/produktas\/j-kinney-nevykelio-dienorastis-3-paskutinis-lasas\/","og_locale":"en_GB","og_type":"article","og_title":"[:lt]Nevyk\u0117lio dienora\u0161tis 3. Paskutinis la\u0161as[:] - Skaitytaknyga","og_description":"Tai tre\u010diasis linksmas ir paties autoriaus smagiais pie\u0161iniais iliustruotas pasakojimas apie visoki\u0173 pok\u0161t\u0173 prasimanant\u012f nenuoram\u0105 \u0161e\u0161tok\u0105 Greg\u0105 Hefl\u012f. \u0160ioje dalyje vaikai perskaitys, kaip Grego t\u0117tis m\u0117gins priversti s\u016bn\u0173 surimt\u0117ti. \u017dinoma, Gregas nesunkiai su\u017elugdys t\u0117\u010dio pastangas, ta\u010diau kai jis sugalvos i\u0161si\u0173sti s\u016bn\u0173 \u012f karo akademij\u0105, Gregas supras, kad i\u0161 tikr\u0173j\u0173 gali ten atsidurti.","og_url":"https:\/\/skaitytaknyga.lt\/en\/produktas\/j-kinney-nevykelio-dienorastis-3-paskutinis-lasas\/","og_site_name":"Skaitytaknyga","article_publisher":"https:\/\/www.facebook.com\/skaitytaknyga\/","article_modified_time":"2026-03-18T17:36:23+00:00","og_image":[{"width":293,"height":430,"url":"https:\/\/skaitytaknyga.lt\/wp-content\/uploads\/2024\/06\/nevykelio-dienorastis-3.webp","type":"image\/webp"}],"twitter_card":"summary_large_image","twitter_misc":{"Estimated reading time":"1 minute"},"schema":{"@context":"https:\/\/schema.org","@graph":[{"@type":"WebPage","@id":"https:\/\/skaitytaknyga.lt\/produktas\/j-kinney-nevykelio-dienorastis-3-paskutinis-lasas\/","url":"https:\/\/skaitytaknyga.lt\/produktas\/j-kinney-nevykelio-dienorastis-3-paskutinis-lasas\/","name":"Nevyk\u0117lio dienora\u0161tis 3. Paskutinis la\u0161as","isPartOf":{"@id":"https:\/\/skaitytaknyga.lt\/#website"},"primaryImageOfPage":{"@id":"https:\/\/skaitytaknyga.lt\/produktas\/j-kinney-nevykelio-dienorastis-3-paskutinis-lasas\/#primaryimage"},"image":{"@id":"https:\/\/skaitytaknyga.lt\/produktas\/j-kinney-nevykelio-dienorastis-3-paskutinis-lasas\/#primaryimage"},"thumbnailUrl":"https:\/\/skaitytaknyga.lt\/wp-content\/uploads\/2024\/06\/nevykelio-dienorastis-3.webp","datePublished":"2024-06-27T16:24:00+00:00","dateModified":"2026-03-18T17:36:23+00:00","description":"Tai tre\u010diasis linksmas ir paties autoriaus smagiais pie\u0161iniais iliustruotas pasakojimas apie visoki\u0173 pok\u0161t\u0173 prasimanant\u012f nenuoram\u0105 \u0161e\u0161tok\u0105 Greg\u0105 Hefl\u012f. \u0160ioje dalyje vaikai perskaitys, kaip Grego t\u0117tis m\u0117gins priversti s\u016bn\u0173 surimt\u0117ti. \u017dinoma, Gregas nesunkiai su\u017elugdys t\u0117\u010dio pastangas, ta\u010diau kai jis sugalvos i\u0161si\u0173sti s\u016bn\u0173 \u012f karo akademij\u0105, Gregas supras, kad i\u0161 tikr\u0173j\u0173 gali ten atsidurti.","breadcrumb":{"@id":"https:\/\/skaitytaknyga.lt\/produktas\/j-kinney-nevykelio-dienorastis-3-paskutinis-lasas\/#breadcrumb"},"inLanguage":"en-GB","potentialAction":[{"@type":"ReadAction","target":["https:\/\/skaitytaknyga.lt\/produktas\/j-kinney-nevykelio-dienorastis-3-paskutinis-lasas\/"]}]},{"@type":"ImageObject","inLanguage":"en-GB","@id":"https:\/\/skaitytaknyga.lt\/produktas\/j-kinney-nevykelio-dienorastis-3-paskutinis-lasas\/#primaryimage","url":"https:\/\/skaitytaknyga.lt\/wp-content\/uploads\/2024\/06\/nevykelio-dienorastis-3.webp","contentUrl":"https:\/\/skaitytaknyga.lt\/wp-content\/uploads\/2024\/06\/nevykelio-dienorastis-3.webp","width":293,"height":430},{"@type":"BreadcrumbList","@id":"https:\/\/skaitytaknyga.lt\/produktas\/j-kinney-nevykelio-dienorastis-3-paskutinis-lasas\/#breadcrumb","itemListElement":[{"@type":"ListItem","position":1,"name":"Home","item":"https:\/\/skaitytaknyga.lt\/"},{"@type":"ListItem","position":2,"name":"Parduotuv\u0117","item":"https:\/\/skaitytaknyga.lt\/knygu-parduotuve\/"},{"@type":"ListItem","position":3,"name":"Nevyk\u0117lio dienora\u0161tis 3. Paskutinis la\u0161as"}]},{"@type":"WebSite","@id":"https:\/\/skaitytaknyga.lt\/#website","url":"https:\/\/skaitytaknyga.lt\/","name":"skaitytaknyga.lt","description":"Skaitytaknyga.lt \u2013 tai ma\u017eas \u0161eimos verslas, kuris prasid\u0117jo nuo meil\u0117s knygoms ir siekio i\u0161gelb\u0117ti knygas nuo likimo prie konteinerio. Kas vienam nereikalingas daiktas \u2013 kitam lobis, o mes esame tarpininkai, kurie padeda abiems tapti laimingesniems ???? \u017dinome kaip nelengva i\u0161gyventi ma\u017eiems verslams, tad nuo \u0161iol, \u010dia rasite ir kit\u0173, ma\u017e\u0173 \u0161eim\u0173 versl\u0173, rank\u0173 darbo, dovan\u0173 sau ir artimiesiems.","publisher":{"@id":"https:\/\/skaitytaknyga.lt\/#organization"},"potentialAction":[{"@type":"SearchAction","target":{"@type":"EntryPoint","urlTemplate":"https:\/\/skaitytaknyga.lt\/?s={search_term_string}"},"query-input":{"@type":"PropertyValueSpecification","valueRequired":true,"valueName":"search_term_string"}}],"inLanguage":"en-GB"},{"@type":"Organization","@id":"https:\/\/skaitytaknyga.lt\/#organization","name":"skaitytaknyga.lt","url":"https:\/\/skaitytaknyga.lt\/","logo":{"@type":"ImageObject","inLanguage":"en-GB","@id":"https:\/\/skaitytaknyga.lt\/#\/schema\/logo\/image\/","url":"https:\/\/skaitytaknyga.lt\/wp-content\/uploads\/2024\/05\/cropped-cropped-cropped-02_00843_jt3bggkj1j3HLc7SyY6rEUpg.jpeg","contentUrl":"https:\/\/skaitytaknyga.lt\/wp-content\/uploads\/2024\/05\/cropped-cropped-cropped-02_00843_jt3bggkj1j3HLc7SyY6rEUpg.jpeg","width":1600,"height":1600,"caption":"skaitytaknyga.lt"},"image":{"@id":"https:\/\/skaitytaknyga.lt\/#\/schema\/logo\/image\/"},"sameAs":["https:\/\/www.facebook.com\/skaitytaknyga\/"]}]}},"_links":{"self":[{"href":"https:\/\/skaitytaknyga.lt\/en\/wp-json\/wp\/v2\/product\/12277","targetHints":{"allow":["GET"]}}],"collection":[{"href":"https:\/\/skaitytaknyga.lt\/en\/wp-json\/wp\/v2\/product"}],"about":[{"href":"https:\/\/skaitytaknyga.lt\/en\/wp-json\/wp\/v2\/types\/product"}],"replies":[{"embeddable":true,"href":"https:\/\/skaitytaknyga.lt\/en\/wp-json\/wp\/v2\/comments?post=12277"}],"wp:featuredmedia":[{"embeddable":true,"href":"https:\/\/skaitytaknyga.lt\/en\/wp-json\/wp\/v2\/media\/12278"}],"wp:attachment":[{"href":"https:\/\/skaitytaknyga.lt\/en\/wp-json\/wp\/v2\/media?parent=12277"}],"wp:term":[{"taxonomy":"product_brand","embeddable":true,"href":"https:\/\/skaitytaknyga.lt\/en\/wp-json\/wp\/v2\/product_brand?post=12277"},{"taxonomy":"product_cat","embeddable":true,"href":"https:\/\/skaitytaknyga.lt\/en\/wp-json\/wp\/v2\/product_cat?post=12277"},{"taxonomy":"product_tag","embeddable":true,"href":"https:\/\/skaitytaknyga.lt\/en\/wp-json\/wp\/v2\/product_tag?post=12277"}],"curies":[{"name":"wp","href":"https:\/\/api.w.org\/{rel}","templated":true}]}}