{"id":12275,"date":"2024-06-27T19:11:26","date_gmt":"2024-06-27T16:11:26","guid":{"rendered":"https:\/\/skaitytaknyga.lt\/?post_type=product&#038;p=12275"},"modified":"2025-11-08T15:48:58","modified_gmt":"2025-11-08T13:48:58","slug":"a-diuma-vikontas-de-brazelonas-nr-115","status":"publish","type":"product","link":"https:\/\/skaitytaknyga.lt\/en\/produktas\/a-diuma-vikontas-de-brazelonas-nr-115\/","title":{"rendered":"A. Diuma \u201eVikontas de Bra\u017eelonas\u201c  (Nr. 115)"},"content":{"rendered":"","protected":false},"excerpt":{"rendered":"<p>Roman\u0173 \u201eTrys mu\u0161kietininkai&#8221; ir \u201ePo de\u0161imties met\u0173&#8221; t\u0119sinys. Knygoje ra\u0161ytojas toliau pasakoja kupin\u0105 pavoj\u0173 dr\u0105si\u0173j\u0173 mu\u0161kietinink\u0173 istorij\u0105, i\u0161juokia savanaudi\u0161kus didik\u0173 kivir\u010dus.<\/p>\n","protected":false},"featured_media":12276,"comment_status":"closed","ping_status":"closed","template":"","meta":{"_acf_changed":false,"site-sidebar-layout":"default","site-content-layout":"","ast-site-content-layout":"default","site-content-style":"default","site-sidebar-style":"default","ast-global-header-display":"","ast-banner-title-visibility":"","ast-main-header-display":"","ast-hfb-above-header-display":"","ast-hfb-below-header-display":"","ast-hfb-mobile-header-display":"","site-post-title":"","ast-breadcrumbs-content":"","ast-featured-img":"","footer-sml-layout":"","ast-disable-related-posts":"","theme-transparent-header-meta":"default","adv-header-id-meta":"","stick-header-meta":"","header-above-stick-meta":"","header-main-stick-meta":"","header-below-stick-meta":"","astra-migrate-meta-layouts":"set","ast-page-background-enabled":"default","ast-page-background-meta":{"desktop":{"background-color":"","background-image":"","background-repeat":"repeat","background-position":"center center","background-size":"auto","background-attachment":"scroll","background-type":"","background-media":"","overlay-type":"","overlay-color":"","overlay-opacity":"","overlay-gradient":""},"tablet":{"background-color":"","background-image":"","background-repeat":"repeat","background-position":"center center","background-size":"auto","background-attachment":"scroll","background-type":"","background-media":"","overlay-type":"","overlay-color":"","overlay-opacity":"","overlay-gradient":""},"mobile":{"background-color":"","background-image":"","background-repeat":"repeat","background-position":"center center","background-size":"auto","background-attachment":"scroll","background-type":"","background-media":"","overlay-type":"","overlay-color":"","overlay-opacity":"","overlay-gradient":""}},"ast-content-background-meta":{"desktop":{"background-color":"var(--ast-global-color-4)","background-image":"","background-repeat":"repeat","background-position":"center center","background-size":"auto","background-attachment":"scroll","background-type":"","background-media":"","overlay-type":"","overlay-color":"","overlay-opacity":"","overlay-gradient":""},"tablet":{"background-color":"var(--ast-global-color-4)","background-image":"","background-repeat":"repeat","background-position":"center center","background-size":"auto","background-attachment":"scroll","background-type":"","background-media":"","overlay-type":"","overlay-color":"","overlay-opacity":"","overlay-gradient":""},"mobile":{"background-color":"var(--ast-global-color-4)","background-image":"","background-repeat":"repeat","background-position":"center center","background-size":"auto","background-attachment":"scroll","background-type":"","background-media":"","overlay-type":"","overlay-color":"","overlay-opacity":"","overlay-gradient":""}}},"product_brand":[],"product_cat":[484],"product_tag":[],"class_list":{"0":"post-12275","1":"product","2":"type-product","3":"status-publish","4":"has-post-thumbnail","6":"product_cat-drasiuju-keliai","7":"desktop-align-left","8":"tablet-align-left","9":"mobile-align-left","11":"first","12":"instock","13":"shipping-taxable","14":"purchasable","15":"product-type-simple"},"acf":[],"yoast_head":"<!-- This site is optimized with the Yoast SEO plugin v27.0 - https:\/\/yoast.com\/product\/yoast-seo-wordpress\/ -->\n<title>A. Diuma \u201eVikontas de Bra\u017eelonas\u201c (Nr. 115)<\/title>\n<meta name=\"description\" content=\"Roman\u0173 \u201eTrys mu\u0161kietininkai&quot; ir \u201ePo de\u0161imties met\u0173&quot; t\u0119sinys. Knygoje ra\u0161ytojas toliau pasakoja kupin\u0105 pavoj\u0173 dr\u0105si\u0173j\u0173 mu\u0161kietinink\u0173 istorij\u0105, i\u0161juokia savanaudi\u0161kus didik\u0173 kivir\u010dus.\" \/>\n<meta name=\"robots\" content=\"index, follow, max-snippet:-1, max-image-preview:large, max-video-preview:-1\" \/>\n<link rel=\"canonical\" href=\"https:\/\/skaitytaknyga.lt\/en\/produktas\/a-diuma-vikontas-de-brazelonas-nr-115\/\" \/>\n<meta property=\"og:locale\" content=\"en_GB\" \/>\n<meta property=\"og:locale:alternate\" content=\"lt_LT\" \/>\n<meta property=\"og:type\" content=\"article\" \/>\n<meta property=\"og:title\" content=\"A. Diuma \u201eVikontas de Bra\u017eelonas\u201c (Nr. 115)\" \/>\n<meta property=\"og:description\" content=\"Roman\u0173 \u201eTrys mu\u0161kietininkai&quot; ir \u201ePo de\u0161imties met\u0173&quot; t\u0119sinys. Knygoje ra\u0161ytojas toliau pasakoja kupin\u0105 pavoj\u0173 dr\u0105si\u0173j\u0173 mu\u0161kietinink\u0173 istorij\u0105, i\u0161juokia savanaudi\u0161kus didik\u0173 kivir\u010dus.\" \/>\n<meta property=\"og:url\" content=\"https:\/\/skaitytaknyga.lt\/en\/produktas\/a-diuma-vikontas-de-brazelonas-nr-115\/\" \/>\n<meta property=\"og:site_name\" content=\"Skaitytaknyga\" \/>\n<meta property=\"article:publisher\" content=\"https:\/\/www.facebook.com\/skaitytaknyga\/\" \/>\n<meta property=\"article:modified_time\" content=\"2025-11-08T13:48:58+00:00\" \/>\n<meta property=\"og:image\" content=\"https:\/\/skaitytaknyga.lt\/wp-content\/uploads\/2024\/06\/vikontas-de-brazelonas-v-dk-115-1-625x794_0.webp\" \/>\n\t<meta property=\"og:image:width\" content=\"625\" \/>\n\t<meta property=\"og:image:height\" content=\"794\" \/>\n\t<meta property=\"og:image:type\" content=\"image\/webp\" \/>\n<meta name=\"twitter:card\" content=\"summary_large_image\" \/>\n<meta name=\"twitter:label1\" content=\"Estimated reading time\" \/>\n\t<meta name=\"twitter:data1\" content=\"1 minute\" \/>\n<script type=\"application\/ld+json\" class=\"yoast-schema-graph\">{\"@context\":\"https:\/\/schema.org\",\"@graph\":[{\"@type\":\"WebPage\",\"@id\":\"https:\/\/skaitytaknyga.lt\/produktas\/a-diuma-vikontas-de-brazelonas-nr-115\/\",\"url\":\"https:\/\/skaitytaknyga.lt\/produktas\/a-diuma-vikontas-de-brazelonas-nr-115\/\",\"name\":\"A. Diuma \u201eVikontas de Bra\u017eelonas\u201c (Nr. 115)\",\"isPartOf\":{\"@id\":\"https:\/\/skaitytaknyga.lt\/#website\"},\"primaryImageOfPage\":{\"@id\":\"https:\/\/skaitytaknyga.lt\/produktas\/a-diuma-vikontas-de-brazelonas-nr-115\/#primaryimage\"},\"image\":{\"@id\":\"https:\/\/skaitytaknyga.lt\/produktas\/a-diuma-vikontas-de-brazelonas-nr-115\/#primaryimage\"},\"thumbnailUrl\":\"https:\/\/skaitytaknyga.lt\/wp-content\/uploads\/2024\/06\/vikontas-de-brazelonas-v-dk-115-1-625x794_0.webp\",\"datePublished\":\"2024-06-27T16:11:26+00:00\",\"dateModified\":\"2025-11-08T13:48:58+00:00\",\"description\":\"Roman\u0173 \u201eTrys mu\u0161kietininkai\\\" ir \u201ePo de\u0161imties met\u0173\\\" t\u0119sinys. Knygoje ra\u0161ytojas toliau pasakoja kupin\u0105 pavoj\u0173 dr\u0105si\u0173j\u0173 mu\u0161kietinink\u0173 istorij\u0105, i\u0161juokia savanaudi\u0161kus didik\u0173 kivir\u010dus.\",\"breadcrumb\":{\"@id\":\"https:\/\/skaitytaknyga.lt\/produktas\/a-diuma-vikontas-de-brazelonas-nr-115\/#breadcrumb\"},\"inLanguage\":\"en-GB\",\"potentialAction\":[{\"@type\":\"ReadAction\",\"target\":[\"https:\/\/skaitytaknyga.lt\/produktas\/a-diuma-vikontas-de-brazelonas-nr-115\/\"]}]},{\"@type\":\"ImageObject\",\"inLanguage\":\"en-GB\",\"@id\":\"https:\/\/skaitytaknyga.lt\/produktas\/a-diuma-vikontas-de-brazelonas-nr-115\/#primaryimage\",\"url\":\"https:\/\/skaitytaknyga.lt\/wp-content\/uploads\/2024\/06\/vikontas-de-brazelonas-v-dk-115-1-625x794_0.webp\",\"contentUrl\":\"https:\/\/skaitytaknyga.lt\/wp-content\/uploads\/2024\/06\/vikontas-de-brazelonas-v-dk-115-1-625x794_0.webp\",\"width\":625,\"height\":794},{\"@type\":\"BreadcrumbList\",\"@id\":\"https:\/\/skaitytaknyga.lt\/produktas\/a-diuma-vikontas-de-brazelonas-nr-115\/#breadcrumb\",\"itemListElement\":[{\"@type\":\"ListItem\",\"position\":1,\"name\":\"Home\",\"item\":\"https:\/\/skaitytaknyga.lt\/\"},{\"@type\":\"ListItem\",\"position\":2,\"name\":\"Parduotuv\u0117\",\"item\":\"https:\/\/skaitytaknyga.lt\/knygu-parduotuve\/\"},{\"@type\":\"ListItem\",\"position\":3,\"name\":\"A. Diuma \u201eVikontas de Bra\u017eelonas\u201c (Nr. 115)\"}]},{\"@type\":\"WebSite\",\"@id\":\"https:\/\/skaitytaknyga.lt\/#website\",\"url\":\"https:\/\/skaitytaknyga.lt\/\",\"name\":\"skaitytaknyga.lt\",\"description\":\"Skaitytaknyga.lt \u2013 tai ma\u017eas \u0161eimos verslas, kuris prasid\u0117jo nuo meil\u0117s knygoms ir siekio i\u0161gelb\u0117ti knygas nuo likimo prie konteinerio. Kas vienam nereikalingas daiktas \u2013 kitam lobis, o mes esame tarpininkai, kurie padeda abiems tapti laimingesniems ???? \u017dinome kaip nelengva i\u0161gyventi ma\u017eiems verslams, tad nuo \u0161iol, \u010dia rasite ir kit\u0173, ma\u017e\u0173 \u0161eim\u0173 versl\u0173, rank\u0173 darbo, dovan\u0173 sau ir artimiesiems.\",\"publisher\":{\"@id\":\"https:\/\/skaitytaknyga.lt\/#organization\"},\"potentialAction\":[{\"@type\":\"SearchAction\",\"target\":{\"@type\":\"EntryPoint\",\"urlTemplate\":\"https:\/\/skaitytaknyga.lt\/?s={search_term_string}\"},\"query-input\":{\"@type\":\"PropertyValueSpecification\",\"valueRequired\":true,\"valueName\":\"search_term_string\"}}],\"inLanguage\":\"en-GB\"},{\"@type\":\"Organization\",\"@id\":\"https:\/\/skaitytaknyga.lt\/#organization\",\"name\":\"skaitytaknyga.lt\",\"url\":\"https:\/\/skaitytaknyga.lt\/\",\"logo\":{\"@type\":\"ImageObject\",\"inLanguage\":\"en-GB\",\"@id\":\"https:\/\/skaitytaknyga.lt\/#\/schema\/logo\/image\/\",\"url\":\"https:\/\/skaitytaknyga.lt\/wp-content\/uploads\/2024\/05\/cropped-cropped-cropped-02_00843_jt3bggkj1j3HLc7SyY6rEUpg.jpeg\",\"contentUrl\":\"https:\/\/skaitytaknyga.lt\/wp-content\/uploads\/2024\/05\/cropped-cropped-cropped-02_00843_jt3bggkj1j3HLc7SyY6rEUpg.jpeg\",\"width\":1600,\"height\":1600,\"caption\":\"skaitytaknyga.lt\"},\"image\":{\"@id\":\"https:\/\/skaitytaknyga.lt\/#\/schema\/logo\/image\/\"},\"sameAs\":[\"https:\/\/www.facebook.com\/skaitytaknyga\/\"]}]}<\/script>\n<!-- \/ Yoast SEO plugin. -->","yoast_head_json":{"title":"A. Diuma \u201eVikontas de Bra\u017eelonas\u201c (Nr. 115)","description":"Roman\u0173 \u201eTrys mu\u0161kietininkai\" ir \u201ePo de\u0161imties met\u0173\" t\u0119sinys. Knygoje ra\u0161ytojas toliau pasakoja kupin\u0105 pavoj\u0173 dr\u0105si\u0173j\u0173 mu\u0161kietinink\u0173 istorij\u0105, i\u0161juokia savanaudi\u0161kus didik\u0173 kivir\u010dus.","robots":{"index":"index","follow":"follow","max-snippet":"max-snippet:-1","max-image-preview":"max-image-preview:large","max-video-preview":"max-video-preview:-1"},"canonical":"https:\/\/skaitytaknyga.lt\/en\/produktas\/a-diuma-vikontas-de-brazelonas-nr-115\/","og_locale":"en_GB","og_type":"article","og_title":"[:lt]A. Diuma \u201eVikontas de Bra\u017eelonas\u201c (Nr. 115)[:] - Skaitytaknyga","og_description":"Roman\u0173 \u201eTrys mu\u0161kietininkai\" ir \u201ePo de\u0161imties met\u0173\" t\u0119sinys. Knygoje ra\u0161ytojas toliau pasakoja kupin\u0105 pavoj\u0173 dr\u0105si\u0173j\u0173 mu\u0161kietinink\u0173 istorij\u0105, i\u0161juokia savanaudi\u0161kus didik\u0173 kivir\u010dus.","og_url":"https:\/\/skaitytaknyga.lt\/en\/produktas\/a-diuma-vikontas-de-brazelonas-nr-115\/","og_site_name":"Skaitytaknyga","article_publisher":"https:\/\/www.facebook.com\/skaitytaknyga\/","article_modified_time":"2025-11-08T13:48:58+00:00","og_image":[{"width":625,"height":794,"url":"https:\/\/skaitytaknyga.lt\/wp-content\/uploads\/2024\/06\/vikontas-de-brazelonas-v-dk-115-1-625x794_0.webp","type":"image\/webp"}],"twitter_card":"summary_large_image","twitter_misc":{"Estimated reading time":"1 minute"},"schema":{"@context":"https:\/\/schema.org","@graph":[{"@type":"WebPage","@id":"https:\/\/skaitytaknyga.lt\/produktas\/a-diuma-vikontas-de-brazelonas-nr-115\/","url":"https:\/\/skaitytaknyga.lt\/produktas\/a-diuma-vikontas-de-brazelonas-nr-115\/","name":"A. Diuma \u201eVikontas de Bra\u017eelonas\u201c (Nr. 115)","isPartOf":{"@id":"https:\/\/skaitytaknyga.lt\/#website"},"primaryImageOfPage":{"@id":"https:\/\/skaitytaknyga.lt\/produktas\/a-diuma-vikontas-de-brazelonas-nr-115\/#primaryimage"},"image":{"@id":"https:\/\/skaitytaknyga.lt\/produktas\/a-diuma-vikontas-de-brazelonas-nr-115\/#primaryimage"},"thumbnailUrl":"https:\/\/skaitytaknyga.lt\/wp-content\/uploads\/2024\/06\/vikontas-de-brazelonas-v-dk-115-1-625x794_0.webp","datePublished":"2024-06-27T16:11:26+00:00","dateModified":"2025-11-08T13:48:58+00:00","description":"Roman\u0173 \u201eTrys mu\u0161kietininkai\" ir \u201ePo de\u0161imties met\u0173\" t\u0119sinys. Knygoje ra\u0161ytojas toliau pasakoja kupin\u0105 pavoj\u0173 dr\u0105si\u0173j\u0173 mu\u0161kietinink\u0173 istorij\u0105, i\u0161juokia savanaudi\u0161kus didik\u0173 kivir\u010dus.","breadcrumb":{"@id":"https:\/\/skaitytaknyga.lt\/produktas\/a-diuma-vikontas-de-brazelonas-nr-115\/#breadcrumb"},"inLanguage":"en-GB","potentialAction":[{"@type":"ReadAction","target":["https:\/\/skaitytaknyga.lt\/produktas\/a-diuma-vikontas-de-brazelonas-nr-115\/"]}]},{"@type":"ImageObject","inLanguage":"en-GB","@id":"https:\/\/skaitytaknyga.lt\/produktas\/a-diuma-vikontas-de-brazelonas-nr-115\/#primaryimage","url":"https:\/\/skaitytaknyga.lt\/wp-content\/uploads\/2024\/06\/vikontas-de-brazelonas-v-dk-115-1-625x794_0.webp","contentUrl":"https:\/\/skaitytaknyga.lt\/wp-content\/uploads\/2024\/06\/vikontas-de-brazelonas-v-dk-115-1-625x794_0.webp","width":625,"height":794},{"@type":"BreadcrumbList","@id":"https:\/\/skaitytaknyga.lt\/produktas\/a-diuma-vikontas-de-brazelonas-nr-115\/#breadcrumb","itemListElement":[{"@type":"ListItem","position":1,"name":"Home","item":"https:\/\/skaitytaknyga.lt\/"},{"@type":"ListItem","position":2,"name":"Parduotuv\u0117","item":"https:\/\/skaitytaknyga.lt\/knygu-parduotuve\/"},{"@type":"ListItem","position":3,"name":"A. Diuma \u201eVikontas de Bra\u017eelonas\u201c (Nr. 115)"}]},{"@type":"WebSite","@id":"https:\/\/skaitytaknyga.lt\/#website","url":"https:\/\/skaitytaknyga.lt\/","name":"skaitytaknyga.lt","description":"Skaitytaknyga.lt \u2013 tai ma\u017eas \u0161eimos verslas, kuris prasid\u0117jo nuo meil\u0117s knygoms ir siekio i\u0161gelb\u0117ti knygas nuo likimo prie konteinerio. Kas vienam nereikalingas daiktas \u2013 kitam lobis, o mes esame tarpininkai, kurie padeda abiems tapti laimingesniems ???? \u017dinome kaip nelengva i\u0161gyventi ma\u017eiems verslams, tad nuo \u0161iol, \u010dia rasite ir kit\u0173, ma\u017e\u0173 \u0161eim\u0173 versl\u0173, rank\u0173 darbo, dovan\u0173 sau ir artimiesiems.","publisher":{"@id":"https:\/\/skaitytaknyga.lt\/#organization"},"potentialAction":[{"@type":"SearchAction","target":{"@type":"EntryPoint","urlTemplate":"https:\/\/skaitytaknyga.lt\/?s={search_term_string}"},"query-input":{"@type":"PropertyValueSpecification","valueRequired":true,"valueName":"search_term_string"}}],"inLanguage":"en-GB"},{"@type":"Organization","@id":"https:\/\/skaitytaknyga.lt\/#organization","name":"skaitytaknyga.lt","url":"https:\/\/skaitytaknyga.lt\/","logo":{"@type":"ImageObject","inLanguage":"en-GB","@id":"https:\/\/skaitytaknyga.lt\/#\/schema\/logo\/image\/","url":"https:\/\/skaitytaknyga.lt\/wp-content\/uploads\/2024\/05\/cropped-cropped-cropped-02_00843_jt3bggkj1j3HLc7SyY6rEUpg.jpeg","contentUrl":"https:\/\/skaitytaknyga.lt\/wp-content\/uploads\/2024\/05\/cropped-cropped-cropped-02_00843_jt3bggkj1j3HLc7SyY6rEUpg.jpeg","width":1600,"height":1600,"caption":"skaitytaknyga.lt"},"image":{"@id":"https:\/\/skaitytaknyga.lt\/#\/schema\/logo\/image\/"},"sameAs":["https:\/\/www.facebook.com\/skaitytaknyga\/"]}]}},"_links":{"self":[{"href":"https:\/\/skaitytaknyga.lt\/en\/wp-json\/wp\/v2\/product\/12275","targetHints":{"allow":["GET"]}}],"collection":[{"href":"https:\/\/skaitytaknyga.lt\/en\/wp-json\/wp\/v2\/product"}],"about":[{"href":"https:\/\/skaitytaknyga.lt\/en\/wp-json\/wp\/v2\/types\/product"}],"replies":[{"embeddable":true,"href":"https:\/\/skaitytaknyga.lt\/en\/wp-json\/wp\/v2\/comments?post=12275"}],"wp:featuredmedia":[{"embeddable":true,"href":"https:\/\/skaitytaknyga.lt\/en\/wp-json\/wp\/v2\/media\/12276"}],"wp:attachment":[{"href":"https:\/\/skaitytaknyga.lt\/en\/wp-json\/wp\/v2\/media?parent=12275"}],"wp:term":[{"taxonomy":"product_brand","embeddable":true,"href":"https:\/\/skaitytaknyga.lt\/en\/wp-json\/wp\/v2\/product_brand?post=12275"},{"taxonomy":"product_cat","embeddable":true,"href":"https:\/\/skaitytaknyga.lt\/en\/wp-json\/wp\/v2\/product_cat?post=12275"},{"taxonomy":"product_tag","embeddable":true,"href":"https:\/\/skaitytaknyga.lt\/en\/wp-json\/wp\/v2\/product_tag?post=12275"}],"curies":[{"name":"wp","href":"https:\/\/api.w.org\/{rel}","templated":true}]}}