{"id":12271,"date":"2024-06-27T19:00:48","date_gmt":"2024-06-27T16:00:48","guid":{"rendered":"https:\/\/skaitytaknyga.lt\/?post_type=product&#038;p=12271"},"modified":"2025-11-08T15:48:58","modified_gmt":"2025-11-08T13:48:58","slug":"nuotykiniai-uzsienio-rasytoju-kuriniai-nr-82","status":"publish","type":"product","link":"https:\/\/skaitytaknyga.lt\/en\/produktas\/nuotykiniai-uzsienio-rasytoju-kuriniai-nr-82\/","title":{"rendered":"Nuotykiniai u\u017esienio ra\u0161ytoj\u0173 k\u016briniai (Nr. 82)"},"content":{"rendered":"","protected":false},"excerpt":{"rendered":"<p>Knygoje publikuojami \u0161ie k\u016briniai: Ry\u0161ardas Klysis \u201eKakadu\u201c, D\u017eonas le Kare \u201eD\u017eentelmeni\u0161kas susidorojimas\u201c, Erlis Stenlis Gardneris \u201eProkuroras br\u0117\u017eia apskritim\u0105\u201c.<\/p>\n","protected":false},"featured_media":12272,"comment_status":"closed","ping_status":"closed","template":"","meta":{"_acf_changed":false,"site-sidebar-layout":"default","site-content-layout":"","ast-site-content-layout":"default","site-content-style":"default","site-sidebar-style":"default","ast-global-header-display":"","ast-banner-title-visibility":"","ast-main-header-display":"","ast-hfb-above-header-display":"","ast-hfb-below-header-display":"","ast-hfb-mobile-header-display":"","site-post-title":"","ast-breadcrumbs-content":"","ast-featured-img":"","footer-sml-layout":"","ast-disable-related-posts":"","theme-transparent-header-meta":"default","adv-header-id-meta":"","stick-header-meta":"","header-above-stick-meta":"","header-main-stick-meta":"","header-below-stick-meta":"","astra-migrate-meta-layouts":"set","ast-page-background-enabled":"default","ast-page-background-meta":{"desktop":{"background-color":"","background-image":"","background-repeat":"repeat","background-position":"center center","background-size":"auto","background-attachment":"scroll","background-type":"","background-media":"","overlay-type":"","overlay-color":"","overlay-opacity":"","overlay-gradient":""},"tablet":{"background-color":"","background-image":"","background-repeat":"repeat","background-position":"center center","background-size":"auto","background-attachment":"scroll","background-type":"","background-media":"","overlay-type":"","overlay-color":"","overlay-opacity":"","overlay-gradient":""},"mobile":{"background-color":"","background-image":"","background-repeat":"repeat","background-position":"center center","background-size":"auto","background-attachment":"scroll","background-type":"","background-media":"","overlay-type":"","overlay-color":"","overlay-opacity":"","overlay-gradient":""}},"ast-content-background-meta":{"desktop":{"background-color":"var(--ast-global-color-4)","background-image":"","background-repeat":"repeat","background-position":"center center","background-size":"auto","background-attachment":"scroll","background-type":"","background-media":"","overlay-type":"","overlay-color":"","overlay-opacity":"","overlay-gradient":""},"tablet":{"background-color":"var(--ast-global-color-4)","background-image":"","background-repeat":"repeat","background-position":"center center","background-size":"auto","background-attachment":"scroll","background-type":"","background-media":"","overlay-type":"","overlay-color":"","overlay-opacity":"","overlay-gradient":""},"mobile":{"background-color":"var(--ast-global-color-4)","background-image":"","background-repeat":"repeat","background-position":"center center","background-size":"auto","background-attachment":"scroll","background-type":"","background-media":"","overlay-type":"","overlay-color":"","overlay-opacity":"","overlay-gradient":""}}},"product_brand":[],"product_cat":[484],"product_tag":[2590,2934,1492,2081,2933],"class_list":{"0":"post-12271","1":"product","2":"type-product","3":"status-publish","4":"has-post-thumbnail","6":"product_cat-drasiuju-keliai","7":"product_tag-drasiuju-keliai","8":"product_tag-ivairus-zanrai","9":"product_tag-literatura","10":"product_tag-ltnuotykiai","11":"product_tag-uzsienio-autoriai","12":"desktop-align-left","13":"tablet-align-left","14":"mobile-align-left","16":"first","17":"outofstock","18":"shipping-taxable","19":"purchasable","20":"product-type-simple"},"acf":[],"yoast_head":"<!-- This site is optimized with the Yoast SEO plugin v27.0 - https:\/\/yoast.com\/product\/yoast-seo-wordpress\/ -->\n<title>Nuotykiniai u\u017esienio ra\u0161ytoj\u0173 k\u016briniai (Nr. 82) - Skaitytaknyga<\/title>\n<meta name=\"description\" content=\"Knygoje publikuojami \u0161ie k\u016briniai: Ry\u0161ardas Klysis \u201eKakadu\u201c, D\u017eonas le Kare \u201eD\u017eentelmeni\u0161kas susidorojimas\u201c, Erlis Stenlis Gardneris \u201eProkuroras br\u0117\u017eia apskritim\u0105\u201c.\" \/>\n<meta name=\"robots\" content=\"index, follow, max-snippet:-1, max-image-preview:large, max-video-preview:-1\" \/>\n<link rel=\"canonical\" href=\"https:\/\/skaitytaknyga.lt\/en\/produktas\/nuotykiniai-uzsienio-rasytoju-kuriniai-nr-82\/\" \/>\n<meta property=\"og:locale\" content=\"en_GB\" \/>\n<meta property=\"og:locale:alternate\" content=\"lt_LT\" \/>\n<meta property=\"og:type\" content=\"article\" \/>\n<meta property=\"og:title\" content=\"Nuotykiniai u\u017esienio ra\u0161ytoj\u0173 k\u016briniai (Nr. 82) - Skaitytaknyga\" \/>\n<meta property=\"og:description\" content=\"Knygoje publikuojami \u0161ie k\u016briniai: Ry\u0161ardas Klysis \u201eKakadu\u201c, D\u017eonas le Kare \u201eD\u017eentelmeni\u0161kas susidorojimas\u201c, Erlis Stenlis Gardneris \u201eProkuroras br\u0117\u017eia apskritim\u0105\u201c.\" \/>\n<meta property=\"og:url\" content=\"https:\/\/skaitytaknyga.lt\/en\/produktas\/nuotykiniai-uzsienio-rasytoju-kuriniai-nr-82\/\" \/>\n<meta property=\"og:site_name\" content=\"Skaitytaknyga\" \/>\n<meta property=\"article:publisher\" content=\"https:\/\/www.facebook.com\/skaitytaknyga\/\" \/>\n<meta property=\"article:modified_time\" content=\"2025-11-08T13:48:58+00:00\" \/>\n<meta property=\"og:image\" content=\"https:\/\/skaitytaknyga.lt\/wp-content\/uploads\/2024\/06\/Nuotykiniai-uzsienio-rasytoju-kuriniai-82-knyga-e1719504112601.webp\" \/>\n\t<meta property=\"og:image:width\" content=\"402\" \/>\n\t<meta property=\"og:image:height\" content=\"670\" \/>\n\t<meta property=\"og:image:type\" content=\"image\/webp\" \/>\n<meta name=\"twitter:card\" content=\"summary_large_image\" \/>\n<meta name=\"twitter:label1\" content=\"Estimated reading time\" \/>\n\t<meta name=\"twitter:data1\" content=\"1 minute\" \/>\n<script type=\"application\/ld+json\" class=\"yoast-schema-graph\">{\"@context\":\"https:\/\/schema.org\",\"@graph\":[{\"@type\":\"WebPage\",\"@id\":\"https:\/\/skaitytaknyga.lt\/produktas\/nuotykiniai-uzsienio-rasytoju-kuriniai-nr-82\/\",\"url\":\"https:\/\/skaitytaknyga.lt\/produktas\/nuotykiniai-uzsienio-rasytoju-kuriniai-nr-82\/\",\"name\":\"Nuotykiniai u\u017esienio ra\u0161ytoj\u0173 k\u016briniai (Nr. 82) - Skaitytaknyga\",\"isPartOf\":{\"@id\":\"https:\/\/skaitytaknyga.lt\/#website\"},\"primaryImageOfPage\":{\"@id\":\"https:\/\/skaitytaknyga.lt\/produktas\/nuotykiniai-uzsienio-rasytoju-kuriniai-nr-82\/#primaryimage\"},\"image\":{\"@id\":\"https:\/\/skaitytaknyga.lt\/produktas\/nuotykiniai-uzsienio-rasytoju-kuriniai-nr-82\/#primaryimage\"},\"thumbnailUrl\":\"https:\/\/skaitytaknyga.lt\/wp-content\/uploads\/2024\/06\/Nuotykiniai-uzsienio-rasytoju-kuriniai-82-knyga-e1719504112601.webp\",\"datePublished\":\"2024-06-27T16:00:48+00:00\",\"dateModified\":\"2025-11-08T13:48:58+00:00\",\"description\":\"Knygoje publikuojami \u0161ie k\u016briniai: Ry\u0161ardas Klysis \u201eKakadu\u201c, D\u017eonas le Kare \u201eD\u017eentelmeni\u0161kas susidorojimas\u201c, Erlis Stenlis Gardneris \u201eProkuroras br\u0117\u017eia apskritim\u0105\u201c.\",\"breadcrumb\":{\"@id\":\"https:\/\/skaitytaknyga.lt\/produktas\/nuotykiniai-uzsienio-rasytoju-kuriniai-nr-82\/#breadcrumb\"},\"inLanguage\":\"en-GB\",\"potentialAction\":[{\"@type\":\"ReadAction\",\"target\":[\"https:\/\/skaitytaknyga.lt\/produktas\/nuotykiniai-uzsienio-rasytoju-kuriniai-nr-82\/\"]}]},{\"@type\":\"ImageObject\",\"inLanguage\":\"en-GB\",\"@id\":\"https:\/\/skaitytaknyga.lt\/produktas\/nuotykiniai-uzsienio-rasytoju-kuriniai-nr-82\/#primaryimage\",\"url\":\"https:\/\/skaitytaknyga.lt\/wp-content\/uploads\/2024\/06\/Nuotykiniai-uzsienio-rasytoju-kuriniai-82-knyga-e1719504112601.webp\",\"contentUrl\":\"https:\/\/skaitytaknyga.lt\/wp-content\/uploads\/2024\/06\/Nuotykiniai-uzsienio-rasytoju-kuriniai-82-knyga-e1719504112601.webp\",\"width\":402,\"height\":670},{\"@type\":\"BreadcrumbList\",\"@id\":\"https:\/\/skaitytaknyga.lt\/produktas\/nuotykiniai-uzsienio-rasytoju-kuriniai-nr-82\/#breadcrumb\",\"itemListElement\":[{\"@type\":\"ListItem\",\"position\":1,\"name\":\"Home\",\"item\":\"https:\/\/skaitytaknyga.lt\/\"},{\"@type\":\"ListItem\",\"position\":2,\"name\":\"Parduotuv\u0117\",\"item\":\"https:\/\/skaitytaknyga.lt\/knygu-parduotuve\/\"},{\"@type\":\"ListItem\",\"position\":3,\"name\":\"Nuotykiniai u\u017esienio ra\u0161ytoj\u0173 k\u016briniai (Nr. 82)\"}]},{\"@type\":\"WebSite\",\"@id\":\"https:\/\/skaitytaknyga.lt\/#website\",\"url\":\"https:\/\/skaitytaknyga.lt\/\",\"name\":\"skaitytaknyga.lt\",\"description\":\"Skaitytaknyga.lt \u2013 tai ma\u017eas \u0161eimos verslas, kuris prasid\u0117jo nuo meil\u0117s knygoms ir siekio i\u0161gelb\u0117ti knygas nuo likimo prie konteinerio. Kas vienam nereikalingas daiktas \u2013 kitam lobis, o mes esame tarpininkai, kurie padeda abiems tapti laimingesniems ???? \u017dinome kaip nelengva i\u0161gyventi ma\u017eiems verslams, tad nuo \u0161iol, \u010dia rasite ir kit\u0173, ma\u017e\u0173 \u0161eim\u0173 versl\u0173, rank\u0173 darbo, dovan\u0173 sau ir artimiesiems.\",\"publisher\":{\"@id\":\"https:\/\/skaitytaknyga.lt\/#organization\"},\"potentialAction\":[{\"@type\":\"SearchAction\",\"target\":{\"@type\":\"EntryPoint\",\"urlTemplate\":\"https:\/\/skaitytaknyga.lt\/?s={search_term_string}\"},\"query-input\":{\"@type\":\"PropertyValueSpecification\",\"valueRequired\":true,\"valueName\":\"search_term_string\"}}],\"inLanguage\":\"en-GB\"},{\"@type\":\"Organization\",\"@id\":\"https:\/\/skaitytaknyga.lt\/#organization\",\"name\":\"skaitytaknyga.lt\",\"url\":\"https:\/\/skaitytaknyga.lt\/\",\"logo\":{\"@type\":\"ImageObject\",\"inLanguage\":\"en-GB\",\"@id\":\"https:\/\/skaitytaknyga.lt\/#\/schema\/logo\/image\/\",\"url\":\"https:\/\/skaitytaknyga.lt\/wp-content\/uploads\/2024\/05\/cropped-cropped-cropped-02_00843_jt3bggkj1j3HLc7SyY6rEUpg.jpeg\",\"contentUrl\":\"https:\/\/skaitytaknyga.lt\/wp-content\/uploads\/2024\/05\/cropped-cropped-cropped-02_00843_jt3bggkj1j3HLc7SyY6rEUpg.jpeg\",\"width\":1600,\"height\":1600,\"caption\":\"skaitytaknyga.lt\"},\"image\":{\"@id\":\"https:\/\/skaitytaknyga.lt\/#\/schema\/logo\/image\/\"},\"sameAs\":[\"https:\/\/www.facebook.com\/skaitytaknyga\/\"]}]}<\/script>\n<!-- \/ Yoast SEO plugin. -->","yoast_head_json":{"title":"Nuotykiniai u\u017esienio ra\u0161ytoj\u0173 k\u016briniai (Nr. 82) - Skaitytaknyga","description":"Knygoje publikuojami \u0161ie k\u016briniai: Ry\u0161ardas Klysis \u201eKakadu\u201c, D\u017eonas le Kare \u201eD\u017eentelmeni\u0161kas susidorojimas\u201c, Erlis Stenlis Gardneris \u201eProkuroras br\u0117\u017eia apskritim\u0105\u201c.","robots":{"index":"index","follow":"follow","max-snippet":"max-snippet:-1","max-image-preview":"max-image-preview:large","max-video-preview":"max-video-preview:-1"},"canonical":"https:\/\/skaitytaknyga.lt\/en\/produktas\/nuotykiniai-uzsienio-rasytoju-kuriniai-nr-82\/","og_locale":"en_GB","og_type":"article","og_title":"Nuotykiniai u\u017esienio ra\u0161ytoj\u0173 k\u016briniai (Nr. 82) - Skaitytaknyga","og_description":"Knygoje publikuojami \u0161ie k\u016briniai: Ry\u0161ardas Klysis \u201eKakadu\u201c, D\u017eonas le Kare \u201eD\u017eentelmeni\u0161kas susidorojimas\u201c, Erlis Stenlis Gardneris \u201eProkuroras br\u0117\u017eia apskritim\u0105\u201c.","og_url":"https:\/\/skaitytaknyga.lt\/en\/produktas\/nuotykiniai-uzsienio-rasytoju-kuriniai-nr-82\/","og_site_name":"Skaitytaknyga","article_publisher":"https:\/\/www.facebook.com\/skaitytaknyga\/","article_modified_time":"2025-11-08T13:48:58+00:00","og_image":[{"width":402,"height":670,"url":"https:\/\/skaitytaknyga.lt\/wp-content\/uploads\/2024\/06\/Nuotykiniai-uzsienio-rasytoju-kuriniai-82-knyga-e1719504112601.webp","type":"image\/webp"}],"twitter_card":"summary_large_image","twitter_misc":{"Estimated reading time":"1 minute"},"schema":{"@context":"https:\/\/schema.org","@graph":[{"@type":"WebPage","@id":"https:\/\/skaitytaknyga.lt\/produktas\/nuotykiniai-uzsienio-rasytoju-kuriniai-nr-82\/","url":"https:\/\/skaitytaknyga.lt\/produktas\/nuotykiniai-uzsienio-rasytoju-kuriniai-nr-82\/","name":"Nuotykiniai u\u017esienio ra\u0161ytoj\u0173 k\u016briniai (Nr. 82) - Skaitytaknyga","isPartOf":{"@id":"https:\/\/skaitytaknyga.lt\/#website"},"primaryImageOfPage":{"@id":"https:\/\/skaitytaknyga.lt\/produktas\/nuotykiniai-uzsienio-rasytoju-kuriniai-nr-82\/#primaryimage"},"image":{"@id":"https:\/\/skaitytaknyga.lt\/produktas\/nuotykiniai-uzsienio-rasytoju-kuriniai-nr-82\/#primaryimage"},"thumbnailUrl":"https:\/\/skaitytaknyga.lt\/wp-content\/uploads\/2024\/06\/Nuotykiniai-uzsienio-rasytoju-kuriniai-82-knyga-e1719504112601.webp","datePublished":"2024-06-27T16:00:48+00:00","dateModified":"2025-11-08T13:48:58+00:00","description":"Knygoje publikuojami \u0161ie k\u016briniai: Ry\u0161ardas Klysis \u201eKakadu\u201c, D\u017eonas le Kare \u201eD\u017eentelmeni\u0161kas susidorojimas\u201c, Erlis Stenlis Gardneris \u201eProkuroras br\u0117\u017eia apskritim\u0105\u201c.","breadcrumb":{"@id":"https:\/\/skaitytaknyga.lt\/produktas\/nuotykiniai-uzsienio-rasytoju-kuriniai-nr-82\/#breadcrumb"},"inLanguage":"en-GB","potentialAction":[{"@type":"ReadAction","target":["https:\/\/skaitytaknyga.lt\/produktas\/nuotykiniai-uzsienio-rasytoju-kuriniai-nr-82\/"]}]},{"@type":"ImageObject","inLanguage":"en-GB","@id":"https:\/\/skaitytaknyga.lt\/produktas\/nuotykiniai-uzsienio-rasytoju-kuriniai-nr-82\/#primaryimage","url":"https:\/\/skaitytaknyga.lt\/wp-content\/uploads\/2024\/06\/Nuotykiniai-uzsienio-rasytoju-kuriniai-82-knyga-e1719504112601.webp","contentUrl":"https:\/\/skaitytaknyga.lt\/wp-content\/uploads\/2024\/06\/Nuotykiniai-uzsienio-rasytoju-kuriniai-82-knyga-e1719504112601.webp","width":402,"height":670},{"@type":"BreadcrumbList","@id":"https:\/\/skaitytaknyga.lt\/produktas\/nuotykiniai-uzsienio-rasytoju-kuriniai-nr-82\/#breadcrumb","itemListElement":[{"@type":"ListItem","position":1,"name":"Home","item":"https:\/\/skaitytaknyga.lt\/"},{"@type":"ListItem","position":2,"name":"Parduotuv\u0117","item":"https:\/\/skaitytaknyga.lt\/knygu-parduotuve\/"},{"@type":"ListItem","position":3,"name":"Nuotykiniai u\u017esienio ra\u0161ytoj\u0173 k\u016briniai (Nr. 82)"}]},{"@type":"WebSite","@id":"https:\/\/skaitytaknyga.lt\/#website","url":"https:\/\/skaitytaknyga.lt\/","name":"skaitytaknyga.lt","description":"Skaitytaknyga.lt \u2013 tai ma\u017eas \u0161eimos verslas, kuris prasid\u0117jo nuo meil\u0117s knygoms ir siekio i\u0161gelb\u0117ti knygas nuo likimo prie konteinerio. Kas vienam nereikalingas daiktas \u2013 kitam lobis, o mes esame tarpininkai, kurie padeda abiems tapti laimingesniems ???? \u017dinome kaip nelengva i\u0161gyventi ma\u017eiems verslams, tad nuo \u0161iol, \u010dia rasite ir kit\u0173, ma\u017e\u0173 \u0161eim\u0173 versl\u0173, rank\u0173 darbo, dovan\u0173 sau ir artimiesiems.","publisher":{"@id":"https:\/\/skaitytaknyga.lt\/#organization"},"potentialAction":[{"@type":"SearchAction","target":{"@type":"EntryPoint","urlTemplate":"https:\/\/skaitytaknyga.lt\/?s={search_term_string}"},"query-input":{"@type":"PropertyValueSpecification","valueRequired":true,"valueName":"search_term_string"}}],"inLanguage":"en-GB"},{"@type":"Organization","@id":"https:\/\/skaitytaknyga.lt\/#organization","name":"skaitytaknyga.lt","url":"https:\/\/skaitytaknyga.lt\/","logo":{"@type":"ImageObject","inLanguage":"en-GB","@id":"https:\/\/skaitytaknyga.lt\/#\/schema\/logo\/image\/","url":"https:\/\/skaitytaknyga.lt\/wp-content\/uploads\/2024\/05\/cropped-cropped-cropped-02_00843_jt3bggkj1j3HLc7SyY6rEUpg.jpeg","contentUrl":"https:\/\/skaitytaknyga.lt\/wp-content\/uploads\/2024\/05\/cropped-cropped-cropped-02_00843_jt3bggkj1j3HLc7SyY6rEUpg.jpeg","width":1600,"height":1600,"caption":"skaitytaknyga.lt"},"image":{"@id":"https:\/\/skaitytaknyga.lt\/#\/schema\/logo\/image\/"},"sameAs":["https:\/\/www.facebook.com\/skaitytaknyga\/"]}]}},"_links":{"self":[{"href":"https:\/\/skaitytaknyga.lt\/en\/wp-json\/wp\/v2\/product\/12271","targetHints":{"allow":["GET"]}}],"collection":[{"href":"https:\/\/skaitytaknyga.lt\/en\/wp-json\/wp\/v2\/product"}],"about":[{"href":"https:\/\/skaitytaknyga.lt\/en\/wp-json\/wp\/v2\/types\/product"}],"replies":[{"embeddable":true,"href":"https:\/\/skaitytaknyga.lt\/en\/wp-json\/wp\/v2\/comments?post=12271"}],"wp:featuredmedia":[{"embeddable":true,"href":"https:\/\/skaitytaknyga.lt\/en\/wp-json\/wp\/v2\/media\/12272"}],"wp:attachment":[{"href":"https:\/\/skaitytaknyga.lt\/en\/wp-json\/wp\/v2\/media?parent=12271"}],"wp:term":[{"taxonomy":"product_brand","embeddable":true,"href":"https:\/\/skaitytaknyga.lt\/en\/wp-json\/wp\/v2\/product_brand?post=12271"},{"taxonomy":"product_cat","embeddable":true,"href":"https:\/\/skaitytaknyga.lt\/en\/wp-json\/wp\/v2\/product_cat?post=12271"},{"taxonomy":"product_tag","embeddable":true,"href":"https:\/\/skaitytaknyga.lt\/en\/wp-json\/wp\/v2\/product_tag?post=12271"}],"curies":[{"name":"wp","href":"https:\/\/api.w.org\/{rel}","templated":true}]}}