{"id":12248,"date":"2024-06-26T21:12:56","date_gmt":"2024-06-26T18:12:56","guid":{"rendered":"https:\/\/skaitytaknyga.lt\/?post_type=product&#038;p=12248"},"modified":"2025-10-04T18:58:52","modified_gmt":"2025-10-04T15:58:52","slug":"j-korolkovas-zmogus-kuriam-nebuvo-paslapciu","status":"publish","type":"product","link":"https:\/\/skaitytaknyga.lt\/en\/produktas\/j-korolkovas-zmogus-kuriam-nebuvo-paslapciu\/","title":{"rendered":"\u017dmogus, kuriam nebuvo paslap\u010di\u0173"},"content":{"rendered":"","protected":false},"excerpt":{"rendered":"<p>\u201eDr\u0105si\u0173j\u0173 keli\u0173\u201c serijos knyga apie Richardo Zorg\u0117s (1895 10 04 Baku \u2013 1944 11 07 Tokijas), kuris buvo vokie\u010di\u0173 \u017eurnalistas, SSRS \u017evalgybos agentas, gyvenim\u0105 ir veikl\u0105. \u201eDeg\u0117 archyvai, mir\u0117 \u017emon\u00e9s \u2013 kad b\u016bt\u0173 i\u0161saugotos paslaptys.. Jis steng\u0117si eiti tiesiai, kari\u0161ku \u017eingsniu, kaip \u0117jo vis\u0105 gyvenim\u0105, ta\u010diau pe\u010diai patys linko, tarsi nuo nepakeliamos na\u0161tos, ir medin\u0117s getos vos atsipl\u0117\u0161davo nuo grindinio. Jis atrod\u0117 visi\u0161kai i\u0161kar\u0161\u0119s su savo i\u0161kilmi\u0173 drabu\u017eiais, kuriuos u\u017esivilko tokia nepaprasta proga. Jis \u0117jo mirti.. Kadaise Chondzijas svajojo mirti u\u017e imperatori\u0173 \u2013 diev\u0173 palikuon\u012f \u2013 tai buvo jaunyst\u0117je, dabar jis senas ir nebeturi noro pasitraukti i\u0161 gyvenimo. Bet jis privalo mirti, nes taip nusprend\u0117 klanas, kuriam jis priklauso&#8230;&#8221;<\/p>\n","protected":false},"featured_media":12249,"comment_status":"closed","ping_status":"closed","template":"","meta":{"_acf_changed":false,"site-sidebar-layout":"default","site-content-layout":"","ast-site-content-layout":"default","site-content-style":"default","site-sidebar-style":"default","ast-global-header-display":"","ast-banner-title-visibility":"","ast-main-header-display":"","ast-hfb-above-header-display":"","ast-hfb-below-header-display":"","ast-hfb-mobile-header-display":"","site-post-title":"","ast-breadcrumbs-content":"","ast-featured-img":"","footer-sml-layout":"","ast-disable-related-posts":"","theme-transparent-header-meta":"default","adv-header-id-meta":"","stick-header-meta":"","header-above-stick-meta":"","header-main-stick-meta":"","header-below-stick-meta":"","astra-migrate-meta-layouts":"set","ast-page-background-enabled":"default","ast-page-background-meta":{"desktop":{"background-color":"","background-image":"","background-repeat":"repeat","background-position":"center center","background-size":"auto","background-attachment":"scroll","background-type":"","background-media":"","overlay-type":"","overlay-color":"","overlay-opacity":"","overlay-gradient":""},"tablet":{"background-color":"","background-image":"","background-repeat":"repeat","background-position":"center center","background-size":"auto","background-attachment":"scroll","background-type":"","background-media":"","overlay-type":"","overlay-color":"","overlay-opacity":"","overlay-gradient":""},"mobile":{"background-color":"","background-image":"","background-repeat":"repeat","background-position":"center center","background-size":"auto","background-attachment":"scroll","background-type":"","background-media":"","overlay-type":"","overlay-color":"","overlay-opacity":"","overlay-gradient":""}},"ast-content-background-meta":{"desktop":{"background-color":"var(--ast-global-color-4)","background-image":"","background-repeat":"repeat","background-position":"center center","background-size":"auto","background-attachment":"scroll","background-type":"","background-media":"","overlay-type":"","overlay-color":"","overlay-opacity":"","overlay-gradient":""},"tablet":{"background-color":"var(--ast-global-color-4)","background-image":"","background-repeat":"repeat","background-position":"center center","background-size":"auto","background-attachment":"scroll","background-type":"","background-media":"","overlay-type":"","overlay-color":"","overlay-opacity":"","overlay-gradient":""},"mobile":{"background-color":"var(--ast-global-color-4)","background-image":"","background-repeat":"repeat","background-position":"center center","background-size":"auto","background-attachment":"scroll","background-type":"","background-media":"","overlay-type":"","overlay-color":"","overlay-opacity":"","overlay-gradient":""}}},"product_brand":[],"product_cat":[484],"product_tag":[],"class_list":{"0":"post-12248","1":"product","2":"type-product","3":"status-publish","4":"has-post-thumbnail","6":"product_cat-drasiuju-keliai","7":"desktop-align-left","8":"tablet-align-left","9":"mobile-align-left","11":"first","12":"instock","13":"shipping-taxable","14":"purchasable","15":"product-type-simple"},"acf":[],"yoast_head":"<!-- This site is optimized with the Yoast SEO plugin v27.0 - https:\/\/yoast.com\/product\/yoast-seo-wordpress\/ -->\n<title>\u017dmogus, kuriam nebuvo paslap\u010di\u0173<\/title>\n<meta name=\"description\" content=\"\u201eDr\u0105si\u0173j\u0173 keli\u0173\u201c serijos knyga apie Richardo Zorg\u0117s (1895 10 04 Baku \u2013 1944 11 07 Tokijas), kuris buvo vokie\u010di\u0173 \u017eurnalistas, SSRS \u017evalgybos agentas, gyvenim\u0105 ir veikl\u0105. \u201eDeg\u0117 archyvai, mir\u0117 \u017emon\u00e9s \u2013 kad b\u016bt\u0173 i\u0161saugotos paslaptys.. Jis steng\u0117si eiti tiesiai, kari\u0161ku \u017eingsniu, kaip \u0117jo vis\u0105 gyvenim\u0105, ta\u010diau pe\u010diai patys linko, tarsi nuo nepakeliamos na\u0161tos, ir medin\u0117s getos vos atsipl\u0117\u0161davo nuo grindinio. Jis atrod\u0117 visi\u0161kai i\u0161kar\u0161\u0119s su savo i\u0161kilmi\u0173 drabu\u017eiais, kuriuos u\u017esivilko tokia nepaprasta proga. Jis \u0117jo mirti.. Kadaise Chondzijas svajojo mirti u\u017e imperatori\u0173 \u2013 diev\u0173 palikuon\u012f \u2013 tai buvo jaunyst\u0117je, dabar jis senas ir nebeturi noro pasitraukti i\u0161 gyvenimo. Bet jis privalo mirti, nes taip nusprend\u0117 klanas, kuriam jis priklauso...&quot;\" \/>\n<meta name=\"robots\" content=\"index, follow, max-snippet:-1, max-image-preview:large, max-video-preview:-1\" \/>\n<link rel=\"canonical\" href=\"https:\/\/skaitytaknyga.lt\/en\/produktas\/j-korolkovas-zmogus-kuriam-nebuvo-paslapciu\/\" \/>\n<meta property=\"og:locale\" content=\"en_GB\" \/>\n<meta property=\"og:locale:alternate\" content=\"lt_LT\" \/>\n<meta property=\"og:type\" content=\"article\" \/>\n<meta property=\"og:title\" content=\"\u017dmogus, kuriam nebuvo paslap\u010di\u0173\" \/>\n<meta property=\"og:description\" content=\"\u201eDr\u0105si\u0173j\u0173 keli\u0173\u201c serijos knyga apie Richardo Zorg\u0117s (1895 10 04 Baku \u2013 1944 11 07 Tokijas), kuris buvo vokie\u010di\u0173 \u017eurnalistas, SSRS \u017evalgybos agentas, gyvenim\u0105 ir veikl\u0105. \u201eDeg\u0117 archyvai, mir\u0117 \u017emon\u00e9s \u2013 kad b\u016bt\u0173 i\u0161saugotos paslaptys.. Jis steng\u0117si eiti tiesiai, kari\u0161ku \u017eingsniu, kaip \u0117jo vis\u0105 gyvenim\u0105, ta\u010diau pe\u010diai patys linko, tarsi nuo nepakeliamos na\u0161tos, ir medin\u0117s getos vos atsipl\u0117\u0161davo nuo grindinio. Jis atrod\u0117 visi\u0161kai i\u0161kar\u0161\u0119s su savo i\u0161kilmi\u0173 drabu\u017eiais, kuriuos u\u017esivilko tokia nepaprasta proga. Jis \u0117jo mirti.. Kadaise Chondzijas svajojo mirti u\u017e imperatori\u0173 \u2013 diev\u0173 palikuon\u012f \u2013 tai buvo jaunyst\u0117je, dabar jis senas ir nebeturi noro pasitraukti i\u0161 gyvenimo. Bet jis privalo mirti, nes taip nusprend\u0117 klanas, kuriam jis priklauso...&quot;\" \/>\n<meta property=\"og:url\" content=\"https:\/\/skaitytaknyga.lt\/en\/produktas\/j-korolkovas-zmogus-kuriam-nebuvo-paslapciu\/\" \/>\n<meta property=\"og:site_name\" content=\"Skaitytaknyga\" \/>\n<meta property=\"article:publisher\" content=\"https:\/\/www.facebook.com\/skaitytaknyga\/\" \/>\n<meta property=\"article:modified_time\" content=\"2025-10-04T15:58:52+00:00\" \/>\n<meta property=\"og:image\" content=\"https:\/\/skaitytaknyga.lt\/wp-content\/uploads\/2024\/06\/zmogus-kuriam-nebuvo-paslapciu-richardas-zorge-dk-1967-1-625x794_0-e1719425715616.webp\" \/>\n\t<meta property=\"og:image:width\" content=\"479\" \/>\n\t<meta property=\"og:image:height\" content=\"688\" \/>\n\t<meta property=\"og:image:type\" content=\"image\/webp\" \/>\n<meta name=\"twitter:card\" content=\"summary_large_image\" \/>\n<script type=\"application\/ld+json\" class=\"yoast-schema-graph\">{\"@context\":\"https:\/\/schema.org\",\"@graph\":[{\"@type\":\"WebPage\",\"@id\":\"https:\/\/skaitytaknyga.lt\/produktas\/j-korolkovas-zmogus-kuriam-nebuvo-paslapciu\/\",\"url\":\"https:\/\/skaitytaknyga.lt\/produktas\/j-korolkovas-zmogus-kuriam-nebuvo-paslapciu\/\",\"name\":\"\u017dmogus, kuriam nebuvo paslap\u010di\u0173\",\"isPartOf\":{\"@id\":\"https:\/\/skaitytaknyga.lt\/#website\"},\"primaryImageOfPage\":{\"@id\":\"https:\/\/skaitytaknyga.lt\/produktas\/j-korolkovas-zmogus-kuriam-nebuvo-paslapciu\/#primaryimage\"},\"image\":{\"@id\":\"https:\/\/skaitytaknyga.lt\/produktas\/j-korolkovas-zmogus-kuriam-nebuvo-paslapciu\/#primaryimage\"},\"thumbnailUrl\":\"https:\/\/skaitytaknyga.lt\/wp-content\/uploads\/2024\/06\/zmogus-kuriam-nebuvo-paslapciu-richardas-zorge-dk-1967-1-625x794_0-e1719425715616.webp\",\"datePublished\":\"2024-06-26T18:12:56+00:00\",\"dateModified\":\"2025-10-04T15:58:52+00:00\",\"description\":\"\u201eDr\u0105si\u0173j\u0173 keli\u0173\u201c serijos knyga apie Richardo Zorg\u0117s (1895 10 04 Baku \u2013 1944 11 07 Tokijas), kuris buvo vokie\u010di\u0173 \u017eurnalistas, SSRS \u017evalgybos agentas, gyvenim\u0105 ir veikl\u0105. \u201eDeg\u0117 archyvai, mir\u0117 \u017emon\u00e9s \u2013 kad b\u016bt\u0173 i\u0161saugotos paslaptys.. Jis steng\u0117si eiti tiesiai, kari\u0161ku \u017eingsniu, kaip \u0117jo vis\u0105 gyvenim\u0105, ta\u010diau pe\u010diai patys linko, tarsi nuo nepakeliamos na\u0161tos, ir medin\u0117s getos vos atsipl\u0117\u0161davo nuo grindinio. Jis atrod\u0117 visi\u0161kai i\u0161kar\u0161\u0119s su savo i\u0161kilmi\u0173 drabu\u017eiais, kuriuos u\u017esivilko tokia nepaprasta proga. Jis \u0117jo mirti.. Kadaise Chondzijas svajojo mirti u\u017e imperatori\u0173 \u2013 diev\u0173 palikuon\u012f \u2013 tai buvo jaunyst\u0117je, dabar jis senas ir nebeturi noro pasitraukti i\u0161 gyvenimo. Bet jis privalo mirti, nes taip nusprend\u0117 klanas, kuriam jis priklauso...\\\"\",\"breadcrumb\":{\"@id\":\"https:\/\/skaitytaknyga.lt\/produktas\/j-korolkovas-zmogus-kuriam-nebuvo-paslapciu\/#breadcrumb\"},\"inLanguage\":\"en-GB\",\"potentialAction\":[{\"@type\":\"ReadAction\",\"target\":[\"https:\/\/skaitytaknyga.lt\/produktas\/j-korolkovas-zmogus-kuriam-nebuvo-paslapciu\/\"]}]},{\"@type\":\"ImageObject\",\"inLanguage\":\"en-GB\",\"@id\":\"https:\/\/skaitytaknyga.lt\/produktas\/j-korolkovas-zmogus-kuriam-nebuvo-paslapciu\/#primaryimage\",\"url\":\"https:\/\/skaitytaknyga.lt\/wp-content\/uploads\/2024\/06\/zmogus-kuriam-nebuvo-paslapciu-richardas-zorge-dk-1967-1-625x794_0-e1719425715616.webp\",\"contentUrl\":\"https:\/\/skaitytaknyga.lt\/wp-content\/uploads\/2024\/06\/zmogus-kuriam-nebuvo-paslapciu-richardas-zorge-dk-1967-1-625x794_0-e1719425715616.webp\",\"width\":479,\"height\":688},{\"@type\":\"BreadcrumbList\",\"@id\":\"https:\/\/skaitytaknyga.lt\/produktas\/j-korolkovas-zmogus-kuriam-nebuvo-paslapciu\/#breadcrumb\",\"itemListElement\":[{\"@type\":\"ListItem\",\"position\":1,\"name\":\"Home\",\"item\":\"https:\/\/skaitytaknyga.lt\/\"},{\"@type\":\"ListItem\",\"position\":2,\"name\":\"Parduotuv\u0117\",\"item\":\"https:\/\/skaitytaknyga.lt\/knygu-parduotuve\/\"},{\"@type\":\"ListItem\",\"position\":3,\"name\":\"\u017dmogus, kuriam nebuvo paslap\u010di\u0173\"}]},{\"@type\":\"WebSite\",\"@id\":\"https:\/\/skaitytaknyga.lt\/#website\",\"url\":\"https:\/\/skaitytaknyga.lt\/\",\"name\":\"skaitytaknyga.lt\",\"description\":\"Skaitytaknyga.lt \u2013 tai ma\u017eas \u0161eimos verslas, kuris prasid\u0117jo nuo meil\u0117s knygoms ir siekio i\u0161gelb\u0117ti knygas nuo likimo prie konteinerio. Kas vienam nereikalingas daiktas \u2013 kitam lobis, o mes esame tarpininkai, kurie padeda abiems tapti laimingesniems ???? \u017dinome kaip nelengva i\u0161gyventi ma\u017eiems verslams, tad nuo \u0161iol, \u010dia rasite ir kit\u0173, ma\u017e\u0173 \u0161eim\u0173 versl\u0173, rank\u0173 darbo, dovan\u0173 sau ir artimiesiems.\",\"publisher\":{\"@id\":\"https:\/\/skaitytaknyga.lt\/#organization\"},\"potentialAction\":[{\"@type\":\"SearchAction\",\"target\":{\"@type\":\"EntryPoint\",\"urlTemplate\":\"https:\/\/skaitytaknyga.lt\/?s={search_term_string}\"},\"query-input\":{\"@type\":\"PropertyValueSpecification\",\"valueRequired\":true,\"valueName\":\"search_term_string\"}}],\"inLanguage\":\"en-GB\"},{\"@type\":\"Organization\",\"@id\":\"https:\/\/skaitytaknyga.lt\/#organization\",\"name\":\"skaitytaknyga.lt\",\"url\":\"https:\/\/skaitytaknyga.lt\/\",\"logo\":{\"@type\":\"ImageObject\",\"inLanguage\":\"en-GB\",\"@id\":\"https:\/\/skaitytaknyga.lt\/#\/schema\/logo\/image\/\",\"url\":\"https:\/\/skaitytaknyga.lt\/wp-content\/uploads\/2024\/05\/cropped-cropped-cropped-02_00843_jt3bggkj1j3HLc7SyY6rEUpg.jpeg\",\"contentUrl\":\"https:\/\/skaitytaknyga.lt\/wp-content\/uploads\/2024\/05\/cropped-cropped-cropped-02_00843_jt3bggkj1j3HLc7SyY6rEUpg.jpeg\",\"width\":1600,\"height\":1600,\"caption\":\"skaitytaknyga.lt\"},\"image\":{\"@id\":\"https:\/\/skaitytaknyga.lt\/#\/schema\/logo\/image\/\"},\"sameAs\":[\"https:\/\/www.facebook.com\/skaitytaknyga\/\"]}]}<\/script>\n<!-- \/ Yoast SEO plugin. -->","yoast_head_json":{"title":"\u017dmogus, kuriam nebuvo paslap\u010di\u0173","description":"\u201eDr\u0105si\u0173j\u0173 keli\u0173\u201c serijos knyga apie Richardo Zorg\u0117s (1895 10 04 Baku \u2013 1944 11 07 Tokijas), kuris buvo vokie\u010di\u0173 \u017eurnalistas, SSRS \u017evalgybos agentas, gyvenim\u0105 ir veikl\u0105. \u201eDeg\u0117 archyvai, mir\u0117 \u017emon\u00e9s \u2013 kad b\u016bt\u0173 i\u0161saugotos paslaptys.. Jis steng\u0117si eiti tiesiai, kari\u0161ku \u017eingsniu, kaip \u0117jo vis\u0105 gyvenim\u0105, ta\u010diau pe\u010diai patys linko, tarsi nuo nepakeliamos na\u0161tos, ir medin\u0117s getos vos atsipl\u0117\u0161davo nuo grindinio. Jis atrod\u0117 visi\u0161kai i\u0161kar\u0161\u0119s su savo i\u0161kilmi\u0173 drabu\u017eiais, kuriuos u\u017esivilko tokia nepaprasta proga. Jis \u0117jo mirti.. Kadaise Chondzijas svajojo mirti u\u017e imperatori\u0173 \u2013 diev\u0173 palikuon\u012f \u2013 tai buvo jaunyst\u0117je, dabar jis senas ir nebeturi noro pasitraukti i\u0161 gyvenimo. Bet jis privalo mirti, nes taip nusprend\u0117 klanas, kuriam jis priklauso...\"","robots":{"index":"index","follow":"follow","max-snippet":"max-snippet:-1","max-image-preview":"max-image-preview:large","max-video-preview":"max-video-preview:-1"},"canonical":"https:\/\/skaitytaknyga.lt\/en\/produktas\/j-korolkovas-zmogus-kuriam-nebuvo-paslapciu\/","og_locale":"en_GB","og_type":"article","og_title":"[:lt]\u017dmogus, kuriam nebuvo paslap\u010di\u0173[:] - Skaitytaknyga","og_description":"\u201eDr\u0105si\u0173j\u0173 keli\u0173\u201c serijos knyga apie Richardo Zorg\u0117s (1895 10 04 Baku \u2013 1944 11 07 Tokijas), kuris buvo vokie\u010di\u0173 \u017eurnalistas, SSRS \u017evalgybos agentas, gyvenim\u0105 ir veikl\u0105. \u201eDeg\u0117 archyvai, mir\u0117 \u017emon\u00e9s \u2013 kad b\u016bt\u0173 i\u0161saugotos paslaptys.. Jis steng\u0117si eiti tiesiai, kari\u0161ku \u017eingsniu, kaip \u0117jo vis\u0105 gyvenim\u0105, ta\u010diau pe\u010diai patys linko, tarsi nuo nepakeliamos na\u0161tos, ir medin\u0117s getos vos atsipl\u0117\u0161davo nuo grindinio. Jis atrod\u0117 visi\u0161kai i\u0161kar\u0161\u0119s su savo i\u0161kilmi\u0173 drabu\u017eiais, kuriuos u\u017esivilko tokia nepaprasta proga. Jis \u0117jo mirti.. Kadaise Chondzijas svajojo mirti u\u017e imperatori\u0173 \u2013 diev\u0173 palikuon\u012f \u2013 tai buvo jaunyst\u0117je, dabar jis senas ir nebeturi noro pasitraukti i\u0161 gyvenimo. Bet jis privalo mirti, nes taip nusprend\u0117 klanas, kuriam jis priklauso...\"","og_url":"https:\/\/skaitytaknyga.lt\/en\/produktas\/j-korolkovas-zmogus-kuriam-nebuvo-paslapciu\/","og_site_name":"Skaitytaknyga","article_publisher":"https:\/\/www.facebook.com\/skaitytaknyga\/","article_modified_time":"2025-10-04T15:58:52+00:00","og_image":[{"width":479,"height":688,"url":"https:\/\/skaitytaknyga.lt\/wp-content\/uploads\/2024\/06\/zmogus-kuriam-nebuvo-paslapciu-richardas-zorge-dk-1967-1-625x794_0-e1719425715616.webp","type":"image\/webp"}],"twitter_card":"summary_large_image","schema":{"@context":"https:\/\/schema.org","@graph":[{"@type":"WebPage","@id":"https:\/\/skaitytaknyga.lt\/produktas\/j-korolkovas-zmogus-kuriam-nebuvo-paslapciu\/","url":"https:\/\/skaitytaknyga.lt\/produktas\/j-korolkovas-zmogus-kuriam-nebuvo-paslapciu\/","name":"\u017dmogus, kuriam nebuvo paslap\u010di\u0173","isPartOf":{"@id":"https:\/\/skaitytaknyga.lt\/#website"},"primaryImageOfPage":{"@id":"https:\/\/skaitytaknyga.lt\/produktas\/j-korolkovas-zmogus-kuriam-nebuvo-paslapciu\/#primaryimage"},"image":{"@id":"https:\/\/skaitytaknyga.lt\/produktas\/j-korolkovas-zmogus-kuriam-nebuvo-paslapciu\/#primaryimage"},"thumbnailUrl":"https:\/\/skaitytaknyga.lt\/wp-content\/uploads\/2024\/06\/zmogus-kuriam-nebuvo-paslapciu-richardas-zorge-dk-1967-1-625x794_0-e1719425715616.webp","datePublished":"2024-06-26T18:12:56+00:00","dateModified":"2025-10-04T15:58:52+00:00","description":"\u201eDr\u0105si\u0173j\u0173 keli\u0173\u201c serijos knyga apie Richardo Zorg\u0117s (1895 10 04 Baku \u2013 1944 11 07 Tokijas), kuris buvo vokie\u010di\u0173 \u017eurnalistas, SSRS \u017evalgybos agentas, gyvenim\u0105 ir veikl\u0105. \u201eDeg\u0117 archyvai, mir\u0117 \u017emon\u00e9s \u2013 kad b\u016bt\u0173 i\u0161saugotos paslaptys.. Jis steng\u0117si eiti tiesiai, kari\u0161ku \u017eingsniu, kaip \u0117jo vis\u0105 gyvenim\u0105, ta\u010diau pe\u010diai patys linko, tarsi nuo nepakeliamos na\u0161tos, ir medin\u0117s getos vos atsipl\u0117\u0161davo nuo grindinio. Jis atrod\u0117 visi\u0161kai i\u0161kar\u0161\u0119s su savo i\u0161kilmi\u0173 drabu\u017eiais, kuriuos u\u017esivilko tokia nepaprasta proga. Jis \u0117jo mirti.. Kadaise Chondzijas svajojo mirti u\u017e imperatori\u0173 \u2013 diev\u0173 palikuon\u012f \u2013 tai buvo jaunyst\u0117je, dabar jis senas ir nebeturi noro pasitraukti i\u0161 gyvenimo. Bet jis privalo mirti, nes taip nusprend\u0117 klanas, kuriam jis priklauso...\"","breadcrumb":{"@id":"https:\/\/skaitytaknyga.lt\/produktas\/j-korolkovas-zmogus-kuriam-nebuvo-paslapciu\/#breadcrumb"},"inLanguage":"en-GB","potentialAction":[{"@type":"ReadAction","target":["https:\/\/skaitytaknyga.lt\/produktas\/j-korolkovas-zmogus-kuriam-nebuvo-paslapciu\/"]}]},{"@type":"ImageObject","inLanguage":"en-GB","@id":"https:\/\/skaitytaknyga.lt\/produktas\/j-korolkovas-zmogus-kuriam-nebuvo-paslapciu\/#primaryimage","url":"https:\/\/skaitytaknyga.lt\/wp-content\/uploads\/2024\/06\/zmogus-kuriam-nebuvo-paslapciu-richardas-zorge-dk-1967-1-625x794_0-e1719425715616.webp","contentUrl":"https:\/\/skaitytaknyga.lt\/wp-content\/uploads\/2024\/06\/zmogus-kuriam-nebuvo-paslapciu-richardas-zorge-dk-1967-1-625x794_0-e1719425715616.webp","width":479,"height":688},{"@type":"BreadcrumbList","@id":"https:\/\/skaitytaknyga.lt\/produktas\/j-korolkovas-zmogus-kuriam-nebuvo-paslapciu\/#breadcrumb","itemListElement":[{"@type":"ListItem","position":1,"name":"Home","item":"https:\/\/skaitytaknyga.lt\/"},{"@type":"ListItem","position":2,"name":"Parduotuv\u0117","item":"https:\/\/skaitytaknyga.lt\/knygu-parduotuve\/"},{"@type":"ListItem","position":3,"name":"\u017dmogus, kuriam nebuvo paslap\u010di\u0173"}]},{"@type":"WebSite","@id":"https:\/\/skaitytaknyga.lt\/#website","url":"https:\/\/skaitytaknyga.lt\/","name":"skaitytaknyga.lt","description":"Skaitytaknyga.lt \u2013 tai ma\u017eas \u0161eimos verslas, kuris prasid\u0117jo nuo meil\u0117s knygoms ir siekio i\u0161gelb\u0117ti knygas nuo likimo prie konteinerio. Kas vienam nereikalingas daiktas \u2013 kitam lobis, o mes esame tarpininkai, kurie padeda abiems tapti laimingesniems ???? \u017dinome kaip nelengva i\u0161gyventi ma\u017eiems verslams, tad nuo \u0161iol, \u010dia rasite ir kit\u0173, ma\u017e\u0173 \u0161eim\u0173 versl\u0173, rank\u0173 darbo, dovan\u0173 sau ir artimiesiems.","publisher":{"@id":"https:\/\/skaitytaknyga.lt\/#organization"},"potentialAction":[{"@type":"SearchAction","target":{"@type":"EntryPoint","urlTemplate":"https:\/\/skaitytaknyga.lt\/?s={search_term_string}"},"query-input":{"@type":"PropertyValueSpecification","valueRequired":true,"valueName":"search_term_string"}}],"inLanguage":"en-GB"},{"@type":"Organization","@id":"https:\/\/skaitytaknyga.lt\/#organization","name":"skaitytaknyga.lt","url":"https:\/\/skaitytaknyga.lt\/","logo":{"@type":"ImageObject","inLanguage":"en-GB","@id":"https:\/\/skaitytaknyga.lt\/#\/schema\/logo\/image\/","url":"https:\/\/skaitytaknyga.lt\/wp-content\/uploads\/2024\/05\/cropped-cropped-cropped-02_00843_jt3bggkj1j3HLc7SyY6rEUpg.jpeg","contentUrl":"https:\/\/skaitytaknyga.lt\/wp-content\/uploads\/2024\/05\/cropped-cropped-cropped-02_00843_jt3bggkj1j3HLc7SyY6rEUpg.jpeg","width":1600,"height":1600,"caption":"skaitytaknyga.lt"},"image":{"@id":"https:\/\/skaitytaknyga.lt\/#\/schema\/logo\/image\/"},"sameAs":["https:\/\/www.facebook.com\/skaitytaknyga\/"]}]}},"_links":{"self":[{"href":"https:\/\/skaitytaknyga.lt\/en\/wp-json\/wp\/v2\/product\/12248","targetHints":{"allow":["GET"]}}],"collection":[{"href":"https:\/\/skaitytaknyga.lt\/en\/wp-json\/wp\/v2\/product"}],"about":[{"href":"https:\/\/skaitytaknyga.lt\/en\/wp-json\/wp\/v2\/types\/product"}],"replies":[{"embeddable":true,"href":"https:\/\/skaitytaknyga.lt\/en\/wp-json\/wp\/v2\/comments?post=12248"}],"wp:featuredmedia":[{"embeddable":true,"href":"https:\/\/skaitytaknyga.lt\/en\/wp-json\/wp\/v2\/media\/12249"}],"wp:attachment":[{"href":"https:\/\/skaitytaknyga.lt\/en\/wp-json\/wp\/v2\/media?parent=12248"}],"wp:term":[{"taxonomy":"product_brand","embeddable":true,"href":"https:\/\/skaitytaknyga.lt\/en\/wp-json\/wp\/v2\/product_brand?post=12248"},{"taxonomy":"product_cat","embeddable":true,"href":"https:\/\/skaitytaknyga.lt\/en\/wp-json\/wp\/v2\/product_cat?post=12248"},{"taxonomy":"product_tag","embeddable":true,"href":"https:\/\/skaitytaknyga.lt\/en\/wp-json\/wp\/v2\/product_tag?post=12248"}],"curies":[{"name":"wp","href":"https:\/\/api.w.org\/{rel}","templated":true}]}}