{"id":12237,"date":"2024-06-26T17:51:48","date_gmt":"2024-06-26T14:51:48","guid":{"rendered":"https:\/\/skaitytaknyga.lt\/?post_type=product&#038;p=12237"},"modified":"2025-05-14T10:40:48","modified_gmt":"2025-05-14T07:40:48","slug":"rhonda-byrne-paslaptis-the-secret","status":"publish","type":"product","link":"https:\/\/skaitytaknyga.lt\/en\/produktas\/rhonda-byrne-paslaptis-the-secret\/","title":{"rendered":"Paslaptis. The Secret"},"content":{"rendered":"","protected":false},"excerpt":{"rendered":"<p>Vis\u0173 \u0161imtme\u010di\u0173 literat\u016broje, religijose, filosofijose randama u\u017euomin\u0173 apie Did\u017ei\u0105j\u0105 Paslapt\u012f. Ji buvo perduodama i\u0161 kartos \u012f kart\u0105, pasl\u0117pta, pamesta, pavogta, parduodama, bet visada \u017emonija jos atkakliai siek\u0117. Ir \u0161tai visos jos dalys surinktos \u201ePaslaptyje\u201c.<\/p>\n<p>\u0160viesiausi \u017emonijos protai suprato \u0161i\u0105 \u0161imtme\u010di\u0173 senumo i\u0161mint\u012f. Pasirodo, ji gali pakeisti kiekvieno Paslapt\u012f pa\u017einusio \u017emogaus gyvenim\u0105. Tad ir tu pasinerk \u012f \u0161i\u0173 dien\u0173 mokytoj\u0173\u00a0 papasakotas d\u0117mes\u012f prikaustan\u010dias istorijas, pajusk, koki\u0173 turi nepanaudot\u0173 gali\u0173, pasiek tai, kas kitiems atrodo ne\u012fmanoma.<\/p>\n","protected":false},"featured_media":12238,"comment_status":"closed","ping_status":"closed","template":"","meta":{"_acf_changed":false,"site-sidebar-layout":"default","site-content-layout":"","ast-site-content-layout":"default","site-content-style":"default","site-sidebar-style":"default","ast-global-header-display":"","ast-banner-title-visibility":"","ast-main-header-display":"","ast-hfb-above-header-display":"","ast-hfb-below-header-display":"","ast-hfb-mobile-header-display":"","site-post-title":"","ast-breadcrumbs-content":"","ast-featured-img":"","footer-sml-layout":"","ast-disable-related-posts":"","theme-transparent-header-meta":"default","adv-header-id-meta":"","stick-header-meta":"","header-above-stick-meta":"","header-main-stick-meta":"","header-below-stick-meta":"","astra-migrate-meta-layouts":"set","ast-page-background-enabled":"default","ast-page-background-meta":{"desktop":{"background-color":"","background-image":"","background-repeat":"repeat","background-position":"center center","background-size":"auto","background-attachment":"scroll","background-type":"","background-media":"","overlay-type":"","overlay-color":"","overlay-opacity":"","overlay-gradient":""},"tablet":{"background-color":"","background-image":"","background-repeat":"repeat","background-position":"center center","background-size":"auto","background-attachment":"scroll","background-type":"","background-media":"","overlay-type":"","overlay-color":"","overlay-opacity":"","overlay-gradient":""},"mobile":{"background-color":"","background-image":"","background-repeat":"repeat","background-position":"center center","background-size":"auto","background-attachment":"scroll","background-type":"","background-media":"","overlay-type":"","overlay-color":"","overlay-opacity":"","overlay-gradient":""}},"ast-content-background-meta":{"desktop":{"background-color":"var(--ast-global-color-4)","background-image":"","background-repeat":"repeat","background-position":"center center","background-size":"auto","background-attachment":"scroll","background-type":"","background-media":"","overlay-type":"","overlay-color":"","overlay-opacity":"","overlay-gradient":""},"tablet":{"background-color":"var(--ast-global-color-4)","background-image":"","background-repeat":"repeat","background-position":"center center","background-size":"auto","background-attachment":"scroll","background-type":"","background-media":"","overlay-type":"","overlay-color":"","overlay-opacity":"","overlay-gradient":""},"mobile":{"background-color":"var(--ast-global-color-4)","background-image":"","background-repeat":"repeat","background-position":"center center","background-size":"auto","background-attachment":"scroll","background-type":"","background-media":"","overlay-type":"","overlay-color":"","overlay-opacity":"","overlay-gradient":""}}},"product_brand":[],"product_cat":[30,165],"product_tag":[],"class_list":{"0":"post-12237","1":"product","2":"type-product","3":"status-publish","4":"has-post-thumbnail","6":"product_cat-psichologija-ir-saviugda","7":"product_cat-religija-filosofija-ir-ezoterika","8":"desktop-align-left","9":"tablet-align-left","10":"mobile-align-left","12":"first","13":"outofstock","14":"shipping-taxable","15":"purchasable","16":"product-type-simple"},"acf":[],"yoast_head":"<!-- This site is optimized with the Yoast SEO plugin v27.0 - https:\/\/yoast.com\/product\/yoast-seo-wordpress\/ -->\n<title>Paslaptis. The Secret<\/title>\n<meta name=\"description\" content=\"Vis\u0173 \u0161imtme\u010di\u0173 literat\u016broje, religijose, filosofijose randama u\u017euomin\u0173 apie Did\u017ei\u0105j\u0105 Paslapt\u012f. Ji buvo perduodama i\u0161 kartos \u012f kart\u0105, pasl\u0117pta, pamesta, pavogta, parduodama, bet visada \u017emonija jos atkakliai siek\u0117. Ir \u0161tai visos jos dalys surinktos \u201ePaslaptyje\u201c.  \u0160viesiausi \u017emonijos protai suprato \u0161i\u0105 \u0161imtme\u010di\u0173 senumo i\u0161mint\u012f. Pasirodo, ji gali pakeisti kiekvieno Paslapt\u012f pa\u017einusio \u017emogaus gyvenim\u0105. Tad ir tu pasinerk \u012f \u0161i\u0173 dien\u0173 mokytoj\u0173\u00a0 papasakotas d\u0117mes\u012f prikaustan\u010dias istorijas, pajusk, koki\u0173 turi nepanaudot\u0173 gali\u0173, pasiek tai, kas kitiems atrodo ne\u012fmanoma.\" \/>\n<meta name=\"robots\" content=\"index, follow, max-snippet:-1, max-image-preview:large, max-video-preview:-1\" \/>\n<link rel=\"canonical\" href=\"https:\/\/skaitytaknyga.lt\/en\/produktas\/rhonda-byrne-paslaptis-the-secret\/\" \/>\n<meta property=\"og:locale\" content=\"en_GB\" \/>\n<meta property=\"og:locale:alternate\" content=\"lt_LT\" \/>\n<meta property=\"og:type\" content=\"article\" \/>\n<meta property=\"og:title\" content=\"Paslaptis. The Secret\" \/>\n<meta property=\"og:description\" content=\"Vis\u0173 \u0161imtme\u010di\u0173 literat\u016broje, religijose, filosofijose randama u\u017euomin\u0173 apie Did\u017ei\u0105j\u0105 Paslapt\u012f. Ji buvo perduodama i\u0161 kartos \u012f kart\u0105, pasl\u0117pta, pamesta, pavogta, parduodama, bet visada \u017emonija jos atkakliai siek\u0117. Ir \u0161tai visos jos dalys surinktos \u201ePaslaptyje\u201c.  \u0160viesiausi \u017emonijos protai suprato \u0161i\u0105 \u0161imtme\u010di\u0173 senumo i\u0161mint\u012f. Pasirodo, ji gali pakeisti kiekvieno Paslapt\u012f pa\u017einusio \u017emogaus gyvenim\u0105. Tad ir tu pasinerk \u012f \u0161i\u0173 dien\u0173 mokytoj\u0173\u00a0 papasakotas d\u0117mes\u012f prikaustan\u010dias istorijas, pajusk, koki\u0173 turi nepanaudot\u0173 gali\u0173, pasiek tai, kas kitiems atrodo ne\u012fmanoma.\" \/>\n<meta property=\"og:url\" content=\"https:\/\/skaitytaknyga.lt\/en\/produktas\/rhonda-byrne-paslaptis-the-secret\/\" \/>\n<meta property=\"og:site_name\" content=\"Skaitytaknyga\" \/>\n<meta property=\"article:publisher\" content=\"https:\/\/www.facebook.com\/skaitytaknyga\/\" \/>\n<meta property=\"article:modified_time\" content=\"2025-05-14T07:40:48+00:00\" \/>\n<meta property=\"og:image\" content=\"https:\/\/skaitytaknyga.lt\/wp-content\/uploads\/2024\/06\/83892890_219576952403695_8649324527890726912_n.webp\" \/>\n\t<meta property=\"og:image:width\" content=\"681\" \/>\n\t<meta property=\"og:image:height\" content=\"1024\" \/>\n\t<meta property=\"og:image:type\" content=\"image\/webp\" \/>\n<meta name=\"twitter:card\" content=\"summary_large_image\" \/>\n<script type=\"application\/ld+json\" class=\"yoast-schema-graph\">{\"@context\":\"https:\/\/schema.org\",\"@graph\":[{\"@type\":\"WebPage\",\"@id\":\"https:\/\/skaitytaknyga.lt\/produktas\/rhonda-byrne-paslaptis-the-secret\/\",\"url\":\"https:\/\/skaitytaknyga.lt\/produktas\/rhonda-byrne-paslaptis-the-secret\/\",\"name\":\"Paslaptis. The Secret\",\"isPartOf\":{\"@id\":\"https:\/\/skaitytaknyga.lt\/#website\"},\"primaryImageOfPage\":{\"@id\":\"https:\/\/skaitytaknyga.lt\/produktas\/rhonda-byrne-paslaptis-the-secret\/#primaryimage\"},\"image\":{\"@id\":\"https:\/\/skaitytaknyga.lt\/produktas\/rhonda-byrne-paslaptis-the-secret\/#primaryimage\"},\"thumbnailUrl\":\"https:\/\/skaitytaknyga.lt\/wp-content\/uploads\/2024\/06\/83892890_219576952403695_8649324527890726912_n.webp\",\"datePublished\":\"2024-06-26T14:51:48+00:00\",\"dateModified\":\"2025-05-14T07:40:48+00:00\",\"description\":\"Vis\u0173 \u0161imtme\u010di\u0173 literat\u016broje, religijose, filosofijose randama u\u017euomin\u0173 apie Did\u017ei\u0105j\u0105 Paslapt\u012f. Ji buvo perduodama i\u0161 kartos \u012f kart\u0105, pasl\u0117pta, pamesta, pavogta, parduodama, bet visada \u017emonija jos atkakliai siek\u0117. Ir \u0161tai visos jos dalys surinktos \u201ePaslaptyje\u201c. \u0160viesiausi \u017emonijos protai suprato \u0161i\u0105 \u0161imtme\u010di\u0173 senumo i\u0161mint\u012f. Pasirodo, ji gali pakeisti kiekvieno Paslapt\u012f pa\u017einusio \u017emogaus gyvenim\u0105. Tad ir tu pasinerk \u012f \u0161i\u0173 dien\u0173 mokytoj\u0173\u00a0 papasakotas d\u0117mes\u012f prikaustan\u010dias istorijas, pajusk, koki\u0173 turi nepanaudot\u0173 gali\u0173, pasiek tai, kas kitiems atrodo ne\u012fmanoma.\",\"breadcrumb\":{\"@id\":\"https:\/\/skaitytaknyga.lt\/produktas\/rhonda-byrne-paslaptis-the-secret\/#breadcrumb\"},\"inLanguage\":\"en-GB\",\"potentialAction\":[{\"@type\":\"ReadAction\",\"target\":[\"https:\/\/skaitytaknyga.lt\/produktas\/rhonda-byrne-paslaptis-the-secret\/\"]}]},{\"@type\":\"ImageObject\",\"inLanguage\":\"en-GB\",\"@id\":\"https:\/\/skaitytaknyga.lt\/produktas\/rhonda-byrne-paslaptis-the-secret\/#primaryimage\",\"url\":\"https:\/\/skaitytaknyga.lt\/wp-content\/uploads\/2024\/06\/83892890_219576952403695_8649324527890726912_n.webp\",\"contentUrl\":\"https:\/\/skaitytaknyga.lt\/wp-content\/uploads\/2024\/06\/83892890_219576952403695_8649324527890726912_n.webp\",\"width\":681,\"height\":1024},{\"@type\":\"BreadcrumbList\",\"@id\":\"https:\/\/skaitytaknyga.lt\/produktas\/rhonda-byrne-paslaptis-the-secret\/#breadcrumb\",\"itemListElement\":[{\"@type\":\"ListItem\",\"position\":1,\"name\":\"Home\",\"item\":\"https:\/\/skaitytaknyga.lt\/\"},{\"@type\":\"ListItem\",\"position\":2,\"name\":\"Parduotuv\u0117\",\"item\":\"https:\/\/skaitytaknyga.lt\/knygu-parduotuve\/\"},{\"@type\":\"ListItem\",\"position\":3,\"name\":\"Paslaptis. The Secret\"}]},{\"@type\":\"WebSite\",\"@id\":\"https:\/\/skaitytaknyga.lt\/#website\",\"url\":\"https:\/\/skaitytaknyga.lt\/\",\"name\":\"skaitytaknyga.lt\",\"description\":\"Skaitytaknyga.lt \u2013 tai ma\u017eas \u0161eimos verslas, kuris prasid\u0117jo nuo meil\u0117s knygoms ir siekio i\u0161gelb\u0117ti knygas nuo likimo prie konteinerio. Kas vienam nereikalingas daiktas \u2013 kitam lobis, o mes esame tarpininkai, kurie padeda abiems tapti laimingesniems ???? \u017dinome kaip nelengva i\u0161gyventi ma\u017eiems verslams, tad nuo \u0161iol, \u010dia rasite ir kit\u0173, ma\u017e\u0173 \u0161eim\u0173 versl\u0173, rank\u0173 darbo, dovan\u0173 sau ir artimiesiems.\",\"publisher\":{\"@id\":\"https:\/\/skaitytaknyga.lt\/#organization\"},\"potentialAction\":[{\"@type\":\"SearchAction\",\"target\":{\"@type\":\"EntryPoint\",\"urlTemplate\":\"https:\/\/skaitytaknyga.lt\/?s={search_term_string}\"},\"query-input\":{\"@type\":\"PropertyValueSpecification\",\"valueRequired\":true,\"valueName\":\"search_term_string\"}}],\"inLanguage\":\"en-GB\"},{\"@type\":\"Organization\",\"@id\":\"https:\/\/skaitytaknyga.lt\/#organization\",\"name\":\"skaitytaknyga.lt\",\"url\":\"https:\/\/skaitytaknyga.lt\/\",\"logo\":{\"@type\":\"ImageObject\",\"inLanguage\":\"en-GB\",\"@id\":\"https:\/\/skaitytaknyga.lt\/#\/schema\/logo\/image\/\",\"url\":\"https:\/\/skaitytaknyga.lt\/wp-content\/uploads\/2024\/05\/cropped-cropped-cropped-02_00843_jt3bggkj1j3HLc7SyY6rEUpg.jpeg\",\"contentUrl\":\"https:\/\/skaitytaknyga.lt\/wp-content\/uploads\/2024\/05\/cropped-cropped-cropped-02_00843_jt3bggkj1j3HLc7SyY6rEUpg.jpeg\",\"width\":1600,\"height\":1600,\"caption\":\"skaitytaknyga.lt\"},\"image\":{\"@id\":\"https:\/\/skaitytaknyga.lt\/#\/schema\/logo\/image\/\"},\"sameAs\":[\"https:\/\/www.facebook.com\/skaitytaknyga\/\"]}]}<\/script>\n<!-- \/ Yoast SEO plugin. -->","yoast_head_json":{"title":"Paslaptis. The Secret","description":"Vis\u0173 \u0161imtme\u010di\u0173 literat\u016broje, religijose, filosofijose randama u\u017euomin\u0173 apie Did\u017ei\u0105j\u0105 Paslapt\u012f. Ji buvo perduodama i\u0161 kartos \u012f kart\u0105, pasl\u0117pta, pamesta, pavogta, parduodama, bet visada \u017emonija jos atkakliai siek\u0117. Ir \u0161tai visos jos dalys surinktos \u201ePaslaptyje\u201c.  \u0160viesiausi \u017emonijos protai suprato \u0161i\u0105 \u0161imtme\u010di\u0173 senumo i\u0161mint\u012f. Pasirodo, ji gali pakeisti kiekvieno Paslapt\u012f pa\u017einusio \u017emogaus gyvenim\u0105. Tad ir tu pasinerk \u012f \u0161i\u0173 dien\u0173 mokytoj\u0173\u00a0 papasakotas d\u0117mes\u012f prikaustan\u010dias istorijas, pajusk, koki\u0173 turi nepanaudot\u0173 gali\u0173, pasiek tai, kas kitiems atrodo ne\u012fmanoma.","robots":{"index":"index","follow":"follow","max-snippet":"max-snippet:-1","max-image-preview":"max-image-preview:large","max-video-preview":"max-video-preview:-1"},"canonical":"https:\/\/skaitytaknyga.lt\/en\/produktas\/rhonda-byrne-paslaptis-the-secret\/","og_locale":"en_GB","og_type":"article","og_title":"[:lt]Paslaptis. The Secret[:] - Skaitytaknyga","og_description":"Vis\u0173 \u0161imtme\u010di\u0173 literat\u016broje, religijose, filosofijose randama u\u017euomin\u0173 apie Did\u017ei\u0105j\u0105 Paslapt\u012f. Ji buvo perduodama i\u0161 kartos \u012f kart\u0105, pasl\u0117pta, pamesta, pavogta, parduodama, bet visada \u017emonija jos atkakliai siek\u0117. Ir \u0161tai visos jos dalys surinktos \u201ePaslaptyje\u201c.  \u0160viesiausi \u017emonijos protai suprato \u0161i\u0105 \u0161imtme\u010di\u0173 senumo i\u0161mint\u012f. Pasirodo, ji gali pakeisti kiekvieno Paslapt\u012f pa\u017einusio \u017emogaus gyvenim\u0105. Tad ir tu pasinerk \u012f \u0161i\u0173 dien\u0173 mokytoj\u0173\u00a0 papasakotas d\u0117mes\u012f prikaustan\u010dias istorijas, pajusk, koki\u0173 turi nepanaudot\u0173 gali\u0173, pasiek tai, kas kitiems atrodo ne\u012fmanoma.","og_url":"https:\/\/skaitytaknyga.lt\/en\/produktas\/rhonda-byrne-paslaptis-the-secret\/","og_site_name":"Skaitytaknyga","article_publisher":"https:\/\/www.facebook.com\/skaitytaknyga\/","article_modified_time":"2025-05-14T07:40:48+00:00","og_image":[{"width":681,"height":1024,"url":"https:\/\/skaitytaknyga.lt\/wp-content\/uploads\/2024\/06\/83892890_219576952403695_8649324527890726912_n.webp","type":"image\/webp"}],"twitter_card":"summary_large_image","schema":{"@context":"https:\/\/schema.org","@graph":[{"@type":"WebPage","@id":"https:\/\/skaitytaknyga.lt\/produktas\/rhonda-byrne-paslaptis-the-secret\/","url":"https:\/\/skaitytaknyga.lt\/produktas\/rhonda-byrne-paslaptis-the-secret\/","name":"Paslaptis. The Secret","isPartOf":{"@id":"https:\/\/skaitytaknyga.lt\/#website"},"primaryImageOfPage":{"@id":"https:\/\/skaitytaknyga.lt\/produktas\/rhonda-byrne-paslaptis-the-secret\/#primaryimage"},"image":{"@id":"https:\/\/skaitytaknyga.lt\/produktas\/rhonda-byrne-paslaptis-the-secret\/#primaryimage"},"thumbnailUrl":"https:\/\/skaitytaknyga.lt\/wp-content\/uploads\/2024\/06\/83892890_219576952403695_8649324527890726912_n.webp","datePublished":"2024-06-26T14:51:48+00:00","dateModified":"2025-05-14T07:40:48+00:00","description":"Vis\u0173 \u0161imtme\u010di\u0173 literat\u016broje, religijose, filosofijose randama u\u017euomin\u0173 apie Did\u017ei\u0105j\u0105 Paslapt\u012f. Ji buvo perduodama i\u0161 kartos \u012f kart\u0105, pasl\u0117pta, pamesta, pavogta, parduodama, bet visada \u017emonija jos atkakliai siek\u0117. Ir \u0161tai visos jos dalys surinktos \u201ePaslaptyje\u201c. \u0160viesiausi \u017emonijos protai suprato \u0161i\u0105 \u0161imtme\u010di\u0173 senumo i\u0161mint\u012f. Pasirodo, ji gali pakeisti kiekvieno Paslapt\u012f pa\u017einusio \u017emogaus gyvenim\u0105. Tad ir tu pasinerk \u012f \u0161i\u0173 dien\u0173 mokytoj\u0173\u00a0 papasakotas d\u0117mes\u012f prikaustan\u010dias istorijas, pajusk, koki\u0173 turi nepanaudot\u0173 gali\u0173, pasiek tai, kas kitiems atrodo ne\u012fmanoma.","breadcrumb":{"@id":"https:\/\/skaitytaknyga.lt\/produktas\/rhonda-byrne-paslaptis-the-secret\/#breadcrumb"},"inLanguage":"en-GB","potentialAction":[{"@type":"ReadAction","target":["https:\/\/skaitytaknyga.lt\/produktas\/rhonda-byrne-paslaptis-the-secret\/"]}]},{"@type":"ImageObject","inLanguage":"en-GB","@id":"https:\/\/skaitytaknyga.lt\/produktas\/rhonda-byrne-paslaptis-the-secret\/#primaryimage","url":"https:\/\/skaitytaknyga.lt\/wp-content\/uploads\/2024\/06\/83892890_219576952403695_8649324527890726912_n.webp","contentUrl":"https:\/\/skaitytaknyga.lt\/wp-content\/uploads\/2024\/06\/83892890_219576952403695_8649324527890726912_n.webp","width":681,"height":1024},{"@type":"BreadcrumbList","@id":"https:\/\/skaitytaknyga.lt\/produktas\/rhonda-byrne-paslaptis-the-secret\/#breadcrumb","itemListElement":[{"@type":"ListItem","position":1,"name":"Home","item":"https:\/\/skaitytaknyga.lt\/"},{"@type":"ListItem","position":2,"name":"Parduotuv\u0117","item":"https:\/\/skaitytaknyga.lt\/knygu-parduotuve\/"},{"@type":"ListItem","position":3,"name":"Paslaptis. The Secret"}]},{"@type":"WebSite","@id":"https:\/\/skaitytaknyga.lt\/#website","url":"https:\/\/skaitytaknyga.lt\/","name":"skaitytaknyga.lt","description":"Skaitytaknyga.lt \u2013 tai ma\u017eas \u0161eimos verslas, kuris prasid\u0117jo nuo meil\u0117s knygoms ir siekio i\u0161gelb\u0117ti knygas nuo likimo prie konteinerio. Kas vienam nereikalingas daiktas \u2013 kitam lobis, o mes esame tarpininkai, kurie padeda abiems tapti laimingesniems ???? \u017dinome kaip nelengva i\u0161gyventi ma\u017eiems verslams, tad nuo \u0161iol, \u010dia rasite ir kit\u0173, ma\u017e\u0173 \u0161eim\u0173 versl\u0173, rank\u0173 darbo, dovan\u0173 sau ir artimiesiems.","publisher":{"@id":"https:\/\/skaitytaknyga.lt\/#organization"},"potentialAction":[{"@type":"SearchAction","target":{"@type":"EntryPoint","urlTemplate":"https:\/\/skaitytaknyga.lt\/?s={search_term_string}"},"query-input":{"@type":"PropertyValueSpecification","valueRequired":true,"valueName":"search_term_string"}}],"inLanguage":"en-GB"},{"@type":"Organization","@id":"https:\/\/skaitytaknyga.lt\/#organization","name":"skaitytaknyga.lt","url":"https:\/\/skaitytaknyga.lt\/","logo":{"@type":"ImageObject","inLanguage":"en-GB","@id":"https:\/\/skaitytaknyga.lt\/#\/schema\/logo\/image\/","url":"https:\/\/skaitytaknyga.lt\/wp-content\/uploads\/2024\/05\/cropped-cropped-cropped-02_00843_jt3bggkj1j3HLc7SyY6rEUpg.jpeg","contentUrl":"https:\/\/skaitytaknyga.lt\/wp-content\/uploads\/2024\/05\/cropped-cropped-cropped-02_00843_jt3bggkj1j3HLc7SyY6rEUpg.jpeg","width":1600,"height":1600,"caption":"skaitytaknyga.lt"},"image":{"@id":"https:\/\/skaitytaknyga.lt\/#\/schema\/logo\/image\/"},"sameAs":["https:\/\/www.facebook.com\/skaitytaknyga\/"]}]}},"_links":{"self":[{"href":"https:\/\/skaitytaknyga.lt\/en\/wp-json\/wp\/v2\/product\/12237","targetHints":{"allow":["GET"]}}],"collection":[{"href":"https:\/\/skaitytaknyga.lt\/en\/wp-json\/wp\/v2\/product"}],"about":[{"href":"https:\/\/skaitytaknyga.lt\/en\/wp-json\/wp\/v2\/types\/product"}],"replies":[{"embeddable":true,"href":"https:\/\/skaitytaknyga.lt\/en\/wp-json\/wp\/v2\/comments?post=12237"}],"wp:featuredmedia":[{"embeddable":true,"href":"https:\/\/skaitytaknyga.lt\/en\/wp-json\/wp\/v2\/media\/12238"}],"wp:attachment":[{"href":"https:\/\/skaitytaknyga.lt\/en\/wp-json\/wp\/v2\/media?parent=12237"}],"wp:term":[{"taxonomy":"product_brand","embeddable":true,"href":"https:\/\/skaitytaknyga.lt\/en\/wp-json\/wp\/v2\/product_brand?post=12237"},{"taxonomy":"product_cat","embeddable":true,"href":"https:\/\/skaitytaknyga.lt\/en\/wp-json\/wp\/v2\/product_cat?post=12237"},{"taxonomy":"product_tag","embeddable":true,"href":"https:\/\/skaitytaknyga.lt\/en\/wp-json\/wp\/v2\/product_tag?post=12237"}],"curies":[{"name":"wp","href":"https:\/\/api.w.org\/{rel}","templated":true}]}}