{"id":12121,"date":"2024-06-19T17:23:49","date_gmt":"2024-06-19T14:23:49","guid":{"rendered":"https:\/\/skaitytaknyga.lt\/?post_type=product&#038;p=12121"},"modified":"2026-03-18T10:59:05","modified_gmt":"2026-03-18T08:59:05","slug":"algimantas-cekuolis-staigmenos-ir-kiti-zinomi-dalykai","status":"publish","type":"product","link":"https:\/\/skaitytaknyga.lt\/en\/produktas\/algimantas-cekuolis-staigmenos-ir-kiti-zinomi-dalykai\/","title":{"rendered":"Staigmenos ir kiti \u017einomi dalykai"},"content":{"rendered":"<p>\u0160i knyga kvie\u010dia skaitytoj\u0105 atid\u017eiau pasi\u017ei\u016br\u0117ti \u012f Europ\u0105, Azij\u0105, Amerik\u0105 bei Afrik\u0105, nepamir\u0161tant ir m\u016bs\u0173, gyvenan\u010di\u0173 prie Baltijos. Publicistas ir ra\u0161ytojas Algimantas \u010cekuolis, kalbantis 13 kalb\u0173 ir aplank\u0119s per 60 \u0161ali\u0173, \u012fdomiai ir, kaip jam b\u016bdinga, \u0161maik\u0161\u010diai pasakoja apie gent\u012f, kur valdo moterys, o vyrai d\u0117l to laimingi apie seksualin\u0119 nelaim\u0119, d\u0117l kurios kalta medicinos pa\u017eanga apie did\u017eiausi\u0105 pasaulyje falsifikat\u0173 turg\u0173 apie pamestus branduolinius u\u017etaisus ir i\u0161p\u016bst\u0105 radiacijos baim\u0119 apie teigiamus poky\u010dius kar\u0161tuose pasaulio ta\u0161kuose ir apie nematomas i\u0161sivys\u010diusi\u0173 valstybi\u0173 b\u0117das. Skaitytojas su\u017einos, u\u017e k\u0105 m\u016bs\u0173 civilizacija turi b\u016bti d\u0117kinga pipirams apie \u0161al\u012f, kur lies\u0117ti &#8211; privaloma apie valstyb\u0119, kur \u0161\u016bkis \u201eTegyvuoja koka! pad\u0117jo laim\u0117ti prezidento rinkimus apie geras manieras ir chamus apie tai, kaip atpa\u017einti populist\u0105 ir kaip pa\u017eabojama korupcija kod\u0117l mokslininkai mano, kad ateiviams i\u0161 kosmoso mes grei\u010diausiai ner\u016bpime.<\/p>\n<ul class=\"about-product d-none d-xl-block mt-4\">\n<li><strong>Autorius:<\/strong>\u00a0<a href=\"https:\/\/skaitytaknyga.lt\/?s=Algimantas+%C4%8Cekuolis&#038;post_type=product&#038;dgwt_wcas=1\">Algimantas \u010cekuolis<\/a><\/li>\n<li><strong>Leid\u0117jas:<\/strong>\u00a0Alma littera<\/li>\n<li><strong>Metai:<\/strong>\u00a02010<\/li>\n<li><strong>Puslapiai:<\/strong>\u00a0264<\/li>\n<li><strong>ISBN:<\/strong>\u00a09789955385547<\/li>\n<li><strong>Versijos kodas:<\/strong>\u00a0PT.<\/li>\n<li><strong>Formatas:<\/strong>\u00a015 x 22 cm, kieti vir\u0161eliai<\/li>\n<li><strong>Kalba:<\/strong>\u00a0Lietuvi\u0173<\/li>\n<\/ul>\n","protected":false},"excerpt":{"rendered":"<p>\u0160i knyga kvie\u010dia skaitytoj\u0105 atid\u017eiau pasi\u017ei\u016br\u0117ti \u012f Europ\u0105, Azij\u0105, Amerik\u0105 bei Afrik\u0105, nepamir\u0161tant ir m\u016bs\u0173, gyvenan\u010di\u0173 prie Baltijos. Publicistas ir ra\u0161ytojas Algimantas \u010cekuolis, kalbantis 13 kalb\u0173 ir aplank\u0119s per 60 \u0161ali\u0173, \u012fdomiai ir, kaip jam b\u016bdinga, \u0161maik\u0161\u010diai pasakoja apie gent\u012f, kur valdo moterys, o vyrai d\u0117l to laimingi apie seksualin\u0119 nelaim\u0119, d\u0117l kurios kalta medicinos pa\u017eanga apie did\u017eiausi\u0105 pasaulyje falsifikat\u0173 turg\u0173 apie pamestus branduolinius u\u017etaisus ir i\u0161p\u016bst\u0105 radiacijos baim\u0119 apie teigiamus poky\u010dius kar\u0161tuose pasaulio ta\u0161kuose ir apie nematomas i\u0161sivys\u010diusi\u0173 valstybi\u0173 b\u0117das. Skaitytojas su\u017einos, u\u017e k\u0105 m\u016bs\u0173 civilizacija turi b\u016bti d\u0117kinga pipirams apie \u0161al\u012f, kur lies\u0117ti &#8211; privaloma apie valstyb\u0119, kur \u0161\u016bkis \u201eTegyvuoja koka! pad\u0117jo laim\u0117ti prezidento rinkimus apie geras manieras ir chamus apie tai, kaip atpa\u017einti populist\u0105 ir kaip pa\u017eabojama korupcija kod\u0117l mokslininkai mano, kad ateiviams i\u0161 kosmoso mes grei\u010diausiai ner\u016bpime. Autorius:\u00a0Algimantas \u010cekuolis Leid\u0117jas:\u00a0Alma littera Metai:\u00a02010 Puslapiai:\u00a0264 ISBN:\u00a09789955385547 Versijos kodas:\u00a0PT. Formatas:\u00a015 x 22 cm, kieti vir\u0161eliai Kalba:\u00a0Lietuvi\u0173<\/p>\n","protected":false},"featured_media":12122,"comment_status":"closed","ping_status":"closed","template":"","meta":{"_acf_changed":false,"site-sidebar-layout":"default","site-content-layout":"","ast-site-content-layout":"default","site-content-style":"default","site-sidebar-style":"default","ast-global-header-display":"","ast-banner-title-visibility":"","ast-main-header-display":"","ast-hfb-above-header-display":"","ast-hfb-below-header-display":"","ast-hfb-mobile-header-display":"","site-post-title":"","ast-breadcrumbs-content":"","ast-featured-img":"","footer-sml-layout":"","ast-disable-related-posts":"","theme-transparent-header-meta":"default","adv-header-id-meta":"","stick-header-meta":"","header-above-stick-meta":"","header-main-stick-meta":"","header-below-stick-meta":"","astra-migrate-meta-layouts":"set","ast-page-background-enabled":"default","ast-page-background-meta":{"desktop":{"background-color":"","background-image":"","background-repeat":"repeat","background-position":"center center","background-size":"auto","background-attachment":"scroll","background-type":"","background-media":"","overlay-type":"","overlay-color":"","overlay-opacity":"","overlay-gradient":""},"tablet":{"background-color":"","background-image":"","background-repeat":"repeat","background-position":"center center","background-size":"auto","background-attachment":"scroll","background-type":"","background-media":"","overlay-type":"","overlay-color":"","overlay-opacity":"","overlay-gradient":""},"mobile":{"background-color":"","background-image":"","background-repeat":"repeat","background-position":"center center","background-size":"auto","background-attachment":"scroll","background-type":"","background-media":"","overlay-type":"","overlay-color":"","overlay-opacity":"","overlay-gradient":""}},"ast-content-background-meta":{"desktop":{"background-color":"var(--ast-global-color-4)","background-image":"","background-repeat":"repeat","background-position":"center center","background-size":"auto","background-attachment":"scroll","background-type":"","background-media":"","overlay-type":"","overlay-color":"","overlay-opacity":"","overlay-gradient":""},"tablet":{"background-color":"var(--ast-global-color-4)","background-image":"","background-repeat":"repeat","background-position":"center center","background-size":"auto","background-attachment":"scroll","background-type":"","background-media":"","overlay-type":"","overlay-color":"","overlay-opacity":"","overlay-gradient":""},"mobile":{"background-color":"var(--ast-global-color-4)","background-image":"","background-repeat":"repeat","background-position":"center center","background-size":"auto","background-attachment":"scroll","background-type":"","background-media":"","overlay-type":"","overlay-color":"","overlay-opacity":"","overlay-gradient":""}}},"product_brand":[],"product_cat":[9590],"product_tag":[],"class_list":{"0":"post-12121","1":"product","2":"type-product","3":"status-publish","4":"has-post-thumbnail","6":"product_cat-lietuviu-literatura","7":"desktop-align-left","8":"tablet-align-left","9":"mobile-align-left","11":"first","12":"instock","13":"shipping-taxable","14":"purchasable","15":"product-type-simple"},"acf":[],"yoast_head":"<!-- This site is optimized with the Yoast SEO plugin v27.0 - https:\/\/yoast.com\/product\/yoast-seo-wordpress\/ -->\n<title>Staigmenos ir kiti \u017einomi dalykai<\/title>\n<meta name=\"description\" content=\"\u0160i knyga kvie\u010dia skaitytoj\u0105 atid\u017eiau pasi\u017ei\u016br\u0117ti \u012f Europ\u0105, Azij\u0105, Amerik\u0105 bei Afrik\u0105, nepamir\u0161tant ir m\u016bs\u0173, gyvenan\u010di\u0173 prie Baltijos. Publicistas ir\" \/>\n<meta name=\"robots\" content=\"index, follow, max-snippet:-1, max-image-preview:large, max-video-preview:-1\" \/>\n<link rel=\"canonical\" href=\"https:\/\/skaitytaknyga.lt\/en\/produktas\/algimantas-cekuolis-staigmenos-ir-kiti-zinomi-dalykai\/\" \/>\n<meta property=\"og:locale\" content=\"en_GB\" \/>\n<meta property=\"og:locale:alternate\" content=\"lt_LT\" \/>\n<meta property=\"og:type\" content=\"article\" \/>\n<meta property=\"og:title\" content=\"Staigmenos ir kiti \u017einomi dalykai\" \/>\n<meta property=\"og:description\" content=\"\u0160i knyga kvie\u010dia skaitytoj\u0105 atid\u017eiau pasi\u017ei\u016br\u0117ti \u012f Europ\u0105, Azij\u0105, Amerik\u0105 bei Afrik\u0105, nepamir\u0161tant ir m\u016bs\u0173, gyvenan\u010di\u0173 prie Baltijos. Publicistas ir\" \/>\n<meta property=\"og:url\" content=\"https:\/\/skaitytaknyga.lt\/en\/produktas\/algimantas-cekuolis-staigmenos-ir-kiti-zinomi-dalykai\/\" \/>\n<meta property=\"og:site_name\" content=\"Skaitytaknyga\" \/>\n<meta property=\"article:publisher\" content=\"https:\/\/www.facebook.com\/skaitytaknyga\/\" \/>\n<meta property=\"article:modified_time\" content=\"2026-03-18T08:59:05+00:00\" \/>\n<meta property=\"og:image\" content=\"https:\/\/skaitytaknyga.lt\/wp-content\/uploads\/2024\/06\/staigme-625x794_0-e1718807106523.jpg\" \/>\n\t<meta property=\"og:image:width\" content=\"518\" \/>\n\t<meta property=\"og:image:height\" content=\"782\" \/>\n\t<meta property=\"og:image:type\" content=\"image\/jpeg\" \/>\n<meta name=\"twitter:card\" content=\"summary_large_image\" \/>\n<meta name=\"twitter:label1\" content=\"Estimated reading time\" \/>\n\t<meta name=\"twitter:data1\" content=\"2 minutes\" \/>\n<script type=\"application\/ld+json\" class=\"yoast-schema-graph\">{\"@context\":\"https:\/\/schema.org\",\"@graph\":[{\"@type\":\"WebPage\",\"@id\":\"https:\/\/skaitytaknyga.lt\/produktas\/algimantas-cekuolis-staigmenos-ir-kiti-zinomi-dalykai\/\",\"url\":\"https:\/\/skaitytaknyga.lt\/produktas\/algimantas-cekuolis-staigmenos-ir-kiti-zinomi-dalykai\/\",\"name\":\"Staigmenos ir kiti \u017einomi dalykai\",\"isPartOf\":{\"@id\":\"https:\/\/skaitytaknyga.lt\/#website\"},\"primaryImageOfPage\":{\"@id\":\"https:\/\/skaitytaknyga.lt\/produktas\/algimantas-cekuolis-staigmenos-ir-kiti-zinomi-dalykai\/#primaryimage\"},\"image\":{\"@id\":\"https:\/\/skaitytaknyga.lt\/produktas\/algimantas-cekuolis-staigmenos-ir-kiti-zinomi-dalykai\/#primaryimage\"},\"thumbnailUrl\":\"https:\/\/skaitytaknyga.lt\/wp-content\/uploads\/2024\/06\/staigme-625x794_0-e1718807106523.jpg\",\"datePublished\":\"2024-06-19T14:23:49+00:00\",\"dateModified\":\"2026-03-18T08:59:05+00:00\",\"description\":\"\u0160i knyga kvie\u010dia skaitytoj\u0105 atid\u017eiau pasi\u017ei\u016br\u0117ti \u012f Europ\u0105, Azij\u0105, Amerik\u0105 bei Afrik\u0105, nepamir\u0161tant ir m\u016bs\u0173, gyvenan\u010di\u0173 prie Baltijos. Publicistas ir\",\"breadcrumb\":{\"@id\":\"https:\/\/skaitytaknyga.lt\/produktas\/algimantas-cekuolis-staigmenos-ir-kiti-zinomi-dalykai\/#breadcrumb\"},\"inLanguage\":\"en-GB\",\"potentialAction\":[{\"@type\":\"ReadAction\",\"target\":[\"https:\/\/skaitytaknyga.lt\/produktas\/algimantas-cekuolis-staigmenos-ir-kiti-zinomi-dalykai\/\"]}]},{\"@type\":\"ImageObject\",\"inLanguage\":\"en-GB\",\"@id\":\"https:\/\/skaitytaknyga.lt\/produktas\/algimantas-cekuolis-staigmenos-ir-kiti-zinomi-dalykai\/#primaryimage\",\"url\":\"https:\/\/skaitytaknyga.lt\/wp-content\/uploads\/2024\/06\/staigme-625x794_0-e1718807106523.jpg\",\"contentUrl\":\"https:\/\/skaitytaknyga.lt\/wp-content\/uploads\/2024\/06\/staigme-625x794_0-e1718807106523.jpg\",\"width\":518,\"height\":782,\"caption\":\"Staigmenos ir kiti \u017einomi dalykai\"},{\"@type\":\"BreadcrumbList\",\"@id\":\"https:\/\/skaitytaknyga.lt\/produktas\/algimantas-cekuolis-staigmenos-ir-kiti-zinomi-dalykai\/#breadcrumb\",\"itemListElement\":[{\"@type\":\"ListItem\",\"position\":1,\"name\":\"Home\",\"item\":\"https:\/\/skaitytaknyga.lt\/\"},{\"@type\":\"ListItem\",\"position\":2,\"name\":\"Parduotuv\u0117\",\"item\":\"https:\/\/skaitytaknyga.lt\/knygu-parduotuve\/\"},{\"@type\":\"ListItem\",\"position\":3,\"name\":\"Staigmenos ir kiti \u017einomi dalykai\"}]},{\"@type\":\"WebSite\",\"@id\":\"https:\/\/skaitytaknyga.lt\/#website\",\"url\":\"https:\/\/skaitytaknyga.lt\/\",\"name\":\"skaitytaknyga.lt\",\"description\":\"Skaitytaknyga.lt \u2013 tai ma\u017eas \u0161eimos verslas, kuris prasid\u0117jo nuo meil\u0117s knygoms ir siekio i\u0161gelb\u0117ti knygas nuo likimo prie konteinerio. Kas vienam nereikalingas daiktas \u2013 kitam lobis, o mes esame tarpininkai, kurie padeda abiems tapti laimingesniems ???? \u017dinome kaip nelengva i\u0161gyventi ma\u017eiems verslams, tad nuo \u0161iol, \u010dia rasite ir kit\u0173, ma\u017e\u0173 \u0161eim\u0173 versl\u0173, rank\u0173 darbo, dovan\u0173 sau ir artimiesiems.\",\"publisher\":{\"@id\":\"https:\/\/skaitytaknyga.lt\/#organization\"},\"potentialAction\":[{\"@type\":\"SearchAction\",\"target\":{\"@type\":\"EntryPoint\",\"urlTemplate\":\"https:\/\/skaitytaknyga.lt\/?s={search_term_string}\"},\"query-input\":{\"@type\":\"PropertyValueSpecification\",\"valueRequired\":true,\"valueName\":\"search_term_string\"}}],\"inLanguage\":\"en-GB\"},{\"@type\":\"Organization\",\"@id\":\"https:\/\/skaitytaknyga.lt\/#organization\",\"name\":\"skaitytaknyga.lt\",\"url\":\"https:\/\/skaitytaknyga.lt\/\",\"logo\":{\"@type\":\"ImageObject\",\"inLanguage\":\"en-GB\",\"@id\":\"https:\/\/skaitytaknyga.lt\/#\/schema\/logo\/image\/\",\"url\":\"https:\/\/skaitytaknyga.lt\/wp-content\/uploads\/2024\/05\/cropped-cropped-cropped-02_00843_jt3bggkj1j3HLc7SyY6rEUpg.jpeg\",\"contentUrl\":\"https:\/\/skaitytaknyga.lt\/wp-content\/uploads\/2024\/05\/cropped-cropped-cropped-02_00843_jt3bggkj1j3HLc7SyY6rEUpg.jpeg\",\"width\":1600,\"height\":1600,\"caption\":\"skaitytaknyga.lt\"},\"image\":{\"@id\":\"https:\/\/skaitytaknyga.lt\/#\/schema\/logo\/image\/\"},\"sameAs\":[\"https:\/\/www.facebook.com\/skaitytaknyga\/\"]}]}<\/script>\n<!-- \/ Yoast SEO plugin. -->","yoast_head_json":{"title":"Staigmenos ir kiti \u017einomi dalykai","description":"\u0160i knyga kvie\u010dia skaitytoj\u0105 atid\u017eiau pasi\u017ei\u016br\u0117ti \u012f Europ\u0105, Azij\u0105, Amerik\u0105 bei Afrik\u0105, nepamir\u0161tant ir m\u016bs\u0173, gyvenan\u010di\u0173 prie Baltijos. Publicistas ir","robots":{"index":"index","follow":"follow","max-snippet":"max-snippet:-1","max-image-preview":"max-image-preview:large","max-video-preview":"max-video-preview:-1"},"canonical":"https:\/\/skaitytaknyga.lt\/en\/produktas\/algimantas-cekuolis-staigmenos-ir-kiti-zinomi-dalykai\/","og_locale":"en_GB","og_type":"article","og_title":"[:lt]Staigmenos ir kiti \u017einomi dalykai[:] - Skaitytaknyga","og_description":"\u0160i knyga kvie\u010dia skaitytoj\u0105 atid\u017eiau pasi\u017ei\u016br\u0117ti \u012f Europ\u0105, Azij\u0105, Amerik\u0105 bei Afrik\u0105, nepamir\u0161tant ir m\u016bs\u0173, gyvenan\u010di\u0173 prie Baltijos. Publicistas ir","og_url":"https:\/\/skaitytaknyga.lt\/en\/produktas\/algimantas-cekuolis-staigmenos-ir-kiti-zinomi-dalykai\/","og_site_name":"Skaitytaknyga","article_publisher":"https:\/\/www.facebook.com\/skaitytaknyga\/","article_modified_time":"2026-03-18T08:59:05+00:00","og_image":[{"width":518,"height":782,"url":"https:\/\/skaitytaknyga.lt\/wp-content\/uploads\/2024\/06\/staigme-625x794_0-e1718807106523.jpg","type":"image\/jpeg"}],"twitter_card":"summary_large_image","twitter_misc":{"Estimated reading time":"2 minutes"},"schema":{"@context":"https:\/\/schema.org","@graph":[{"@type":"WebPage","@id":"https:\/\/skaitytaknyga.lt\/produktas\/algimantas-cekuolis-staigmenos-ir-kiti-zinomi-dalykai\/","url":"https:\/\/skaitytaknyga.lt\/produktas\/algimantas-cekuolis-staigmenos-ir-kiti-zinomi-dalykai\/","name":"Staigmenos ir kiti \u017einomi dalykai","isPartOf":{"@id":"https:\/\/skaitytaknyga.lt\/#website"},"primaryImageOfPage":{"@id":"https:\/\/skaitytaknyga.lt\/produktas\/algimantas-cekuolis-staigmenos-ir-kiti-zinomi-dalykai\/#primaryimage"},"image":{"@id":"https:\/\/skaitytaknyga.lt\/produktas\/algimantas-cekuolis-staigmenos-ir-kiti-zinomi-dalykai\/#primaryimage"},"thumbnailUrl":"https:\/\/skaitytaknyga.lt\/wp-content\/uploads\/2024\/06\/staigme-625x794_0-e1718807106523.jpg","datePublished":"2024-06-19T14:23:49+00:00","dateModified":"2026-03-18T08:59:05+00:00","description":"\u0160i knyga kvie\u010dia skaitytoj\u0105 atid\u017eiau pasi\u017ei\u016br\u0117ti \u012f Europ\u0105, Azij\u0105, Amerik\u0105 bei Afrik\u0105, nepamir\u0161tant ir m\u016bs\u0173, gyvenan\u010di\u0173 prie Baltijos. Publicistas ir","breadcrumb":{"@id":"https:\/\/skaitytaknyga.lt\/produktas\/algimantas-cekuolis-staigmenos-ir-kiti-zinomi-dalykai\/#breadcrumb"},"inLanguage":"en-GB","potentialAction":[{"@type":"ReadAction","target":["https:\/\/skaitytaknyga.lt\/produktas\/algimantas-cekuolis-staigmenos-ir-kiti-zinomi-dalykai\/"]}]},{"@type":"ImageObject","inLanguage":"en-GB","@id":"https:\/\/skaitytaknyga.lt\/produktas\/algimantas-cekuolis-staigmenos-ir-kiti-zinomi-dalykai\/#primaryimage","url":"https:\/\/skaitytaknyga.lt\/wp-content\/uploads\/2024\/06\/staigme-625x794_0-e1718807106523.jpg","contentUrl":"https:\/\/skaitytaknyga.lt\/wp-content\/uploads\/2024\/06\/staigme-625x794_0-e1718807106523.jpg","width":518,"height":782,"caption":"Staigmenos ir kiti \u017einomi dalykai"},{"@type":"BreadcrumbList","@id":"https:\/\/skaitytaknyga.lt\/produktas\/algimantas-cekuolis-staigmenos-ir-kiti-zinomi-dalykai\/#breadcrumb","itemListElement":[{"@type":"ListItem","position":1,"name":"Home","item":"https:\/\/skaitytaknyga.lt\/"},{"@type":"ListItem","position":2,"name":"Parduotuv\u0117","item":"https:\/\/skaitytaknyga.lt\/knygu-parduotuve\/"},{"@type":"ListItem","position":3,"name":"Staigmenos ir kiti \u017einomi dalykai"}]},{"@type":"WebSite","@id":"https:\/\/skaitytaknyga.lt\/#website","url":"https:\/\/skaitytaknyga.lt\/","name":"skaitytaknyga.lt","description":"Skaitytaknyga.lt \u2013 tai ma\u017eas \u0161eimos verslas, kuris prasid\u0117jo nuo meil\u0117s knygoms ir siekio i\u0161gelb\u0117ti knygas nuo likimo prie konteinerio. Kas vienam nereikalingas daiktas \u2013 kitam lobis, o mes esame tarpininkai, kurie padeda abiems tapti laimingesniems ???? \u017dinome kaip nelengva i\u0161gyventi ma\u017eiems verslams, tad nuo \u0161iol, \u010dia rasite ir kit\u0173, ma\u017e\u0173 \u0161eim\u0173 versl\u0173, rank\u0173 darbo, dovan\u0173 sau ir artimiesiems.","publisher":{"@id":"https:\/\/skaitytaknyga.lt\/#organization"},"potentialAction":[{"@type":"SearchAction","target":{"@type":"EntryPoint","urlTemplate":"https:\/\/skaitytaknyga.lt\/?s={search_term_string}"},"query-input":{"@type":"PropertyValueSpecification","valueRequired":true,"valueName":"search_term_string"}}],"inLanguage":"en-GB"},{"@type":"Organization","@id":"https:\/\/skaitytaknyga.lt\/#organization","name":"skaitytaknyga.lt","url":"https:\/\/skaitytaknyga.lt\/","logo":{"@type":"ImageObject","inLanguage":"en-GB","@id":"https:\/\/skaitytaknyga.lt\/#\/schema\/logo\/image\/","url":"https:\/\/skaitytaknyga.lt\/wp-content\/uploads\/2024\/05\/cropped-cropped-cropped-02_00843_jt3bggkj1j3HLc7SyY6rEUpg.jpeg","contentUrl":"https:\/\/skaitytaknyga.lt\/wp-content\/uploads\/2024\/05\/cropped-cropped-cropped-02_00843_jt3bggkj1j3HLc7SyY6rEUpg.jpeg","width":1600,"height":1600,"caption":"skaitytaknyga.lt"},"image":{"@id":"https:\/\/skaitytaknyga.lt\/#\/schema\/logo\/image\/"},"sameAs":["https:\/\/www.facebook.com\/skaitytaknyga\/"]}]}},"_links":{"self":[{"href":"https:\/\/skaitytaknyga.lt\/en\/wp-json\/wp\/v2\/product\/12121","targetHints":{"allow":["GET"]}}],"collection":[{"href":"https:\/\/skaitytaknyga.lt\/en\/wp-json\/wp\/v2\/product"}],"about":[{"href":"https:\/\/skaitytaknyga.lt\/en\/wp-json\/wp\/v2\/types\/product"}],"replies":[{"embeddable":true,"href":"https:\/\/skaitytaknyga.lt\/en\/wp-json\/wp\/v2\/comments?post=12121"}],"wp:featuredmedia":[{"embeddable":true,"href":"https:\/\/skaitytaknyga.lt\/en\/wp-json\/wp\/v2\/media\/12122"}],"wp:attachment":[{"href":"https:\/\/skaitytaknyga.lt\/en\/wp-json\/wp\/v2\/media?parent=12121"}],"wp:term":[{"taxonomy":"product_brand","embeddable":true,"href":"https:\/\/skaitytaknyga.lt\/en\/wp-json\/wp\/v2\/product_brand?post=12121"},{"taxonomy":"product_cat","embeddable":true,"href":"https:\/\/skaitytaknyga.lt\/en\/wp-json\/wp\/v2\/product_cat?post=12121"},{"taxonomy":"product_tag","embeddable":true,"href":"https:\/\/skaitytaknyga.lt\/en\/wp-json\/wp\/v2\/product_tag?post=12121"}],"curies":[{"name":"wp","href":"https:\/\/api.w.org\/{rel}","templated":true}]}}