{"id":12095,"date":"2024-06-14T20:47:05","date_gmt":"2024-06-14T17:47:05","guid":{"rendered":"https:\/\/skaitytaknyga.lt\/?post_type=product&#038;p=12095"},"modified":"2026-01-11T19:54:34","modified_gmt":"2026-01-11T17:54:34","slug":"george-orwell-gyvuliu-ukis-1984","status":"publish","type":"product","link":"https:\/\/skaitytaknyga.lt\/en\/produktas\/george-orwell-gyvuliu-ukis-1984\/","title":{"rendered":"Gyvuli\u0173 \u016bkis. 1984-ieji"},"content":{"rendered":"<p>D\u017e. Orvelas (1903-1950) \u2013 \u017einomas laikra\u0161\u010di\u0173 bei \u017eurnal\u0173 politikos ir literat\u016bros ap\u017evalgininkas, korespondentas. \u201eGyvuli\u0173 \u016bkis\u201c \u2013 socialin\u0117 satyra, nukreipta prie\u0161 diktat\u016br\u0105. Joje vaizduojama viena nevykusi revoliucija \u2013 gyvuliai sukyla ir, i\u0161vij\u0119 \u0161eiminink\u0105, ima patys valdyti ferm\u0105.<\/p>\n<p>\u201e1984-ieji\u201c \u2013 politin\u0117s fantastikos k\u016brinys, jau pla\u010diau vaizduojantis totalitarinio re\u017eimo mechanizm\u0105. Veiksmas vyksta vienoje i\u0161 pasaulyje likusi\u0173 trij\u0173 valstybi\u0173, valdomoje partijos ir keturi\u0173 ministerij\u0173.<\/p>\n","protected":false},"excerpt":{"rendered":"<p>&#8220;Gyvuli\u0173 \u016bkis&#8221; &#8211; neabejotinai svarbiausias gro\u017ein\u0117s politin\u0117s satyros k\u016brinys, para\u0161ytas XX a. Britanijoje. \u0160ioje G. Orvelo knygoje pasitelkus gyvulin\u0117s pasak\u0117\u010dios tradicij\u0105, jungiamas satyrinis ir politinis \u012ft\u016b\u017eis su gyvybingu mitinio k\u016brinio am\u017einumu. Tai viena i\u0161 did\u017ei\u0173j\u0173 politini\u0173 alegorij\u0173, o jos pasakojama istorija yra apie tai, kaip socialin\u0117 revoliucija (vieno Anglijos \u016bkininko gyvuliai susimok\u0119 sukyla prie\u0161 savo \u0161eiminink\u0105, i\u0161veja j\u012f ir pradeda \u016bkyje kurti savaranki\u0161k\u0105 gyvenim\u0105) virto diktat\u016bra ir i\u0161davyste.<br \/>\n\u201e1984-ieji\u201c\u2014politin\u0117s fantastikos k\u016brinys, jau pla\u010diau vaizduojantis totalitarinio re\u017eimo mechanizm\u0105. Veiksmas vyksta vienoje i\u0161 pasaulyje likusi\u0173 trij\u0173 valstybi\u0173, valdomoje partijos ir keturi\u0173 ministerij\u0173.<\/p>\n","protected":false},"featured_media":12096,"comment_status":"closed","ping_status":"closed","template":"","meta":{"_acf_changed":false,"site-sidebar-layout":"default","site-content-layout":"","ast-site-content-layout":"default","site-content-style":"default","site-sidebar-style":"default","ast-global-header-display":"","ast-banner-title-visibility":"","ast-main-header-display":"","ast-hfb-above-header-display":"","ast-hfb-below-header-display":"","ast-hfb-mobile-header-display":"","site-post-title":"","ast-breadcrumbs-content":"","ast-featured-img":"","footer-sml-layout":"","ast-disable-related-posts":"","theme-transparent-header-meta":"","adv-header-id-meta":"","stick-header-meta":"","header-above-stick-meta":"","header-main-stick-meta":"","header-below-stick-meta":"","astra-migrate-meta-layouts":"default","ast-page-background-enabled":"default","ast-page-background-meta":{"desktop":{"background-color":"","background-image":"","background-repeat":"repeat","background-position":"center center","background-size":"auto","background-attachment":"scroll","background-type":"","background-media":"","overlay-type":"","overlay-color":"","overlay-opacity":"","overlay-gradient":""},"tablet":{"background-color":"","background-image":"","background-repeat":"repeat","background-position":"center center","background-size":"auto","background-attachment":"scroll","background-type":"","background-media":"","overlay-type":"","overlay-color":"","overlay-opacity":"","overlay-gradient":""},"mobile":{"background-color":"","background-image":"","background-repeat":"repeat","background-position":"center center","background-size":"auto","background-attachment":"scroll","background-type":"","background-media":"","overlay-type":"","overlay-color":"","overlay-opacity":"","overlay-gradient":""}},"ast-content-background-meta":{"desktop":{"background-color":"var(--ast-global-color-4)","background-image":"","background-repeat":"repeat","background-position":"center center","background-size":"auto","background-attachment":"scroll","background-type":"","background-media":"","overlay-type":"","overlay-color":"","overlay-opacity":"","overlay-gradient":""},"tablet":{"background-color":"var(--ast-global-color-4)","background-image":"","background-repeat":"repeat","background-position":"center center","background-size":"auto","background-attachment":"scroll","background-type":"","background-media":"","overlay-type":"","overlay-color":"","overlay-opacity":"","overlay-gradient":""},"mobile":{"background-color":"var(--ast-global-color-4)","background-image":"","background-repeat":"repeat","background-position":"center center","background-size":"auto","background-attachment":"scroll","background-type":"","background-media":"","overlay-type":"","overlay-color":"","overlay-opacity":"","overlay-gradient":""}}},"product_brand":[],"product_cat":[31,28],"product_tag":[1673,4130,1437,2395],"class_list":{"0":"post-12095","1":"product","2":"type-product","3":"status-publish","4":"has-post-thumbnail","6":"product_cat-grozine-literatura","7":"product_cat-klasika","8":"product_tag-distopija","9":"product_tag-george-orwell","10":"product_tag-klasika","11":"product_tag-politika","12":"desktop-align-left","13":"tablet-align-left","14":"mobile-align-left","16":"first","17":"outofstock","18":"shipping-taxable","19":"purchasable","20":"product-type-simple"},"acf":[],"yoast_head":"<!-- This site is optimized with the Yoast SEO plugin v27.0 - https:\/\/yoast.com\/product\/yoast-seo-wordpress\/ -->\n<title>Gyvuli\u0173 \u016bkis. 1984-ieji<\/title>\n<meta name=\"description\" content=\"&quot;Gyvuli\u0173 \u016bkis&quot; - neabejotinai svarbiausias gro\u017ein\u0117s politin\u0117s satyros k\u016brinys, para\u0161ytas XX a. Britanijoje. \u0160ioje G. Orvelo knygoje pasitelkus gyvulin\u0117s pasak\u0117\u010dios tradicij\u0105, jungiamas satyrinis ir politinis \u012ft\u016b\u017eis su gyvybingu mitinio k\u016brinio am\u017einumu. Tai viena i\u0161 did\u017ei\u0173j\u0173 politini\u0173 alegorij\u0173, o jos pasakojama istorija yra apie tai, kaip socialin\u0117 revoliucija (vieno Anglijos \u016bkininko gyvuliai susimok\u0119 sukyla prie\u0161 savo \u0161eiminink\u0105, i\u0161veja j\u012f ir pradeda \u016bkyje kurti savaranki\u0161k\u0105 gyvenim\u0105) virto diktat\u016bra ir i\u0161davyste. \u201e1984-ieji\u201c\u2014politin\u0117s fantastikos k\u016brinys, jau pla\u010diau vaizduojantis totalitarinio re\u017eimo mechanizm\u0105. Veiksmas vyksta vienoje i\u0161 pasaulyje likusi\u0173 trij\u0173 valstybi\u0173, valdomoje partijos ir keturi\u0173 ministerij\u0173.\" \/>\n<meta name=\"robots\" content=\"index, follow, max-snippet:-1, max-image-preview:large, max-video-preview:-1\" \/>\n<link rel=\"canonical\" href=\"https:\/\/skaitytaknyga.lt\/en\/produktas\/george-orwell-gyvuliu-ukis-1984\/\" \/>\n<meta property=\"og:locale\" content=\"en_GB\" \/>\n<meta property=\"og:locale:alternate\" content=\"lt_LT\" \/>\n<meta property=\"og:type\" content=\"article\" \/>\n<meta property=\"og:title\" content=\"Gyvuli\u0173 \u016bkis. 1984-ieji\" \/>\n<meta property=\"og:description\" content=\"&quot;Gyvuli\u0173 \u016bkis&quot; - neabejotinai svarbiausias gro\u017ein\u0117s politin\u0117s satyros k\u016brinys, para\u0161ytas XX a. Britanijoje. \u0160ioje G. Orvelo knygoje pasitelkus gyvulin\u0117s pasak\u0117\u010dios tradicij\u0105, jungiamas satyrinis ir politinis \u012ft\u016b\u017eis su gyvybingu mitinio k\u016brinio am\u017einumu. Tai viena i\u0161 did\u017ei\u0173j\u0173 politini\u0173 alegorij\u0173, o jos pasakojama istorija yra apie tai, kaip socialin\u0117 revoliucija (vieno Anglijos \u016bkininko gyvuliai susimok\u0119 sukyla prie\u0161 savo \u0161eiminink\u0105, i\u0161veja j\u012f ir pradeda \u016bkyje kurti savaranki\u0161k\u0105 gyvenim\u0105) virto diktat\u016bra ir i\u0161davyste. \u201e1984-ieji\u201c\u2014politin\u0117s fantastikos k\u016brinys, jau pla\u010diau vaizduojantis totalitarinio re\u017eimo mechanizm\u0105. Veiksmas vyksta vienoje i\u0161 pasaulyje likusi\u0173 trij\u0173 valstybi\u0173, valdomoje partijos ir keturi\u0173 ministerij\u0173.\" \/>\n<meta property=\"og:url\" content=\"https:\/\/skaitytaknyga.lt\/en\/produktas\/george-orwell-gyvuliu-ukis-1984\/\" \/>\n<meta property=\"og:site_name\" content=\"Skaitytaknyga\" \/>\n<meta property=\"article:publisher\" content=\"https:\/\/www.facebook.com\/skaitytaknyga\/\" \/>\n<meta property=\"article:modified_time\" content=\"2026-01-11T17:54:34+00:00\" \/>\n<meta property=\"og:image\" content=\"https:\/\/skaitytaknyga.lt\/wp-content\/uploads\/2024\/06\/gyvul-625x794_0-e1718387362511.jpg\" \/>\n\t<meta property=\"og:image:width\" content=\"467\" \/>\n\t<meta property=\"og:image:height\" content=\"734\" \/>\n\t<meta property=\"og:image:type\" content=\"image\/jpeg\" \/>\n<meta name=\"twitter:card\" content=\"summary_large_image\" \/>\n<script type=\"application\/ld+json\" class=\"yoast-schema-graph\">{\"@context\":\"https:\/\/schema.org\",\"@graph\":[{\"@type\":\"WebPage\",\"@id\":\"https:\/\/skaitytaknyga.lt\/produktas\/george-orwell-gyvuliu-ukis-1984\/\",\"url\":\"https:\/\/skaitytaknyga.lt\/produktas\/george-orwell-gyvuliu-ukis-1984\/\",\"name\":\"Gyvuli\u0173 \u016bkis. 1984-ieji\",\"isPartOf\":{\"@id\":\"https:\/\/skaitytaknyga.lt\/#website\"},\"primaryImageOfPage\":{\"@id\":\"https:\/\/skaitytaknyga.lt\/produktas\/george-orwell-gyvuliu-ukis-1984\/#primaryimage\"},\"image\":{\"@id\":\"https:\/\/skaitytaknyga.lt\/produktas\/george-orwell-gyvuliu-ukis-1984\/#primaryimage\"},\"thumbnailUrl\":\"https:\/\/skaitytaknyga.lt\/wp-content\/uploads\/2024\/06\/gyvul-625x794_0-e1718387362511.jpg\",\"datePublished\":\"2024-06-14T17:47:05+00:00\",\"dateModified\":\"2026-01-11T17:54:34+00:00\",\"description\":\"\\\"Gyvuli\u0173 \u016bkis\\\" - neabejotinai svarbiausias gro\u017ein\u0117s politin\u0117s satyros k\u016brinys, para\u0161ytas XX a. Britanijoje. \u0160ioje G. Orvelo knygoje pasitelkus gyvulin\u0117s pasak\u0117\u010dios tradicij\u0105, jungiamas satyrinis ir politinis \u012ft\u016b\u017eis su gyvybingu mitinio k\u016brinio am\u017einumu. Tai viena i\u0161 did\u017ei\u0173j\u0173 politini\u0173 alegorij\u0173, o jos pasakojama istorija yra apie tai, kaip socialin\u0117 revoliucija (vieno Anglijos \u016bkininko gyvuliai susimok\u0119 sukyla prie\u0161 savo \u0161eiminink\u0105, i\u0161veja j\u012f ir pradeda \u016bkyje kurti savaranki\u0161k\u0105 gyvenim\u0105) virto diktat\u016bra ir i\u0161davyste. \u201e1984-ieji\u201c\u2014politin\u0117s fantastikos k\u016brinys, jau pla\u010diau vaizduojantis totalitarinio re\u017eimo mechanizm\u0105. Veiksmas vyksta vienoje i\u0161 pasaulyje likusi\u0173 trij\u0173 valstybi\u0173, valdomoje partijos ir keturi\u0173 ministerij\u0173.\",\"breadcrumb\":{\"@id\":\"https:\/\/skaitytaknyga.lt\/produktas\/george-orwell-gyvuliu-ukis-1984\/#breadcrumb\"},\"inLanguage\":\"en-GB\",\"potentialAction\":[{\"@type\":\"ReadAction\",\"target\":[\"https:\/\/skaitytaknyga.lt\/produktas\/george-orwell-gyvuliu-ukis-1984\/\"]}]},{\"@type\":\"ImageObject\",\"inLanguage\":\"en-GB\",\"@id\":\"https:\/\/skaitytaknyga.lt\/produktas\/george-orwell-gyvuliu-ukis-1984\/#primaryimage\",\"url\":\"https:\/\/skaitytaknyga.lt\/wp-content\/uploads\/2024\/06\/gyvul-625x794_0-e1718387362511.jpg\",\"contentUrl\":\"https:\/\/skaitytaknyga.lt\/wp-content\/uploads\/2024\/06\/gyvul-625x794_0-e1718387362511.jpg\",\"width\":467,\"height\":734,\"caption\":\"Gyvuli\u0173 \u016bkis. 1984-ieji\"},{\"@type\":\"BreadcrumbList\",\"@id\":\"https:\/\/skaitytaknyga.lt\/produktas\/george-orwell-gyvuliu-ukis-1984\/#breadcrumb\",\"itemListElement\":[{\"@type\":\"ListItem\",\"position\":1,\"name\":\"Home\",\"item\":\"https:\/\/skaitytaknyga.lt\/\"},{\"@type\":\"ListItem\",\"position\":2,\"name\":\"Parduotuv\u0117\",\"item\":\"https:\/\/skaitytaknyga.lt\/knygu-parduotuve\/\"},{\"@type\":\"ListItem\",\"position\":3,\"name\":\"Gyvuli\u0173 \u016bkis. 1984-ieji\"}]},{\"@type\":\"WebSite\",\"@id\":\"https:\/\/skaitytaknyga.lt\/#website\",\"url\":\"https:\/\/skaitytaknyga.lt\/\",\"name\":\"skaitytaknyga.lt\",\"description\":\"Skaitytaknyga.lt \u2013 tai ma\u017eas \u0161eimos verslas, kuris prasid\u0117jo nuo meil\u0117s knygoms ir siekio i\u0161gelb\u0117ti knygas nuo likimo prie konteinerio. Kas vienam nereikalingas daiktas \u2013 kitam lobis, o mes esame tarpininkai, kurie padeda abiems tapti laimingesniems ???? \u017dinome kaip nelengva i\u0161gyventi ma\u017eiems verslams, tad nuo \u0161iol, \u010dia rasite ir kit\u0173, ma\u017e\u0173 \u0161eim\u0173 versl\u0173, rank\u0173 darbo, dovan\u0173 sau ir artimiesiems.\",\"publisher\":{\"@id\":\"https:\/\/skaitytaknyga.lt\/#organization\"},\"potentialAction\":[{\"@type\":\"SearchAction\",\"target\":{\"@type\":\"EntryPoint\",\"urlTemplate\":\"https:\/\/skaitytaknyga.lt\/?s={search_term_string}\"},\"query-input\":{\"@type\":\"PropertyValueSpecification\",\"valueRequired\":true,\"valueName\":\"search_term_string\"}}],\"inLanguage\":\"en-GB\"},{\"@type\":\"Organization\",\"@id\":\"https:\/\/skaitytaknyga.lt\/#organization\",\"name\":\"skaitytaknyga.lt\",\"url\":\"https:\/\/skaitytaknyga.lt\/\",\"logo\":{\"@type\":\"ImageObject\",\"inLanguage\":\"en-GB\",\"@id\":\"https:\/\/skaitytaknyga.lt\/#\/schema\/logo\/image\/\",\"url\":\"https:\/\/skaitytaknyga.lt\/wp-content\/uploads\/2024\/05\/cropped-cropped-cropped-02_00843_jt3bggkj1j3HLc7SyY6rEUpg.jpeg\",\"contentUrl\":\"https:\/\/skaitytaknyga.lt\/wp-content\/uploads\/2024\/05\/cropped-cropped-cropped-02_00843_jt3bggkj1j3HLc7SyY6rEUpg.jpeg\",\"width\":1600,\"height\":1600,\"caption\":\"skaitytaknyga.lt\"},\"image\":{\"@id\":\"https:\/\/skaitytaknyga.lt\/#\/schema\/logo\/image\/\"},\"sameAs\":[\"https:\/\/www.facebook.com\/skaitytaknyga\/\"]}]}<\/script>\n<!-- \/ Yoast SEO plugin. -->","yoast_head_json":{"title":"Gyvuli\u0173 \u016bkis. 1984-ieji","description":"\"Gyvuli\u0173 \u016bkis\" - neabejotinai svarbiausias gro\u017ein\u0117s politin\u0117s satyros k\u016brinys, para\u0161ytas XX a. Britanijoje. \u0160ioje G. Orvelo knygoje pasitelkus gyvulin\u0117s pasak\u0117\u010dios tradicij\u0105, jungiamas satyrinis ir politinis \u012ft\u016b\u017eis su gyvybingu mitinio k\u016brinio am\u017einumu. Tai viena i\u0161 did\u017ei\u0173j\u0173 politini\u0173 alegorij\u0173, o jos pasakojama istorija yra apie tai, kaip socialin\u0117 revoliucija (vieno Anglijos \u016bkininko gyvuliai susimok\u0119 sukyla prie\u0161 savo \u0161eiminink\u0105, i\u0161veja j\u012f ir pradeda \u016bkyje kurti savaranki\u0161k\u0105 gyvenim\u0105) virto diktat\u016bra ir i\u0161davyste. \u201e1984-ieji\u201c\u2014politin\u0117s fantastikos k\u016brinys, jau pla\u010diau vaizduojantis totalitarinio re\u017eimo mechanizm\u0105. Veiksmas vyksta vienoje i\u0161 pasaulyje likusi\u0173 trij\u0173 valstybi\u0173, valdomoje partijos ir keturi\u0173 ministerij\u0173.","robots":{"index":"index","follow":"follow","max-snippet":"max-snippet:-1","max-image-preview":"max-image-preview:large","max-video-preview":"max-video-preview:-1"},"canonical":"https:\/\/skaitytaknyga.lt\/en\/produktas\/george-orwell-gyvuliu-ukis-1984\/","og_locale":"en_GB","og_type":"article","og_title":"[:lt]Gyvuli\u0173 \u016bkis. 1984-ieji[:] - Skaitytaknyga","og_description":"\"Gyvuli\u0173 \u016bkis\" - neabejotinai svarbiausias gro\u017ein\u0117s politin\u0117s satyros k\u016brinys, para\u0161ytas XX a. Britanijoje. \u0160ioje G. Orvelo knygoje pasitelkus gyvulin\u0117s pasak\u0117\u010dios tradicij\u0105, jungiamas satyrinis ir politinis \u012ft\u016b\u017eis su gyvybingu mitinio k\u016brinio am\u017einumu. Tai viena i\u0161 did\u017ei\u0173j\u0173 politini\u0173 alegorij\u0173, o jos pasakojama istorija yra apie tai, kaip socialin\u0117 revoliucija (vieno Anglijos \u016bkininko gyvuliai susimok\u0119 sukyla prie\u0161 savo \u0161eiminink\u0105, i\u0161veja j\u012f ir pradeda \u016bkyje kurti savaranki\u0161k\u0105 gyvenim\u0105) virto diktat\u016bra ir i\u0161davyste. \u201e1984-ieji\u201c\u2014politin\u0117s fantastikos k\u016brinys, jau pla\u010diau vaizduojantis totalitarinio re\u017eimo mechanizm\u0105. Veiksmas vyksta vienoje i\u0161 pasaulyje likusi\u0173 trij\u0173 valstybi\u0173, valdomoje partijos ir keturi\u0173 ministerij\u0173.","og_url":"https:\/\/skaitytaknyga.lt\/en\/produktas\/george-orwell-gyvuliu-ukis-1984\/","og_site_name":"Skaitytaknyga","article_publisher":"https:\/\/www.facebook.com\/skaitytaknyga\/","article_modified_time":"2026-01-11T17:54:34+00:00","og_image":[{"width":467,"height":734,"url":"https:\/\/skaitytaknyga.lt\/wp-content\/uploads\/2024\/06\/gyvul-625x794_0-e1718387362511.jpg","type":"image\/jpeg"}],"twitter_card":"summary_large_image","schema":{"@context":"https:\/\/schema.org","@graph":[{"@type":"WebPage","@id":"https:\/\/skaitytaknyga.lt\/produktas\/george-orwell-gyvuliu-ukis-1984\/","url":"https:\/\/skaitytaknyga.lt\/produktas\/george-orwell-gyvuliu-ukis-1984\/","name":"Gyvuli\u0173 \u016bkis. 1984-ieji","isPartOf":{"@id":"https:\/\/skaitytaknyga.lt\/#website"},"primaryImageOfPage":{"@id":"https:\/\/skaitytaknyga.lt\/produktas\/george-orwell-gyvuliu-ukis-1984\/#primaryimage"},"image":{"@id":"https:\/\/skaitytaknyga.lt\/produktas\/george-orwell-gyvuliu-ukis-1984\/#primaryimage"},"thumbnailUrl":"https:\/\/skaitytaknyga.lt\/wp-content\/uploads\/2024\/06\/gyvul-625x794_0-e1718387362511.jpg","datePublished":"2024-06-14T17:47:05+00:00","dateModified":"2026-01-11T17:54:34+00:00","description":"\"Gyvuli\u0173 \u016bkis\" - neabejotinai svarbiausias gro\u017ein\u0117s politin\u0117s satyros k\u016brinys, para\u0161ytas XX a. Britanijoje. \u0160ioje G. Orvelo knygoje pasitelkus gyvulin\u0117s pasak\u0117\u010dios tradicij\u0105, jungiamas satyrinis ir politinis \u012ft\u016b\u017eis su gyvybingu mitinio k\u016brinio am\u017einumu. Tai viena i\u0161 did\u017ei\u0173j\u0173 politini\u0173 alegorij\u0173, o jos pasakojama istorija yra apie tai, kaip socialin\u0117 revoliucija (vieno Anglijos \u016bkininko gyvuliai susimok\u0119 sukyla prie\u0161 savo \u0161eiminink\u0105, i\u0161veja j\u012f ir pradeda \u016bkyje kurti savaranki\u0161k\u0105 gyvenim\u0105) virto diktat\u016bra ir i\u0161davyste. \u201e1984-ieji\u201c\u2014politin\u0117s fantastikos k\u016brinys, jau pla\u010diau vaizduojantis totalitarinio re\u017eimo mechanizm\u0105. Veiksmas vyksta vienoje i\u0161 pasaulyje likusi\u0173 trij\u0173 valstybi\u0173, valdomoje partijos ir keturi\u0173 ministerij\u0173.","breadcrumb":{"@id":"https:\/\/skaitytaknyga.lt\/produktas\/george-orwell-gyvuliu-ukis-1984\/#breadcrumb"},"inLanguage":"en-GB","potentialAction":[{"@type":"ReadAction","target":["https:\/\/skaitytaknyga.lt\/produktas\/george-orwell-gyvuliu-ukis-1984\/"]}]},{"@type":"ImageObject","inLanguage":"en-GB","@id":"https:\/\/skaitytaknyga.lt\/produktas\/george-orwell-gyvuliu-ukis-1984\/#primaryimage","url":"https:\/\/skaitytaknyga.lt\/wp-content\/uploads\/2024\/06\/gyvul-625x794_0-e1718387362511.jpg","contentUrl":"https:\/\/skaitytaknyga.lt\/wp-content\/uploads\/2024\/06\/gyvul-625x794_0-e1718387362511.jpg","width":467,"height":734,"caption":"Gyvuli\u0173 \u016bkis. 1984-ieji"},{"@type":"BreadcrumbList","@id":"https:\/\/skaitytaknyga.lt\/produktas\/george-orwell-gyvuliu-ukis-1984\/#breadcrumb","itemListElement":[{"@type":"ListItem","position":1,"name":"Home","item":"https:\/\/skaitytaknyga.lt\/"},{"@type":"ListItem","position":2,"name":"Parduotuv\u0117","item":"https:\/\/skaitytaknyga.lt\/knygu-parduotuve\/"},{"@type":"ListItem","position":3,"name":"Gyvuli\u0173 \u016bkis. 1984-ieji"}]},{"@type":"WebSite","@id":"https:\/\/skaitytaknyga.lt\/#website","url":"https:\/\/skaitytaknyga.lt\/","name":"skaitytaknyga.lt","description":"Skaitytaknyga.lt \u2013 tai ma\u017eas \u0161eimos verslas, kuris prasid\u0117jo nuo meil\u0117s knygoms ir siekio i\u0161gelb\u0117ti knygas nuo likimo prie konteinerio. Kas vienam nereikalingas daiktas \u2013 kitam lobis, o mes esame tarpininkai, kurie padeda abiems tapti laimingesniems ???? \u017dinome kaip nelengva i\u0161gyventi ma\u017eiems verslams, tad nuo \u0161iol, \u010dia rasite ir kit\u0173, ma\u017e\u0173 \u0161eim\u0173 versl\u0173, rank\u0173 darbo, dovan\u0173 sau ir artimiesiems.","publisher":{"@id":"https:\/\/skaitytaknyga.lt\/#organization"},"potentialAction":[{"@type":"SearchAction","target":{"@type":"EntryPoint","urlTemplate":"https:\/\/skaitytaknyga.lt\/?s={search_term_string}"},"query-input":{"@type":"PropertyValueSpecification","valueRequired":true,"valueName":"search_term_string"}}],"inLanguage":"en-GB"},{"@type":"Organization","@id":"https:\/\/skaitytaknyga.lt\/#organization","name":"skaitytaknyga.lt","url":"https:\/\/skaitytaknyga.lt\/","logo":{"@type":"ImageObject","inLanguage":"en-GB","@id":"https:\/\/skaitytaknyga.lt\/#\/schema\/logo\/image\/","url":"https:\/\/skaitytaknyga.lt\/wp-content\/uploads\/2024\/05\/cropped-cropped-cropped-02_00843_jt3bggkj1j3HLc7SyY6rEUpg.jpeg","contentUrl":"https:\/\/skaitytaknyga.lt\/wp-content\/uploads\/2024\/05\/cropped-cropped-cropped-02_00843_jt3bggkj1j3HLc7SyY6rEUpg.jpeg","width":1600,"height":1600,"caption":"skaitytaknyga.lt"},"image":{"@id":"https:\/\/skaitytaknyga.lt\/#\/schema\/logo\/image\/"},"sameAs":["https:\/\/www.facebook.com\/skaitytaknyga\/"]}]}},"_links":{"self":[{"href":"https:\/\/skaitytaknyga.lt\/en\/wp-json\/wp\/v2\/product\/12095","targetHints":{"allow":["GET"]}}],"collection":[{"href":"https:\/\/skaitytaknyga.lt\/en\/wp-json\/wp\/v2\/product"}],"about":[{"href":"https:\/\/skaitytaknyga.lt\/en\/wp-json\/wp\/v2\/types\/product"}],"replies":[{"embeddable":true,"href":"https:\/\/skaitytaknyga.lt\/en\/wp-json\/wp\/v2\/comments?post=12095"}],"wp:featuredmedia":[{"embeddable":true,"href":"https:\/\/skaitytaknyga.lt\/en\/wp-json\/wp\/v2\/media\/12096"}],"wp:attachment":[{"href":"https:\/\/skaitytaknyga.lt\/en\/wp-json\/wp\/v2\/media?parent=12095"}],"wp:term":[{"taxonomy":"product_brand","embeddable":true,"href":"https:\/\/skaitytaknyga.lt\/en\/wp-json\/wp\/v2\/product_brand?post=12095"},{"taxonomy":"product_cat","embeddable":true,"href":"https:\/\/skaitytaknyga.lt\/en\/wp-json\/wp\/v2\/product_cat?post=12095"},{"taxonomy":"product_tag","embeddable":true,"href":"https:\/\/skaitytaknyga.lt\/en\/wp-json\/wp\/v2\/product_tag?post=12095"}],"curies":[{"name":"wp","href":"https:\/\/api.w.org\/{rel}","templated":true}]}}