{"id":12093,"date":"2025-06-28T17:42:43","date_gmt":"2025-06-28T14:42:43","guid":{"rendered":"https:\/\/skaitytaknyga.lt\/?post_type=product&#038;p=12093"},"modified":"2025-07-16T11:09:44","modified_gmt":"2025-07-16T08:09:44","slug":"gunter-gras-skardinis-bugnelis","status":"publish","type":"product","link":"https:\/\/skaitytaknyga.lt\/en\/produktas\/gunter-gras-skardinis-bugnelis\/","title":{"rendered":"Skardinis b\u016bgnelis"},"content":{"rendered":"<p>\u201eSkardinis b\u016bgnelis\u201c \u2013 vienas svarbiausi\u0173 XX a. roman\u0173.<\/p>\n<p>1924 m. laisvajame Dancige gim\u0117 stebuklingas vaikas. Pra\u0117jus vos kelioms minut\u0117ms po gimimo jis \u0117m\u0117 suprasti suaugusi\u0173j\u0173 \u017eod\u017eius. Bet sulauk\u0119s trej\u0173 nusprend\u0117 nebeaugti, nors protu pranoko bet kur\u012f suaugus\u012fj\u012f. Per savo ne\u012ftik\u0117tin\u0105 gyvenim\u0105 Oskariukas \u012fvykd\u0117 daug kraupi\u0173 nusikaltim\u0173 bei nuostabiausi\u0173 stebukl\u0173, kos\u0117jo ba\u017eny\u010diose ir steb\u0117jo skruzd\u0117les, rado Vakarus ir prarado Rytus. Ir vis nesiliov\u0117 mu\u0161\u0119s b\u016bgno. Jis niekada nieko nesigail\u0117jo, u\u017etat u\u017edainav\u0119s mok\u0117jo sutrupinti langus ir gesinti \u017eibintus. Suimtas, nuteistas, i\u0161teisintas, jis ir \u0161v\u0119sdamas savo trisde\u0161imt\u0105j\u012f gimtadien\u012f tebebijojo baubo \u2013 amen.<\/p>\n<p>\u201eSkardinis b\u016bgnelis&#8221;, prad\u0117j\u0119s garsi\u0105j\u0105 \u201eDancigo trilogij\u0105&#8221;, iki \u0161iol pasaulio literat\u016broje \u0161okiruoja ir skaitytojus, ir kritikus. Tai ne knyga apie XX am\u017ei\u0173, o pats XX am\u017eius \u2013 epocha, kai \u017emogus kilo auk\u0161\u010diau, nei gal\u0117jo pasvajoti, ir krito \u012f nei\u0161matuojamas gilumas. Kai kas \u0161i\u0105 knyg\u0105 vadino Diev\u0105 niekinan\u010dia pornografija, kai kas \u2013 neprilygstamu \u0161edevru, savo laiku ji buvo netgi u\u017edrausta nuo Ryt\u0173 bloko iki Iberijos pusiasalio. Kad ir kaip b\u016bt\u0173, ai\u0161ku viena \u2013 norint suprasti XX \u0161imtmet\u012f, \u0161i\u0105 knyg\u0105 perskaityti b\u016btina.<\/p>\n<p>G\u00fcnteris Grassas (1927\u20132015) \u2013 vienas did\u017eiausi\u0173 Vokietijos talent\u0173, prozininkas, dramaturgas, poetas. 1999-aisiais u\u017e \u201egyv\u0105 u\u017emir\u0161to istorijos veido vaizdavim\u0105&#8221; buvo apdovanotas Nobelio literat\u016bros premija.<\/p>\n","protected":false},"excerpt":{"rendered":"<p>\u201eSkardinis b\u016bgnelis\u201c\u00a0\u2013 \u201eDancigo trilogijos\u201c, labiausiai pagars\u0117jusi G. Graso k\u016brinio, pirmoji dalis. Drasti\u0161kai, groteski\u0161kai vaizduojama 1924-1954 met\u0173 Vokietija.<\/p>\n<p>\u201eSkardiniame b\u016bgnelyje\u201c pro skaitytojo akis praslenka \u012fvairiausi \u017emon\u0117s, \u012fvykiai, \u0161eim\u0173 gyvenimas. Nors knyga stora, skaityti nepabosta, autorius nuobod\u017eiauti neleid\u017eia.<\/p>\n","protected":false},"featured_media":12094,"comment_status":"closed","ping_status":"closed","template":"","meta":{"_acf_changed":false,"site-sidebar-layout":"default","site-content-layout":"","ast-site-content-layout":"default","site-content-style":"default","site-sidebar-style":"default","ast-global-header-display":"","ast-banner-title-visibility":"","ast-main-header-display":"","ast-hfb-above-header-display":"","ast-hfb-below-header-display":"","ast-hfb-mobile-header-display":"","site-post-title":"","ast-breadcrumbs-content":"","ast-featured-img":"","footer-sml-layout":"","ast-disable-related-posts":"","theme-transparent-header-meta":"default","adv-header-id-meta":"","stick-header-meta":"","header-above-stick-meta":"","header-main-stick-meta":"","header-below-stick-meta":"","astra-migrate-meta-layouts":"set","ast-page-background-enabled":"default","ast-page-background-meta":{"desktop":{"background-color":"","background-image":"","background-repeat":"repeat","background-position":"center center","background-size":"auto","background-attachment":"scroll","background-type":"","background-media":"","overlay-type":"","overlay-color":"","overlay-opacity":"","overlay-gradient":""},"tablet":{"background-color":"","background-image":"","background-repeat":"repeat","background-position":"center center","background-size":"auto","background-attachment":"scroll","background-type":"","background-media":"","overlay-type":"","overlay-color":"","overlay-opacity":"","overlay-gradient":""},"mobile":{"background-color":"","background-image":"","background-repeat":"repeat","background-position":"center center","background-size":"auto","background-attachment":"scroll","background-type":"","background-media":"","overlay-type":"","overlay-color":"","overlay-opacity":"","overlay-gradient":""}},"ast-content-background-meta":{"desktop":{"background-color":"var(--ast-global-color-4)","background-image":"","background-repeat":"repeat","background-position":"center center","background-size":"auto","background-attachment":"scroll","background-type":"","background-media":"","overlay-type":"","overlay-color":"","overlay-opacity":"","overlay-gradient":""},"tablet":{"background-color":"var(--ast-global-color-4)","background-image":"","background-repeat":"repeat","background-position":"center center","background-size":"auto","background-attachment":"scroll","background-type":"","background-media":"","overlay-type":"","overlay-color":"","overlay-opacity":"","overlay-gradient":""},"mobile":{"background-color":"var(--ast-global-color-4)","background-image":"","background-repeat":"repeat","background-position":"center center","background-size":"auto","background-attachment":"scroll","background-type":"","background-media":"","overlay-type":"","overlay-color":"","overlay-opacity":"","overlay-gradient":""}}},"product_brand":[],"product_cat":[31,28],"product_tag":[4783,4782,4784,2857,1710],"class_list":{"0":"post-12093","1":"product","2":"type-product","3":"status-publish","4":"has-post-thumbnail","6":"product_cat-grozine-literatura","7":"product_cat-klasika","8":"product_tag-alegorija","9":"product_tag-antrojo-pasaulinio-karo-padariniai","10":"product_tag-gunter-gras","11":"product_tag-nobelio-premija","12":"product_tag-vokieciu-literatura","13":"desktop-align-left","14":"tablet-align-left","15":"mobile-align-left","17":"first","18":"outofstock","19":"shipping-taxable","20":"purchasable","21":"product-type-simple"},"acf":[],"yoast_head":"<!-- This site is optimized with the Yoast SEO plugin v27.0 - https:\/\/yoast.com\/product\/yoast-seo-wordpress\/ -->\n<title>Skardinis b\u016bgnelis<\/title>\n<meta name=\"description\" content=\"\u201eSkardinis b\u016bgnelis\u201c\u00a0\u2013 \u201eDancigo trilogijos\u201c, labiausiai pagars\u0117jusi G. Graso k\u016brinio, pirmoji dalis. Drasti\u0161kai, groteski\u0161kai vaizduojama 1924-1954 met\u0173 Vokietija.  \u201eSkardiniame b\u016bgnelyje\u201c pro skaitytojo akis praslenka \u012fvairiausi \u017emon\u0117s, \u012fvykiai, \u0161eim\u0173 gyvenimas. Nors knyga stora, skaityti nepabosta, autorius nuobod\u017eiauti neleid\u017eia.\" \/>\n<meta name=\"robots\" content=\"index, follow, max-snippet:-1, max-image-preview:large, max-video-preview:-1\" \/>\n<link rel=\"canonical\" href=\"https:\/\/skaitytaknyga.lt\/en\/produktas\/gunter-gras-skardinis-bugnelis\/\" \/>\n<meta property=\"og:locale\" content=\"en_GB\" \/>\n<meta property=\"og:locale:alternate\" content=\"lt_LT\" \/>\n<meta property=\"og:type\" content=\"article\" \/>\n<meta property=\"og:title\" content=\"Skardinis b\u016bgnelis\" \/>\n<meta property=\"og:description\" content=\"\u201eSkardinis b\u016bgnelis\u201c\u00a0\u2013 \u201eDancigo trilogijos\u201c, labiausiai pagars\u0117jusi G. Graso k\u016brinio, pirmoji dalis. Drasti\u0161kai, groteski\u0161kai vaizduojama 1924-1954 met\u0173 Vokietija.  \u201eSkardiniame b\u016bgnelyje\u201c pro skaitytojo akis praslenka \u012fvairiausi \u017emon\u0117s, \u012fvykiai, \u0161eim\u0173 gyvenimas. Nors knyga stora, skaityti nepabosta, autorius nuobod\u017eiauti neleid\u017eia.\" \/>\n<meta property=\"og:url\" content=\"https:\/\/skaitytaknyga.lt\/en\/produktas\/gunter-gras-skardinis-bugnelis\/\" \/>\n<meta property=\"og:site_name\" content=\"Skaitytaknyga\" \/>\n<meta property=\"article:publisher\" content=\"https:\/\/www.facebook.com\/skaitytaknyga\/\" \/>\n<meta property=\"article:modified_time\" content=\"2025-07-16T08:09:44+00:00\" \/>\n<meta property=\"og:image\" content=\"https:\/\/skaitytaknyga.lt\/wp-content\/uploads\/2024\/06\/skardinis-bugnelis-gunter-gras-e1718387035252.jpg\" \/>\n\t<meta property=\"og:image:width\" content=\"298\" \/>\n\t<meta property=\"og:image:height\" content=\"410\" \/>\n\t<meta property=\"og:image:type\" content=\"image\/jpeg\" \/>\n<meta name=\"twitter:card\" content=\"summary_large_image\" \/>\n<meta name=\"twitter:label1\" content=\"Estimated reading time\" \/>\n\t<meta name=\"twitter:data1\" content=\"1 minute\" \/>\n<script type=\"application\/ld+json\" class=\"yoast-schema-graph\">{\"@context\":\"https:\/\/schema.org\",\"@graph\":[{\"@type\":\"WebPage\",\"@id\":\"https:\/\/skaitytaknyga.lt\/produktas\/gunter-gras-skardinis-bugnelis\/\",\"url\":\"https:\/\/skaitytaknyga.lt\/produktas\/gunter-gras-skardinis-bugnelis\/\",\"name\":\"Skardinis b\u016bgnelis\",\"isPartOf\":{\"@id\":\"https:\/\/skaitytaknyga.lt\/#website\"},\"primaryImageOfPage\":{\"@id\":\"https:\/\/skaitytaknyga.lt\/produktas\/gunter-gras-skardinis-bugnelis\/#primaryimage\"},\"image\":{\"@id\":\"https:\/\/skaitytaknyga.lt\/produktas\/gunter-gras-skardinis-bugnelis\/#primaryimage\"},\"thumbnailUrl\":\"https:\/\/skaitytaknyga.lt\/wp-content\/uploads\/2024\/06\/skardinis-bugnelis-gunter-gras-e1718387035252.jpg\",\"datePublished\":\"2025-06-28T14:42:43+00:00\",\"dateModified\":\"2025-07-16T08:09:44+00:00\",\"description\":\"\u201eSkardinis b\u016bgnelis\u201c\u00a0\u2013 \u201eDancigo trilogijos\u201c, labiausiai pagars\u0117jusi G. Graso k\u016brinio, pirmoji dalis. Drasti\u0161kai, groteski\u0161kai vaizduojama 1924-1954 met\u0173 Vokietija. \u201eSkardiniame b\u016bgnelyje\u201c pro skaitytojo akis praslenka \u012fvairiausi \u017emon\u0117s, \u012fvykiai, \u0161eim\u0173 gyvenimas. Nors knyga stora, skaityti nepabosta, autorius nuobod\u017eiauti neleid\u017eia.\",\"breadcrumb\":{\"@id\":\"https:\/\/skaitytaknyga.lt\/produktas\/gunter-gras-skardinis-bugnelis\/#breadcrumb\"},\"inLanguage\":\"en-GB\",\"potentialAction\":[{\"@type\":\"ReadAction\",\"target\":[\"https:\/\/skaitytaknyga.lt\/produktas\/gunter-gras-skardinis-bugnelis\/\"]}]},{\"@type\":\"ImageObject\",\"inLanguage\":\"en-GB\",\"@id\":\"https:\/\/skaitytaknyga.lt\/produktas\/gunter-gras-skardinis-bugnelis\/#primaryimage\",\"url\":\"https:\/\/skaitytaknyga.lt\/wp-content\/uploads\/2024\/06\/skardinis-bugnelis-gunter-gras-e1718387035252.jpg\",\"contentUrl\":\"https:\/\/skaitytaknyga.lt\/wp-content\/uploads\/2024\/06\/skardinis-bugnelis-gunter-gras-e1718387035252.jpg\",\"width\":298,\"height\":410,\"caption\":\"Gunter Gras \u201eSkardinis b\u016bgnelis\u201c\"},{\"@type\":\"BreadcrumbList\",\"@id\":\"https:\/\/skaitytaknyga.lt\/produktas\/gunter-gras-skardinis-bugnelis\/#breadcrumb\",\"itemListElement\":[{\"@type\":\"ListItem\",\"position\":1,\"name\":\"Home\",\"item\":\"https:\/\/skaitytaknyga.lt\/\"},{\"@type\":\"ListItem\",\"position\":2,\"name\":\"Parduotuv\u0117\",\"item\":\"https:\/\/skaitytaknyga.lt\/knygu-parduotuve\/\"},{\"@type\":\"ListItem\",\"position\":3,\"name\":\"Skardinis b\u016bgnelis\"}]},{\"@type\":\"WebSite\",\"@id\":\"https:\/\/skaitytaknyga.lt\/#website\",\"url\":\"https:\/\/skaitytaknyga.lt\/\",\"name\":\"skaitytaknyga.lt\",\"description\":\"Skaitytaknyga.lt \u2013 tai ma\u017eas \u0161eimos verslas, kuris prasid\u0117jo nuo meil\u0117s knygoms ir siekio i\u0161gelb\u0117ti knygas nuo likimo prie konteinerio. Kas vienam nereikalingas daiktas \u2013 kitam lobis, o mes esame tarpininkai, kurie padeda abiems tapti laimingesniems ???? \u017dinome kaip nelengva i\u0161gyventi ma\u017eiems verslams, tad nuo \u0161iol, \u010dia rasite ir kit\u0173, ma\u017e\u0173 \u0161eim\u0173 versl\u0173, rank\u0173 darbo, dovan\u0173 sau ir artimiesiems.\",\"publisher\":{\"@id\":\"https:\/\/skaitytaknyga.lt\/#organization\"},\"potentialAction\":[{\"@type\":\"SearchAction\",\"target\":{\"@type\":\"EntryPoint\",\"urlTemplate\":\"https:\/\/skaitytaknyga.lt\/?s={search_term_string}\"},\"query-input\":{\"@type\":\"PropertyValueSpecification\",\"valueRequired\":true,\"valueName\":\"search_term_string\"}}],\"inLanguage\":\"en-GB\"},{\"@type\":\"Organization\",\"@id\":\"https:\/\/skaitytaknyga.lt\/#organization\",\"name\":\"skaitytaknyga.lt\",\"url\":\"https:\/\/skaitytaknyga.lt\/\",\"logo\":{\"@type\":\"ImageObject\",\"inLanguage\":\"en-GB\",\"@id\":\"https:\/\/skaitytaknyga.lt\/#\/schema\/logo\/image\/\",\"url\":\"https:\/\/skaitytaknyga.lt\/wp-content\/uploads\/2024\/05\/cropped-cropped-cropped-02_00843_jt3bggkj1j3HLc7SyY6rEUpg.jpeg\",\"contentUrl\":\"https:\/\/skaitytaknyga.lt\/wp-content\/uploads\/2024\/05\/cropped-cropped-cropped-02_00843_jt3bggkj1j3HLc7SyY6rEUpg.jpeg\",\"width\":1600,\"height\":1600,\"caption\":\"skaitytaknyga.lt\"},\"image\":{\"@id\":\"https:\/\/skaitytaknyga.lt\/#\/schema\/logo\/image\/\"},\"sameAs\":[\"https:\/\/www.facebook.com\/skaitytaknyga\/\"]}]}<\/script>\n<!-- \/ Yoast SEO plugin. -->","yoast_head_json":{"title":"Skardinis b\u016bgnelis","description":"\u201eSkardinis b\u016bgnelis\u201c\u00a0\u2013 \u201eDancigo trilogijos\u201c, labiausiai pagars\u0117jusi G. Graso k\u016brinio, pirmoji dalis. Drasti\u0161kai, groteski\u0161kai vaizduojama 1924-1954 met\u0173 Vokietija.  \u201eSkardiniame b\u016bgnelyje\u201c pro skaitytojo akis praslenka \u012fvairiausi \u017emon\u0117s, \u012fvykiai, \u0161eim\u0173 gyvenimas. Nors knyga stora, skaityti nepabosta, autorius nuobod\u017eiauti neleid\u017eia.","robots":{"index":"index","follow":"follow","max-snippet":"max-snippet:-1","max-image-preview":"max-image-preview:large","max-video-preview":"max-video-preview:-1"},"canonical":"https:\/\/skaitytaknyga.lt\/en\/produktas\/gunter-gras-skardinis-bugnelis\/","og_locale":"en_GB","og_type":"article","og_title":"[:lt]Skardinis b\u016bgnelis[:] - Skaitytaknyga","og_description":"\u201eSkardinis b\u016bgnelis\u201c\u00a0\u2013 \u201eDancigo trilogijos\u201c, labiausiai pagars\u0117jusi G. Graso k\u016brinio, pirmoji dalis. Drasti\u0161kai, groteski\u0161kai vaizduojama 1924-1954 met\u0173 Vokietija.  \u201eSkardiniame b\u016bgnelyje\u201c pro skaitytojo akis praslenka \u012fvairiausi \u017emon\u0117s, \u012fvykiai, \u0161eim\u0173 gyvenimas. Nors knyga stora, skaityti nepabosta, autorius nuobod\u017eiauti neleid\u017eia.","og_url":"https:\/\/skaitytaknyga.lt\/en\/produktas\/gunter-gras-skardinis-bugnelis\/","og_site_name":"Skaitytaknyga","article_publisher":"https:\/\/www.facebook.com\/skaitytaknyga\/","article_modified_time":"2025-07-16T08:09:44+00:00","og_image":[{"width":298,"height":410,"url":"https:\/\/skaitytaknyga.lt\/wp-content\/uploads\/2024\/06\/skardinis-bugnelis-gunter-gras-e1718387035252.jpg","type":"image\/jpeg"}],"twitter_card":"summary_large_image","twitter_misc":{"Estimated reading time":"1 minute"},"schema":{"@context":"https:\/\/schema.org","@graph":[{"@type":"WebPage","@id":"https:\/\/skaitytaknyga.lt\/produktas\/gunter-gras-skardinis-bugnelis\/","url":"https:\/\/skaitytaknyga.lt\/produktas\/gunter-gras-skardinis-bugnelis\/","name":"Skardinis b\u016bgnelis","isPartOf":{"@id":"https:\/\/skaitytaknyga.lt\/#website"},"primaryImageOfPage":{"@id":"https:\/\/skaitytaknyga.lt\/produktas\/gunter-gras-skardinis-bugnelis\/#primaryimage"},"image":{"@id":"https:\/\/skaitytaknyga.lt\/produktas\/gunter-gras-skardinis-bugnelis\/#primaryimage"},"thumbnailUrl":"https:\/\/skaitytaknyga.lt\/wp-content\/uploads\/2024\/06\/skardinis-bugnelis-gunter-gras-e1718387035252.jpg","datePublished":"2025-06-28T14:42:43+00:00","dateModified":"2025-07-16T08:09:44+00:00","description":"\u201eSkardinis b\u016bgnelis\u201c\u00a0\u2013 \u201eDancigo trilogijos\u201c, labiausiai pagars\u0117jusi G. Graso k\u016brinio, pirmoji dalis. Drasti\u0161kai, groteski\u0161kai vaizduojama 1924-1954 met\u0173 Vokietija. \u201eSkardiniame b\u016bgnelyje\u201c pro skaitytojo akis praslenka \u012fvairiausi \u017emon\u0117s, \u012fvykiai, \u0161eim\u0173 gyvenimas. Nors knyga stora, skaityti nepabosta, autorius nuobod\u017eiauti neleid\u017eia.","breadcrumb":{"@id":"https:\/\/skaitytaknyga.lt\/produktas\/gunter-gras-skardinis-bugnelis\/#breadcrumb"},"inLanguage":"en-GB","potentialAction":[{"@type":"ReadAction","target":["https:\/\/skaitytaknyga.lt\/produktas\/gunter-gras-skardinis-bugnelis\/"]}]},{"@type":"ImageObject","inLanguage":"en-GB","@id":"https:\/\/skaitytaknyga.lt\/produktas\/gunter-gras-skardinis-bugnelis\/#primaryimage","url":"https:\/\/skaitytaknyga.lt\/wp-content\/uploads\/2024\/06\/skardinis-bugnelis-gunter-gras-e1718387035252.jpg","contentUrl":"https:\/\/skaitytaknyga.lt\/wp-content\/uploads\/2024\/06\/skardinis-bugnelis-gunter-gras-e1718387035252.jpg","width":298,"height":410,"caption":"Gunter Gras \u201eSkardinis b\u016bgnelis\u201c"},{"@type":"BreadcrumbList","@id":"https:\/\/skaitytaknyga.lt\/produktas\/gunter-gras-skardinis-bugnelis\/#breadcrumb","itemListElement":[{"@type":"ListItem","position":1,"name":"Home","item":"https:\/\/skaitytaknyga.lt\/"},{"@type":"ListItem","position":2,"name":"Parduotuv\u0117","item":"https:\/\/skaitytaknyga.lt\/knygu-parduotuve\/"},{"@type":"ListItem","position":3,"name":"Skardinis b\u016bgnelis"}]},{"@type":"WebSite","@id":"https:\/\/skaitytaknyga.lt\/#website","url":"https:\/\/skaitytaknyga.lt\/","name":"skaitytaknyga.lt","description":"Skaitytaknyga.lt \u2013 tai ma\u017eas \u0161eimos verslas, kuris prasid\u0117jo nuo meil\u0117s knygoms ir siekio i\u0161gelb\u0117ti knygas nuo likimo prie konteinerio. Kas vienam nereikalingas daiktas \u2013 kitam lobis, o mes esame tarpininkai, kurie padeda abiems tapti laimingesniems ???? \u017dinome kaip nelengva i\u0161gyventi ma\u017eiems verslams, tad nuo \u0161iol, \u010dia rasite ir kit\u0173, ma\u017e\u0173 \u0161eim\u0173 versl\u0173, rank\u0173 darbo, dovan\u0173 sau ir artimiesiems.","publisher":{"@id":"https:\/\/skaitytaknyga.lt\/#organization"},"potentialAction":[{"@type":"SearchAction","target":{"@type":"EntryPoint","urlTemplate":"https:\/\/skaitytaknyga.lt\/?s={search_term_string}"},"query-input":{"@type":"PropertyValueSpecification","valueRequired":true,"valueName":"search_term_string"}}],"inLanguage":"en-GB"},{"@type":"Organization","@id":"https:\/\/skaitytaknyga.lt\/#organization","name":"skaitytaknyga.lt","url":"https:\/\/skaitytaknyga.lt\/","logo":{"@type":"ImageObject","inLanguage":"en-GB","@id":"https:\/\/skaitytaknyga.lt\/#\/schema\/logo\/image\/","url":"https:\/\/skaitytaknyga.lt\/wp-content\/uploads\/2024\/05\/cropped-cropped-cropped-02_00843_jt3bggkj1j3HLc7SyY6rEUpg.jpeg","contentUrl":"https:\/\/skaitytaknyga.lt\/wp-content\/uploads\/2024\/05\/cropped-cropped-cropped-02_00843_jt3bggkj1j3HLc7SyY6rEUpg.jpeg","width":1600,"height":1600,"caption":"skaitytaknyga.lt"},"image":{"@id":"https:\/\/skaitytaknyga.lt\/#\/schema\/logo\/image\/"},"sameAs":["https:\/\/www.facebook.com\/skaitytaknyga\/"]}]}},"_links":{"self":[{"href":"https:\/\/skaitytaknyga.lt\/en\/wp-json\/wp\/v2\/product\/12093","targetHints":{"allow":["GET"]}}],"collection":[{"href":"https:\/\/skaitytaknyga.lt\/en\/wp-json\/wp\/v2\/product"}],"about":[{"href":"https:\/\/skaitytaknyga.lt\/en\/wp-json\/wp\/v2\/types\/product"}],"replies":[{"embeddable":true,"href":"https:\/\/skaitytaknyga.lt\/en\/wp-json\/wp\/v2\/comments?post=12093"}],"wp:featuredmedia":[{"embeddable":true,"href":"https:\/\/skaitytaknyga.lt\/en\/wp-json\/wp\/v2\/media\/12094"}],"wp:attachment":[{"href":"https:\/\/skaitytaknyga.lt\/en\/wp-json\/wp\/v2\/media?parent=12093"}],"wp:term":[{"taxonomy":"product_brand","embeddable":true,"href":"https:\/\/skaitytaknyga.lt\/en\/wp-json\/wp\/v2\/product_brand?post=12093"},{"taxonomy":"product_cat","embeddable":true,"href":"https:\/\/skaitytaknyga.lt\/en\/wp-json\/wp\/v2\/product_cat?post=12093"},{"taxonomy":"product_tag","embeddable":true,"href":"https:\/\/skaitytaknyga.lt\/en\/wp-json\/wp\/v2\/product_tag?post=12093"}],"curies":[{"name":"wp","href":"https:\/\/api.w.org\/{rel}","templated":true}]}}