{"id":12091,"date":"2024-06-14T17:34:06","date_gmt":"2024-06-14T17:34:06","guid":{"rendered":"https:\/\/skaitytaknyga.lt\/?post_type=product&#038;p=12091"},"modified":"2024-06-14T17:55:09","modified_gmt":"2024-06-14T17:55:09","slug":"h-mnisek-raupsuotoji1-dalis","status":"publish","type":"product","link":"https:\/\/skaitytaknyga.lt\/en\/produktas\/h-mnisek-raupsuotoji1-dalis\/","title":{"rendered":"H. Mni\u0161ek \u201eRaupsuotoji\u201c(1 dalis) (nugar\u0117l\u0117s defektas)"},"content":{"rendered":"","protected":false},"excerpt":{"rendered":"<p>1909 metais i\u0161leistame lenk\u0173 ra\u0161ytojos\u00a0<strong>Helenos Mniszek<\/strong>\u00a0(1878-1943) romane\u00a0<strong>\u201eRaupsuotoji&#8221;<\/strong>\u00a0pasakojama dramati\u0161ka meil\u0117s istorija. Jaunut\u0117 paprasto dvarininko dukra Stefanija, nusivylusi buvusiu su\u017ead\u0117tiniu, mokytojauja didik\u0173 dvare.<\/p>\n<p>Ten ji sutinka senojo pono an\u016bk\u0105 &#8211; ambicing\u0105 gimin\u0117s turt\u0173 paveld\u0117toj\u0105 Valdemar\u0105, kadaise gars\u0117jus\u012f audringu gyvenimu. Kaip pasisuks Stefanijos likimas&#8230;?<\/p>\n","protected":false},"featured_media":12092,"comment_status":"closed","ping_status":"closed","template":"","meta":{"_acf_changed":false,"site-sidebar-layout":"default","site-content-layout":"","ast-site-content-layout":"default","site-content-style":"default","site-sidebar-style":"default","ast-global-header-display":"","ast-banner-title-visibility":"","ast-main-header-display":"","ast-hfb-above-header-display":"","ast-hfb-below-header-display":"","ast-hfb-mobile-header-display":"","site-post-title":"","ast-breadcrumbs-content":"","ast-featured-img":"","footer-sml-layout":"","ast-disable-related-posts":"","theme-transparent-header-meta":"","adv-header-id-meta":"","stick-header-meta":"","header-above-stick-meta":"","header-main-stick-meta":"","header-below-stick-meta":"","astra-migrate-meta-layouts":"default","ast-page-background-enabled":"default","ast-page-background-meta":{"desktop":{"background-color":"","background-image":"","background-repeat":"repeat","background-position":"center center","background-size":"auto","background-attachment":"scroll","background-type":"","background-media":"","overlay-type":"","overlay-color":"","overlay-opacity":"","overlay-gradient":""},"tablet":{"background-color":"","background-image":"","background-repeat":"repeat","background-position":"center center","background-size":"auto","background-attachment":"scroll","background-type":"","background-media":"","overlay-type":"","overlay-color":"","overlay-opacity":"","overlay-gradient":""},"mobile":{"background-color":"","background-image":"","background-repeat":"repeat","background-position":"center center","background-size":"auto","background-attachment":"scroll","background-type":"","background-media":"","overlay-type":"","overlay-color":"","overlay-opacity":"","overlay-gradient":""}},"ast-content-background-meta":{"desktop":{"background-color":"var(--ast-global-color-4)","background-image":"","background-repeat":"repeat","background-position":"center center","background-size":"auto","background-attachment":"scroll","background-type":"","background-media":"","overlay-type":"","overlay-color":"","overlay-opacity":"","overlay-gradient":""},"tablet":{"background-color":"var(--ast-global-color-4)","background-image":"","background-repeat":"repeat","background-position":"center center","background-size":"auto","background-attachment":"scroll","background-type":"","background-media":"","overlay-type":"","overlay-color":"","overlay-opacity":"","overlay-gradient":""},"mobile":{"background-color":"var(--ast-global-color-4)","background-image":"","background-repeat":"repeat","background-position":"center center","background-size":"auto","background-attachment":"scroll","background-type":"","background-media":"","overlay-type":"","overlay-color":"","overlay-opacity":"","overlay-gradient":""}}},"product_brand":[],"product_cat":[31,28],"product_tag":[],"class_list":{"0":"post-12091","1":"product","2":"type-product","3":"status-publish","4":"has-post-thumbnail","6":"product_cat-grozine-literatura","7":"product_cat-klasika","8":"desktop-align-left","9":"tablet-align-left","10":"mobile-align-left","12":"first","13":"instock","14":"shipping-taxable","15":"purchasable","16":"product-type-simple"},"acf":[],"yoast_head":"<!-- This site is optimized with the Yoast SEO plugin v27.0 - https:\/\/yoast.com\/product\/yoast-seo-wordpress\/ -->\n<title>H. Mni\u0161ek \u201eRaupsuotoji\u201c(1 dalis) (nugar\u0117l\u0117s defektas) - Skaitytaknyga<\/title>\n<meta name=\"description\" content=\"1909 metais i\u0161leistame lenk\u0173 ra\u0161ytojos\u00a0Helenos Mniszek\u00a0(1878-1943) romane\u00a0\u201eRaupsuotoji&quot;\u00a0pasakojama dramati\u0161ka meil\u0117s istorija. Jaunut\u0117 paprasto dvarininko dukra Stefanija, nusivylusi buvusiu su\u017ead\u0117tiniu, mokytojauja didik\u0173 dvare.  Ten ji sutinka senojo pono an\u016bk\u0105 - ambicing\u0105 gimin\u0117s turt\u0173 paveld\u0117toj\u0105 Valdemar\u0105, kadaise gars\u0117jus\u012f audringu gyvenimu. Kaip pasisuks Stefanijos likimas...?\" \/>\n<meta name=\"robots\" content=\"index, follow, max-snippet:-1, max-image-preview:large, max-video-preview:-1\" \/>\n<link rel=\"canonical\" href=\"https:\/\/skaitytaknyga.lt\/en\/produktas\/h-mnisek-raupsuotoji1-dalis\/\" \/>\n<meta property=\"og:locale\" content=\"en_GB\" \/>\n<meta property=\"og:locale:alternate\" content=\"lt_LT\" \/>\n<meta property=\"og:type\" content=\"article\" \/>\n<meta property=\"og:title\" content=\"H. Mni\u0161ek \u201eRaupsuotoji\u201c(1 dalis) (nugar\u0117l\u0117s defektas) - Skaitytaknyga\" \/>\n<meta property=\"og:description\" content=\"1909 metais i\u0161leistame lenk\u0173 ra\u0161ytojos\u00a0Helenos Mniszek\u00a0(1878-1943) romane\u00a0\u201eRaupsuotoji&quot;\u00a0pasakojama dramati\u0161ka meil\u0117s istorija. Jaunut\u0117 paprasto dvarininko dukra Stefanija, nusivylusi buvusiu su\u017ead\u0117tiniu, mokytojauja didik\u0173 dvare.  Ten ji sutinka senojo pono an\u016bk\u0105 - ambicing\u0105 gimin\u0117s turt\u0173 paveld\u0117toj\u0105 Valdemar\u0105, kadaise gars\u0117jus\u012f audringu gyvenimu. Kaip pasisuks Stefanijos likimas...?\" \/>\n<meta property=\"og:url\" content=\"https:\/\/skaitytaknyga.lt\/en\/produktas\/h-mnisek-raupsuotoji1-dalis\/\" \/>\n<meta property=\"og:site_name\" content=\"Skaitytaknyga\" \/>\n<meta property=\"article:publisher\" content=\"https:\/\/www.facebook.com\/skaitytaknyga\/\" \/>\n<meta property=\"article:modified_time\" content=\"2024-06-14T17:55:09+00:00\" \/>\n<meta property=\"og:image\" content=\"https:\/\/skaitytaknyga.lt\/wp-content\/uploads\/2024\/06\/Be-pavadinimo-15.png\" \/>\n\t<meta property=\"og:image:width\" content=\"337\" \/>\n\t<meta property=\"og:image:height\" content=\"548\" \/>\n\t<meta property=\"og:image:type\" content=\"image\/png\" \/>\n<meta name=\"twitter:card\" content=\"summary_large_image\" \/>\n<script type=\"application\/ld+json\" class=\"yoast-schema-graph\">{\"@context\":\"https:\/\/schema.org\",\"@graph\":[{\"@type\":\"WebPage\",\"@id\":\"https:\/\/skaitytaknyga.lt\/produktas\/h-mnisek-raupsuotoji1-dalis\/\",\"url\":\"https:\/\/skaitytaknyga.lt\/produktas\/h-mnisek-raupsuotoji1-dalis\/\",\"name\":\"H. Mni\u0161ek \u201eRaupsuotoji\u201c(1 dalis) (nugar\u0117l\u0117s defektas) - Skaitytaknyga\",\"isPartOf\":{\"@id\":\"https:\/\/skaitytaknyga.lt\/#website\"},\"primaryImageOfPage\":{\"@id\":\"https:\/\/skaitytaknyga.lt\/produktas\/h-mnisek-raupsuotoji1-dalis\/#primaryimage\"},\"image\":{\"@id\":\"https:\/\/skaitytaknyga.lt\/produktas\/h-mnisek-raupsuotoji1-dalis\/#primaryimage\"},\"thumbnailUrl\":\"https:\/\/skaitytaknyga.lt\/wp-content\/uploads\/2024\/06\/Be-pavadinimo-15.png\",\"datePublished\":\"2024-06-14T17:34:06+00:00\",\"dateModified\":\"2024-06-14T17:55:09+00:00\",\"description\":\"1909 metais i\u0161leistame lenk\u0173 ra\u0161ytojos\u00a0Helenos Mniszek\u00a0(1878-1943) romane\u00a0\u201eRaupsuotoji\\\"\u00a0pasakojama dramati\u0161ka meil\u0117s istorija. Jaunut\u0117 paprasto dvarininko dukra Stefanija, nusivylusi buvusiu su\u017ead\u0117tiniu, mokytojauja didik\u0173 dvare. Ten ji sutinka senojo pono an\u016bk\u0105 - ambicing\u0105 gimin\u0117s turt\u0173 paveld\u0117toj\u0105 Valdemar\u0105, kadaise gars\u0117jus\u012f audringu gyvenimu. Kaip pasisuks Stefanijos likimas...?\",\"breadcrumb\":{\"@id\":\"https:\/\/skaitytaknyga.lt\/produktas\/h-mnisek-raupsuotoji1-dalis\/#breadcrumb\"},\"inLanguage\":\"en-GB\",\"potentialAction\":[{\"@type\":\"ReadAction\",\"target\":[\"https:\/\/skaitytaknyga.lt\/produktas\/h-mnisek-raupsuotoji1-dalis\/\"]}]},{\"@type\":\"ImageObject\",\"inLanguage\":\"en-GB\",\"@id\":\"https:\/\/skaitytaknyga.lt\/produktas\/h-mnisek-raupsuotoji1-dalis\/#primaryimage\",\"url\":\"https:\/\/skaitytaknyga.lt\/wp-content\/uploads\/2024\/06\/Be-pavadinimo-15.png\",\"contentUrl\":\"https:\/\/skaitytaknyga.lt\/wp-content\/uploads\/2024\/06\/Be-pavadinimo-15.png\",\"width\":337,\"height\":548,\"caption\":\"Raupsuotoji\"},{\"@type\":\"BreadcrumbList\",\"@id\":\"https:\/\/skaitytaknyga.lt\/produktas\/h-mnisek-raupsuotoji1-dalis\/#breadcrumb\",\"itemListElement\":[{\"@type\":\"ListItem\",\"position\":1,\"name\":\"Home\",\"item\":\"https:\/\/skaitytaknyga.lt\/\"},{\"@type\":\"ListItem\",\"position\":2,\"name\":\"Parduotuv\u0117\",\"item\":\"https:\/\/skaitytaknyga.lt\/knygu-parduotuve\/\"},{\"@type\":\"ListItem\",\"position\":3,\"name\":\"H. Mni\u0161ek \u201eRaupsuotoji\u201c(1 dalis) (nugar\u0117l\u0117s defektas)\"}]},{\"@type\":\"WebSite\",\"@id\":\"https:\/\/skaitytaknyga.lt\/#website\",\"url\":\"https:\/\/skaitytaknyga.lt\/\",\"name\":\"skaitytaknyga.lt\",\"description\":\"Skaitytaknyga.lt \u2013 tai ma\u017eas \u0161eimos verslas, kuris prasid\u0117jo nuo meil\u0117s knygoms ir siekio i\u0161gelb\u0117ti knygas nuo likimo prie konteinerio. Kas vienam nereikalingas daiktas \u2013 kitam lobis, o mes esame tarpininkai, kurie padeda abiems tapti laimingesniems ???? \u017dinome kaip nelengva i\u0161gyventi ma\u017eiems verslams, tad nuo \u0161iol, \u010dia rasite ir kit\u0173, ma\u017e\u0173 \u0161eim\u0173 versl\u0173, rank\u0173 darbo, dovan\u0173 sau ir artimiesiems.\",\"publisher\":{\"@id\":\"https:\/\/skaitytaknyga.lt\/#organization\"},\"potentialAction\":[{\"@type\":\"SearchAction\",\"target\":{\"@type\":\"EntryPoint\",\"urlTemplate\":\"https:\/\/skaitytaknyga.lt\/?s={search_term_string}\"},\"query-input\":{\"@type\":\"PropertyValueSpecification\",\"valueRequired\":true,\"valueName\":\"search_term_string\"}}],\"inLanguage\":\"en-GB\"},{\"@type\":\"Organization\",\"@id\":\"https:\/\/skaitytaknyga.lt\/#organization\",\"name\":\"skaitytaknyga.lt\",\"url\":\"https:\/\/skaitytaknyga.lt\/\",\"logo\":{\"@type\":\"ImageObject\",\"inLanguage\":\"en-GB\",\"@id\":\"https:\/\/skaitytaknyga.lt\/#\/schema\/logo\/image\/\",\"url\":\"https:\/\/skaitytaknyga.lt\/wp-content\/uploads\/2024\/05\/cropped-cropped-cropped-02_00843_jt3bggkj1j3HLc7SyY6rEUpg.jpeg\",\"contentUrl\":\"https:\/\/skaitytaknyga.lt\/wp-content\/uploads\/2024\/05\/cropped-cropped-cropped-02_00843_jt3bggkj1j3HLc7SyY6rEUpg.jpeg\",\"width\":1600,\"height\":1600,\"caption\":\"skaitytaknyga.lt\"},\"image\":{\"@id\":\"https:\/\/skaitytaknyga.lt\/#\/schema\/logo\/image\/\"},\"sameAs\":[\"https:\/\/www.facebook.com\/skaitytaknyga\/\"]}]}<\/script>\n<!-- \/ Yoast SEO plugin. -->","yoast_head_json":{"title":"H. Mni\u0161ek \u201eRaupsuotoji\u201c(1 dalis) (nugar\u0117l\u0117s defektas) - Skaitytaknyga","description":"1909 metais i\u0161leistame lenk\u0173 ra\u0161ytojos\u00a0Helenos Mniszek\u00a0(1878-1943) romane\u00a0\u201eRaupsuotoji\"\u00a0pasakojama dramati\u0161ka meil\u0117s istorija. Jaunut\u0117 paprasto dvarininko dukra Stefanija, nusivylusi buvusiu su\u017ead\u0117tiniu, mokytojauja didik\u0173 dvare.  Ten ji sutinka senojo pono an\u016bk\u0105 - ambicing\u0105 gimin\u0117s turt\u0173 paveld\u0117toj\u0105 Valdemar\u0105, kadaise gars\u0117jus\u012f audringu gyvenimu. Kaip pasisuks Stefanijos likimas...?","robots":{"index":"index","follow":"follow","max-snippet":"max-snippet:-1","max-image-preview":"max-image-preview:large","max-video-preview":"max-video-preview:-1"},"canonical":"https:\/\/skaitytaknyga.lt\/en\/produktas\/h-mnisek-raupsuotoji1-dalis\/","og_locale":"en_GB","og_type":"article","og_title":"H. Mni\u0161ek \u201eRaupsuotoji\u201c(1 dalis) (nugar\u0117l\u0117s defektas) - Skaitytaknyga","og_description":"1909 metais i\u0161leistame lenk\u0173 ra\u0161ytojos\u00a0Helenos Mniszek\u00a0(1878-1943) romane\u00a0\u201eRaupsuotoji\"\u00a0pasakojama dramati\u0161ka meil\u0117s istorija. Jaunut\u0117 paprasto dvarininko dukra Stefanija, nusivylusi buvusiu su\u017ead\u0117tiniu, mokytojauja didik\u0173 dvare.  Ten ji sutinka senojo pono an\u016bk\u0105 - ambicing\u0105 gimin\u0117s turt\u0173 paveld\u0117toj\u0105 Valdemar\u0105, kadaise gars\u0117jus\u012f audringu gyvenimu. Kaip pasisuks Stefanijos likimas...?","og_url":"https:\/\/skaitytaknyga.lt\/en\/produktas\/h-mnisek-raupsuotoji1-dalis\/","og_site_name":"Skaitytaknyga","article_publisher":"https:\/\/www.facebook.com\/skaitytaknyga\/","article_modified_time":"2024-06-14T17:55:09+00:00","og_image":[{"width":337,"height":548,"url":"https:\/\/skaitytaknyga.lt\/wp-content\/uploads\/2024\/06\/Be-pavadinimo-15.png","type":"image\/png"}],"twitter_card":"summary_large_image","schema":{"@context":"https:\/\/schema.org","@graph":[{"@type":"WebPage","@id":"https:\/\/skaitytaknyga.lt\/produktas\/h-mnisek-raupsuotoji1-dalis\/","url":"https:\/\/skaitytaknyga.lt\/produktas\/h-mnisek-raupsuotoji1-dalis\/","name":"H. Mni\u0161ek \u201eRaupsuotoji\u201c(1 dalis) (nugar\u0117l\u0117s defektas) - Skaitytaknyga","isPartOf":{"@id":"https:\/\/skaitytaknyga.lt\/#website"},"primaryImageOfPage":{"@id":"https:\/\/skaitytaknyga.lt\/produktas\/h-mnisek-raupsuotoji1-dalis\/#primaryimage"},"image":{"@id":"https:\/\/skaitytaknyga.lt\/produktas\/h-mnisek-raupsuotoji1-dalis\/#primaryimage"},"thumbnailUrl":"https:\/\/skaitytaknyga.lt\/wp-content\/uploads\/2024\/06\/Be-pavadinimo-15.png","datePublished":"2024-06-14T17:34:06+00:00","dateModified":"2024-06-14T17:55:09+00:00","description":"1909 metais i\u0161leistame lenk\u0173 ra\u0161ytojos\u00a0Helenos Mniszek\u00a0(1878-1943) romane\u00a0\u201eRaupsuotoji\"\u00a0pasakojama dramati\u0161ka meil\u0117s istorija. Jaunut\u0117 paprasto dvarininko dukra Stefanija, nusivylusi buvusiu su\u017ead\u0117tiniu, mokytojauja didik\u0173 dvare. Ten ji sutinka senojo pono an\u016bk\u0105 - ambicing\u0105 gimin\u0117s turt\u0173 paveld\u0117toj\u0105 Valdemar\u0105, kadaise gars\u0117jus\u012f audringu gyvenimu. Kaip pasisuks Stefanijos likimas...?","breadcrumb":{"@id":"https:\/\/skaitytaknyga.lt\/produktas\/h-mnisek-raupsuotoji1-dalis\/#breadcrumb"},"inLanguage":"en-GB","potentialAction":[{"@type":"ReadAction","target":["https:\/\/skaitytaknyga.lt\/produktas\/h-mnisek-raupsuotoji1-dalis\/"]}]},{"@type":"ImageObject","inLanguage":"en-GB","@id":"https:\/\/skaitytaknyga.lt\/produktas\/h-mnisek-raupsuotoji1-dalis\/#primaryimage","url":"https:\/\/skaitytaknyga.lt\/wp-content\/uploads\/2024\/06\/Be-pavadinimo-15.png","contentUrl":"https:\/\/skaitytaknyga.lt\/wp-content\/uploads\/2024\/06\/Be-pavadinimo-15.png","width":337,"height":548,"caption":"Raupsuotoji"},{"@type":"BreadcrumbList","@id":"https:\/\/skaitytaknyga.lt\/produktas\/h-mnisek-raupsuotoji1-dalis\/#breadcrumb","itemListElement":[{"@type":"ListItem","position":1,"name":"Home","item":"https:\/\/skaitytaknyga.lt\/"},{"@type":"ListItem","position":2,"name":"Parduotuv\u0117","item":"https:\/\/skaitytaknyga.lt\/knygu-parduotuve\/"},{"@type":"ListItem","position":3,"name":"H. Mni\u0161ek \u201eRaupsuotoji\u201c(1 dalis) (nugar\u0117l\u0117s defektas)"}]},{"@type":"WebSite","@id":"https:\/\/skaitytaknyga.lt\/#website","url":"https:\/\/skaitytaknyga.lt\/","name":"skaitytaknyga.lt","description":"Skaitytaknyga.lt \u2013 tai ma\u017eas \u0161eimos verslas, kuris prasid\u0117jo nuo meil\u0117s knygoms ir siekio i\u0161gelb\u0117ti knygas nuo likimo prie konteinerio. Kas vienam nereikalingas daiktas \u2013 kitam lobis, o mes esame tarpininkai, kurie padeda abiems tapti laimingesniems ???? \u017dinome kaip nelengva i\u0161gyventi ma\u017eiems verslams, tad nuo \u0161iol, \u010dia rasite ir kit\u0173, ma\u017e\u0173 \u0161eim\u0173 versl\u0173, rank\u0173 darbo, dovan\u0173 sau ir artimiesiems.","publisher":{"@id":"https:\/\/skaitytaknyga.lt\/#organization"},"potentialAction":[{"@type":"SearchAction","target":{"@type":"EntryPoint","urlTemplate":"https:\/\/skaitytaknyga.lt\/?s={search_term_string}"},"query-input":{"@type":"PropertyValueSpecification","valueRequired":true,"valueName":"search_term_string"}}],"inLanguage":"en-GB"},{"@type":"Organization","@id":"https:\/\/skaitytaknyga.lt\/#organization","name":"skaitytaknyga.lt","url":"https:\/\/skaitytaknyga.lt\/","logo":{"@type":"ImageObject","inLanguage":"en-GB","@id":"https:\/\/skaitytaknyga.lt\/#\/schema\/logo\/image\/","url":"https:\/\/skaitytaknyga.lt\/wp-content\/uploads\/2024\/05\/cropped-cropped-cropped-02_00843_jt3bggkj1j3HLc7SyY6rEUpg.jpeg","contentUrl":"https:\/\/skaitytaknyga.lt\/wp-content\/uploads\/2024\/05\/cropped-cropped-cropped-02_00843_jt3bggkj1j3HLc7SyY6rEUpg.jpeg","width":1600,"height":1600,"caption":"skaitytaknyga.lt"},"image":{"@id":"https:\/\/skaitytaknyga.lt\/#\/schema\/logo\/image\/"},"sameAs":["https:\/\/www.facebook.com\/skaitytaknyga\/"]}]}},"_links":{"self":[{"href":"https:\/\/skaitytaknyga.lt\/en\/wp-json\/wp\/v2\/product\/12091","targetHints":{"allow":["GET"]}}],"collection":[{"href":"https:\/\/skaitytaknyga.lt\/en\/wp-json\/wp\/v2\/product"}],"about":[{"href":"https:\/\/skaitytaknyga.lt\/en\/wp-json\/wp\/v2\/types\/product"}],"replies":[{"embeddable":true,"href":"https:\/\/skaitytaknyga.lt\/en\/wp-json\/wp\/v2\/comments?post=12091"}],"wp:featuredmedia":[{"embeddable":true,"href":"https:\/\/skaitytaknyga.lt\/en\/wp-json\/wp\/v2\/media\/12092"}],"wp:attachment":[{"href":"https:\/\/skaitytaknyga.lt\/en\/wp-json\/wp\/v2\/media?parent=12091"}],"wp:term":[{"taxonomy":"product_brand","embeddable":true,"href":"https:\/\/skaitytaknyga.lt\/en\/wp-json\/wp\/v2\/product_brand?post=12091"},{"taxonomy":"product_cat","embeddable":true,"href":"https:\/\/skaitytaknyga.lt\/en\/wp-json\/wp\/v2\/product_cat?post=12091"},{"taxonomy":"product_tag","embeddable":true,"href":"https:\/\/skaitytaknyga.lt\/en\/wp-json\/wp\/v2\/product_tag?post=12091"}],"curies":[{"name":"wp","href":"https:\/\/api.w.org\/{rel}","templated":true}]}}