{"id":12089,"date":"2024-06-14T17:06:51","date_gmt":"2024-06-14T17:06:51","guid":{"rendered":"https:\/\/skaitytaknyga.lt\/?post_type=product&#038;p=12089"},"modified":"2024-06-14T17:26:15","modified_gmt":"2024-06-14T17:26:15","slug":"z-vernas-archipelagas-ugnyje","status":"publish","type":"product","link":"https:\/\/skaitytaknyga.lt\/en\/produktas\/z-vernas-archipelagas-ugnyje\/","title":{"rendered":"\u017d. Vernas \u201eArchipelagas ugnyje\u201c"},"content":{"rendered":"","protected":false},"excerpt":{"rendered":"<p>Kupiname nuotyki\u0173 romane vaizduojama nelengva ir reikalaujanti daug j\u0117g\u0173 bei narsos dviej\u0173 jaunuoli\u0173 &#8211; Had\u017einos ir Anri &#8211; meil\u0117.<\/p>\n<p>Veiksmas vyksta 1829 metais kovojan\u010dioje u\u017e savo nepriklausomyb\u0119 Graikijoje, kai Archipelago salyno j\u016broje labai i\u0161plinta piratai, kurie ne tik pl\u0117\u0161ia prekybos laivus, bet ir prekiauja vergais &#8211; graikais belaisviais.<\/p>\n<p>Abu jaunuoliai ir grumiasi su blogiu, kur\u012f \u012fk\u016bnija piratas Nikolas Starkas.<\/p>\n","protected":false},"featured_media":12090,"comment_status":"closed","ping_status":"closed","template":"","meta":{"_acf_changed":false,"site-sidebar-layout":"default","site-content-layout":"","ast-site-content-layout":"default","site-content-style":"default","site-sidebar-style":"default","ast-global-header-display":"","ast-banner-title-visibility":"","ast-main-header-display":"","ast-hfb-above-header-display":"","ast-hfb-below-header-display":"","ast-hfb-mobile-header-display":"","site-post-title":"","ast-breadcrumbs-content":"","ast-featured-img":"","footer-sml-layout":"","ast-disable-related-posts":"","theme-transparent-header-meta":"","adv-header-id-meta":"","stick-header-meta":"","header-above-stick-meta":"","header-main-stick-meta":"","header-below-stick-meta":"","astra-migrate-meta-layouts":"default","ast-page-background-enabled":"default","ast-page-background-meta":{"desktop":{"background-color":"","background-image":"","background-repeat":"repeat","background-position":"center center","background-size":"auto","background-attachment":"scroll","background-type":"","background-media":"","overlay-type":"","overlay-color":"","overlay-opacity":"","overlay-gradient":""},"tablet":{"background-color":"","background-image":"","background-repeat":"repeat","background-position":"center center","background-size":"auto","background-attachment":"scroll","background-type":"","background-media":"","overlay-type":"","overlay-color":"","overlay-opacity":"","overlay-gradient":""},"mobile":{"background-color":"","background-image":"","background-repeat":"repeat","background-position":"center center","background-size":"auto","background-attachment":"scroll","background-type":"","background-media":"","overlay-type":"","overlay-color":"","overlay-opacity":"","overlay-gradient":""}},"ast-content-background-meta":{"desktop":{"background-color":"var(--ast-global-color-4)","background-image":"","background-repeat":"repeat","background-position":"center center","background-size":"auto","background-attachment":"scroll","background-type":"","background-media":"","overlay-type":"","overlay-color":"","overlay-opacity":"","overlay-gradient":""},"tablet":{"background-color":"var(--ast-global-color-4)","background-image":"","background-repeat":"repeat","background-position":"center center","background-size":"auto","background-attachment":"scroll","background-type":"","background-media":"","overlay-type":"","overlay-color":"","overlay-opacity":"","overlay-gradient":""},"mobile":{"background-color":"var(--ast-global-color-4)","background-image":"","background-repeat":"repeat","background-position":"center center","background-size":"auto","background-attachment":"scroll","background-type":"","background-media":"","overlay-type":"","overlay-color":"","overlay-opacity":"","overlay-gradient":""}}},"product_brand":[],"product_cat":[28],"product_tag":[],"class_list":{"0":"post-12089","1":"product","2":"type-product","3":"status-publish","4":"has-post-thumbnail","6":"product_cat-klasika","7":"desktop-align-left","8":"tablet-align-left","9":"mobile-align-left","11":"first","12":"instock","13":"shipping-taxable","14":"purchasable","15":"product-type-simple"},"acf":[],"yoast_head":"<!-- This site is optimized with the Yoast SEO plugin v27.0 - https:\/\/yoast.com\/product\/yoast-seo-wordpress\/ -->\n<title>\u017d. Vernas \u201eArchipelagas ugnyje\u201c - Skaitytaknyga<\/title>\n<meta name=\"description\" content=\"Kupiname nuotyki\u0173 romane vaizduojama nelengva ir reikalaujanti daug j\u0117g\u0173 bei narsos dviej\u0173 jaunuoli\u0173 - Had\u017einos ir Anri - meil\u0117.  Veiksmas vyksta 1829 metais kovojan\u010dioje u\u017e savo nepriklausomyb\u0119 Graikijoje, kai Archipelago salyno j\u016broje labai i\u0161plinta piratai, kurie ne tik pl\u0117\u0161ia prekybos laivus, bet ir prekiauja vergais - graikais belaisviais.  Abu jaunuoliai ir grumiasi su blogiu, kur\u012f \u012fk\u016bnija piratas Nikolas Starkas.\" \/>\n<meta name=\"robots\" content=\"index, follow, max-snippet:-1, max-image-preview:large, max-video-preview:-1\" \/>\n<link rel=\"canonical\" href=\"https:\/\/skaitytaknyga.lt\/en\/produktas\/z-vernas-archipelagas-ugnyje\/\" \/>\n<meta property=\"og:locale\" content=\"en_GB\" \/>\n<meta property=\"og:locale:alternate\" content=\"lt_LT\" \/>\n<meta property=\"og:type\" content=\"article\" \/>\n<meta property=\"og:title\" content=\"\u017d. Vernas \u201eArchipelagas ugnyje\u201c - Skaitytaknyga\" \/>\n<meta property=\"og:description\" content=\"Kupiname nuotyki\u0173 romane vaizduojama nelengva ir reikalaujanti daug j\u0117g\u0173 bei narsos dviej\u0173 jaunuoli\u0173 - Had\u017einos ir Anri - meil\u0117.  Veiksmas vyksta 1829 metais kovojan\u010dioje u\u017e savo nepriklausomyb\u0119 Graikijoje, kai Archipelago salyno j\u016broje labai i\u0161plinta piratai, kurie ne tik pl\u0117\u0161ia prekybos laivus, bet ir prekiauja vergais - graikais belaisviais.  Abu jaunuoliai ir grumiasi su blogiu, kur\u012f \u012fk\u016bnija piratas Nikolas Starkas.\" \/>\n<meta property=\"og:url\" content=\"https:\/\/skaitytaknyga.lt\/en\/produktas\/z-vernas-archipelagas-ugnyje\/\" \/>\n<meta property=\"og:site_name\" content=\"Skaitytaknyga\" \/>\n<meta property=\"article:publisher\" content=\"https:\/\/www.facebook.com\/skaitytaknyga\/\" \/>\n<meta property=\"article:modified_time\" content=\"2024-06-14T17:26:15+00:00\" \/>\n<meta property=\"og:image\" content=\"https:\/\/skaitytaknyga.lt\/wp-content\/uploads\/2024\/06\/Be-pavadinimo-14.png\" \/>\n\t<meta property=\"og:image:width\" content=\"289\" \/>\n\t<meta property=\"og:image:height\" content=\"463\" \/>\n\t<meta property=\"og:image:type\" content=\"image\/png\" \/>\n<meta name=\"twitter:card\" content=\"summary_large_image\" \/>\n<meta name=\"twitter:label1\" content=\"Estimated reading time\" \/>\n\t<meta name=\"twitter:data1\" content=\"1 minute\" \/>\n<script type=\"application\/ld+json\" class=\"yoast-schema-graph\">{\"@context\":\"https:\/\/schema.org\",\"@graph\":[{\"@type\":\"WebPage\",\"@id\":\"https:\/\/skaitytaknyga.lt\/produktas\/z-vernas-archipelagas-ugnyje\/\",\"url\":\"https:\/\/skaitytaknyga.lt\/produktas\/z-vernas-archipelagas-ugnyje\/\",\"name\":\"\u017d. Vernas \u201eArchipelagas ugnyje\u201c - Skaitytaknyga\",\"isPartOf\":{\"@id\":\"https:\/\/skaitytaknyga.lt\/#website\"},\"primaryImageOfPage\":{\"@id\":\"https:\/\/skaitytaknyga.lt\/produktas\/z-vernas-archipelagas-ugnyje\/#primaryimage\"},\"image\":{\"@id\":\"https:\/\/skaitytaknyga.lt\/produktas\/z-vernas-archipelagas-ugnyje\/#primaryimage\"},\"thumbnailUrl\":\"https:\/\/skaitytaknyga.lt\/wp-content\/uploads\/2024\/06\/Be-pavadinimo-14.png\",\"datePublished\":\"2024-06-14T17:06:51+00:00\",\"dateModified\":\"2024-06-14T17:26:15+00:00\",\"description\":\"Kupiname nuotyki\u0173 romane vaizduojama nelengva ir reikalaujanti daug j\u0117g\u0173 bei narsos dviej\u0173 jaunuoli\u0173 - Had\u017einos ir Anri - meil\u0117. Veiksmas vyksta 1829 metais kovojan\u010dioje u\u017e savo nepriklausomyb\u0119 Graikijoje, kai Archipelago salyno j\u016broje labai i\u0161plinta piratai, kurie ne tik pl\u0117\u0161ia prekybos laivus, bet ir prekiauja vergais - graikais belaisviais. Abu jaunuoliai ir grumiasi su blogiu, kur\u012f \u012fk\u016bnija piratas Nikolas Starkas.\",\"breadcrumb\":{\"@id\":\"https:\/\/skaitytaknyga.lt\/produktas\/z-vernas-archipelagas-ugnyje\/#breadcrumb\"},\"inLanguage\":\"en-GB\",\"potentialAction\":[{\"@type\":\"ReadAction\",\"target\":[\"https:\/\/skaitytaknyga.lt\/produktas\/z-vernas-archipelagas-ugnyje\/\"]}]},{\"@type\":\"ImageObject\",\"inLanguage\":\"en-GB\",\"@id\":\"https:\/\/skaitytaknyga.lt\/produktas\/z-vernas-archipelagas-ugnyje\/#primaryimage\",\"url\":\"https:\/\/skaitytaknyga.lt\/wp-content\/uploads\/2024\/06\/Be-pavadinimo-14.png\",\"contentUrl\":\"https:\/\/skaitytaknyga.lt\/wp-content\/uploads\/2024\/06\/Be-pavadinimo-14.png\",\"width\":289,\"height\":463,\"caption\":\"Archipelagas ugnyje\"},{\"@type\":\"BreadcrumbList\",\"@id\":\"https:\/\/skaitytaknyga.lt\/produktas\/z-vernas-archipelagas-ugnyje\/#breadcrumb\",\"itemListElement\":[{\"@type\":\"ListItem\",\"position\":1,\"name\":\"Home\",\"item\":\"https:\/\/skaitytaknyga.lt\/\"},{\"@type\":\"ListItem\",\"position\":2,\"name\":\"Parduotuv\u0117\",\"item\":\"https:\/\/skaitytaknyga.lt\/knygu-parduotuve\/\"},{\"@type\":\"ListItem\",\"position\":3,\"name\":\"\u017d. Vernas \u201eArchipelagas ugnyje\u201c\"}]},{\"@type\":\"WebSite\",\"@id\":\"https:\/\/skaitytaknyga.lt\/#website\",\"url\":\"https:\/\/skaitytaknyga.lt\/\",\"name\":\"skaitytaknyga.lt\",\"description\":\"Skaitytaknyga.lt \u2013 tai ma\u017eas \u0161eimos verslas, kuris prasid\u0117jo nuo meil\u0117s knygoms ir siekio i\u0161gelb\u0117ti knygas nuo likimo prie konteinerio. Kas vienam nereikalingas daiktas \u2013 kitam lobis, o mes esame tarpininkai, kurie padeda abiems tapti laimingesniems ???? \u017dinome kaip nelengva i\u0161gyventi ma\u017eiems verslams, tad nuo \u0161iol, \u010dia rasite ir kit\u0173, ma\u017e\u0173 \u0161eim\u0173 versl\u0173, rank\u0173 darbo, dovan\u0173 sau ir artimiesiems.\",\"publisher\":{\"@id\":\"https:\/\/skaitytaknyga.lt\/#organization\"},\"potentialAction\":[{\"@type\":\"SearchAction\",\"target\":{\"@type\":\"EntryPoint\",\"urlTemplate\":\"https:\/\/skaitytaknyga.lt\/?s={search_term_string}\"},\"query-input\":{\"@type\":\"PropertyValueSpecification\",\"valueRequired\":true,\"valueName\":\"search_term_string\"}}],\"inLanguage\":\"en-GB\"},{\"@type\":\"Organization\",\"@id\":\"https:\/\/skaitytaknyga.lt\/#organization\",\"name\":\"skaitytaknyga.lt\",\"url\":\"https:\/\/skaitytaknyga.lt\/\",\"logo\":{\"@type\":\"ImageObject\",\"inLanguage\":\"en-GB\",\"@id\":\"https:\/\/skaitytaknyga.lt\/#\/schema\/logo\/image\/\",\"url\":\"https:\/\/skaitytaknyga.lt\/wp-content\/uploads\/2024\/05\/cropped-cropped-cropped-02_00843_jt3bggkj1j3HLc7SyY6rEUpg.jpeg\",\"contentUrl\":\"https:\/\/skaitytaknyga.lt\/wp-content\/uploads\/2024\/05\/cropped-cropped-cropped-02_00843_jt3bggkj1j3HLc7SyY6rEUpg.jpeg\",\"width\":1600,\"height\":1600,\"caption\":\"skaitytaknyga.lt\"},\"image\":{\"@id\":\"https:\/\/skaitytaknyga.lt\/#\/schema\/logo\/image\/\"},\"sameAs\":[\"https:\/\/www.facebook.com\/skaitytaknyga\/\"]}]}<\/script>\n<!-- \/ Yoast SEO plugin. -->","yoast_head_json":{"title":"\u017d. Vernas \u201eArchipelagas ugnyje\u201c - Skaitytaknyga","description":"Kupiname nuotyki\u0173 romane vaizduojama nelengva ir reikalaujanti daug j\u0117g\u0173 bei narsos dviej\u0173 jaunuoli\u0173 - Had\u017einos ir Anri - meil\u0117.  Veiksmas vyksta 1829 metais kovojan\u010dioje u\u017e savo nepriklausomyb\u0119 Graikijoje, kai Archipelago salyno j\u016broje labai i\u0161plinta piratai, kurie ne tik pl\u0117\u0161ia prekybos laivus, bet ir prekiauja vergais - graikais belaisviais.  Abu jaunuoliai ir grumiasi su blogiu, kur\u012f \u012fk\u016bnija piratas Nikolas Starkas.","robots":{"index":"index","follow":"follow","max-snippet":"max-snippet:-1","max-image-preview":"max-image-preview:large","max-video-preview":"max-video-preview:-1"},"canonical":"https:\/\/skaitytaknyga.lt\/en\/produktas\/z-vernas-archipelagas-ugnyje\/","og_locale":"en_GB","og_type":"article","og_title":"\u017d. Vernas \u201eArchipelagas ugnyje\u201c - Skaitytaknyga","og_description":"Kupiname nuotyki\u0173 romane vaizduojama nelengva ir reikalaujanti daug j\u0117g\u0173 bei narsos dviej\u0173 jaunuoli\u0173 - Had\u017einos ir Anri - meil\u0117.  Veiksmas vyksta 1829 metais kovojan\u010dioje u\u017e savo nepriklausomyb\u0119 Graikijoje, kai Archipelago salyno j\u016broje labai i\u0161plinta piratai, kurie ne tik pl\u0117\u0161ia prekybos laivus, bet ir prekiauja vergais - graikais belaisviais.  Abu jaunuoliai ir grumiasi su blogiu, kur\u012f \u012fk\u016bnija piratas Nikolas Starkas.","og_url":"https:\/\/skaitytaknyga.lt\/en\/produktas\/z-vernas-archipelagas-ugnyje\/","og_site_name":"Skaitytaknyga","article_publisher":"https:\/\/www.facebook.com\/skaitytaknyga\/","article_modified_time":"2024-06-14T17:26:15+00:00","og_image":[{"width":289,"height":463,"url":"https:\/\/skaitytaknyga.lt\/wp-content\/uploads\/2024\/06\/Be-pavadinimo-14.png","type":"image\/png"}],"twitter_card":"summary_large_image","twitter_misc":{"Estimated reading time":"1 minute"},"schema":{"@context":"https:\/\/schema.org","@graph":[{"@type":"WebPage","@id":"https:\/\/skaitytaknyga.lt\/produktas\/z-vernas-archipelagas-ugnyje\/","url":"https:\/\/skaitytaknyga.lt\/produktas\/z-vernas-archipelagas-ugnyje\/","name":"\u017d. Vernas \u201eArchipelagas ugnyje\u201c - Skaitytaknyga","isPartOf":{"@id":"https:\/\/skaitytaknyga.lt\/#website"},"primaryImageOfPage":{"@id":"https:\/\/skaitytaknyga.lt\/produktas\/z-vernas-archipelagas-ugnyje\/#primaryimage"},"image":{"@id":"https:\/\/skaitytaknyga.lt\/produktas\/z-vernas-archipelagas-ugnyje\/#primaryimage"},"thumbnailUrl":"https:\/\/skaitytaknyga.lt\/wp-content\/uploads\/2024\/06\/Be-pavadinimo-14.png","datePublished":"2024-06-14T17:06:51+00:00","dateModified":"2024-06-14T17:26:15+00:00","description":"Kupiname nuotyki\u0173 romane vaizduojama nelengva ir reikalaujanti daug j\u0117g\u0173 bei narsos dviej\u0173 jaunuoli\u0173 - Had\u017einos ir Anri - meil\u0117. Veiksmas vyksta 1829 metais kovojan\u010dioje u\u017e savo nepriklausomyb\u0119 Graikijoje, kai Archipelago salyno j\u016broje labai i\u0161plinta piratai, kurie ne tik pl\u0117\u0161ia prekybos laivus, bet ir prekiauja vergais - graikais belaisviais. Abu jaunuoliai ir grumiasi su blogiu, kur\u012f \u012fk\u016bnija piratas Nikolas Starkas.","breadcrumb":{"@id":"https:\/\/skaitytaknyga.lt\/produktas\/z-vernas-archipelagas-ugnyje\/#breadcrumb"},"inLanguage":"en-GB","potentialAction":[{"@type":"ReadAction","target":["https:\/\/skaitytaknyga.lt\/produktas\/z-vernas-archipelagas-ugnyje\/"]}]},{"@type":"ImageObject","inLanguage":"en-GB","@id":"https:\/\/skaitytaknyga.lt\/produktas\/z-vernas-archipelagas-ugnyje\/#primaryimage","url":"https:\/\/skaitytaknyga.lt\/wp-content\/uploads\/2024\/06\/Be-pavadinimo-14.png","contentUrl":"https:\/\/skaitytaknyga.lt\/wp-content\/uploads\/2024\/06\/Be-pavadinimo-14.png","width":289,"height":463,"caption":"Archipelagas ugnyje"},{"@type":"BreadcrumbList","@id":"https:\/\/skaitytaknyga.lt\/produktas\/z-vernas-archipelagas-ugnyje\/#breadcrumb","itemListElement":[{"@type":"ListItem","position":1,"name":"Home","item":"https:\/\/skaitytaknyga.lt\/"},{"@type":"ListItem","position":2,"name":"Parduotuv\u0117","item":"https:\/\/skaitytaknyga.lt\/knygu-parduotuve\/"},{"@type":"ListItem","position":3,"name":"\u017d. Vernas \u201eArchipelagas ugnyje\u201c"}]},{"@type":"WebSite","@id":"https:\/\/skaitytaknyga.lt\/#website","url":"https:\/\/skaitytaknyga.lt\/","name":"skaitytaknyga.lt","description":"Skaitytaknyga.lt \u2013 tai ma\u017eas \u0161eimos verslas, kuris prasid\u0117jo nuo meil\u0117s knygoms ir siekio i\u0161gelb\u0117ti knygas nuo likimo prie konteinerio. Kas vienam nereikalingas daiktas \u2013 kitam lobis, o mes esame tarpininkai, kurie padeda abiems tapti laimingesniems ???? \u017dinome kaip nelengva i\u0161gyventi ma\u017eiems verslams, tad nuo \u0161iol, \u010dia rasite ir kit\u0173, ma\u017e\u0173 \u0161eim\u0173 versl\u0173, rank\u0173 darbo, dovan\u0173 sau ir artimiesiems.","publisher":{"@id":"https:\/\/skaitytaknyga.lt\/#organization"},"potentialAction":[{"@type":"SearchAction","target":{"@type":"EntryPoint","urlTemplate":"https:\/\/skaitytaknyga.lt\/?s={search_term_string}"},"query-input":{"@type":"PropertyValueSpecification","valueRequired":true,"valueName":"search_term_string"}}],"inLanguage":"en-GB"},{"@type":"Organization","@id":"https:\/\/skaitytaknyga.lt\/#organization","name":"skaitytaknyga.lt","url":"https:\/\/skaitytaknyga.lt\/","logo":{"@type":"ImageObject","inLanguage":"en-GB","@id":"https:\/\/skaitytaknyga.lt\/#\/schema\/logo\/image\/","url":"https:\/\/skaitytaknyga.lt\/wp-content\/uploads\/2024\/05\/cropped-cropped-cropped-02_00843_jt3bggkj1j3HLc7SyY6rEUpg.jpeg","contentUrl":"https:\/\/skaitytaknyga.lt\/wp-content\/uploads\/2024\/05\/cropped-cropped-cropped-02_00843_jt3bggkj1j3HLc7SyY6rEUpg.jpeg","width":1600,"height":1600,"caption":"skaitytaknyga.lt"},"image":{"@id":"https:\/\/skaitytaknyga.lt\/#\/schema\/logo\/image\/"},"sameAs":["https:\/\/www.facebook.com\/skaitytaknyga\/"]}]}},"_links":{"self":[{"href":"https:\/\/skaitytaknyga.lt\/en\/wp-json\/wp\/v2\/product\/12089","targetHints":{"allow":["GET"]}}],"collection":[{"href":"https:\/\/skaitytaknyga.lt\/en\/wp-json\/wp\/v2\/product"}],"about":[{"href":"https:\/\/skaitytaknyga.lt\/en\/wp-json\/wp\/v2\/types\/product"}],"replies":[{"embeddable":true,"href":"https:\/\/skaitytaknyga.lt\/en\/wp-json\/wp\/v2\/comments?post=12089"}],"wp:featuredmedia":[{"embeddable":true,"href":"https:\/\/skaitytaknyga.lt\/en\/wp-json\/wp\/v2\/media\/12090"}],"wp:attachment":[{"href":"https:\/\/skaitytaknyga.lt\/en\/wp-json\/wp\/v2\/media?parent=12089"}],"wp:term":[{"taxonomy":"product_brand","embeddable":true,"href":"https:\/\/skaitytaknyga.lt\/en\/wp-json\/wp\/v2\/product_brand?post=12089"},{"taxonomy":"product_cat","embeddable":true,"href":"https:\/\/skaitytaknyga.lt\/en\/wp-json\/wp\/v2\/product_cat?post=12089"},{"taxonomy":"product_tag","embeddable":true,"href":"https:\/\/skaitytaknyga.lt\/en\/wp-json\/wp\/v2\/product_tag?post=12089"}],"curies":[{"name":"wp","href":"https:\/\/api.w.org\/{rel}","templated":true}]}}