{"id":12082,"date":"2024-02-14T16:38:22","date_gmt":"2024-02-14T16:38:22","guid":{"rendered":"https:\/\/skaitytaknyga.lt\/?post_type=product&#038;p=12082"},"modified":"2024-06-14T16:39:39","modified_gmt":"2024-06-14T16:39:39","slug":"kas-yra-kas-isnyke-ir-nykstantys-gyvunai","status":"publish","type":"product","link":"https:\/\/skaitytaknyga.lt\/en\/produktas\/kas-yra-kas-isnyke-ir-nykstantys-gyvunai\/","title":{"rendered":"Kas yra kas. I\u0161nyk\u0119 ir nykstantys gyv\u016bnai"},"content":{"rendered":"","protected":false},"excerpt":{"rendered":"<p>Biologas ir \u017eurnalistas, ra\u0161antis gamtos moksl\u0173 temomis,\u00a0<strong>dr. Dietmar Mertens<\/strong>\u00a0kompetentingai ir \u012fdomiai pasakoja apie masinius gyv\u016bn\u0173 r\u016b\u0161i\u0173 i\u0161nykimus \u017dem\u0117s geologin\u0117s istorijos eigoje ir kaip civilizacijos pasekm\u0119, vis did\u0117jan\u010di\u0105 \u017emoni\u0173 \u012ftak\u0105 gamtiniams biotopams. Jis atskleid\u017eia \u012fvairi\u0173 gyv\u016bn\u0173 r\u016b\u0161i\u0173 i\u0161nykimo prie\u017eastis, taip pat pataria, k\u0105 kiekvienas i\u0161 m\u016bs\u0173 gali nuveikti, kad pad\u0117t\u0173 i\u0161saugoti bent dalel\u0119 m\u016bs\u0173 gamtos.<\/p>\n","protected":false},"featured_media":12083,"comment_status":"closed","ping_status":"closed","template":"","meta":{"_acf_changed":false,"site-sidebar-layout":"default","site-content-layout":"","ast-site-content-layout":"default","site-content-style":"default","site-sidebar-style":"default","ast-global-header-display":"","ast-banner-title-visibility":"","ast-main-header-display":"","ast-hfb-above-header-display":"","ast-hfb-below-header-display":"","ast-hfb-mobile-header-display":"","site-post-title":"","ast-breadcrumbs-content":"","ast-featured-img":"","footer-sml-layout":"","ast-disable-related-posts":"","theme-transparent-header-meta":"","adv-header-id-meta":"","stick-header-meta":"","header-above-stick-meta":"","header-main-stick-meta":"","header-below-stick-meta":"","astra-migrate-meta-layouts":"default","ast-page-background-enabled":"default","ast-page-background-meta":{"desktop":{"background-color":"","background-image":"","background-repeat":"repeat","background-position":"center center","background-size":"auto","background-attachment":"scroll","background-type":"","background-media":"","overlay-type":"","overlay-color":"","overlay-opacity":"","overlay-gradient":""},"tablet":{"background-color":"","background-image":"","background-repeat":"repeat","background-position":"center center","background-size":"auto","background-attachment":"scroll","background-type":"","background-media":"","overlay-type":"","overlay-color":"","overlay-opacity":"","overlay-gradient":""},"mobile":{"background-color":"","background-image":"","background-repeat":"repeat","background-position":"center center","background-size":"auto","background-attachment":"scroll","background-type":"","background-media":"","overlay-type":"","overlay-color":"","overlay-opacity":"","overlay-gradient":""}},"ast-content-background-meta":{"desktop":{"background-color":"var(--ast-global-color-4)","background-image":"","background-repeat":"repeat","background-position":"center center","background-size":"auto","background-attachment":"scroll","background-type":"","background-media":"","overlay-type":"","overlay-color":"","overlay-opacity":"","overlay-gradient":""},"tablet":{"background-color":"var(--ast-global-color-4)","background-image":"","background-repeat":"repeat","background-position":"center center","background-size":"auto","background-attachment":"scroll","background-type":"","background-media":"","overlay-type":"","overlay-color":"","overlay-opacity":"","overlay-gradient":""},"mobile":{"background-color":"var(--ast-global-color-4)","background-image":"","background-repeat":"repeat","background-position":"center center","background-size":"auto","background-attachment":"scroll","background-type":"","background-media":"","overlay-type":"","overlay-color":"","overlay-opacity":"","overlay-gradient":""}}},"product_brand":[],"product_cat":[35,73],"product_tag":[389],"class_list":{"0":"post-12082","1":"product","2":"type-product","3":"status-publish","4":"has-post-thumbnail","6":"product_cat-vaikams-ir-paaugliams","7":"product_cat-zinynai-ir-enciklopedijos","8":"product_tag-kas-yra-kas","9":"desktop-align-left","10":"tablet-align-left","11":"mobile-align-left","13":"first","14":"instock","15":"shipping-taxable","16":"purchasable","17":"product-type-simple"},"acf":[],"yoast_head":"<!-- This site is optimized with the Yoast SEO plugin v27.0 - https:\/\/yoast.com\/product\/yoast-seo-wordpress\/ -->\n<title>Kas yra kas. I\u0161nyk\u0119 ir nykstantys gyv\u016bnai - Skaitytaknyga<\/title>\n<meta name=\"description\" content=\"Biologas ir \u017eurnalistas, ra\u0161antis gamtos moksl\u0173 temomis,\u00a0dr. Dietmar Mertens\u00a0kompetentingai ir \u012fdomiai pasakoja apie masinius gyv\u016bn\u0173 r\u016b\u0161i\u0173 i\u0161nykimus \u017dem\u0117s geologin\u0117s istorijos eigoje ir kaip civilizacijos pasekm\u0119, vis did\u0117jan\u010di\u0105 \u017emoni\u0173 \u012ftak\u0105 gamtiniams biotopams. Jis atskleid\u017eia \u012fvairi\u0173 gyv\u016bn\u0173 r\u016b\u0161i\u0173 i\u0161nykimo prie\u017eastis, taip pat pataria, k\u0105 kiekvienas i\u0161 m\u016bs\u0173 gali nuveikti, kad pad\u0117t\u0173 i\u0161saugoti bent dalel\u0119 m\u016bs\u0173 gamtos.\" \/>\n<meta name=\"robots\" content=\"index, follow, max-snippet:-1, max-image-preview:large, max-video-preview:-1\" \/>\n<link rel=\"canonical\" href=\"https:\/\/skaitytaknyga.lt\/en\/produktas\/kas-yra-kas-isnyke-ir-nykstantys-gyvunai\/\" \/>\n<meta property=\"og:locale\" content=\"en_GB\" \/>\n<meta property=\"og:locale:alternate\" content=\"lt_LT\" \/>\n<meta property=\"og:type\" content=\"article\" \/>\n<meta property=\"og:title\" content=\"Kas yra kas. I\u0161nyk\u0119 ir nykstantys gyv\u016bnai - Skaitytaknyga\" \/>\n<meta property=\"og:description\" content=\"Biologas ir \u017eurnalistas, ra\u0161antis gamtos moksl\u0173 temomis,\u00a0dr. Dietmar Mertens\u00a0kompetentingai ir \u012fdomiai pasakoja apie masinius gyv\u016bn\u0173 r\u016b\u0161i\u0173 i\u0161nykimus \u017dem\u0117s geologin\u0117s istorijos eigoje ir kaip civilizacijos pasekm\u0119, vis did\u0117jan\u010di\u0105 \u017emoni\u0173 \u012ftak\u0105 gamtiniams biotopams. Jis atskleid\u017eia \u012fvairi\u0173 gyv\u016bn\u0173 r\u016b\u0161i\u0173 i\u0161nykimo prie\u017eastis, taip pat pataria, k\u0105 kiekvienas i\u0161 m\u016bs\u0173 gali nuveikti, kad pad\u0117t\u0173 i\u0161saugoti bent dalel\u0119 m\u016bs\u0173 gamtos.\" \/>\n<meta property=\"og:url\" content=\"https:\/\/skaitytaknyga.lt\/en\/produktas\/kas-yra-kas-isnyke-ir-nykstantys-gyvunai\/\" \/>\n<meta property=\"og:site_name\" content=\"Skaitytaknyga\" \/>\n<meta property=\"article:publisher\" content=\"https:\/\/www.facebook.com\/skaitytaknyga\/\" \/>\n<meta property=\"article:modified_time\" content=\"2024-06-14T16:39:39+00:00\" \/>\n<meta property=\"og:image\" content=\"https:\/\/skaitytaknyga.lt\/wp-content\/uploads\/2024\/06\/Be-pavadinimo-11.png\" \/>\n\t<meta property=\"og:image:width\" content=\"331\" \/>\n\t<meta property=\"og:image:height\" content=\"529\" \/>\n\t<meta property=\"og:image:type\" content=\"image\/png\" \/>\n<meta name=\"twitter:card\" content=\"summary_large_image\" \/>\n<script type=\"application\/ld+json\" class=\"yoast-schema-graph\">{\"@context\":\"https:\/\/schema.org\",\"@graph\":[{\"@type\":\"WebPage\",\"@id\":\"https:\/\/skaitytaknyga.lt\/produktas\/kas-yra-kas-isnyke-ir-nykstantys-gyvunai\/\",\"url\":\"https:\/\/skaitytaknyga.lt\/produktas\/kas-yra-kas-isnyke-ir-nykstantys-gyvunai\/\",\"name\":\"Kas yra kas. I\u0161nyk\u0119 ir nykstantys gyv\u016bnai - Skaitytaknyga\",\"isPartOf\":{\"@id\":\"https:\/\/skaitytaknyga.lt\/#website\"},\"primaryImageOfPage\":{\"@id\":\"https:\/\/skaitytaknyga.lt\/produktas\/kas-yra-kas-isnyke-ir-nykstantys-gyvunai\/#primaryimage\"},\"image\":{\"@id\":\"https:\/\/skaitytaknyga.lt\/produktas\/kas-yra-kas-isnyke-ir-nykstantys-gyvunai\/#primaryimage\"},\"thumbnailUrl\":\"https:\/\/skaitytaknyga.lt\/wp-content\/uploads\/2024\/06\/Be-pavadinimo-11.png\",\"datePublished\":\"2024-02-14T16:38:22+00:00\",\"dateModified\":\"2024-06-14T16:39:39+00:00\",\"description\":\"Biologas ir \u017eurnalistas, ra\u0161antis gamtos moksl\u0173 temomis,\u00a0dr. Dietmar Mertens\u00a0kompetentingai ir \u012fdomiai pasakoja apie masinius gyv\u016bn\u0173 r\u016b\u0161i\u0173 i\u0161nykimus \u017dem\u0117s geologin\u0117s istorijos eigoje ir kaip civilizacijos pasekm\u0119, vis did\u0117jan\u010di\u0105 \u017emoni\u0173 \u012ftak\u0105 gamtiniams biotopams. Jis atskleid\u017eia \u012fvairi\u0173 gyv\u016bn\u0173 r\u016b\u0161i\u0173 i\u0161nykimo prie\u017eastis, taip pat pataria, k\u0105 kiekvienas i\u0161 m\u016bs\u0173 gali nuveikti, kad pad\u0117t\u0173 i\u0161saugoti bent dalel\u0119 m\u016bs\u0173 gamtos.\",\"breadcrumb\":{\"@id\":\"https:\/\/skaitytaknyga.lt\/produktas\/kas-yra-kas-isnyke-ir-nykstantys-gyvunai\/#breadcrumb\"},\"inLanguage\":\"en-GB\",\"potentialAction\":[{\"@type\":\"ReadAction\",\"target\":[\"https:\/\/skaitytaknyga.lt\/produktas\/kas-yra-kas-isnyke-ir-nykstantys-gyvunai\/\"]}]},{\"@type\":\"ImageObject\",\"inLanguage\":\"en-GB\",\"@id\":\"https:\/\/skaitytaknyga.lt\/produktas\/kas-yra-kas-isnyke-ir-nykstantys-gyvunai\/#primaryimage\",\"url\":\"https:\/\/skaitytaknyga.lt\/wp-content\/uploads\/2024\/06\/Be-pavadinimo-11.png\",\"contentUrl\":\"https:\/\/skaitytaknyga.lt\/wp-content\/uploads\/2024\/06\/Be-pavadinimo-11.png\",\"width\":331,\"height\":529,\"caption\":\"I\u0161nyk\u0119 ir nykstantys gyv\u016bnai\"},{\"@type\":\"BreadcrumbList\",\"@id\":\"https:\/\/skaitytaknyga.lt\/produktas\/kas-yra-kas-isnyke-ir-nykstantys-gyvunai\/#breadcrumb\",\"itemListElement\":[{\"@type\":\"ListItem\",\"position\":1,\"name\":\"Home\",\"item\":\"https:\/\/skaitytaknyga.lt\/\"},{\"@type\":\"ListItem\",\"position\":2,\"name\":\"Parduotuv\u0117\",\"item\":\"https:\/\/skaitytaknyga.lt\/knygu-parduotuve\/\"},{\"@type\":\"ListItem\",\"position\":3,\"name\":\"Kas yra kas. I\u0161nyk\u0119 ir nykstantys gyv\u016bnai\"}]},{\"@type\":\"WebSite\",\"@id\":\"https:\/\/skaitytaknyga.lt\/#website\",\"url\":\"https:\/\/skaitytaknyga.lt\/\",\"name\":\"skaitytaknyga.lt\",\"description\":\"Skaitytaknyga.lt \u2013 tai ma\u017eas \u0161eimos verslas, kuris prasid\u0117jo nuo meil\u0117s knygoms ir siekio i\u0161gelb\u0117ti knygas nuo likimo prie konteinerio. Kas vienam nereikalingas daiktas \u2013 kitam lobis, o mes esame tarpininkai, kurie padeda abiems tapti laimingesniems ???? \u017dinome kaip nelengva i\u0161gyventi ma\u017eiems verslams, tad nuo \u0161iol, \u010dia rasite ir kit\u0173, ma\u017e\u0173 \u0161eim\u0173 versl\u0173, rank\u0173 darbo, dovan\u0173 sau ir artimiesiems.\",\"publisher\":{\"@id\":\"https:\/\/skaitytaknyga.lt\/#organization\"},\"potentialAction\":[{\"@type\":\"SearchAction\",\"target\":{\"@type\":\"EntryPoint\",\"urlTemplate\":\"https:\/\/skaitytaknyga.lt\/?s={search_term_string}\"},\"query-input\":{\"@type\":\"PropertyValueSpecification\",\"valueRequired\":true,\"valueName\":\"search_term_string\"}}],\"inLanguage\":\"en-GB\"},{\"@type\":\"Organization\",\"@id\":\"https:\/\/skaitytaknyga.lt\/#organization\",\"name\":\"skaitytaknyga.lt\",\"url\":\"https:\/\/skaitytaknyga.lt\/\",\"logo\":{\"@type\":\"ImageObject\",\"inLanguage\":\"en-GB\",\"@id\":\"https:\/\/skaitytaknyga.lt\/#\/schema\/logo\/image\/\",\"url\":\"https:\/\/skaitytaknyga.lt\/wp-content\/uploads\/2024\/05\/cropped-cropped-cropped-02_00843_jt3bggkj1j3HLc7SyY6rEUpg.jpeg\",\"contentUrl\":\"https:\/\/skaitytaknyga.lt\/wp-content\/uploads\/2024\/05\/cropped-cropped-cropped-02_00843_jt3bggkj1j3HLc7SyY6rEUpg.jpeg\",\"width\":1600,\"height\":1600,\"caption\":\"skaitytaknyga.lt\"},\"image\":{\"@id\":\"https:\/\/skaitytaknyga.lt\/#\/schema\/logo\/image\/\"},\"sameAs\":[\"https:\/\/www.facebook.com\/skaitytaknyga\/\"]}]}<\/script>\n<!-- \/ Yoast SEO plugin. -->","yoast_head_json":{"title":"Kas yra kas. I\u0161nyk\u0119 ir nykstantys gyv\u016bnai - Skaitytaknyga","description":"Biologas ir \u017eurnalistas, ra\u0161antis gamtos moksl\u0173 temomis,\u00a0dr. Dietmar Mertens\u00a0kompetentingai ir \u012fdomiai pasakoja apie masinius gyv\u016bn\u0173 r\u016b\u0161i\u0173 i\u0161nykimus \u017dem\u0117s geologin\u0117s istorijos eigoje ir kaip civilizacijos pasekm\u0119, vis did\u0117jan\u010di\u0105 \u017emoni\u0173 \u012ftak\u0105 gamtiniams biotopams. Jis atskleid\u017eia \u012fvairi\u0173 gyv\u016bn\u0173 r\u016b\u0161i\u0173 i\u0161nykimo prie\u017eastis, taip pat pataria, k\u0105 kiekvienas i\u0161 m\u016bs\u0173 gali nuveikti, kad pad\u0117t\u0173 i\u0161saugoti bent dalel\u0119 m\u016bs\u0173 gamtos.","robots":{"index":"index","follow":"follow","max-snippet":"max-snippet:-1","max-image-preview":"max-image-preview:large","max-video-preview":"max-video-preview:-1"},"canonical":"https:\/\/skaitytaknyga.lt\/en\/produktas\/kas-yra-kas-isnyke-ir-nykstantys-gyvunai\/","og_locale":"en_GB","og_type":"article","og_title":"Kas yra kas. I\u0161nyk\u0119 ir nykstantys gyv\u016bnai - Skaitytaknyga","og_description":"Biologas ir \u017eurnalistas, ra\u0161antis gamtos moksl\u0173 temomis,\u00a0dr. Dietmar Mertens\u00a0kompetentingai ir \u012fdomiai pasakoja apie masinius gyv\u016bn\u0173 r\u016b\u0161i\u0173 i\u0161nykimus \u017dem\u0117s geologin\u0117s istorijos eigoje ir kaip civilizacijos pasekm\u0119, vis did\u0117jan\u010di\u0105 \u017emoni\u0173 \u012ftak\u0105 gamtiniams biotopams. Jis atskleid\u017eia \u012fvairi\u0173 gyv\u016bn\u0173 r\u016b\u0161i\u0173 i\u0161nykimo prie\u017eastis, taip pat pataria, k\u0105 kiekvienas i\u0161 m\u016bs\u0173 gali nuveikti, kad pad\u0117t\u0173 i\u0161saugoti bent dalel\u0119 m\u016bs\u0173 gamtos.","og_url":"https:\/\/skaitytaknyga.lt\/en\/produktas\/kas-yra-kas-isnyke-ir-nykstantys-gyvunai\/","og_site_name":"Skaitytaknyga","article_publisher":"https:\/\/www.facebook.com\/skaitytaknyga\/","article_modified_time":"2024-06-14T16:39:39+00:00","og_image":[{"width":331,"height":529,"url":"https:\/\/skaitytaknyga.lt\/wp-content\/uploads\/2024\/06\/Be-pavadinimo-11.png","type":"image\/png"}],"twitter_card":"summary_large_image","schema":{"@context":"https:\/\/schema.org","@graph":[{"@type":"WebPage","@id":"https:\/\/skaitytaknyga.lt\/produktas\/kas-yra-kas-isnyke-ir-nykstantys-gyvunai\/","url":"https:\/\/skaitytaknyga.lt\/produktas\/kas-yra-kas-isnyke-ir-nykstantys-gyvunai\/","name":"Kas yra kas. I\u0161nyk\u0119 ir nykstantys gyv\u016bnai - Skaitytaknyga","isPartOf":{"@id":"https:\/\/skaitytaknyga.lt\/#website"},"primaryImageOfPage":{"@id":"https:\/\/skaitytaknyga.lt\/produktas\/kas-yra-kas-isnyke-ir-nykstantys-gyvunai\/#primaryimage"},"image":{"@id":"https:\/\/skaitytaknyga.lt\/produktas\/kas-yra-kas-isnyke-ir-nykstantys-gyvunai\/#primaryimage"},"thumbnailUrl":"https:\/\/skaitytaknyga.lt\/wp-content\/uploads\/2024\/06\/Be-pavadinimo-11.png","datePublished":"2024-02-14T16:38:22+00:00","dateModified":"2024-06-14T16:39:39+00:00","description":"Biologas ir \u017eurnalistas, ra\u0161antis gamtos moksl\u0173 temomis,\u00a0dr. Dietmar Mertens\u00a0kompetentingai ir \u012fdomiai pasakoja apie masinius gyv\u016bn\u0173 r\u016b\u0161i\u0173 i\u0161nykimus \u017dem\u0117s geologin\u0117s istorijos eigoje ir kaip civilizacijos pasekm\u0119, vis did\u0117jan\u010di\u0105 \u017emoni\u0173 \u012ftak\u0105 gamtiniams biotopams. Jis atskleid\u017eia \u012fvairi\u0173 gyv\u016bn\u0173 r\u016b\u0161i\u0173 i\u0161nykimo prie\u017eastis, taip pat pataria, k\u0105 kiekvienas i\u0161 m\u016bs\u0173 gali nuveikti, kad pad\u0117t\u0173 i\u0161saugoti bent dalel\u0119 m\u016bs\u0173 gamtos.","breadcrumb":{"@id":"https:\/\/skaitytaknyga.lt\/produktas\/kas-yra-kas-isnyke-ir-nykstantys-gyvunai\/#breadcrumb"},"inLanguage":"en-GB","potentialAction":[{"@type":"ReadAction","target":["https:\/\/skaitytaknyga.lt\/produktas\/kas-yra-kas-isnyke-ir-nykstantys-gyvunai\/"]}]},{"@type":"ImageObject","inLanguage":"en-GB","@id":"https:\/\/skaitytaknyga.lt\/produktas\/kas-yra-kas-isnyke-ir-nykstantys-gyvunai\/#primaryimage","url":"https:\/\/skaitytaknyga.lt\/wp-content\/uploads\/2024\/06\/Be-pavadinimo-11.png","contentUrl":"https:\/\/skaitytaknyga.lt\/wp-content\/uploads\/2024\/06\/Be-pavadinimo-11.png","width":331,"height":529,"caption":"I\u0161nyk\u0119 ir nykstantys gyv\u016bnai"},{"@type":"BreadcrumbList","@id":"https:\/\/skaitytaknyga.lt\/produktas\/kas-yra-kas-isnyke-ir-nykstantys-gyvunai\/#breadcrumb","itemListElement":[{"@type":"ListItem","position":1,"name":"Home","item":"https:\/\/skaitytaknyga.lt\/"},{"@type":"ListItem","position":2,"name":"Parduotuv\u0117","item":"https:\/\/skaitytaknyga.lt\/knygu-parduotuve\/"},{"@type":"ListItem","position":3,"name":"Kas yra kas. I\u0161nyk\u0119 ir nykstantys gyv\u016bnai"}]},{"@type":"WebSite","@id":"https:\/\/skaitytaknyga.lt\/#website","url":"https:\/\/skaitytaknyga.lt\/","name":"skaitytaknyga.lt","description":"Skaitytaknyga.lt \u2013 tai ma\u017eas \u0161eimos verslas, kuris prasid\u0117jo nuo meil\u0117s knygoms ir siekio i\u0161gelb\u0117ti knygas nuo likimo prie konteinerio. Kas vienam nereikalingas daiktas \u2013 kitam lobis, o mes esame tarpininkai, kurie padeda abiems tapti laimingesniems ???? \u017dinome kaip nelengva i\u0161gyventi ma\u017eiems verslams, tad nuo \u0161iol, \u010dia rasite ir kit\u0173, ma\u017e\u0173 \u0161eim\u0173 versl\u0173, rank\u0173 darbo, dovan\u0173 sau ir artimiesiems.","publisher":{"@id":"https:\/\/skaitytaknyga.lt\/#organization"},"potentialAction":[{"@type":"SearchAction","target":{"@type":"EntryPoint","urlTemplate":"https:\/\/skaitytaknyga.lt\/?s={search_term_string}"},"query-input":{"@type":"PropertyValueSpecification","valueRequired":true,"valueName":"search_term_string"}}],"inLanguage":"en-GB"},{"@type":"Organization","@id":"https:\/\/skaitytaknyga.lt\/#organization","name":"skaitytaknyga.lt","url":"https:\/\/skaitytaknyga.lt\/","logo":{"@type":"ImageObject","inLanguage":"en-GB","@id":"https:\/\/skaitytaknyga.lt\/#\/schema\/logo\/image\/","url":"https:\/\/skaitytaknyga.lt\/wp-content\/uploads\/2024\/05\/cropped-cropped-cropped-02_00843_jt3bggkj1j3HLc7SyY6rEUpg.jpeg","contentUrl":"https:\/\/skaitytaknyga.lt\/wp-content\/uploads\/2024\/05\/cropped-cropped-cropped-02_00843_jt3bggkj1j3HLc7SyY6rEUpg.jpeg","width":1600,"height":1600,"caption":"skaitytaknyga.lt"},"image":{"@id":"https:\/\/skaitytaknyga.lt\/#\/schema\/logo\/image\/"},"sameAs":["https:\/\/www.facebook.com\/skaitytaknyga\/"]}]}},"_links":{"self":[{"href":"https:\/\/skaitytaknyga.lt\/en\/wp-json\/wp\/v2\/product\/12082","targetHints":{"allow":["GET"]}}],"collection":[{"href":"https:\/\/skaitytaknyga.lt\/en\/wp-json\/wp\/v2\/product"}],"about":[{"href":"https:\/\/skaitytaknyga.lt\/en\/wp-json\/wp\/v2\/types\/product"}],"replies":[{"embeddable":true,"href":"https:\/\/skaitytaknyga.lt\/en\/wp-json\/wp\/v2\/comments?post=12082"}],"wp:featuredmedia":[{"embeddable":true,"href":"https:\/\/skaitytaknyga.lt\/en\/wp-json\/wp\/v2\/media\/12083"}],"wp:attachment":[{"href":"https:\/\/skaitytaknyga.lt\/en\/wp-json\/wp\/v2\/media?parent=12082"}],"wp:term":[{"taxonomy":"product_brand","embeddable":true,"href":"https:\/\/skaitytaknyga.lt\/en\/wp-json\/wp\/v2\/product_brand?post=12082"},{"taxonomy":"product_cat","embeddable":true,"href":"https:\/\/skaitytaknyga.lt\/en\/wp-json\/wp\/v2\/product_cat?post=12082"},{"taxonomy":"product_tag","embeddable":true,"href":"https:\/\/skaitytaknyga.lt\/en\/wp-json\/wp\/v2\/product_tag?post=12082"}],"curies":[{"name":"wp","href":"https:\/\/api.w.org\/{rel}","templated":true}]}}