{"id":12080,"date":"2024-01-14T16:35:09","date_gmt":"2024-01-14T16:35:09","guid":{"rendered":"https:\/\/skaitytaknyga.lt\/?post_type=product&#038;p=12080"},"modified":"2024-06-14T16:37:08","modified_gmt":"2024-06-14T16:37:08","slug":"kas-yra-kas-medicina-gydytojai-dvasios-ir-vaistai-kampo-defektas","status":"publish","type":"product","link":"https:\/\/skaitytaknyga.lt\/en\/produktas\/kas-yra-kas-medicina-gydytojai-dvasios-ir-vaistai-kampo-defektas\/","title":{"rendered":"Kas yra kas. Medicina. Gydytojai, dvasios ir vaistai (kampo defektas)"},"content":{"rendered":"","protected":false},"excerpt":{"rendered":"<p>Kaip akmens am\u017eiuje buvo gydomas galvos skausmas? Kod\u0117l buvo malamos ir kam naudojamos Egipto mumijos? Kaip daroma \u0161irdies persodinimo operacija? Kod\u0117l kai kuri\u0173 \u017emoni\u0173 galvos u\u017e\u0161aldomos?<\/p>\n<p>\u0160i knyga pasakoja apie \u017einiuonis ir magij\u0105, XVIII am\u017eiaus anatom\u0173 darbus, anestetik\u0173 bei antibiotik\u0173 atradim\u0105, taip pat apie tai, kaip buvo kuriama kosmin\u0117 medicina bei kriogenika.<\/p>\n","protected":false},"featured_media":12081,"comment_status":"closed","ping_status":"closed","template":"","meta":{"_acf_changed":false,"site-sidebar-layout":"default","site-content-layout":"","ast-site-content-layout":"default","site-content-style":"default","site-sidebar-style":"default","ast-global-header-display":"","ast-banner-title-visibility":"","ast-main-header-display":"","ast-hfb-above-header-display":"","ast-hfb-below-header-display":"","ast-hfb-mobile-header-display":"","site-post-title":"","ast-breadcrumbs-content":"","ast-featured-img":"","footer-sml-layout":"","ast-disable-related-posts":"","theme-transparent-header-meta":"","adv-header-id-meta":"","stick-header-meta":"","header-above-stick-meta":"","header-main-stick-meta":"","header-below-stick-meta":"","astra-migrate-meta-layouts":"default","ast-page-background-enabled":"default","ast-page-background-meta":{"desktop":{"background-color":"","background-image":"","background-repeat":"repeat","background-position":"center center","background-size":"auto","background-attachment":"scroll","background-type":"","background-media":"","overlay-type":"","overlay-color":"","overlay-opacity":"","overlay-gradient":""},"tablet":{"background-color":"","background-image":"","background-repeat":"repeat","background-position":"center center","background-size":"auto","background-attachment":"scroll","background-type":"","background-media":"","overlay-type":"","overlay-color":"","overlay-opacity":"","overlay-gradient":""},"mobile":{"background-color":"","background-image":"","background-repeat":"repeat","background-position":"center center","background-size":"auto","background-attachment":"scroll","background-type":"","background-media":"","overlay-type":"","overlay-color":"","overlay-opacity":"","overlay-gradient":""}},"ast-content-background-meta":{"desktop":{"background-color":"var(--ast-global-color-4)","background-image":"","background-repeat":"repeat","background-position":"center center","background-size":"auto","background-attachment":"scroll","background-type":"","background-media":"","overlay-type":"","overlay-color":"","overlay-opacity":"","overlay-gradient":""},"tablet":{"background-color":"var(--ast-global-color-4)","background-image":"","background-repeat":"repeat","background-position":"center center","background-size":"auto","background-attachment":"scroll","background-type":"","background-media":"","overlay-type":"","overlay-color":"","overlay-opacity":"","overlay-gradient":""},"mobile":{"background-color":"var(--ast-global-color-4)","background-image":"","background-repeat":"repeat","background-position":"center center","background-size":"auto","background-attachment":"scroll","background-type":"","background-media":"","overlay-type":"","overlay-color":"","overlay-opacity":"","overlay-gradient":""}}},"product_brand":[],"product_cat":[35,73],"product_tag":[389],"class_list":{"0":"post-12080","1":"product","2":"type-product","3":"status-publish","4":"has-post-thumbnail","6":"product_cat-vaikams-ir-paaugliams","7":"product_cat-zinynai-ir-enciklopedijos","8":"product_tag-kas-yra-kas","9":"desktop-align-left","10":"tablet-align-left","11":"mobile-align-left","13":"first","14":"instock","15":"shipping-taxable","16":"purchasable","17":"product-type-simple"},"acf":[],"yoast_head":"<!-- This site is optimized with the Yoast SEO plugin v27.0 - https:\/\/yoast.com\/product\/yoast-seo-wordpress\/ -->\n<title>Kas yra kas. Medicina. Gydytojai, dvasios ir vaistai (kampo defektas) - Skaitytaknyga<\/title>\n<meta name=\"description\" content=\"Kaip akmens am\u017eiuje buvo gydomas galvos skausmas? Kod\u0117l buvo malamos ir kam naudojamos Egipto mumijos? Kaip daroma \u0161irdies persodinimo operacija? Kod\u0117l kai kuri\u0173 \u017emoni\u0173 galvos u\u017e\u0161aldomos?  \u0160i knyga pasakoja apie \u017einiuonis ir magij\u0105, XVIII am\u017eiaus anatom\u0173 darbus, anestetik\u0173 bei antibiotik\u0173 atradim\u0105, taip pat apie tai, kaip buvo kuriama kosmin\u0117 medicina bei kriogenika.\" \/>\n<meta name=\"robots\" content=\"index, follow, max-snippet:-1, max-image-preview:large, max-video-preview:-1\" \/>\n<link rel=\"canonical\" href=\"https:\/\/skaitytaknyga.lt\/en\/produktas\/kas-yra-kas-medicina-gydytojai-dvasios-ir-vaistai-kampo-defektas\/\" \/>\n<meta property=\"og:locale\" content=\"en_GB\" \/>\n<meta property=\"og:locale:alternate\" content=\"lt_LT\" \/>\n<meta property=\"og:type\" content=\"article\" \/>\n<meta property=\"og:title\" content=\"Kas yra kas. Medicina. Gydytojai, dvasios ir vaistai (kampo defektas) - Skaitytaknyga\" \/>\n<meta property=\"og:description\" content=\"Kaip akmens am\u017eiuje buvo gydomas galvos skausmas? Kod\u0117l buvo malamos ir kam naudojamos Egipto mumijos? Kaip daroma \u0161irdies persodinimo operacija? Kod\u0117l kai kuri\u0173 \u017emoni\u0173 galvos u\u017e\u0161aldomos?  \u0160i knyga pasakoja apie \u017einiuonis ir magij\u0105, XVIII am\u017eiaus anatom\u0173 darbus, anestetik\u0173 bei antibiotik\u0173 atradim\u0105, taip pat apie tai, kaip buvo kuriama kosmin\u0117 medicina bei kriogenika.\" \/>\n<meta property=\"og:url\" content=\"https:\/\/skaitytaknyga.lt\/en\/produktas\/kas-yra-kas-medicina-gydytojai-dvasios-ir-vaistai-kampo-defektas\/\" \/>\n<meta property=\"og:site_name\" content=\"Skaitytaknyga\" \/>\n<meta property=\"article:publisher\" content=\"https:\/\/www.facebook.com\/skaitytaknyga\/\" \/>\n<meta property=\"article:modified_time\" content=\"2024-06-14T16:37:08+00:00\" \/>\n<meta property=\"og:image\" content=\"https:\/\/skaitytaknyga.lt\/wp-content\/uploads\/2024\/06\/Be-pavadinimo-10.png\" \/>\n\t<meta property=\"og:image:width\" content=\"368\" \/>\n\t<meta property=\"og:image:height\" content=\"475\" \/>\n\t<meta property=\"og:image:type\" content=\"image\/png\" \/>\n<meta name=\"twitter:card\" content=\"summary_large_image\" \/>\n<script type=\"application\/ld+json\" class=\"yoast-schema-graph\">{\"@context\":\"https:\/\/schema.org\",\"@graph\":[{\"@type\":\"WebPage\",\"@id\":\"https:\/\/skaitytaknyga.lt\/produktas\/kas-yra-kas-medicina-gydytojai-dvasios-ir-vaistai-kampo-defektas\/\",\"url\":\"https:\/\/skaitytaknyga.lt\/produktas\/kas-yra-kas-medicina-gydytojai-dvasios-ir-vaistai-kampo-defektas\/\",\"name\":\"Kas yra kas. Medicina. Gydytojai, dvasios ir vaistai (kampo defektas) - Skaitytaknyga\",\"isPartOf\":{\"@id\":\"https:\/\/skaitytaknyga.lt\/#website\"},\"primaryImageOfPage\":{\"@id\":\"https:\/\/skaitytaknyga.lt\/produktas\/kas-yra-kas-medicina-gydytojai-dvasios-ir-vaistai-kampo-defektas\/#primaryimage\"},\"image\":{\"@id\":\"https:\/\/skaitytaknyga.lt\/produktas\/kas-yra-kas-medicina-gydytojai-dvasios-ir-vaistai-kampo-defektas\/#primaryimage\"},\"thumbnailUrl\":\"https:\/\/skaitytaknyga.lt\/wp-content\/uploads\/2024\/06\/Be-pavadinimo-10.png\",\"datePublished\":\"2024-01-14T16:35:09+00:00\",\"dateModified\":\"2024-06-14T16:37:08+00:00\",\"description\":\"Kaip akmens am\u017eiuje buvo gydomas galvos skausmas? Kod\u0117l buvo malamos ir kam naudojamos Egipto mumijos? Kaip daroma \u0161irdies persodinimo operacija? Kod\u0117l kai kuri\u0173 \u017emoni\u0173 galvos u\u017e\u0161aldomos? \u0160i knyga pasakoja apie \u017einiuonis ir magij\u0105, XVIII am\u017eiaus anatom\u0173 darbus, anestetik\u0173 bei antibiotik\u0173 atradim\u0105, taip pat apie tai, kaip buvo kuriama kosmin\u0117 medicina bei kriogenika.\",\"breadcrumb\":{\"@id\":\"https:\/\/skaitytaknyga.lt\/produktas\/kas-yra-kas-medicina-gydytojai-dvasios-ir-vaistai-kampo-defektas\/#breadcrumb\"},\"inLanguage\":\"en-GB\",\"potentialAction\":[{\"@type\":\"ReadAction\",\"target\":[\"https:\/\/skaitytaknyga.lt\/produktas\/kas-yra-kas-medicina-gydytojai-dvasios-ir-vaistai-kampo-defektas\/\"]}]},{\"@type\":\"ImageObject\",\"inLanguage\":\"en-GB\",\"@id\":\"https:\/\/skaitytaknyga.lt\/produktas\/kas-yra-kas-medicina-gydytojai-dvasios-ir-vaistai-kampo-defektas\/#primaryimage\",\"url\":\"https:\/\/skaitytaknyga.lt\/wp-content\/uploads\/2024\/06\/Be-pavadinimo-10.png\",\"contentUrl\":\"https:\/\/skaitytaknyga.lt\/wp-content\/uploads\/2024\/06\/Be-pavadinimo-10.png\",\"width\":368,\"height\":475,\"caption\":\"Medicina. Gydytojai, dvasios ir vaistai\"},{\"@type\":\"BreadcrumbList\",\"@id\":\"https:\/\/skaitytaknyga.lt\/produktas\/kas-yra-kas-medicina-gydytojai-dvasios-ir-vaistai-kampo-defektas\/#breadcrumb\",\"itemListElement\":[{\"@type\":\"ListItem\",\"position\":1,\"name\":\"Home\",\"item\":\"https:\/\/skaitytaknyga.lt\/\"},{\"@type\":\"ListItem\",\"position\":2,\"name\":\"Parduotuv\u0117\",\"item\":\"https:\/\/skaitytaknyga.lt\/knygu-parduotuve\/\"},{\"@type\":\"ListItem\",\"position\":3,\"name\":\"Kas yra kas. Medicina. Gydytojai, dvasios ir vaistai (kampo defektas)\"}]},{\"@type\":\"WebSite\",\"@id\":\"https:\/\/skaitytaknyga.lt\/#website\",\"url\":\"https:\/\/skaitytaknyga.lt\/\",\"name\":\"skaitytaknyga.lt\",\"description\":\"Skaitytaknyga.lt \u2013 tai ma\u017eas \u0161eimos verslas, kuris prasid\u0117jo nuo meil\u0117s knygoms ir siekio i\u0161gelb\u0117ti knygas nuo likimo prie konteinerio. Kas vienam nereikalingas daiktas \u2013 kitam lobis, o mes esame tarpininkai, kurie padeda abiems tapti laimingesniems ???? \u017dinome kaip nelengva i\u0161gyventi ma\u017eiems verslams, tad nuo \u0161iol, \u010dia rasite ir kit\u0173, ma\u017e\u0173 \u0161eim\u0173 versl\u0173, rank\u0173 darbo, dovan\u0173 sau ir artimiesiems.\",\"publisher\":{\"@id\":\"https:\/\/skaitytaknyga.lt\/#organization\"},\"potentialAction\":[{\"@type\":\"SearchAction\",\"target\":{\"@type\":\"EntryPoint\",\"urlTemplate\":\"https:\/\/skaitytaknyga.lt\/?s={search_term_string}\"},\"query-input\":{\"@type\":\"PropertyValueSpecification\",\"valueRequired\":true,\"valueName\":\"search_term_string\"}}],\"inLanguage\":\"en-GB\"},{\"@type\":\"Organization\",\"@id\":\"https:\/\/skaitytaknyga.lt\/#organization\",\"name\":\"skaitytaknyga.lt\",\"url\":\"https:\/\/skaitytaknyga.lt\/\",\"logo\":{\"@type\":\"ImageObject\",\"inLanguage\":\"en-GB\",\"@id\":\"https:\/\/skaitytaknyga.lt\/#\/schema\/logo\/image\/\",\"url\":\"https:\/\/skaitytaknyga.lt\/wp-content\/uploads\/2024\/05\/cropped-cropped-cropped-02_00843_jt3bggkj1j3HLc7SyY6rEUpg.jpeg\",\"contentUrl\":\"https:\/\/skaitytaknyga.lt\/wp-content\/uploads\/2024\/05\/cropped-cropped-cropped-02_00843_jt3bggkj1j3HLc7SyY6rEUpg.jpeg\",\"width\":1600,\"height\":1600,\"caption\":\"skaitytaknyga.lt\"},\"image\":{\"@id\":\"https:\/\/skaitytaknyga.lt\/#\/schema\/logo\/image\/\"},\"sameAs\":[\"https:\/\/www.facebook.com\/skaitytaknyga\/\"]}]}<\/script>\n<!-- \/ Yoast SEO plugin. -->","yoast_head_json":{"title":"Kas yra kas. Medicina. Gydytojai, dvasios ir vaistai (kampo defektas) - Skaitytaknyga","description":"Kaip akmens am\u017eiuje buvo gydomas galvos skausmas? Kod\u0117l buvo malamos ir kam naudojamos Egipto mumijos? Kaip daroma \u0161irdies persodinimo operacija? Kod\u0117l kai kuri\u0173 \u017emoni\u0173 galvos u\u017e\u0161aldomos?  \u0160i knyga pasakoja apie \u017einiuonis ir magij\u0105, XVIII am\u017eiaus anatom\u0173 darbus, anestetik\u0173 bei antibiotik\u0173 atradim\u0105, taip pat apie tai, kaip buvo kuriama kosmin\u0117 medicina bei kriogenika.","robots":{"index":"index","follow":"follow","max-snippet":"max-snippet:-1","max-image-preview":"max-image-preview:large","max-video-preview":"max-video-preview:-1"},"canonical":"https:\/\/skaitytaknyga.lt\/en\/produktas\/kas-yra-kas-medicina-gydytojai-dvasios-ir-vaistai-kampo-defektas\/","og_locale":"en_GB","og_type":"article","og_title":"Kas yra kas. Medicina. Gydytojai, dvasios ir vaistai (kampo defektas) - Skaitytaknyga","og_description":"Kaip akmens am\u017eiuje buvo gydomas galvos skausmas? Kod\u0117l buvo malamos ir kam naudojamos Egipto mumijos? Kaip daroma \u0161irdies persodinimo operacija? Kod\u0117l kai kuri\u0173 \u017emoni\u0173 galvos u\u017e\u0161aldomos?  \u0160i knyga pasakoja apie \u017einiuonis ir magij\u0105, XVIII am\u017eiaus anatom\u0173 darbus, anestetik\u0173 bei antibiotik\u0173 atradim\u0105, taip pat apie tai, kaip buvo kuriama kosmin\u0117 medicina bei kriogenika.","og_url":"https:\/\/skaitytaknyga.lt\/en\/produktas\/kas-yra-kas-medicina-gydytojai-dvasios-ir-vaistai-kampo-defektas\/","og_site_name":"Skaitytaknyga","article_publisher":"https:\/\/www.facebook.com\/skaitytaknyga\/","article_modified_time":"2024-06-14T16:37:08+00:00","og_image":[{"width":368,"height":475,"url":"https:\/\/skaitytaknyga.lt\/wp-content\/uploads\/2024\/06\/Be-pavadinimo-10.png","type":"image\/png"}],"twitter_card":"summary_large_image","schema":{"@context":"https:\/\/schema.org","@graph":[{"@type":"WebPage","@id":"https:\/\/skaitytaknyga.lt\/produktas\/kas-yra-kas-medicina-gydytojai-dvasios-ir-vaistai-kampo-defektas\/","url":"https:\/\/skaitytaknyga.lt\/produktas\/kas-yra-kas-medicina-gydytojai-dvasios-ir-vaistai-kampo-defektas\/","name":"Kas yra kas. Medicina. Gydytojai, dvasios ir vaistai (kampo defektas) - Skaitytaknyga","isPartOf":{"@id":"https:\/\/skaitytaknyga.lt\/#website"},"primaryImageOfPage":{"@id":"https:\/\/skaitytaknyga.lt\/produktas\/kas-yra-kas-medicina-gydytojai-dvasios-ir-vaistai-kampo-defektas\/#primaryimage"},"image":{"@id":"https:\/\/skaitytaknyga.lt\/produktas\/kas-yra-kas-medicina-gydytojai-dvasios-ir-vaistai-kampo-defektas\/#primaryimage"},"thumbnailUrl":"https:\/\/skaitytaknyga.lt\/wp-content\/uploads\/2024\/06\/Be-pavadinimo-10.png","datePublished":"2024-01-14T16:35:09+00:00","dateModified":"2024-06-14T16:37:08+00:00","description":"Kaip akmens am\u017eiuje buvo gydomas galvos skausmas? Kod\u0117l buvo malamos ir kam naudojamos Egipto mumijos? Kaip daroma \u0161irdies persodinimo operacija? Kod\u0117l kai kuri\u0173 \u017emoni\u0173 galvos u\u017e\u0161aldomos? \u0160i knyga pasakoja apie \u017einiuonis ir magij\u0105, XVIII am\u017eiaus anatom\u0173 darbus, anestetik\u0173 bei antibiotik\u0173 atradim\u0105, taip pat apie tai, kaip buvo kuriama kosmin\u0117 medicina bei kriogenika.","breadcrumb":{"@id":"https:\/\/skaitytaknyga.lt\/produktas\/kas-yra-kas-medicina-gydytojai-dvasios-ir-vaistai-kampo-defektas\/#breadcrumb"},"inLanguage":"en-GB","potentialAction":[{"@type":"ReadAction","target":["https:\/\/skaitytaknyga.lt\/produktas\/kas-yra-kas-medicina-gydytojai-dvasios-ir-vaistai-kampo-defektas\/"]}]},{"@type":"ImageObject","inLanguage":"en-GB","@id":"https:\/\/skaitytaknyga.lt\/produktas\/kas-yra-kas-medicina-gydytojai-dvasios-ir-vaistai-kampo-defektas\/#primaryimage","url":"https:\/\/skaitytaknyga.lt\/wp-content\/uploads\/2024\/06\/Be-pavadinimo-10.png","contentUrl":"https:\/\/skaitytaknyga.lt\/wp-content\/uploads\/2024\/06\/Be-pavadinimo-10.png","width":368,"height":475,"caption":"Medicina. Gydytojai, dvasios ir vaistai"},{"@type":"BreadcrumbList","@id":"https:\/\/skaitytaknyga.lt\/produktas\/kas-yra-kas-medicina-gydytojai-dvasios-ir-vaistai-kampo-defektas\/#breadcrumb","itemListElement":[{"@type":"ListItem","position":1,"name":"Home","item":"https:\/\/skaitytaknyga.lt\/"},{"@type":"ListItem","position":2,"name":"Parduotuv\u0117","item":"https:\/\/skaitytaknyga.lt\/knygu-parduotuve\/"},{"@type":"ListItem","position":3,"name":"Kas yra kas. Medicina. Gydytojai, dvasios ir vaistai (kampo defektas)"}]},{"@type":"WebSite","@id":"https:\/\/skaitytaknyga.lt\/#website","url":"https:\/\/skaitytaknyga.lt\/","name":"skaitytaknyga.lt","description":"Skaitytaknyga.lt \u2013 tai ma\u017eas \u0161eimos verslas, kuris prasid\u0117jo nuo meil\u0117s knygoms ir siekio i\u0161gelb\u0117ti knygas nuo likimo prie konteinerio. Kas vienam nereikalingas daiktas \u2013 kitam lobis, o mes esame tarpininkai, kurie padeda abiems tapti laimingesniems ???? \u017dinome kaip nelengva i\u0161gyventi ma\u017eiems verslams, tad nuo \u0161iol, \u010dia rasite ir kit\u0173, ma\u017e\u0173 \u0161eim\u0173 versl\u0173, rank\u0173 darbo, dovan\u0173 sau ir artimiesiems.","publisher":{"@id":"https:\/\/skaitytaknyga.lt\/#organization"},"potentialAction":[{"@type":"SearchAction","target":{"@type":"EntryPoint","urlTemplate":"https:\/\/skaitytaknyga.lt\/?s={search_term_string}"},"query-input":{"@type":"PropertyValueSpecification","valueRequired":true,"valueName":"search_term_string"}}],"inLanguage":"en-GB"},{"@type":"Organization","@id":"https:\/\/skaitytaknyga.lt\/#organization","name":"skaitytaknyga.lt","url":"https:\/\/skaitytaknyga.lt\/","logo":{"@type":"ImageObject","inLanguage":"en-GB","@id":"https:\/\/skaitytaknyga.lt\/#\/schema\/logo\/image\/","url":"https:\/\/skaitytaknyga.lt\/wp-content\/uploads\/2024\/05\/cropped-cropped-cropped-02_00843_jt3bggkj1j3HLc7SyY6rEUpg.jpeg","contentUrl":"https:\/\/skaitytaknyga.lt\/wp-content\/uploads\/2024\/05\/cropped-cropped-cropped-02_00843_jt3bggkj1j3HLc7SyY6rEUpg.jpeg","width":1600,"height":1600,"caption":"skaitytaknyga.lt"},"image":{"@id":"https:\/\/skaitytaknyga.lt\/#\/schema\/logo\/image\/"},"sameAs":["https:\/\/www.facebook.com\/skaitytaknyga\/"]}]}},"_links":{"self":[{"href":"https:\/\/skaitytaknyga.lt\/en\/wp-json\/wp\/v2\/product\/12080","targetHints":{"allow":["GET"]}}],"collection":[{"href":"https:\/\/skaitytaknyga.lt\/en\/wp-json\/wp\/v2\/product"}],"about":[{"href":"https:\/\/skaitytaknyga.lt\/en\/wp-json\/wp\/v2\/types\/product"}],"replies":[{"embeddable":true,"href":"https:\/\/skaitytaknyga.lt\/en\/wp-json\/wp\/v2\/comments?post=12080"}],"wp:featuredmedia":[{"embeddable":true,"href":"https:\/\/skaitytaknyga.lt\/en\/wp-json\/wp\/v2\/media\/12081"}],"wp:attachment":[{"href":"https:\/\/skaitytaknyga.lt\/en\/wp-json\/wp\/v2\/media?parent=12080"}],"wp:term":[{"taxonomy":"product_brand","embeddable":true,"href":"https:\/\/skaitytaknyga.lt\/en\/wp-json\/wp\/v2\/product_brand?post=12080"},{"taxonomy":"product_cat","embeddable":true,"href":"https:\/\/skaitytaknyga.lt\/en\/wp-json\/wp\/v2\/product_cat?post=12080"},{"taxonomy":"product_tag","embeddable":true,"href":"https:\/\/skaitytaknyga.lt\/en\/wp-json\/wp\/v2\/product_tag?post=12080"}],"curies":[{"name":"wp","href":"https:\/\/api.w.org\/{rel}","templated":true}]}}