{"id":12078,"date":"2024-06-14T16:28:10","date_gmt":"2024-06-14T16:28:10","guid":{"rendered":"https:\/\/skaitytaknyga.lt\/?post_type=product&#038;p=12078"},"modified":"2024-09-01T19:19:21","modified_gmt":"2024-09-01T16:19:21","slug":"kas-yra-kas-kas-yra-kas-musu-zeme","status":"publish","type":"product","link":"https:\/\/skaitytaknyga.lt\/en\/produktas\/kas-yra-kas-kas-yra-kas-musu-zeme\/","title":{"rendered":"Kas yra kas. M\u016bs\u0173 \u017dem\u0117"},"content":{"rendered":"","protected":false},"excerpt":{"rendered":"<p>M\u016bs\u0173 gimtin\u0117 \u017dem\u0117 \u2013 tai m\u0117lynai baltas rutulys berib\u0117je Visatoje. Kaip ji atsirado? Kaip susiformavo \u017eemynai, vandenynai, kalnai, ir lygumos? Kod\u0117l diena kei\u010dia nakt\u012f? Kas yra ugnikalniai? I\u0161 kur atsirado naudingosios i\u0161kasenos? \u012e \u0161iuos ir daugel\u012f kit\u0173 klausim\u0173 i\u0161samiai ir \u012fdomiai atsako serijos &#8220;Kas yra kas&#8221; autorius Dr. Rainer Kothe. Su\u017einosite apie \u012fkaitusias \u017dem\u0117s gelmes, potvynius ir atosl\u016bgius, vandenis, atmosfer\u0105 ir gyvyb\u0117s atsiradim\u0105 \u017dem\u0117je. Autorius atkreipia d\u0117mes\u012f \u012f m\u016bs\u0173 aplinkai i\u0161kilusius didelius pavojus.<\/p>\n","protected":false},"featured_media":12079,"comment_status":"closed","ping_status":"closed","template":"","meta":{"_acf_changed":false,"site-sidebar-layout":"default","site-content-layout":"","ast-site-content-layout":"default","site-content-style":"default","site-sidebar-style":"default","ast-global-header-display":"","ast-banner-title-visibility":"","ast-main-header-display":"","ast-hfb-above-header-display":"","ast-hfb-below-header-display":"","ast-hfb-mobile-header-display":"","site-post-title":"","ast-breadcrumbs-content":"","ast-featured-img":"","footer-sml-layout":"","ast-disable-related-posts":"","theme-transparent-header-meta":"","adv-header-id-meta":"","stick-header-meta":"","header-above-stick-meta":"","header-main-stick-meta":"","header-below-stick-meta":"","astra-migrate-meta-layouts":"default","ast-page-background-enabled":"default","ast-page-background-meta":{"desktop":{"background-color":"","background-image":"","background-repeat":"repeat","background-position":"center center","background-size":"auto","background-attachment":"scroll","background-type":"","background-media":"","overlay-type":"","overlay-color":"","overlay-opacity":"","overlay-gradient":""},"tablet":{"background-color":"","background-image":"","background-repeat":"repeat","background-position":"center center","background-size":"auto","background-attachment":"scroll","background-type":"","background-media":"","overlay-type":"","overlay-color":"","overlay-opacity":"","overlay-gradient":""},"mobile":{"background-color":"","background-image":"","background-repeat":"repeat","background-position":"center center","background-size":"auto","background-attachment":"scroll","background-type":"","background-media":"","overlay-type":"","overlay-color":"","overlay-opacity":"","overlay-gradient":""}},"ast-content-background-meta":{"desktop":{"background-color":"var(--ast-global-color-4)","background-image":"","background-repeat":"repeat","background-position":"center center","background-size":"auto","background-attachment":"scroll","background-type":"","background-media":"","overlay-type":"","overlay-color":"","overlay-opacity":"","overlay-gradient":""},"tablet":{"background-color":"var(--ast-global-color-4)","background-image":"","background-repeat":"repeat","background-position":"center center","background-size":"auto","background-attachment":"scroll","background-type":"","background-media":"","overlay-type":"","overlay-color":"","overlay-opacity":"","overlay-gradient":""},"mobile":{"background-color":"var(--ast-global-color-4)","background-image":"","background-repeat":"repeat","background-position":"center center","background-size":"auto","background-attachment":"scroll","background-type":"","background-media":"","overlay-type":"","overlay-color":"","overlay-opacity":"","overlay-gradient":""}}},"product_brand":[],"product_cat":[35,73],"product_tag":[389],"class_list":{"0":"post-12078","1":"product","2":"type-product","3":"status-publish","4":"has-post-thumbnail","6":"product_cat-vaikams-ir-paaugliams","7":"product_cat-zinynai-ir-enciklopedijos","8":"product_tag-kas-yra-kas","9":"desktop-align-left","10":"tablet-align-left","11":"mobile-align-left","13":"first","14":"outofstock","15":"shipping-taxable","16":"purchasable","17":"product-type-simple"},"acf":[],"yoast_head":"<!-- This site is optimized with the Yoast SEO plugin v27.0 - https:\/\/yoast.com\/product\/yoast-seo-wordpress\/ -->\n<title>Kas yra kas. M\u016bs\u0173 \u017dem\u0117<\/title>\n<meta name=\"description\" content=\"M\u016bs\u0173 gimtin\u0117 \u017dem\u0117 \u2013 tai m\u0117lynai baltas rutulys berib\u0117je Visatoje. Kaip ji atsirado? Kaip susiformavo \u017eemynai, vandenynai, kalnai, ir lygumos? Kod\u0117l diena kei\u010dia nakt\u012f? Kas yra ugnikalniai? I\u0161 kur atsirado naudingosios i\u0161kasenos? \u012e \u0161iuos ir daugel\u012f kit\u0173 klausim\u0173 i\u0161samiai ir \u012fdomiai atsako serijos &quot;Kas yra kas&quot; autorius Dr. Rainer Kothe. Su\u017einosite apie \u012fkaitusias \u017dem\u0117s gelmes, potvynius ir atosl\u016bgius, vandenis, atmosfer\u0105 ir gyvyb\u0117s atsiradim\u0105 \u017dem\u0117je. Autorius atkreipia d\u0117mes\u012f \u012f m\u016bs\u0173 aplinkai i\u0161kilusius didelius pavojus.\" \/>\n<meta name=\"robots\" content=\"index, follow, max-snippet:-1, max-image-preview:large, max-video-preview:-1\" \/>\n<link rel=\"canonical\" href=\"https:\/\/skaitytaknyga.lt\/en\/produktas\/kas-yra-kas-kas-yra-kas-musu-zeme\/\" \/>\n<meta property=\"og:locale\" content=\"en_GB\" \/>\n<meta property=\"og:locale:alternate\" content=\"lt_LT\" \/>\n<meta property=\"og:type\" content=\"article\" \/>\n<meta property=\"og:title\" content=\"Kas yra kas. M\u016bs\u0173 \u017dem\u0117\" \/>\n<meta property=\"og:description\" content=\"M\u016bs\u0173 gimtin\u0117 \u017dem\u0117 \u2013 tai m\u0117lynai baltas rutulys berib\u0117je Visatoje. Kaip ji atsirado? Kaip susiformavo \u017eemynai, vandenynai, kalnai, ir lygumos? Kod\u0117l diena kei\u010dia nakt\u012f? Kas yra ugnikalniai? I\u0161 kur atsirado naudingosios i\u0161kasenos? \u012e \u0161iuos ir daugel\u012f kit\u0173 klausim\u0173 i\u0161samiai ir \u012fdomiai atsako serijos &quot;Kas yra kas&quot; autorius Dr. Rainer Kothe. Su\u017einosite apie \u012fkaitusias \u017dem\u0117s gelmes, potvynius ir atosl\u016bgius, vandenis, atmosfer\u0105 ir gyvyb\u0117s atsiradim\u0105 \u017dem\u0117je. Autorius atkreipia d\u0117mes\u012f \u012f m\u016bs\u0173 aplinkai i\u0161kilusius didelius pavojus.\" \/>\n<meta property=\"og:url\" content=\"https:\/\/skaitytaknyga.lt\/en\/produktas\/kas-yra-kas-kas-yra-kas-musu-zeme\/\" \/>\n<meta property=\"og:site_name\" content=\"Skaitytaknyga\" \/>\n<meta property=\"article:publisher\" content=\"https:\/\/www.facebook.com\/skaitytaknyga\/\" \/>\n<meta property=\"article:modified_time\" content=\"2024-09-01T16:19:21+00:00\" \/>\n<meta property=\"og:image\" content=\"https:\/\/skaitytaknyga.lt\/wp-content\/uploads\/2024\/06\/kas-yra-kas-musu-zeme.jpg\" \/>\n\t<meta property=\"og:image:width\" content=\"441\" \/>\n\t<meta property=\"og:image:height\" content=\"583\" \/>\n\t<meta property=\"og:image:type\" content=\"image\/jpeg\" \/>\n<meta name=\"twitter:card\" content=\"summary_large_image\" \/>\n<script type=\"application\/ld+json\" class=\"yoast-schema-graph\">{\"@context\":\"https:\/\/schema.org\",\"@graph\":[{\"@type\":\"WebPage\",\"@id\":\"https:\/\/skaitytaknyga.lt\/produktas\/kas-yra-kas-kas-yra-kas-musu-zeme\/\",\"url\":\"https:\/\/skaitytaknyga.lt\/produktas\/kas-yra-kas-kas-yra-kas-musu-zeme\/\",\"name\":\"Kas yra kas. M\u016bs\u0173 \u017dem\u0117\",\"isPartOf\":{\"@id\":\"https:\/\/skaitytaknyga.lt\/#website\"},\"primaryImageOfPage\":{\"@id\":\"https:\/\/skaitytaknyga.lt\/produktas\/kas-yra-kas-kas-yra-kas-musu-zeme\/#primaryimage\"},\"image\":{\"@id\":\"https:\/\/skaitytaknyga.lt\/produktas\/kas-yra-kas-kas-yra-kas-musu-zeme\/#primaryimage\"},\"thumbnailUrl\":\"https:\/\/skaitytaknyga.lt\/wp-content\/uploads\/2024\/06\/kas-yra-kas-musu-zeme.jpg\",\"datePublished\":\"2024-06-14T16:28:10+00:00\",\"dateModified\":\"2024-09-01T16:19:21+00:00\",\"description\":\"M\u016bs\u0173 gimtin\u0117 \u017dem\u0117 \u2013 tai m\u0117lynai baltas rutulys berib\u0117je Visatoje. Kaip ji atsirado? Kaip susiformavo \u017eemynai, vandenynai, kalnai, ir lygumos? Kod\u0117l diena kei\u010dia nakt\u012f? Kas yra ugnikalniai? I\u0161 kur atsirado naudingosios i\u0161kasenos? \u012e \u0161iuos ir daugel\u012f kit\u0173 klausim\u0173 i\u0161samiai ir \u012fdomiai atsako serijos \\\"Kas yra kas\\\" autorius Dr. Rainer Kothe. Su\u017einosite apie \u012fkaitusias \u017dem\u0117s gelmes, potvynius ir atosl\u016bgius, vandenis, atmosfer\u0105 ir gyvyb\u0117s atsiradim\u0105 \u017dem\u0117je. Autorius atkreipia d\u0117mes\u012f \u012f m\u016bs\u0173 aplinkai i\u0161kilusius didelius pavojus.\",\"breadcrumb\":{\"@id\":\"https:\/\/skaitytaknyga.lt\/produktas\/kas-yra-kas-kas-yra-kas-musu-zeme\/#breadcrumb\"},\"inLanguage\":\"en-GB\",\"potentialAction\":[{\"@type\":\"ReadAction\",\"target\":[\"https:\/\/skaitytaknyga.lt\/produktas\/kas-yra-kas-kas-yra-kas-musu-zeme\/\"]}]},{\"@type\":\"ImageObject\",\"inLanguage\":\"en-GB\",\"@id\":\"https:\/\/skaitytaknyga.lt\/produktas\/kas-yra-kas-kas-yra-kas-musu-zeme\/#primaryimage\",\"url\":\"https:\/\/skaitytaknyga.lt\/wp-content\/uploads\/2024\/06\/kas-yra-kas-musu-zeme.jpg\",\"contentUrl\":\"https:\/\/skaitytaknyga.lt\/wp-content\/uploads\/2024\/06\/kas-yra-kas-musu-zeme.jpg\",\"width\":441,\"height\":583,\"caption\":\"Kas yra kas. M\u016bs\u0173 \u017dem\u0117\"},{\"@type\":\"BreadcrumbList\",\"@id\":\"https:\/\/skaitytaknyga.lt\/produktas\/kas-yra-kas-kas-yra-kas-musu-zeme\/#breadcrumb\",\"itemListElement\":[{\"@type\":\"ListItem\",\"position\":1,\"name\":\"Home\",\"item\":\"https:\/\/skaitytaknyga.lt\/\"},{\"@type\":\"ListItem\",\"position\":2,\"name\":\"Parduotuv\u0117\",\"item\":\"https:\/\/skaitytaknyga.lt\/knygu-parduotuve\/\"},{\"@type\":\"ListItem\",\"position\":3,\"name\":\"Kas yra kas. M\u016bs\u0173 \u017dem\u0117\"}]},{\"@type\":\"WebSite\",\"@id\":\"https:\/\/skaitytaknyga.lt\/#website\",\"url\":\"https:\/\/skaitytaknyga.lt\/\",\"name\":\"skaitytaknyga.lt\",\"description\":\"Skaitytaknyga.lt \u2013 tai ma\u017eas \u0161eimos verslas, kuris prasid\u0117jo nuo meil\u0117s knygoms ir siekio i\u0161gelb\u0117ti knygas nuo likimo prie konteinerio. Kas vienam nereikalingas daiktas \u2013 kitam lobis, o mes esame tarpininkai, kurie padeda abiems tapti laimingesniems ???? \u017dinome kaip nelengva i\u0161gyventi ma\u017eiems verslams, tad nuo \u0161iol, \u010dia rasite ir kit\u0173, ma\u017e\u0173 \u0161eim\u0173 versl\u0173, rank\u0173 darbo, dovan\u0173 sau ir artimiesiems.\",\"publisher\":{\"@id\":\"https:\/\/skaitytaknyga.lt\/#organization\"},\"potentialAction\":[{\"@type\":\"SearchAction\",\"target\":{\"@type\":\"EntryPoint\",\"urlTemplate\":\"https:\/\/skaitytaknyga.lt\/?s={search_term_string}\"},\"query-input\":{\"@type\":\"PropertyValueSpecification\",\"valueRequired\":true,\"valueName\":\"search_term_string\"}}],\"inLanguage\":\"en-GB\"},{\"@type\":\"Organization\",\"@id\":\"https:\/\/skaitytaknyga.lt\/#organization\",\"name\":\"skaitytaknyga.lt\",\"url\":\"https:\/\/skaitytaknyga.lt\/\",\"logo\":{\"@type\":\"ImageObject\",\"inLanguage\":\"en-GB\",\"@id\":\"https:\/\/skaitytaknyga.lt\/#\/schema\/logo\/image\/\",\"url\":\"https:\/\/skaitytaknyga.lt\/wp-content\/uploads\/2024\/05\/cropped-cropped-cropped-02_00843_jt3bggkj1j3HLc7SyY6rEUpg.jpeg\",\"contentUrl\":\"https:\/\/skaitytaknyga.lt\/wp-content\/uploads\/2024\/05\/cropped-cropped-cropped-02_00843_jt3bggkj1j3HLc7SyY6rEUpg.jpeg\",\"width\":1600,\"height\":1600,\"caption\":\"skaitytaknyga.lt\"},\"image\":{\"@id\":\"https:\/\/skaitytaknyga.lt\/#\/schema\/logo\/image\/\"},\"sameAs\":[\"https:\/\/www.facebook.com\/skaitytaknyga\/\"]}]}<\/script>\n<!-- \/ Yoast SEO plugin. -->","yoast_head_json":{"title":"Kas yra kas. M\u016bs\u0173 \u017dem\u0117","description":"M\u016bs\u0173 gimtin\u0117 \u017dem\u0117 \u2013 tai m\u0117lynai baltas rutulys berib\u0117je Visatoje. Kaip ji atsirado? Kaip susiformavo \u017eemynai, vandenynai, kalnai, ir lygumos? Kod\u0117l diena kei\u010dia nakt\u012f? Kas yra ugnikalniai? I\u0161 kur atsirado naudingosios i\u0161kasenos? \u012e \u0161iuos ir daugel\u012f kit\u0173 klausim\u0173 i\u0161samiai ir \u012fdomiai atsako serijos \"Kas yra kas\" autorius Dr. Rainer Kothe. Su\u017einosite apie \u012fkaitusias \u017dem\u0117s gelmes, potvynius ir atosl\u016bgius, vandenis, atmosfer\u0105 ir gyvyb\u0117s atsiradim\u0105 \u017dem\u0117je. Autorius atkreipia d\u0117mes\u012f \u012f m\u016bs\u0173 aplinkai i\u0161kilusius didelius pavojus.","robots":{"index":"index","follow":"follow","max-snippet":"max-snippet:-1","max-image-preview":"max-image-preview:large","max-video-preview":"max-video-preview:-1"},"canonical":"https:\/\/skaitytaknyga.lt\/en\/produktas\/kas-yra-kas-kas-yra-kas-musu-zeme\/","og_locale":"en_GB","og_type":"article","og_title":"[:lt]Kas yra kas. M\u016bs\u0173 \u017dem\u0117[:] - Skaitytaknyga","og_description":"M\u016bs\u0173 gimtin\u0117 \u017dem\u0117 \u2013 tai m\u0117lynai baltas rutulys berib\u0117je Visatoje. Kaip ji atsirado? Kaip susiformavo \u017eemynai, vandenynai, kalnai, ir lygumos? Kod\u0117l diena kei\u010dia nakt\u012f? Kas yra ugnikalniai? I\u0161 kur atsirado naudingosios i\u0161kasenos? \u012e \u0161iuos ir daugel\u012f kit\u0173 klausim\u0173 i\u0161samiai ir \u012fdomiai atsako serijos \"Kas yra kas\" autorius Dr. Rainer Kothe. Su\u017einosite apie \u012fkaitusias \u017dem\u0117s gelmes, potvynius ir atosl\u016bgius, vandenis, atmosfer\u0105 ir gyvyb\u0117s atsiradim\u0105 \u017dem\u0117je. Autorius atkreipia d\u0117mes\u012f \u012f m\u016bs\u0173 aplinkai i\u0161kilusius didelius pavojus.","og_url":"https:\/\/skaitytaknyga.lt\/en\/produktas\/kas-yra-kas-kas-yra-kas-musu-zeme\/","og_site_name":"Skaitytaknyga","article_publisher":"https:\/\/www.facebook.com\/skaitytaknyga\/","article_modified_time":"2024-09-01T16:19:21+00:00","og_image":[{"width":441,"height":583,"url":"https:\/\/skaitytaknyga.lt\/wp-content\/uploads\/2024\/06\/kas-yra-kas-musu-zeme.jpg","type":"image\/jpeg"}],"twitter_card":"summary_large_image","schema":{"@context":"https:\/\/schema.org","@graph":[{"@type":"WebPage","@id":"https:\/\/skaitytaknyga.lt\/produktas\/kas-yra-kas-kas-yra-kas-musu-zeme\/","url":"https:\/\/skaitytaknyga.lt\/produktas\/kas-yra-kas-kas-yra-kas-musu-zeme\/","name":"Kas yra kas. M\u016bs\u0173 \u017dem\u0117","isPartOf":{"@id":"https:\/\/skaitytaknyga.lt\/#website"},"primaryImageOfPage":{"@id":"https:\/\/skaitytaknyga.lt\/produktas\/kas-yra-kas-kas-yra-kas-musu-zeme\/#primaryimage"},"image":{"@id":"https:\/\/skaitytaknyga.lt\/produktas\/kas-yra-kas-kas-yra-kas-musu-zeme\/#primaryimage"},"thumbnailUrl":"https:\/\/skaitytaknyga.lt\/wp-content\/uploads\/2024\/06\/kas-yra-kas-musu-zeme.jpg","datePublished":"2024-06-14T16:28:10+00:00","dateModified":"2024-09-01T16:19:21+00:00","description":"M\u016bs\u0173 gimtin\u0117 \u017dem\u0117 \u2013 tai m\u0117lynai baltas rutulys berib\u0117je Visatoje. Kaip ji atsirado? Kaip susiformavo \u017eemynai, vandenynai, kalnai, ir lygumos? Kod\u0117l diena kei\u010dia nakt\u012f? Kas yra ugnikalniai? I\u0161 kur atsirado naudingosios i\u0161kasenos? \u012e \u0161iuos ir daugel\u012f kit\u0173 klausim\u0173 i\u0161samiai ir \u012fdomiai atsako serijos \"Kas yra kas\" autorius Dr. Rainer Kothe. Su\u017einosite apie \u012fkaitusias \u017dem\u0117s gelmes, potvynius ir atosl\u016bgius, vandenis, atmosfer\u0105 ir gyvyb\u0117s atsiradim\u0105 \u017dem\u0117je. Autorius atkreipia d\u0117mes\u012f \u012f m\u016bs\u0173 aplinkai i\u0161kilusius didelius pavojus.","breadcrumb":{"@id":"https:\/\/skaitytaknyga.lt\/produktas\/kas-yra-kas-kas-yra-kas-musu-zeme\/#breadcrumb"},"inLanguage":"en-GB","potentialAction":[{"@type":"ReadAction","target":["https:\/\/skaitytaknyga.lt\/produktas\/kas-yra-kas-kas-yra-kas-musu-zeme\/"]}]},{"@type":"ImageObject","inLanguage":"en-GB","@id":"https:\/\/skaitytaknyga.lt\/produktas\/kas-yra-kas-kas-yra-kas-musu-zeme\/#primaryimage","url":"https:\/\/skaitytaknyga.lt\/wp-content\/uploads\/2024\/06\/kas-yra-kas-musu-zeme.jpg","contentUrl":"https:\/\/skaitytaknyga.lt\/wp-content\/uploads\/2024\/06\/kas-yra-kas-musu-zeme.jpg","width":441,"height":583,"caption":"Kas yra kas. M\u016bs\u0173 \u017dem\u0117"},{"@type":"BreadcrumbList","@id":"https:\/\/skaitytaknyga.lt\/produktas\/kas-yra-kas-kas-yra-kas-musu-zeme\/#breadcrumb","itemListElement":[{"@type":"ListItem","position":1,"name":"Home","item":"https:\/\/skaitytaknyga.lt\/"},{"@type":"ListItem","position":2,"name":"Parduotuv\u0117","item":"https:\/\/skaitytaknyga.lt\/knygu-parduotuve\/"},{"@type":"ListItem","position":3,"name":"Kas yra kas. M\u016bs\u0173 \u017dem\u0117"}]},{"@type":"WebSite","@id":"https:\/\/skaitytaknyga.lt\/#website","url":"https:\/\/skaitytaknyga.lt\/","name":"skaitytaknyga.lt","description":"Skaitytaknyga.lt \u2013 tai ma\u017eas \u0161eimos verslas, kuris prasid\u0117jo nuo meil\u0117s knygoms ir siekio i\u0161gelb\u0117ti knygas nuo likimo prie konteinerio. Kas vienam nereikalingas daiktas \u2013 kitam lobis, o mes esame tarpininkai, kurie padeda abiems tapti laimingesniems ???? \u017dinome kaip nelengva i\u0161gyventi ma\u017eiems verslams, tad nuo \u0161iol, \u010dia rasite ir kit\u0173, ma\u017e\u0173 \u0161eim\u0173 versl\u0173, rank\u0173 darbo, dovan\u0173 sau ir artimiesiems.","publisher":{"@id":"https:\/\/skaitytaknyga.lt\/#organization"},"potentialAction":[{"@type":"SearchAction","target":{"@type":"EntryPoint","urlTemplate":"https:\/\/skaitytaknyga.lt\/?s={search_term_string}"},"query-input":{"@type":"PropertyValueSpecification","valueRequired":true,"valueName":"search_term_string"}}],"inLanguage":"en-GB"},{"@type":"Organization","@id":"https:\/\/skaitytaknyga.lt\/#organization","name":"skaitytaknyga.lt","url":"https:\/\/skaitytaknyga.lt\/","logo":{"@type":"ImageObject","inLanguage":"en-GB","@id":"https:\/\/skaitytaknyga.lt\/#\/schema\/logo\/image\/","url":"https:\/\/skaitytaknyga.lt\/wp-content\/uploads\/2024\/05\/cropped-cropped-cropped-02_00843_jt3bggkj1j3HLc7SyY6rEUpg.jpeg","contentUrl":"https:\/\/skaitytaknyga.lt\/wp-content\/uploads\/2024\/05\/cropped-cropped-cropped-02_00843_jt3bggkj1j3HLc7SyY6rEUpg.jpeg","width":1600,"height":1600,"caption":"skaitytaknyga.lt"},"image":{"@id":"https:\/\/skaitytaknyga.lt\/#\/schema\/logo\/image\/"},"sameAs":["https:\/\/www.facebook.com\/skaitytaknyga\/"]}]}},"_links":{"self":[{"href":"https:\/\/skaitytaknyga.lt\/en\/wp-json\/wp\/v2\/product\/12078","targetHints":{"allow":["GET"]}}],"collection":[{"href":"https:\/\/skaitytaknyga.lt\/en\/wp-json\/wp\/v2\/product"}],"about":[{"href":"https:\/\/skaitytaknyga.lt\/en\/wp-json\/wp\/v2\/types\/product"}],"replies":[{"embeddable":true,"href":"https:\/\/skaitytaknyga.lt\/en\/wp-json\/wp\/v2\/comments?post=12078"}],"wp:featuredmedia":[{"embeddable":true,"href":"https:\/\/skaitytaknyga.lt\/en\/wp-json\/wp\/v2\/media\/12079"}],"wp:attachment":[{"href":"https:\/\/skaitytaknyga.lt\/en\/wp-json\/wp\/v2\/media?parent=12078"}],"wp:term":[{"taxonomy":"product_brand","embeddable":true,"href":"https:\/\/skaitytaknyga.lt\/en\/wp-json\/wp\/v2\/product_brand?post=12078"},{"taxonomy":"product_cat","embeddable":true,"href":"https:\/\/skaitytaknyga.lt\/en\/wp-json\/wp\/v2\/product_cat?post=12078"},{"taxonomy":"product_tag","embeddable":true,"href":"https:\/\/skaitytaknyga.lt\/en\/wp-json\/wp\/v2\/product_tag?post=12078"}],"curies":[{"name":"wp","href":"https:\/\/api.w.org\/{rel}","templated":true}]}}