{"id":12076,"date":"2024-06-14T16:26:12","date_gmt":"2024-06-14T16:26:12","guid":{"rendered":"https:\/\/skaitytaknyga.lt\/?post_type=product&#038;p=12076"},"modified":"2025-06-13T18:21:10","modified_gmt":"2025-06-13T15:21:10","slug":"kas-yra-kas-senoves-roma-defektuotas-apatinis-kampas","status":"publish","type":"product","link":"https:\/\/skaitytaknyga.lt\/en\/produktas\/kas-yra-kas-senoves-roma-defektuotas-apatinis-kampas\/","title":{"rendered":"Kas yra kas. Senov\u0117s Roma (defektuotas apatinis kampas)"},"content":{"rendered":"","protected":false},"excerpt":{"rendered":"<p>Kaip ma\u017eame kaimelyje prie Tibro gim\u0117 pasaulin\u0117 imperija? Kaip Teutoburgo mi\u0161ko m\u016b\u0161yje germanai \u012fsteng\u0117 u\u017e juos daug prana\u0161esn\u0119 pasaulin\u0119 valstyb\u0119? Kod\u0117l v\u0117lyvosios Antikos laikais Roma tapo krik\u0161\u010dioni\u0161ka ir ligi \u0161iol teb\u0117ra krik\u0161\u010dionyb\u0117s centras? Dr. Ernst Kunzl, Mainco rom\u0117n\u0173-german\u0173 centrinio muziejaus archeologas, apra\u0161o senov\u0117s Romos imperijos istorij\u0105 iki Kristaus gimimo ir po jo.<\/p>\n","protected":false},"featured_media":12077,"comment_status":"closed","ping_status":"closed","template":"","meta":{"_acf_changed":false,"site-sidebar-layout":"default","site-content-layout":"","ast-site-content-layout":"default","site-content-style":"default","site-sidebar-style":"default","ast-global-header-display":"","ast-banner-title-visibility":"","ast-main-header-display":"","ast-hfb-above-header-display":"","ast-hfb-below-header-display":"","ast-hfb-mobile-header-display":"","site-post-title":"","ast-breadcrumbs-content":"","ast-featured-img":"","footer-sml-layout":"","ast-disable-related-posts":"","theme-transparent-header-meta":"","adv-header-id-meta":"","stick-header-meta":"","header-above-stick-meta":"","header-main-stick-meta":"","header-below-stick-meta":"","astra-migrate-meta-layouts":"default","ast-page-background-enabled":"default","ast-page-background-meta":{"desktop":{"background-color":"","background-image":"","background-repeat":"repeat","background-position":"center center","background-size":"auto","background-attachment":"scroll","background-type":"","background-media":"","overlay-type":"","overlay-color":"","overlay-opacity":"","overlay-gradient":""},"tablet":{"background-color":"","background-image":"","background-repeat":"repeat","background-position":"center center","background-size":"auto","background-attachment":"scroll","background-type":"","background-media":"","overlay-type":"","overlay-color":"","overlay-opacity":"","overlay-gradient":""},"mobile":{"background-color":"","background-image":"","background-repeat":"repeat","background-position":"center center","background-size":"auto","background-attachment":"scroll","background-type":"","background-media":"","overlay-type":"","overlay-color":"","overlay-opacity":"","overlay-gradient":""}},"ast-content-background-meta":{"desktop":{"background-color":"var(--ast-global-color-4)","background-image":"","background-repeat":"repeat","background-position":"center center","background-size":"auto","background-attachment":"scroll","background-type":"","background-media":"","overlay-type":"","overlay-color":"","overlay-opacity":"","overlay-gradient":""},"tablet":{"background-color":"var(--ast-global-color-4)","background-image":"","background-repeat":"repeat","background-position":"center center","background-size":"auto","background-attachment":"scroll","background-type":"","background-media":"","overlay-type":"","overlay-color":"","overlay-opacity":"","overlay-gradient":""},"mobile":{"background-color":"var(--ast-global-color-4)","background-image":"","background-repeat":"repeat","background-position":"center center","background-size":"auto","background-attachment":"scroll","background-type":"","background-media":"","overlay-type":"","overlay-color":"","overlay-opacity":"","overlay-gradient":""}}},"product_brand":[],"product_cat":[35,73],"product_tag":[],"class_list":{"0":"post-12076","1":"product","2":"type-product","3":"status-publish","4":"has-post-thumbnail","6":"product_cat-vaikams-ir-paaugliams","7":"product_cat-zinynai-ir-enciklopedijos","8":"desktop-align-left","9":"tablet-align-left","10":"mobile-align-left","12":"first","13":"instock","14":"shipping-taxable","15":"purchasable","16":"product-type-simple"},"acf":[],"yoast_head":"<!-- This site is optimized with the Yoast SEO plugin v27.0 - https:\/\/yoast.com\/product\/yoast-seo-wordpress\/ -->\n<title>Kas yra kas. Senov\u0117s Roma (defektuotas apatinis kampas) - Skaitytaknyga<\/title>\n<meta name=\"description\" content=\"Kaip ma\u017eame kaimelyje prie Tibro gim\u0117 pasaulin\u0117 imperija? Kaip Teutoburgo mi\u0161ko m\u016b\u0161yje germanai \u012fsteng\u0117 u\u017e juos daug prana\u0161esn\u0119 pasaulin\u0119 valstyb\u0119? Kod\u0117l v\u0117lyvosios Antikos laikais Roma tapo krik\u0161\u010dioni\u0161ka ir ligi \u0161iol teb\u0117ra krik\u0161\u010dionyb\u0117s centras? Dr. Ernst Kunzl, Mainco rom\u0117n\u0173-german\u0173 centrinio muziejaus archeologas, apra\u0161o senov\u0117s Romos imperijos istorij\u0105 iki Kristaus gimimo ir po jo.\" \/>\n<meta name=\"robots\" content=\"index, follow, max-snippet:-1, max-image-preview:large, max-video-preview:-1\" \/>\n<link rel=\"canonical\" href=\"https:\/\/skaitytaknyga.lt\/en\/produktas\/kas-yra-kas-senoves-roma-defektuotas-apatinis-kampas\/\" \/>\n<meta property=\"og:locale\" content=\"en_GB\" \/>\n<meta property=\"og:locale:alternate\" content=\"lt_LT\" \/>\n<meta property=\"og:type\" content=\"article\" \/>\n<meta property=\"og:title\" content=\"Kas yra kas. Senov\u0117s Roma (defektuotas apatinis kampas) - Skaitytaknyga\" \/>\n<meta property=\"og:description\" content=\"Kaip ma\u017eame kaimelyje prie Tibro gim\u0117 pasaulin\u0117 imperija? Kaip Teutoburgo mi\u0161ko m\u016b\u0161yje germanai \u012fsteng\u0117 u\u017e juos daug prana\u0161esn\u0119 pasaulin\u0119 valstyb\u0119? Kod\u0117l v\u0117lyvosios Antikos laikais Roma tapo krik\u0161\u010dioni\u0161ka ir ligi \u0161iol teb\u0117ra krik\u0161\u010dionyb\u0117s centras? Dr. Ernst Kunzl, Mainco rom\u0117n\u0173-german\u0173 centrinio muziejaus archeologas, apra\u0161o senov\u0117s Romos imperijos istorij\u0105 iki Kristaus gimimo ir po jo.\" \/>\n<meta property=\"og:url\" content=\"https:\/\/skaitytaknyga.lt\/en\/produktas\/kas-yra-kas-senoves-roma-defektuotas-apatinis-kampas\/\" \/>\n<meta property=\"og:site_name\" content=\"Skaitytaknyga\" \/>\n<meta property=\"article:publisher\" content=\"https:\/\/www.facebook.com\/skaitytaknyga\/\" \/>\n<meta property=\"article:modified_time\" content=\"2025-06-13T15:21:10+00:00\" \/>\n<meta property=\"og:image\" content=\"https:\/\/skaitytaknyga.lt\/wp-content\/uploads\/2024\/06\/kas-yra-kas-senoves-roma.jpg\" \/>\n\t<meta property=\"og:image:width\" content=\"584\" \/>\n\t<meta property=\"og:image:height\" content=\"800\" \/>\n\t<meta property=\"og:image:type\" content=\"image\/jpeg\" \/>\n<meta name=\"twitter:card\" content=\"summary_large_image\" \/>\n<script type=\"application\/ld+json\" class=\"yoast-schema-graph\">{\"@context\":\"https:\/\/schema.org\",\"@graph\":[{\"@type\":\"WebPage\",\"@id\":\"https:\/\/skaitytaknyga.lt\/produktas\/kas-yra-kas-senoves-roma-defektuotas-apatinis-kampas\/\",\"url\":\"https:\/\/skaitytaknyga.lt\/produktas\/kas-yra-kas-senoves-roma-defektuotas-apatinis-kampas\/\",\"name\":\"Kas yra kas. Senov\u0117s Roma (defektuotas apatinis kampas) - Skaitytaknyga\",\"isPartOf\":{\"@id\":\"https:\/\/skaitytaknyga.lt\/#website\"},\"primaryImageOfPage\":{\"@id\":\"https:\/\/skaitytaknyga.lt\/produktas\/kas-yra-kas-senoves-roma-defektuotas-apatinis-kampas\/#primaryimage\"},\"image\":{\"@id\":\"https:\/\/skaitytaknyga.lt\/produktas\/kas-yra-kas-senoves-roma-defektuotas-apatinis-kampas\/#primaryimage\"},\"thumbnailUrl\":\"https:\/\/skaitytaknyga.lt\/wp-content\/uploads\/2024\/06\/kas-yra-kas-senoves-roma.jpg\",\"datePublished\":\"2024-06-14T16:26:12+00:00\",\"dateModified\":\"2025-06-13T15:21:10+00:00\",\"description\":\"Kaip ma\u017eame kaimelyje prie Tibro gim\u0117 pasaulin\u0117 imperija? Kaip Teutoburgo mi\u0161ko m\u016b\u0161yje germanai \u012fsteng\u0117 u\u017e juos daug prana\u0161esn\u0119 pasaulin\u0119 valstyb\u0119? Kod\u0117l v\u0117lyvosios Antikos laikais Roma tapo krik\u0161\u010dioni\u0161ka ir ligi \u0161iol teb\u0117ra krik\u0161\u010dionyb\u0117s centras? Dr. Ernst Kunzl, Mainco rom\u0117n\u0173-german\u0173 centrinio muziejaus archeologas, apra\u0161o senov\u0117s Romos imperijos istorij\u0105 iki Kristaus gimimo ir po jo.\",\"breadcrumb\":{\"@id\":\"https:\/\/skaitytaknyga.lt\/produktas\/kas-yra-kas-senoves-roma-defektuotas-apatinis-kampas\/#breadcrumb\"},\"inLanguage\":\"en-GB\",\"potentialAction\":[{\"@type\":\"ReadAction\",\"target\":[\"https:\/\/skaitytaknyga.lt\/produktas\/kas-yra-kas-senoves-roma-defektuotas-apatinis-kampas\/\"]}]},{\"@type\":\"ImageObject\",\"inLanguage\":\"en-GB\",\"@id\":\"https:\/\/skaitytaknyga.lt\/produktas\/kas-yra-kas-senoves-roma-defektuotas-apatinis-kampas\/#primaryimage\",\"url\":\"https:\/\/skaitytaknyga.lt\/wp-content\/uploads\/2024\/06\/kas-yra-kas-senoves-roma.jpg\",\"contentUrl\":\"https:\/\/skaitytaknyga.lt\/wp-content\/uploads\/2024\/06\/kas-yra-kas-senoves-roma.jpg\",\"width\":584,\"height\":800,\"caption\":\"Senov\u0117s Roma\"},{\"@type\":\"BreadcrumbList\",\"@id\":\"https:\/\/skaitytaknyga.lt\/produktas\/kas-yra-kas-senoves-roma-defektuotas-apatinis-kampas\/#breadcrumb\",\"itemListElement\":[{\"@type\":\"ListItem\",\"position\":1,\"name\":\"Home\",\"item\":\"https:\/\/skaitytaknyga.lt\/\"},{\"@type\":\"ListItem\",\"position\":2,\"name\":\"Parduotuv\u0117\",\"item\":\"https:\/\/skaitytaknyga.lt\/knygu-parduotuve\/\"},{\"@type\":\"ListItem\",\"position\":3,\"name\":\"Kas yra kas. Senov\u0117s Roma (defektuotas apatinis kampas)\"}]},{\"@type\":\"WebSite\",\"@id\":\"https:\/\/skaitytaknyga.lt\/#website\",\"url\":\"https:\/\/skaitytaknyga.lt\/\",\"name\":\"skaitytaknyga.lt\",\"description\":\"Skaitytaknyga.lt \u2013 tai ma\u017eas \u0161eimos verslas, kuris prasid\u0117jo nuo meil\u0117s knygoms ir siekio i\u0161gelb\u0117ti knygas nuo likimo prie konteinerio. Kas vienam nereikalingas daiktas \u2013 kitam lobis, o mes esame tarpininkai, kurie padeda abiems tapti laimingesniems ???? \u017dinome kaip nelengva i\u0161gyventi ma\u017eiems verslams, tad nuo \u0161iol, \u010dia rasite ir kit\u0173, ma\u017e\u0173 \u0161eim\u0173 versl\u0173, rank\u0173 darbo, dovan\u0173 sau ir artimiesiems.\",\"publisher\":{\"@id\":\"https:\/\/skaitytaknyga.lt\/#organization\"},\"potentialAction\":[{\"@type\":\"SearchAction\",\"target\":{\"@type\":\"EntryPoint\",\"urlTemplate\":\"https:\/\/skaitytaknyga.lt\/?s={search_term_string}\"},\"query-input\":{\"@type\":\"PropertyValueSpecification\",\"valueRequired\":true,\"valueName\":\"search_term_string\"}}],\"inLanguage\":\"en-GB\"},{\"@type\":\"Organization\",\"@id\":\"https:\/\/skaitytaknyga.lt\/#organization\",\"name\":\"skaitytaknyga.lt\",\"url\":\"https:\/\/skaitytaknyga.lt\/\",\"logo\":{\"@type\":\"ImageObject\",\"inLanguage\":\"en-GB\",\"@id\":\"https:\/\/skaitytaknyga.lt\/#\/schema\/logo\/image\/\",\"url\":\"https:\/\/skaitytaknyga.lt\/wp-content\/uploads\/2024\/05\/cropped-cropped-cropped-02_00843_jt3bggkj1j3HLc7SyY6rEUpg.jpeg\",\"contentUrl\":\"https:\/\/skaitytaknyga.lt\/wp-content\/uploads\/2024\/05\/cropped-cropped-cropped-02_00843_jt3bggkj1j3HLc7SyY6rEUpg.jpeg\",\"width\":1600,\"height\":1600,\"caption\":\"skaitytaknyga.lt\"},\"image\":{\"@id\":\"https:\/\/skaitytaknyga.lt\/#\/schema\/logo\/image\/\"},\"sameAs\":[\"https:\/\/www.facebook.com\/skaitytaknyga\/\"]}]}<\/script>\n<!-- \/ Yoast SEO plugin. -->","yoast_head_json":{"title":"Kas yra kas. Senov\u0117s Roma (defektuotas apatinis kampas) - Skaitytaknyga","description":"Kaip ma\u017eame kaimelyje prie Tibro gim\u0117 pasaulin\u0117 imperija? Kaip Teutoburgo mi\u0161ko m\u016b\u0161yje germanai \u012fsteng\u0117 u\u017e juos daug prana\u0161esn\u0119 pasaulin\u0119 valstyb\u0119? Kod\u0117l v\u0117lyvosios Antikos laikais Roma tapo krik\u0161\u010dioni\u0161ka ir ligi \u0161iol teb\u0117ra krik\u0161\u010dionyb\u0117s centras? Dr. Ernst Kunzl, Mainco rom\u0117n\u0173-german\u0173 centrinio muziejaus archeologas, apra\u0161o senov\u0117s Romos imperijos istorij\u0105 iki Kristaus gimimo ir po jo.","robots":{"index":"index","follow":"follow","max-snippet":"max-snippet:-1","max-image-preview":"max-image-preview:large","max-video-preview":"max-video-preview:-1"},"canonical":"https:\/\/skaitytaknyga.lt\/en\/produktas\/kas-yra-kas-senoves-roma-defektuotas-apatinis-kampas\/","og_locale":"en_GB","og_type":"article","og_title":"Kas yra kas. Senov\u0117s Roma (defektuotas apatinis kampas) - Skaitytaknyga","og_description":"Kaip ma\u017eame kaimelyje prie Tibro gim\u0117 pasaulin\u0117 imperija? Kaip Teutoburgo mi\u0161ko m\u016b\u0161yje germanai \u012fsteng\u0117 u\u017e juos daug prana\u0161esn\u0119 pasaulin\u0119 valstyb\u0119? Kod\u0117l v\u0117lyvosios Antikos laikais Roma tapo krik\u0161\u010dioni\u0161ka ir ligi \u0161iol teb\u0117ra krik\u0161\u010dionyb\u0117s centras? Dr. Ernst Kunzl, Mainco rom\u0117n\u0173-german\u0173 centrinio muziejaus archeologas, apra\u0161o senov\u0117s Romos imperijos istorij\u0105 iki Kristaus gimimo ir po jo.","og_url":"https:\/\/skaitytaknyga.lt\/en\/produktas\/kas-yra-kas-senoves-roma-defektuotas-apatinis-kampas\/","og_site_name":"Skaitytaknyga","article_publisher":"https:\/\/www.facebook.com\/skaitytaknyga\/","article_modified_time":"2025-06-13T15:21:10+00:00","og_image":[{"width":584,"height":800,"url":"https:\/\/skaitytaknyga.lt\/wp-content\/uploads\/2024\/06\/kas-yra-kas-senoves-roma.jpg","type":"image\/jpeg"}],"twitter_card":"summary_large_image","schema":{"@context":"https:\/\/schema.org","@graph":[{"@type":"WebPage","@id":"https:\/\/skaitytaknyga.lt\/produktas\/kas-yra-kas-senoves-roma-defektuotas-apatinis-kampas\/","url":"https:\/\/skaitytaknyga.lt\/produktas\/kas-yra-kas-senoves-roma-defektuotas-apatinis-kampas\/","name":"Kas yra kas. Senov\u0117s Roma (defektuotas apatinis kampas) - Skaitytaknyga","isPartOf":{"@id":"https:\/\/skaitytaknyga.lt\/#website"},"primaryImageOfPage":{"@id":"https:\/\/skaitytaknyga.lt\/produktas\/kas-yra-kas-senoves-roma-defektuotas-apatinis-kampas\/#primaryimage"},"image":{"@id":"https:\/\/skaitytaknyga.lt\/produktas\/kas-yra-kas-senoves-roma-defektuotas-apatinis-kampas\/#primaryimage"},"thumbnailUrl":"https:\/\/skaitytaknyga.lt\/wp-content\/uploads\/2024\/06\/kas-yra-kas-senoves-roma.jpg","datePublished":"2024-06-14T16:26:12+00:00","dateModified":"2025-06-13T15:21:10+00:00","description":"Kaip ma\u017eame kaimelyje prie Tibro gim\u0117 pasaulin\u0117 imperija? Kaip Teutoburgo mi\u0161ko m\u016b\u0161yje germanai \u012fsteng\u0117 u\u017e juos daug prana\u0161esn\u0119 pasaulin\u0119 valstyb\u0119? Kod\u0117l v\u0117lyvosios Antikos laikais Roma tapo krik\u0161\u010dioni\u0161ka ir ligi \u0161iol teb\u0117ra krik\u0161\u010dionyb\u0117s centras? Dr. Ernst Kunzl, Mainco rom\u0117n\u0173-german\u0173 centrinio muziejaus archeologas, apra\u0161o senov\u0117s Romos imperijos istorij\u0105 iki Kristaus gimimo ir po jo.","breadcrumb":{"@id":"https:\/\/skaitytaknyga.lt\/produktas\/kas-yra-kas-senoves-roma-defektuotas-apatinis-kampas\/#breadcrumb"},"inLanguage":"en-GB","potentialAction":[{"@type":"ReadAction","target":["https:\/\/skaitytaknyga.lt\/produktas\/kas-yra-kas-senoves-roma-defektuotas-apatinis-kampas\/"]}]},{"@type":"ImageObject","inLanguage":"en-GB","@id":"https:\/\/skaitytaknyga.lt\/produktas\/kas-yra-kas-senoves-roma-defektuotas-apatinis-kampas\/#primaryimage","url":"https:\/\/skaitytaknyga.lt\/wp-content\/uploads\/2024\/06\/kas-yra-kas-senoves-roma.jpg","contentUrl":"https:\/\/skaitytaknyga.lt\/wp-content\/uploads\/2024\/06\/kas-yra-kas-senoves-roma.jpg","width":584,"height":800,"caption":"Senov\u0117s Roma"},{"@type":"BreadcrumbList","@id":"https:\/\/skaitytaknyga.lt\/produktas\/kas-yra-kas-senoves-roma-defektuotas-apatinis-kampas\/#breadcrumb","itemListElement":[{"@type":"ListItem","position":1,"name":"Home","item":"https:\/\/skaitytaknyga.lt\/"},{"@type":"ListItem","position":2,"name":"Parduotuv\u0117","item":"https:\/\/skaitytaknyga.lt\/knygu-parduotuve\/"},{"@type":"ListItem","position":3,"name":"Kas yra kas. Senov\u0117s Roma (defektuotas apatinis kampas)"}]},{"@type":"WebSite","@id":"https:\/\/skaitytaknyga.lt\/#website","url":"https:\/\/skaitytaknyga.lt\/","name":"skaitytaknyga.lt","description":"Skaitytaknyga.lt \u2013 tai ma\u017eas \u0161eimos verslas, kuris prasid\u0117jo nuo meil\u0117s knygoms ir siekio i\u0161gelb\u0117ti knygas nuo likimo prie konteinerio. Kas vienam nereikalingas daiktas \u2013 kitam lobis, o mes esame tarpininkai, kurie padeda abiems tapti laimingesniems ???? \u017dinome kaip nelengva i\u0161gyventi ma\u017eiems verslams, tad nuo \u0161iol, \u010dia rasite ir kit\u0173, ma\u017e\u0173 \u0161eim\u0173 versl\u0173, rank\u0173 darbo, dovan\u0173 sau ir artimiesiems.","publisher":{"@id":"https:\/\/skaitytaknyga.lt\/#organization"},"potentialAction":[{"@type":"SearchAction","target":{"@type":"EntryPoint","urlTemplate":"https:\/\/skaitytaknyga.lt\/?s={search_term_string}"},"query-input":{"@type":"PropertyValueSpecification","valueRequired":true,"valueName":"search_term_string"}}],"inLanguage":"en-GB"},{"@type":"Organization","@id":"https:\/\/skaitytaknyga.lt\/#organization","name":"skaitytaknyga.lt","url":"https:\/\/skaitytaknyga.lt\/","logo":{"@type":"ImageObject","inLanguage":"en-GB","@id":"https:\/\/skaitytaknyga.lt\/#\/schema\/logo\/image\/","url":"https:\/\/skaitytaknyga.lt\/wp-content\/uploads\/2024\/05\/cropped-cropped-cropped-02_00843_jt3bggkj1j3HLc7SyY6rEUpg.jpeg","contentUrl":"https:\/\/skaitytaknyga.lt\/wp-content\/uploads\/2024\/05\/cropped-cropped-cropped-02_00843_jt3bggkj1j3HLc7SyY6rEUpg.jpeg","width":1600,"height":1600,"caption":"skaitytaknyga.lt"},"image":{"@id":"https:\/\/skaitytaknyga.lt\/#\/schema\/logo\/image\/"},"sameAs":["https:\/\/www.facebook.com\/skaitytaknyga\/"]}]}},"_links":{"self":[{"href":"https:\/\/skaitytaknyga.lt\/en\/wp-json\/wp\/v2\/product\/12076","targetHints":{"allow":["GET"]}}],"collection":[{"href":"https:\/\/skaitytaknyga.lt\/en\/wp-json\/wp\/v2\/product"}],"about":[{"href":"https:\/\/skaitytaknyga.lt\/en\/wp-json\/wp\/v2\/types\/product"}],"replies":[{"embeddable":true,"href":"https:\/\/skaitytaknyga.lt\/en\/wp-json\/wp\/v2\/comments?post=12076"}],"wp:featuredmedia":[{"embeddable":true,"href":"https:\/\/skaitytaknyga.lt\/en\/wp-json\/wp\/v2\/media\/12077"}],"wp:attachment":[{"href":"https:\/\/skaitytaknyga.lt\/en\/wp-json\/wp\/v2\/media?parent=12076"}],"wp:term":[{"taxonomy":"product_brand","embeddable":true,"href":"https:\/\/skaitytaknyga.lt\/en\/wp-json\/wp\/v2\/product_brand?post=12076"},{"taxonomy":"product_cat","embeddable":true,"href":"https:\/\/skaitytaknyga.lt\/en\/wp-json\/wp\/v2\/product_cat?post=12076"},{"taxonomy":"product_tag","embeddable":true,"href":"https:\/\/skaitytaknyga.lt\/en\/wp-json\/wp\/v2\/product_tag?post=12076"}],"curies":[{"name":"wp","href":"https:\/\/api.w.org\/{rel}","templated":true}]}}