{"id":12074,"date":"2024-06-14T16:22:38","date_gmt":"2024-06-14T16:22:38","guid":{"rendered":"https:\/\/skaitytaknyga.lt\/?post_type=product&#038;p=12074"},"modified":"2024-09-01T19:19:21","modified_gmt":"2024-09-01T16:19:21","slug":"kas-yra-kas-zvaigzdynai-ir-zodiako-zenklai","status":"publish","type":"product","link":"https:\/\/skaitytaknyga.lt\/en\/produktas\/kas-yra-kas-zvaigzdynai-ir-zodiako-zenklai\/","title":{"rendered":"Kas yra kas.  \u017dvaig\u017edynai ir zodiako \u017eenklai"},"content":{"rendered":"","protected":false},"excerpt":{"rendered":"<p>Profesorius dr. Erich Uberlacker, astrofizikas, ilgus metus vadovaujantis Hamburgo planetariumui, supa\u017eindina su \u017einomiausiais \u017evaig\u017edynais, pasakoja j\u0173 atsiradimo legendas.\u00a0 Pateikti kiekvieno met\u0173 laiko \u017evai\u017ed\u0117lapiai pad\u0117s rasti \u0161iuos \u017evaig\u017edynus ir danguje.\u00a0 \u0160i knyga ne tik suteiks svarbi\u0173 astronomijos \u017eini\u0173, bet ir nuties tilt\u0105 \u012f astrologij\u0105, paai\u0161kindama astronomijos ir astrologijos skirtumus bei pana\u0161umus.<\/p>\n","protected":false},"featured_media":12075,"comment_status":"closed","ping_status":"closed","template":"","meta":{"_acf_changed":false,"site-sidebar-layout":"default","site-content-layout":"","ast-site-content-layout":"default","site-content-style":"default","site-sidebar-style":"default","ast-global-header-display":"","ast-banner-title-visibility":"","ast-main-header-display":"","ast-hfb-above-header-display":"","ast-hfb-below-header-display":"","ast-hfb-mobile-header-display":"","site-post-title":"","ast-breadcrumbs-content":"","ast-featured-img":"","footer-sml-layout":"","ast-disable-related-posts":"","theme-transparent-header-meta":"","adv-header-id-meta":"","stick-header-meta":"","header-above-stick-meta":"","header-main-stick-meta":"","header-below-stick-meta":"","astra-migrate-meta-layouts":"default","ast-page-background-enabled":"default","ast-page-background-meta":{"desktop":{"background-color":"","background-image":"","background-repeat":"repeat","background-position":"center center","background-size":"auto","background-attachment":"scroll","background-type":"","background-media":"","overlay-type":"","overlay-color":"","overlay-opacity":"","overlay-gradient":""},"tablet":{"background-color":"","background-image":"","background-repeat":"repeat","background-position":"center center","background-size":"auto","background-attachment":"scroll","background-type":"","background-media":"","overlay-type":"","overlay-color":"","overlay-opacity":"","overlay-gradient":""},"mobile":{"background-color":"","background-image":"","background-repeat":"repeat","background-position":"center center","background-size":"auto","background-attachment":"scroll","background-type":"","background-media":"","overlay-type":"","overlay-color":"","overlay-opacity":"","overlay-gradient":""}},"ast-content-background-meta":{"desktop":{"background-color":"var(--ast-global-color-4)","background-image":"","background-repeat":"repeat","background-position":"center center","background-size":"auto","background-attachment":"scroll","background-type":"","background-media":"","overlay-type":"","overlay-color":"","overlay-opacity":"","overlay-gradient":""},"tablet":{"background-color":"var(--ast-global-color-4)","background-image":"","background-repeat":"repeat","background-position":"center center","background-size":"auto","background-attachment":"scroll","background-type":"","background-media":"","overlay-type":"","overlay-color":"","overlay-opacity":"","overlay-gradient":""},"mobile":{"background-color":"var(--ast-global-color-4)","background-image":"","background-repeat":"repeat","background-position":"center center","background-size":"auto","background-attachment":"scroll","background-type":"","background-media":"","overlay-type":"","overlay-color":"","overlay-opacity":"","overlay-gradient":""}}},"product_brand":[],"product_cat":[35,73],"product_tag":[389],"class_list":{"0":"post-12074","1":"product","2":"type-product","3":"status-publish","4":"has-post-thumbnail","6":"product_cat-vaikams-ir-paaugliams","7":"product_cat-zinynai-ir-enciklopedijos","8":"product_tag-kas-yra-kas","9":"desktop-align-left","10":"tablet-align-left","11":"mobile-align-left","13":"first","14":"outofstock","15":"shipping-taxable","16":"purchasable","17":"product-type-simple"},"acf":[],"yoast_head":"<!-- This site is optimized with the Yoast SEO plugin v27.0 - https:\/\/yoast.com\/product\/yoast-seo-wordpress\/ -->\n<title>Kas yra kas. \u017dvaig\u017edynai ir zodiako \u017eenklai - Skaitytaknyga<\/title>\n<meta name=\"description\" content=\"Profesorius dr. Erich Uberlacker, astrofizikas, ilgus metus vadovaujantis Hamburgo planetariumui, supa\u017eindina su \u017einomiausiais \u017evaig\u017edynais, pasakoja j\u0173 atsiradimo legendas.\u00a0 Pateikti kiekvieno met\u0173 laiko \u017evai\u017ed\u0117lapiai pad\u0117s rasti \u0161iuos \u017evaig\u017edynus ir danguje.\u00a0 \u0160i knyga ne tik suteiks svarbi\u0173 astronomijos \u017eini\u0173, bet ir nuties tilt\u0105 \u012f astrologij\u0105, paai\u0161kindama astronomijos ir astrologijos skirtumus bei pana\u0161umus.\" \/>\n<meta name=\"robots\" content=\"index, follow, max-snippet:-1, max-image-preview:large, max-video-preview:-1\" \/>\n<link rel=\"canonical\" href=\"https:\/\/skaitytaknyga.lt\/en\/produktas\/kas-yra-kas-zvaigzdynai-ir-zodiako-zenklai\/\" \/>\n<meta property=\"og:locale\" content=\"en_GB\" \/>\n<meta property=\"og:locale:alternate\" content=\"lt_LT\" \/>\n<meta property=\"og:type\" content=\"article\" \/>\n<meta property=\"og:title\" content=\"Kas yra kas. \u017dvaig\u017edynai ir zodiako \u017eenklai - Skaitytaknyga\" \/>\n<meta property=\"og:description\" content=\"Profesorius dr. Erich Uberlacker, astrofizikas, ilgus metus vadovaujantis Hamburgo planetariumui, supa\u017eindina su \u017einomiausiais \u017evaig\u017edynais, pasakoja j\u0173 atsiradimo legendas.\u00a0 Pateikti kiekvieno met\u0173 laiko \u017evai\u017ed\u0117lapiai pad\u0117s rasti \u0161iuos \u017evaig\u017edynus ir danguje.\u00a0 \u0160i knyga ne tik suteiks svarbi\u0173 astronomijos \u017eini\u0173, bet ir nuties tilt\u0105 \u012f astrologij\u0105, paai\u0161kindama astronomijos ir astrologijos skirtumus bei pana\u0161umus.\" \/>\n<meta property=\"og:url\" content=\"https:\/\/skaitytaknyga.lt\/en\/produktas\/kas-yra-kas-zvaigzdynai-ir-zodiako-zenklai\/\" \/>\n<meta property=\"og:site_name\" content=\"Skaitytaknyga\" \/>\n<meta property=\"article:publisher\" content=\"https:\/\/www.facebook.com\/skaitytaknyga\/\" \/>\n<meta property=\"article:modified_time\" content=\"2024-09-01T16:19:21+00:00\" \/>\n<meta property=\"og:image\" content=\"https:\/\/skaitytaknyga.lt\/wp-content\/uploads\/2024\/06\/kas-yra-kas-zvaigzdynai-ir-zodiako-zenklai.jpg\" \/>\n\t<meta property=\"og:image:width\" content=\"604\" \/>\n\t<meta property=\"og:image:height\" content=\"800\" \/>\n\t<meta property=\"og:image:type\" content=\"image\/jpeg\" \/>\n<meta name=\"twitter:card\" content=\"summary_large_image\" \/>\n<script type=\"application\/ld+json\" class=\"yoast-schema-graph\">{\"@context\":\"https:\/\/schema.org\",\"@graph\":[{\"@type\":\"WebPage\",\"@id\":\"https:\/\/skaitytaknyga.lt\/produktas\/kas-yra-kas-zvaigzdynai-ir-zodiako-zenklai\/\",\"url\":\"https:\/\/skaitytaknyga.lt\/produktas\/kas-yra-kas-zvaigzdynai-ir-zodiako-zenklai\/\",\"name\":\"Kas yra kas. \u017dvaig\u017edynai ir zodiako \u017eenklai - Skaitytaknyga\",\"isPartOf\":{\"@id\":\"https:\/\/skaitytaknyga.lt\/#website\"},\"primaryImageOfPage\":{\"@id\":\"https:\/\/skaitytaknyga.lt\/produktas\/kas-yra-kas-zvaigzdynai-ir-zodiako-zenklai\/#primaryimage\"},\"image\":{\"@id\":\"https:\/\/skaitytaknyga.lt\/produktas\/kas-yra-kas-zvaigzdynai-ir-zodiako-zenklai\/#primaryimage\"},\"thumbnailUrl\":\"https:\/\/skaitytaknyga.lt\/wp-content\/uploads\/2024\/06\/kas-yra-kas-zvaigzdynai-ir-zodiako-zenklai.jpg\",\"datePublished\":\"2024-06-14T16:22:38+00:00\",\"dateModified\":\"2024-09-01T16:19:21+00:00\",\"description\":\"Profesorius dr. Erich Uberlacker, astrofizikas, ilgus metus vadovaujantis Hamburgo planetariumui, supa\u017eindina su \u017einomiausiais \u017evaig\u017edynais, pasakoja j\u0173 atsiradimo legendas.\u00a0 Pateikti kiekvieno met\u0173 laiko \u017evai\u017ed\u0117lapiai pad\u0117s rasti \u0161iuos \u017evaig\u017edynus ir danguje.\u00a0 \u0160i knyga ne tik suteiks svarbi\u0173 astronomijos \u017eini\u0173, bet ir nuties tilt\u0105 \u012f astrologij\u0105, paai\u0161kindama astronomijos ir astrologijos skirtumus bei pana\u0161umus.\",\"breadcrumb\":{\"@id\":\"https:\/\/skaitytaknyga.lt\/produktas\/kas-yra-kas-zvaigzdynai-ir-zodiako-zenklai\/#breadcrumb\"},\"inLanguage\":\"en-GB\",\"potentialAction\":[{\"@type\":\"ReadAction\",\"target\":[\"https:\/\/skaitytaknyga.lt\/produktas\/kas-yra-kas-zvaigzdynai-ir-zodiako-zenklai\/\"]}]},{\"@type\":\"ImageObject\",\"inLanguage\":\"en-GB\",\"@id\":\"https:\/\/skaitytaknyga.lt\/produktas\/kas-yra-kas-zvaigzdynai-ir-zodiako-zenklai\/#primaryimage\",\"url\":\"https:\/\/skaitytaknyga.lt\/wp-content\/uploads\/2024\/06\/kas-yra-kas-zvaigzdynai-ir-zodiako-zenklai.jpg\",\"contentUrl\":\"https:\/\/skaitytaknyga.lt\/wp-content\/uploads\/2024\/06\/kas-yra-kas-zvaigzdynai-ir-zodiako-zenklai.jpg\",\"width\":604,\"height\":800,\"caption\":\"\u017dvaig\u017edynai ir zodiako \u017eenklai\"},{\"@type\":\"BreadcrumbList\",\"@id\":\"https:\/\/skaitytaknyga.lt\/produktas\/kas-yra-kas-zvaigzdynai-ir-zodiako-zenklai\/#breadcrumb\",\"itemListElement\":[{\"@type\":\"ListItem\",\"position\":1,\"name\":\"Home\",\"item\":\"https:\/\/skaitytaknyga.lt\/\"},{\"@type\":\"ListItem\",\"position\":2,\"name\":\"Parduotuv\u0117\",\"item\":\"https:\/\/skaitytaknyga.lt\/knygu-parduotuve\/\"},{\"@type\":\"ListItem\",\"position\":3,\"name\":\"Kas yra kas. \u017dvaig\u017edynai ir zodiako \u017eenklai\"}]},{\"@type\":\"WebSite\",\"@id\":\"https:\/\/skaitytaknyga.lt\/#website\",\"url\":\"https:\/\/skaitytaknyga.lt\/\",\"name\":\"skaitytaknyga.lt\",\"description\":\"Skaitytaknyga.lt \u2013 tai ma\u017eas \u0161eimos verslas, kuris prasid\u0117jo nuo meil\u0117s knygoms ir siekio i\u0161gelb\u0117ti knygas nuo likimo prie konteinerio. Kas vienam nereikalingas daiktas \u2013 kitam lobis, o mes esame tarpininkai, kurie padeda abiems tapti laimingesniems ???? \u017dinome kaip nelengva i\u0161gyventi ma\u017eiems verslams, tad nuo \u0161iol, \u010dia rasite ir kit\u0173, ma\u017e\u0173 \u0161eim\u0173 versl\u0173, rank\u0173 darbo, dovan\u0173 sau ir artimiesiems.\",\"publisher\":{\"@id\":\"https:\/\/skaitytaknyga.lt\/#organization\"},\"potentialAction\":[{\"@type\":\"SearchAction\",\"target\":{\"@type\":\"EntryPoint\",\"urlTemplate\":\"https:\/\/skaitytaknyga.lt\/?s={search_term_string}\"},\"query-input\":{\"@type\":\"PropertyValueSpecification\",\"valueRequired\":true,\"valueName\":\"search_term_string\"}}],\"inLanguage\":\"en-GB\"},{\"@type\":\"Organization\",\"@id\":\"https:\/\/skaitytaknyga.lt\/#organization\",\"name\":\"skaitytaknyga.lt\",\"url\":\"https:\/\/skaitytaknyga.lt\/\",\"logo\":{\"@type\":\"ImageObject\",\"inLanguage\":\"en-GB\",\"@id\":\"https:\/\/skaitytaknyga.lt\/#\/schema\/logo\/image\/\",\"url\":\"https:\/\/skaitytaknyga.lt\/wp-content\/uploads\/2024\/05\/cropped-cropped-cropped-02_00843_jt3bggkj1j3HLc7SyY6rEUpg.jpeg\",\"contentUrl\":\"https:\/\/skaitytaknyga.lt\/wp-content\/uploads\/2024\/05\/cropped-cropped-cropped-02_00843_jt3bggkj1j3HLc7SyY6rEUpg.jpeg\",\"width\":1600,\"height\":1600,\"caption\":\"skaitytaknyga.lt\"},\"image\":{\"@id\":\"https:\/\/skaitytaknyga.lt\/#\/schema\/logo\/image\/\"},\"sameAs\":[\"https:\/\/www.facebook.com\/skaitytaknyga\/\"]}]}<\/script>\n<!-- \/ Yoast SEO plugin. -->","yoast_head_json":{"title":"Kas yra kas. \u017dvaig\u017edynai ir zodiako \u017eenklai - Skaitytaknyga","description":"Profesorius dr. Erich Uberlacker, astrofizikas, ilgus metus vadovaujantis Hamburgo planetariumui, supa\u017eindina su \u017einomiausiais \u017evaig\u017edynais, pasakoja j\u0173 atsiradimo legendas.\u00a0 Pateikti kiekvieno met\u0173 laiko \u017evai\u017ed\u0117lapiai pad\u0117s rasti \u0161iuos \u017evaig\u017edynus ir danguje.\u00a0 \u0160i knyga ne tik suteiks svarbi\u0173 astronomijos \u017eini\u0173, bet ir nuties tilt\u0105 \u012f astrologij\u0105, paai\u0161kindama astronomijos ir astrologijos skirtumus bei pana\u0161umus.","robots":{"index":"index","follow":"follow","max-snippet":"max-snippet:-1","max-image-preview":"max-image-preview:large","max-video-preview":"max-video-preview:-1"},"canonical":"https:\/\/skaitytaknyga.lt\/en\/produktas\/kas-yra-kas-zvaigzdynai-ir-zodiako-zenklai\/","og_locale":"en_GB","og_type":"article","og_title":"Kas yra kas. \u017dvaig\u017edynai ir zodiako \u017eenklai - Skaitytaknyga","og_description":"Profesorius dr. Erich Uberlacker, astrofizikas, ilgus metus vadovaujantis Hamburgo planetariumui, supa\u017eindina su \u017einomiausiais \u017evaig\u017edynais, pasakoja j\u0173 atsiradimo legendas.\u00a0 Pateikti kiekvieno met\u0173 laiko \u017evai\u017ed\u0117lapiai pad\u0117s rasti \u0161iuos \u017evaig\u017edynus ir danguje.\u00a0 \u0160i knyga ne tik suteiks svarbi\u0173 astronomijos \u017eini\u0173, bet ir nuties tilt\u0105 \u012f astrologij\u0105, paai\u0161kindama astronomijos ir astrologijos skirtumus bei pana\u0161umus.","og_url":"https:\/\/skaitytaknyga.lt\/en\/produktas\/kas-yra-kas-zvaigzdynai-ir-zodiako-zenklai\/","og_site_name":"Skaitytaknyga","article_publisher":"https:\/\/www.facebook.com\/skaitytaknyga\/","article_modified_time":"2024-09-01T16:19:21+00:00","og_image":[{"width":604,"height":800,"url":"https:\/\/skaitytaknyga.lt\/wp-content\/uploads\/2024\/06\/kas-yra-kas-zvaigzdynai-ir-zodiako-zenklai.jpg","type":"image\/jpeg"}],"twitter_card":"summary_large_image","schema":{"@context":"https:\/\/schema.org","@graph":[{"@type":"WebPage","@id":"https:\/\/skaitytaknyga.lt\/produktas\/kas-yra-kas-zvaigzdynai-ir-zodiako-zenklai\/","url":"https:\/\/skaitytaknyga.lt\/produktas\/kas-yra-kas-zvaigzdynai-ir-zodiako-zenklai\/","name":"Kas yra kas. \u017dvaig\u017edynai ir zodiako \u017eenklai - Skaitytaknyga","isPartOf":{"@id":"https:\/\/skaitytaknyga.lt\/#website"},"primaryImageOfPage":{"@id":"https:\/\/skaitytaknyga.lt\/produktas\/kas-yra-kas-zvaigzdynai-ir-zodiako-zenklai\/#primaryimage"},"image":{"@id":"https:\/\/skaitytaknyga.lt\/produktas\/kas-yra-kas-zvaigzdynai-ir-zodiako-zenklai\/#primaryimage"},"thumbnailUrl":"https:\/\/skaitytaknyga.lt\/wp-content\/uploads\/2024\/06\/kas-yra-kas-zvaigzdynai-ir-zodiako-zenklai.jpg","datePublished":"2024-06-14T16:22:38+00:00","dateModified":"2024-09-01T16:19:21+00:00","description":"Profesorius dr. Erich Uberlacker, astrofizikas, ilgus metus vadovaujantis Hamburgo planetariumui, supa\u017eindina su \u017einomiausiais \u017evaig\u017edynais, pasakoja j\u0173 atsiradimo legendas.\u00a0 Pateikti kiekvieno met\u0173 laiko \u017evai\u017ed\u0117lapiai pad\u0117s rasti \u0161iuos \u017evaig\u017edynus ir danguje.\u00a0 \u0160i knyga ne tik suteiks svarbi\u0173 astronomijos \u017eini\u0173, bet ir nuties tilt\u0105 \u012f astrologij\u0105, paai\u0161kindama astronomijos ir astrologijos skirtumus bei pana\u0161umus.","breadcrumb":{"@id":"https:\/\/skaitytaknyga.lt\/produktas\/kas-yra-kas-zvaigzdynai-ir-zodiako-zenklai\/#breadcrumb"},"inLanguage":"en-GB","potentialAction":[{"@type":"ReadAction","target":["https:\/\/skaitytaknyga.lt\/produktas\/kas-yra-kas-zvaigzdynai-ir-zodiako-zenklai\/"]}]},{"@type":"ImageObject","inLanguage":"en-GB","@id":"https:\/\/skaitytaknyga.lt\/produktas\/kas-yra-kas-zvaigzdynai-ir-zodiako-zenklai\/#primaryimage","url":"https:\/\/skaitytaknyga.lt\/wp-content\/uploads\/2024\/06\/kas-yra-kas-zvaigzdynai-ir-zodiako-zenklai.jpg","contentUrl":"https:\/\/skaitytaknyga.lt\/wp-content\/uploads\/2024\/06\/kas-yra-kas-zvaigzdynai-ir-zodiako-zenklai.jpg","width":604,"height":800,"caption":"\u017dvaig\u017edynai ir zodiako \u017eenklai"},{"@type":"BreadcrumbList","@id":"https:\/\/skaitytaknyga.lt\/produktas\/kas-yra-kas-zvaigzdynai-ir-zodiako-zenklai\/#breadcrumb","itemListElement":[{"@type":"ListItem","position":1,"name":"Home","item":"https:\/\/skaitytaknyga.lt\/"},{"@type":"ListItem","position":2,"name":"Parduotuv\u0117","item":"https:\/\/skaitytaknyga.lt\/knygu-parduotuve\/"},{"@type":"ListItem","position":3,"name":"Kas yra kas. \u017dvaig\u017edynai ir zodiako \u017eenklai"}]},{"@type":"WebSite","@id":"https:\/\/skaitytaknyga.lt\/#website","url":"https:\/\/skaitytaknyga.lt\/","name":"skaitytaknyga.lt","description":"Skaitytaknyga.lt \u2013 tai ma\u017eas \u0161eimos verslas, kuris prasid\u0117jo nuo meil\u0117s knygoms ir siekio i\u0161gelb\u0117ti knygas nuo likimo prie konteinerio. Kas vienam nereikalingas daiktas \u2013 kitam lobis, o mes esame tarpininkai, kurie padeda abiems tapti laimingesniems ???? \u017dinome kaip nelengva i\u0161gyventi ma\u017eiems verslams, tad nuo \u0161iol, \u010dia rasite ir kit\u0173, ma\u017e\u0173 \u0161eim\u0173 versl\u0173, rank\u0173 darbo, dovan\u0173 sau ir artimiesiems.","publisher":{"@id":"https:\/\/skaitytaknyga.lt\/#organization"},"potentialAction":[{"@type":"SearchAction","target":{"@type":"EntryPoint","urlTemplate":"https:\/\/skaitytaknyga.lt\/?s={search_term_string}"},"query-input":{"@type":"PropertyValueSpecification","valueRequired":true,"valueName":"search_term_string"}}],"inLanguage":"en-GB"},{"@type":"Organization","@id":"https:\/\/skaitytaknyga.lt\/#organization","name":"skaitytaknyga.lt","url":"https:\/\/skaitytaknyga.lt\/","logo":{"@type":"ImageObject","inLanguage":"en-GB","@id":"https:\/\/skaitytaknyga.lt\/#\/schema\/logo\/image\/","url":"https:\/\/skaitytaknyga.lt\/wp-content\/uploads\/2024\/05\/cropped-cropped-cropped-02_00843_jt3bggkj1j3HLc7SyY6rEUpg.jpeg","contentUrl":"https:\/\/skaitytaknyga.lt\/wp-content\/uploads\/2024\/05\/cropped-cropped-cropped-02_00843_jt3bggkj1j3HLc7SyY6rEUpg.jpeg","width":1600,"height":1600,"caption":"skaitytaknyga.lt"},"image":{"@id":"https:\/\/skaitytaknyga.lt\/#\/schema\/logo\/image\/"},"sameAs":["https:\/\/www.facebook.com\/skaitytaknyga\/"]}]}},"_links":{"self":[{"href":"https:\/\/skaitytaknyga.lt\/en\/wp-json\/wp\/v2\/product\/12074","targetHints":{"allow":["GET"]}}],"collection":[{"href":"https:\/\/skaitytaknyga.lt\/en\/wp-json\/wp\/v2\/product"}],"about":[{"href":"https:\/\/skaitytaknyga.lt\/en\/wp-json\/wp\/v2\/types\/product"}],"replies":[{"embeddable":true,"href":"https:\/\/skaitytaknyga.lt\/en\/wp-json\/wp\/v2\/comments?post=12074"}],"wp:featuredmedia":[{"embeddable":true,"href":"https:\/\/skaitytaknyga.lt\/en\/wp-json\/wp\/v2\/media\/12075"}],"wp:attachment":[{"href":"https:\/\/skaitytaknyga.lt\/en\/wp-json\/wp\/v2\/media?parent=12074"}],"wp:term":[{"taxonomy":"product_brand","embeddable":true,"href":"https:\/\/skaitytaknyga.lt\/en\/wp-json\/wp\/v2\/product_brand?post=12074"},{"taxonomy":"product_cat","embeddable":true,"href":"https:\/\/skaitytaknyga.lt\/en\/wp-json\/wp\/v2\/product_cat?post=12074"},{"taxonomy":"product_tag","embeddable":true,"href":"https:\/\/skaitytaknyga.lt\/en\/wp-json\/wp\/v2\/product_tag?post=12074"}],"curies":[{"name":"wp","href":"https:\/\/api.w.org\/{rel}","templated":true}]}}