{"id":12070,"date":"2024-06-14T16:14:10","date_gmt":"2024-06-14T16:14:10","guid":{"rendered":"https:\/\/skaitytaknyga.lt\/?post_type=product&#038;p=12070"},"modified":"2025-05-12T23:00:56","modified_gmt":"2025-05-12T20:00:56","slug":"kas-yra-kas-piratai","status":"publish","type":"product","link":"https:\/\/skaitytaknyga.lt\/en\/produktas\/kas-yra-kas-piratai\/","title":{"rendered":"Kas yra kas. Piratai"},"content":{"rendered":"","protected":false},"excerpt":{"rendered":"<p>Piratavimas yra toks pat senas dalykas kaip ir pati j\u016breivyst\u0117. \u201ePeirates\u201c graikai vadindavo vyrus, plaukdavusius per j\u016br\u0105 pl\u0117\u0161ikauti tolim\u0173 kra\u0161t\u0173 pakrant\u0117se. V\u0117liau \u0161is \u017eodis transformavosi \u012f \u017eod\u012f \u201epiratai\u201c ir j\u012f prad\u0117jo vartoti visos j\u016br\u0173 tautos &#8211; nesvarbu, ar \u0161ie piratai k\u0117l\u0117 nerim\u0105 j\u016brose kaip j\u016br\u0173 pl\u0117\u0161ikai ar vikingai, kaperiai, korsarai. Kod\u0117l piratai tapdavo j\u016br\u0173 pl\u0117\u0161ikais? Kur da\u017eniausiai laivus u\u017eguldavo daugelis pl\u0117\u0161ik\u0173? Kas toks buvo baisusis Juodabarzdis? Kaip gyvendavo pirat\u0173 laivo \u012fgula? \u0160ioje \u201eKas yra kas\u201c serijos knygoje Rainer Crummenerl profesionaliai ir \u012fdomiai pasakoja apie j\u016br\u0173 pl\u0117\u0161ik\u0173 pasaul\u012f. Be to, knygoje ra\u0161oma apie tai, kur dar ir \u0161iandien pasaulyje galima sutikti pirat\u0173.<\/p>\n","protected":false},"featured_media":12071,"comment_status":"open","ping_status":"closed","template":"","meta":{"_acf_changed":false,"site-sidebar-layout":"default","site-content-layout":"","ast-site-content-layout":"default","site-content-style":"default","site-sidebar-style":"default","ast-global-header-display":"","ast-banner-title-visibility":"","ast-main-header-display":"","ast-hfb-above-header-display":"","ast-hfb-below-header-display":"","ast-hfb-mobile-header-display":"","site-post-title":"","ast-breadcrumbs-content":"","ast-featured-img":"","footer-sml-layout":"","ast-disable-related-posts":"","theme-transparent-header-meta":"","adv-header-id-meta":"","stick-header-meta":"","header-above-stick-meta":"","header-main-stick-meta":"","header-below-stick-meta":"","astra-migrate-meta-layouts":"default","ast-page-background-enabled":"default","ast-page-background-meta":{"desktop":{"background-color":"","background-image":"","background-repeat":"repeat","background-position":"center center","background-size":"auto","background-attachment":"scroll","background-type":"","background-media":"","overlay-type":"","overlay-color":"","overlay-opacity":"","overlay-gradient":""},"tablet":{"background-color":"","background-image":"","background-repeat":"repeat","background-position":"center center","background-size":"auto","background-attachment":"scroll","background-type":"","background-media":"","overlay-type":"","overlay-color":"","overlay-opacity":"","overlay-gradient":""},"mobile":{"background-color":"","background-image":"","background-repeat":"repeat","background-position":"center center","background-size":"auto","background-attachment":"scroll","background-type":"","background-media":"","overlay-type":"","overlay-color":"","overlay-opacity":"","overlay-gradient":""}},"ast-content-background-meta":{"desktop":{"background-color":"var(--ast-global-color-4)","background-image":"","background-repeat":"repeat","background-position":"center center","background-size":"auto","background-attachment":"scroll","background-type":"","background-media":"","overlay-type":"","overlay-color":"","overlay-opacity":"","overlay-gradient":""},"tablet":{"background-color":"var(--ast-global-color-4)","background-image":"","background-repeat":"repeat","background-position":"center center","background-size":"auto","background-attachment":"scroll","background-type":"","background-media":"","overlay-type":"","overlay-color":"","overlay-opacity":"","overlay-gradient":""},"mobile":{"background-color":"var(--ast-global-color-4)","background-image":"","background-repeat":"repeat","background-position":"center center","background-size":"auto","background-attachment":"scroll","background-type":"","background-media":"","overlay-type":"","overlay-color":"","overlay-opacity":"","overlay-gradient":""}}},"product_brand":[],"product_cat":[1023,35],"product_tag":[389],"class_list":{"0":"post-12070","1":"product","2":"type-product","3":"status-publish","4":"has-post-thumbnail","6":"product_cat-kas-yra-kas","7":"product_cat-vaikams-ir-paaugliams","8":"product_tag-kas-yra-kas","9":"desktop-align-left","10":"tablet-align-left","11":"mobile-align-left","13":"first","14":"outofstock","15":"shipping-taxable","16":"purchasable","17":"product-type-simple"},"acf":[],"yoast_head":"<!-- This site is optimized with the Yoast SEO plugin v27.0 - https:\/\/yoast.com\/product\/yoast-seo-wordpress\/ -->\n<title>Kas yra kas. Piratai - Skaitytaknyga<\/title>\n<meta name=\"description\" content=\"Piratavimas yra toks pat senas dalykas kaip ir pati j\u016breivyst\u0117. \u201ePeirates\u201c graikai vadindavo vyrus, plaukdavusius per j\u016br\u0105 pl\u0117\u0161ikauti tolim\u0173 kra\u0161t\u0173 pakrant\u0117se. V\u0117liau \u0161is \u017eodis transformavosi \u012f \u017eod\u012f \u201epiratai\u201c ir j\u012f prad\u0117jo vartoti visos j\u016br\u0173 tautos - nesvarbu, ar \u0161ie piratai k\u0117l\u0117 nerim\u0105 j\u016brose kaip j\u016br\u0173 pl\u0117\u0161ikai ar vikingai, kaperiai, korsarai. Kod\u0117l piratai tapdavo j\u016br\u0173 pl\u0117\u0161ikais? Kur da\u017eniausiai laivus u\u017eguldavo daugelis pl\u0117\u0161ik\u0173? Kas toks buvo baisusis Juodabarzdis? Kaip gyvendavo pirat\u0173 laivo \u012fgula? \u0160ioje \u201eKas yra kas\u201c serijos knygoje Rainer Crummenerl profesionaliai ir \u012fdomiai pasakoja apie j\u016br\u0173 pl\u0117\u0161ik\u0173 pasaul\u012f. Be to, knygoje ra\u0161oma apie tai, kur dar ir \u0161iandien pasaulyje galima sutikti pirat\u0173.\" \/>\n<meta name=\"robots\" content=\"index, follow, max-snippet:-1, max-image-preview:large, max-video-preview:-1\" \/>\n<link rel=\"canonical\" href=\"https:\/\/skaitytaknyga.lt\/en\/produktas\/kas-yra-kas-piratai\/\" \/>\n<meta property=\"og:locale\" content=\"en_GB\" \/>\n<meta property=\"og:locale:alternate\" content=\"lt_LT\" \/>\n<meta property=\"og:type\" content=\"article\" \/>\n<meta property=\"og:title\" content=\"Kas yra kas. Piratai - Skaitytaknyga\" \/>\n<meta property=\"og:description\" content=\"Piratavimas yra toks pat senas dalykas kaip ir pati j\u016breivyst\u0117. \u201ePeirates\u201c graikai vadindavo vyrus, plaukdavusius per j\u016br\u0105 pl\u0117\u0161ikauti tolim\u0173 kra\u0161t\u0173 pakrant\u0117se. V\u0117liau \u0161is \u017eodis transformavosi \u012f \u017eod\u012f \u201epiratai\u201c ir j\u012f prad\u0117jo vartoti visos j\u016br\u0173 tautos - nesvarbu, ar \u0161ie piratai k\u0117l\u0117 nerim\u0105 j\u016brose kaip j\u016br\u0173 pl\u0117\u0161ikai ar vikingai, kaperiai, korsarai. Kod\u0117l piratai tapdavo j\u016br\u0173 pl\u0117\u0161ikais? Kur da\u017eniausiai laivus u\u017eguldavo daugelis pl\u0117\u0161ik\u0173? Kas toks buvo baisusis Juodabarzdis? Kaip gyvendavo pirat\u0173 laivo \u012fgula? \u0160ioje \u201eKas yra kas\u201c serijos knygoje Rainer Crummenerl profesionaliai ir \u012fdomiai pasakoja apie j\u016br\u0173 pl\u0117\u0161ik\u0173 pasaul\u012f. Be to, knygoje ra\u0161oma apie tai, kur dar ir \u0161iandien pasaulyje galima sutikti pirat\u0173.\" \/>\n<meta property=\"og:url\" content=\"https:\/\/skaitytaknyga.lt\/en\/produktas\/kas-yra-kas-piratai\/\" \/>\n<meta property=\"og:site_name\" content=\"Skaitytaknyga\" \/>\n<meta property=\"article:publisher\" content=\"https:\/\/www.facebook.com\/skaitytaknyga\/\" \/>\n<meta property=\"article:modified_time\" content=\"2025-05-12T20:00:56+00:00\" \/>\n<meta property=\"og:image\" content=\"https:\/\/skaitytaknyga.lt\/wp-content\/uploads\/2024\/06\/piratai.jpg\" \/>\n\t<meta property=\"og:image:width\" content=\"714\" \/>\n\t<meta property=\"og:image:height\" content=\"999\" \/>\n\t<meta property=\"og:image:type\" content=\"image\/jpeg\" \/>\n<meta name=\"twitter:card\" content=\"summary_large_image\" \/>\n<script type=\"application\/ld+json\" class=\"yoast-schema-graph\">{\"@context\":\"https:\/\/schema.org\",\"@graph\":[{\"@type\":\"WebPage\",\"@id\":\"https:\/\/skaitytaknyga.lt\/produktas\/kas-yra-kas-piratai\/\",\"url\":\"https:\/\/skaitytaknyga.lt\/produktas\/kas-yra-kas-piratai\/\",\"name\":\"Kas yra kas. Piratai - Skaitytaknyga\",\"isPartOf\":{\"@id\":\"https:\/\/skaitytaknyga.lt\/#website\"},\"primaryImageOfPage\":{\"@id\":\"https:\/\/skaitytaknyga.lt\/produktas\/kas-yra-kas-piratai\/#primaryimage\"},\"image\":{\"@id\":\"https:\/\/skaitytaknyga.lt\/produktas\/kas-yra-kas-piratai\/#primaryimage\"},\"thumbnailUrl\":\"https:\/\/skaitytaknyga.lt\/wp-content\/uploads\/2024\/06\/piratai.jpg\",\"datePublished\":\"2024-06-14T16:14:10+00:00\",\"dateModified\":\"2025-05-12T20:00:56+00:00\",\"description\":\"Piratavimas yra toks pat senas dalykas kaip ir pati j\u016breivyst\u0117. \u201ePeirates\u201c graikai vadindavo vyrus, plaukdavusius per j\u016br\u0105 pl\u0117\u0161ikauti tolim\u0173 kra\u0161t\u0173 pakrant\u0117se. V\u0117liau \u0161is \u017eodis transformavosi \u012f \u017eod\u012f \u201epiratai\u201c ir j\u012f prad\u0117jo vartoti visos j\u016br\u0173 tautos - nesvarbu, ar \u0161ie piratai k\u0117l\u0117 nerim\u0105 j\u016brose kaip j\u016br\u0173 pl\u0117\u0161ikai ar vikingai, kaperiai, korsarai. Kod\u0117l piratai tapdavo j\u016br\u0173 pl\u0117\u0161ikais? Kur da\u017eniausiai laivus u\u017eguldavo daugelis pl\u0117\u0161ik\u0173? Kas toks buvo baisusis Juodabarzdis? Kaip gyvendavo pirat\u0173 laivo \u012fgula? \u0160ioje \u201eKas yra kas\u201c serijos knygoje Rainer Crummenerl profesionaliai ir \u012fdomiai pasakoja apie j\u016br\u0173 pl\u0117\u0161ik\u0173 pasaul\u012f. Be to, knygoje ra\u0161oma apie tai, kur dar ir \u0161iandien pasaulyje galima sutikti pirat\u0173.\",\"breadcrumb\":{\"@id\":\"https:\/\/skaitytaknyga.lt\/produktas\/kas-yra-kas-piratai\/#breadcrumb\"},\"inLanguage\":\"en-GB\",\"potentialAction\":[{\"@type\":\"ReadAction\",\"target\":[\"https:\/\/skaitytaknyga.lt\/produktas\/kas-yra-kas-piratai\/\"]}]},{\"@type\":\"ImageObject\",\"inLanguage\":\"en-GB\",\"@id\":\"https:\/\/skaitytaknyga.lt\/produktas\/kas-yra-kas-piratai\/#primaryimage\",\"url\":\"https:\/\/skaitytaknyga.lt\/wp-content\/uploads\/2024\/06\/piratai.jpg\",\"contentUrl\":\"https:\/\/skaitytaknyga.lt\/wp-content\/uploads\/2024\/06\/piratai.jpg\",\"width\":714,\"height\":999,\"caption\":\"piratai\"},{\"@type\":\"BreadcrumbList\",\"@id\":\"https:\/\/skaitytaknyga.lt\/produktas\/kas-yra-kas-piratai\/#breadcrumb\",\"itemListElement\":[{\"@type\":\"ListItem\",\"position\":1,\"name\":\"Home\",\"item\":\"https:\/\/skaitytaknyga.lt\/\"},{\"@type\":\"ListItem\",\"position\":2,\"name\":\"Parduotuv\u0117\",\"item\":\"https:\/\/skaitytaknyga.lt\/knygu-parduotuve\/\"},{\"@type\":\"ListItem\",\"position\":3,\"name\":\"Kas yra kas. Piratai\"}]},{\"@type\":\"WebSite\",\"@id\":\"https:\/\/skaitytaknyga.lt\/#website\",\"url\":\"https:\/\/skaitytaknyga.lt\/\",\"name\":\"skaitytaknyga.lt\",\"description\":\"Skaitytaknyga.lt \u2013 tai ma\u017eas \u0161eimos verslas, kuris prasid\u0117jo nuo meil\u0117s knygoms ir siekio i\u0161gelb\u0117ti knygas nuo likimo prie konteinerio. Kas vienam nereikalingas daiktas \u2013 kitam lobis, o mes esame tarpininkai, kurie padeda abiems tapti laimingesniems ???? \u017dinome kaip nelengva i\u0161gyventi ma\u017eiems verslams, tad nuo \u0161iol, \u010dia rasite ir kit\u0173, ma\u017e\u0173 \u0161eim\u0173 versl\u0173, rank\u0173 darbo, dovan\u0173 sau ir artimiesiems.\",\"publisher\":{\"@id\":\"https:\/\/skaitytaknyga.lt\/#organization\"},\"potentialAction\":[{\"@type\":\"SearchAction\",\"target\":{\"@type\":\"EntryPoint\",\"urlTemplate\":\"https:\/\/skaitytaknyga.lt\/?s={search_term_string}\"},\"query-input\":{\"@type\":\"PropertyValueSpecification\",\"valueRequired\":true,\"valueName\":\"search_term_string\"}}],\"inLanguage\":\"en-GB\"},{\"@type\":\"Organization\",\"@id\":\"https:\/\/skaitytaknyga.lt\/#organization\",\"name\":\"skaitytaknyga.lt\",\"url\":\"https:\/\/skaitytaknyga.lt\/\",\"logo\":{\"@type\":\"ImageObject\",\"inLanguage\":\"en-GB\",\"@id\":\"https:\/\/skaitytaknyga.lt\/#\/schema\/logo\/image\/\",\"url\":\"https:\/\/skaitytaknyga.lt\/wp-content\/uploads\/2024\/05\/cropped-cropped-cropped-02_00843_jt3bggkj1j3HLc7SyY6rEUpg.jpeg\",\"contentUrl\":\"https:\/\/skaitytaknyga.lt\/wp-content\/uploads\/2024\/05\/cropped-cropped-cropped-02_00843_jt3bggkj1j3HLc7SyY6rEUpg.jpeg\",\"width\":1600,\"height\":1600,\"caption\":\"skaitytaknyga.lt\"},\"image\":{\"@id\":\"https:\/\/skaitytaknyga.lt\/#\/schema\/logo\/image\/\"},\"sameAs\":[\"https:\/\/www.facebook.com\/skaitytaknyga\/\"]}]}<\/script>\n<!-- \/ Yoast SEO plugin. -->","yoast_head_json":{"title":"Kas yra kas. Piratai - Skaitytaknyga","description":"Piratavimas yra toks pat senas dalykas kaip ir pati j\u016breivyst\u0117. \u201ePeirates\u201c graikai vadindavo vyrus, plaukdavusius per j\u016br\u0105 pl\u0117\u0161ikauti tolim\u0173 kra\u0161t\u0173 pakrant\u0117se. V\u0117liau \u0161is \u017eodis transformavosi \u012f \u017eod\u012f \u201epiratai\u201c ir j\u012f prad\u0117jo vartoti visos j\u016br\u0173 tautos - nesvarbu, ar \u0161ie piratai k\u0117l\u0117 nerim\u0105 j\u016brose kaip j\u016br\u0173 pl\u0117\u0161ikai ar vikingai, kaperiai, korsarai. Kod\u0117l piratai tapdavo j\u016br\u0173 pl\u0117\u0161ikais? Kur da\u017eniausiai laivus u\u017eguldavo daugelis pl\u0117\u0161ik\u0173? Kas toks buvo baisusis Juodabarzdis? Kaip gyvendavo pirat\u0173 laivo \u012fgula? \u0160ioje \u201eKas yra kas\u201c serijos knygoje Rainer Crummenerl profesionaliai ir \u012fdomiai pasakoja apie j\u016br\u0173 pl\u0117\u0161ik\u0173 pasaul\u012f. Be to, knygoje ra\u0161oma apie tai, kur dar ir \u0161iandien pasaulyje galima sutikti pirat\u0173.","robots":{"index":"index","follow":"follow","max-snippet":"max-snippet:-1","max-image-preview":"max-image-preview:large","max-video-preview":"max-video-preview:-1"},"canonical":"https:\/\/skaitytaknyga.lt\/en\/produktas\/kas-yra-kas-piratai\/","og_locale":"en_GB","og_type":"article","og_title":"Kas yra kas. Piratai - Skaitytaknyga","og_description":"Piratavimas yra toks pat senas dalykas kaip ir pati j\u016breivyst\u0117. \u201ePeirates\u201c graikai vadindavo vyrus, plaukdavusius per j\u016br\u0105 pl\u0117\u0161ikauti tolim\u0173 kra\u0161t\u0173 pakrant\u0117se. V\u0117liau \u0161is \u017eodis transformavosi \u012f \u017eod\u012f \u201epiratai\u201c ir j\u012f prad\u0117jo vartoti visos j\u016br\u0173 tautos - nesvarbu, ar \u0161ie piratai k\u0117l\u0117 nerim\u0105 j\u016brose kaip j\u016br\u0173 pl\u0117\u0161ikai ar vikingai, kaperiai, korsarai. Kod\u0117l piratai tapdavo j\u016br\u0173 pl\u0117\u0161ikais? Kur da\u017eniausiai laivus u\u017eguldavo daugelis pl\u0117\u0161ik\u0173? Kas toks buvo baisusis Juodabarzdis? Kaip gyvendavo pirat\u0173 laivo \u012fgula? \u0160ioje \u201eKas yra kas\u201c serijos knygoje Rainer Crummenerl profesionaliai ir \u012fdomiai pasakoja apie j\u016br\u0173 pl\u0117\u0161ik\u0173 pasaul\u012f. Be to, knygoje ra\u0161oma apie tai, kur dar ir \u0161iandien pasaulyje galima sutikti pirat\u0173.","og_url":"https:\/\/skaitytaknyga.lt\/en\/produktas\/kas-yra-kas-piratai\/","og_site_name":"Skaitytaknyga","article_publisher":"https:\/\/www.facebook.com\/skaitytaknyga\/","article_modified_time":"2025-05-12T20:00:56+00:00","og_image":[{"width":714,"height":999,"url":"https:\/\/skaitytaknyga.lt\/wp-content\/uploads\/2024\/06\/piratai.jpg","type":"image\/jpeg"}],"twitter_card":"summary_large_image","schema":{"@context":"https:\/\/schema.org","@graph":[{"@type":"WebPage","@id":"https:\/\/skaitytaknyga.lt\/produktas\/kas-yra-kas-piratai\/","url":"https:\/\/skaitytaknyga.lt\/produktas\/kas-yra-kas-piratai\/","name":"Kas yra kas. Piratai - Skaitytaknyga","isPartOf":{"@id":"https:\/\/skaitytaknyga.lt\/#website"},"primaryImageOfPage":{"@id":"https:\/\/skaitytaknyga.lt\/produktas\/kas-yra-kas-piratai\/#primaryimage"},"image":{"@id":"https:\/\/skaitytaknyga.lt\/produktas\/kas-yra-kas-piratai\/#primaryimage"},"thumbnailUrl":"https:\/\/skaitytaknyga.lt\/wp-content\/uploads\/2024\/06\/piratai.jpg","datePublished":"2024-06-14T16:14:10+00:00","dateModified":"2025-05-12T20:00:56+00:00","description":"Piratavimas yra toks pat senas dalykas kaip ir pati j\u016breivyst\u0117. \u201ePeirates\u201c graikai vadindavo vyrus, plaukdavusius per j\u016br\u0105 pl\u0117\u0161ikauti tolim\u0173 kra\u0161t\u0173 pakrant\u0117se. V\u0117liau \u0161is \u017eodis transformavosi \u012f \u017eod\u012f \u201epiratai\u201c ir j\u012f prad\u0117jo vartoti visos j\u016br\u0173 tautos - nesvarbu, ar \u0161ie piratai k\u0117l\u0117 nerim\u0105 j\u016brose kaip j\u016br\u0173 pl\u0117\u0161ikai ar vikingai, kaperiai, korsarai. Kod\u0117l piratai tapdavo j\u016br\u0173 pl\u0117\u0161ikais? Kur da\u017eniausiai laivus u\u017eguldavo daugelis pl\u0117\u0161ik\u0173? Kas toks buvo baisusis Juodabarzdis? Kaip gyvendavo pirat\u0173 laivo \u012fgula? \u0160ioje \u201eKas yra kas\u201c serijos knygoje Rainer Crummenerl profesionaliai ir \u012fdomiai pasakoja apie j\u016br\u0173 pl\u0117\u0161ik\u0173 pasaul\u012f. Be to, knygoje ra\u0161oma apie tai, kur dar ir \u0161iandien pasaulyje galima sutikti pirat\u0173.","breadcrumb":{"@id":"https:\/\/skaitytaknyga.lt\/produktas\/kas-yra-kas-piratai\/#breadcrumb"},"inLanguage":"en-GB","potentialAction":[{"@type":"ReadAction","target":["https:\/\/skaitytaknyga.lt\/produktas\/kas-yra-kas-piratai\/"]}]},{"@type":"ImageObject","inLanguage":"en-GB","@id":"https:\/\/skaitytaknyga.lt\/produktas\/kas-yra-kas-piratai\/#primaryimage","url":"https:\/\/skaitytaknyga.lt\/wp-content\/uploads\/2024\/06\/piratai.jpg","contentUrl":"https:\/\/skaitytaknyga.lt\/wp-content\/uploads\/2024\/06\/piratai.jpg","width":714,"height":999,"caption":"piratai"},{"@type":"BreadcrumbList","@id":"https:\/\/skaitytaknyga.lt\/produktas\/kas-yra-kas-piratai\/#breadcrumb","itemListElement":[{"@type":"ListItem","position":1,"name":"Home","item":"https:\/\/skaitytaknyga.lt\/"},{"@type":"ListItem","position":2,"name":"Parduotuv\u0117","item":"https:\/\/skaitytaknyga.lt\/knygu-parduotuve\/"},{"@type":"ListItem","position":3,"name":"Kas yra kas. Piratai"}]},{"@type":"WebSite","@id":"https:\/\/skaitytaknyga.lt\/#website","url":"https:\/\/skaitytaknyga.lt\/","name":"skaitytaknyga.lt","description":"Skaitytaknyga.lt \u2013 tai ma\u017eas \u0161eimos verslas, kuris prasid\u0117jo nuo meil\u0117s knygoms ir siekio i\u0161gelb\u0117ti knygas nuo likimo prie konteinerio. Kas vienam nereikalingas daiktas \u2013 kitam lobis, o mes esame tarpininkai, kurie padeda abiems tapti laimingesniems ???? \u017dinome kaip nelengva i\u0161gyventi ma\u017eiems verslams, tad nuo \u0161iol, \u010dia rasite ir kit\u0173, ma\u017e\u0173 \u0161eim\u0173 versl\u0173, rank\u0173 darbo, dovan\u0173 sau ir artimiesiems.","publisher":{"@id":"https:\/\/skaitytaknyga.lt\/#organization"},"potentialAction":[{"@type":"SearchAction","target":{"@type":"EntryPoint","urlTemplate":"https:\/\/skaitytaknyga.lt\/?s={search_term_string}"},"query-input":{"@type":"PropertyValueSpecification","valueRequired":true,"valueName":"search_term_string"}}],"inLanguage":"en-GB"},{"@type":"Organization","@id":"https:\/\/skaitytaknyga.lt\/#organization","name":"skaitytaknyga.lt","url":"https:\/\/skaitytaknyga.lt\/","logo":{"@type":"ImageObject","inLanguage":"en-GB","@id":"https:\/\/skaitytaknyga.lt\/#\/schema\/logo\/image\/","url":"https:\/\/skaitytaknyga.lt\/wp-content\/uploads\/2024\/05\/cropped-cropped-cropped-02_00843_jt3bggkj1j3HLc7SyY6rEUpg.jpeg","contentUrl":"https:\/\/skaitytaknyga.lt\/wp-content\/uploads\/2024\/05\/cropped-cropped-cropped-02_00843_jt3bggkj1j3HLc7SyY6rEUpg.jpeg","width":1600,"height":1600,"caption":"skaitytaknyga.lt"},"image":{"@id":"https:\/\/skaitytaknyga.lt\/#\/schema\/logo\/image\/"},"sameAs":["https:\/\/www.facebook.com\/skaitytaknyga\/"]}]}},"_links":{"self":[{"href":"https:\/\/skaitytaknyga.lt\/en\/wp-json\/wp\/v2\/product\/12070","targetHints":{"allow":["GET"]}}],"collection":[{"href":"https:\/\/skaitytaknyga.lt\/en\/wp-json\/wp\/v2\/product"}],"about":[{"href":"https:\/\/skaitytaknyga.lt\/en\/wp-json\/wp\/v2\/types\/product"}],"replies":[{"embeddable":true,"href":"https:\/\/skaitytaknyga.lt\/en\/wp-json\/wp\/v2\/comments?post=12070"}],"wp:featuredmedia":[{"embeddable":true,"href":"https:\/\/skaitytaknyga.lt\/en\/wp-json\/wp\/v2\/media\/12071"}],"wp:attachment":[{"href":"https:\/\/skaitytaknyga.lt\/en\/wp-json\/wp\/v2\/media?parent=12070"}],"wp:term":[{"taxonomy":"product_brand","embeddable":true,"href":"https:\/\/skaitytaknyga.lt\/en\/wp-json\/wp\/v2\/product_brand?post=12070"},{"taxonomy":"product_cat","embeddable":true,"href":"https:\/\/skaitytaknyga.lt\/en\/wp-json\/wp\/v2\/product_cat?post=12070"},{"taxonomy":"product_tag","embeddable":true,"href":"https:\/\/skaitytaknyga.lt\/en\/wp-json\/wp\/v2\/product_tag?post=12070"}],"curies":[{"name":"wp","href":"https:\/\/api.w.org\/{rel}","templated":true}]}}