{"id":12068,"date":"2024-06-14T16:12:01","date_gmt":"2024-06-14T16:12:01","guid":{"rendered":"https:\/\/skaitytaknyga.lt\/?post_type=product&#038;p=12068"},"modified":"2025-05-12T23:00:56","modified_gmt":"2025-05-12T20:00:56","slug":"kas-yra-kas-senoves-graikija","status":"publish","type":"product","link":"https:\/\/skaitytaknyga.lt\/en\/produktas\/kas-yra-kas-senoves-graikija\/","title":{"rendered":"Kas yra kas. Senov\u0117s Graikija"},"content":{"rendered":"","protected":false},"excerpt":{"rendered":"<p>Europai pasisek\u0117, kad prie\u0161 daugiau nei tris t\u016bkstan\u010dius met\u0173 senov\u0117s graikai \u012fsiver\u017e\u0117 \u012f ank\u0161t\u0105, tarpekli\u0173 i\u0161rai\u017eyt\u0105 \u0161al\u012f, kuri \u0161iandien vadinasi taip, kaip ir anuomet: Elada. Apie \u0161it\u0105 ma\u017e\u0105j\u0105 Elad\u0105 v\u0117liau su\u017einojo visas pasaulis. Kas \u017eino, kokie mes b\u016btume buv\u0119, jeigu neb\u016bt\u0173 graik\u0173 poet\u0173, meninink\u0173, architekt\u0173, gydytoj\u0173 ir filosof\u0173? Gerhard Fink, autoritetingas Senojo pasaulio \u017einovas, gyvai ir \u012fdomiai apra\u0161o, k\u0105 reik\u0161mingo ir ypatingo nuveik\u0117 senov\u0117s graikai. Juk n\u0117 vienos Europos tautos \u012fna\u0161as \u012f europieti\u0161k\u0105j\u0105 kult\u016br\u0105 nebuvo toks didelis kaip graik\u0173. Apie tai, kokio jis buvo dyd\u017eio, i\u0161samiai pasakojama ir i\u0161rai\u0161kingomis iliustracijomis vaizduojama \u0161ioje KAS YRA KAS serijos knygoje.<\/p>\n","protected":false},"featured_media":12069,"comment_status":"open","ping_status":"closed","template":"","meta":{"_acf_changed":false,"site-sidebar-layout":"default","site-content-layout":"","ast-site-content-layout":"default","site-content-style":"default","site-sidebar-style":"default","ast-global-header-display":"","ast-banner-title-visibility":"","ast-main-header-display":"","ast-hfb-above-header-display":"","ast-hfb-below-header-display":"","ast-hfb-mobile-header-display":"","site-post-title":"","ast-breadcrumbs-content":"","ast-featured-img":"","footer-sml-layout":"","ast-disable-related-posts":"","theme-transparent-header-meta":"","adv-header-id-meta":"","stick-header-meta":"","header-above-stick-meta":"","header-main-stick-meta":"","header-below-stick-meta":"","astra-migrate-meta-layouts":"default","ast-page-background-enabled":"default","ast-page-background-meta":{"desktop":{"background-color":"","background-image":"","background-repeat":"repeat","background-position":"center center","background-size":"auto","background-attachment":"scroll","background-type":"","background-media":"","overlay-type":"","overlay-color":"","overlay-opacity":"","overlay-gradient":""},"tablet":{"background-color":"","background-image":"","background-repeat":"repeat","background-position":"center center","background-size":"auto","background-attachment":"scroll","background-type":"","background-media":"","overlay-type":"","overlay-color":"","overlay-opacity":"","overlay-gradient":""},"mobile":{"background-color":"","background-image":"","background-repeat":"repeat","background-position":"center center","background-size":"auto","background-attachment":"scroll","background-type":"","background-media":"","overlay-type":"","overlay-color":"","overlay-opacity":"","overlay-gradient":""}},"ast-content-background-meta":{"desktop":{"background-color":"var(--ast-global-color-4)","background-image":"","background-repeat":"repeat","background-position":"center center","background-size":"auto","background-attachment":"scroll","background-type":"","background-media":"","overlay-type":"","overlay-color":"","overlay-opacity":"","overlay-gradient":""},"tablet":{"background-color":"var(--ast-global-color-4)","background-image":"","background-repeat":"repeat","background-position":"center center","background-size":"auto","background-attachment":"scroll","background-type":"","background-media":"","overlay-type":"","overlay-color":"","overlay-opacity":"","overlay-gradient":""},"mobile":{"background-color":"var(--ast-global-color-4)","background-image":"","background-repeat":"repeat","background-position":"center center","background-size":"auto","background-attachment":"scroll","background-type":"","background-media":"","overlay-type":"","overlay-color":"","overlay-opacity":"","overlay-gradient":""}}},"product_brand":[],"product_cat":[1023,35],"product_tag":[389],"class_list":{"0":"post-12068","1":"product","2":"type-product","3":"status-publish","4":"has-post-thumbnail","6":"product_cat-kas-yra-kas","7":"product_cat-vaikams-ir-paaugliams","8":"product_tag-kas-yra-kas","9":"desktop-align-left","10":"tablet-align-left","11":"mobile-align-left","13":"first","14":"outofstock","15":"shipping-taxable","16":"purchasable","17":"product-type-simple"},"acf":[],"yoast_head":"<!-- This site is optimized with the Yoast SEO plugin v27.0 - https:\/\/yoast.com\/product\/yoast-seo-wordpress\/ -->\n<title>Kas yra kas. Senov\u0117s Graikija - Skaitytaknyga<\/title>\n<meta name=\"description\" content=\"Europai pasisek\u0117, kad prie\u0161 daugiau nei tris t\u016bkstan\u010dius met\u0173 senov\u0117s graikai \u012fsiver\u017e\u0117 \u012f ank\u0161t\u0105, tarpekli\u0173 i\u0161rai\u017eyt\u0105 \u0161al\u012f, kuri \u0161iandien vadinasi taip, kaip ir anuomet: Elada. Apie \u0161it\u0105 ma\u017e\u0105j\u0105 Elad\u0105 v\u0117liau su\u017einojo visas pasaulis. Kas \u017eino, kokie mes b\u016btume buv\u0119, jeigu neb\u016bt\u0173 graik\u0173 poet\u0173, meninink\u0173, architekt\u0173, gydytoj\u0173 ir filosof\u0173? Gerhard Fink, autoritetingas Senojo pasaulio \u017einovas, gyvai ir \u012fdomiai apra\u0161o, k\u0105 reik\u0161mingo ir ypatingo nuveik\u0117 senov\u0117s graikai. Juk n\u0117 vienos Europos tautos \u012fna\u0161as \u012f europieti\u0161k\u0105j\u0105 kult\u016br\u0105 nebuvo toks didelis kaip graik\u0173. Apie tai, kokio jis buvo dyd\u017eio, i\u0161samiai pasakojama ir i\u0161rai\u0161kingomis iliustracijomis vaizduojama \u0161ioje KAS YRA KAS serijos knygoje.\" \/>\n<meta name=\"robots\" content=\"index, follow, max-snippet:-1, max-image-preview:large, max-video-preview:-1\" \/>\n<link rel=\"canonical\" href=\"https:\/\/skaitytaknyga.lt\/en\/produktas\/kas-yra-kas-senoves-graikija\/\" \/>\n<meta property=\"og:locale\" content=\"en_GB\" \/>\n<meta property=\"og:locale:alternate\" content=\"lt_LT\" \/>\n<meta property=\"og:type\" content=\"article\" \/>\n<meta property=\"og:title\" content=\"Kas yra kas. Senov\u0117s Graikija - Skaitytaknyga\" \/>\n<meta property=\"og:description\" content=\"Europai pasisek\u0117, kad prie\u0161 daugiau nei tris t\u016bkstan\u010dius met\u0173 senov\u0117s graikai \u012fsiver\u017e\u0117 \u012f ank\u0161t\u0105, tarpekli\u0173 i\u0161rai\u017eyt\u0105 \u0161al\u012f, kuri \u0161iandien vadinasi taip, kaip ir anuomet: Elada. Apie \u0161it\u0105 ma\u017e\u0105j\u0105 Elad\u0105 v\u0117liau su\u017einojo visas pasaulis. Kas \u017eino, kokie mes b\u016btume buv\u0119, jeigu neb\u016bt\u0173 graik\u0173 poet\u0173, meninink\u0173, architekt\u0173, gydytoj\u0173 ir filosof\u0173? Gerhard Fink, autoritetingas Senojo pasaulio \u017einovas, gyvai ir \u012fdomiai apra\u0161o, k\u0105 reik\u0161mingo ir ypatingo nuveik\u0117 senov\u0117s graikai. Juk n\u0117 vienos Europos tautos \u012fna\u0161as \u012f europieti\u0161k\u0105j\u0105 kult\u016br\u0105 nebuvo toks didelis kaip graik\u0173. Apie tai, kokio jis buvo dyd\u017eio, i\u0161samiai pasakojama ir i\u0161rai\u0161kingomis iliustracijomis vaizduojama \u0161ioje KAS YRA KAS serijos knygoje.\" \/>\n<meta property=\"og:url\" content=\"https:\/\/skaitytaknyga.lt\/en\/produktas\/kas-yra-kas-senoves-graikija\/\" \/>\n<meta property=\"og:site_name\" content=\"Skaitytaknyga\" \/>\n<meta property=\"article:publisher\" content=\"https:\/\/www.facebook.com\/skaitytaknyga\/\" \/>\n<meta property=\"article:modified_time\" content=\"2025-05-12T20:00:56+00:00\" \/>\n<meta property=\"og:image\" content=\"https:\/\/skaitytaknyga.lt\/wp-content\/uploads\/2024\/06\/senovesgraikuja.jpg\" \/>\n\t<meta property=\"og:image:width\" content=\"330\" \/>\n\t<meta property=\"og:image:height\" content=\"450\" \/>\n\t<meta property=\"og:image:type\" content=\"image\/jpeg\" \/>\n<meta name=\"twitter:card\" content=\"summary_large_image\" \/>\n<script type=\"application\/ld+json\" class=\"yoast-schema-graph\">{\"@context\":\"https:\/\/schema.org\",\"@graph\":[{\"@type\":\"WebPage\",\"@id\":\"https:\/\/skaitytaknyga.lt\/produktas\/kas-yra-kas-senoves-graikija\/\",\"url\":\"https:\/\/skaitytaknyga.lt\/produktas\/kas-yra-kas-senoves-graikija\/\",\"name\":\"Kas yra kas. Senov\u0117s Graikija - Skaitytaknyga\",\"isPartOf\":{\"@id\":\"https:\/\/skaitytaknyga.lt\/#website\"},\"primaryImageOfPage\":{\"@id\":\"https:\/\/skaitytaknyga.lt\/produktas\/kas-yra-kas-senoves-graikija\/#primaryimage\"},\"image\":{\"@id\":\"https:\/\/skaitytaknyga.lt\/produktas\/kas-yra-kas-senoves-graikija\/#primaryimage\"},\"thumbnailUrl\":\"https:\/\/skaitytaknyga.lt\/wp-content\/uploads\/2024\/06\/senovesgraikuja.jpg\",\"datePublished\":\"2024-06-14T16:12:01+00:00\",\"dateModified\":\"2025-05-12T20:00:56+00:00\",\"description\":\"Europai pasisek\u0117, kad prie\u0161 daugiau nei tris t\u016bkstan\u010dius met\u0173 senov\u0117s graikai \u012fsiver\u017e\u0117 \u012f ank\u0161t\u0105, tarpekli\u0173 i\u0161rai\u017eyt\u0105 \u0161al\u012f, kuri \u0161iandien vadinasi taip, kaip ir anuomet: Elada. Apie \u0161it\u0105 ma\u017e\u0105j\u0105 Elad\u0105 v\u0117liau su\u017einojo visas pasaulis. Kas \u017eino, kokie mes b\u016btume buv\u0119, jeigu neb\u016bt\u0173 graik\u0173 poet\u0173, meninink\u0173, architekt\u0173, gydytoj\u0173 ir filosof\u0173? Gerhard Fink, autoritetingas Senojo pasaulio \u017einovas, gyvai ir \u012fdomiai apra\u0161o, k\u0105 reik\u0161mingo ir ypatingo nuveik\u0117 senov\u0117s graikai. Juk n\u0117 vienos Europos tautos \u012fna\u0161as \u012f europieti\u0161k\u0105j\u0105 kult\u016br\u0105 nebuvo toks didelis kaip graik\u0173. Apie tai, kokio jis buvo dyd\u017eio, i\u0161samiai pasakojama ir i\u0161rai\u0161kingomis iliustracijomis vaizduojama \u0161ioje KAS YRA KAS serijos knygoje.\",\"breadcrumb\":{\"@id\":\"https:\/\/skaitytaknyga.lt\/produktas\/kas-yra-kas-senoves-graikija\/#breadcrumb\"},\"inLanguage\":\"en-GB\",\"potentialAction\":[{\"@type\":\"ReadAction\",\"target\":[\"https:\/\/skaitytaknyga.lt\/produktas\/kas-yra-kas-senoves-graikija\/\"]}]},{\"@type\":\"ImageObject\",\"inLanguage\":\"en-GB\",\"@id\":\"https:\/\/skaitytaknyga.lt\/produktas\/kas-yra-kas-senoves-graikija\/#primaryimage\",\"url\":\"https:\/\/skaitytaknyga.lt\/wp-content\/uploads\/2024\/06\/senovesgraikuja.jpg\",\"contentUrl\":\"https:\/\/skaitytaknyga.lt\/wp-content\/uploads\/2024\/06\/senovesgraikuja.jpg\",\"width\":330,\"height\":450,\"caption\":\"Senov\u0117s Graikija\"},{\"@type\":\"BreadcrumbList\",\"@id\":\"https:\/\/skaitytaknyga.lt\/produktas\/kas-yra-kas-senoves-graikija\/#breadcrumb\",\"itemListElement\":[{\"@type\":\"ListItem\",\"position\":1,\"name\":\"Home\",\"item\":\"https:\/\/skaitytaknyga.lt\/\"},{\"@type\":\"ListItem\",\"position\":2,\"name\":\"Parduotuv\u0117\",\"item\":\"https:\/\/skaitytaknyga.lt\/knygu-parduotuve\/\"},{\"@type\":\"ListItem\",\"position\":3,\"name\":\"Kas yra kas. Senov\u0117s Graikija\"}]},{\"@type\":\"WebSite\",\"@id\":\"https:\/\/skaitytaknyga.lt\/#website\",\"url\":\"https:\/\/skaitytaknyga.lt\/\",\"name\":\"skaitytaknyga.lt\",\"description\":\"Skaitytaknyga.lt \u2013 tai ma\u017eas \u0161eimos verslas, kuris prasid\u0117jo nuo meil\u0117s knygoms ir siekio i\u0161gelb\u0117ti knygas nuo likimo prie konteinerio. Kas vienam nereikalingas daiktas \u2013 kitam lobis, o mes esame tarpininkai, kurie padeda abiems tapti laimingesniems ???? \u017dinome kaip nelengva i\u0161gyventi ma\u017eiems verslams, tad nuo \u0161iol, \u010dia rasite ir kit\u0173, ma\u017e\u0173 \u0161eim\u0173 versl\u0173, rank\u0173 darbo, dovan\u0173 sau ir artimiesiems.\",\"publisher\":{\"@id\":\"https:\/\/skaitytaknyga.lt\/#organization\"},\"potentialAction\":[{\"@type\":\"SearchAction\",\"target\":{\"@type\":\"EntryPoint\",\"urlTemplate\":\"https:\/\/skaitytaknyga.lt\/?s={search_term_string}\"},\"query-input\":{\"@type\":\"PropertyValueSpecification\",\"valueRequired\":true,\"valueName\":\"search_term_string\"}}],\"inLanguage\":\"en-GB\"},{\"@type\":\"Organization\",\"@id\":\"https:\/\/skaitytaknyga.lt\/#organization\",\"name\":\"skaitytaknyga.lt\",\"url\":\"https:\/\/skaitytaknyga.lt\/\",\"logo\":{\"@type\":\"ImageObject\",\"inLanguage\":\"en-GB\",\"@id\":\"https:\/\/skaitytaknyga.lt\/#\/schema\/logo\/image\/\",\"url\":\"https:\/\/skaitytaknyga.lt\/wp-content\/uploads\/2024\/05\/cropped-cropped-cropped-02_00843_jt3bggkj1j3HLc7SyY6rEUpg.jpeg\",\"contentUrl\":\"https:\/\/skaitytaknyga.lt\/wp-content\/uploads\/2024\/05\/cropped-cropped-cropped-02_00843_jt3bggkj1j3HLc7SyY6rEUpg.jpeg\",\"width\":1600,\"height\":1600,\"caption\":\"skaitytaknyga.lt\"},\"image\":{\"@id\":\"https:\/\/skaitytaknyga.lt\/#\/schema\/logo\/image\/\"},\"sameAs\":[\"https:\/\/www.facebook.com\/skaitytaknyga\/\"]}]}<\/script>\n<!-- \/ Yoast SEO plugin. -->","yoast_head_json":{"title":"Kas yra kas. Senov\u0117s Graikija - Skaitytaknyga","description":"Europai pasisek\u0117, kad prie\u0161 daugiau nei tris t\u016bkstan\u010dius met\u0173 senov\u0117s graikai \u012fsiver\u017e\u0117 \u012f ank\u0161t\u0105, tarpekli\u0173 i\u0161rai\u017eyt\u0105 \u0161al\u012f, kuri \u0161iandien vadinasi taip, kaip ir anuomet: Elada. Apie \u0161it\u0105 ma\u017e\u0105j\u0105 Elad\u0105 v\u0117liau su\u017einojo visas pasaulis. Kas \u017eino, kokie mes b\u016btume buv\u0119, jeigu neb\u016bt\u0173 graik\u0173 poet\u0173, meninink\u0173, architekt\u0173, gydytoj\u0173 ir filosof\u0173? Gerhard Fink, autoritetingas Senojo pasaulio \u017einovas, gyvai ir \u012fdomiai apra\u0161o, k\u0105 reik\u0161mingo ir ypatingo nuveik\u0117 senov\u0117s graikai. Juk n\u0117 vienos Europos tautos \u012fna\u0161as \u012f europieti\u0161k\u0105j\u0105 kult\u016br\u0105 nebuvo toks didelis kaip graik\u0173. Apie tai, kokio jis buvo dyd\u017eio, i\u0161samiai pasakojama ir i\u0161rai\u0161kingomis iliustracijomis vaizduojama \u0161ioje KAS YRA KAS serijos knygoje.","robots":{"index":"index","follow":"follow","max-snippet":"max-snippet:-1","max-image-preview":"max-image-preview:large","max-video-preview":"max-video-preview:-1"},"canonical":"https:\/\/skaitytaknyga.lt\/en\/produktas\/kas-yra-kas-senoves-graikija\/","og_locale":"en_GB","og_type":"article","og_title":"Kas yra kas. Senov\u0117s Graikija - Skaitytaknyga","og_description":"Europai pasisek\u0117, kad prie\u0161 daugiau nei tris t\u016bkstan\u010dius met\u0173 senov\u0117s graikai \u012fsiver\u017e\u0117 \u012f ank\u0161t\u0105, tarpekli\u0173 i\u0161rai\u017eyt\u0105 \u0161al\u012f, kuri \u0161iandien vadinasi taip, kaip ir anuomet: Elada. Apie \u0161it\u0105 ma\u017e\u0105j\u0105 Elad\u0105 v\u0117liau su\u017einojo visas pasaulis. Kas \u017eino, kokie mes b\u016btume buv\u0119, jeigu neb\u016bt\u0173 graik\u0173 poet\u0173, meninink\u0173, architekt\u0173, gydytoj\u0173 ir filosof\u0173? Gerhard Fink, autoritetingas Senojo pasaulio \u017einovas, gyvai ir \u012fdomiai apra\u0161o, k\u0105 reik\u0161mingo ir ypatingo nuveik\u0117 senov\u0117s graikai. Juk n\u0117 vienos Europos tautos \u012fna\u0161as \u012f europieti\u0161k\u0105j\u0105 kult\u016br\u0105 nebuvo toks didelis kaip graik\u0173. Apie tai, kokio jis buvo dyd\u017eio, i\u0161samiai pasakojama ir i\u0161rai\u0161kingomis iliustracijomis vaizduojama \u0161ioje KAS YRA KAS serijos knygoje.","og_url":"https:\/\/skaitytaknyga.lt\/en\/produktas\/kas-yra-kas-senoves-graikija\/","og_site_name":"Skaitytaknyga","article_publisher":"https:\/\/www.facebook.com\/skaitytaknyga\/","article_modified_time":"2025-05-12T20:00:56+00:00","og_image":[{"width":330,"height":450,"url":"https:\/\/skaitytaknyga.lt\/wp-content\/uploads\/2024\/06\/senovesgraikuja.jpg","type":"image\/jpeg"}],"twitter_card":"summary_large_image","schema":{"@context":"https:\/\/schema.org","@graph":[{"@type":"WebPage","@id":"https:\/\/skaitytaknyga.lt\/produktas\/kas-yra-kas-senoves-graikija\/","url":"https:\/\/skaitytaknyga.lt\/produktas\/kas-yra-kas-senoves-graikija\/","name":"Kas yra kas. Senov\u0117s Graikija - Skaitytaknyga","isPartOf":{"@id":"https:\/\/skaitytaknyga.lt\/#website"},"primaryImageOfPage":{"@id":"https:\/\/skaitytaknyga.lt\/produktas\/kas-yra-kas-senoves-graikija\/#primaryimage"},"image":{"@id":"https:\/\/skaitytaknyga.lt\/produktas\/kas-yra-kas-senoves-graikija\/#primaryimage"},"thumbnailUrl":"https:\/\/skaitytaknyga.lt\/wp-content\/uploads\/2024\/06\/senovesgraikuja.jpg","datePublished":"2024-06-14T16:12:01+00:00","dateModified":"2025-05-12T20:00:56+00:00","description":"Europai pasisek\u0117, kad prie\u0161 daugiau nei tris t\u016bkstan\u010dius met\u0173 senov\u0117s graikai \u012fsiver\u017e\u0117 \u012f ank\u0161t\u0105, tarpekli\u0173 i\u0161rai\u017eyt\u0105 \u0161al\u012f, kuri \u0161iandien vadinasi taip, kaip ir anuomet: Elada. Apie \u0161it\u0105 ma\u017e\u0105j\u0105 Elad\u0105 v\u0117liau su\u017einojo visas pasaulis. Kas \u017eino, kokie mes b\u016btume buv\u0119, jeigu neb\u016bt\u0173 graik\u0173 poet\u0173, meninink\u0173, architekt\u0173, gydytoj\u0173 ir filosof\u0173? Gerhard Fink, autoritetingas Senojo pasaulio \u017einovas, gyvai ir \u012fdomiai apra\u0161o, k\u0105 reik\u0161mingo ir ypatingo nuveik\u0117 senov\u0117s graikai. Juk n\u0117 vienos Europos tautos \u012fna\u0161as \u012f europieti\u0161k\u0105j\u0105 kult\u016br\u0105 nebuvo toks didelis kaip graik\u0173. Apie tai, kokio jis buvo dyd\u017eio, i\u0161samiai pasakojama ir i\u0161rai\u0161kingomis iliustracijomis vaizduojama \u0161ioje KAS YRA KAS serijos knygoje.","breadcrumb":{"@id":"https:\/\/skaitytaknyga.lt\/produktas\/kas-yra-kas-senoves-graikija\/#breadcrumb"},"inLanguage":"en-GB","potentialAction":[{"@type":"ReadAction","target":["https:\/\/skaitytaknyga.lt\/produktas\/kas-yra-kas-senoves-graikija\/"]}]},{"@type":"ImageObject","inLanguage":"en-GB","@id":"https:\/\/skaitytaknyga.lt\/produktas\/kas-yra-kas-senoves-graikija\/#primaryimage","url":"https:\/\/skaitytaknyga.lt\/wp-content\/uploads\/2024\/06\/senovesgraikuja.jpg","contentUrl":"https:\/\/skaitytaknyga.lt\/wp-content\/uploads\/2024\/06\/senovesgraikuja.jpg","width":330,"height":450,"caption":"Senov\u0117s Graikija"},{"@type":"BreadcrumbList","@id":"https:\/\/skaitytaknyga.lt\/produktas\/kas-yra-kas-senoves-graikija\/#breadcrumb","itemListElement":[{"@type":"ListItem","position":1,"name":"Home","item":"https:\/\/skaitytaknyga.lt\/"},{"@type":"ListItem","position":2,"name":"Parduotuv\u0117","item":"https:\/\/skaitytaknyga.lt\/knygu-parduotuve\/"},{"@type":"ListItem","position":3,"name":"Kas yra kas. Senov\u0117s Graikija"}]},{"@type":"WebSite","@id":"https:\/\/skaitytaknyga.lt\/#website","url":"https:\/\/skaitytaknyga.lt\/","name":"skaitytaknyga.lt","description":"Skaitytaknyga.lt \u2013 tai ma\u017eas \u0161eimos verslas, kuris prasid\u0117jo nuo meil\u0117s knygoms ir siekio i\u0161gelb\u0117ti knygas nuo likimo prie konteinerio. Kas vienam nereikalingas daiktas \u2013 kitam lobis, o mes esame tarpininkai, kurie padeda abiems tapti laimingesniems ???? \u017dinome kaip nelengva i\u0161gyventi ma\u017eiems verslams, tad nuo \u0161iol, \u010dia rasite ir kit\u0173, ma\u017e\u0173 \u0161eim\u0173 versl\u0173, rank\u0173 darbo, dovan\u0173 sau ir artimiesiems.","publisher":{"@id":"https:\/\/skaitytaknyga.lt\/#organization"},"potentialAction":[{"@type":"SearchAction","target":{"@type":"EntryPoint","urlTemplate":"https:\/\/skaitytaknyga.lt\/?s={search_term_string}"},"query-input":{"@type":"PropertyValueSpecification","valueRequired":true,"valueName":"search_term_string"}}],"inLanguage":"en-GB"},{"@type":"Organization","@id":"https:\/\/skaitytaknyga.lt\/#organization","name":"skaitytaknyga.lt","url":"https:\/\/skaitytaknyga.lt\/","logo":{"@type":"ImageObject","inLanguage":"en-GB","@id":"https:\/\/skaitytaknyga.lt\/#\/schema\/logo\/image\/","url":"https:\/\/skaitytaknyga.lt\/wp-content\/uploads\/2024\/05\/cropped-cropped-cropped-02_00843_jt3bggkj1j3HLc7SyY6rEUpg.jpeg","contentUrl":"https:\/\/skaitytaknyga.lt\/wp-content\/uploads\/2024\/05\/cropped-cropped-cropped-02_00843_jt3bggkj1j3HLc7SyY6rEUpg.jpeg","width":1600,"height":1600,"caption":"skaitytaknyga.lt"},"image":{"@id":"https:\/\/skaitytaknyga.lt\/#\/schema\/logo\/image\/"},"sameAs":["https:\/\/www.facebook.com\/skaitytaknyga\/"]}]}},"_links":{"self":[{"href":"https:\/\/skaitytaknyga.lt\/en\/wp-json\/wp\/v2\/product\/12068","targetHints":{"allow":["GET"]}}],"collection":[{"href":"https:\/\/skaitytaknyga.lt\/en\/wp-json\/wp\/v2\/product"}],"about":[{"href":"https:\/\/skaitytaknyga.lt\/en\/wp-json\/wp\/v2\/types\/product"}],"replies":[{"embeddable":true,"href":"https:\/\/skaitytaknyga.lt\/en\/wp-json\/wp\/v2\/comments?post=12068"}],"wp:featuredmedia":[{"embeddable":true,"href":"https:\/\/skaitytaknyga.lt\/en\/wp-json\/wp\/v2\/media\/12069"}],"wp:attachment":[{"href":"https:\/\/skaitytaknyga.lt\/en\/wp-json\/wp\/v2\/media?parent=12068"}],"wp:term":[{"taxonomy":"product_brand","embeddable":true,"href":"https:\/\/skaitytaknyga.lt\/en\/wp-json\/wp\/v2\/product_brand?post=12068"},{"taxonomy":"product_cat","embeddable":true,"href":"https:\/\/skaitytaknyga.lt\/en\/wp-json\/wp\/v2\/product_cat?post=12068"},{"taxonomy":"product_tag","embeddable":true,"href":"https:\/\/skaitytaknyga.lt\/en\/wp-json\/wp\/v2\/product_tag?post=12068"}],"curies":[{"name":"wp","href":"https:\/\/api.w.org\/{rel}","templated":true}]}}