{"id":12066,"date":"2024-06-14T16:01:42","date_gmt":"2024-06-14T16:01:42","guid":{"rendered":"https:\/\/skaitytaknyga.lt\/?post_type=product&#038;p=12066"},"modified":"2025-05-12T23:00:56","modified_gmt":"2025-05-12T20:00:56","slug":"kas-yra-kas-burtininkai-raganos-ir-magija","status":"publish","type":"product","link":"https:\/\/skaitytaknyga.lt\/en\/produktas\/kas-yra-kas-burtininkai-raganos-ir-magija\/","title":{"rendered":"Kas yra kas. Burtininkai, raganos ir magija"},"content":{"rendered":"","protected":false},"excerpt":{"rendered":"<p>Burtininkai ir raganos gerokai \u017eavi, nes su\u017eadina vaizduot\u0119. Kuris \u017emogus n\u0117ra kada svajoj\u0119s bent syk\u012f pab\u016bti burtininku? Nors \u0161iais laikais nesame link\u0119 tik\u0117ti magija, kadaise \u017emon\u0117s vis d\u0117lto tik\u0117jo jos galia ir bijojo tariam\u0173j\u0173 ragan\u0173 bei burtinink\u0173. Profesorius dr. Kristofas Dakselmiuleris atskleid\u017eia intriguojan\u010di\u0105 magijos istorij\u0105: pasakoja apie Antikos sapn\u0173 ai\u0161kintojus, apie magijos reik\u0161m\u0119 gamtos mokslams, veda skaitytoj\u0105 \u012f &#8220;raganos parduotuv\u0119&#8221; ir pristato tokias modernias magijos formas kaip spiritizmas. Kas yra &#8220;juodoji&#8221; ir &#8220;baltoji&#8221; magija? Kas tai &#8211; dvasi\u0173 i\u0161kvietimas? Kokie reikmenys naudojami burtams? Kaip prasid\u0117jo ragan\u0173 med\u017eiokl\u0117? Ar tik\u0117jimas magija i\u0161 ties\u0173 gali kaip nors paveikti?<\/p>\n","protected":false},"featured_media":12067,"comment_status":"open","ping_status":"closed","template":"","meta":{"_acf_changed":false,"site-sidebar-layout":"default","site-content-layout":"","ast-site-content-layout":"default","site-content-style":"default","site-sidebar-style":"default","ast-global-header-display":"","ast-banner-title-visibility":"","ast-main-header-display":"","ast-hfb-above-header-display":"","ast-hfb-below-header-display":"","ast-hfb-mobile-header-display":"","site-post-title":"","ast-breadcrumbs-content":"","ast-featured-img":"","footer-sml-layout":"","ast-disable-related-posts":"","theme-transparent-header-meta":"","adv-header-id-meta":"","stick-header-meta":"","header-above-stick-meta":"","header-main-stick-meta":"","header-below-stick-meta":"","astra-migrate-meta-layouts":"default","ast-page-background-enabled":"default","ast-page-background-meta":{"desktop":{"background-color":"","background-image":"","background-repeat":"repeat","background-position":"center center","background-size":"auto","background-attachment":"scroll","background-type":"","background-media":"","overlay-type":"","overlay-color":"","overlay-opacity":"","overlay-gradient":""},"tablet":{"background-color":"","background-image":"","background-repeat":"repeat","background-position":"center center","background-size":"auto","background-attachment":"scroll","background-type":"","background-media":"","overlay-type":"","overlay-color":"","overlay-opacity":"","overlay-gradient":""},"mobile":{"background-color":"","background-image":"","background-repeat":"repeat","background-position":"center center","background-size":"auto","background-attachment":"scroll","background-type":"","background-media":"","overlay-type":"","overlay-color":"","overlay-opacity":"","overlay-gradient":""}},"ast-content-background-meta":{"desktop":{"background-color":"var(--ast-global-color-4)","background-image":"","background-repeat":"repeat","background-position":"center center","background-size":"auto","background-attachment":"scroll","background-type":"","background-media":"","overlay-type":"","overlay-color":"","overlay-opacity":"","overlay-gradient":""},"tablet":{"background-color":"var(--ast-global-color-4)","background-image":"","background-repeat":"repeat","background-position":"center center","background-size":"auto","background-attachment":"scroll","background-type":"","background-media":"","overlay-type":"","overlay-color":"","overlay-opacity":"","overlay-gradient":""},"mobile":{"background-color":"var(--ast-global-color-4)","background-image":"","background-repeat":"repeat","background-position":"center center","background-size":"auto","background-attachment":"scroll","background-type":"","background-media":"","overlay-type":"","overlay-color":"","overlay-opacity":"","overlay-gradient":""}}},"product_brand":[],"product_cat":[1023,35],"product_tag":[389],"class_list":{"0":"post-12066","1":"product","2":"type-product","3":"status-publish","4":"has-post-thumbnail","6":"product_cat-kas-yra-kas","7":"product_cat-vaikams-ir-paaugliams","8":"product_tag-kas-yra-kas","9":"desktop-align-left","10":"tablet-align-left","11":"mobile-align-left","13":"first","14":"outofstock","15":"shipping-taxable","16":"purchasable","17":"product-type-simple"},"acf":[],"yoast_head":"<!-- This site is optimized with the Yoast SEO plugin v27.0 - https:\/\/yoast.com\/product\/yoast-seo-wordpress\/ -->\n<title>Kas yra kas. Burtininkai, raganos ir magija - Skaitytaknyga<\/title>\n<meta name=\"description\" content=\"Burtininkai ir raganos gerokai \u017eavi, nes su\u017eadina vaizduot\u0119. Kuris \u017emogus n\u0117ra kada svajoj\u0119s bent syk\u012f pab\u016bti burtininku? Nors \u0161iais laikais nesame link\u0119 tik\u0117ti magija, kadaise \u017emon\u0117s vis d\u0117lto tik\u0117jo jos galia ir bijojo tariam\u0173j\u0173 ragan\u0173 bei burtinink\u0173. Profesorius dr. Kristofas Dakselmiuleris atskleid\u017eia intriguojan\u010di\u0105 magijos istorij\u0105: pasakoja apie Antikos sapn\u0173 ai\u0161kintojus, apie magijos reik\u0161m\u0119 gamtos mokslams, veda skaitytoj\u0105 \u012f &quot;raganos parduotuv\u0119&quot; ir pristato tokias modernias magijos formas kaip spiritizmas. Kas yra &quot;juodoji&quot; ir &quot;baltoji&quot; magija? Kas tai - dvasi\u0173 i\u0161kvietimas? Kokie reikmenys naudojami burtams? Kaip prasid\u0117jo ragan\u0173 med\u017eiokl\u0117? Ar tik\u0117jimas magija i\u0161 ties\u0173 gali kaip nors paveikti?\" \/>\n<meta name=\"robots\" content=\"index, follow, max-snippet:-1, max-image-preview:large, max-video-preview:-1\" \/>\n<link rel=\"canonical\" href=\"https:\/\/skaitytaknyga.lt\/en\/produktas\/kas-yra-kas-burtininkai-raganos-ir-magija\/\" \/>\n<meta property=\"og:locale\" content=\"en_GB\" \/>\n<meta property=\"og:locale:alternate\" content=\"lt_LT\" \/>\n<meta property=\"og:type\" content=\"article\" \/>\n<meta property=\"og:title\" content=\"Kas yra kas. Burtininkai, raganos ir magija - Skaitytaknyga\" \/>\n<meta property=\"og:description\" content=\"Burtininkai ir raganos gerokai \u017eavi, nes su\u017eadina vaizduot\u0119. Kuris \u017emogus n\u0117ra kada svajoj\u0119s bent syk\u012f pab\u016bti burtininku? Nors \u0161iais laikais nesame link\u0119 tik\u0117ti magija, kadaise \u017emon\u0117s vis d\u0117lto tik\u0117jo jos galia ir bijojo tariam\u0173j\u0173 ragan\u0173 bei burtinink\u0173. Profesorius dr. Kristofas Dakselmiuleris atskleid\u017eia intriguojan\u010di\u0105 magijos istorij\u0105: pasakoja apie Antikos sapn\u0173 ai\u0161kintojus, apie magijos reik\u0161m\u0119 gamtos mokslams, veda skaitytoj\u0105 \u012f &quot;raganos parduotuv\u0119&quot; ir pristato tokias modernias magijos formas kaip spiritizmas. Kas yra &quot;juodoji&quot; ir &quot;baltoji&quot; magija? Kas tai - dvasi\u0173 i\u0161kvietimas? Kokie reikmenys naudojami burtams? Kaip prasid\u0117jo ragan\u0173 med\u017eiokl\u0117? Ar tik\u0117jimas magija i\u0161 ties\u0173 gali kaip nors paveikti?\" \/>\n<meta property=\"og:url\" content=\"https:\/\/skaitytaknyga.lt\/en\/produktas\/kas-yra-kas-burtininkai-raganos-ir-magija\/\" \/>\n<meta property=\"og:site_name\" content=\"Skaitytaknyga\" \/>\n<meta property=\"article:publisher\" content=\"https:\/\/www.facebook.com\/skaitytaknyga\/\" \/>\n<meta property=\"article:modified_time\" content=\"2025-05-12T20:00:56+00:00\" \/>\n<meta property=\"og:image\" content=\"https:\/\/skaitytaknyga.lt\/wp-content\/uploads\/2024\/06\/Be-pavadinimo-8.png\" \/>\n\t<meta property=\"og:image:width\" content=\"267\" \/>\n\t<meta property=\"og:image:height\" content=\"375\" \/>\n\t<meta property=\"og:image:type\" content=\"image\/png\" \/>\n<meta name=\"twitter:card\" content=\"summary_large_image\" \/>\n<script type=\"application\/ld+json\" class=\"yoast-schema-graph\">{\"@context\":\"https:\/\/schema.org\",\"@graph\":[{\"@type\":\"WebPage\",\"@id\":\"https:\/\/skaitytaknyga.lt\/produktas\/kas-yra-kas-burtininkai-raganos-ir-magija\/\",\"url\":\"https:\/\/skaitytaknyga.lt\/produktas\/kas-yra-kas-burtininkai-raganos-ir-magija\/\",\"name\":\"Kas yra kas. Burtininkai, raganos ir magija - Skaitytaknyga\",\"isPartOf\":{\"@id\":\"https:\/\/skaitytaknyga.lt\/#website\"},\"primaryImageOfPage\":{\"@id\":\"https:\/\/skaitytaknyga.lt\/produktas\/kas-yra-kas-burtininkai-raganos-ir-magija\/#primaryimage\"},\"image\":{\"@id\":\"https:\/\/skaitytaknyga.lt\/produktas\/kas-yra-kas-burtininkai-raganos-ir-magija\/#primaryimage\"},\"thumbnailUrl\":\"https:\/\/skaitytaknyga.lt\/wp-content\/uploads\/2024\/06\/Be-pavadinimo-8.png\",\"datePublished\":\"2024-06-14T16:01:42+00:00\",\"dateModified\":\"2025-05-12T20:00:56+00:00\",\"description\":\"Burtininkai ir raganos gerokai \u017eavi, nes su\u017eadina vaizduot\u0119. Kuris \u017emogus n\u0117ra kada svajoj\u0119s bent syk\u012f pab\u016bti burtininku? Nors \u0161iais laikais nesame link\u0119 tik\u0117ti magija, kadaise \u017emon\u0117s vis d\u0117lto tik\u0117jo jos galia ir bijojo tariam\u0173j\u0173 ragan\u0173 bei burtinink\u0173. Profesorius dr. Kristofas Dakselmiuleris atskleid\u017eia intriguojan\u010di\u0105 magijos istorij\u0105: pasakoja apie Antikos sapn\u0173 ai\u0161kintojus, apie magijos reik\u0161m\u0119 gamtos mokslams, veda skaitytoj\u0105 \u012f \\\"raganos parduotuv\u0119\\\" ir pristato tokias modernias magijos formas kaip spiritizmas. Kas yra \\\"juodoji\\\" ir \\\"baltoji\\\" magija? Kas tai - dvasi\u0173 i\u0161kvietimas? Kokie reikmenys naudojami burtams? Kaip prasid\u0117jo ragan\u0173 med\u017eiokl\u0117? Ar tik\u0117jimas magija i\u0161 ties\u0173 gali kaip nors paveikti?\",\"breadcrumb\":{\"@id\":\"https:\/\/skaitytaknyga.lt\/produktas\/kas-yra-kas-burtininkai-raganos-ir-magija\/#breadcrumb\"},\"inLanguage\":\"en-GB\",\"potentialAction\":[{\"@type\":\"ReadAction\",\"target\":[\"https:\/\/skaitytaknyga.lt\/produktas\/kas-yra-kas-burtininkai-raganos-ir-magija\/\"]}]},{\"@type\":\"ImageObject\",\"inLanguage\":\"en-GB\",\"@id\":\"https:\/\/skaitytaknyga.lt\/produktas\/kas-yra-kas-burtininkai-raganos-ir-magija\/#primaryimage\",\"url\":\"https:\/\/skaitytaknyga.lt\/wp-content\/uploads\/2024\/06\/Be-pavadinimo-8.png\",\"contentUrl\":\"https:\/\/skaitytaknyga.lt\/wp-content\/uploads\/2024\/06\/Be-pavadinimo-8.png\",\"width\":267,\"height\":375,\"caption\":\"Burtininkai, raganos ir magija\"},{\"@type\":\"BreadcrumbList\",\"@id\":\"https:\/\/skaitytaknyga.lt\/produktas\/kas-yra-kas-burtininkai-raganos-ir-magija\/#breadcrumb\",\"itemListElement\":[{\"@type\":\"ListItem\",\"position\":1,\"name\":\"Home\",\"item\":\"https:\/\/skaitytaknyga.lt\/\"},{\"@type\":\"ListItem\",\"position\":2,\"name\":\"Parduotuv\u0117\",\"item\":\"https:\/\/skaitytaknyga.lt\/knygu-parduotuve\/\"},{\"@type\":\"ListItem\",\"position\":3,\"name\":\"Kas yra kas. Burtininkai, raganos ir magija\"}]},{\"@type\":\"WebSite\",\"@id\":\"https:\/\/skaitytaknyga.lt\/#website\",\"url\":\"https:\/\/skaitytaknyga.lt\/\",\"name\":\"skaitytaknyga.lt\",\"description\":\"Skaitytaknyga.lt \u2013 tai ma\u017eas \u0161eimos verslas, kuris prasid\u0117jo nuo meil\u0117s knygoms ir siekio i\u0161gelb\u0117ti knygas nuo likimo prie konteinerio. Kas vienam nereikalingas daiktas \u2013 kitam lobis, o mes esame tarpininkai, kurie padeda abiems tapti laimingesniems ???? \u017dinome kaip nelengva i\u0161gyventi ma\u017eiems verslams, tad nuo \u0161iol, \u010dia rasite ir kit\u0173, ma\u017e\u0173 \u0161eim\u0173 versl\u0173, rank\u0173 darbo, dovan\u0173 sau ir artimiesiems.\",\"publisher\":{\"@id\":\"https:\/\/skaitytaknyga.lt\/#organization\"},\"potentialAction\":[{\"@type\":\"SearchAction\",\"target\":{\"@type\":\"EntryPoint\",\"urlTemplate\":\"https:\/\/skaitytaknyga.lt\/?s={search_term_string}\"},\"query-input\":{\"@type\":\"PropertyValueSpecification\",\"valueRequired\":true,\"valueName\":\"search_term_string\"}}],\"inLanguage\":\"en-GB\"},{\"@type\":\"Organization\",\"@id\":\"https:\/\/skaitytaknyga.lt\/#organization\",\"name\":\"skaitytaknyga.lt\",\"url\":\"https:\/\/skaitytaknyga.lt\/\",\"logo\":{\"@type\":\"ImageObject\",\"inLanguage\":\"en-GB\",\"@id\":\"https:\/\/skaitytaknyga.lt\/#\/schema\/logo\/image\/\",\"url\":\"https:\/\/skaitytaknyga.lt\/wp-content\/uploads\/2024\/05\/cropped-cropped-cropped-02_00843_jt3bggkj1j3HLc7SyY6rEUpg.jpeg\",\"contentUrl\":\"https:\/\/skaitytaknyga.lt\/wp-content\/uploads\/2024\/05\/cropped-cropped-cropped-02_00843_jt3bggkj1j3HLc7SyY6rEUpg.jpeg\",\"width\":1600,\"height\":1600,\"caption\":\"skaitytaknyga.lt\"},\"image\":{\"@id\":\"https:\/\/skaitytaknyga.lt\/#\/schema\/logo\/image\/\"},\"sameAs\":[\"https:\/\/www.facebook.com\/skaitytaknyga\/\"]}]}<\/script>\n<!-- \/ Yoast SEO plugin. -->","yoast_head_json":{"title":"Kas yra kas. Burtininkai, raganos ir magija - Skaitytaknyga","description":"Burtininkai ir raganos gerokai \u017eavi, nes su\u017eadina vaizduot\u0119. Kuris \u017emogus n\u0117ra kada svajoj\u0119s bent syk\u012f pab\u016bti burtininku? Nors \u0161iais laikais nesame link\u0119 tik\u0117ti magija, kadaise \u017emon\u0117s vis d\u0117lto tik\u0117jo jos galia ir bijojo tariam\u0173j\u0173 ragan\u0173 bei burtinink\u0173. Profesorius dr. Kristofas Dakselmiuleris atskleid\u017eia intriguojan\u010di\u0105 magijos istorij\u0105: pasakoja apie Antikos sapn\u0173 ai\u0161kintojus, apie magijos reik\u0161m\u0119 gamtos mokslams, veda skaitytoj\u0105 \u012f \"raganos parduotuv\u0119\" ir pristato tokias modernias magijos formas kaip spiritizmas. Kas yra \"juodoji\" ir \"baltoji\" magija? Kas tai - dvasi\u0173 i\u0161kvietimas? Kokie reikmenys naudojami burtams? Kaip prasid\u0117jo ragan\u0173 med\u017eiokl\u0117? Ar tik\u0117jimas magija i\u0161 ties\u0173 gali kaip nors paveikti?","robots":{"index":"index","follow":"follow","max-snippet":"max-snippet:-1","max-image-preview":"max-image-preview:large","max-video-preview":"max-video-preview:-1"},"canonical":"https:\/\/skaitytaknyga.lt\/en\/produktas\/kas-yra-kas-burtininkai-raganos-ir-magija\/","og_locale":"en_GB","og_type":"article","og_title":"Kas yra kas. Burtininkai, raganos ir magija - Skaitytaknyga","og_description":"Burtininkai ir raganos gerokai \u017eavi, nes su\u017eadina vaizduot\u0119. Kuris \u017emogus n\u0117ra kada svajoj\u0119s bent syk\u012f pab\u016bti burtininku? Nors \u0161iais laikais nesame link\u0119 tik\u0117ti magija, kadaise \u017emon\u0117s vis d\u0117lto tik\u0117jo jos galia ir bijojo tariam\u0173j\u0173 ragan\u0173 bei burtinink\u0173. Profesorius dr. Kristofas Dakselmiuleris atskleid\u017eia intriguojan\u010di\u0105 magijos istorij\u0105: pasakoja apie Antikos sapn\u0173 ai\u0161kintojus, apie magijos reik\u0161m\u0119 gamtos mokslams, veda skaitytoj\u0105 \u012f \"raganos parduotuv\u0119\" ir pristato tokias modernias magijos formas kaip spiritizmas. Kas yra \"juodoji\" ir \"baltoji\" magija? Kas tai - dvasi\u0173 i\u0161kvietimas? Kokie reikmenys naudojami burtams? Kaip prasid\u0117jo ragan\u0173 med\u017eiokl\u0117? Ar tik\u0117jimas magija i\u0161 ties\u0173 gali kaip nors paveikti?","og_url":"https:\/\/skaitytaknyga.lt\/en\/produktas\/kas-yra-kas-burtininkai-raganos-ir-magija\/","og_site_name":"Skaitytaknyga","article_publisher":"https:\/\/www.facebook.com\/skaitytaknyga\/","article_modified_time":"2025-05-12T20:00:56+00:00","og_image":[{"width":267,"height":375,"url":"https:\/\/skaitytaknyga.lt\/wp-content\/uploads\/2024\/06\/Be-pavadinimo-8.png","type":"image\/png"}],"twitter_card":"summary_large_image","schema":{"@context":"https:\/\/schema.org","@graph":[{"@type":"WebPage","@id":"https:\/\/skaitytaknyga.lt\/produktas\/kas-yra-kas-burtininkai-raganos-ir-magija\/","url":"https:\/\/skaitytaknyga.lt\/produktas\/kas-yra-kas-burtininkai-raganos-ir-magija\/","name":"Kas yra kas. Burtininkai, raganos ir magija - Skaitytaknyga","isPartOf":{"@id":"https:\/\/skaitytaknyga.lt\/#website"},"primaryImageOfPage":{"@id":"https:\/\/skaitytaknyga.lt\/produktas\/kas-yra-kas-burtininkai-raganos-ir-magija\/#primaryimage"},"image":{"@id":"https:\/\/skaitytaknyga.lt\/produktas\/kas-yra-kas-burtininkai-raganos-ir-magija\/#primaryimage"},"thumbnailUrl":"https:\/\/skaitytaknyga.lt\/wp-content\/uploads\/2024\/06\/Be-pavadinimo-8.png","datePublished":"2024-06-14T16:01:42+00:00","dateModified":"2025-05-12T20:00:56+00:00","description":"Burtininkai ir raganos gerokai \u017eavi, nes su\u017eadina vaizduot\u0119. Kuris \u017emogus n\u0117ra kada svajoj\u0119s bent syk\u012f pab\u016bti burtininku? Nors \u0161iais laikais nesame link\u0119 tik\u0117ti magija, kadaise \u017emon\u0117s vis d\u0117lto tik\u0117jo jos galia ir bijojo tariam\u0173j\u0173 ragan\u0173 bei burtinink\u0173. Profesorius dr. Kristofas Dakselmiuleris atskleid\u017eia intriguojan\u010di\u0105 magijos istorij\u0105: pasakoja apie Antikos sapn\u0173 ai\u0161kintojus, apie magijos reik\u0161m\u0119 gamtos mokslams, veda skaitytoj\u0105 \u012f \"raganos parduotuv\u0119\" ir pristato tokias modernias magijos formas kaip spiritizmas. Kas yra \"juodoji\" ir \"baltoji\" magija? Kas tai - dvasi\u0173 i\u0161kvietimas? Kokie reikmenys naudojami burtams? Kaip prasid\u0117jo ragan\u0173 med\u017eiokl\u0117? Ar tik\u0117jimas magija i\u0161 ties\u0173 gali kaip nors paveikti?","breadcrumb":{"@id":"https:\/\/skaitytaknyga.lt\/produktas\/kas-yra-kas-burtininkai-raganos-ir-magija\/#breadcrumb"},"inLanguage":"en-GB","potentialAction":[{"@type":"ReadAction","target":["https:\/\/skaitytaknyga.lt\/produktas\/kas-yra-kas-burtininkai-raganos-ir-magija\/"]}]},{"@type":"ImageObject","inLanguage":"en-GB","@id":"https:\/\/skaitytaknyga.lt\/produktas\/kas-yra-kas-burtininkai-raganos-ir-magija\/#primaryimage","url":"https:\/\/skaitytaknyga.lt\/wp-content\/uploads\/2024\/06\/Be-pavadinimo-8.png","contentUrl":"https:\/\/skaitytaknyga.lt\/wp-content\/uploads\/2024\/06\/Be-pavadinimo-8.png","width":267,"height":375,"caption":"Burtininkai, raganos ir magija"},{"@type":"BreadcrumbList","@id":"https:\/\/skaitytaknyga.lt\/produktas\/kas-yra-kas-burtininkai-raganos-ir-magija\/#breadcrumb","itemListElement":[{"@type":"ListItem","position":1,"name":"Home","item":"https:\/\/skaitytaknyga.lt\/"},{"@type":"ListItem","position":2,"name":"Parduotuv\u0117","item":"https:\/\/skaitytaknyga.lt\/knygu-parduotuve\/"},{"@type":"ListItem","position":3,"name":"Kas yra kas. Burtininkai, raganos ir magija"}]},{"@type":"WebSite","@id":"https:\/\/skaitytaknyga.lt\/#website","url":"https:\/\/skaitytaknyga.lt\/","name":"skaitytaknyga.lt","description":"Skaitytaknyga.lt \u2013 tai ma\u017eas \u0161eimos verslas, kuris prasid\u0117jo nuo meil\u0117s knygoms ir siekio i\u0161gelb\u0117ti knygas nuo likimo prie konteinerio. Kas vienam nereikalingas daiktas \u2013 kitam lobis, o mes esame tarpininkai, kurie padeda abiems tapti laimingesniems ???? \u017dinome kaip nelengva i\u0161gyventi ma\u017eiems verslams, tad nuo \u0161iol, \u010dia rasite ir kit\u0173, ma\u017e\u0173 \u0161eim\u0173 versl\u0173, rank\u0173 darbo, dovan\u0173 sau ir artimiesiems.","publisher":{"@id":"https:\/\/skaitytaknyga.lt\/#organization"},"potentialAction":[{"@type":"SearchAction","target":{"@type":"EntryPoint","urlTemplate":"https:\/\/skaitytaknyga.lt\/?s={search_term_string}"},"query-input":{"@type":"PropertyValueSpecification","valueRequired":true,"valueName":"search_term_string"}}],"inLanguage":"en-GB"},{"@type":"Organization","@id":"https:\/\/skaitytaknyga.lt\/#organization","name":"skaitytaknyga.lt","url":"https:\/\/skaitytaknyga.lt\/","logo":{"@type":"ImageObject","inLanguage":"en-GB","@id":"https:\/\/skaitytaknyga.lt\/#\/schema\/logo\/image\/","url":"https:\/\/skaitytaknyga.lt\/wp-content\/uploads\/2024\/05\/cropped-cropped-cropped-02_00843_jt3bggkj1j3HLc7SyY6rEUpg.jpeg","contentUrl":"https:\/\/skaitytaknyga.lt\/wp-content\/uploads\/2024\/05\/cropped-cropped-cropped-02_00843_jt3bggkj1j3HLc7SyY6rEUpg.jpeg","width":1600,"height":1600,"caption":"skaitytaknyga.lt"},"image":{"@id":"https:\/\/skaitytaknyga.lt\/#\/schema\/logo\/image\/"},"sameAs":["https:\/\/www.facebook.com\/skaitytaknyga\/"]}]}},"_links":{"self":[{"href":"https:\/\/skaitytaknyga.lt\/en\/wp-json\/wp\/v2\/product\/12066","targetHints":{"allow":["GET"]}}],"collection":[{"href":"https:\/\/skaitytaknyga.lt\/en\/wp-json\/wp\/v2\/product"}],"about":[{"href":"https:\/\/skaitytaknyga.lt\/en\/wp-json\/wp\/v2\/types\/product"}],"replies":[{"embeddable":true,"href":"https:\/\/skaitytaknyga.lt\/en\/wp-json\/wp\/v2\/comments?post=12066"}],"wp:featuredmedia":[{"embeddable":true,"href":"https:\/\/skaitytaknyga.lt\/en\/wp-json\/wp\/v2\/media\/12067"}],"wp:attachment":[{"href":"https:\/\/skaitytaknyga.lt\/en\/wp-json\/wp\/v2\/media?parent=12066"}],"wp:term":[{"taxonomy":"product_brand","embeddable":true,"href":"https:\/\/skaitytaknyga.lt\/en\/wp-json\/wp\/v2\/product_brand?post=12066"},{"taxonomy":"product_cat","embeddable":true,"href":"https:\/\/skaitytaknyga.lt\/en\/wp-json\/wp\/v2\/product_cat?post=12066"},{"taxonomy":"product_tag","embeddable":true,"href":"https:\/\/skaitytaknyga.lt\/en\/wp-json\/wp\/v2\/product_tag?post=12066"}],"curies":[{"name":"wp","href":"https:\/\/api.w.org\/{rel}","templated":true}]}}