{"id":12064,"date":"2024-06-14T15:58:04","date_gmt":"2024-06-14T15:58:04","guid":{"rendered":"https:\/\/skaitytaknyga.lt\/?post_type=product&#038;p=12064"},"modified":"2025-05-15T10:12:11","modified_gmt":"2025-05-15T07:12:11","slug":"kas-yra-kas-mineralai-ir-uolienos","status":"publish","type":"product","link":"https:\/\/skaitytaknyga.lt\/en\/produktas\/kas-yra-kas-mineralai-ir-uolienos\/","title":{"rendered":"Kas yra kas. Mineralai ir uolienos"},"content":{"rendered":"","protected":false},"excerpt":{"rendered":"<p>Mineral\u0173 ir uolien\u0173 esama \u012fvairi\u0173: did\u017eiuli\u0173 kaln\u0173 masyv\u0173, paprasto paplok\u0161tainio papl\u016bdimiuose, statybini\u0173 akmen\u0173 miestuose, pra\u0161matni\u0173 brangakmeni\u0173 ir t.t. Profesorius\u00a0<strong>dr. Werneris Buggischas<\/strong>\u00a0ir\u00a0<strong>Christianas Buggischas<\/strong>\u00a0\u0161ioje \u201eKAS YRA KAS&#8221; serijos knygoje supa\u017eindina jaunuosius skaitytojus su nuostabiu uolien\u0173 ir mineral\u0173 pasauliu.<\/p>\n","protected":false},"featured_media":12065,"comment_status":"open","ping_status":"closed","template":"","meta":{"_acf_changed":false,"site-sidebar-layout":"default","site-content-layout":"","ast-site-content-layout":"default","site-content-style":"default","site-sidebar-style":"default","ast-global-header-display":"","ast-banner-title-visibility":"","ast-main-header-display":"","ast-hfb-above-header-display":"","ast-hfb-below-header-display":"","ast-hfb-mobile-header-display":"","site-post-title":"","ast-breadcrumbs-content":"","ast-featured-img":"","footer-sml-layout":"","ast-disable-related-posts":"","theme-transparent-header-meta":"","adv-header-id-meta":"","stick-header-meta":"","header-above-stick-meta":"","header-main-stick-meta":"","header-below-stick-meta":"","astra-migrate-meta-layouts":"default","ast-page-background-enabled":"default","ast-page-background-meta":{"desktop":{"background-color":"","background-image":"","background-repeat":"repeat","background-position":"center center","background-size":"auto","background-attachment":"scroll","background-type":"","background-media":"","overlay-type":"","overlay-color":"","overlay-opacity":"","overlay-gradient":""},"tablet":{"background-color":"","background-image":"","background-repeat":"repeat","background-position":"center center","background-size":"auto","background-attachment":"scroll","background-type":"","background-media":"","overlay-type":"","overlay-color":"","overlay-opacity":"","overlay-gradient":""},"mobile":{"background-color":"","background-image":"","background-repeat":"repeat","background-position":"center center","background-size":"auto","background-attachment":"scroll","background-type":"","background-media":"","overlay-type":"","overlay-color":"","overlay-opacity":"","overlay-gradient":""}},"ast-content-background-meta":{"desktop":{"background-color":"var(--ast-global-color-4)","background-image":"","background-repeat":"repeat","background-position":"center center","background-size":"auto","background-attachment":"scroll","background-type":"","background-media":"","overlay-type":"","overlay-color":"","overlay-opacity":"","overlay-gradient":""},"tablet":{"background-color":"var(--ast-global-color-4)","background-image":"","background-repeat":"repeat","background-position":"center center","background-size":"auto","background-attachment":"scroll","background-type":"","background-media":"","overlay-type":"","overlay-color":"","overlay-opacity":"","overlay-gradient":""},"mobile":{"background-color":"var(--ast-global-color-4)","background-image":"","background-repeat":"repeat","background-position":"center center","background-size":"auto","background-attachment":"scroll","background-type":"","background-media":"","overlay-type":"","overlay-color":"","overlay-opacity":"","overlay-gradient":""}}},"product_brand":[],"product_cat":[1023,35],"product_tag":[1111,2060,2931,2929,2930,2932],"class_list":{"0":"post-12064","1":"product","2":"type-product","3":"status-publish","4":"has-post-thumbnail","6":"product_cat-kas-yra-kas","7":"product_cat-vaikams-ir-paaugliams","8":"product_tag-enciklopedija-vaikams","9":"product_tag-enciklopedija","10":"product_tag-gamtos-mokslai","11":"product_tag-mineralai","12":"product_tag-uolienos","13":"product_tag-zinynas","14":"desktop-align-left","15":"tablet-align-left","16":"mobile-align-left","18":"first","19":"outofstock","20":"shipping-taxable","21":"purchasable","22":"product-type-simple"},"acf":[],"yoast_head":"<!-- This site is optimized with the Yoast SEO plugin v27.0 - https:\/\/yoast.com\/product\/yoast-seo-wordpress\/ -->\n<title>Kas yra kas. Mineralai ir uolienos - Skaitytaknyga<\/title>\n<meta name=\"description\" content=\"Mineral\u0173 ir uolien\u0173 esama \u012fvairi\u0173: did\u017eiuli\u0173 kaln\u0173 masyv\u0173, paprasto paplok\u0161tainio papl\u016bdimiuose, statybini\u0173 akmen\u0173 miestuose, pra\u0161matni\u0173 brangakmeni\u0173 ir t.t. Profesorius\u00a0dr. Werneris Buggischas\u00a0ir\u00a0Christianas Buggischas\u00a0\u0161ioje \u201eKAS YRA KAS&quot; serijos knygoje supa\u017eindina jaunuosius skaitytojus su nuostabiu uolien\u0173 ir mineral\u0173 pasauliu.\" \/>\n<meta name=\"robots\" content=\"index, follow, max-snippet:-1, max-image-preview:large, max-video-preview:-1\" \/>\n<link rel=\"canonical\" href=\"https:\/\/skaitytaknyga.lt\/en\/produktas\/kas-yra-kas-mineralai-ir-uolienos\/\" \/>\n<meta property=\"og:locale\" content=\"en_GB\" \/>\n<meta property=\"og:locale:alternate\" content=\"lt_LT\" \/>\n<meta property=\"og:type\" content=\"article\" \/>\n<meta property=\"og:title\" content=\"Kas yra kas. Mineralai ir uolienos - Skaitytaknyga\" \/>\n<meta property=\"og:description\" content=\"Mineral\u0173 ir uolien\u0173 esama \u012fvairi\u0173: did\u017eiuli\u0173 kaln\u0173 masyv\u0173, paprasto paplok\u0161tainio papl\u016bdimiuose, statybini\u0173 akmen\u0173 miestuose, pra\u0161matni\u0173 brangakmeni\u0173 ir t.t. Profesorius\u00a0dr. Werneris Buggischas\u00a0ir\u00a0Christianas Buggischas\u00a0\u0161ioje \u201eKAS YRA KAS&quot; serijos knygoje supa\u017eindina jaunuosius skaitytojus su nuostabiu uolien\u0173 ir mineral\u0173 pasauliu.\" \/>\n<meta property=\"og:url\" content=\"https:\/\/skaitytaknyga.lt\/en\/produktas\/kas-yra-kas-mineralai-ir-uolienos\/\" \/>\n<meta property=\"og:site_name\" content=\"Skaitytaknyga\" \/>\n<meta property=\"article:publisher\" content=\"https:\/\/www.facebook.com\/skaitytaknyga\/\" \/>\n<meta property=\"article:modified_time\" content=\"2025-05-15T07:12:11+00:00\" \/>\n<meta property=\"og:image\" content=\"https:\/\/skaitytaknyga.lt\/wp-content\/uploads\/2024\/06\/Be-pavadinimo-7.png\" \/>\n\t<meta property=\"og:image:width\" content=\"353\" \/>\n\t<meta property=\"og:image:height\" content=\"468\" \/>\n\t<meta property=\"og:image:type\" content=\"image\/png\" \/>\n<meta name=\"twitter:card\" content=\"summary_large_image\" \/>\n<script type=\"application\/ld+json\" class=\"yoast-schema-graph\">{\"@context\":\"https:\/\/schema.org\",\"@graph\":[{\"@type\":\"WebPage\",\"@id\":\"https:\/\/skaitytaknyga.lt\/produktas\/kas-yra-kas-mineralai-ir-uolienos\/\",\"url\":\"https:\/\/skaitytaknyga.lt\/produktas\/kas-yra-kas-mineralai-ir-uolienos\/\",\"name\":\"Kas yra kas. Mineralai ir uolienos - Skaitytaknyga\",\"isPartOf\":{\"@id\":\"https:\/\/skaitytaknyga.lt\/#website\"},\"primaryImageOfPage\":{\"@id\":\"https:\/\/skaitytaknyga.lt\/produktas\/kas-yra-kas-mineralai-ir-uolienos\/#primaryimage\"},\"image\":{\"@id\":\"https:\/\/skaitytaknyga.lt\/produktas\/kas-yra-kas-mineralai-ir-uolienos\/#primaryimage\"},\"thumbnailUrl\":\"https:\/\/skaitytaknyga.lt\/wp-content\/uploads\/2024\/06\/Be-pavadinimo-7.png\",\"datePublished\":\"2024-06-14T15:58:04+00:00\",\"dateModified\":\"2025-05-15T07:12:11+00:00\",\"description\":\"Mineral\u0173 ir uolien\u0173 esama \u012fvairi\u0173: did\u017eiuli\u0173 kaln\u0173 masyv\u0173, paprasto paplok\u0161tainio papl\u016bdimiuose, statybini\u0173 akmen\u0173 miestuose, pra\u0161matni\u0173 brangakmeni\u0173 ir t.t. Profesorius\u00a0dr. Werneris Buggischas\u00a0ir\u00a0Christianas Buggischas\u00a0\u0161ioje \u201eKAS YRA KAS\\\" serijos knygoje supa\u017eindina jaunuosius skaitytojus su nuostabiu uolien\u0173 ir mineral\u0173 pasauliu.\",\"breadcrumb\":{\"@id\":\"https:\/\/skaitytaknyga.lt\/produktas\/kas-yra-kas-mineralai-ir-uolienos\/#breadcrumb\"},\"inLanguage\":\"en-GB\",\"potentialAction\":[{\"@type\":\"ReadAction\",\"target\":[\"https:\/\/skaitytaknyga.lt\/produktas\/kas-yra-kas-mineralai-ir-uolienos\/\"]}]},{\"@type\":\"ImageObject\",\"inLanguage\":\"en-GB\",\"@id\":\"https:\/\/skaitytaknyga.lt\/produktas\/kas-yra-kas-mineralai-ir-uolienos\/#primaryimage\",\"url\":\"https:\/\/skaitytaknyga.lt\/wp-content\/uploads\/2024\/06\/Be-pavadinimo-7.png\",\"contentUrl\":\"https:\/\/skaitytaknyga.lt\/wp-content\/uploads\/2024\/06\/Be-pavadinimo-7.png\",\"width\":353,\"height\":468,\"caption\":\"Mineralai ir uolienos\"},{\"@type\":\"BreadcrumbList\",\"@id\":\"https:\/\/skaitytaknyga.lt\/produktas\/kas-yra-kas-mineralai-ir-uolienos\/#breadcrumb\",\"itemListElement\":[{\"@type\":\"ListItem\",\"position\":1,\"name\":\"Home\",\"item\":\"https:\/\/skaitytaknyga.lt\/\"},{\"@type\":\"ListItem\",\"position\":2,\"name\":\"Parduotuv\u0117\",\"item\":\"https:\/\/skaitytaknyga.lt\/knygu-parduotuve\/\"},{\"@type\":\"ListItem\",\"position\":3,\"name\":\"Kas yra kas. Mineralai ir uolienos\"}]},{\"@type\":\"WebSite\",\"@id\":\"https:\/\/skaitytaknyga.lt\/#website\",\"url\":\"https:\/\/skaitytaknyga.lt\/\",\"name\":\"skaitytaknyga.lt\",\"description\":\"Skaitytaknyga.lt \u2013 tai ma\u017eas \u0161eimos verslas, kuris prasid\u0117jo nuo meil\u0117s knygoms ir siekio i\u0161gelb\u0117ti knygas nuo likimo prie konteinerio. Kas vienam nereikalingas daiktas \u2013 kitam lobis, o mes esame tarpininkai, kurie padeda abiems tapti laimingesniems ???? \u017dinome kaip nelengva i\u0161gyventi ma\u017eiems verslams, tad nuo \u0161iol, \u010dia rasite ir kit\u0173, ma\u017e\u0173 \u0161eim\u0173 versl\u0173, rank\u0173 darbo, dovan\u0173 sau ir artimiesiems.\",\"publisher\":{\"@id\":\"https:\/\/skaitytaknyga.lt\/#organization\"},\"potentialAction\":[{\"@type\":\"SearchAction\",\"target\":{\"@type\":\"EntryPoint\",\"urlTemplate\":\"https:\/\/skaitytaknyga.lt\/?s={search_term_string}\"},\"query-input\":{\"@type\":\"PropertyValueSpecification\",\"valueRequired\":true,\"valueName\":\"search_term_string\"}}],\"inLanguage\":\"en-GB\"},{\"@type\":\"Organization\",\"@id\":\"https:\/\/skaitytaknyga.lt\/#organization\",\"name\":\"skaitytaknyga.lt\",\"url\":\"https:\/\/skaitytaknyga.lt\/\",\"logo\":{\"@type\":\"ImageObject\",\"inLanguage\":\"en-GB\",\"@id\":\"https:\/\/skaitytaknyga.lt\/#\/schema\/logo\/image\/\",\"url\":\"https:\/\/skaitytaknyga.lt\/wp-content\/uploads\/2024\/05\/cropped-cropped-cropped-02_00843_jt3bggkj1j3HLc7SyY6rEUpg.jpeg\",\"contentUrl\":\"https:\/\/skaitytaknyga.lt\/wp-content\/uploads\/2024\/05\/cropped-cropped-cropped-02_00843_jt3bggkj1j3HLc7SyY6rEUpg.jpeg\",\"width\":1600,\"height\":1600,\"caption\":\"skaitytaknyga.lt\"},\"image\":{\"@id\":\"https:\/\/skaitytaknyga.lt\/#\/schema\/logo\/image\/\"},\"sameAs\":[\"https:\/\/www.facebook.com\/skaitytaknyga\/\"]}]}<\/script>\n<!-- \/ Yoast SEO plugin. -->","yoast_head_json":{"title":"Kas yra kas. Mineralai ir uolienos - Skaitytaknyga","description":"Mineral\u0173 ir uolien\u0173 esama \u012fvairi\u0173: did\u017eiuli\u0173 kaln\u0173 masyv\u0173, paprasto paplok\u0161tainio papl\u016bdimiuose, statybini\u0173 akmen\u0173 miestuose, pra\u0161matni\u0173 brangakmeni\u0173 ir t.t. Profesorius\u00a0dr. Werneris Buggischas\u00a0ir\u00a0Christianas Buggischas\u00a0\u0161ioje \u201eKAS YRA KAS\" serijos knygoje supa\u017eindina jaunuosius skaitytojus su nuostabiu uolien\u0173 ir mineral\u0173 pasauliu.","robots":{"index":"index","follow":"follow","max-snippet":"max-snippet:-1","max-image-preview":"max-image-preview:large","max-video-preview":"max-video-preview:-1"},"canonical":"https:\/\/skaitytaknyga.lt\/en\/produktas\/kas-yra-kas-mineralai-ir-uolienos\/","og_locale":"en_GB","og_type":"article","og_title":"Kas yra kas. Mineralai ir uolienos - Skaitytaknyga","og_description":"Mineral\u0173 ir uolien\u0173 esama \u012fvairi\u0173: did\u017eiuli\u0173 kaln\u0173 masyv\u0173, paprasto paplok\u0161tainio papl\u016bdimiuose, statybini\u0173 akmen\u0173 miestuose, pra\u0161matni\u0173 brangakmeni\u0173 ir t.t. Profesorius\u00a0dr. Werneris Buggischas\u00a0ir\u00a0Christianas Buggischas\u00a0\u0161ioje \u201eKAS YRA KAS\" serijos knygoje supa\u017eindina jaunuosius skaitytojus su nuostabiu uolien\u0173 ir mineral\u0173 pasauliu.","og_url":"https:\/\/skaitytaknyga.lt\/en\/produktas\/kas-yra-kas-mineralai-ir-uolienos\/","og_site_name":"Skaitytaknyga","article_publisher":"https:\/\/www.facebook.com\/skaitytaknyga\/","article_modified_time":"2025-05-15T07:12:11+00:00","og_image":[{"width":353,"height":468,"url":"https:\/\/skaitytaknyga.lt\/wp-content\/uploads\/2024\/06\/Be-pavadinimo-7.png","type":"image\/png"}],"twitter_card":"summary_large_image","schema":{"@context":"https:\/\/schema.org","@graph":[{"@type":"WebPage","@id":"https:\/\/skaitytaknyga.lt\/produktas\/kas-yra-kas-mineralai-ir-uolienos\/","url":"https:\/\/skaitytaknyga.lt\/produktas\/kas-yra-kas-mineralai-ir-uolienos\/","name":"Kas yra kas. Mineralai ir uolienos - Skaitytaknyga","isPartOf":{"@id":"https:\/\/skaitytaknyga.lt\/#website"},"primaryImageOfPage":{"@id":"https:\/\/skaitytaknyga.lt\/produktas\/kas-yra-kas-mineralai-ir-uolienos\/#primaryimage"},"image":{"@id":"https:\/\/skaitytaknyga.lt\/produktas\/kas-yra-kas-mineralai-ir-uolienos\/#primaryimage"},"thumbnailUrl":"https:\/\/skaitytaknyga.lt\/wp-content\/uploads\/2024\/06\/Be-pavadinimo-7.png","datePublished":"2024-06-14T15:58:04+00:00","dateModified":"2025-05-15T07:12:11+00:00","description":"Mineral\u0173 ir uolien\u0173 esama \u012fvairi\u0173: did\u017eiuli\u0173 kaln\u0173 masyv\u0173, paprasto paplok\u0161tainio papl\u016bdimiuose, statybini\u0173 akmen\u0173 miestuose, pra\u0161matni\u0173 brangakmeni\u0173 ir t.t. Profesorius\u00a0dr. Werneris Buggischas\u00a0ir\u00a0Christianas Buggischas\u00a0\u0161ioje \u201eKAS YRA KAS\" serijos knygoje supa\u017eindina jaunuosius skaitytojus su nuostabiu uolien\u0173 ir mineral\u0173 pasauliu.","breadcrumb":{"@id":"https:\/\/skaitytaknyga.lt\/produktas\/kas-yra-kas-mineralai-ir-uolienos\/#breadcrumb"},"inLanguage":"en-GB","potentialAction":[{"@type":"ReadAction","target":["https:\/\/skaitytaknyga.lt\/produktas\/kas-yra-kas-mineralai-ir-uolienos\/"]}]},{"@type":"ImageObject","inLanguage":"en-GB","@id":"https:\/\/skaitytaknyga.lt\/produktas\/kas-yra-kas-mineralai-ir-uolienos\/#primaryimage","url":"https:\/\/skaitytaknyga.lt\/wp-content\/uploads\/2024\/06\/Be-pavadinimo-7.png","contentUrl":"https:\/\/skaitytaknyga.lt\/wp-content\/uploads\/2024\/06\/Be-pavadinimo-7.png","width":353,"height":468,"caption":"Mineralai ir uolienos"},{"@type":"BreadcrumbList","@id":"https:\/\/skaitytaknyga.lt\/produktas\/kas-yra-kas-mineralai-ir-uolienos\/#breadcrumb","itemListElement":[{"@type":"ListItem","position":1,"name":"Home","item":"https:\/\/skaitytaknyga.lt\/"},{"@type":"ListItem","position":2,"name":"Parduotuv\u0117","item":"https:\/\/skaitytaknyga.lt\/knygu-parduotuve\/"},{"@type":"ListItem","position":3,"name":"Kas yra kas. Mineralai ir uolienos"}]},{"@type":"WebSite","@id":"https:\/\/skaitytaknyga.lt\/#website","url":"https:\/\/skaitytaknyga.lt\/","name":"skaitytaknyga.lt","description":"Skaitytaknyga.lt \u2013 tai ma\u017eas \u0161eimos verslas, kuris prasid\u0117jo nuo meil\u0117s knygoms ir siekio i\u0161gelb\u0117ti knygas nuo likimo prie konteinerio. Kas vienam nereikalingas daiktas \u2013 kitam lobis, o mes esame tarpininkai, kurie padeda abiems tapti laimingesniems ???? \u017dinome kaip nelengva i\u0161gyventi ma\u017eiems verslams, tad nuo \u0161iol, \u010dia rasite ir kit\u0173, ma\u017e\u0173 \u0161eim\u0173 versl\u0173, rank\u0173 darbo, dovan\u0173 sau ir artimiesiems.","publisher":{"@id":"https:\/\/skaitytaknyga.lt\/#organization"},"potentialAction":[{"@type":"SearchAction","target":{"@type":"EntryPoint","urlTemplate":"https:\/\/skaitytaknyga.lt\/?s={search_term_string}"},"query-input":{"@type":"PropertyValueSpecification","valueRequired":true,"valueName":"search_term_string"}}],"inLanguage":"en-GB"},{"@type":"Organization","@id":"https:\/\/skaitytaknyga.lt\/#organization","name":"skaitytaknyga.lt","url":"https:\/\/skaitytaknyga.lt\/","logo":{"@type":"ImageObject","inLanguage":"en-GB","@id":"https:\/\/skaitytaknyga.lt\/#\/schema\/logo\/image\/","url":"https:\/\/skaitytaknyga.lt\/wp-content\/uploads\/2024\/05\/cropped-cropped-cropped-02_00843_jt3bggkj1j3HLc7SyY6rEUpg.jpeg","contentUrl":"https:\/\/skaitytaknyga.lt\/wp-content\/uploads\/2024\/05\/cropped-cropped-cropped-02_00843_jt3bggkj1j3HLc7SyY6rEUpg.jpeg","width":1600,"height":1600,"caption":"skaitytaknyga.lt"},"image":{"@id":"https:\/\/skaitytaknyga.lt\/#\/schema\/logo\/image\/"},"sameAs":["https:\/\/www.facebook.com\/skaitytaknyga\/"]}]}},"_links":{"self":[{"href":"https:\/\/skaitytaknyga.lt\/en\/wp-json\/wp\/v2\/product\/12064","targetHints":{"allow":["GET"]}}],"collection":[{"href":"https:\/\/skaitytaknyga.lt\/en\/wp-json\/wp\/v2\/product"}],"about":[{"href":"https:\/\/skaitytaknyga.lt\/en\/wp-json\/wp\/v2\/types\/product"}],"replies":[{"embeddable":true,"href":"https:\/\/skaitytaknyga.lt\/en\/wp-json\/wp\/v2\/comments?post=12064"}],"wp:featuredmedia":[{"embeddable":true,"href":"https:\/\/skaitytaknyga.lt\/en\/wp-json\/wp\/v2\/media\/12065"}],"wp:attachment":[{"href":"https:\/\/skaitytaknyga.lt\/en\/wp-json\/wp\/v2\/media?parent=12064"}],"wp:term":[{"taxonomy":"product_brand","embeddable":true,"href":"https:\/\/skaitytaknyga.lt\/en\/wp-json\/wp\/v2\/product_brand?post=12064"},{"taxonomy":"product_cat","embeddable":true,"href":"https:\/\/skaitytaknyga.lt\/en\/wp-json\/wp\/v2\/product_cat?post=12064"},{"taxonomy":"product_tag","embeddable":true,"href":"https:\/\/skaitytaknyga.lt\/en\/wp-json\/wp\/v2\/product_tag?post=12064"}],"curies":[{"name":"wp","href":"https:\/\/api.w.org\/{rel}","templated":true}]}}