{"id":12058,"date":"2024-06-14T12:25:02","date_gmt":"2024-06-14T12:25:02","guid":{"rendered":"https:\/\/skaitytaknyga.lt\/?post_type=product&#038;p=12058"},"modified":"2026-01-23T09:56:42","modified_gmt":"2026-01-23T07:56:42","slug":"kas-yra-kas-dinozaurai-ispaudas-virselyje","status":"publish","type":"product","link":"https:\/\/skaitytaknyga.lt\/en\/produktas\/kas-yra-kas-dinozaurai-ispaudas-virselyje\/","title":{"rendered":"Kas yra kas. Dinozaurai (\u012fspaudas vir\u0161elyje)"},"content":{"rendered":"","protected":false},"excerpt":{"rendered":"<p>Pra\u0117jo daugyb\u0117 milijon\u0173 met\u0173, kai \u017dem\u0117je gyveno dinozaurai, ta\u010diau \u0161ie prie\u0161istorini\u0173 laik\u0173 mil\u017einai iki \u0161iol nepaliauja mus \u017eav\u0117ti. Joachimas Oppermannas, Berlyno Gamtos moksl\u0173 muziejaus darbuotojas, supa\u017eindina su \u012fdomiu prie\u0161istorini\u0173 laik\u0173 pasauliu. Jis patraukliai \u00a0pasakoja apie beveik nesu\u017eeid\u017eiamus \u0161arvuotuosius dinozaurus, mil\u017eini\u0161kus \u017eol\u0117d\u017eius ir pavojingus pl\u0117\u0161rius dinozaurus, atskleid\u017eia dinozaur\u0173 evoliucij\u0105 ir i\u0161d\u0117sto prie\u017eastis, kurios l\u0117m\u0117 j\u0173 \u017e\u016bt\u012f.<\/p>\n","protected":false},"featured_media":12059,"comment_status":"open","ping_status":"closed","template":"","meta":{"_acf_changed":false,"site-sidebar-layout":"default","site-content-layout":"","ast-site-content-layout":"default","site-content-style":"default","site-sidebar-style":"default","ast-global-header-display":"","ast-banner-title-visibility":"","ast-main-header-display":"","ast-hfb-above-header-display":"","ast-hfb-below-header-display":"","ast-hfb-mobile-header-display":"","site-post-title":"","ast-breadcrumbs-content":"","ast-featured-img":"","footer-sml-layout":"","ast-disable-related-posts":"","theme-transparent-header-meta":"","adv-header-id-meta":"","stick-header-meta":"","header-above-stick-meta":"","header-main-stick-meta":"","header-below-stick-meta":"","astra-migrate-meta-layouts":"default","ast-page-background-enabled":"default","ast-page-background-meta":{"desktop":{"background-color":"","background-image":"","background-repeat":"repeat","background-position":"center center","background-size":"auto","background-attachment":"scroll","background-type":"","background-media":"","overlay-type":"","overlay-color":"","overlay-opacity":"","overlay-gradient":""},"tablet":{"background-color":"","background-image":"","background-repeat":"repeat","background-position":"center center","background-size":"auto","background-attachment":"scroll","background-type":"","background-media":"","overlay-type":"","overlay-color":"","overlay-opacity":"","overlay-gradient":""},"mobile":{"background-color":"","background-image":"","background-repeat":"repeat","background-position":"center center","background-size":"auto","background-attachment":"scroll","background-type":"","background-media":"","overlay-type":"","overlay-color":"","overlay-opacity":"","overlay-gradient":""}},"ast-content-background-meta":{"desktop":{"background-color":"var(--ast-global-color-4)","background-image":"","background-repeat":"repeat","background-position":"center center","background-size":"auto","background-attachment":"scroll","background-type":"","background-media":"","overlay-type":"","overlay-color":"","overlay-opacity":"","overlay-gradient":""},"tablet":{"background-color":"var(--ast-global-color-4)","background-image":"","background-repeat":"repeat","background-position":"center center","background-size":"auto","background-attachment":"scroll","background-type":"","background-media":"","overlay-type":"","overlay-color":"","overlay-opacity":"","overlay-gradient":""},"mobile":{"background-color":"var(--ast-global-color-4)","background-image":"","background-repeat":"repeat","background-position":"center center","background-size":"auto","background-attachment":"scroll","background-type":"","background-media":"","overlay-type":"","overlay-color":"","overlay-opacity":"","overlay-gradient":""}}},"product_brand":[],"product_cat":[1023,35],"product_tag":[],"class_list":{"0":"post-12058","1":"product","2":"type-product","3":"status-publish","4":"has-post-thumbnail","6":"product_cat-kas-yra-kas","7":"product_cat-vaikams-ir-paaugliams","8":"desktop-align-left","9":"tablet-align-left","10":"mobile-align-left","12":"first","13":"outofstock","14":"shipping-taxable","15":"purchasable","16":"product-type-simple"},"acf":[],"yoast_head":"<!-- This site is optimized with the Yoast SEO plugin v27.0 - https:\/\/yoast.com\/product\/yoast-seo-wordpress\/ -->\n<title>Kas yra kas. Dinozaurai (\u012fspaudas vir\u0161elyje) - Skaitytaknyga<\/title>\n<meta name=\"description\" content=\"Pra\u0117jo daugyb\u0117 milijon\u0173 met\u0173, kai \u017dem\u0117je gyveno dinozaurai, ta\u010diau \u0161ie prie\u0161istorini\u0173 laik\u0173 mil\u017einai iki \u0161iol nepaliauja mus \u017eav\u0117ti. Joachimas Oppermannas, Berlyno Gamtos moksl\u0173 muziejaus darbuotojas, supa\u017eindina su \u012fdomiu prie\u0161istorini\u0173 laik\u0173 pasauliu. Jis patraukliai \u00a0pasakoja apie beveik nesu\u017eeid\u017eiamus \u0161arvuotuosius dinozaurus, mil\u017eini\u0161kus \u017eol\u0117d\u017eius ir pavojingus pl\u0117\u0161rius dinozaurus, atskleid\u017eia dinozaur\u0173 evoliucij\u0105 ir i\u0161d\u0117sto prie\u017eastis, kurios l\u0117m\u0117 j\u0173 \u017e\u016bt\u012f.\" \/>\n<meta name=\"robots\" content=\"index, follow, max-snippet:-1, max-image-preview:large, max-video-preview:-1\" \/>\n<link rel=\"canonical\" href=\"https:\/\/skaitytaknyga.lt\/en\/produktas\/kas-yra-kas-dinozaurai-ispaudas-virselyje\/\" \/>\n<meta property=\"og:locale\" content=\"en_GB\" \/>\n<meta property=\"og:locale:alternate\" content=\"lt_LT\" \/>\n<meta property=\"og:type\" content=\"article\" \/>\n<meta property=\"og:title\" content=\"Kas yra kas. Dinozaurai (\u012fspaudas vir\u0161elyje) - Skaitytaknyga\" \/>\n<meta property=\"og:description\" content=\"Pra\u0117jo daugyb\u0117 milijon\u0173 met\u0173, kai \u017dem\u0117je gyveno dinozaurai, ta\u010diau \u0161ie prie\u0161istorini\u0173 laik\u0173 mil\u017einai iki \u0161iol nepaliauja mus \u017eav\u0117ti. Joachimas Oppermannas, Berlyno Gamtos moksl\u0173 muziejaus darbuotojas, supa\u017eindina su \u012fdomiu prie\u0161istorini\u0173 laik\u0173 pasauliu. Jis patraukliai \u00a0pasakoja apie beveik nesu\u017eeid\u017eiamus \u0161arvuotuosius dinozaurus, mil\u017eini\u0161kus \u017eol\u0117d\u017eius ir pavojingus pl\u0117\u0161rius dinozaurus, atskleid\u017eia dinozaur\u0173 evoliucij\u0105 ir i\u0161d\u0117sto prie\u017eastis, kurios l\u0117m\u0117 j\u0173 \u017e\u016bt\u012f.\" \/>\n<meta property=\"og:url\" content=\"https:\/\/skaitytaknyga.lt\/en\/produktas\/kas-yra-kas-dinozaurai-ispaudas-virselyje\/\" \/>\n<meta property=\"og:site_name\" content=\"Skaitytaknyga\" \/>\n<meta property=\"article:publisher\" content=\"https:\/\/www.facebook.com\/skaitytaknyga\/\" \/>\n<meta property=\"article:modified_time\" content=\"2026-01-23T07:56:42+00:00\" \/>\n<meta property=\"og:image\" content=\"https:\/\/skaitytaknyga.lt\/wp-content\/uploads\/2024\/06\/Be-pavadinimo-5.png\" \/>\n\t<meta property=\"og:image:width\" content=\"378\" \/>\n\t<meta property=\"og:image:height\" content=\"515\" \/>\n\t<meta property=\"og:image:type\" content=\"image\/png\" \/>\n<meta name=\"twitter:card\" content=\"summary_large_image\" \/>\n<script type=\"application\/ld+json\" class=\"yoast-schema-graph\">{\"@context\":\"https:\/\/schema.org\",\"@graph\":[{\"@type\":\"WebPage\",\"@id\":\"https:\/\/skaitytaknyga.lt\/produktas\/kas-yra-kas-dinozaurai-ispaudas-virselyje\/\",\"url\":\"https:\/\/skaitytaknyga.lt\/produktas\/kas-yra-kas-dinozaurai-ispaudas-virselyje\/\",\"name\":\"Kas yra kas. Dinozaurai (\u012fspaudas vir\u0161elyje) - Skaitytaknyga\",\"isPartOf\":{\"@id\":\"https:\/\/skaitytaknyga.lt\/#website\"},\"primaryImageOfPage\":{\"@id\":\"https:\/\/skaitytaknyga.lt\/produktas\/kas-yra-kas-dinozaurai-ispaudas-virselyje\/#primaryimage\"},\"image\":{\"@id\":\"https:\/\/skaitytaknyga.lt\/produktas\/kas-yra-kas-dinozaurai-ispaudas-virselyje\/#primaryimage\"},\"thumbnailUrl\":\"https:\/\/skaitytaknyga.lt\/wp-content\/uploads\/2024\/06\/Be-pavadinimo-5.png\",\"datePublished\":\"2024-06-14T12:25:02+00:00\",\"dateModified\":\"2026-01-23T07:56:42+00:00\",\"description\":\"Pra\u0117jo daugyb\u0117 milijon\u0173 met\u0173, kai \u017dem\u0117je gyveno dinozaurai, ta\u010diau \u0161ie prie\u0161istorini\u0173 laik\u0173 mil\u017einai iki \u0161iol nepaliauja mus \u017eav\u0117ti. Joachimas Oppermannas, Berlyno Gamtos moksl\u0173 muziejaus darbuotojas, supa\u017eindina su \u012fdomiu prie\u0161istorini\u0173 laik\u0173 pasauliu. Jis patraukliai \u00a0pasakoja apie beveik nesu\u017eeid\u017eiamus \u0161arvuotuosius dinozaurus, mil\u017eini\u0161kus \u017eol\u0117d\u017eius ir pavojingus pl\u0117\u0161rius dinozaurus, atskleid\u017eia dinozaur\u0173 evoliucij\u0105 ir i\u0161d\u0117sto prie\u017eastis, kurios l\u0117m\u0117 j\u0173 \u017e\u016bt\u012f.\",\"breadcrumb\":{\"@id\":\"https:\/\/skaitytaknyga.lt\/produktas\/kas-yra-kas-dinozaurai-ispaudas-virselyje\/#breadcrumb\"},\"inLanguage\":\"en-GB\",\"potentialAction\":[{\"@type\":\"ReadAction\",\"target\":[\"https:\/\/skaitytaknyga.lt\/produktas\/kas-yra-kas-dinozaurai-ispaudas-virselyje\/\"]}]},{\"@type\":\"ImageObject\",\"inLanguage\":\"en-GB\",\"@id\":\"https:\/\/skaitytaknyga.lt\/produktas\/kas-yra-kas-dinozaurai-ispaudas-virselyje\/#primaryimage\",\"url\":\"https:\/\/skaitytaknyga.lt\/wp-content\/uploads\/2024\/06\/Be-pavadinimo-5.png\",\"contentUrl\":\"https:\/\/skaitytaknyga.lt\/wp-content\/uploads\/2024\/06\/Be-pavadinimo-5.png\",\"width\":378,\"height\":515},{\"@type\":\"BreadcrumbList\",\"@id\":\"https:\/\/skaitytaknyga.lt\/produktas\/kas-yra-kas-dinozaurai-ispaudas-virselyje\/#breadcrumb\",\"itemListElement\":[{\"@type\":\"ListItem\",\"position\":1,\"name\":\"Home\",\"item\":\"https:\/\/skaitytaknyga.lt\/\"},{\"@type\":\"ListItem\",\"position\":2,\"name\":\"Parduotuv\u0117\",\"item\":\"https:\/\/skaitytaknyga.lt\/knygu-parduotuve\/\"},{\"@type\":\"ListItem\",\"position\":3,\"name\":\"Kas yra kas. Dinozaurai (\u012fspaudas vir\u0161elyje)\"}]},{\"@type\":\"WebSite\",\"@id\":\"https:\/\/skaitytaknyga.lt\/#website\",\"url\":\"https:\/\/skaitytaknyga.lt\/\",\"name\":\"skaitytaknyga.lt\",\"description\":\"Skaitytaknyga.lt \u2013 tai ma\u017eas \u0161eimos verslas, kuris prasid\u0117jo nuo meil\u0117s knygoms ir siekio i\u0161gelb\u0117ti knygas nuo likimo prie konteinerio. Kas vienam nereikalingas daiktas \u2013 kitam lobis, o mes esame tarpininkai, kurie padeda abiems tapti laimingesniems ???? \u017dinome kaip nelengva i\u0161gyventi ma\u017eiems verslams, tad nuo \u0161iol, \u010dia rasite ir kit\u0173, ma\u017e\u0173 \u0161eim\u0173 versl\u0173, rank\u0173 darbo, dovan\u0173 sau ir artimiesiems.\",\"publisher\":{\"@id\":\"https:\/\/skaitytaknyga.lt\/#organization\"},\"potentialAction\":[{\"@type\":\"SearchAction\",\"target\":{\"@type\":\"EntryPoint\",\"urlTemplate\":\"https:\/\/skaitytaknyga.lt\/?s={search_term_string}\"},\"query-input\":{\"@type\":\"PropertyValueSpecification\",\"valueRequired\":true,\"valueName\":\"search_term_string\"}}],\"inLanguage\":\"en-GB\"},{\"@type\":\"Organization\",\"@id\":\"https:\/\/skaitytaknyga.lt\/#organization\",\"name\":\"skaitytaknyga.lt\",\"url\":\"https:\/\/skaitytaknyga.lt\/\",\"logo\":{\"@type\":\"ImageObject\",\"inLanguage\":\"en-GB\",\"@id\":\"https:\/\/skaitytaknyga.lt\/#\/schema\/logo\/image\/\",\"url\":\"https:\/\/skaitytaknyga.lt\/wp-content\/uploads\/2024\/05\/cropped-cropped-cropped-02_00843_jt3bggkj1j3HLc7SyY6rEUpg.jpeg\",\"contentUrl\":\"https:\/\/skaitytaknyga.lt\/wp-content\/uploads\/2024\/05\/cropped-cropped-cropped-02_00843_jt3bggkj1j3HLc7SyY6rEUpg.jpeg\",\"width\":1600,\"height\":1600,\"caption\":\"skaitytaknyga.lt\"},\"image\":{\"@id\":\"https:\/\/skaitytaknyga.lt\/#\/schema\/logo\/image\/\"},\"sameAs\":[\"https:\/\/www.facebook.com\/skaitytaknyga\/\"]}]}<\/script>\n<!-- \/ Yoast SEO plugin. -->","yoast_head_json":{"title":"Kas yra kas. Dinozaurai (\u012fspaudas vir\u0161elyje) - Skaitytaknyga","description":"Pra\u0117jo daugyb\u0117 milijon\u0173 met\u0173, kai \u017dem\u0117je gyveno dinozaurai, ta\u010diau \u0161ie prie\u0161istorini\u0173 laik\u0173 mil\u017einai iki \u0161iol nepaliauja mus \u017eav\u0117ti. Joachimas Oppermannas, Berlyno Gamtos moksl\u0173 muziejaus darbuotojas, supa\u017eindina su \u012fdomiu prie\u0161istorini\u0173 laik\u0173 pasauliu. Jis patraukliai \u00a0pasakoja apie beveik nesu\u017eeid\u017eiamus \u0161arvuotuosius dinozaurus, mil\u017eini\u0161kus \u017eol\u0117d\u017eius ir pavojingus pl\u0117\u0161rius dinozaurus, atskleid\u017eia dinozaur\u0173 evoliucij\u0105 ir i\u0161d\u0117sto prie\u017eastis, kurios l\u0117m\u0117 j\u0173 \u017e\u016bt\u012f.","robots":{"index":"index","follow":"follow","max-snippet":"max-snippet:-1","max-image-preview":"max-image-preview:large","max-video-preview":"max-video-preview:-1"},"canonical":"https:\/\/skaitytaknyga.lt\/en\/produktas\/kas-yra-kas-dinozaurai-ispaudas-virselyje\/","og_locale":"en_GB","og_type":"article","og_title":"Kas yra kas. Dinozaurai (\u012fspaudas vir\u0161elyje) - Skaitytaknyga","og_description":"Pra\u0117jo daugyb\u0117 milijon\u0173 met\u0173, kai \u017dem\u0117je gyveno dinozaurai, ta\u010diau \u0161ie prie\u0161istorini\u0173 laik\u0173 mil\u017einai iki \u0161iol nepaliauja mus \u017eav\u0117ti. Joachimas Oppermannas, Berlyno Gamtos moksl\u0173 muziejaus darbuotojas, supa\u017eindina su \u012fdomiu prie\u0161istorini\u0173 laik\u0173 pasauliu. Jis patraukliai \u00a0pasakoja apie beveik nesu\u017eeid\u017eiamus \u0161arvuotuosius dinozaurus, mil\u017eini\u0161kus \u017eol\u0117d\u017eius ir pavojingus pl\u0117\u0161rius dinozaurus, atskleid\u017eia dinozaur\u0173 evoliucij\u0105 ir i\u0161d\u0117sto prie\u017eastis, kurios l\u0117m\u0117 j\u0173 \u017e\u016bt\u012f.","og_url":"https:\/\/skaitytaknyga.lt\/en\/produktas\/kas-yra-kas-dinozaurai-ispaudas-virselyje\/","og_site_name":"Skaitytaknyga","article_publisher":"https:\/\/www.facebook.com\/skaitytaknyga\/","article_modified_time":"2026-01-23T07:56:42+00:00","og_image":[{"width":378,"height":515,"url":"https:\/\/skaitytaknyga.lt\/wp-content\/uploads\/2024\/06\/Be-pavadinimo-5.png","type":"image\/png"}],"twitter_card":"summary_large_image","schema":{"@context":"https:\/\/schema.org","@graph":[{"@type":"WebPage","@id":"https:\/\/skaitytaknyga.lt\/produktas\/kas-yra-kas-dinozaurai-ispaudas-virselyje\/","url":"https:\/\/skaitytaknyga.lt\/produktas\/kas-yra-kas-dinozaurai-ispaudas-virselyje\/","name":"Kas yra kas. Dinozaurai (\u012fspaudas vir\u0161elyje) - Skaitytaknyga","isPartOf":{"@id":"https:\/\/skaitytaknyga.lt\/#website"},"primaryImageOfPage":{"@id":"https:\/\/skaitytaknyga.lt\/produktas\/kas-yra-kas-dinozaurai-ispaudas-virselyje\/#primaryimage"},"image":{"@id":"https:\/\/skaitytaknyga.lt\/produktas\/kas-yra-kas-dinozaurai-ispaudas-virselyje\/#primaryimage"},"thumbnailUrl":"https:\/\/skaitytaknyga.lt\/wp-content\/uploads\/2024\/06\/Be-pavadinimo-5.png","datePublished":"2024-06-14T12:25:02+00:00","dateModified":"2026-01-23T07:56:42+00:00","description":"Pra\u0117jo daugyb\u0117 milijon\u0173 met\u0173, kai \u017dem\u0117je gyveno dinozaurai, ta\u010diau \u0161ie prie\u0161istorini\u0173 laik\u0173 mil\u017einai iki \u0161iol nepaliauja mus \u017eav\u0117ti. Joachimas Oppermannas, Berlyno Gamtos moksl\u0173 muziejaus darbuotojas, supa\u017eindina su \u012fdomiu prie\u0161istorini\u0173 laik\u0173 pasauliu. Jis patraukliai \u00a0pasakoja apie beveik nesu\u017eeid\u017eiamus \u0161arvuotuosius dinozaurus, mil\u017eini\u0161kus \u017eol\u0117d\u017eius ir pavojingus pl\u0117\u0161rius dinozaurus, atskleid\u017eia dinozaur\u0173 evoliucij\u0105 ir i\u0161d\u0117sto prie\u017eastis, kurios l\u0117m\u0117 j\u0173 \u017e\u016bt\u012f.","breadcrumb":{"@id":"https:\/\/skaitytaknyga.lt\/produktas\/kas-yra-kas-dinozaurai-ispaudas-virselyje\/#breadcrumb"},"inLanguage":"en-GB","potentialAction":[{"@type":"ReadAction","target":["https:\/\/skaitytaknyga.lt\/produktas\/kas-yra-kas-dinozaurai-ispaudas-virselyje\/"]}]},{"@type":"ImageObject","inLanguage":"en-GB","@id":"https:\/\/skaitytaknyga.lt\/produktas\/kas-yra-kas-dinozaurai-ispaudas-virselyje\/#primaryimage","url":"https:\/\/skaitytaknyga.lt\/wp-content\/uploads\/2024\/06\/Be-pavadinimo-5.png","contentUrl":"https:\/\/skaitytaknyga.lt\/wp-content\/uploads\/2024\/06\/Be-pavadinimo-5.png","width":378,"height":515},{"@type":"BreadcrumbList","@id":"https:\/\/skaitytaknyga.lt\/produktas\/kas-yra-kas-dinozaurai-ispaudas-virselyje\/#breadcrumb","itemListElement":[{"@type":"ListItem","position":1,"name":"Home","item":"https:\/\/skaitytaknyga.lt\/"},{"@type":"ListItem","position":2,"name":"Parduotuv\u0117","item":"https:\/\/skaitytaknyga.lt\/knygu-parduotuve\/"},{"@type":"ListItem","position":3,"name":"Kas yra kas. Dinozaurai (\u012fspaudas vir\u0161elyje)"}]},{"@type":"WebSite","@id":"https:\/\/skaitytaknyga.lt\/#website","url":"https:\/\/skaitytaknyga.lt\/","name":"skaitytaknyga.lt","description":"Skaitytaknyga.lt \u2013 tai ma\u017eas \u0161eimos verslas, kuris prasid\u0117jo nuo meil\u0117s knygoms ir siekio i\u0161gelb\u0117ti knygas nuo likimo prie konteinerio. Kas vienam nereikalingas daiktas \u2013 kitam lobis, o mes esame tarpininkai, kurie padeda abiems tapti laimingesniems ???? \u017dinome kaip nelengva i\u0161gyventi ma\u017eiems verslams, tad nuo \u0161iol, \u010dia rasite ir kit\u0173, ma\u017e\u0173 \u0161eim\u0173 versl\u0173, rank\u0173 darbo, dovan\u0173 sau ir artimiesiems.","publisher":{"@id":"https:\/\/skaitytaknyga.lt\/#organization"},"potentialAction":[{"@type":"SearchAction","target":{"@type":"EntryPoint","urlTemplate":"https:\/\/skaitytaknyga.lt\/?s={search_term_string}"},"query-input":{"@type":"PropertyValueSpecification","valueRequired":true,"valueName":"search_term_string"}}],"inLanguage":"en-GB"},{"@type":"Organization","@id":"https:\/\/skaitytaknyga.lt\/#organization","name":"skaitytaknyga.lt","url":"https:\/\/skaitytaknyga.lt\/","logo":{"@type":"ImageObject","inLanguage":"en-GB","@id":"https:\/\/skaitytaknyga.lt\/#\/schema\/logo\/image\/","url":"https:\/\/skaitytaknyga.lt\/wp-content\/uploads\/2024\/05\/cropped-cropped-cropped-02_00843_jt3bggkj1j3HLc7SyY6rEUpg.jpeg","contentUrl":"https:\/\/skaitytaknyga.lt\/wp-content\/uploads\/2024\/05\/cropped-cropped-cropped-02_00843_jt3bggkj1j3HLc7SyY6rEUpg.jpeg","width":1600,"height":1600,"caption":"skaitytaknyga.lt"},"image":{"@id":"https:\/\/skaitytaknyga.lt\/#\/schema\/logo\/image\/"},"sameAs":["https:\/\/www.facebook.com\/skaitytaknyga\/"]}]}},"_links":{"self":[{"href":"https:\/\/skaitytaknyga.lt\/en\/wp-json\/wp\/v2\/product\/12058","targetHints":{"allow":["GET"]}}],"collection":[{"href":"https:\/\/skaitytaknyga.lt\/en\/wp-json\/wp\/v2\/product"}],"about":[{"href":"https:\/\/skaitytaknyga.lt\/en\/wp-json\/wp\/v2\/types\/product"}],"replies":[{"embeddable":true,"href":"https:\/\/skaitytaknyga.lt\/en\/wp-json\/wp\/v2\/comments?post=12058"}],"wp:featuredmedia":[{"embeddable":true,"href":"https:\/\/skaitytaknyga.lt\/en\/wp-json\/wp\/v2\/media\/12059"}],"wp:attachment":[{"href":"https:\/\/skaitytaknyga.lt\/en\/wp-json\/wp\/v2\/media?parent=12058"}],"wp:term":[{"taxonomy":"product_brand","embeddable":true,"href":"https:\/\/skaitytaknyga.lt\/en\/wp-json\/wp\/v2\/product_brand?post=12058"},{"taxonomy":"product_cat","embeddable":true,"href":"https:\/\/skaitytaknyga.lt\/en\/wp-json\/wp\/v2\/product_cat?post=12058"},{"taxonomy":"product_tag","embeddable":true,"href":"https:\/\/skaitytaknyga.lt\/en\/wp-json\/wp\/v2\/product_tag?post=12058"}],"curies":[{"name":"wp","href":"https:\/\/api.w.org\/{rel}","templated":true}]}}