{"id":12056,"date":"2024-06-14T15:12:02","date_gmt":"2024-06-14T12:12:02","guid":{"rendered":"https:\/\/skaitytaknyga.lt\/?post_type=product&#038;p=12056"},"modified":"2025-10-30T18:34:46","modified_gmt":"2025-10-30T16:34:46","slug":"kas-yra-kas-veliavos","status":"publish","type":"product","link":"https:\/\/skaitytaknyga.lt\/en\/produktas\/kas-yra-kas-veliavos\/","title":{"rendered":"Kas yra kas. V\u0117liavos"},"content":{"rendered":"","protected":false},"excerpt":{"rendered":"<p>Nuo sen\u0173 senov\u0117s v\u0117liavos lydi svarbiausius \u017emonijos istorijos \u012fvykius. Net ir \u0161iandien jos neprarado savo reik\u0161m\u0117s pa\u010diose \u012fvairiausiose gyvenimo srityse. I\u0161 kur atsirado v\u0117liavos? Kaip kito j\u0173 i\u0161vaizda ir paskirtis? Profesionali \u017eurnalist\u0117\u00a0<strong>Lioba Schafnitzl<\/strong>\u00a0\u0161ioje knygoje supa\u017eindina su ilga ir intriguojan\u010dia v\u0117liav\u0173 istorija, paai\u0161kina j\u0173 reik\u0161m\u0119 \u0161i\u0173 dien\u0173 valstybei, ba\u017eny\u010diai, laivininkystei bei sportui, pasakoja, kaip v\u0117liavos kuriamos, gaminamos, restauruojamos ir dar daug kit\u0173 \u012fdomi\u0173 dalyk\u0173. Veksilologijos \u017einovas\u00a0<strong>Harry D. Schurdel<\/strong>\u00a0v\u0117liav\u0173 \u017eodyne pateikia vis\u0173 193 pasaulio valstybi\u0173 dabartines valstybines v\u0117liavas ir suteikia \u012fdomios informacijos apie j\u0173 spalv\u0173 bei simboli\u0173 reik\u0161m\u0119.<\/p>\n","protected":false},"featured_media":12057,"comment_status":"open","ping_status":"closed","template":"","meta":{"_acf_changed":false,"site-sidebar-layout":"default","site-content-layout":"","ast-site-content-layout":"default","site-content-style":"default","site-sidebar-style":"default","ast-global-header-display":"","ast-banner-title-visibility":"","ast-main-header-display":"","ast-hfb-above-header-display":"","ast-hfb-below-header-display":"","ast-hfb-mobile-header-display":"","site-post-title":"","ast-breadcrumbs-content":"","ast-featured-img":"","footer-sml-layout":"","ast-disable-related-posts":"","theme-transparent-header-meta":"","adv-header-id-meta":"","stick-header-meta":"","header-above-stick-meta":"","header-main-stick-meta":"","header-below-stick-meta":"","astra-migrate-meta-layouts":"default","ast-page-background-enabled":"default","ast-page-background-meta":{"desktop":{"background-color":"","background-image":"","background-repeat":"repeat","background-position":"center center","background-size":"auto","background-attachment":"scroll","background-type":"","background-media":"","overlay-type":"","overlay-color":"","overlay-opacity":"","overlay-gradient":""},"tablet":{"background-color":"","background-image":"","background-repeat":"repeat","background-position":"center center","background-size":"auto","background-attachment":"scroll","background-type":"","background-media":"","overlay-type":"","overlay-color":"","overlay-opacity":"","overlay-gradient":""},"mobile":{"background-color":"","background-image":"","background-repeat":"repeat","background-position":"center center","background-size":"auto","background-attachment":"scroll","background-type":"","background-media":"","overlay-type":"","overlay-color":"","overlay-opacity":"","overlay-gradient":""}},"ast-content-background-meta":{"desktop":{"background-color":"var(--ast-global-color-4)","background-image":"","background-repeat":"repeat","background-position":"center center","background-size":"auto","background-attachment":"scroll","background-type":"","background-media":"","overlay-type":"","overlay-color":"","overlay-opacity":"","overlay-gradient":""},"tablet":{"background-color":"var(--ast-global-color-4)","background-image":"","background-repeat":"repeat","background-position":"center center","background-size":"auto","background-attachment":"scroll","background-type":"","background-media":"","overlay-type":"","overlay-color":"","overlay-opacity":"","overlay-gradient":""},"mobile":{"background-color":"var(--ast-global-color-4)","background-image":"","background-repeat":"repeat","background-position":"center center","background-size":"auto","background-attachment":"scroll","background-type":"","background-media":"","overlay-type":"","overlay-color":"","overlay-opacity":"","overlay-gradient":""}}},"product_brand":[],"product_cat":[1023,35],"product_tag":[],"class_list":{"0":"post-12056","1":"product","2":"type-product","3":"status-publish","4":"has-post-thumbnail","6":"product_cat-kas-yra-kas","7":"product_cat-vaikams-ir-paaugliams","8":"desktop-align-left","9":"tablet-align-left","10":"mobile-align-left","12":"first","13":"instock","14":"shipping-taxable","15":"purchasable","16":"product-type-simple"},"acf":[],"yoast_head":"<!-- This site is optimized with the Yoast SEO plugin v27.0 - https:\/\/yoast.com\/product\/yoast-seo-wordpress\/ -->\n<title>Kas yra kas. V\u0117liavos<\/title>\n<meta name=\"description\" content=\"Nuo sen\u0173 senov\u0117s v\u0117liavos lydi svarbiausius \u017emonijos istorijos \u012fvykius. Net ir \u0161iandien jos neprarado savo reik\u0161m\u0117s pa\u010diose \u012fvairiausiose gyvenimo srityse. I\u0161 kur atsirado v\u0117liavos? Kaip kito j\u0173 i\u0161vaizda ir paskirtis? Profesionali \u017eurnalist\u0117\u00a0Lioba Schafnitzl\u00a0\u0161ioje knygoje supa\u017eindina su ilga ir intriguojan\u010dia v\u0117liav\u0173 istorija, paai\u0161kina j\u0173 reik\u0161m\u0119 \u0161i\u0173 dien\u0173 valstybei, ba\u017eny\u010diai, laivininkystei bei sportui, pasakoja, kaip v\u0117liavos kuriamos, gaminamos, restauruojamos ir dar daug kit\u0173 \u012fdomi\u0173 dalyk\u0173. Veksilologijos \u017einovas\u00a0Harry D. Schurdel\u00a0v\u0117liav\u0173 \u017eodyne pateikia vis\u0173 193 pasaulio valstybi\u0173 dabartines valstybines v\u0117liavas ir suteikia \u012fdomios informacijos apie j\u0173 spalv\u0173 bei simboli\u0173 reik\u0161m\u0119.\" \/>\n<meta name=\"robots\" content=\"index, follow, max-snippet:-1, max-image-preview:large, max-video-preview:-1\" \/>\n<link rel=\"canonical\" href=\"https:\/\/skaitytaknyga.lt\/en\/produktas\/kas-yra-kas-veliavos\/\" \/>\n<meta property=\"og:locale\" content=\"en_GB\" \/>\n<meta property=\"og:locale:alternate\" content=\"lt_LT\" \/>\n<meta property=\"og:type\" content=\"article\" \/>\n<meta property=\"og:title\" content=\"Kas yra kas. V\u0117liavos\" \/>\n<meta property=\"og:description\" content=\"Nuo sen\u0173 senov\u0117s v\u0117liavos lydi svarbiausius \u017emonijos istorijos \u012fvykius. Net ir \u0161iandien jos neprarado savo reik\u0161m\u0117s pa\u010diose \u012fvairiausiose gyvenimo srityse. I\u0161 kur atsirado v\u0117liavos? Kaip kito j\u0173 i\u0161vaizda ir paskirtis? Profesionali \u017eurnalist\u0117\u00a0Lioba Schafnitzl\u00a0\u0161ioje knygoje supa\u017eindina su ilga ir intriguojan\u010dia v\u0117liav\u0173 istorija, paai\u0161kina j\u0173 reik\u0161m\u0119 \u0161i\u0173 dien\u0173 valstybei, ba\u017eny\u010diai, laivininkystei bei sportui, pasakoja, kaip v\u0117liavos kuriamos, gaminamos, restauruojamos ir dar daug kit\u0173 \u012fdomi\u0173 dalyk\u0173. Veksilologijos \u017einovas\u00a0Harry D. Schurdel\u00a0v\u0117liav\u0173 \u017eodyne pateikia vis\u0173 193 pasaulio valstybi\u0173 dabartines valstybines v\u0117liavas ir suteikia \u012fdomios informacijos apie j\u0173 spalv\u0173 bei simboli\u0173 reik\u0161m\u0119.\" \/>\n<meta property=\"og:url\" content=\"https:\/\/skaitytaknyga.lt\/en\/produktas\/kas-yra-kas-veliavos\/\" \/>\n<meta property=\"og:site_name\" content=\"Skaitytaknyga\" \/>\n<meta property=\"article:publisher\" content=\"https:\/\/www.facebook.com\/skaitytaknyga\/\" \/>\n<meta property=\"article:modified_time\" content=\"2025-10-30T16:34:46+00:00\" \/>\n<meta property=\"og:image\" content=\"https:\/\/skaitytaknyga.lt\/wp-content\/uploads\/2024\/06\/Be-pavadinimo-4.png\" \/>\n\t<meta property=\"og:image:width\" content=\"339\" \/>\n\t<meta property=\"og:image:height\" content=\"472\" \/>\n\t<meta property=\"og:image:type\" content=\"image\/png\" \/>\n<meta name=\"twitter:card\" content=\"summary_large_image\" \/>\n<script type=\"application\/ld+json\" class=\"yoast-schema-graph\">{\"@context\":\"https:\/\/schema.org\",\"@graph\":[{\"@type\":\"WebPage\",\"@id\":\"https:\/\/skaitytaknyga.lt\/produktas\/kas-yra-kas-veliavos\/\",\"url\":\"https:\/\/skaitytaknyga.lt\/produktas\/kas-yra-kas-veliavos\/\",\"name\":\"Kas yra kas. V\u0117liavos\",\"isPartOf\":{\"@id\":\"https:\/\/skaitytaknyga.lt\/#website\"},\"primaryImageOfPage\":{\"@id\":\"https:\/\/skaitytaknyga.lt\/produktas\/kas-yra-kas-veliavos\/#primaryimage\"},\"image\":{\"@id\":\"https:\/\/skaitytaknyga.lt\/produktas\/kas-yra-kas-veliavos\/#primaryimage\"},\"thumbnailUrl\":\"https:\/\/skaitytaknyga.lt\/wp-content\/uploads\/2024\/06\/Be-pavadinimo-4.png\",\"datePublished\":\"2024-06-14T12:12:02+00:00\",\"dateModified\":\"2025-10-30T16:34:46+00:00\",\"description\":\"Nuo sen\u0173 senov\u0117s v\u0117liavos lydi svarbiausius \u017emonijos istorijos \u012fvykius. Net ir \u0161iandien jos neprarado savo reik\u0161m\u0117s pa\u010diose \u012fvairiausiose gyvenimo srityse. I\u0161 kur atsirado v\u0117liavos? Kaip kito j\u0173 i\u0161vaizda ir paskirtis? Profesionali \u017eurnalist\u0117\u00a0Lioba Schafnitzl\u00a0\u0161ioje knygoje supa\u017eindina su ilga ir intriguojan\u010dia v\u0117liav\u0173 istorija, paai\u0161kina j\u0173 reik\u0161m\u0119 \u0161i\u0173 dien\u0173 valstybei, ba\u017eny\u010diai, laivininkystei bei sportui, pasakoja, kaip v\u0117liavos kuriamos, gaminamos, restauruojamos ir dar daug kit\u0173 \u012fdomi\u0173 dalyk\u0173. Veksilologijos \u017einovas\u00a0Harry D. Schurdel\u00a0v\u0117liav\u0173 \u017eodyne pateikia vis\u0173 193 pasaulio valstybi\u0173 dabartines valstybines v\u0117liavas ir suteikia \u012fdomios informacijos apie j\u0173 spalv\u0173 bei simboli\u0173 reik\u0161m\u0119.\",\"breadcrumb\":{\"@id\":\"https:\/\/skaitytaknyga.lt\/produktas\/kas-yra-kas-veliavos\/#breadcrumb\"},\"inLanguage\":\"en-GB\",\"potentialAction\":[{\"@type\":\"ReadAction\",\"target\":[\"https:\/\/skaitytaknyga.lt\/produktas\/kas-yra-kas-veliavos\/\"]}]},{\"@type\":\"ImageObject\",\"inLanguage\":\"en-GB\",\"@id\":\"https:\/\/skaitytaknyga.lt\/produktas\/kas-yra-kas-veliavos\/#primaryimage\",\"url\":\"https:\/\/skaitytaknyga.lt\/wp-content\/uploads\/2024\/06\/Be-pavadinimo-4.png\",\"contentUrl\":\"https:\/\/skaitytaknyga.lt\/wp-content\/uploads\/2024\/06\/Be-pavadinimo-4.png\",\"width\":339,\"height\":472,\"caption\":\"v\u0117liavos\"},{\"@type\":\"BreadcrumbList\",\"@id\":\"https:\/\/skaitytaknyga.lt\/produktas\/kas-yra-kas-veliavos\/#breadcrumb\",\"itemListElement\":[{\"@type\":\"ListItem\",\"position\":1,\"name\":\"Home\",\"item\":\"https:\/\/skaitytaknyga.lt\/\"},{\"@type\":\"ListItem\",\"position\":2,\"name\":\"Parduotuv\u0117\",\"item\":\"https:\/\/skaitytaknyga.lt\/knygu-parduotuve\/\"},{\"@type\":\"ListItem\",\"position\":3,\"name\":\"Kas yra kas. V\u0117liavos\"}]},{\"@type\":\"WebSite\",\"@id\":\"https:\/\/skaitytaknyga.lt\/#website\",\"url\":\"https:\/\/skaitytaknyga.lt\/\",\"name\":\"skaitytaknyga.lt\",\"description\":\"Skaitytaknyga.lt \u2013 tai ma\u017eas \u0161eimos verslas, kuris prasid\u0117jo nuo meil\u0117s knygoms ir siekio i\u0161gelb\u0117ti knygas nuo likimo prie konteinerio. Kas vienam nereikalingas daiktas \u2013 kitam lobis, o mes esame tarpininkai, kurie padeda abiems tapti laimingesniems ???? \u017dinome kaip nelengva i\u0161gyventi ma\u017eiems verslams, tad nuo \u0161iol, \u010dia rasite ir kit\u0173, ma\u017e\u0173 \u0161eim\u0173 versl\u0173, rank\u0173 darbo, dovan\u0173 sau ir artimiesiems.\",\"publisher\":{\"@id\":\"https:\/\/skaitytaknyga.lt\/#organization\"},\"potentialAction\":[{\"@type\":\"SearchAction\",\"target\":{\"@type\":\"EntryPoint\",\"urlTemplate\":\"https:\/\/skaitytaknyga.lt\/?s={search_term_string}\"},\"query-input\":{\"@type\":\"PropertyValueSpecification\",\"valueRequired\":true,\"valueName\":\"search_term_string\"}}],\"inLanguage\":\"en-GB\"},{\"@type\":\"Organization\",\"@id\":\"https:\/\/skaitytaknyga.lt\/#organization\",\"name\":\"skaitytaknyga.lt\",\"url\":\"https:\/\/skaitytaknyga.lt\/\",\"logo\":{\"@type\":\"ImageObject\",\"inLanguage\":\"en-GB\",\"@id\":\"https:\/\/skaitytaknyga.lt\/#\/schema\/logo\/image\/\",\"url\":\"https:\/\/skaitytaknyga.lt\/wp-content\/uploads\/2024\/05\/cropped-cropped-cropped-02_00843_jt3bggkj1j3HLc7SyY6rEUpg.jpeg\",\"contentUrl\":\"https:\/\/skaitytaknyga.lt\/wp-content\/uploads\/2024\/05\/cropped-cropped-cropped-02_00843_jt3bggkj1j3HLc7SyY6rEUpg.jpeg\",\"width\":1600,\"height\":1600,\"caption\":\"skaitytaknyga.lt\"},\"image\":{\"@id\":\"https:\/\/skaitytaknyga.lt\/#\/schema\/logo\/image\/\"},\"sameAs\":[\"https:\/\/www.facebook.com\/skaitytaknyga\/\"]}]}<\/script>\n<!-- \/ Yoast SEO plugin. -->","yoast_head_json":{"title":"Kas yra kas. V\u0117liavos","description":"Nuo sen\u0173 senov\u0117s v\u0117liavos lydi svarbiausius \u017emonijos istorijos \u012fvykius. Net ir \u0161iandien jos neprarado savo reik\u0161m\u0117s pa\u010diose \u012fvairiausiose gyvenimo srityse. I\u0161 kur atsirado v\u0117liavos? Kaip kito j\u0173 i\u0161vaizda ir paskirtis? Profesionali \u017eurnalist\u0117\u00a0Lioba Schafnitzl\u00a0\u0161ioje knygoje supa\u017eindina su ilga ir intriguojan\u010dia v\u0117liav\u0173 istorija, paai\u0161kina j\u0173 reik\u0161m\u0119 \u0161i\u0173 dien\u0173 valstybei, ba\u017eny\u010diai, laivininkystei bei sportui, pasakoja, kaip v\u0117liavos kuriamos, gaminamos, restauruojamos ir dar daug kit\u0173 \u012fdomi\u0173 dalyk\u0173. Veksilologijos \u017einovas\u00a0Harry D. Schurdel\u00a0v\u0117liav\u0173 \u017eodyne pateikia vis\u0173 193 pasaulio valstybi\u0173 dabartines valstybines v\u0117liavas ir suteikia \u012fdomios informacijos apie j\u0173 spalv\u0173 bei simboli\u0173 reik\u0161m\u0119.","robots":{"index":"index","follow":"follow","max-snippet":"max-snippet:-1","max-image-preview":"max-image-preview:large","max-video-preview":"max-video-preview:-1"},"canonical":"https:\/\/skaitytaknyga.lt\/en\/produktas\/kas-yra-kas-veliavos\/","og_locale":"en_GB","og_type":"article","og_title":"[:lt]Kas yra kas. V\u0117liavos[:] - Skaitytaknyga","og_description":"Nuo sen\u0173 senov\u0117s v\u0117liavos lydi svarbiausius \u017emonijos istorijos \u012fvykius. Net ir \u0161iandien jos neprarado savo reik\u0161m\u0117s pa\u010diose \u012fvairiausiose gyvenimo srityse. I\u0161 kur atsirado v\u0117liavos? Kaip kito j\u0173 i\u0161vaizda ir paskirtis? Profesionali \u017eurnalist\u0117\u00a0Lioba Schafnitzl\u00a0\u0161ioje knygoje supa\u017eindina su ilga ir intriguojan\u010dia v\u0117liav\u0173 istorija, paai\u0161kina j\u0173 reik\u0161m\u0119 \u0161i\u0173 dien\u0173 valstybei, ba\u017eny\u010diai, laivininkystei bei sportui, pasakoja, kaip v\u0117liavos kuriamos, gaminamos, restauruojamos ir dar daug kit\u0173 \u012fdomi\u0173 dalyk\u0173. Veksilologijos \u017einovas\u00a0Harry D. Schurdel\u00a0v\u0117liav\u0173 \u017eodyne pateikia vis\u0173 193 pasaulio valstybi\u0173 dabartines valstybines v\u0117liavas ir suteikia \u012fdomios informacijos apie j\u0173 spalv\u0173 bei simboli\u0173 reik\u0161m\u0119.","og_url":"https:\/\/skaitytaknyga.lt\/en\/produktas\/kas-yra-kas-veliavos\/","og_site_name":"Skaitytaknyga","article_publisher":"https:\/\/www.facebook.com\/skaitytaknyga\/","article_modified_time":"2025-10-30T16:34:46+00:00","og_image":[{"width":339,"height":472,"url":"https:\/\/skaitytaknyga.lt\/wp-content\/uploads\/2024\/06\/Be-pavadinimo-4.png","type":"image\/png"}],"twitter_card":"summary_large_image","schema":{"@context":"https:\/\/schema.org","@graph":[{"@type":"WebPage","@id":"https:\/\/skaitytaknyga.lt\/produktas\/kas-yra-kas-veliavos\/","url":"https:\/\/skaitytaknyga.lt\/produktas\/kas-yra-kas-veliavos\/","name":"Kas yra kas. V\u0117liavos","isPartOf":{"@id":"https:\/\/skaitytaknyga.lt\/#website"},"primaryImageOfPage":{"@id":"https:\/\/skaitytaknyga.lt\/produktas\/kas-yra-kas-veliavos\/#primaryimage"},"image":{"@id":"https:\/\/skaitytaknyga.lt\/produktas\/kas-yra-kas-veliavos\/#primaryimage"},"thumbnailUrl":"https:\/\/skaitytaknyga.lt\/wp-content\/uploads\/2024\/06\/Be-pavadinimo-4.png","datePublished":"2024-06-14T12:12:02+00:00","dateModified":"2025-10-30T16:34:46+00:00","description":"Nuo sen\u0173 senov\u0117s v\u0117liavos lydi svarbiausius \u017emonijos istorijos \u012fvykius. Net ir \u0161iandien jos neprarado savo reik\u0161m\u0117s pa\u010diose \u012fvairiausiose gyvenimo srityse. I\u0161 kur atsirado v\u0117liavos? Kaip kito j\u0173 i\u0161vaizda ir paskirtis? Profesionali \u017eurnalist\u0117\u00a0Lioba Schafnitzl\u00a0\u0161ioje knygoje supa\u017eindina su ilga ir intriguojan\u010dia v\u0117liav\u0173 istorija, paai\u0161kina j\u0173 reik\u0161m\u0119 \u0161i\u0173 dien\u0173 valstybei, ba\u017eny\u010diai, laivininkystei bei sportui, pasakoja, kaip v\u0117liavos kuriamos, gaminamos, restauruojamos ir dar daug kit\u0173 \u012fdomi\u0173 dalyk\u0173. Veksilologijos \u017einovas\u00a0Harry D. Schurdel\u00a0v\u0117liav\u0173 \u017eodyne pateikia vis\u0173 193 pasaulio valstybi\u0173 dabartines valstybines v\u0117liavas ir suteikia \u012fdomios informacijos apie j\u0173 spalv\u0173 bei simboli\u0173 reik\u0161m\u0119.","breadcrumb":{"@id":"https:\/\/skaitytaknyga.lt\/produktas\/kas-yra-kas-veliavos\/#breadcrumb"},"inLanguage":"en-GB","potentialAction":[{"@type":"ReadAction","target":["https:\/\/skaitytaknyga.lt\/produktas\/kas-yra-kas-veliavos\/"]}]},{"@type":"ImageObject","inLanguage":"en-GB","@id":"https:\/\/skaitytaknyga.lt\/produktas\/kas-yra-kas-veliavos\/#primaryimage","url":"https:\/\/skaitytaknyga.lt\/wp-content\/uploads\/2024\/06\/Be-pavadinimo-4.png","contentUrl":"https:\/\/skaitytaknyga.lt\/wp-content\/uploads\/2024\/06\/Be-pavadinimo-4.png","width":339,"height":472,"caption":"v\u0117liavos"},{"@type":"BreadcrumbList","@id":"https:\/\/skaitytaknyga.lt\/produktas\/kas-yra-kas-veliavos\/#breadcrumb","itemListElement":[{"@type":"ListItem","position":1,"name":"Home","item":"https:\/\/skaitytaknyga.lt\/"},{"@type":"ListItem","position":2,"name":"Parduotuv\u0117","item":"https:\/\/skaitytaknyga.lt\/knygu-parduotuve\/"},{"@type":"ListItem","position":3,"name":"Kas yra kas. V\u0117liavos"}]},{"@type":"WebSite","@id":"https:\/\/skaitytaknyga.lt\/#website","url":"https:\/\/skaitytaknyga.lt\/","name":"skaitytaknyga.lt","description":"Skaitytaknyga.lt \u2013 tai ma\u017eas \u0161eimos verslas, kuris prasid\u0117jo nuo meil\u0117s knygoms ir siekio i\u0161gelb\u0117ti knygas nuo likimo prie konteinerio. Kas vienam nereikalingas daiktas \u2013 kitam lobis, o mes esame tarpininkai, kurie padeda abiems tapti laimingesniems ???? \u017dinome kaip nelengva i\u0161gyventi ma\u017eiems verslams, tad nuo \u0161iol, \u010dia rasite ir kit\u0173, ma\u017e\u0173 \u0161eim\u0173 versl\u0173, rank\u0173 darbo, dovan\u0173 sau ir artimiesiems.","publisher":{"@id":"https:\/\/skaitytaknyga.lt\/#organization"},"potentialAction":[{"@type":"SearchAction","target":{"@type":"EntryPoint","urlTemplate":"https:\/\/skaitytaknyga.lt\/?s={search_term_string}"},"query-input":{"@type":"PropertyValueSpecification","valueRequired":true,"valueName":"search_term_string"}}],"inLanguage":"en-GB"},{"@type":"Organization","@id":"https:\/\/skaitytaknyga.lt\/#organization","name":"skaitytaknyga.lt","url":"https:\/\/skaitytaknyga.lt\/","logo":{"@type":"ImageObject","inLanguage":"en-GB","@id":"https:\/\/skaitytaknyga.lt\/#\/schema\/logo\/image\/","url":"https:\/\/skaitytaknyga.lt\/wp-content\/uploads\/2024\/05\/cropped-cropped-cropped-02_00843_jt3bggkj1j3HLc7SyY6rEUpg.jpeg","contentUrl":"https:\/\/skaitytaknyga.lt\/wp-content\/uploads\/2024\/05\/cropped-cropped-cropped-02_00843_jt3bggkj1j3HLc7SyY6rEUpg.jpeg","width":1600,"height":1600,"caption":"skaitytaknyga.lt"},"image":{"@id":"https:\/\/skaitytaknyga.lt\/#\/schema\/logo\/image\/"},"sameAs":["https:\/\/www.facebook.com\/skaitytaknyga\/"]}]}},"_links":{"self":[{"href":"https:\/\/skaitytaknyga.lt\/en\/wp-json\/wp\/v2\/product\/12056","targetHints":{"allow":["GET"]}}],"collection":[{"href":"https:\/\/skaitytaknyga.lt\/en\/wp-json\/wp\/v2\/product"}],"about":[{"href":"https:\/\/skaitytaknyga.lt\/en\/wp-json\/wp\/v2\/types\/product"}],"replies":[{"embeddable":true,"href":"https:\/\/skaitytaknyga.lt\/en\/wp-json\/wp\/v2\/comments?post=12056"}],"wp:featuredmedia":[{"embeddable":true,"href":"https:\/\/skaitytaknyga.lt\/en\/wp-json\/wp\/v2\/media\/12057"}],"wp:attachment":[{"href":"https:\/\/skaitytaknyga.lt\/en\/wp-json\/wp\/v2\/media?parent=12056"}],"wp:term":[{"taxonomy":"product_brand","embeddable":true,"href":"https:\/\/skaitytaknyga.lt\/en\/wp-json\/wp\/v2\/product_brand?post=12056"},{"taxonomy":"product_cat","embeddable":true,"href":"https:\/\/skaitytaknyga.lt\/en\/wp-json\/wp\/v2\/product_cat?post=12056"},{"taxonomy":"product_tag","embeddable":true,"href":"https:\/\/skaitytaknyga.lt\/en\/wp-json\/wp\/v2\/product_tag?post=12056"}],"curies":[{"name":"wp","href":"https:\/\/api.w.org\/{rel}","templated":true}]}}