{"id":12054,"date":"2024-06-14T12:10:11","date_gmt":"2024-06-14T12:10:11","guid":{"rendered":"https:\/\/skaitytaknyga.lt\/?post_type=product&#038;p=12054"},"modified":"2024-06-14T16:17:02","modified_gmt":"2024-06-14T16:17:02","slug":"kas-yra-kas-pasaulio-religijos","status":"publish","type":"product","link":"https:\/\/skaitytaknyga.lt\/en\/produktas\/kas-yra-kas-pasaulio-religijos\/","title":{"rendered":"Kas yra kas. Pasaulio religijos"},"content":{"rendered":"","protected":false},"excerpt":{"rendered":"<p>Dar viena serijos \u201eKas yra kas\u201c knyga, kurioje apra\u0161omos penkios pagrindin\u0117s religijos \u2013 judaizmas, krik\u0161\u010dionyb\u0117, islamas, hinduizmas ir budizmas.<\/p>\n<p>Knygos autoriai dalyki\u0161kai ir ne\u0161ali\u0161kai supa\u017eindina su \u0161iais tik\u0117jimais, ai\u0161kina j\u0173 pana\u0161umus, skirtumus ir ypatybes.<\/p>\n<p>\u0160i knyga skatina tolerancij\u0105: tik\u0117jimas gali \u012fgauti \u012fvairias formas ir i\u0161rai\u0161kos priemones, ta\u010diau pagrindinis \u017emoni\u0173 tro\u0161kimas \u2013 gyvenimo prasm\u0117s ie\u0161kojimas ir bendravimas su aplinkiniais \u2013 visuomet i\u0161lieka.<\/p>\n","protected":false},"featured_media":12055,"comment_status":"open","ping_status":"closed","template":"","meta":{"_acf_changed":false,"site-sidebar-layout":"default","site-content-layout":"","ast-site-content-layout":"default","site-content-style":"default","site-sidebar-style":"default","ast-global-header-display":"","ast-banner-title-visibility":"","ast-main-header-display":"","ast-hfb-above-header-display":"","ast-hfb-below-header-display":"","ast-hfb-mobile-header-display":"","site-post-title":"","ast-breadcrumbs-content":"","ast-featured-img":"","footer-sml-layout":"","ast-disable-related-posts":"","theme-transparent-header-meta":"","adv-header-id-meta":"","stick-header-meta":"","header-above-stick-meta":"","header-main-stick-meta":"","header-below-stick-meta":"","astra-migrate-meta-layouts":"default","ast-page-background-enabled":"default","ast-page-background-meta":{"desktop":{"background-color":"","background-image":"","background-repeat":"repeat","background-position":"center center","background-size":"auto","background-attachment":"scroll","background-type":"","background-media":"","overlay-type":"","overlay-color":"","overlay-opacity":"","overlay-gradient":""},"tablet":{"background-color":"","background-image":"","background-repeat":"repeat","background-position":"center center","background-size":"auto","background-attachment":"scroll","background-type":"","background-media":"","overlay-type":"","overlay-color":"","overlay-opacity":"","overlay-gradient":""},"mobile":{"background-color":"","background-image":"","background-repeat":"repeat","background-position":"center center","background-size":"auto","background-attachment":"scroll","background-type":"","background-media":"","overlay-type":"","overlay-color":"","overlay-opacity":"","overlay-gradient":""}},"ast-content-background-meta":{"desktop":{"background-color":"var(--ast-global-color-4)","background-image":"","background-repeat":"repeat","background-position":"center center","background-size":"auto","background-attachment":"scroll","background-type":"","background-media":"","overlay-type":"","overlay-color":"","overlay-opacity":"","overlay-gradient":""},"tablet":{"background-color":"var(--ast-global-color-4)","background-image":"","background-repeat":"repeat","background-position":"center center","background-size":"auto","background-attachment":"scroll","background-type":"","background-media":"","overlay-type":"","overlay-color":"","overlay-opacity":"","overlay-gradient":""},"mobile":{"background-color":"var(--ast-global-color-4)","background-image":"","background-repeat":"repeat","background-position":"center center","background-size":"auto","background-attachment":"scroll","background-type":"","background-media":"","overlay-type":"","overlay-color":"","overlay-opacity":"","overlay-gradient":""}}},"product_brand":[],"product_cat":[1023,165,35],"product_tag":[389],"class_list":{"0":"post-12054","1":"product","2":"type-product","3":"status-publish","4":"has-post-thumbnail","6":"product_cat-kas-yra-kas","7":"product_cat-religija-filosofija-ir-ezoterika","8":"product_cat-vaikams-ir-paaugliams","9":"product_tag-kas-yra-kas","10":"desktop-align-left","11":"tablet-align-left","12":"mobile-align-left","14":"first","15":"instock","16":"shipping-taxable","17":"purchasable","18":"product-type-simple"},"acf":[],"yoast_head":"<!-- This site is optimized with the Yoast SEO plugin v27.0 - https:\/\/yoast.com\/product\/yoast-seo-wordpress\/ -->\n<title>Kas yra kas. Pasaulio religijos - Skaitytaknyga<\/title>\n<meta name=\"description\" content=\"Dar viena serijos \u201eKas yra kas\u201c knyga, kurioje apra\u0161omos penkios pagrindin\u0117s religijos \u2013 judaizmas, krik\u0161\u010dionyb\u0117, islamas, hinduizmas ir budizmas.  Knygos autoriai dalyki\u0161kai ir ne\u0161ali\u0161kai supa\u017eindina su \u0161iais tik\u0117jimais, ai\u0161kina j\u0173 pana\u0161umus, skirtumus ir ypatybes.  \u0160i knyga skatina tolerancij\u0105: tik\u0117jimas gali \u012fgauti \u012fvairias formas ir i\u0161rai\u0161kos priemones, ta\u010diau pagrindinis \u017emoni\u0173 tro\u0161kimas \u2013 gyvenimo prasm\u0117s ie\u0161kojimas ir bendravimas su aplinkiniais \u2013 visuomet i\u0161lieka.\" \/>\n<meta name=\"robots\" content=\"index, follow, max-snippet:-1, max-image-preview:large, max-video-preview:-1\" \/>\n<link rel=\"canonical\" href=\"https:\/\/skaitytaknyga.lt\/en\/produktas\/kas-yra-kas-pasaulio-religijos\/\" \/>\n<meta property=\"og:locale\" content=\"en_GB\" \/>\n<meta property=\"og:locale:alternate\" content=\"lt_LT\" \/>\n<meta property=\"og:type\" content=\"article\" \/>\n<meta property=\"og:title\" content=\"Kas yra kas. Pasaulio religijos - Skaitytaknyga\" \/>\n<meta property=\"og:description\" content=\"Dar viena serijos \u201eKas yra kas\u201c knyga, kurioje apra\u0161omos penkios pagrindin\u0117s religijos \u2013 judaizmas, krik\u0161\u010dionyb\u0117, islamas, hinduizmas ir budizmas.  Knygos autoriai dalyki\u0161kai ir ne\u0161ali\u0161kai supa\u017eindina su \u0161iais tik\u0117jimais, ai\u0161kina j\u0173 pana\u0161umus, skirtumus ir ypatybes.  \u0160i knyga skatina tolerancij\u0105: tik\u0117jimas gali \u012fgauti \u012fvairias formas ir i\u0161rai\u0161kos priemones, ta\u010diau pagrindinis \u017emoni\u0173 tro\u0161kimas \u2013 gyvenimo prasm\u0117s ie\u0161kojimas ir bendravimas su aplinkiniais \u2013 visuomet i\u0161lieka.\" \/>\n<meta property=\"og:url\" content=\"https:\/\/skaitytaknyga.lt\/en\/produktas\/kas-yra-kas-pasaulio-religijos\/\" \/>\n<meta property=\"og:site_name\" content=\"Skaitytaknyga\" \/>\n<meta property=\"article:publisher\" content=\"https:\/\/www.facebook.com\/skaitytaknyga\/\" \/>\n<meta property=\"article:modified_time\" content=\"2024-06-14T16:17:02+00:00\" \/>\n<meta property=\"og:image\" content=\"https:\/\/skaitytaknyga.lt\/wp-content\/uploads\/2024\/06\/Be-pavadinimo-3.png\" \/>\n\t<meta property=\"og:image:width\" content=\"342\" \/>\n\t<meta property=\"og:image:height\" content=\"470\" \/>\n\t<meta property=\"og:image:type\" content=\"image\/png\" \/>\n<meta name=\"twitter:card\" content=\"summary_large_image\" \/>\n<script type=\"application\/ld+json\" class=\"yoast-schema-graph\">{\"@context\":\"https:\/\/schema.org\",\"@graph\":[{\"@type\":\"WebPage\",\"@id\":\"https:\/\/skaitytaknyga.lt\/produktas\/kas-yra-kas-pasaulio-religijos\/\",\"url\":\"https:\/\/skaitytaknyga.lt\/produktas\/kas-yra-kas-pasaulio-religijos\/\",\"name\":\"Kas yra kas. Pasaulio religijos - Skaitytaknyga\",\"isPartOf\":{\"@id\":\"https:\/\/skaitytaknyga.lt\/#website\"},\"primaryImageOfPage\":{\"@id\":\"https:\/\/skaitytaknyga.lt\/produktas\/kas-yra-kas-pasaulio-religijos\/#primaryimage\"},\"image\":{\"@id\":\"https:\/\/skaitytaknyga.lt\/produktas\/kas-yra-kas-pasaulio-religijos\/#primaryimage\"},\"thumbnailUrl\":\"https:\/\/skaitytaknyga.lt\/wp-content\/uploads\/2024\/06\/Be-pavadinimo-3.png\",\"datePublished\":\"2024-06-14T12:10:11+00:00\",\"dateModified\":\"2024-06-14T16:17:02+00:00\",\"description\":\"Dar viena serijos \u201eKas yra kas\u201c knyga, kurioje apra\u0161omos penkios pagrindin\u0117s religijos \u2013 judaizmas, krik\u0161\u010dionyb\u0117, islamas, hinduizmas ir budizmas. Knygos autoriai dalyki\u0161kai ir ne\u0161ali\u0161kai supa\u017eindina su \u0161iais tik\u0117jimais, ai\u0161kina j\u0173 pana\u0161umus, skirtumus ir ypatybes. \u0160i knyga skatina tolerancij\u0105: tik\u0117jimas gali \u012fgauti \u012fvairias formas ir i\u0161rai\u0161kos priemones, ta\u010diau pagrindinis \u017emoni\u0173 tro\u0161kimas \u2013 gyvenimo prasm\u0117s ie\u0161kojimas ir bendravimas su aplinkiniais \u2013 visuomet i\u0161lieka.\",\"breadcrumb\":{\"@id\":\"https:\/\/skaitytaknyga.lt\/produktas\/kas-yra-kas-pasaulio-religijos\/#breadcrumb\"},\"inLanguage\":\"en-GB\",\"potentialAction\":[{\"@type\":\"ReadAction\",\"target\":[\"https:\/\/skaitytaknyga.lt\/produktas\/kas-yra-kas-pasaulio-religijos\/\"]}]},{\"@type\":\"ImageObject\",\"inLanguage\":\"en-GB\",\"@id\":\"https:\/\/skaitytaknyga.lt\/produktas\/kas-yra-kas-pasaulio-religijos\/#primaryimage\",\"url\":\"https:\/\/skaitytaknyga.lt\/wp-content\/uploads\/2024\/06\/Be-pavadinimo-3.png\",\"contentUrl\":\"https:\/\/skaitytaknyga.lt\/wp-content\/uploads\/2024\/06\/Be-pavadinimo-3.png\",\"width\":342,\"height\":470},{\"@type\":\"BreadcrumbList\",\"@id\":\"https:\/\/skaitytaknyga.lt\/produktas\/kas-yra-kas-pasaulio-religijos\/#breadcrumb\",\"itemListElement\":[{\"@type\":\"ListItem\",\"position\":1,\"name\":\"Home\",\"item\":\"https:\/\/skaitytaknyga.lt\/\"},{\"@type\":\"ListItem\",\"position\":2,\"name\":\"Parduotuv\u0117\",\"item\":\"https:\/\/skaitytaknyga.lt\/knygu-parduotuve\/\"},{\"@type\":\"ListItem\",\"position\":3,\"name\":\"Kas yra kas. Pasaulio religijos\"}]},{\"@type\":\"WebSite\",\"@id\":\"https:\/\/skaitytaknyga.lt\/#website\",\"url\":\"https:\/\/skaitytaknyga.lt\/\",\"name\":\"skaitytaknyga.lt\",\"description\":\"Skaitytaknyga.lt \u2013 tai ma\u017eas \u0161eimos verslas, kuris prasid\u0117jo nuo meil\u0117s knygoms ir siekio i\u0161gelb\u0117ti knygas nuo likimo prie konteinerio. Kas vienam nereikalingas daiktas \u2013 kitam lobis, o mes esame tarpininkai, kurie padeda abiems tapti laimingesniems ???? \u017dinome kaip nelengva i\u0161gyventi ma\u017eiems verslams, tad nuo \u0161iol, \u010dia rasite ir kit\u0173, ma\u017e\u0173 \u0161eim\u0173 versl\u0173, rank\u0173 darbo, dovan\u0173 sau ir artimiesiems.\",\"publisher\":{\"@id\":\"https:\/\/skaitytaknyga.lt\/#organization\"},\"potentialAction\":[{\"@type\":\"SearchAction\",\"target\":{\"@type\":\"EntryPoint\",\"urlTemplate\":\"https:\/\/skaitytaknyga.lt\/?s={search_term_string}\"},\"query-input\":{\"@type\":\"PropertyValueSpecification\",\"valueRequired\":true,\"valueName\":\"search_term_string\"}}],\"inLanguage\":\"en-GB\"},{\"@type\":\"Organization\",\"@id\":\"https:\/\/skaitytaknyga.lt\/#organization\",\"name\":\"skaitytaknyga.lt\",\"url\":\"https:\/\/skaitytaknyga.lt\/\",\"logo\":{\"@type\":\"ImageObject\",\"inLanguage\":\"en-GB\",\"@id\":\"https:\/\/skaitytaknyga.lt\/#\/schema\/logo\/image\/\",\"url\":\"https:\/\/skaitytaknyga.lt\/wp-content\/uploads\/2024\/05\/cropped-cropped-cropped-02_00843_jt3bggkj1j3HLc7SyY6rEUpg.jpeg\",\"contentUrl\":\"https:\/\/skaitytaknyga.lt\/wp-content\/uploads\/2024\/05\/cropped-cropped-cropped-02_00843_jt3bggkj1j3HLc7SyY6rEUpg.jpeg\",\"width\":1600,\"height\":1600,\"caption\":\"skaitytaknyga.lt\"},\"image\":{\"@id\":\"https:\/\/skaitytaknyga.lt\/#\/schema\/logo\/image\/\"},\"sameAs\":[\"https:\/\/www.facebook.com\/skaitytaknyga\/\"]}]}<\/script>\n<!-- \/ Yoast SEO plugin. -->","yoast_head_json":{"title":"Kas yra kas. Pasaulio religijos - Skaitytaknyga","description":"Dar viena serijos \u201eKas yra kas\u201c knyga, kurioje apra\u0161omos penkios pagrindin\u0117s religijos \u2013 judaizmas, krik\u0161\u010dionyb\u0117, islamas, hinduizmas ir budizmas.  Knygos autoriai dalyki\u0161kai ir ne\u0161ali\u0161kai supa\u017eindina su \u0161iais tik\u0117jimais, ai\u0161kina j\u0173 pana\u0161umus, skirtumus ir ypatybes.  \u0160i knyga skatina tolerancij\u0105: tik\u0117jimas gali \u012fgauti \u012fvairias formas ir i\u0161rai\u0161kos priemones, ta\u010diau pagrindinis \u017emoni\u0173 tro\u0161kimas \u2013 gyvenimo prasm\u0117s ie\u0161kojimas ir bendravimas su aplinkiniais \u2013 visuomet i\u0161lieka.","robots":{"index":"index","follow":"follow","max-snippet":"max-snippet:-1","max-image-preview":"max-image-preview:large","max-video-preview":"max-video-preview:-1"},"canonical":"https:\/\/skaitytaknyga.lt\/en\/produktas\/kas-yra-kas-pasaulio-religijos\/","og_locale":"en_GB","og_type":"article","og_title":"Kas yra kas. Pasaulio religijos - Skaitytaknyga","og_description":"Dar viena serijos \u201eKas yra kas\u201c knyga, kurioje apra\u0161omos penkios pagrindin\u0117s religijos \u2013 judaizmas, krik\u0161\u010dionyb\u0117, islamas, hinduizmas ir budizmas.  Knygos autoriai dalyki\u0161kai ir ne\u0161ali\u0161kai supa\u017eindina su \u0161iais tik\u0117jimais, ai\u0161kina j\u0173 pana\u0161umus, skirtumus ir ypatybes.  \u0160i knyga skatina tolerancij\u0105: tik\u0117jimas gali \u012fgauti \u012fvairias formas ir i\u0161rai\u0161kos priemones, ta\u010diau pagrindinis \u017emoni\u0173 tro\u0161kimas \u2013 gyvenimo prasm\u0117s ie\u0161kojimas ir bendravimas su aplinkiniais \u2013 visuomet i\u0161lieka.","og_url":"https:\/\/skaitytaknyga.lt\/en\/produktas\/kas-yra-kas-pasaulio-religijos\/","og_site_name":"Skaitytaknyga","article_publisher":"https:\/\/www.facebook.com\/skaitytaknyga\/","article_modified_time":"2024-06-14T16:17:02+00:00","og_image":[{"width":342,"height":470,"url":"https:\/\/skaitytaknyga.lt\/wp-content\/uploads\/2024\/06\/Be-pavadinimo-3.png","type":"image\/png"}],"twitter_card":"summary_large_image","schema":{"@context":"https:\/\/schema.org","@graph":[{"@type":"WebPage","@id":"https:\/\/skaitytaknyga.lt\/produktas\/kas-yra-kas-pasaulio-religijos\/","url":"https:\/\/skaitytaknyga.lt\/produktas\/kas-yra-kas-pasaulio-religijos\/","name":"Kas yra kas. Pasaulio religijos - Skaitytaknyga","isPartOf":{"@id":"https:\/\/skaitytaknyga.lt\/#website"},"primaryImageOfPage":{"@id":"https:\/\/skaitytaknyga.lt\/produktas\/kas-yra-kas-pasaulio-religijos\/#primaryimage"},"image":{"@id":"https:\/\/skaitytaknyga.lt\/produktas\/kas-yra-kas-pasaulio-religijos\/#primaryimage"},"thumbnailUrl":"https:\/\/skaitytaknyga.lt\/wp-content\/uploads\/2024\/06\/Be-pavadinimo-3.png","datePublished":"2024-06-14T12:10:11+00:00","dateModified":"2024-06-14T16:17:02+00:00","description":"Dar viena serijos \u201eKas yra kas\u201c knyga, kurioje apra\u0161omos penkios pagrindin\u0117s religijos \u2013 judaizmas, krik\u0161\u010dionyb\u0117, islamas, hinduizmas ir budizmas. Knygos autoriai dalyki\u0161kai ir ne\u0161ali\u0161kai supa\u017eindina su \u0161iais tik\u0117jimais, ai\u0161kina j\u0173 pana\u0161umus, skirtumus ir ypatybes. \u0160i knyga skatina tolerancij\u0105: tik\u0117jimas gali \u012fgauti \u012fvairias formas ir i\u0161rai\u0161kos priemones, ta\u010diau pagrindinis \u017emoni\u0173 tro\u0161kimas \u2013 gyvenimo prasm\u0117s ie\u0161kojimas ir bendravimas su aplinkiniais \u2013 visuomet i\u0161lieka.","breadcrumb":{"@id":"https:\/\/skaitytaknyga.lt\/produktas\/kas-yra-kas-pasaulio-religijos\/#breadcrumb"},"inLanguage":"en-GB","potentialAction":[{"@type":"ReadAction","target":["https:\/\/skaitytaknyga.lt\/produktas\/kas-yra-kas-pasaulio-religijos\/"]}]},{"@type":"ImageObject","inLanguage":"en-GB","@id":"https:\/\/skaitytaknyga.lt\/produktas\/kas-yra-kas-pasaulio-religijos\/#primaryimage","url":"https:\/\/skaitytaknyga.lt\/wp-content\/uploads\/2024\/06\/Be-pavadinimo-3.png","contentUrl":"https:\/\/skaitytaknyga.lt\/wp-content\/uploads\/2024\/06\/Be-pavadinimo-3.png","width":342,"height":470},{"@type":"BreadcrumbList","@id":"https:\/\/skaitytaknyga.lt\/produktas\/kas-yra-kas-pasaulio-religijos\/#breadcrumb","itemListElement":[{"@type":"ListItem","position":1,"name":"Home","item":"https:\/\/skaitytaknyga.lt\/"},{"@type":"ListItem","position":2,"name":"Parduotuv\u0117","item":"https:\/\/skaitytaknyga.lt\/knygu-parduotuve\/"},{"@type":"ListItem","position":3,"name":"Kas yra kas. Pasaulio religijos"}]},{"@type":"WebSite","@id":"https:\/\/skaitytaknyga.lt\/#website","url":"https:\/\/skaitytaknyga.lt\/","name":"skaitytaknyga.lt","description":"Skaitytaknyga.lt \u2013 tai ma\u017eas \u0161eimos verslas, kuris prasid\u0117jo nuo meil\u0117s knygoms ir siekio i\u0161gelb\u0117ti knygas nuo likimo prie konteinerio. Kas vienam nereikalingas daiktas \u2013 kitam lobis, o mes esame tarpininkai, kurie padeda abiems tapti laimingesniems ???? \u017dinome kaip nelengva i\u0161gyventi ma\u017eiems verslams, tad nuo \u0161iol, \u010dia rasite ir kit\u0173, ma\u017e\u0173 \u0161eim\u0173 versl\u0173, rank\u0173 darbo, dovan\u0173 sau ir artimiesiems.","publisher":{"@id":"https:\/\/skaitytaknyga.lt\/#organization"},"potentialAction":[{"@type":"SearchAction","target":{"@type":"EntryPoint","urlTemplate":"https:\/\/skaitytaknyga.lt\/?s={search_term_string}"},"query-input":{"@type":"PropertyValueSpecification","valueRequired":true,"valueName":"search_term_string"}}],"inLanguage":"en-GB"},{"@type":"Organization","@id":"https:\/\/skaitytaknyga.lt\/#organization","name":"skaitytaknyga.lt","url":"https:\/\/skaitytaknyga.lt\/","logo":{"@type":"ImageObject","inLanguage":"en-GB","@id":"https:\/\/skaitytaknyga.lt\/#\/schema\/logo\/image\/","url":"https:\/\/skaitytaknyga.lt\/wp-content\/uploads\/2024\/05\/cropped-cropped-cropped-02_00843_jt3bggkj1j3HLc7SyY6rEUpg.jpeg","contentUrl":"https:\/\/skaitytaknyga.lt\/wp-content\/uploads\/2024\/05\/cropped-cropped-cropped-02_00843_jt3bggkj1j3HLc7SyY6rEUpg.jpeg","width":1600,"height":1600,"caption":"skaitytaknyga.lt"},"image":{"@id":"https:\/\/skaitytaknyga.lt\/#\/schema\/logo\/image\/"},"sameAs":["https:\/\/www.facebook.com\/skaitytaknyga\/"]}]}},"_links":{"self":[{"href":"https:\/\/skaitytaknyga.lt\/en\/wp-json\/wp\/v2\/product\/12054","targetHints":{"allow":["GET"]}}],"collection":[{"href":"https:\/\/skaitytaknyga.lt\/en\/wp-json\/wp\/v2\/product"}],"about":[{"href":"https:\/\/skaitytaknyga.lt\/en\/wp-json\/wp\/v2\/types\/product"}],"replies":[{"embeddable":true,"href":"https:\/\/skaitytaknyga.lt\/en\/wp-json\/wp\/v2\/comments?post=12054"}],"wp:featuredmedia":[{"embeddable":true,"href":"https:\/\/skaitytaknyga.lt\/en\/wp-json\/wp\/v2\/media\/12055"}],"wp:attachment":[{"href":"https:\/\/skaitytaknyga.lt\/en\/wp-json\/wp\/v2\/media?parent=12054"}],"wp:term":[{"taxonomy":"product_brand","embeddable":true,"href":"https:\/\/skaitytaknyga.lt\/en\/wp-json\/wp\/v2\/product_brand?post=12054"},{"taxonomy":"product_cat","embeddable":true,"href":"https:\/\/skaitytaknyga.lt\/en\/wp-json\/wp\/v2\/product_cat?post=12054"},{"taxonomy":"product_tag","embeddable":true,"href":"https:\/\/skaitytaknyga.lt\/en\/wp-json\/wp\/v2\/product_tag?post=12054"}],"curies":[{"name":"wp","href":"https:\/\/api.w.org\/{rel}","templated":true}]}}