{"id":12050,"date":"2024-06-12T12:21:44","date_gmt":"2024-06-12T12:21:44","guid":{"rendered":"https:\/\/skaitytaknyga.lt\/?post_type=product&#038;p=12050"},"modified":"2024-06-12T12:23:06","modified_gmt":"2024-06-12T12:23:06","slug":"sophie-collins-kodel-mano-suo-taip-elgiasi","status":"publish","type":"product","link":"https:\/\/skaitytaknyga.lt\/en\/produktas\/sophie-collins-kodel-mano-suo-taip-elgiasi\/","title":{"rendered":"Sophie Collins \u201eKod\u0117l mano \u0161uo taip elgiasi?\u201c"},"content":{"rendered":"","protected":false},"excerpt":{"rendered":"<p>Kiekvienas \u0161uns \u0161eimininkas pripa\u017eins, kad kartu su nesavanaudi\u0161ka \u0161uns meile gavo ir problem\u0173, kurias \u201eatsine\u0161\u0117\u201c mielas augintinis. Kod\u0117l jis grau\u017eia batus, nors turi savo \u017eaisl\u0173, kod\u0117l piktai urzgia, kai m\u0117gini atsis\u0117sti \u012f m\u0117gstam\u0105 fotel\u012f, kod\u0117l neken\u010dia dviratinink\u0173 \u2013 tai tik keletas klausim\u0173, kurie neduoda ramyb\u0117s da\u017enam didelio ar ma\u017eo keturkojo \u0161eimininkui. \u0160i knyga pad\u0117s \u012fminti \u0161uns elgesio m\u012fsles ir suprantamai jam paai\u0161kinti savo norus.<\/p>\n","protected":false},"featured_media":12051,"comment_status":"closed","ping_status":"closed","template":"","meta":{"_acf_changed":false,"site-sidebar-layout":"default","site-content-layout":"","ast-site-content-layout":"default","site-content-style":"default","site-sidebar-style":"default","ast-global-header-display":"","ast-banner-title-visibility":"","ast-main-header-display":"","ast-hfb-above-header-display":"","ast-hfb-below-header-display":"","ast-hfb-mobile-header-display":"","site-post-title":"","ast-breadcrumbs-content":"","ast-featured-img":"","footer-sml-layout":"","ast-disable-related-posts":"","theme-transparent-header-meta":"","adv-header-id-meta":"","stick-header-meta":"","header-above-stick-meta":"","header-main-stick-meta":"","header-below-stick-meta":"","astra-migrate-meta-layouts":"default","ast-page-background-enabled":"default","ast-page-background-meta":{"desktop":{"background-color":"","background-image":"","background-repeat":"repeat","background-position":"center center","background-size":"auto","background-attachment":"scroll","background-type":"","background-media":"","overlay-type":"","overlay-color":"","overlay-opacity":"","overlay-gradient":""},"tablet":{"background-color":"","background-image":"","background-repeat":"repeat","background-position":"center center","background-size":"auto","background-attachment":"scroll","background-type":"","background-media":"","overlay-type":"","overlay-color":"","overlay-opacity":"","overlay-gradient":""},"mobile":{"background-color":"","background-image":"","background-repeat":"repeat","background-position":"center center","background-size":"auto","background-attachment":"scroll","background-type":"","background-media":"","overlay-type":"","overlay-color":"","overlay-opacity":"","overlay-gradient":""}},"ast-content-background-meta":{"desktop":{"background-color":"var(--ast-global-color-4)","background-image":"","background-repeat":"repeat","background-position":"center center","background-size":"auto","background-attachment":"scroll","background-type":"","background-media":"","overlay-type":"","overlay-color":"","overlay-opacity":"","overlay-gradient":""},"tablet":{"background-color":"var(--ast-global-color-4)","background-image":"","background-repeat":"repeat","background-position":"center center","background-size":"auto","background-attachment":"scroll","background-type":"","background-media":"","overlay-type":"","overlay-color":"","overlay-opacity":"","overlay-gradient":""},"mobile":{"background-color":"var(--ast-global-color-4)","background-image":"","background-repeat":"repeat","background-position":"center center","background-size":"auto","background-attachment":"scroll","background-type":"","background-media":"","overlay-type":"","overlay-color":"","overlay-opacity":"","overlay-gradient":""}}},"product_brand":[],"product_cat":[269],"product_tag":[],"class_list":{"0":"post-12050","1":"product","2":"type-product","3":"status-publish","4":"has-post-thumbnail","6":"product_cat-gamtos-mokslai","7":"desktop-align-left","8":"tablet-align-left","9":"mobile-align-left","11":"first","12":"instock","13":"shipping-taxable","14":"purchasable","15":"product-type-simple"},"acf":[],"yoast_head":"<!-- This site is optimized with the Yoast SEO plugin v27.0 - https:\/\/yoast.com\/product\/yoast-seo-wordpress\/ -->\n<title>Sophie Collins \u201eKod\u0117l mano \u0161uo taip elgiasi?\u201c - Skaitytaknyga<\/title>\n<meta name=\"description\" content=\"Kiekvienas \u0161uns \u0161eimininkas pripa\u017eins, kad kartu su nesavanaudi\u0161ka \u0161uns meile gavo ir problem\u0173, kurias \u201eatsine\u0161\u0117\u201c mielas augintinis. Kod\u0117l jis grau\u017eia batus, nors turi savo \u017eaisl\u0173, kod\u0117l piktai urzgia, kai m\u0117gini atsis\u0117sti \u012f m\u0117gstam\u0105 fotel\u012f, kod\u0117l neken\u010dia dviratinink\u0173 \u2013 tai tik keletas klausim\u0173, kurie neduoda ramyb\u0117s da\u017enam didelio ar ma\u017eo keturkojo \u0161eimininkui. \u0160i knyga pad\u0117s \u012fminti \u0161uns elgesio m\u012fsles ir suprantamai jam paai\u0161kinti savo norus.\" \/>\n<meta name=\"robots\" content=\"index, follow, max-snippet:-1, max-image-preview:large, max-video-preview:-1\" \/>\n<link rel=\"canonical\" href=\"https:\/\/skaitytaknyga.lt\/en\/produktas\/sophie-collins-kodel-mano-suo-taip-elgiasi\/\" \/>\n<meta property=\"og:locale\" content=\"en_GB\" \/>\n<meta property=\"og:locale:alternate\" content=\"lt_LT\" \/>\n<meta property=\"og:type\" content=\"article\" \/>\n<meta property=\"og:title\" content=\"Sophie Collins \u201eKod\u0117l mano \u0161uo taip elgiasi?\u201c - Skaitytaknyga\" \/>\n<meta property=\"og:description\" content=\"Kiekvienas \u0161uns \u0161eimininkas pripa\u017eins, kad kartu su nesavanaudi\u0161ka \u0161uns meile gavo ir problem\u0173, kurias \u201eatsine\u0161\u0117\u201c mielas augintinis. Kod\u0117l jis grau\u017eia batus, nors turi savo \u017eaisl\u0173, kod\u0117l piktai urzgia, kai m\u0117gini atsis\u0117sti \u012f m\u0117gstam\u0105 fotel\u012f, kod\u0117l neken\u010dia dviratinink\u0173 \u2013 tai tik keletas klausim\u0173, kurie neduoda ramyb\u0117s da\u017enam didelio ar ma\u017eo keturkojo \u0161eimininkui. \u0160i knyga pad\u0117s \u012fminti \u0161uns elgesio m\u012fsles ir suprantamai jam paai\u0161kinti savo norus.\" \/>\n<meta property=\"og:url\" content=\"https:\/\/skaitytaknyga.lt\/en\/produktas\/sophie-collins-kodel-mano-suo-taip-elgiasi\/\" \/>\n<meta property=\"og:site_name\" content=\"Skaitytaknyga\" \/>\n<meta property=\"article:publisher\" content=\"https:\/\/www.facebook.com\/skaitytaknyga\/\" \/>\n<meta property=\"article:modified_time\" content=\"2024-06-12T12:23:06+00:00\" \/>\n<meta property=\"og:image\" content=\"https:\/\/skaitytaknyga.lt\/wp-content\/uploads\/2024\/06\/Be-pavadinimo-2.png\" \/>\n\t<meta property=\"og:image:width\" content=\"335\" \/>\n\t<meta property=\"og:image:height\" content=\"545\" \/>\n\t<meta property=\"og:image:type\" content=\"image\/png\" \/>\n<meta name=\"twitter:card\" content=\"summary_large_image\" \/>\n<script type=\"application\/ld+json\" class=\"yoast-schema-graph\">{\"@context\":\"https:\/\/schema.org\",\"@graph\":[{\"@type\":\"WebPage\",\"@id\":\"https:\/\/skaitytaknyga.lt\/produktas\/sophie-collins-kodel-mano-suo-taip-elgiasi\/\",\"url\":\"https:\/\/skaitytaknyga.lt\/produktas\/sophie-collins-kodel-mano-suo-taip-elgiasi\/\",\"name\":\"Sophie Collins \u201eKod\u0117l mano \u0161uo taip elgiasi?\u201c - Skaitytaknyga\",\"isPartOf\":{\"@id\":\"https:\/\/skaitytaknyga.lt\/#website\"},\"primaryImageOfPage\":{\"@id\":\"https:\/\/skaitytaknyga.lt\/produktas\/sophie-collins-kodel-mano-suo-taip-elgiasi\/#primaryimage\"},\"image\":{\"@id\":\"https:\/\/skaitytaknyga.lt\/produktas\/sophie-collins-kodel-mano-suo-taip-elgiasi\/#primaryimage\"},\"thumbnailUrl\":\"https:\/\/skaitytaknyga.lt\/wp-content\/uploads\/2024\/06\/Be-pavadinimo-2.png\",\"datePublished\":\"2024-06-12T12:21:44+00:00\",\"dateModified\":\"2024-06-12T12:23:06+00:00\",\"description\":\"Kiekvienas \u0161uns \u0161eimininkas pripa\u017eins, kad kartu su nesavanaudi\u0161ka \u0161uns meile gavo ir problem\u0173, kurias \u201eatsine\u0161\u0117\u201c mielas augintinis. Kod\u0117l jis grau\u017eia batus, nors turi savo \u017eaisl\u0173, kod\u0117l piktai urzgia, kai m\u0117gini atsis\u0117sti \u012f m\u0117gstam\u0105 fotel\u012f, kod\u0117l neken\u010dia dviratinink\u0173 \u2013 tai tik keletas klausim\u0173, kurie neduoda ramyb\u0117s da\u017enam didelio ar ma\u017eo keturkojo \u0161eimininkui. \u0160i knyga pad\u0117s \u012fminti \u0161uns elgesio m\u012fsles ir suprantamai jam paai\u0161kinti savo norus.\",\"breadcrumb\":{\"@id\":\"https:\/\/skaitytaknyga.lt\/produktas\/sophie-collins-kodel-mano-suo-taip-elgiasi\/#breadcrumb\"},\"inLanguage\":\"en-GB\",\"potentialAction\":[{\"@type\":\"ReadAction\",\"target\":[\"https:\/\/skaitytaknyga.lt\/produktas\/sophie-collins-kodel-mano-suo-taip-elgiasi\/\"]}]},{\"@type\":\"ImageObject\",\"inLanguage\":\"en-GB\",\"@id\":\"https:\/\/skaitytaknyga.lt\/produktas\/sophie-collins-kodel-mano-suo-taip-elgiasi\/#primaryimage\",\"url\":\"https:\/\/skaitytaknyga.lt\/wp-content\/uploads\/2024\/06\/Be-pavadinimo-2.png\",\"contentUrl\":\"https:\/\/skaitytaknyga.lt\/wp-content\/uploads\/2024\/06\/Be-pavadinimo-2.png\",\"width\":335,\"height\":545,\"caption\":\"Kod\u0117l mano \u0161uo taip elgiasi?\"},{\"@type\":\"BreadcrumbList\",\"@id\":\"https:\/\/skaitytaknyga.lt\/produktas\/sophie-collins-kodel-mano-suo-taip-elgiasi\/#breadcrumb\",\"itemListElement\":[{\"@type\":\"ListItem\",\"position\":1,\"name\":\"Home\",\"item\":\"https:\/\/skaitytaknyga.lt\/\"},{\"@type\":\"ListItem\",\"position\":2,\"name\":\"Parduotuv\u0117\",\"item\":\"https:\/\/skaitytaknyga.lt\/knygu-parduotuve\/\"},{\"@type\":\"ListItem\",\"position\":3,\"name\":\"Sophie Collins \u201eKod\u0117l mano \u0161uo taip elgiasi?\u201c\"}]},{\"@type\":\"WebSite\",\"@id\":\"https:\/\/skaitytaknyga.lt\/#website\",\"url\":\"https:\/\/skaitytaknyga.lt\/\",\"name\":\"skaitytaknyga.lt\",\"description\":\"Skaitytaknyga.lt \u2013 tai ma\u017eas \u0161eimos verslas, kuris prasid\u0117jo nuo meil\u0117s knygoms ir siekio i\u0161gelb\u0117ti knygas nuo likimo prie konteinerio. Kas vienam nereikalingas daiktas \u2013 kitam lobis, o mes esame tarpininkai, kurie padeda abiems tapti laimingesniems ???? \u017dinome kaip nelengva i\u0161gyventi ma\u017eiems verslams, tad nuo \u0161iol, \u010dia rasite ir kit\u0173, ma\u017e\u0173 \u0161eim\u0173 versl\u0173, rank\u0173 darbo, dovan\u0173 sau ir artimiesiems.\",\"publisher\":{\"@id\":\"https:\/\/skaitytaknyga.lt\/#organization\"},\"potentialAction\":[{\"@type\":\"SearchAction\",\"target\":{\"@type\":\"EntryPoint\",\"urlTemplate\":\"https:\/\/skaitytaknyga.lt\/?s={search_term_string}\"},\"query-input\":{\"@type\":\"PropertyValueSpecification\",\"valueRequired\":true,\"valueName\":\"search_term_string\"}}],\"inLanguage\":\"en-GB\"},{\"@type\":\"Organization\",\"@id\":\"https:\/\/skaitytaknyga.lt\/#organization\",\"name\":\"skaitytaknyga.lt\",\"url\":\"https:\/\/skaitytaknyga.lt\/\",\"logo\":{\"@type\":\"ImageObject\",\"inLanguage\":\"en-GB\",\"@id\":\"https:\/\/skaitytaknyga.lt\/#\/schema\/logo\/image\/\",\"url\":\"https:\/\/skaitytaknyga.lt\/wp-content\/uploads\/2024\/05\/cropped-cropped-cropped-02_00843_jt3bggkj1j3HLc7SyY6rEUpg.jpeg\",\"contentUrl\":\"https:\/\/skaitytaknyga.lt\/wp-content\/uploads\/2024\/05\/cropped-cropped-cropped-02_00843_jt3bggkj1j3HLc7SyY6rEUpg.jpeg\",\"width\":1600,\"height\":1600,\"caption\":\"skaitytaknyga.lt\"},\"image\":{\"@id\":\"https:\/\/skaitytaknyga.lt\/#\/schema\/logo\/image\/\"},\"sameAs\":[\"https:\/\/www.facebook.com\/skaitytaknyga\/\"]}]}<\/script>\n<!-- \/ Yoast SEO plugin. -->","yoast_head_json":{"title":"Sophie Collins \u201eKod\u0117l mano \u0161uo taip elgiasi?\u201c - Skaitytaknyga","description":"Kiekvienas \u0161uns \u0161eimininkas pripa\u017eins, kad kartu su nesavanaudi\u0161ka \u0161uns meile gavo ir problem\u0173, kurias \u201eatsine\u0161\u0117\u201c mielas augintinis. Kod\u0117l jis grau\u017eia batus, nors turi savo \u017eaisl\u0173, kod\u0117l piktai urzgia, kai m\u0117gini atsis\u0117sti \u012f m\u0117gstam\u0105 fotel\u012f, kod\u0117l neken\u010dia dviratinink\u0173 \u2013 tai tik keletas klausim\u0173, kurie neduoda ramyb\u0117s da\u017enam didelio ar ma\u017eo keturkojo \u0161eimininkui. \u0160i knyga pad\u0117s \u012fminti \u0161uns elgesio m\u012fsles ir suprantamai jam paai\u0161kinti savo norus.","robots":{"index":"index","follow":"follow","max-snippet":"max-snippet:-1","max-image-preview":"max-image-preview:large","max-video-preview":"max-video-preview:-1"},"canonical":"https:\/\/skaitytaknyga.lt\/en\/produktas\/sophie-collins-kodel-mano-suo-taip-elgiasi\/","og_locale":"en_GB","og_type":"article","og_title":"Sophie Collins \u201eKod\u0117l mano \u0161uo taip elgiasi?\u201c - Skaitytaknyga","og_description":"Kiekvienas \u0161uns \u0161eimininkas pripa\u017eins, kad kartu su nesavanaudi\u0161ka \u0161uns meile gavo ir problem\u0173, kurias \u201eatsine\u0161\u0117\u201c mielas augintinis. Kod\u0117l jis grau\u017eia batus, nors turi savo \u017eaisl\u0173, kod\u0117l piktai urzgia, kai m\u0117gini atsis\u0117sti \u012f m\u0117gstam\u0105 fotel\u012f, kod\u0117l neken\u010dia dviratinink\u0173 \u2013 tai tik keletas klausim\u0173, kurie neduoda ramyb\u0117s da\u017enam didelio ar ma\u017eo keturkojo \u0161eimininkui. \u0160i knyga pad\u0117s \u012fminti \u0161uns elgesio m\u012fsles ir suprantamai jam paai\u0161kinti savo norus.","og_url":"https:\/\/skaitytaknyga.lt\/en\/produktas\/sophie-collins-kodel-mano-suo-taip-elgiasi\/","og_site_name":"Skaitytaknyga","article_publisher":"https:\/\/www.facebook.com\/skaitytaknyga\/","article_modified_time":"2024-06-12T12:23:06+00:00","og_image":[{"width":335,"height":545,"url":"https:\/\/skaitytaknyga.lt\/wp-content\/uploads\/2024\/06\/Be-pavadinimo-2.png","type":"image\/png"}],"twitter_card":"summary_large_image","schema":{"@context":"https:\/\/schema.org","@graph":[{"@type":"WebPage","@id":"https:\/\/skaitytaknyga.lt\/produktas\/sophie-collins-kodel-mano-suo-taip-elgiasi\/","url":"https:\/\/skaitytaknyga.lt\/produktas\/sophie-collins-kodel-mano-suo-taip-elgiasi\/","name":"Sophie Collins \u201eKod\u0117l mano \u0161uo taip elgiasi?\u201c - Skaitytaknyga","isPartOf":{"@id":"https:\/\/skaitytaknyga.lt\/#website"},"primaryImageOfPage":{"@id":"https:\/\/skaitytaknyga.lt\/produktas\/sophie-collins-kodel-mano-suo-taip-elgiasi\/#primaryimage"},"image":{"@id":"https:\/\/skaitytaknyga.lt\/produktas\/sophie-collins-kodel-mano-suo-taip-elgiasi\/#primaryimage"},"thumbnailUrl":"https:\/\/skaitytaknyga.lt\/wp-content\/uploads\/2024\/06\/Be-pavadinimo-2.png","datePublished":"2024-06-12T12:21:44+00:00","dateModified":"2024-06-12T12:23:06+00:00","description":"Kiekvienas \u0161uns \u0161eimininkas pripa\u017eins, kad kartu su nesavanaudi\u0161ka \u0161uns meile gavo ir problem\u0173, kurias \u201eatsine\u0161\u0117\u201c mielas augintinis. Kod\u0117l jis grau\u017eia batus, nors turi savo \u017eaisl\u0173, kod\u0117l piktai urzgia, kai m\u0117gini atsis\u0117sti \u012f m\u0117gstam\u0105 fotel\u012f, kod\u0117l neken\u010dia dviratinink\u0173 \u2013 tai tik keletas klausim\u0173, kurie neduoda ramyb\u0117s da\u017enam didelio ar ma\u017eo keturkojo \u0161eimininkui. \u0160i knyga pad\u0117s \u012fminti \u0161uns elgesio m\u012fsles ir suprantamai jam paai\u0161kinti savo norus.","breadcrumb":{"@id":"https:\/\/skaitytaknyga.lt\/produktas\/sophie-collins-kodel-mano-suo-taip-elgiasi\/#breadcrumb"},"inLanguage":"en-GB","potentialAction":[{"@type":"ReadAction","target":["https:\/\/skaitytaknyga.lt\/produktas\/sophie-collins-kodel-mano-suo-taip-elgiasi\/"]}]},{"@type":"ImageObject","inLanguage":"en-GB","@id":"https:\/\/skaitytaknyga.lt\/produktas\/sophie-collins-kodel-mano-suo-taip-elgiasi\/#primaryimage","url":"https:\/\/skaitytaknyga.lt\/wp-content\/uploads\/2024\/06\/Be-pavadinimo-2.png","contentUrl":"https:\/\/skaitytaknyga.lt\/wp-content\/uploads\/2024\/06\/Be-pavadinimo-2.png","width":335,"height":545,"caption":"Kod\u0117l mano \u0161uo taip elgiasi?"},{"@type":"BreadcrumbList","@id":"https:\/\/skaitytaknyga.lt\/produktas\/sophie-collins-kodel-mano-suo-taip-elgiasi\/#breadcrumb","itemListElement":[{"@type":"ListItem","position":1,"name":"Home","item":"https:\/\/skaitytaknyga.lt\/"},{"@type":"ListItem","position":2,"name":"Parduotuv\u0117","item":"https:\/\/skaitytaknyga.lt\/knygu-parduotuve\/"},{"@type":"ListItem","position":3,"name":"Sophie Collins \u201eKod\u0117l mano \u0161uo taip elgiasi?\u201c"}]},{"@type":"WebSite","@id":"https:\/\/skaitytaknyga.lt\/#website","url":"https:\/\/skaitytaknyga.lt\/","name":"skaitytaknyga.lt","description":"Skaitytaknyga.lt \u2013 tai ma\u017eas \u0161eimos verslas, kuris prasid\u0117jo nuo meil\u0117s knygoms ir siekio i\u0161gelb\u0117ti knygas nuo likimo prie konteinerio. Kas vienam nereikalingas daiktas \u2013 kitam lobis, o mes esame tarpininkai, kurie padeda abiems tapti laimingesniems ???? \u017dinome kaip nelengva i\u0161gyventi ma\u017eiems verslams, tad nuo \u0161iol, \u010dia rasite ir kit\u0173, ma\u017e\u0173 \u0161eim\u0173 versl\u0173, rank\u0173 darbo, dovan\u0173 sau ir artimiesiems.","publisher":{"@id":"https:\/\/skaitytaknyga.lt\/#organization"},"potentialAction":[{"@type":"SearchAction","target":{"@type":"EntryPoint","urlTemplate":"https:\/\/skaitytaknyga.lt\/?s={search_term_string}"},"query-input":{"@type":"PropertyValueSpecification","valueRequired":true,"valueName":"search_term_string"}}],"inLanguage":"en-GB"},{"@type":"Organization","@id":"https:\/\/skaitytaknyga.lt\/#organization","name":"skaitytaknyga.lt","url":"https:\/\/skaitytaknyga.lt\/","logo":{"@type":"ImageObject","inLanguage":"en-GB","@id":"https:\/\/skaitytaknyga.lt\/#\/schema\/logo\/image\/","url":"https:\/\/skaitytaknyga.lt\/wp-content\/uploads\/2024\/05\/cropped-cropped-cropped-02_00843_jt3bggkj1j3HLc7SyY6rEUpg.jpeg","contentUrl":"https:\/\/skaitytaknyga.lt\/wp-content\/uploads\/2024\/05\/cropped-cropped-cropped-02_00843_jt3bggkj1j3HLc7SyY6rEUpg.jpeg","width":1600,"height":1600,"caption":"skaitytaknyga.lt"},"image":{"@id":"https:\/\/skaitytaknyga.lt\/#\/schema\/logo\/image\/"},"sameAs":["https:\/\/www.facebook.com\/skaitytaknyga\/"]}]}},"_links":{"self":[{"href":"https:\/\/skaitytaknyga.lt\/en\/wp-json\/wp\/v2\/product\/12050","targetHints":{"allow":["GET"]}}],"collection":[{"href":"https:\/\/skaitytaknyga.lt\/en\/wp-json\/wp\/v2\/product"}],"about":[{"href":"https:\/\/skaitytaknyga.lt\/en\/wp-json\/wp\/v2\/types\/product"}],"replies":[{"embeddable":true,"href":"https:\/\/skaitytaknyga.lt\/en\/wp-json\/wp\/v2\/comments?post=12050"}],"wp:featuredmedia":[{"embeddable":true,"href":"https:\/\/skaitytaknyga.lt\/en\/wp-json\/wp\/v2\/media\/12051"}],"wp:attachment":[{"href":"https:\/\/skaitytaknyga.lt\/en\/wp-json\/wp\/v2\/media?parent=12050"}],"wp:term":[{"taxonomy":"product_brand","embeddable":true,"href":"https:\/\/skaitytaknyga.lt\/en\/wp-json\/wp\/v2\/product_brand?post=12050"},{"taxonomy":"product_cat","embeddable":true,"href":"https:\/\/skaitytaknyga.lt\/en\/wp-json\/wp\/v2\/product_cat?post=12050"},{"taxonomy":"product_tag","embeddable":true,"href":"https:\/\/skaitytaknyga.lt\/en\/wp-json\/wp\/v2\/product_tag?post=12050"}],"curies":[{"name":"wp","href":"https:\/\/api.w.org\/{rel}","templated":true}]}}