{"id":12046,"date":"2024-06-12T12:13:42","date_gmt":"2024-06-12T12:13:42","guid":{"rendered":"https:\/\/skaitytaknyga.lt\/?post_type=product&#038;p=12046"},"modified":"2026-03-02T10:46:46","modified_gmt":"2026-03-02T08:46:46","slug":"j-gray-vaikai-kile-is-dangaus","status":"publish","type":"product","link":"https:\/\/skaitytaknyga.lt\/en\/produktas\/j-gray-vaikai-kile-is-dangaus\/","title":{"rendered":"Vaikai kil\u0119 i\u0161 dangaus"},"content":{"rendered":"","protected":false},"excerpt":{"rendered":"<p>Filosofijos moksl\u0173 daktaras, didel\u0119 patirt\u012f turintis psichologas\u00a0<strong>D\u017eonas Gr\u0117jus<\/strong>\u00a0&#8211; skaitomiausias vis\u0173 laik\u0173 knyg\u0173 apie vyr\u0173 ir moter\u0173 santykius autorius, \u0161\u012f kart\u0105 d\u0117sto visi\u0161kai nauj\u0105 po\u017ei\u016br\u012f \u012f vaik\u0173 aukl\u0117jim\u0105. Knygoje\u00a0<strong>\u201eVaikai kil\u0119 i\u0161 dangaus&#8221;<\/strong>\u00a0&#8211; ai\u0161kinama, kaip tapti teisingais, savimi pasitikin\u010diais t\u0117vais ir pad\u0117ti vaikams susikurti s\u0117kming\u0105 gyvenim\u0105.<\/p>\n<p>\u0160i\u0173 laik\u0173 pasaulis kitoks ir m\u016bs\u0173 vaikai kitokie. Jie nebekreipia d\u0117mesio \u012f baime pagr\u012fst\u0105 aukl\u0117jim\u0105. Pozityviai ugdyti vaikus nelengva, ta\u010diau tai gali daryti stebuklus.<\/p>\n<p>Visk\u0105, ko reikia asmenybei augti, jie jau turi.<br \/>\nJ\u016bs\u0173, kaip t\u0117v\u0173 u\u017eduotis &#8211; pad\u0117ti jiems atsiskleisti ir tapti:<br \/>\n&#8211; valingiems ir paslaugiems, o ne tik paklusniems<br \/>\n&#8211; nuo\u0161ird\u017eiai atjau\u010diantiems, o ne i\u0161 pareigos padedantiems t\u0117vams<br \/>\n&#8211; nemeluojantiems ir neapgaudin\u0117jantiems<br \/>\n&#8211; pasitikintiems savimi ir sugebantiems jaustis laimingiems su mama ir t\u0117\u010diu<\/p>\n<p>\u201e\u012esiklausyti \u012f savo vaikus yra nepalyginamai svarbiau, nei kur nors pav\u0117luoti.&#8221;<br \/>\nJohn Gray<\/p>\n","protected":false},"featured_media":12047,"comment_status":"closed","ping_status":"closed","template":"","meta":{"_acf_changed":false,"site-sidebar-layout":"default","site-content-layout":"","ast-site-content-layout":"default","site-content-style":"default","site-sidebar-style":"default","ast-global-header-display":"","ast-banner-title-visibility":"","ast-main-header-display":"","ast-hfb-above-header-display":"","ast-hfb-below-header-display":"","ast-hfb-mobile-header-display":"","site-post-title":"","ast-breadcrumbs-content":"","ast-featured-img":"","footer-sml-layout":"","ast-disable-related-posts":"","theme-transparent-header-meta":"","adv-header-id-meta":"","stick-header-meta":"","header-above-stick-meta":"","header-main-stick-meta":"","header-below-stick-meta":"","astra-migrate-meta-layouts":"default","ast-page-background-enabled":"default","ast-page-background-meta":{"desktop":{"background-color":"","background-image":"","background-repeat":"repeat","background-position":"center center","background-size":"auto","background-attachment":"scroll","background-type":"","background-media":"","overlay-type":"","overlay-color":"","overlay-opacity":"","overlay-gradient":""},"tablet":{"background-color":"","background-image":"","background-repeat":"repeat","background-position":"center center","background-size":"auto","background-attachment":"scroll","background-type":"","background-media":"","overlay-type":"","overlay-color":"","overlay-opacity":"","overlay-gradient":""},"mobile":{"background-color":"","background-image":"","background-repeat":"repeat","background-position":"center center","background-size":"auto","background-attachment":"scroll","background-type":"","background-media":"","overlay-type":"","overlay-color":"","overlay-opacity":"","overlay-gradient":""}},"ast-content-background-meta":{"desktop":{"background-color":"var(--ast-global-color-4)","background-image":"","background-repeat":"repeat","background-position":"center center","background-size":"auto","background-attachment":"scroll","background-type":"","background-media":"","overlay-type":"","overlay-color":"","overlay-opacity":"","overlay-gradient":""},"tablet":{"background-color":"var(--ast-global-color-4)","background-image":"","background-repeat":"repeat","background-position":"center center","background-size":"auto","background-attachment":"scroll","background-type":"","background-media":"","overlay-type":"","overlay-color":"","overlay-opacity":"","overlay-gradient":""},"mobile":{"background-color":"var(--ast-global-color-4)","background-image":"","background-repeat":"repeat","background-position":"center center","background-size":"auto","background-attachment":"scroll","background-type":"","background-media":"","overlay-type":"","overlay-color":"","overlay-opacity":"","overlay-gradient":""}}},"product_brand":[],"product_cat":[30],"product_tag":[],"class_list":{"0":"post-12046","1":"product","2":"type-product","3":"status-publish","4":"has-post-thumbnail","6":"product_cat-psichologija-ir-saviugda","7":"desktop-align-left","8":"tablet-align-left","9":"mobile-align-left","11":"first","12":"instock","13":"shipping-taxable","14":"purchasable","15":"product-type-simple"},"acf":[],"yoast_head":"<!-- This site is optimized with the Yoast SEO plugin v27.0 - https:\/\/yoast.com\/product\/yoast-seo-wordpress\/ -->\n<title>Vaikai kil\u0119 i\u0161 dangaus<\/title>\n<meta name=\"description\" content=\"Filosofijos moksl\u0173 daktaras, didel\u0119 patirt\u012f turintis psichologas\u00a0D\u017eonas Gr\u0117jus\u00a0- skaitomiausias vis\u0173 laik\u0173 knyg\u0173 apie vyr\u0173 ir moter\u0173 santykius autorius, \u0161\u012f kart\u0105 d\u0117sto visi\u0161kai nauj\u0105 po\u017ei\u016br\u012f \u012f vaik\u0173 aukl\u0117jim\u0105. Knygoje\u00a0\u201eVaikai kil\u0119 i\u0161 dangaus&quot;\u00a0- ai\u0161kinama, kaip tapti teisingais, savimi pasitikin\u010diais t\u0117vais ir pad\u0117ti vaikams susikurti s\u0117kming\u0105 gyvenim\u0105.  \u0160i\u0173 laik\u0173 pasaulis kitoks ir m\u016bs\u0173 vaikai kitokie. Jie nebekreipia d\u0117mesio \u012f baime pagr\u012fst\u0105 aukl\u0117jim\u0105. Pozityviai ugdyti vaikus nelengva, ta\u010diau tai gali daryti stebuklus.  Visk\u0105, ko reikia asmenybei augti, jie jau turi. J\u016bs\u0173, kaip t\u0117v\u0173 u\u017eduotis - pad\u0117ti jiems atsiskleisti ir tapti: - valingiems ir paslaugiems, o ne tik paklusniems - nuo\u0161ird\u017eiai atjau\u010diantiems, o ne i\u0161 pareigos padedantiems t\u0117vams - nemeluojantiems ir neapgaudin\u0117jantiems - pasitikintiems savimi ir sugebantiems jaustis laimingiems su mama ir t\u0117\u010diu  \u201e\u012esiklausyti \u012f savo vaikus yra nepalyginamai svarbiau, nei kur nors pav\u0117luoti.&quot; John Gray\" \/>\n<meta name=\"robots\" content=\"index, follow, max-snippet:-1, max-image-preview:large, max-video-preview:-1\" \/>\n<link rel=\"canonical\" href=\"https:\/\/skaitytaknyga.lt\/en\/produktas\/j-gray-vaikai-kile-is-dangaus\/\" \/>\n<meta property=\"og:locale\" content=\"en_GB\" \/>\n<meta property=\"og:locale:alternate\" content=\"lt_LT\" \/>\n<meta property=\"og:type\" content=\"article\" \/>\n<meta property=\"og:title\" content=\"Vaikai kil\u0119 i\u0161 dangaus\" \/>\n<meta property=\"og:description\" content=\"Filosofijos moksl\u0173 daktaras, didel\u0119 patirt\u012f turintis psichologas\u00a0D\u017eonas Gr\u0117jus\u00a0- skaitomiausias vis\u0173 laik\u0173 knyg\u0173 apie vyr\u0173 ir moter\u0173 santykius autorius, \u0161\u012f kart\u0105 d\u0117sto visi\u0161kai nauj\u0105 po\u017ei\u016br\u012f \u012f vaik\u0173 aukl\u0117jim\u0105. Knygoje\u00a0\u201eVaikai kil\u0119 i\u0161 dangaus&quot;\u00a0- ai\u0161kinama, kaip tapti teisingais, savimi pasitikin\u010diais t\u0117vais ir pad\u0117ti vaikams susikurti s\u0117kming\u0105 gyvenim\u0105.  \u0160i\u0173 laik\u0173 pasaulis kitoks ir m\u016bs\u0173 vaikai kitokie. Jie nebekreipia d\u0117mesio \u012f baime pagr\u012fst\u0105 aukl\u0117jim\u0105. Pozityviai ugdyti vaikus nelengva, ta\u010diau tai gali daryti stebuklus.  Visk\u0105, ko reikia asmenybei augti, jie jau turi. J\u016bs\u0173, kaip t\u0117v\u0173 u\u017eduotis - pad\u0117ti jiems atsiskleisti ir tapti: - valingiems ir paslaugiems, o ne tik paklusniems - nuo\u0161ird\u017eiai atjau\u010diantiems, o ne i\u0161 pareigos padedantiems t\u0117vams - nemeluojantiems ir neapgaudin\u0117jantiems - pasitikintiems savimi ir sugebantiems jaustis laimingiems su mama ir t\u0117\u010diu  \u201e\u012esiklausyti \u012f savo vaikus yra nepalyginamai svarbiau, nei kur nors pav\u0117luoti.&quot; John Gray\" \/>\n<meta property=\"og:url\" content=\"https:\/\/skaitytaknyga.lt\/en\/produktas\/j-gray-vaikai-kile-is-dangaus\/\" \/>\n<meta property=\"og:site_name\" content=\"Skaitytaknyga\" \/>\n<meta property=\"article:publisher\" content=\"https:\/\/www.facebook.com\/skaitytaknyga\/\" \/>\n<meta property=\"article:modified_time\" content=\"2026-03-02T08:46:46+00:00\" \/>\n<meta property=\"og:image\" content=\"https:\/\/skaitytaknyga.lt\/wp-content\/uploads\/2024\/06\/7538217_2-1000x1000-1-e1718194539240.jpg\" \/>\n\t<meta property=\"og:image:width\" content=\"648\" \/>\n\t<meta property=\"og:image:height\" content=\"1000\" \/>\n\t<meta property=\"og:image:type\" content=\"image\/jpeg\" \/>\n<meta name=\"twitter:card\" content=\"summary_large_image\" \/>\n<script type=\"application\/ld+json\" class=\"yoast-schema-graph\">{\"@context\":\"https:\/\/schema.org\",\"@graph\":[{\"@type\":\"WebPage\",\"@id\":\"https:\/\/skaitytaknyga.lt\/produktas\/j-gray-vaikai-kile-is-dangaus\/\",\"url\":\"https:\/\/skaitytaknyga.lt\/produktas\/j-gray-vaikai-kile-is-dangaus\/\",\"name\":\"Vaikai kil\u0119 i\u0161 dangaus\",\"isPartOf\":{\"@id\":\"https:\/\/skaitytaknyga.lt\/#website\"},\"primaryImageOfPage\":{\"@id\":\"https:\/\/skaitytaknyga.lt\/produktas\/j-gray-vaikai-kile-is-dangaus\/#primaryimage\"},\"image\":{\"@id\":\"https:\/\/skaitytaknyga.lt\/produktas\/j-gray-vaikai-kile-is-dangaus\/#primaryimage\"},\"thumbnailUrl\":\"https:\/\/skaitytaknyga.lt\/wp-content\/uploads\/2024\/06\/7538217_2-1000x1000-1-e1718194539240.jpg\",\"datePublished\":\"2024-06-12T12:13:42+00:00\",\"dateModified\":\"2026-03-02T08:46:46+00:00\",\"description\":\"Filosofijos moksl\u0173 daktaras, didel\u0119 patirt\u012f turintis psichologas\u00a0D\u017eonas Gr\u0117jus\u00a0- skaitomiausias vis\u0173 laik\u0173 knyg\u0173 apie vyr\u0173 ir moter\u0173 santykius autorius, \u0161\u012f kart\u0105 d\u0117sto visi\u0161kai nauj\u0105 po\u017ei\u016br\u012f \u012f vaik\u0173 aukl\u0117jim\u0105. Knygoje\u00a0\u201eVaikai kil\u0119 i\u0161 dangaus\\\"\u00a0- ai\u0161kinama, kaip tapti teisingais, savimi pasitikin\u010diais t\u0117vais ir pad\u0117ti vaikams susikurti s\u0117kming\u0105 gyvenim\u0105. \u0160i\u0173 laik\u0173 pasaulis kitoks ir m\u016bs\u0173 vaikai kitokie. Jie nebekreipia d\u0117mesio \u012f baime pagr\u012fst\u0105 aukl\u0117jim\u0105. Pozityviai ugdyti vaikus nelengva, ta\u010diau tai gali daryti stebuklus. Visk\u0105, ko reikia asmenybei augti, jie jau turi. J\u016bs\u0173, kaip t\u0117v\u0173 u\u017eduotis - pad\u0117ti jiems atsiskleisti ir tapti: - valingiems ir paslaugiems, o ne tik paklusniems - nuo\u0161ird\u017eiai atjau\u010diantiems, o ne i\u0161 pareigos padedantiems t\u0117vams - nemeluojantiems ir neapgaudin\u0117jantiems - pasitikintiems savimi ir sugebantiems jaustis laimingiems su mama ir t\u0117\u010diu \u201e\u012esiklausyti \u012f savo vaikus yra nepalyginamai svarbiau, nei kur nors pav\u0117luoti.\\\" John Gray\",\"breadcrumb\":{\"@id\":\"https:\/\/skaitytaknyga.lt\/produktas\/j-gray-vaikai-kile-is-dangaus\/#breadcrumb\"},\"inLanguage\":\"en-GB\",\"potentialAction\":[{\"@type\":\"ReadAction\",\"target\":[\"https:\/\/skaitytaknyga.lt\/produktas\/j-gray-vaikai-kile-is-dangaus\/\"]}]},{\"@type\":\"ImageObject\",\"inLanguage\":\"en-GB\",\"@id\":\"https:\/\/skaitytaknyga.lt\/produktas\/j-gray-vaikai-kile-is-dangaus\/#primaryimage\",\"url\":\"https:\/\/skaitytaknyga.lt\/wp-content\/uploads\/2024\/06\/7538217_2-1000x1000-1-e1718194539240.jpg\",\"contentUrl\":\"https:\/\/skaitytaknyga.lt\/wp-content\/uploads\/2024\/06\/7538217_2-1000x1000-1-e1718194539240.jpg\",\"width\":648,\"height\":1000},{\"@type\":\"BreadcrumbList\",\"@id\":\"https:\/\/skaitytaknyga.lt\/produktas\/j-gray-vaikai-kile-is-dangaus\/#breadcrumb\",\"itemListElement\":[{\"@type\":\"ListItem\",\"position\":1,\"name\":\"Home\",\"item\":\"https:\/\/skaitytaknyga.lt\/\"},{\"@type\":\"ListItem\",\"position\":2,\"name\":\"Parduotuv\u0117\",\"item\":\"https:\/\/skaitytaknyga.lt\/knygu-parduotuve\/\"},{\"@type\":\"ListItem\",\"position\":3,\"name\":\"Vaikai kil\u0119 i\u0161 dangaus\"}]},{\"@type\":\"WebSite\",\"@id\":\"https:\/\/skaitytaknyga.lt\/#website\",\"url\":\"https:\/\/skaitytaknyga.lt\/\",\"name\":\"skaitytaknyga.lt\",\"description\":\"Skaitytaknyga.lt \u2013 tai ma\u017eas \u0161eimos verslas, kuris prasid\u0117jo nuo meil\u0117s knygoms ir siekio i\u0161gelb\u0117ti knygas nuo likimo prie konteinerio. Kas vienam nereikalingas daiktas \u2013 kitam lobis, o mes esame tarpininkai, kurie padeda abiems tapti laimingesniems ???? \u017dinome kaip nelengva i\u0161gyventi ma\u017eiems verslams, tad nuo \u0161iol, \u010dia rasite ir kit\u0173, ma\u017e\u0173 \u0161eim\u0173 versl\u0173, rank\u0173 darbo, dovan\u0173 sau ir artimiesiems.\",\"publisher\":{\"@id\":\"https:\/\/skaitytaknyga.lt\/#organization\"},\"potentialAction\":[{\"@type\":\"SearchAction\",\"target\":{\"@type\":\"EntryPoint\",\"urlTemplate\":\"https:\/\/skaitytaknyga.lt\/?s={search_term_string}\"},\"query-input\":{\"@type\":\"PropertyValueSpecification\",\"valueRequired\":true,\"valueName\":\"search_term_string\"}}],\"inLanguage\":\"en-GB\"},{\"@type\":\"Organization\",\"@id\":\"https:\/\/skaitytaknyga.lt\/#organization\",\"name\":\"skaitytaknyga.lt\",\"url\":\"https:\/\/skaitytaknyga.lt\/\",\"logo\":{\"@type\":\"ImageObject\",\"inLanguage\":\"en-GB\",\"@id\":\"https:\/\/skaitytaknyga.lt\/#\/schema\/logo\/image\/\",\"url\":\"https:\/\/skaitytaknyga.lt\/wp-content\/uploads\/2024\/05\/cropped-cropped-cropped-02_00843_jt3bggkj1j3HLc7SyY6rEUpg.jpeg\",\"contentUrl\":\"https:\/\/skaitytaknyga.lt\/wp-content\/uploads\/2024\/05\/cropped-cropped-cropped-02_00843_jt3bggkj1j3HLc7SyY6rEUpg.jpeg\",\"width\":1600,\"height\":1600,\"caption\":\"skaitytaknyga.lt\"},\"image\":{\"@id\":\"https:\/\/skaitytaknyga.lt\/#\/schema\/logo\/image\/\"},\"sameAs\":[\"https:\/\/www.facebook.com\/skaitytaknyga\/\"]}]}<\/script>\n<!-- \/ Yoast SEO plugin. -->","yoast_head_json":{"title":"Vaikai kil\u0119 i\u0161 dangaus","description":"Filosofijos moksl\u0173 daktaras, didel\u0119 patirt\u012f turintis psichologas\u00a0D\u017eonas Gr\u0117jus\u00a0- skaitomiausias vis\u0173 laik\u0173 knyg\u0173 apie vyr\u0173 ir moter\u0173 santykius autorius, \u0161\u012f kart\u0105 d\u0117sto visi\u0161kai nauj\u0105 po\u017ei\u016br\u012f \u012f vaik\u0173 aukl\u0117jim\u0105. Knygoje\u00a0\u201eVaikai kil\u0119 i\u0161 dangaus\"\u00a0- ai\u0161kinama, kaip tapti teisingais, savimi pasitikin\u010diais t\u0117vais ir pad\u0117ti vaikams susikurti s\u0117kming\u0105 gyvenim\u0105.  \u0160i\u0173 laik\u0173 pasaulis kitoks ir m\u016bs\u0173 vaikai kitokie. Jie nebekreipia d\u0117mesio \u012f baime pagr\u012fst\u0105 aukl\u0117jim\u0105. Pozityviai ugdyti vaikus nelengva, ta\u010diau tai gali daryti stebuklus.  Visk\u0105, ko reikia asmenybei augti, jie jau turi. J\u016bs\u0173, kaip t\u0117v\u0173 u\u017eduotis - pad\u0117ti jiems atsiskleisti ir tapti: - valingiems ir paslaugiems, o ne tik paklusniems - nuo\u0161ird\u017eiai atjau\u010diantiems, o ne i\u0161 pareigos padedantiems t\u0117vams - nemeluojantiems ir neapgaudin\u0117jantiems - pasitikintiems savimi ir sugebantiems jaustis laimingiems su mama ir t\u0117\u010diu  \u201e\u012esiklausyti \u012f savo vaikus yra nepalyginamai svarbiau, nei kur nors pav\u0117luoti.\" John Gray","robots":{"index":"index","follow":"follow","max-snippet":"max-snippet:-1","max-image-preview":"max-image-preview:large","max-video-preview":"max-video-preview:-1"},"canonical":"https:\/\/skaitytaknyga.lt\/en\/produktas\/j-gray-vaikai-kile-is-dangaus\/","og_locale":"en_GB","og_type":"article","og_title":"[:lt]Vaikai kil\u0119 i\u0161 dangaus[:] - Skaitytaknyga","og_description":"Filosofijos moksl\u0173 daktaras, didel\u0119 patirt\u012f turintis psichologas\u00a0D\u017eonas Gr\u0117jus\u00a0- skaitomiausias vis\u0173 laik\u0173 knyg\u0173 apie vyr\u0173 ir moter\u0173 santykius autorius, \u0161\u012f kart\u0105 d\u0117sto visi\u0161kai nauj\u0105 po\u017ei\u016br\u012f \u012f vaik\u0173 aukl\u0117jim\u0105. Knygoje\u00a0\u201eVaikai kil\u0119 i\u0161 dangaus\"\u00a0- ai\u0161kinama, kaip tapti teisingais, savimi pasitikin\u010diais t\u0117vais ir pad\u0117ti vaikams susikurti s\u0117kming\u0105 gyvenim\u0105.  \u0160i\u0173 laik\u0173 pasaulis kitoks ir m\u016bs\u0173 vaikai kitokie. Jie nebekreipia d\u0117mesio \u012f baime pagr\u012fst\u0105 aukl\u0117jim\u0105. Pozityviai ugdyti vaikus nelengva, ta\u010diau tai gali daryti stebuklus.  Visk\u0105, ko reikia asmenybei augti, jie jau turi. J\u016bs\u0173, kaip t\u0117v\u0173 u\u017eduotis - pad\u0117ti jiems atsiskleisti ir tapti: - valingiems ir paslaugiems, o ne tik paklusniems - nuo\u0161ird\u017eiai atjau\u010diantiems, o ne i\u0161 pareigos padedantiems t\u0117vams - nemeluojantiems ir neapgaudin\u0117jantiems - pasitikintiems savimi ir sugebantiems jaustis laimingiems su mama ir t\u0117\u010diu  \u201e\u012esiklausyti \u012f savo vaikus yra nepalyginamai svarbiau, nei kur nors pav\u0117luoti.\" John Gray","og_url":"https:\/\/skaitytaknyga.lt\/en\/produktas\/j-gray-vaikai-kile-is-dangaus\/","og_site_name":"Skaitytaknyga","article_publisher":"https:\/\/www.facebook.com\/skaitytaknyga\/","article_modified_time":"2026-03-02T08:46:46+00:00","og_image":[{"width":648,"height":1000,"url":"https:\/\/skaitytaknyga.lt\/wp-content\/uploads\/2024\/06\/7538217_2-1000x1000-1-e1718194539240.jpg","type":"image\/jpeg"}],"twitter_card":"summary_large_image","schema":{"@context":"https:\/\/schema.org","@graph":[{"@type":"WebPage","@id":"https:\/\/skaitytaknyga.lt\/produktas\/j-gray-vaikai-kile-is-dangaus\/","url":"https:\/\/skaitytaknyga.lt\/produktas\/j-gray-vaikai-kile-is-dangaus\/","name":"Vaikai kil\u0119 i\u0161 dangaus","isPartOf":{"@id":"https:\/\/skaitytaknyga.lt\/#website"},"primaryImageOfPage":{"@id":"https:\/\/skaitytaknyga.lt\/produktas\/j-gray-vaikai-kile-is-dangaus\/#primaryimage"},"image":{"@id":"https:\/\/skaitytaknyga.lt\/produktas\/j-gray-vaikai-kile-is-dangaus\/#primaryimage"},"thumbnailUrl":"https:\/\/skaitytaknyga.lt\/wp-content\/uploads\/2024\/06\/7538217_2-1000x1000-1-e1718194539240.jpg","datePublished":"2024-06-12T12:13:42+00:00","dateModified":"2026-03-02T08:46:46+00:00","description":"Filosofijos moksl\u0173 daktaras, didel\u0119 patirt\u012f turintis psichologas\u00a0D\u017eonas Gr\u0117jus\u00a0- skaitomiausias vis\u0173 laik\u0173 knyg\u0173 apie vyr\u0173 ir moter\u0173 santykius autorius, \u0161\u012f kart\u0105 d\u0117sto visi\u0161kai nauj\u0105 po\u017ei\u016br\u012f \u012f vaik\u0173 aukl\u0117jim\u0105. Knygoje\u00a0\u201eVaikai kil\u0119 i\u0161 dangaus\"\u00a0- ai\u0161kinama, kaip tapti teisingais, savimi pasitikin\u010diais t\u0117vais ir pad\u0117ti vaikams susikurti s\u0117kming\u0105 gyvenim\u0105. \u0160i\u0173 laik\u0173 pasaulis kitoks ir m\u016bs\u0173 vaikai kitokie. Jie nebekreipia d\u0117mesio \u012f baime pagr\u012fst\u0105 aukl\u0117jim\u0105. Pozityviai ugdyti vaikus nelengva, ta\u010diau tai gali daryti stebuklus. Visk\u0105, ko reikia asmenybei augti, jie jau turi. J\u016bs\u0173, kaip t\u0117v\u0173 u\u017eduotis - pad\u0117ti jiems atsiskleisti ir tapti: - valingiems ir paslaugiems, o ne tik paklusniems - nuo\u0161ird\u017eiai atjau\u010diantiems, o ne i\u0161 pareigos padedantiems t\u0117vams - nemeluojantiems ir neapgaudin\u0117jantiems - pasitikintiems savimi ir sugebantiems jaustis laimingiems su mama ir t\u0117\u010diu \u201e\u012esiklausyti \u012f savo vaikus yra nepalyginamai svarbiau, nei kur nors pav\u0117luoti.\" John Gray","breadcrumb":{"@id":"https:\/\/skaitytaknyga.lt\/produktas\/j-gray-vaikai-kile-is-dangaus\/#breadcrumb"},"inLanguage":"en-GB","potentialAction":[{"@type":"ReadAction","target":["https:\/\/skaitytaknyga.lt\/produktas\/j-gray-vaikai-kile-is-dangaus\/"]}]},{"@type":"ImageObject","inLanguage":"en-GB","@id":"https:\/\/skaitytaknyga.lt\/produktas\/j-gray-vaikai-kile-is-dangaus\/#primaryimage","url":"https:\/\/skaitytaknyga.lt\/wp-content\/uploads\/2024\/06\/7538217_2-1000x1000-1-e1718194539240.jpg","contentUrl":"https:\/\/skaitytaknyga.lt\/wp-content\/uploads\/2024\/06\/7538217_2-1000x1000-1-e1718194539240.jpg","width":648,"height":1000},{"@type":"BreadcrumbList","@id":"https:\/\/skaitytaknyga.lt\/produktas\/j-gray-vaikai-kile-is-dangaus\/#breadcrumb","itemListElement":[{"@type":"ListItem","position":1,"name":"Home","item":"https:\/\/skaitytaknyga.lt\/"},{"@type":"ListItem","position":2,"name":"Parduotuv\u0117","item":"https:\/\/skaitytaknyga.lt\/knygu-parduotuve\/"},{"@type":"ListItem","position":3,"name":"Vaikai kil\u0119 i\u0161 dangaus"}]},{"@type":"WebSite","@id":"https:\/\/skaitytaknyga.lt\/#website","url":"https:\/\/skaitytaknyga.lt\/","name":"skaitytaknyga.lt","description":"Skaitytaknyga.lt \u2013 tai ma\u017eas \u0161eimos verslas, kuris prasid\u0117jo nuo meil\u0117s knygoms ir siekio i\u0161gelb\u0117ti knygas nuo likimo prie konteinerio. Kas vienam nereikalingas daiktas \u2013 kitam lobis, o mes esame tarpininkai, kurie padeda abiems tapti laimingesniems ???? \u017dinome kaip nelengva i\u0161gyventi ma\u017eiems verslams, tad nuo \u0161iol, \u010dia rasite ir kit\u0173, ma\u017e\u0173 \u0161eim\u0173 versl\u0173, rank\u0173 darbo, dovan\u0173 sau ir artimiesiems.","publisher":{"@id":"https:\/\/skaitytaknyga.lt\/#organization"},"potentialAction":[{"@type":"SearchAction","target":{"@type":"EntryPoint","urlTemplate":"https:\/\/skaitytaknyga.lt\/?s={search_term_string}"},"query-input":{"@type":"PropertyValueSpecification","valueRequired":true,"valueName":"search_term_string"}}],"inLanguage":"en-GB"},{"@type":"Organization","@id":"https:\/\/skaitytaknyga.lt\/#organization","name":"skaitytaknyga.lt","url":"https:\/\/skaitytaknyga.lt\/","logo":{"@type":"ImageObject","inLanguage":"en-GB","@id":"https:\/\/skaitytaknyga.lt\/#\/schema\/logo\/image\/","url":"https:\/\/skaitytaknyga.lt\/wp-content\/uploads\/2024\/05\/cropped-cropped-cropped-02_00843_jt3bggkj1j3HLc7SyY6rEUpg.jpeg","contentUrl":"https:\/\/skaitytaknyga.lt\/wp-content\/uploads\/2024\/05\/cropped-cropped-cropped-02_00843_jt3bggkj1j3HLc7SyY6rEUpg.jpeg","width":1600,"height":1600,"caption":"skaitytaknyga.lt"},"image":{"@id":"https:\/\/skaitytaknyga.lt\/#\/schema\/logo\/image\/"},"sameAs":["https:\/\/www.facebook.com\/skaitytaknyga\/"]}]}},"_links":{"self":[{"href":"https:\/\/skaitytaknyga.lt\/en\/wp-json\/wp\/v2\/product\/12046","targetHints":{"allow":["GET"]}}],"collection":[{"href":"https:\/\/skaitytaknyga.lt\/en\/wp-json\/wp\/v2\/product"}],"about":[{"href":"https:\/\/skaitytaknyga.lt\/en\/wp-json\/wp\/v2\/types\/product"}],"replies":[{"embeddable":true,"href":"https:\/\/skaitytaknyga.lt\/en\/wp-json\/wp\/v2\/comments?post=12046"}],"wp:featuredmedia":[{"embeddable":true,"href":"https:\/\/skaitytaknyga.lt\/en\/wp-json\/wp\/v2\/media\/12047"}],"wp:attachment":[{"href":"https:\/\/skaitytaknyga.lt\/en\/wp-json\/wp\/v2\/media?parent=12046"}],"wp:term":[{"taxonomy":"product_brand","embeddable":true,"href":"https:\/\/skaitytaknyga.lt\/en\/wp-json\/wp\/v2\/product_brand?post=12046"},{"taxonomy":"product_cat","embeddable":true,"href":"https:\/\/skaitytaknyga.lt\/en\/wp-json\/wp\/v2\/product_cat?post=12046"},{"taxonomy":"product_tag","embeddable":true,"href":"https:\/\/skaitytaknyga.lt\/en\/wp-json\/wp\/v2\/product_tag?post=12046"}],"curies":[{"name":"wp","href":"https:\/\/api.w.org\/{rel}","templated":true}]}}