{"id":12025,"date":"2024-06-10T20:50:00","date_gmt":"2024-06-10T20:50:00","guid":{"rendered":"https:\/\/skaitytaknyga.lt\/?post_type=product&#038;p=12025"},"modified":"2024-06-10T20:57:37","modified_gmt":"2024-06-10T20:57:37","slug":"irena-buivydaite-simtas-baltu-mersedesu","status":"publish","type":"product","link":"https:\/\/skaitytaknyga.lt\/en\/produktas\/irena-buivydaite-simtas-baltu-mersedesu\/","title":{"rendered":"Irena Buivydait\u0117 \u201e\u0160imtas balt\u0173 \u201eMersedes\u0173\u201c"},"content":{"rendered":"","protected":false},"excerpt":{"rendered":"<p>Kai ateina vakaras ir ima sl\u0117gti vienatv\u0117, kai apima sunkios mintys ar abejon\u0117s d\u0117l gyvenime padaryt\u0173 klaid\u0173 ir i\u0161irusios \u0161eimos, Jolanta pakelia telefono ragel\u012f ir surenka Romo numer\u012f. J\u0173 likimai labai pana\u0161\u016bs \u2013 jis taip pat vieni\u0161as, i\u0161siskyr\u0119s, nusivyl\u0119s meile ir \u0161eima. \u0160ie naktiniai pokalbiai abiem pasidaro labai reikalingi. Bet telefoninis romanas negali t\u0119stis be galo&#8230; O kuo \u010dia d\u0117ti \u201eMersedesai&#8221;?..<\/p>\n","protected":false},"featured_media":12027,"comment_status":"closed","ping_status":"closed","template":"","meta":{"_acf_changed":false,"site-sidebar-layout":"default","site-content-layout":"","ast-site-content-layout":"default","site-content-style":"default","site-sidebar-style":"default","ast-global-header-display":"","ast-banner-title-visibility":"","ast-main-header-display":"","ast-hfb-above-header-display":"","ast-hfb-below-header-display":"","ast-hfb-mobile-header-display":"","site-post-title":"","ast-breadcrumbs-content":"","ast-featured-img":"","footer-sml-layout":"","ast-disable-related-posts":"","theme-transparent-header-meta":"","adv-header-id-meta":"","stick-header-meta":"","header-above-stick-meta":"","header-main-stick-meta":"","header-below-stick-meta":"","astra-migrate-meta-layouts":"default","ast-page-background-enabled":"default","ast-page-background-meta":{"desktop":{"background-color":"","background-image":"","background-repeat":"repeat","background-position":"center center","background-size":"auto","background-attachment":"scroll","background-type":"","background-media":"","overlay-type":"","overlay-color":"","overlay-opacity":"","overlay-gradient":""},"tablet":{"background-color":"","background-image":"","background-repeat":"repeat","background-position":"center center","background-size":"auto","background-attachment":"scroll","background-type":"","background-media":"","overlay-type":"","overlay-color":"","overlay-opacity":"","overlay-gradient":""},"mobile":{"background-color":"","background-image":"","background-repeat":"repeat","background-position":"center center","background-size":"auto","background-attachment":"scroll","background-type":"","background-media":"","overlay-type":"","overlay-color":"","overlay-opacity":"","overlay-gradient":""}},"ast-content-background-meta":{"desktop":{"background-color":"var(--ast-global-color-4)","background-image":"","background-repeat":"repeat","background-position":"center center","background-size":"auto","background-attachment":"scroll","background-type":"","background-media":"","overlay-type":"","overlay-color":"","overlay-opacity":"","overlay-gradient":""},"tablet":{"background-color":"var(--ast-global-color-4)","background-image":"","background-repeat":"repeat","background-position":"center center","background-size":"auto","background-attachment":"scroll","background-type":"","background-media":"","overlay-type":"","overlay-color":"","overlay-opacity":"","overlay-gradient":""},"mobile":{"background-color":"var(--ast-global-color-4)","background-image":"","background-repeat":"repeat","background-position":"center center","background-size":"auto","background-attachment":"scroll","background-type":"","background-media":"","overlay-type":"","overlay-color":"","overlay-opacity":"","overlay-gradient":""}}},"product_brand":[],"product_cat":[31],"product_tag":[],"class_list":{"0":"post-12025","1":"product","2":"type-product","3":"status-publish","4":"has-post-thumbnail","6":"product_cat-grozine-literatura","7":"desktop-align-left","8":"tablet-align-left","9":"mobile-align-left","11":"first","12":"instock","13":"shipping-taxable","14":"purchasable","15":"product-type-simple"},"acf":[],"yoast_head":"<!-- This site is optimized with the Yoast SEO plugin v27.0 - https:\/\/yoast.com\/product\/yoast-seo-wordpress\/ -->\n<title>Irena Buivydait\u0117 \u201e\u0160imtas balt\u0173 \u201eMersedes\u0173\u201c - Skaitytaknyga<\/title>\n<meta name=\"description\" content=\"Kai ateina vakaras ir ima sl\u0117gti vienatv\u0117, kai apima sunkios mintys ar abejon\u0117s d\u0117l gyvenime padaryt\u0173 klaid\u0173 ir i\u0161irusios \u0161eimos, Jolanta pakelia telefono ragel\u012f ir surenka Romo numer\u012f. J\u0173 likimai labai pana\u0161\u016bs \u2013 jis taip pat vieni\u0161as, i\u0161siskyr\u0119s, nusivyl\u0119s meile ir \u0161eima. \u0160ie naktiniai pokalbiai abiem pasidaro labai reikalingi. Bet telefoninis romanas negali t\u0119stis be galo... O kuo \u010dia d\u0117ti \u201eMersedesai&quot;?..\" \/>\n<meta name=\"robots\" content=\"index, follow, max-snippet:-1, max-image-preview:large, max-video-preview:-1\" \/>\n<link rel=\"canonical\" href=\"https:\/\/skaitytaknyga.lt\/en\/produktas\/irena-buivydaite-simtas-baltu-mersedesu\/\" \/>\n<meta property=\"og:locale\" content=\"en_GB\" \/>\n<meta property=\"og:locale:alternate\" content=\"lt_LT\" \/>\n<meta property=\"og:type\" content=\"article\" \/>\n<meta property=\"og:title\" content=\"Irena Buivydait\u0117 \u201e\u0160imtas balt\u0173 \u201eMersedes\u0173\u201c - Skaitytaknyga\" \/>\n<meta property=\"og:description\" content=\"Kai ateina vakaras ir ima sl\u0117gti vienatv\u0117, kai apima sunkios mintys ar abejon\u0117s d\u0117l gyvenime padaryt\u0173 klaid\u0173 ir i\u0161irusios \u0161eimos, Jolanta pakelia telefono ragel\u012f ir surenka Romo numer\u012f. J\u0173 likimai labai pana\u0161\u016bs \u2013 jis taip pat vieni\u0161as, i\u0161siskyr\u0119s, nusivyl\u0119s meile ir \u0161eima. \u0160ie naktiniai pokalbiai abiem pasidaro labai reikalingi. Bet telefoninis romanas negali t\u0119stis be galo... O kuo \u010dia d\u0117ti \u201eMersedesai&quot;?..\" \/>\n<meta property=\"og:url\" content=\"https:\/\/skaitytaknyga.lt\/en\/produktas\/irena-buivydaite-simtas-baltu-mersedesu\/\" \/>\n<meta property=\"og:site_name\" content=\"Skaitytaknyga\" \/>\n<meta property=\"article:publisher\" content=\"https:\/\/www.facebook.com\/skaitytaknyga\/\" \/>\n<meta property=\"article:modified_time\" content=\"2024-06-10T20:57:37+00:00\" \/>\n<meta property=\"og:image\" content=\"https:\/\/skaitytaknyga.lt\/wp-content\/uploads\/2024\/06\/Be-pavadinimo-1.png\" \/>\n\t<meta property=\"og:image:width\" content=\"309\" \/>\n\t<meta property=\"og:image:height\" content=\"474\" \/>\n\t<meta property=\"og:image:type\" content=\"image\/png\" \/>\n<meta name=\"twitter:card\" content=\"summary_large_image\" \/>\n<script type=\"application\/ld+json\" class=\"yoast-schema-graph\">{\"@context\":\"https:\/\/schema.org\",\"@graph\":[{\"@type\":\"WebPage\",\"@id\":\"https:\/\/skaitytaknyga.lt\/produktas\/irena-buivydaite-simtas-baltu-mersedesu\/\",\"url\":\"https:\/\/skaitytaknyga.lt\/produktas\/irena-buivydaite-simtas-baltu-mersedesu\/\",\"name\":\"Irena Buivydait\u0117 \u201e\u0160imtas balt\u0173 \u201eMersedes\u0173\u201c - Skaitytaknyga\",\"isPartOf\":{\"@id\":\"https:\/\/skaitytaknyga.lt\/#website\"},\"primaryImageOfPage\":{\"@id\":\"https:\/\/skaitytaknyga.lt\/produktas\/irena-buivydaite-simtas-baltu-mersedesu\/#primaryimage\"},\"image\":{\"@id\":\"https:\/\/skaitytaknyga.lt\/produktas\/irena-buivydaite-simtas-baltu-mersedesu\/#primaryimage\"},\"thumbnailUrl\":\"https:\/\/skaitytaknyga.lt\/wp-content\/uploads\/2024\/06\/Be-pavadinimo-1.png\",\"datePublished\":\"2024-06-10T20:50:00+00:00\",\"dateModified\":\"2024-06-10T20:57:37+00:00\",\"description\":\"Kai ateina vakaras ir ima sl\u0117gti vienatv\u0117, kai apima sunkios mintys ar abejon\u0117s d\u0117l gyvenime padaryt\u0173 klaid\u0173 ir i\u0161irusios \u0161eimos, Jolanta pakelia telefono ragel\u012f ir surenka Romo numer\u012f. J\u0173 likimai labai pana\u0161\u016bs \u2013 jis taip pat vieni\u0161as, i\u0161siskyr\u0119s, nusivyl\u0119s meile ir \u0161eima. \u0160ie naktiniai pokalbiai abiem pasidaro labai reikalingi. Bet telefoninis romanas negali t\u0119stis be galo... O kuo \u010dia d\u0117ti \u201eMersedesai\\\"?..\",\"breadcrumb\":{\"@id\":\"https:\/\/skaitytaknyga.lt\/produktas\/irena-buivydaite-simtas-baltu-mersedesu\/#breadcrumb\"},\"inLanguage\":\"en-GB\",\"potentialAction\":[{\"@type\":\"ReadAction\",\"target\":[\"https:\/\/skaitytaknyga.lt\/produktas\/irena-buivydaite-simtas-baltu-mersedesu\/\"]}]},{\"@type\":\"ImageObject\",\"inLanguage\":\"en-GB\",\"@id\":\"https:\/\/skaitytaknyga.lt\/produktas\/irena-buivydaite-simtas-baltu-mersedesu\/#primaryimage\",\"url\":\"https:\/\/skaitytaknyga.lt\/wp-content\/uploads\/2024\/06\/Be-pavadinimo-1.png\",\"contentUrl\":\"https:\/\/skaitytaknyga.lt\/wp-content\/uploads\/2024\/06\/Be-pavadinimo-1.png\",\"width\":309,\"height\":474},{\"@type\":\"BreadcrumbList\",\"@id\":\"https:\/\/skaitytaknyga.lt\/produktas\/irena-buivydaite-simtas-baltu-mersedesu\/#breadcrumb\",\"itemListElement\":[{\"@type\":\"ListItem\",\"position\":1,\"name\":\"Home\",\"item\":\"https:\/\/skaitytaknyga.lt\/\"},{\"@type\":\"ListItem\",\"position\":2,\"name\":\"Parduotuv\u0117\",\"item\":\"https:\/\/skaitytaknyga.lt\/knygu-parduotuve\/\"},{\"@type\":\"ListItem\",\"position\":3,\"name\":\"Irena Buivydait\u0117 \u201e\u0160imtas balt\u0173 \u201eMersedes\u0173\u201c\"}]},{\"@type\":\"WebSite\",\"@id\":\"https:\/\/skaitytaknyga.lt\/#website\",\"url\":\"https:\/\/skaitytaknyga.lt\/\",\"name\":\"skaitytaknyga.lt\",\"description\":\"Skaitytaknyga.lt \u2013 tai ma\u017eas \u0161eimos verslas, kuris prasid\u0117jo nuo meil\u0117s knygoms ir siekio i\u0161gelb\u0117ti knygas nuo likimo prie konteinerio. Kas vienam nereikalingas daiktas \u2013 kitam lobis, o mes esame tarpininkai, kurie padeda abiems tapti laimingesniems ???? \u017dinome kaip nelengva i\u0161gyventi ma\u017eiems verslams, tad nuo \u0161iol, \u010dia rasite ir kit\u0173, ma\u017e\u0173 \u0161eim\u0173 versl\u0173, rank\u0173 darbo, dovan\u0173 sau ir artimiesiems.\",\"publisher\":{\"@id\":\"https:\/\/skaitytaknyga.lt\/#organization\"},\"potentialAction\":[{\"@type\":\"SearchAction\",\"target\":{\"@type\":\"EntryPoint\",\"urlTemplate\":\"https:\/\/skaitytaknyga.lt\/?s={search_term_string}\"},\"query-input\":{\"@type\":\"PropertyValueSpecification\",\"valueRequired\":true,\"valueName\":\"search_term_string\"}}],\"inLanguage\":\"en-GB\"},{\"@type\":\"Organization\",\"@id\":\"https:\/\/skaitytaknyga.lt\/#organization\",\"name\":\"skaitytaknyga.lt\",\"url\":\"https:\/\/skaitytaknyga.lt\/\",\"logo\":{\"@type\":\"ImageObject\",\"inLanguage\":\"en-GB\",\"@id\":\"https:\/\/skaitytaknyga.lt\/#\/schema\/logo\/image\/\",\"url\":\"https:\/\/skaitytaknyga.lt\/wp-content\/uploads\/2024\/05\/cropped-cropped-cropped-02_00843_jt3bggkj1j3HLc7SyY6rEUpg.jpeg\",\"contentUrl\":\"https:\/\/skaitytaknyga.lt\/wp-content\/uploads\/2024\/05\/cropped-cropped-cropped-02_00843_jt3bggkj1j3HLc7SyY6rEUpg.jpeg\",\"width\":1600,\"height\":1600,\"caption\":\"skaitytaknyga.lt\"},\"image\":{\"@id\":\"https:\/\/skaitytaknyga.lt\/#\/schema\/logo\/image\/\"},\"sameAs\":[\"https:\/\/www.facebook.com\/skaitytaknyga\/\"]}]}<\/script>\n<!-- \/ Yoast SEO plugin. -->","yoast_head_json":{"title":"Irena Buivydait\u0117 \u201e\u0160imtas balt\u0173 \u201eMersedes\u0173\u201c - Skaitytaknyga","description":"Kai ateina vakaras ir ima sl\u0117gti vienatv\u0117, kai apima sunkios mintys ar abejon\u0117s d\u0117l gyvenime padaryt\u0173 klaid\u0173 ir i\u0161irusios \u0161eimos, Jolanta pakelia telefono ragel\u012f ir surenka Romo numer\u012f. J\u0173 likimai labai pana\u0161\u016bs \u2013 jis taip pat vieni\u0161as, i\u0161siskyr\u0119s, nusivyl\u0119s meile ir \u0161eima. \u0160ie naktiniai pokalbiai abiem pasidaro labai reikalingi. Bet telefoninis romanas negali t\u0119stis be galo... O kuo \u010dia d\u0117ti \u201eMersedesai\"?..","robots":{"index":"index","follow":"follow","max-snippet":"max-snippet:-1","max-image-preview":"max-image-preview:large","max-video-preview":"max-video-preview:-1"},"canonical":"https:\/\/skaitytaknyga.lt\/en\/produktas\/irena-buivydaite-simtas-baltu-mersedesu\/","og_locale":"en_GB","og_type":"article","og_title":"Irena Buivydait\u0117 \u201e\u0160imtas balt\u0173 \u201eMersedes\u0173\u201c - Skaitytaknyga","og_description":"Kai ateina vakaras ir ima sl\u0117gti vienatv\u0117, kai apima sunkios mintys ar abejon\u0117s d\u0117l gyvenime padaryt\u0173 klaid\u0173 ir i\u0161irusios \u0161eimos, Jolanta pakelia telefono ragel\u012f ir surenka Romo numer\u012f. J\u0173 likimai labai pana\u0161\u016bs \u2013 jis taip pat vieni\u0161as, i\u0161siskyr\u0119s, nusivyl\u0119s meile ir \u0161eima. \u0160ie naktiniai pokalbiai abiem pasidaro labai reikalingi. Bet telefoninis romanas negali t\u0119stis be galo... O kuo \u010dia d\u0117ti \u201eMersedesai\"?..","og_url":"https:\/\/skaitytaknyga.lt\/en\/produktas\/irena-buivydaite-simtas-baltu-mersedesu\/","og_site_name":"Skaitytaknyga","article_publisher":"https:\/\/www.facebook.com\/skaitytaknyga\/","article_modified_time":"2024-06-10T20:57:37+00:00","og_image":[{"width":309,"height":474,"url":"https:\/\/skaitytaknyga.lt\/wp-content\/uploads\/2024\/06\/Be-pavadinimo-1.png","type":"image\/png"}],"twitter_card":"summary_large_image","schema":{"@context":"https:\/\/schema.org","@graph":[{"@type":"WebPage","@id":"https:\/\/skaitytaknyga.lt\/produktas\/irena-buivydaite-simtas-baltu-mersedesu\/","url":"https:\/\/skaitytaknyga.lt\/produktas\/irena-buivydaite-simtas-baltu-mersedesu\/","name":"Irena Buivydait\u0117 \u201e\u0160imtas balt\u0173 \u201eMersedes\u0173\u201c - Skaitytaknyga","isPartOf":{"@id":"https:\/\/skaitytaknyga.lt\/#website"},"primaryImageOfPage":{"@id":"https:\/\/skaitytaknyga.lt\/produktas\/irena-buivydaite-simtas-baltu-mersedesu\/#primaryimage"},"image":{"@id":"https:\/\/skaitytaknyga.lt\/produktas\/irena-buivydaite-simtas-baltu-mersedesu\/#primaryimage"},"thumbnailUrl":"https:\/\/skaitytaknyga.lt\/wp-content\/uploads\/2024\/06\/Be-pavadinimo-1.png","datePublished":"2024-06-10T20:50:00+00:00","dateModified":"2024-06-10T20:57:37+00:00","description":"Kai ateina vakaras ir ima sl\u0117gti vienatv\u0117, kai apima sunkios mintys ar abejon\u0117s d\u0117l gyvenime padaryt\u0173 klaid\u0173 ir i\u0161irusios \u0161eimos, Jolanta pakelia telefono ragel\u012f ir surenka Romo numer\u012f. J\u0173 likimai labai pana\u0161\u016bs \u2013 jis taip pat vieni\u0161as, i\u0161siskyr\u0119s, nusivyl\u0119s meile ir \u0161eima. \u0160ie naktiniai pokalbiai abiem pasidaro labai reikalingi. Bet telefoninis romanas negali t\u0119stis be galo... O kuo \u010dia d\u0117ti \u201eMersedesai\"?..","breadcrumb":{"@id":"https:\/\/skaitytaknyga.lt\/produktas\/irena-buivydaite-simtas-baltu-mersedesu\/#breadcrumb"},"inLanguage":"en-GB","potentialAction":[{"@type":"ReadAction","target":["https:\/\/skaitytaknyga.lt\/produktas\/irena-buivydaite-simtas-baltu-mersedesu\/"]}]},{"@type":"ImageObject","inLanguage":"en-GB","@id":"https:\/\/skaitytaknyga.lt\/produktas\/irena-buivydaite-simtas-baltu-mersedesu\/#primaryimage","url":"https:\/\/skaitytaknyga.lt\/wp-content\/uploads\/2024\/06\/Be-pavadinimo-1.png","contentUrl":"https:\/\/skaitytaknyga.lt\/wp-content\/uploads\/2024\/06\/Be-pavadinimo-1.png","width":309,"height":474},{"@type":"BreadcrumbList","@id":"https:\/\/skaitytaknyga.lt\/produktas\/irena-buivydaite-simtas-baltu-mersedesu\/#breadcrumb","itemListElement":[{"@type":"ListItem","position":1,"name":"Home","item":"https:\/\/skaitytaknyga.lt\/"},{"@type":"ListItem","position":2,"name":"Parduotuv\u0117","item":"https:\/\/skaitytaknyga.lt\/knygu-parduotuve\/"},{"@type":"ListItem","position":3,"name":"Irena Buivydait\u0117 \u201e\u0160imtas balt\u0173 \u201eMersedes\u0173\u201c"}]},{"@type":"WebSite","@id":"https:\/\/skaitytaknyga.lt\/#website","url":"https:\/\/skaitytaknyga.lt\/","name":"skaitytaknyga.lt","description":"Skaitytaknyga.lt \u2013 tai ma\u017eas \u0161eimos verslas, kuris prasid\u0117jo nuo meil\u0117s knygoms ir siekio i\u0161gelb\u0117ti knygas nuo likimo prie konteinerio. Kas vienam nereikalingas daiktas \u2013 kitam lobis, o mes esame tarpininkai, kurie padeda abiems tapti laimingesniems ???? \u017dinome kaip nelengva i\u0161gyventi ma\u017eiems verslams, tad nuo \u0161iol, \u010dia rasite ir kit\u0173, ma\u017e\u0173 \u0161eim\u0173 versl\u0173, rank\u0173 darbo, dovan\u0173 sau ir artimiesiems.","publisher":{"@id":"https:\/\/skaitytaknyga.lt\/#organization"},"potentialAction":[{"@type":"SearchAction","target":{"@type":"EntryPoint","urlTemplate":"https:\/\/skaitytaknyga.lt\/?s={search_term_string}"},"query-input":{"@type":"PropertyValueSpecification","valueRequired":true,"valueName":"search_term_string"}}],"inLanguage":"en-GB"},{"@type":"Organization","@id":"https:\/\/skaitytaknyga.lt\/#organization","name":"skaitytaknyga.lt","url":"https:\/\/skaitytaknyga.lt\/","logo":{"@type":"ImageObject","inLanguage":"en-GB","@id":"https:\/\/skaitytaknyga.lt\/#\/schema\/logo\/image\/","url":"https:\/\/skaitytaknyga.lt\/wp-content\/uploads\/2024\/05\/cropped-cropped-cropped-02_00843_jt3bggkj1j3HLc7SyY6rEUpg.jpeg","contentUrl":"https:\/\/skaitytaknyga.lt\/wp-content\/uploads\/2024\/05\/cropped-cropped-cropped-02_00843_jt3bggkj1j3HLc7SyY6rEUpg.jpeg","width":1600,"height":1600,"caption":"skaitytaknyga.lt"},"image":{"@id":"https:\/\/skaitytaknyga.lt\/#\/schema\/logo\/image\/"},"sameAs":["https:\/\/www.facebook.com\/skaitytaknyga\/"]}]}},"_links":{"self":[{"href":"https:\/\/skaitytaknyga.lt\/en\/wp-json\/wp\/v2\/product\/12025","targetHints":{"allow":["GET"]}}],"collection":[{"href":"https:\/\/skaitytaknyga.lt\/en\/wp-json\/wp\/v2\/product"}],"about":[{"href":"https:\/\/skaitytaknyga.lt\/en\/wp-json\/wp\/v2\/types\/product"}],"replies":[{"embeddable":true,"href":"https:\/\/skaitytaknyga.lt\/en\/wp-json\/wp\/v2\/comments?post=12025"}],"wp:featuredmedia":[{"embeddable":true,"href":"https:\/\/skaitytaknyga.lt\/en\/wp-json\/wp\/v2\/media\/12027"}],"wp:attachment":[{"href":"https:\/\/skaitytaknyga.lt\/en\/wp-json\/wp\/v2\/media?parent=12025"}],"wp:term":[{"taxonomy":"product_brand","embeddable":true,"href":"https:\/\/skaitytaknyga.lt\/en\/wp-json\/wp\/v2\/product_brand?post=12025"},{"taxonomy":"product_cat","embeddable":true,"href":"https:\/\/skaitytaknyga.lt\/en\/wp-json\/wp\/v2\/product_cat?post=12025"},{"taxonomy":"product_tag","embeddable":true,"href":"https:\/\/skaitytaknyga.lt\/en\/wp-json\/wp\/v2\/product_tag?post=12025"}],"curies":[{"name":"wp","href":"https:\/\/api.w.org\/{rel}","templated":true}]}}